{"id":304721,"date":"2026-02-06T20:41:44","date_gmt":"2026-02-06T18:41:44","guid":{"rendered":"https:\/\/plyro.eu\/ru\/product\/headphones-sony-wh-1000xm5\/"},"modified":"2026-02-10T02:44:32","modified_gmt":"2026-02-10T00:44:32","slug":"headphones-sony-wh-1000xm5","status":"publish","type":"product","link":"https:\/\/plyro.eu\/ru\/product\/headphones-sony-wh-1000xm5\/","title":{"rendered":"Headphones Sony WH-1000XM5"},"content":{"rendered":"<ul>_x000D_n \t<\/p>\n<li>Uus integreeritud V1 protsessor avab meie QN1 HD m\u00fcrasummutusprotsessori kogu potentsiaali, et veelgi t\u00e4iustada meie (juba praegu) valdkonna juhtivat m\u00fcrasummutustehnoloogiat.<\/li>\n<p>_x000D_n \t<\/p>\n<li>T\u00e4ppisprojekteeritud erakordse k\u00f5rgresolutsioonilise helikvaliteedi saavutamiseks. Meie t\u00e4pne h\u00e4\u00e4le salvestamise tehnoloogia koos hiljuti v\u00e4lja t\u00f6\u00f6tatud tuulem\u00fcrasummutusega tagab ka selle, et nende m\u00fcrasummutusega k\u00f5rvaklappidega helistades kuulete ja teid kuuldakse selgelt.<\/li>\n<p>_x000D_n \t<\/p>\n<li>Nutikas, intuitiivne ja intelligentne. Adaptive Sound Control kohandab automaatselt heliseaded vastavalt teie keskkonnale ja tegevusele. Speak-to-chat katkestab automaatselt muusika, kui soovite vestlust pidada, ilma et peaksite k\u00f5rvaklappe eemaldama.<\/li>\n<p>_x000D_n \t<\/p>\n<li>T\u00e4nu mitme punkti \u00fchendusele saab Bluetooth-k\u00f5rvaklappe \u00fchendada korraga kahe seadmega. Funktsioon Fast Pair aitab otsida k\u00f5rvaklappe, kui neid ei leia. Swift pair toetab sidumist arvuti v\u00f5i tahvelarvutiga.<\/li>\n<p>_x000D_n \t<\/p>\n<li>Kuni 30-tunnise aku kestvusega (kui m\u00fcrasummutus on sisse l\u00fclitatud) on teil alati piisavalt energiat ka pikkadel reisidel. Nende Sony k\u00f5rvaklappidega on kaasas kokkupandav \u00fcmbris, mis muudab hoiustamise ja transpordi lihtsamaks.<\/li>\n<p>_x000D_n \t<\/p>\n<li>Bluetoothi spetsifikatsiooni versioon 5.2, efektiivne ulatus: 10 m.<\/li>\n<p>_x000D_n<\/ul>\n","protected":false},"excerpt":{"rendered":"<p>WH-1000XM5 k\u00f5rvaklapid pakuvad Sulle t\u00e4iuslikku vaikust taustam\u00fcrast t\u00e4nu maailma \u00fche parima m\u00fcrasummutustehnoloogia p\u00f5hjalikele uuendustele ning nutikatele v\u00f5imalustele heli isikup\u00e4rasemaks muuta. Sisseehitatud mikrofonide abil saad teha telefonik\u00f5nesid v\u00f5i kasutada h\u00e4\u00e4lk\u00e4sklusi.<\/p>\n","protected":false},"featured_media":304554,"comment_status":"open","ping_status":"closed","template":"","meta":{"_acf_changed":false,"inline_featured_image":false},"product_brand":[],"product_cat":[1406],"product_tag":[],"class_list":{"0":"post-304721","1":"product","2":"type-product","3":"status-publish","4":"has-post-thumbnail","6":"product_cat-headphones","7":"out-of-stock","9":"first","10":"outofstock","11":"taxable","12":"shipping-taxable","13":"purchasable","14":"product-type-simple"},"acf":[],"yoast_head":"<!-- This site is optimized with the Yoast SEO plugin v24.9 - https:\/\/yoast.com\/wordpress\/plugins\/seo\/ -->\n<title>Headphones Sony WH-1000XM5 - Plyro RU<\/title>\n<meta name=\"robots\" content=\"index, follow, max-snippet:-1, max-image-preview:large, max-video-preview:-1\" \/>\n<link rel=\"canonical\" href=\"https:\/\/plyro.eu\/ru\/product\/headphones-sony-wh-1000xm5\/\" \/>\n<meta property=\"og:locale\" content=\"ru_RU\" \/>\n<meta property=\"og:type\" content=\"article\" \/>\n<meta property=\"og:title\" content=\"Headphones Sony WH-1000XM5 - Plyro RU\" \/>\n<meta property=\"og:description\" content=\"WH-1000XM5 k\u00f5rvaklapid pakuvad Sulle t\u00e4iuslikku vaikust taustam\u00fcrast t\u00e4nu maailma \u00fche parima m\u00fcrasummutustehnoloogia p\u00f5hjalikele uuendustele ning nutikatele v\u00f5imalustele heli isikup\u00e4rasemaks muuta. Sisseehitatud mikrofonide abil saad teha telefonik\u00f5nesid v\u00f5i kasutada h\u00e4\u00e4lk\u00e4sklusi.\" \/>\n<meta property=\"og:url\" content=\"https:\/\/plyro.eu\/ru\/product\/headphones-sony-wh-1000xm5\/\" \/>\n<meta property=\"og:site_name\" content=\"Plyro RU\" \/>\n<meta property=\"article:publisher\" content=\"https:\/\/www.facebook.com\/gamedogEE\/\" \/>\n<meta property=\"article:modified_time\" content=\"2026-02-10T00:44:32+00:00\" \/>\n<meta property=\"og:image\" content=\"https:\/\/plyro.eu\/ru\/wp-content\/uploads\/2026\/02\/Headphones-Sony-WH-1000XM5-1.jpg\" \/>\n\t<meta property=\"og:image:width\" content=\"504\" \/>\n\t<meta property=\"og:image:height\" content=\"773\" \/>\n\t<meta property=\"og:image:type\" content=\"image\/jpeg\" \/>\n<meta name=\"twitter:card\" content=\"summary_large_image\" \/>\n<meta name=\"twitter:label1\" content=\"\u041f\u0440\u0438\u043c\u0435\u0440\u043d\u043e\u0435 \u0432\u0440\u0435\u043c\u044f \u0434\u043b\u044f \u0447\u0442\u0435\u043d\u0438\u044f\" \/>\n\t<meta name=\"twitter:data1\" content=\"1 \u043c\u0438\u043d\u0443\u0442\u0430\" \/>\n<script type=\"application\/ld+json\" class=\"yoast-schema-graph\">{\"@context\":\"https:\/\/schema.org\",\"@graph\":[{\"@type\":\"WebPage\",\"@id\":\"https:\/\/plyro.eu\/ru\/product\/headphones-sony-wh-1000xm5\/\",\"url\":\"https:\/\/plyro.eu\/ru\/product\/headphones-sony-wh-1000xm5\/\",\"name\":\"Headphones Sony WH-1000XM5 - Plyro RU\",\"isPartOf\":{\"@id\":\"https:\/\/plyro.eu\/ru\/#website\"},\"primaryImageOfPage\":{\"@id\":\"https:\/\/plyro.eu\/ru\/product\/headphones-sony-wh-1000xm5\/#primaryimage\"},\"image\":{\"@id\":\"https:\/\/plyro.eu\/ru\/product\/headphones-sony-wh-1000xm5\/#primaryimage\"},\"thumbnailUrl\":\"https:\/\/plyro.eu\/ru\/wp-content\/uploads\/2026\/02\/Headphones-Sony-WH-1000XM5-1.jpg\",\"datePublished\":\"2026-02-06T18:41:44+00:00\",\"dateModified\":\"2026-02-10T00:44:32+00:00\",\"breadcrumb\":{\"@id\":\"https:\/\/plyro.eu\/ru\/product\/headphones-sony-wh-1000xm5\/#breadcrumb\"},\"inLanguage\":\"ru-RU\",\"potentialAction\":[{\"@type\":\"ReadAction\",\"target\":[\"https:\/\/plyro.eu\/ru\/product\/headphones-sony-wh-1000xm5\/\"]}]},{\"@type\":\"ImageObject\",\"inLanguage\":\"ru-RU\",\"@id\":\"https:\/\/plyro.eu\/ru\/product\/headphones-sony-wh-1000xm5\/#primaryimage\",\"url\":\"https:\/\/plyro.eu\/ru\/wp-content\/uploads\/2026\/02\/Headphones-Sony-WH-1000XM5-1.jpg\",\"contentUrl\":\"https:\/\/plyro.eu\/ru\/wp-content\/uploads\/2026\/02\/Headphones-Sony-WH-1000XM5-1.jpg\",\"width\":504,\"height\":773,\"caption\":\"Headphones-Sony-WH-1000XM5-1\"},{\"@type\":\"BreadcrumbList\",\"@id\":\"https:\/\/plyro.eu\/ru\/product\/headphones-sony-wh-1000xm5\/#breadcrumb\",\"itemListElement\":[{\"@type\":\"ListItem\",\"position\":1,\"name\":\"Home\",\"item\":\"https:\/\/plyro.eu\/ru\/\"},{\"@type\":\"ListItem\",\"position\":2,\"name\":\"\u041a\u0430\u0442\u0430\u043b\u043e\u0433\",\"item\":\"https:\/\/plyro.eu\/ru\/shop-2\/\"},{\"@type\":\"ListItem\",\"position\":3,\"name\":\"Headphones Sony WH-1000XM5\"}]},{\"@type\":\"WebSite\",\"@id\":\"https:\/\/plyro.eu\/ru\/#website\",\"url\":\"https:\/\/plyro.eu\/ru\/\",\"name\":\"Plyro RU\",\"description\":\"\",\"publisher\":{\"@id\":\"https:\/\/plyro.eu\/ru\/#organization\"},\"potentialAction\":[{\"@type\":\"SearchAction\",\"target\":{\"@type\":\"EntryPoint\",\"urlTemplate\":\"https:\/\/plyro.eu\/ru\/?s={search_term_string}\"},\"query-input\":{\"@type\":\"PropertyValueSpecification\",\"valueRequired\":true,\"valueName\":\"search_term_string\"}}],\"inLanguage\":\"ru-RU\"},{\"@type\":\"Organization\",\"@id\":\"https:\/\/plyro.eu\/ru\/#organization\",\"name\":\"Plyro RU\",\"url\":\"https:\/\/plyro.eu\/ru\/\",\"logo\":{\"@type\":\"ImageObject\",\"inLanguage\":\"ru-RU\",\"@id\":\"https:\/\/plyro.eu\/ru\/#\/schema\/logo\/image\/\",\"url\":\"https:\/\/plyro.eu\/ru\/wp-content\/uploads\/2026\/02\/plyro_black_512_transparent-3.png\",\"contentUrl\":\"https:\/\/plyro.eu\/ru\/wp-content\/uploads\/2026\/02\/plyro_black_512_transparent-3.png\",\"width\":512,\"height\":512,\"caption\":\"Plyro RU\"},\"image\":{\"@id\":\"https:\/\/plyro.eu\/ru\/#\/schema\/logo\/image\/\"},\"sameAs\":[\"https:\/\/www.facebook.com\/gamedogEE\/\"]}]}<\/script>\n<!-- \/ Yoast SEO plugin. -->","yoast_head_json":{"title":"Headphones Sony WH-1000XM5 - Plyro RU","robots":{"index":"index","follow":"follow","max-snippet":"max-snippet:-1","max-image-preview":"max-image-preview:large","max-video-preview":"max-video-preview:-1"},"canonical":"https:\/\/plyro.eu\/ru\/product\/headphones-sony-wh-1000xm5\/","og_locale":"ru_RU","og_type":"article","og_title":"Headphones Sony WH-1000XM5 - Plyro RU","og_description":"WH-1000XM5 k\u00f5rvaklapid pakuvad Sulle t\u00e4iuslikku vaikust taustam\u00fcrast t\u00e4nu maailma \u00fche parima m\u00fcrasummutustehnoloogia p\u00f5hjalikele uuendustele ning nutikatele v\u00f5imalustele heli isikup\u00e4rasemaks muuta. Sisseehitatud mikrofonide abil saad teha telefonik\u00f5nesid v\u00f5i kasutada h\u00e4\u00e4lk\u00e4sklusi.","og_url":"https:\/\/plyro.eu\/ru\/product\/headphones-sony-wh-1000xm5\/","og_site_name":"Plyro RU","article_publisher":"https:\/\/www.facebook.com\/gamedogEE\/","article_modified_time":"2026-02-10T00:44:32+00:00","og_image":[{"width":504,"height":773,"url":"https:\/\/plyro.eu\/ru\/wp-content\/uploads\/2026\/02\/Headphones-Sony-WH-1000XM5-1.jpg","type":"image\/jpeg"}],"twitter_card":"summary_large_image","twitter_misc":{"\u041f\u0440\u0438\u043c\u0435\u0440\u043d\u043e\u0435 \u0432\u0440\u0435\u043c\u044f \u0434\u043b\u044f \u0447\u0442\u0435\u043d\u0438\u044f":"1 \u043c\u0438\u043d\u0443\u0442\u0430"},"schema":{"@context":"https:\/\/schema.org","@graph":[{"@type":"WebPage","@id":"https:\/\/plyro.eu\/ru\/product\/headphones-sony-wh-1000xm5\/","url":"https:\/\/plyro.eu\/ru\/product\/headphones-sony-wh-1000xm5\/","name":"Headphones Sony WH-1000XM5 - Plyro RU","isPartOf":{"@id":"https:\/\/plyro.eu\/ru\/#website"},"primaryImageOfPage":{"@id":"https:\/\/plyro.eu\/ru\/product\/headphones-sony-wh-1000xm5\/#primaryimage"},"image":{"@id":"https:\/\/plyro.eu\/ru\/product\/headphones-sony-wh-1000xm5\/#primaryimage"},"thumbnailUrl":"https:\/\/plyro.eu\/ru\/wp-content\/uploads\/2026\/02\/Headphones-Sony-WH-1000XM5-1.jpg","datePublished":"2026-02-06T18:41:44+00:00","dateModified":"2026-02-10T00:44:32+00:00","breadcrumb":{"@id":"https:\/\/plyro.eu\/ru\/product\/headphones-sony-wh-1000xm5\/#breadcrumb"},"inLanguage":"ru-RU","potentialAction":[{"@type":"ReadAction","target":["https:\/\/plyro.eu\/ru\/product\/headphones-sony-wh-1000xm5\/"]}]},{"@type":"ImageObject","inLanguage":"ru-RU","@id":"https:\/\/plyro.eu\/ru\/product\/headphones-sony-wh-1000xm5\/#primaryimage","url":"https:\/\/plyro.eu\/ru\/wp-content\/uploads\/2026\/02\/Headphones-Sony-WH-1000XM5-1.jpg","contentUrl":"https:\/\/plyro.eu\/ru\/wp-content\/uploads\/2026\/02\/Headphones-Sony-WH-1000XM5-1.jpg","width":504,"height":773,"caption":"Headphones-Sony-WH-1000XM5-1"},{"@type":"BreadcrumbList","@id":"https:\/\/plyro.eu\/ru\/product\/headphones-sony-wh-1000xm5\/#breadcrumb","itemListElement":[{"@type":"ListItem","position":1,"name":"Home","item":"https:\/\/plyro.eu\/ru\/"},{"@type":"ListItem","position":2,"name":"\u041a\u0430\u0442\u0430\u043b\u043e\u0433","item":"https:\/\/plyro.eu\/ru\/shop-2\/"},{"@type":"ListItem","position":3,"name":"Headphones Sony WH-1000XM5"}]},{"@type":"WebSite","@id":"https:\/\/plyro.eu\/ru\/#website","url":"https:\/\/plyro.eu\/ru\/","name":"Plyro RU","description":"","publisher":{"@id":"https:\/\/plyro.eu\/ru\/#organization"},"potentialAction":[{"@type":"SearchAction","target":{"@type":"EntryPoint","urlTemplate":"https:\/\/plyro.eu\/ru\/?s={search_term_string}"},"query-input":{"@type":"PropertyValueSpecification","valueRequired":true,"valueName":"search_term_string"}}],"inLanguage":"ru-RU"},{"@type":"Organization","@id":"https:\/\/plyro.eu\/ru\/#organization","name":"Plyro RU","url":"https:\/\/plyro.eu\/ru\/","logo":{"@type":"ImageObject","inLanguage":"ru-RU","@id":"https:\/\/plyro.eu\/ru\/#\/schema\/logo\/image\/","url":"https:\/\/plyro.eu\/ru\/wp-content\/uploads\/2026\/02\/plyro_black_512_transparent-3.png","contentUrl":"https:\/\/plyro.eu\/ru\/wp-content\/uploads\/2026\/02\/plyro_black_512_transparent-3.png","width":512,"height":512,"caption":"Plyro RU"},"image":{"@id":"https:\/\/plyro.eu\/ru\/#\/schema\/logo\/image\/"},"sameAs":["https:\/\/www.facebook.com\/gamedogEE\/"]}]}},"_links":{"self":[{"href":"https:\/\/plyro.eu\/ru\/wp-json\/wp\/v2\/product\/304721","targetHints":{"allow":["GET"]}}],"collection":[{"href":"https:\/\/plyro.eu\/ru\/wp-json\/wp\/v2\/product"}],"about":[{"href":"https:\/\/plyro.eu\/ru\/wp-json\/wp\/v2\/types\/product"}],"replies":[{"embeddable":true,"href":"https:\/\/plyro.eu\/ru\/wp-json\/wp\/v2\/comments?post=304721"}],"wp:featuredmedia":[{"embeddable":true,"href":"https:\/\/plyro.eu\/ru\/wp-json\/wp\/v2\/media\/304554"}],"wp:attachment":[{"href":"https:\/\/plyro.eu\/ru\/wp-json\/wp\/v2\/media?parent=304721"}],"wp:term":[{"taxonomy":"product_brand","embeddable":true,"href":"https:\/\/plyro.eu\/ru\/wp-json\/wp\/v2\/product_brand?post=304721"},{"taxonomy":"product_cat","embeddable":true,"href":"https:\/\/plyro.eu\/ru\/wp-json\/wp\/v2\/product_cat?post=304721"},{"taxonomy":"product_tag","embeddable":true,"href":"https:\/\/plyro.eu\/ru\/wp-json\/wp\/v2\/product_tag?post=304721"}],"curies":[{"name":"wp","href":"https:\/\/api.w.org\/{rel}","templated":true}]}}