{"id":65590,"date":"2025-02-16T14:55:16","date_gmt":"2025-02-16T12:55:16","guid":{"rendered":"https:\/\/plyro.eu\/?page_id=65590"},"modified":"2025-12-27T20:24:08","modified_gmt":"2025-12-27T18:24:08","slug":"contact-us","status":"publish","type":"page","link":"https:\/\/plyro.eu\/lv\/contact-us\/","title":{"rendered":"Contact Us"},"content":{"rendered":"\r\n<h1 class=\"wp-block-heading\">Sazinieties ar mums<\/h1>\r\n\r\n\r\n\r\n<h2 class=\"wp-block-heading\">Klientu apkalpo\u0161ana<\/h2>\r\n\r\n\r\n\r\n<p>M\u016bsu komanda vienm\u0113r ir gatava jums pal\u012bdz\u0113t ar visiem jaut\u0101jumiem par m\u016bsu produktiem un pakalpojumiem.<\/p>\r\n\r\n\r\n\r\n<p>\u23f0 Klientu apkalpo\u0161anas darba laiks: Katru dienu no plkst. 10:00 l\u012bdz 17:00<\/p>\r\n\r\n\r\n\r\n<p>\u2709\ufe0f E-pasts: <a href=\"mailto:info@plyro.eu\">info@plyro.eu<\/a><br \/>\ud83d\udcde T\u0101lrunis: <a href=\"tel:+37257872919\">+372 5787 2919<\/a><br \/>\ud83d\udcac Messenger: <a href=\"https:\/\/www.facebook.com\/gamedogEE\/\">GamedogEE<\/a><\/p>\r\n\r\n\r\n\r\n<h2 class=\"wp-block-heading\">\u00a0<\/h2>\r\n<h2 class=\"wp-block-heading\">Noliktavas atra\u0161an\u0101s vieta<\/h2>\r\n\r\n\r\n\r\n<div class=\"wp-block-columns are-vertically-aligned-center is-layout-flex wp-container-core-columns-is-layout-1 wp-block-columns-is-layout-flex\"><!-- LEFT COLUMN -->\r\n<div class=\"wp-block-column\" style=\"flex-basis: 50%;\">\r\n<p>M\u0113s atrodamies Tallin\u0101, \u00dclemiste:<\/p>\r\n<p><strong>\ud83d\udccd V\u00e4ike-Paala 2, 11415 Tallina, Igaunija<\/strong><\/p>\r\n<p><strong>\ud83c\udfe2 Birojs 309, 3. st\u0101vs<\/strong><\/p>\r\n\r\n<div style=\"height: 24px;\" aria-hidden=\"true\">\u00a0<\/div>\r\n\r\n<h3>K\u0101 \u0161eit nok\u013c\u016bt?<\/h3>\r\n<p>M\u016bs ir viegli sasniegt ar sabiedrisko transportu, automa\u0161\u012bnu vai k\u0101j\u0101m.<\/p>\r\n\r\n<div style=\"height: 20px;\" aria-hidden=\"true\">\u00a0<\/div>\r\n\r\n<h3>\ud83d\ude97 Autost\u0101vvieta<\/h3>\r\n<p>Autost\u0101vvieta atrodas Peterburi tee 47 (EP108).<br \/><strong>2 stundas bezmaksas st\u0101vvietas<\/strong> ar st\u0101vvietas skait\u012bt\u0101ju un fiks\u0113tu s\u0101kuma laiku.<br \/>Autost\u0101vvietas ir pieejamas pa V\u00e4ike-Paala ielu.<\/p>\r\n\r\n<div style=\"height: 20px;\" aria-hidden=\"true\">\u00a0<\/div>\r\n\r\n<h3>\ud83d\ude8d Sabiedriskais transports<\/h3>\r\n<p>Tuv\u0101k\u0101 pietura: <strong>\u201cV\u00e4ike Paala\u201d<\/strong><br \/>Tramvaji: 2, 4<br \/>Autobusi: 12, 54, 55<\/p>\r\n<\/div>\r\n<!-- RIGHT COLUMN -->\r\n<div class=\"wp-block-column\" style=\"flex-basis: 50%;\">\r\n<div style=\"position: relative; width: 100%; padding-bottom: 56.25%; height: 0; overflow: hidden; border-radius: 12px;\"><iframe style=\"position: absolute; top: 0; left: 0; width: 100%; height: 100%; border: 0;\" src=\"https:\/\/www.google.com\/maps\/embed?pb=!1m18!1m12!1m3!1d2383.4187428023065!2d24.803916931382332!3d59.427384909130055!2m3!1f0!2f0!3f0!3m2!1i1024!2i768!4f13.1!3m3!1m2!1s0x469293024f6b90d9%3A0x50d11a6c69352e59!2sGameDog%20O%C3%9C!5e1!3m2!1sen!2see!4v1739710315217!5m2!1sen!2see\" allowfullscreen=\"allowfullscreen\"><\/iframe><\/div>\r\n<\/div>\r\n<\/div>\r\n\r\n\r\n\r\n<h2 class=\"wp-block-heading\">\u00a0<\/h2>\r\n<h2 class=\"wp-block-heading\">Noliktavas apmekl\u0113jums<\/h2>\r\n\r\n\r\n\r\n<p><strong>Lai apmekl\u0113tu noliktavu un sa\u0146emtu personaliz\u0113tu apkalpo\u0161anu, l\u016bdzu, iepriek\u0161 norun\u0101jiet tik\u0161anos.<\/strong><\/p>\r\n\r\n\r\n\r\n<p>\ud83d\udcc5 Sazinieties ar mums pa e-pastu vai t\u0101lruni, lai vienotos par jums piem\u0113rotu laiku.<\/p>\r\n\r\n\r\n\r\n<div class=\"wp-block-group\"><div class=\"wp-block-group__inner-container\">\r\n<h2>\u00a0<\/h2>\r\n<h2 class=\"wp-block-heading is-layout-constrained wp-block-group-is-layout-constrained\">Sekojiet mums soci\u0101lajos t\u012bklos<\/h2>\r\n\r\n<div class=\"wp-block-columns are-vertically-aligned-center is-layout-flex wp-container-core-columns-is-layout-2 wp-block-columns-is-layout-flex\"><!-- LEFT COLUMN -->\r\n<div class=\"wp-block-column\" style=\"flex-basis: 50%;\">\r\n<h3>Esi savienots<\/h3>\r\n<p><strong>Nepalaidiet gar\u0101m jaun\u0101k\u0101s zi\u0146as, pied\u0101v\u0101jumus un ekskluz\u012bvus jaunumus. Pievienojies m\u016bsu kopienai un uzzini visu, kas notiek GameDog.<\/strong><\/p>\r\n<p><strong>Facebook:<\/strong> <a href=\"https:\/\/www.facebook.com\/gamedogEE\">@gamedogEE<\/a><br \/><strong>Instagram:<\/strong> <a href=\"https:\/\/www.instagram.com\/gamedogee\">@gamedogEE<\/a><\/p>\r\n<div style=\"display: flex; gap: 16px; align-items: center; margin: 16px 0;\"><a href=\"https:\/\/www.facebook.com\/gamedogEE\" target=\"_blank\" rel=\"noopener noreferrer\" aria-label=\"Facebook\"><img loading=\"lazy\" decoding=\"async\" style=\"display: block;\" src=\"https:\/\/upload.wikimedia.org\/wikipedia\/commons\/5\/51\/Facebook_f_logo_%282019%29.svg\" alt=\"Facebook\" width=\"36\" height=\"36\" \/><\/a> <a href=\"https:\/\/www.instagram.com\/gamedogee\" target=\"_blank\" rel=\"noopener noreferrer\" aria-label=\"Instagram\"><img loading=\"lazy\" decoding=\"async\" style=\"display: block;\" src=\"https:\/\/upload.wikimedia.org\/wikipedia\/commons\/a\/a5\/Instagram_icon.png\" alt=\"Instagram\" width=\"36\" height=\"36\" \/><\/a><\/div>\r\n<\/div>\r\n<!-- RIGHT COLUMN -->\r\n<div class=\"wp-block-column\" style=\"flex-basis: 50%;\">\r\n<div style=\"position: relative; width: 100%; padding-bottom: 125.25%; margin-left: 50px; height: 0; overflow: hidden; border-radius: 12px;\"><iframe style=\"position: absolute; top: 0; left: 0; width: 100% !important; height: 100%; border: 0;\" src=\"https:\/\/www.facebook.com\/plugins\/page.php?href=https%3A%2F%2Fwww.facebook.com%2FgamedogEE&amp;adapt_container_width=true&amp;tabs=timeline&amp;hide_cover=false&amp;show_facepile=true\" allowfullscreen=\"allowfullscreen\"><\/iframe><\/div>\r\n<\/div>\r\n<\/div>\r\n<\/div><\/div>\r\n\r\n<p>&nbsp;<\/p>","protected":false},"excerpt":{"rendered":"<p>Sazinieties ar mums Klientu apkalpo\u0161ana M\u016bsu komanda vienm\u0113r ir gatava jums pal\u012bdz\u0113t ar visiem jaut\u0101jumiem par m\u016bsu produktiem un pakalpojumiem. \u23f0 Klientu apkalpo\u0161anas darba laiks: Katru dienu no plkst. 10:00 l\u012bdz 17:00 \u2709\ufe0f E-pasts: info@plyro.eu\ud83d\udcde T\u0101lrunis: +372 5787 2919\ud83d\udcac Messenger: GamedogEE \u00a0 Noliktavas atra\u0161an\u0101s vieta \u00a0 Noliktavas apmekl\u0113jums Lai apmekl\u0113tu noliktavu un sa\u0146emtu personaliz\u0113tu apkalpo\u0161anu, [&hellip;]<\/p>\n","protected":false},"author":1,"featured_media":0,"parent":0,"menu_order":0,"comment_status":"closed","ping_status":"closed","template":"","meta":{"_acf_changed":false,"inline_featured_image":false,"footnotes":""},"class_list":["post-65590","page","type-page","status-publish","hentry"],"acf":[],"yoast_head":"<!-- This site is optimized with the Yoast SEO plugin v24.9 - https:\/\/yoast.com\/wordpress\/plugins\/seo\/ -->\n<title>Contact Us - Plyro LV<\/title>\n<meta name=\"robots\" content=\"index, follow, max-snippet:-1, max-image-preview:large, max-video-preview:-1\" \/>\n<link rel=\"canonical\" href=\"https:\/\/plyro.eu\/lv\/contact-us\/\" \/>\n<meta property=\"og:locale\" content=\"lv_LV\" \/>\n<meta property=\"og:type\" content=\"article\" \/>\n<meta property=\"og:title\" content=\"Contact Us - Plyro LV\" \/>\n<meta property=\"og:description\" content=\"Sazinieties ar mums Klientu apkalpo\u0161ana M\u016bsu komanda vienm\u0113r ir gatava jums pal\u012bdz\u0113t ar visiem jaut\u0101jumiem par m\u016bsu produktiem un pakalpojumiem. \u23f0 Klientu apkalpo\u0161anas darba laiks: Katru dienu no plkst. 10:00 l\u012bdz 17:00 \u2709\ufe0f E-pasts: info@plyro.eu\ud83d\udcde T\u0101lrunis: +372 5787 2919\ud83d\udcac Messenger: GamedogEE \u00a0 Noliktavas atra\u0161an\u0101s vieta \u00a0 Noliktavas apmekl\u0113jums Lai apmekl\u0113tu noliktavu un sa\u0146emtu personaliz\u0113tu apkalpo\u0161anu, [&hellip;]\" \/>\n<meta property=\"og:url\" content=\"https:\/\/plyro.eu\/lv\/contact-us\/\" \/>\n<meta property=\"og:site_name\" content=\"Plyro LV\" \/>\n<meta property=\"article:publisher\" content=\"https:\/\/www.facebook.com\/gamedogEE\/\" \/>\n<meta property=\"article:modified_time\" content=\"2025-12-27T18:24:08+00:00\" \/>\n<meta property=\"og:image\" content=\"https:\/\/upload.wikimedia.org\/wikipedia\/commons\/5\/51\/Facebook_f_logo_%282019%29.svg\" \/>\n<meta name=\"twitter:card\" content=\"summary_large_image\" \/>\n<meta name=\"twitter:label1\" content=\"Est. reading time\" \/>\n\t<meta name=\"twitter:data1\" content=\"2 min\u016btes\" \/>\n<script type=\"application\/ld+json\" class=\"yoast-schema-graph\">{\"@context\":\"https:\/\/schema.org\",\"@graph\":[{\"@type\":\"WebPage\",\"@id\":\"https:\/\/plyro.eu\/lv\/contact-us\/\",\"url\":\"https:\/\/plyro.eu\/lv\/contact-us\/\",\"name\":\"Contact Us - Plyro LV\",\"isPartOf\":{\"@id\":\"https:\/\/plyro.eu\/lv\/#website\"},\"primaryImageOfPage\":{\"@id\":\"https:\/\/plyro.eu\/lv\/contact-us\/#primaryimage\"},\"image\":{\"@id\":\"https:\/\/plyro.eu\/lv\/contact-us\/#primaryimage\"},\"thumbnailUrl\":\"https:\/\/upload.wikimedia.org\/wikipedia\/commons\/5\/51\/Facebook_f_logo_%282019%29.svg\",\"datePublished\":\"2025-02-16T12:55:16+00:00\",\"dateModified\":\"2025-12-27T18:24:08+00:00\",\"breadcrumb\":{\"@id\":\"https:\/\/plyro.eu\/lv\/contact-us\/#breadcrumb\"},\"inLanguage\":\"lv-LV\",\"potentialAction\":[{\"@type\":\"ReadAction\",\"target\":[\"https:\/\/plyro.eu\/lv\/contact-us\/\"]}]},{\"@type\":\"ImageObject\",\"inLanguage\":\"lv-LV\",\"@id\":\"https:\/\/plyro.eu\/lv\/contact-us\/#primaryimage\",\"url\":\"https:\/\/upload.wikimedia.org\/wikipedia\/commons\/5\/51\/Facebook_f_logo_%282019%29.svg\",\"contentUrl\":\"https:\/\/upload.wikimedia.org\/wikipedia\/commons\/5\/51\/Facebook_f_logo_%282019%29.svg\"},{\"@type\":\"BreadcrumbList\",\"@id\":\"https:\/\/plyro.eu\/lv\/contact-us\/#breadcrumb\",\"itemListElement\":[{\"@type\":\"ListItem\",\"position\":1,\"name\":\"Home\",\"item\":\"https:\/\/plyro.eu\/lv\/\"},{\"@type\":\"ListItem\",\"position\":2,\"name\":\"Contact Us\"}]},{\"@type\":\"WebSite\",\"@id\":\"https:\/\/plyro.eu\/lv\/#website\",\"url\":\"https:\/\/plyro.eu\/lv\/\",\"name\":\"Plyro LV\",\"description\":\"\",\"publisher\":{\"@id\":\"https:\/\/plyro.eu\/lv\/#organization\"},\"potentialAction\":[{\"@type\":\"SearchAction\",\"target\":{\"@type\":\"EntryPoint\",\"urlTemplate\":\"https:\/\/plyro.eu\/lv\/?s={search_term_string}\"},\"query-input\":{\"@type\":\"PropertyValueSpecification\",\"valueRequired\":true,\"valueName\":\"search_term_string\"}}],\"inLanguage\":\"lv-LV\"},{\"@type\":\"Organization\",\"@id\":\"https:\/\/plyro.eu\/lv\/#organization\",\"name\":\"Plyro LV\",\"url\":\"https:\/\/plyro.eu\/lv\/\",\"logo\":{\"@type\":\"ImageObject\",\"inLanguage\":\"lv-LV\",\"@id\":\"https:\/\/plyro.eu\/lv\/#\/schema\/logo\/image\/\",\"url\":\"https:\/\/plyro.eu\/lv\/wp-content\/uploads\/2026\/02\/plyro_black_512_transparent-2.png\",\"contentUrl\":\"https:\/\/plyro.eu\/lv\/wp-content\/uploads\/2026\/02\/plyro_black_512_transparent-2.png\",\"width\":512,\"height\":512,\"caption\":\"Plyro LV\"},\"image\":{\"@id\":\"https:\/\/plyro.eu\/lv\/#\/schema\/logo\/image\/\"},\"sameAs\":[\"https:\/\/www.facebook.com\/gamedogEE\/\"]}]}<\/script>\n<!-- \/ Yoast SEO plugin. -->","yoast_head_json":{"title":"Contact Us - Plyro LV","robots":{"index":"index","follow":"follow","max-snippet":"max-snippet:-1","max-image-preview":"max-image-preview:large","max-video-preview":"max-video-preview:-1"},"canonical":"https:\/\/plyro.eu\/lv\/contact-us\/","og_locale":"lv_LV","og_type":"article","og_title":"Contact Us - Plyro LV","og_description":"Sazinieties ar mums Klientu apkalpo\u0161ana M\u016bsu komanda vienm\u0113r ir gatava jums pal\u012bdz\u0113t ar visiem jaut\u0101jumiem par m\u016bsu produktiem un pakalpojumiem. \u23f0 Klientu apkalpo\u0161anas darba laiks: Katru dienu no plkst. 10:00 l\u012bdz 17:00 \u2709\ufe0f E-pasts: info@plyro.eu\ud83d\udcde T\u0101lrunis: +372 5787 2919\ud83d\udcac Messenger: GamedogEE \u00a0 Noliktavas atra\u0161an\u0101s vieta \u00a0 Noliktavas apmekl\u0113jums Lai apmekl\u0113tu noliktavu un sa\u0146emtu personaliz\u0113tu apkalpo\u0161anu, [&hellip;]","og_url":"https:\/\/plyro.eu\/lv\/contact-us\/","og_site_name":"Plyro LV","article_publisher":"https:\/\/www.facebook.com\/gamedogEE\/","article_modified_time":"2025-12-27T18:24:08+00:00","og_image":[{"url":"https:\/\/upload.wikimedia.org\/wikipedia\/commons\/5\/51\/Facebook_f_logo_%282019%29.svg","type":"","width":"","height":""}],"twitter_card":"summary_large_image","twitter_misc":{"Est. reading time":"2 min\u016btes"},"schema":{"@context":"https:\/\/schema.org","@graph":[{"@type":"WebPage","@id":"https:\/\/plyro.eu\/lv\/contact-us\/","url":"https:\/\/plyro.eu\/lv\/contact-us\/","name":"Contact Us - Plyro LV","isPartOf":{"@id":"https:\/\/plyro.eu\/lv\/#website"},"primaryImageOfPage":{"@id":"https:\/\/plyro.eu\/lv\/contact-us\/#primaryimage"},"image":{"@id":"https:\/\/plyro.eu\/lv\/contact-us\/#primaryimage"},"thumbnailUrl":"https:\/\/upload.wikimedia.org\/wikipedia\/commons\/5\/51\/Facebook_f_logo_%282019%29.svg","datePublished":"2025-02-16T12:55:16+00:00","dateModified":"2025-12-27T18:24:08+00:00","breadcrumb":{"@id":"https:\/\/plyro.eu\/lv\/contact-us\/#breadcrumb"},"inLanguage":"lv-LV","potentialAction":[{"@type":"ReadAction","target":["https:\/\/plyro.eu\/lv\/contact-us\/"]}]},{"@type":"ImageObject","inLanguage":"lv-LV","@id":"https:\/\/plyro.eu\/lv\/contact-us\/#primaryimage","url":"https:\/\/upload.wikimedia.org\/wikipedia\/commons\/5\/51\/Facebook_f_logo_%282019%29.svg","contentUrl":"https:\/\/upload.wikimedia.org\/wikipedia\/commons\/5\/51\/Facebook_f_logo_%282019%29.svg"},{"@type":"BreadcrumbList","@id":"https:\/\/plyro.eu\/lv\/contact-us\/#breadcrumb","itemListElement":[{"@type":"ListItem","position":1,"name":"Home","item":"https:\/\/plyro.eu\/lv\/"},{"@type":"ListItem","position":2,"name":"Contact Us"}]},{"@type":"WebSite","@id":"https:\/\/plyro.eu\/lv\/#website","url":"https:\/\/plyro.eu\/lv\/","name":"Plyro LV","description":"","publisher":{"@id":"https:\/\/plyro.eu\/lv\/#organization"},"potentialAction":[{"@type":"SearchAction","target":{"@type":"EntryPoint","urlTemplate":"https:\/\/plyro.eu\/lv\/?s={search_term_string}"},"query-input":{"@type":"PropertyValueSpecification","valueRequired":true,"valueName":"search_term_string"}}],"inLanguage":"lv-LV"},{"@type":"Organization","@id":"https:\/\/plyro.eu\/lv\/#organization","name":"Plyro LV","url":"https:\/\/plyro.eu\/lv\/","logo":{"@type":"ImageObject","inLanguage":"lv-LV","@id":"https:\/\/plyro.eu\/lv\/#\/schema\/logo\/image\/","url":"https:\/\/plyro.eu\/lv\/wp-content\/uploads\/2026\/02\/plyro_black_512_transparent-2.png","contentUrl":"https:\/\/plyro.eu\/lv\/wp-content\/uploads\/2026\/02\/plyro_black_512_transparent-2.png","width":512,"height":512,"caption":"Plyro LV"},"image":{"@id":"https:\/\/plyro.eu\/lv\/#\/schema\/logo\/image\/"},"sameAs":["https:\/\/www.facebook.com\/gamedogEE\/"]}]}},"_links":{"self":[{"href":"https:\/\/plyro.eu\/lv\/wp-json\/wp\/v2\/pages\/65590","targetHints":{"allow":["GET"]}}],"collection":[{"href":"https:\/\/plyro.eu\/lv\/wp-json\/wp\/v2\/pages"}],"about":[{"href":"https:\/\/plyro.eu\/lv\/wp-json\/wp\/v2\/types\/page"}],"author":[{"embeddable":true,"href":"https:\/\/plyro.eu\/lv\/wp-json\/wp\/v2\/users\/1"}],"replies":[{"embeddable":true,"href":"https:\/\/plyro.eu\/lv\/wp-json\/wp\/v2\/comments?post=65590"}],"version-history":[{"count":0,"href":"https:\/\/plyro.eu\/lv\/wp-json\/wp\/v2\/pages\/65590\/revisions"}],"wp:attachment":[{"href":"https:\/\/plyro.eu\/lv\/wp-json\/wp\/v2\/media?parent=65590"}],"curies":[{"name":"wp","href":"https:\/\/api.w.org\/{rel}","templated":true}]}}