{"id":65588,"date":"2025-02-16T14:50:18","date_gmt":"2025-02-16T12:50:18","guid":{"rendered":"https:\/\/plyro.eu\/?page_id=65588"},"modified":"2025-07-13T21:58:31","modified_gmt":"2025-07-13T19:58:31","slug":"about-us","status":"publish","type":"page","link":"https:\/\/plyro.eu\/lv\/about-us\/","title":{"rendered":"About us"},"content":{"rendered":"\r\n<h1 class=\"wp-block-heading\">Par mums<\/h1>\r\n\r\n\r\n\r\n<p>Laipni l\u016bdzam GameDog, j\u016bsu uzticamaj\u0101 fizisko sp\u0113\u013cu partner\u012b! Lai gan m\u0113s s\u0101k\u0101m darb\u012bbu 2021.\u00a0gada maij\u0101 k\u0101 digit\u0101l\u0101s aktiviz\u0101cijas atsl\u0113gu nodro\u0161in\u0101t\u0101js, m\u0113s ar prieku pazi\u0146ojam par savu ien\u0101k\u0161anu fizisko sp\u0113\u013cu tirg\u016b. Pa\u0161laik m\u016bsu platforma ir piln\u012bb\u0101 velt\u012bta pla\u0161am fizisko sp\u0113\u013cu, konso\u013cu un pre\u010du kl\u0101stam visiem sp\u0113\u013cu entuziastiem, un n\u0101kotn\u0113 pl\u0101nojam papla\u0161in\u0101ties l\u012bdz digit\u0101lajiem produktiem.<\/p>\r\n\r\n\r\n\r\n<p>Kop\u0161 m\u016bsu dibin\u0101\u0161anas pirms trim gadiem m\u0113s ar lepnumu esam p\u0101rdevu\u0161i vair\u0101k nek\u0101 <strong>50\u00a0000<\/strong> vien\u012bbu <a href=\"https:\/\/www.eneba.com\/vendor\/gamedog-ou\">digit\u0101laj\u0101 pasaul\u0113<\/a>, veidojot uztic\u012bbas un ticam\u012bbas pamatu m\u016bsu klientu vid\u016b. Tagad m\u0113s \u0161o pa\u0161u ap\u0146em\u0161anos nodro\u0161in\u0101t kvalit\u0101ti un klientu apmierin\u0101t\u012bbu ienesam ar\u012b fizisko sp\u0113\u013cu pasaul\u0113.<\/p>\r\n\r\n\r\n\r\n<p>GameDog m\u0113s cen\u0161amies nodro\u0161in\u0101t saviem klientiem vislab\u0101k\u0101s cenas tirg\u016b. M\u016bsu ap\u0146em\u0161an\u0101s nodro\u0161in\u0101t konkur\u0113tsp\u0113j\u012bgas cenas paliek nemain\u012bga, un m\u016bsu katalogs past\u0101v\u012bgi papla\u0161in\u0101s, iek\u013caujot jaun\u0101k\u0101s un lab\u0101k\u0101s fizisk\u0101s sp\u0113les. Neatkar\u012bgi no t\u0101, vai jums pat\u012bk darb\u012bba, piedz\u012bvojumi, strat\u0113\u0123ija vai simul\u0101cija, mums ir kaut kas ikvienam.<\/p>\r\n\r\n\r\n\r\n<p>Papildus m\u016bsu daudzveid\u012bgajam kl\u0101stam m\u0113s ar prieku pied\u0101v\u0101jam ekskluz\u012bvas vairumtirdzniec\u012bbas atlaides, ja minim\u0101lais pas\u016bt\u012bjums ir 10 eksempl\u0101ri. Tas \u013cauj uz\u0146\u0113mumiem, organiz\u0101cij\u0101m un sp\u0113\u013cu kopien\u0101m ietaup\u012bt v\u0113l vair\u0101k un papla\u0161in\u0101t savas sp\u0113\u013cu kolekcijas.<\/p>\r\n\r\n\r\n\r\n<p>Aicin\u0101m j\u016bs apmekl\u0113t m\u016bsu vietni un atkl\u0101t fizisko sp\u0113\u013cu aizraut\u012bbu. Paldies, ka izv\u0113l\u0113j\u0101ties GameDog, kur sp\u0113\u013cu cenas satiekas ar pieejam\u012bbu, un kvalit\u0101te ir m\u016bsu galven\u0101 priorit\u0101te.<\/p>\r\n","protected":false},"excerpt":{"rendered":"<p>Par mums Laipni l\u016bdzam GameDog, j\u016bsu uzticamaj\u0101 fizisko sp\u0113\u013cu partner\u012b! Lai gan m\u0113s s\u0101k\u0101m darb\u012bbu 2021.\u00a0gada maij\u0101 k\u0101 digit\u0101l\u0101s aktiviz\u0101cijas atsl\u0113gu nodro\u0161in\u0101t\u0101js, m\u0113s ar prieku pazi\u0146ojam par savu ien\u0101k\u0161anu fizisko sp\u0113\u013cu tirg\u016b. Pa\u0161laik m\u016bsu platforma ir piln\u012bb\u0101 velt\u012bta pla\u0161am fizisko sp\u0113\u013cu, konso\u013cu un pre\u010du kl\u0101stam visiem sp\u0113\u013cu entuziastiem, un n\u0101kotn\u0113 pl\u0101nojam papla\u0161in\u0101ties l\u012bdz digit\u0101lajiem produktiem. [&hellip;]<\/p>\n","protected":false},"author":1,"featured_media":0,"parent":0,"menu_order":0,"comment_status":"closed","ping_status":"closed","template":"","meta":{"_acf_changed":false,"inline_featured_image":false,"footnotes":""},"class_list":["post-65588","page","type-page","status-publish","hentry"],"acf":[],"yoast_head":"<!-- This site is optimized with the Yoast SEO plugin v24.9 - https:\/\/yoast.com\/wordpress\/plugins\/seo\/ -->\n<title>About us - Plyro LV<\/title>\n<meta name=\"robots\" content=\"index, follow, max-snippet:-1, max-image-preview:large, max-video-preview:-1\" \/>\n<link rel=\"canonical\" href=\"https:\/\/plyro.eu\/lv\/about-us\/\" \/>\n<meta property=\"og:locale\" content=\"lv_LV\" \/>\n<meta property=\"og:type\" content=\"article\" \/>\n<meta property=\"og:title\" content=\"About us - Plyro LV\" \/>\n<meta property=\"og:description\" content=\"Par mums Laipni l\u016bdzam GameDog, j\u016bsu uzticamaj\u0101 fizisko sp\u0113\u013cu partner\u012b! Lai gan m\u0113s s\u0101k\u0101m darb\u012bbu 2021.\u00a0gada maij\u0101 k\u0101 digit\u0101l\u0101s aktiviz\u0101cijas atsl\u0113gu nodro\u0161in\u0101t\u0101js, m\u0113s ar prieku pazi\u0146ojam par savu ien\u0101k\u0161anu fizisko sp\u0113\u013cu tirg\u016b. Pa\u0161laik m\u016bsu platforma ir piln\u012bb\u0101 velt\u012bta pla\u0161am fizisko sp\u0113\u013cu, konso\u013cu un pre\u010du kl\u0101stam visiem sp\u0113\u013cu entuziastiem, un n\u0101kotn\u0113 pl\u0101nojam papla\u0161in\u0101ties l\u012bdz digit\u0101lajiem produktiem. [&hellip;]\" \/>\n<meta property=\"og:url\" content=\"https:\/\/plyro.eu\/lv\/about-us\/\" \/>\n<meta property=\"og:site_name\" content=\"Plyro LV\" \/>\n<meta property=\"article:publisher\" content=\"https:\/\/www.facebook.com\/gamedogEE\/\" \/>\n<meta property=\"article:modified_time\" content=\"2025-07-13T19:58:31+00:00\" \/>\n<meta name=\"twitter:card\" content=\"summary_large_image\" \/>\n<meta name=\"twitter:label1\" content=\"Est. reading time\" \/>\n\t<meta name=\"twitter:data1\" content=\"2 min\u016btes\" \/>\n<script type=\"application\/ld+json\" class=\"yoast-schema-graph\">{\"@context\":\"https:\/\/schema.org\",\"@graph\":[{\"@type\":\"WebPage\",\"@id\":\"https:\/\/plyro.eu\/lv\/about-us\/\",\"url\":\"https:\/\/plyro.eu\/lv\/about-us\/\",\"name\":\"About us - Plyro LV\",\"isPartOf\":{\"@id\":\"https:\/\/plyro.eu\/lv\/#website\"},\"datePublished\":\"2025-02-16T12:50:18+00:00\",\"dateModified\":\"2025-07-13T19:58:31+00:00\",\"breadcrumb\":{\"@id\":\"https:\/\/plyro.eu\/lv\/about-us\/#breadcrumb\"},\"inLanguage\":\"lv-LV\",\"potentialAction\":[{\"@type\":\"ReadAction\",\"target\":[\"https:\/\/plyro.eu\/lv\/about-us\/\"]}]},{\"@type\":\"BreadcrumbList\",\"@id\":\"https:\/\/plyro.eu\/lv\/about-us\/#breadcrumb\",\"itemListElement\":[{\"@type\":\"ListItem\",\"position\":1,\"name\":\"Home\",\"item\":\"https:\/\/plyro.eu\/lv\/\"},{\"@type\":\"ListItem\",\"position\":2,\"name\":\"About us\"}]},{\"@type\":\"WebSite\",\"@id\":\"https:\/\/plyro.eu\/lv\/#website\",\"url\":\"https:\/\/plyro.eu\/lv\/\",\"name\":\"Plyro LV\",\"description\":\"\",\"publisher\":{\"@id\":\"https:\/\/plyro.eu\/lv\/#organization\"},\"potentialAction\":[{\"@type\":\"SearchAction\",\"target\":{\"@type\":\"EntryPoint\",\"urlTemplate\":\"https:\/\/plyro.eu\/lv\/?s={search_term_string}\"},\"query-input\":{\"@type\":\"PropertyValueSpecification\",\"valueRequired\":true,\"valueName\":\"search_term_string\"}}],\"inLanguage\":\"lv-LV\"},{\"@type\":\"Organization\",\"@id\":\"https:\/\/plyro.eu\/lv\/#organization\",\"name\":\"Plyro LV\",\"url\":\"https:\/\/plyro.eu\/lv\/\",\"logo\":{\"@type\":\"ImageObject\",\"inLanguage\":\"lv-LV\",\"@id\":\"https:\/\/plyro.eu\/lv\/#\/schema\/logo\/image\/\",\"url\":\"https:\/\/plyro.eu\/lv\/wp-content\/uploads\/2026\/02\/plyro_black_512_transparent-2.png\",\"contentUrl\":\"https:\/\/plyro.eu\/lv\/wp-content\/uploads\/2026\/02\/plyro_black_512_transparent-2.png\",\"width\":512,\"height\":512,\"caption\":\"Plyro LV\"},\"image\":{\"@id\":\"https:\/\/plyro.eu\/lv\/#\/schema\/logo\/image\/\"},\"sameAs\":[\"https:\/\/www.facebook.com\/gamedogEE\/\"]}]}<\/script>\n<!-- \/ Yoast SEO plugin. -->","yoast_head_json":{"title":"About us - Plyro LV","robots":{"index":"index","follow":"follow","max-snippet":"max-snippet:-1","max-image-preview":"max-image-preview:large","max-video-preview":"max-video-preview:-1"},"canonical":"https:\/\/plyro.eu\/lv\/about-us\/","og_locale":"lv_LV","og_type":"article","og_title":"About us - Plyro LV","og_description":"Par mums Laipni l\u016bdzam GameDog, j\u016bsu uzticamaj\u0101 fizisko sp\u0113\u013cu partner\u012b! Lai gan m\u0113s s\u0101k\u0101m darb\u012bbu 2021.\u00a0gada maij\u0101 k\u0101 digit\u0101l\u0101s aktiviz\u0101cijas atsl\u0113gu nodro\u0161in\u0101t\u0101js, m\u0113s ar prieku pazi\u0146ojam par savu ien\u0101k\u0161anu fizisko sp\u0113\u013cu tirg\u016b. Pa\u0161laik m\u016bsu platforma ir piln\u012bb\u0101 velt\u012bta pla\u0161am fizisko sp\u0113\u013cu, konso\u013cu un pre\u010du kl\u0101stam visiem sp\u0113\u013cu entuziastiem, un n\u0101kotn\u0113 pl\u0101nojam papla\u0161in\u0101ties l\u012bdz digit\u0101lajiem produktiem. [&hellip;]","og_url":"https:\/\/plyro.eu\/lv\/about-us\/","og_site_name":"Plyro LV","article_publisher":"https:\/\/www.facebook.com\/gamedogEE\/","article_modified_time":"2025-07-13T19:58:31+00:00","twitter_card":"summary_large_image","twitter_misc":{"Est. reading time":"2 min\u016btes"},"schema":{"@context":"https:\/\/schema.org","@graph":[{"@type":"WebPage","@id":"https:\/\/plyro.eu\/lv\/about-us\/","url":"https:\/\/plyro.eu\/lv\/about-us\/","name":"About us - Plyro LV","isPartOf":{"@id":"https:\/\/plyro.eu\/lv\/#website"},"datePublished":"2025-02-16T12:50:18+00:00","dateModified":"2025-07-13T19:58:31+00:00","breadcrumb":{"@id":"https:\/\/plyro.eu\/lv\/about-us\/#breadcrumb"},"inLanguage":"lv-LV","potentialAction":[{"@type":"ReadAction","target":["https:\/\/plyro.eu\/lv\/about-us\/"]}]},{"@type":"BreadcrumbList","@id":"https:\/\/plyro.eu\/lv\/about-us\/#breadcrumb","itemListElement":[{"@type":"ListItem","position":1,"name":"Home","item":"https:\/\/plyro.eu\/lv\/"},{"@type":"ListItem","position":2,"name":"About us"}]},{"@type":"WebSite","@id":"https:\/\/plyro.eu\/lv\/#website","url":"https:\/\/plyro.eu\/lv\/","name":"Plyro LV","description":"","publisher":{"@id":"https:\/\/plyro.eu\/lv\/#organization"},"potentialAction":[{"@type":"SearchAction","target":{"@type":"EntryPoint","urlTemplate":"https:\/\/plyro.eu\/lv\/?s={search_term_string}"},"query-input":{"@type":"PropertyValueSpecification","valueRequired":true,"valueName":"search_term_string"}}],"inLanguage":"lv-LV"},{"@type":"Organization","@id":"https:\/\/plyro.eu\/lv\/#organization","name":"Plyro LV","url":"https:\/\/plyro.eu\/lv\/","logo":{"@type":"ImageObject","inLanguage":"lv-LV","@id":"https:\/\/plyro.eu\/lv\/#\/schema\/logo\/image\/","url":"https:\/\/plyro.eu\/lv\/wp-content\/uploads\/2026\/02\/plyro_black_512_transparent-2.png","contentUrl":"https:\/\/plyro.eu\/lv\/wp-content\/uploads\/2026\/02\/plyro_black_512_transparent-2.png","width":512,"height":512,"caption":"Plyro LV"},"image":{"@id":"https:\/\/plyro.eu\/lv\/#\/schema\/logo\/image\/"},"sameAs":["https:\/\/www.facebook.com\/gamedogEE\/"]}]}},"_links":{"self":[{"href":"https:\/\/plyro.eu\/lv\/wp-json\/wp\/v2\/pages\/65588","targetHints":{"allow":["GET"]}}],"collection":[{"href":"https:\/\/plyro.eu\/lv\/wp-json\/wp\/v2\/pages"}],"about":[{"href":"https:\/\/plyro.eu\/lv\/wp-json\/wp\/v2\/types\/page"}],"author":[{"embeddable":true,"href":"https:\/\/plyro.eu\/lv\/wp-json\/wp\/v2\/users\/1"}],"replies":[{"embeddable":true,"href":"https:\/\/plyro.eu\/lv\/wp-json\/wp\/v2\/comments?post=65588"}],"version-history":[{"count":0,"href":"https:\/\/plyro.eu\/lv\/wp-json\/wp\/v2\/pages\/65588\/revisions"}],"wp:attachment":[{"href":"https:\/\/plyro.eu\/lv\/wp-json\/wp\/v2\/media?parent=65588"}],"curies":[{"name":"wp","href":"https:\/\/api.w.org\/{rel}","templated":true}]}}