{"id":65583,"date":"2025-02-16T14:43:13","date_gmt":"2025-02-16T12:43:13","guid":{"rendered":"https:\/\/plyro.eu\/?page_id=65583"},"modified":"2025-12-29T13:13:34","modified_gmt":"2025-12-29T11:13:34","slug":"terms-and-conditions","status":"publish","type":"page","link":"https:\/\/plyro.eu\/lv\/terms-and-conditions\/","title":{"rendered":"Terms and Conditions"},"content":{"rendered":"\r\n<h1 class=\"wp-block-heading\">Lieto\u0161anas noteikumi<\/h1>\r\n\r\n\r\n\r\n<h2 class=\"wp-block-heading\">P\u0113d\u0113joreiz atjaunin\u0101ts: 2025. gada 16. febru\u0101r\u012b<\/h2>\r\n\r\n\r\n\r\n<p>Interneta veikala <a href=\"http:\/\/plyro.eu\">plyro.eu<\/a> (turpm\u0101k tekst\u0101 &#8220;Interneta veikals&#8221;) \u012bpa\u0161nieks ir GameDog O\u00dc (re\u0123istr\u0101cijas kods 14962369), kas atrodas Harju apri\u0146\u0137\u012b, Tallin\u0101, Lasnam\u0113 rajon\u0101, V\u00e4ike-Paala 2-309, 11415.<\/p>\r\n\r\n\r\n\r\n<p>&nbsp;<\/p>\r\n<p style=\"font-size: 22px !important;\"><strong>P\u0101rdo\u0161anas l\u012bguma sp\u0113k\u0101 esam\u012bba, komerci\u0101ls un cenu inform\u0101cija<\/strong><\/p>\r\n\r\n\r\n\r\n<p>P\u0101rdo\u0161anas noteikumi attiecas uz pre\u010du ieg\u0101di interneta veikal\u0101.<\/p>\r\n\r\n\r\n\r\n<p>Interneta veikal\u0101 p\u0101rdoto pre\u010du cenas ir nor\u0101d\u012btas kop\u0101 ar prec\u0113m. Cen\u0101 ir iek\u013cautas pieg\u0101des izmaksas. Visas interneta veikal\u0101 p\u0101rdoto pre\u010du cenas ir nor\u0101d\u012btas eiro.<\/p>\r\n\r\n\r\n\r\n<p>Pieg\u0101des izmaksas ir atkar\u012bgas no pirc\u0113ja atra\u0161an\u0101s vietas un pieg\u0101des metodes. Pieg\u0101des izmaksas tiek par\u0101d\u012btas pirc\u0113jam, veicot pas\u016bt\u012bjumu.<\/p>\r\n\r\n\r\n\r\n<p>Inform\u0101cija par produktu ir sniegta tie\u0161saistes veikal\u0101 tie\u0161i blakus tam.<\/p>\r\n\r\n\r\n\r\n<p>&nbsp;<\/p>\r\n<p style=\"font-size: 22px !important;\"><strong>Pas\u016bt\u012bjuma veik\u0161ana<\/strong><\/p>\r\n\r\n\r\n\r\n<p>Lai veiktu pas\u016bt\u012bjumu, jums j\u0101pievieno v\u0113lam\u0101s preces grozam. Lai veiktu pas\u016bt\u012bjumu, jums j\u0101aizpilda oblig\u0101tie lauki un j\u0101izv\u0113las atbilsto\u0161\u0101 pieg\u0101des metode. Komisijas summa tiks par\u0101d\u012bta ekr\u0101n\u0101. Maksu var apmaks\u0101t \u0161\u0101dos dro\u0161os veidos:<\/p>\r\n\r\n\r\n\r\n<ul>\r\n<li>American Express \u2013 vis\u0101 pasaul\u0113<\/li>\r\n<li>Apple Pay \u2013 vis\u0101 pasaul\u0113<\/li>\r\n<li>Citadele \u2013 Igaunija, Lietuva, Latvija<\/li>\r\n<li>Coop Bank \u2013 Igaunija<\/li>\r\n<li>Google Pay \u2013 vis\u0101 pasaul\u0113<\/li>\r\n<li>LHV \u2013 Igaunija<\/li>\r\n<li>Luminor \u2013 Igaunija, Lietuva, Latvija<\/li>\r\n<li>Mastercard \u2013 vis\u0101 pasaul\u0113<\/li>\r\n<li>N26 \u2013 Igaunija, Polija, V\u0101cija, Somija<\/li>\r\n<li>Revolut \u2013 vis\u0101 pasaul\u0113<\/li>\r\n<li>SEB \u2013 Igaunija, Lietuva, Latvija<\/li>\r\n<li>Swedbank \u2013 Igaunija, Lietuva, Latvija<\/li>\r\n<li>Visa \u2013 vis\u0101 pasaul\u0113<\/li>\r\n<li>Maks\u0101t v\u0113l\u0101k (Montonio Split)<\/li>\r\n<\/ul>\r\n\r\n\r\n\r\n<p>Piez\u012bme. Maks\u0101jot ar bankas p\u0101rskait\u012bjumu, noteikti noklik\u0161\u0137iniet uz pogas &#8220;Atgriezties p\u0101rdev\u0113jam&#8221; bankas lap\u0101.<\/p>\r\n\r\n\r\n\r\n<p>Maks\u0101jumi tiek veikti ar Montonio starpniec\u012bbu. Maks\u0101jumi tiek veikti \u0101rpus interneta veikala dro\u0161\u0101 vid\u0113: bankas p\u0101rskait\u012bjuma maks\u0101juma gad\u012bjum\u0101 &#8211; attiec\u012bg\u0101s bankas dro\u0161aj\u0101 vid\u0113, bet kred\u012btkartes maks\u0101juma gad\u012bjum\u0101 &#8211; Montonio dro\u0161aj\u0101 vid\u0113. P\u0101rdev\u0113jam nav piek\u013cuves pirc\u0113ja bankas datiem un kred\u012btkartes datiem. L\u012bgums st\u0101jas sp\u0113k\u0101 ar br\u012bdi, kad maks\u0101jam\u0101 summa ir sa\u0146emta interneta veikala kont\u0101.<\/p>\r\n\r\n\r\n\r\n<p>Vietnes \u012bpa\u0161nieks ir personas datu operators un nodod maks\u0101jumu veik\u0161anai nepiecie\u0161amos personas datus operatoram Montonio.<\/p>\r\n\r\n\r\n\r\n<p>Ja pas\u016bt\u012bt\u0101s preces nevar pieg\u0101d\u0101t pieg\u0101des termi\u0146a beig\u0101m vai k\u0101da cita iemesla d\u0113\u013c, pirc\u0113js tiks inform\u0113ts p\u0113c iesp\u0113jas \u0101tr\u0101k, un samaks\u0101t\u0101 nauda (ieskaitot pieg\u0101des izmaksas) tiks atgriezta nekav\u0113joties, bet ne v\u0113l\u0101k k\u0101 14 dienu laik\u0101 no pazi\u0146ojuma datuma.<\/p>\r\n\r\n\r\n\r\n<p>&nbsp;<\/p>\r\n<p style=\"font-size: 22px !important;\"><strong>Pieg\u0101de<\/strong><\/p>\r\n\r\n\r\n\r\n<p>Produkti tiek pieg\u0101d\u0101ti uz Igaunija, Lietuva un Latvija.<\/p>\r\n\r\n\r\n\r\n<p>Pirc\u0113js var sa\u0146emt preces \u0161\u0101dos veidos: Omniva, DPD.<\/p>\r\n\r\n\r\n\r\n<p>Pieg\u0101des izmaksas sedz pirc\u0113js, inform\u0101cija par cenu ir nor\u0101d\u012bta blakus pieg\u0101des veidam.<\/p>\r\n\r\n\r\n\r\n<p>S\u016bt\u012bjumi Igaunij\u0101 parasti tiek pieg\u0101d\u0101ti pirc\u0113ja nor\u0101d\u012btaj\u0101 galam\u0113r\u0137\u012b 1 darba dienas laik\u0101 no pirkuma l\u012bguma sp\u0113k\u0101 st\u0101\u0161an\u0101s dienas. \u0100rpus Igaunijas pieg\u0101de aiz\u0146em 3\u20135 kalend\u0101r\u0101s dienas.<\/p>\r\n\r\n\r\n\r\n<p>Iz\u0146\u0113muma gad\u012bjumos jums ir ties\u012bbas sa\u0146emt preces 45 kalend\u0101ro dienu laik\u0101.<\/p>\r\n\r\n\r\n\r\n<p>&nbsp;<\/p>\r\n<p style=\"font-size: 22px !important;\"><strong>Atteikuma ties\u012bbas<\/strong><\/p>\r\n\r\n\r\n\r\n<p>Atteikuma ties\u012bbas ir aprakst\u012btas \u0161eit.<\/p>\r\n\r\n\r\n\r\n<p>&nbsp;<\/p>\r\n<p style=\"font-size: 22px !important;\"><strong>Ties\u012bbas iesniegt s\u016bdz\u012bbu<\/strong><\/p>\r\n\r\n\r\n\r\n<p>Interneta veikals ir atbild\u012bgs par pirc\u0113jam p\u0101rdoto pre\u010du neatbilst\u012bbu vai defektu, kas jau past\u0101v\u0113ja pieg\u0101des br\u012bd\u012b, un kas tiks nov\u0113rsts n\u0101kotn\u0113. Defekts par\u0101d\u012bj\u0101s ne v\u0113l\u0101k k\u0101 divu gadu laik\u0101 no pre\u010du pieg\u0101des dienas pirc\u0113jam. P\u0113c tam, viena gada laik\u0101 no pre\u010du pieg\u0101des dienas pirc\u0113jam, tiek pie\u0146emts, kaDefekts past\u0101v\u0113ja pieg\u0101des br\u012bd\u012b. Interneta veikalam ir pien\u0101kums atsp\u0113kot \u0161o pie\u0146\u0113mumu.<\/p>\r\n\r\n\r\n\r\n<p>Ja tiek atkl\u0101ts defekts, pirc\u0113jam ir ties\u012bbas sazin\u0101ties ar interneta veikalu ne v\u0113l\u0101k k\u0101 divus m\u0113ne\u0161us v\u0113l\u0101k, nos\u016btot e-pastu uz <a href=\"mailto:info@plyro.eu\">info@plyro.eu<\/a>.<\/p>\r\n\r\n\r\n\r\n<p>Interneta veikals neatbild par defektiem, kas rodas p\u0113c pre\u010du pieg\u0101des pirc\u0113jam.<\/p>\r\n\r\n\r\n\r\n<p>Ja interneta veikal\u0101 ieg\u0101d\u0101taj\u0101m prec\u0113m ir defekti, par kuriem ir atbild\u012bgs interneta veikals, interneta veikals salabos vai nomain\u012bs boj\u0101t\u0101s preces. Ja preces remonts vai nomai\u0146a nav iesp\u0113jama, interneta veikals atmaks\u0101s pirc\u0113jam visas saska\u0146\u0101 ar pirkuma l\u012bgumu samaks\u0101t\u0101s summas.<\/p>\r\n\r\n\r\n\r\n<p>Interneta veikals atbild\u0113s uz pat\u0113r\u0113t\u0101ja s\u016bdz\u012bbu rakstiski vai rakstiski atveidojam\u0101 form\u0101 15 dienu laik\u0101.<\/p>\r\n\r\n\r\n\r\n<p>&nbsp;<\/p>\r\n<p style=\"font-size: 22px !important;\"><strong>Tie\u0161ais m\u0101rketings un personas datu apstr\u0101de<\/strong><\/p>\r\n\r\n\r\n\r\n<p>Interneta veikals izmanto pirc\u0113ja sniegtos personas datus tikai pas\u016bt\u012bjuma apstr\u0101dei un pre\u010du nos\u016bt\u012b\u0161anai pirc\u0113jam. Interneta veikals nodod personas datus uz\u0146\u0113mumiem, kas sniedz transporta pakalpojumus pre\u010du pieg\u0101dei.<\/p>\r\n\r\n\r\n\r\n<p>Interneta veikals s\u016bta jaunumus un pied\u0101v\u0101jumus uz pirc\u0113ja e-pasta adresi tikai tad, ja pirc\u0113js ir izteicis v\u0113lmi tos sa\u0146emt, nor\u0101dot savu e-pasta adresi t\u012bmek\u013ca vietn\u0113, un ir nor\u0101d\u012bjis savu v\u0113lmi sa\u0146emt pazi\u0146ojumus pa e-pastu.<\/p>\r\n\r\n\r\n\r\n<p>Pirc\u0113js jebkur\u0101 laik\u0101 var atteikties no jaunumu un pied\u0101v\u0101jumu sa\u0146em\u0161anas pa e-pastu, pazi\u0146ojot mums par to pa e-pastu vai izpildot nor\u0101d\u012bjumus e-past\u0101, kur\u0101 ir iek\u013cauti pied\u0101v\u0101jumi.<\/p>\r\n\r\n\r\n\r\n<p>Vair\u0101k inform\u0101cijas var atrast \u0161eit:<a href=\"https:\/\/plyro.eu\/lv\/privacy-policy\/\">\u0161eit<\/a>.<\/p>\r\n\r\n\r\n\r\n<p>&nbsp;<\/p>\r\n<p style=\"font-size: 22px !important;\"><strong>Str\u012bdu risin\u0101\u0161ana<\/strong><\/p>\r\n\r\n\r\n\r\n<p>Ja pirc\u0113jam ir s\u016bdz\u012bba par interneta veikalu, t\u0101 j\u0101nos\u016bta pa e-pastu uz <a href=\"mailto:info@plyro.eu\">info@plyro.eu<\/a>.<\/p>\r\n\r\n\r\n\r\n<p>Ja pirc\u0113js un interneta veikals nevar\u0113ja atrisin\u0101t str\u012bdu, pan\u0101kot vieno\u0161anos, pirc\u0113js var sazin\u0101ties ar Pat\u0113r\u0113t\u0101ju str\u012bdu komiteju. J\u016bs varat iepaz\u012bties ar proced\u016bras noteikumiem un iesniegt pieteikumu \u0161eit. Pat\u0113r\u0113t\u0101ju str\u012bdu komiteja ir kompetenta risin\u0101t str\u012bdus, kas izriet no l\u012bguma starp pirc\u0113ju un interneta veikalu.<\/p>\r\n\r\n\r\n\r\n<p>Komisijas pirc\u0113ja s\u016bdz\u012bbas izskat\u012b\u0161ana ir bez maksas.<\/p>\r\n\r\n\r\n\r\n<p>Pirc\u0113js var sazin\u0101ties ar Eiropas Savien\u012bbas platformu pat\u0113r\u0113t\u0101ju str\u012bdu risin\u0101\u0161anai.<\/p>\r\n\r\n\r\n\r\n<p>&nbsp;<\/p>\r\n","protected":false},"excerpt":{"rendered":"<p>Lieto\u0161anas noteikumi P\u0113d\u0113joreiz atjaunin\u0101ts: 2025. gada 16. febru\u0101r\u012b Interneta veikala plyro.eu (turpm\u0101k tekst\u0101 &#8220;Interneta veikals&#8221;) \u012bpa\u0161nieks ir GameDog O\u00dc (re\u0123istr\u0101cijas kods 14962369), kas atrodas Harju apri\u0146\u0137\u012b, Tallin\u0101, Lasnam\u0113 rajon\u0101, V\u00e4ike-Paala 2-309, 11415. &nbsp; P\u0101rdo\u0161anas l\u012bguma sp\u0113k\u0101 esam\u012bba, komerci\u0101ls un cenu inform\u0101cija P\u0101rdo\u0161anas noteikumi attiecas uz pre\u010du ieg\u0101di interneta veikal\u0101. Interneta veikal\u0101 p\u0101rdoto pre\u010du cenas ir [&hellip;]<\/p>\n","protected":false},"author":1,"featured_media":0,"parent":0,"menu_order":0,"comment_status":"closed","ping_status":"closed","template":"","meta":{"_acf_changed":false,"inline_featured_image":false,"footnotes":""},"class_list":["post-65583","page","type-page","status-publish","hentry"],"acf":[],"yoast_head":"<!-- This site is optimized with the Yoast SEO plugin v24.9 - https:\/\/yoast.com\/wordpress\/plugins\/seo\/ -->\n<title>Terms and Conditions - Plyro LV<\/title>\n<meta name=\"robots\" content=\"index, follow, max-snippet:-1, max-image-preview:large, max-video-preview:-1\" \/>\n<link rel=\"canonical\" href=\"https:\/\/plyro.eu\/lv\/terms-and-conditions\/\" \/>\n<meta property=\"og:locale\" content=\"lv_LV\" \/>\n<meta property=\"og:type\" content=\"article\" \/>\n<meta property=\"og:title\" content=\"Terms and Conditions - Plyro LV\" \/>\n<meta property=\"og:description\" content=\"Lieto\u0161anas noteikumi P\u0113d\u0113joreiz atjaunin\u0101ts: 2025. gada 16. febru\u0101r\u012b Interneta veikala plyro.eu (turpm\u0101k tekst\u0101 &#8220;Interneta veikals&#8221;) \u012bpa\u0161nieks ir GameDog O\u00dc (re\u0123istr\u0101cijas kods 14962369), kas atrodas Harju apri\u0146\u0137\u012b, Tallin\u0101, Lasnam\u0113 rajon\u0101, V\u00e4ike-Paala 2-309, 11415. &nbsp; P\u0101rdo\u0161anas l\u012bguma sp\u0113k\u0101 esam\u012bba, komerci\u0101ls un cenu inform\u0101cija P\u0101rdo\u0161anas noteikumi attiecas uz pre\u010du ieg\u0101di interneta veikal\u0101. Interneta veikal\u0101 p\u0101rdoto pre\u010du cenas ir [&hellip;]\" \/>\n<meta property=\"og:url\" content=\"https:\/\/plyro.eu\/lv\/terms-and-conditions\/\" \/>\n<meta property=\"og:site_name\" content=\"Plyro LV\" \/>\n<meta property=\"article:publisher\" content=\"https:\/\/www.facebook.com\/gamedogEE\/\" \/>\n<meta property=\"article:modified_time\" content=\"2025-12-29T11:13:34+00:00\" \/>\n<meta name=\"twitter:card\" content=\"summary_large_image\" \/>\n<meta name=\"twitter:label1\" content=\"Est. reading time\" \/>\n\t<meta name=\"twitter:data1\" content=\"4 min\u016btes\" \/>\n<script type=\"application\/ld+json\" class=\"yoast-schema-graph\">{\"@context\":\"https:\/\/schema.org\",\"@graph\":[{\"@type\":\"WebPage\",\"@id\":\"https:\/\/plyro.eu\/lv\/terms-and-conditions\/\",\"url\":\"https:\/\/plyro.eu\/lv\/terms-and-conditions\/\",\"name\":\"Terms and Conditions - Plyro LV\",\"isPartOf\":{\"@id\":\"https:\/\/plyro.eu\/lv\/#website\"},\"datePublished\":\"2025-02-16T12:43:13+00:00\",\"dateModified\":\"2025-12-29T11:13:34+00:00\",\"breadcrumb\":{\"@id\":\"https:\/\/plyro.eu\/lv\/terms-and-conditions\/#breadcrumb\"},\"inLanguage\":\"lv-LV\",\"potentialAction\":[{\"@type\":\"ReadAction\",\"target\":[\"https:\/\/plyro.eu\/lv\/terms-and-conditions\/\"]}]},{\"@type\":\"BreadcrumbList\",\"@id\":\"https:\/\/plyro.eu\/lv\/terms-and-conditions\/#breadcrumb\",\"itemListElement\":[{\"@type\":\"ListItem\",\"position\":1,\"name\":\"Home\",\"item\":\"https:\/\/plyro.eu\/lv\/\"},{\"@type\":\"ListItem\",\"position\":2,\"name\":\"Terms and Conditions\"}]},{\"@type\":\"WebSite\",\"@id\":\"https:\/\/plyro.eu\/lv\/#website\",\"url\":\"https:\/\/plyro.eu\/lv\/\",\"name\":\"Plyro LV\",\"description\":\"\",\"publisher\":{\"@id\":\"https:\/\/plyro.eu\/lv\/#organization\"},\"potentialAction\":[{\"@type\":\"SearchAction\",\"target\":{\"@type\":\"EntryPoint\",\"urlTemplate\":\"https:\/\/plyro.eu\/lv\/?s={search_term_string}\"},\"query-input\":{\"@type\":\"PropertyValueSpecification\",\"valueRequired\":true,\"valueName\":\"search_term_string\"}}],\"inLanguage\":\"lv-LV\"},{\"@type\":\"Organization\",\"@id\":\"https:\/\/plyro.eu\/lv\/#organization\",\"name\":\"Plyro LV\",\"url\":\"https:\/\/plyro.eu\/lv\/\",\"logo\":{\"@type\":\"ImageObject\",\"inLanguage\":\"lv-LV\",\"@id\":\"https:\/\/plyro.eu\/lv\/#\/schema\/logo\/image\/\",\"url\":\"https:\/\/plyro.eu\/lv\/wp-content\/uploads\/2026\/02\/plyro_black_512_transparent-2.png\",\"contentUrl\":\"https:\/\/plyro.eu\/lv\/wp-content\/uploads\/2026\/02\/plyro_black_512_transparent-2.png\",\"width\":512,\"height\":512,\"caption\":\"Plyro LV\"},\"image\":{\"@id\":\"https:\/\/plyro.eu\/lv\/#\/schema\/logo\/image\/\"},\"sameAs\":[\"https:\/\/www.facebook.com\/gamedogEE\/\"]}]}<\/script>\n<!-- \/ Yoast SEO plugin. -->","yoast_head_json":{"title":"Terms and Conditions - Plyro LV","robots":{"index":"index","follow":"follow","max-snippet":"max-snippet:-1","max-image-preview":"max-image-preview:large","max-video-preview":"max-video-preview:-1"},"canonical":"https:\/\/plyro.eu\/lv\/terms-and-conditions\/","og_locale":"lv_LV","og_type":"article","og_title":"Terms and Conditions - Plyro LV","og_description":"Lieto\u0161anas noteikumi P\u0113d\u0113joreiz atjaunin\u0101ts: 2025. gada 16. febru\u0101r\u012b Interneta veikala plyro.eu (turpm\u0101k tekst\u0101 &#8220;Interneta veikals&#8221;) \u012bpa\u0161nieks ir GameDog O\u00dc (re\u0123istr\u0101cijas kods 14962369), kas atrodas Harju apri\u0146\u0137\u012b, Tallin\u0101, Lasnam\u0113 rajon\u0101, V\u00e4ike-Paala 2-309, 11415. &nbsp; P\u0101rdo\u0161anas l\u012bguma sp\u0113k\u0101 esam\u012bba, komerci\u0101ls un cenu inform\u0101cija P\u0101rdo\u0161anas noteikumi attiecas uz pre\u010du ieg\u0101di interneta veikal\u0101. Interneta veikal\u0101 p\u0101rdoto pre\u010du cenas ir [&hellip;]","og_url":"https:\/\/plyro.eu\/lv\/terms-and-conditions\/","og_site_name":"Plyro LV","article_publisher":"https:\/\/www.facebook.com\/gamedogEE\/","article_modified_time":"2025-12-29T11:13:34+00:00","twitter_card":"summary_large_image","twitter_misc":{"Est. reading time":"4 min\u016btes"},"schema":{"@context":"https:\/\/schema.org","@graph":[{"@type":"WebPage","@id":"https:\/\/plyro.eu\/lv\/terms-and-conditions\/","url":"https:\/\/plyro.eu\/lv\/terms-and-conditions\/","name":"Terms and Conditions - Plyro LV","isPartOf":{"@id":"https:\/\/plyro.eu\/lv\/#website"},"datePublished":"2025-02-16T12:43:13+00:00","dateModified":"2025-12-29T11:13:34+00:00","breadcrumb":{"@id":"https:\/\/plyro.eu\/lv\/terms-and-conditions\/#breadcrumb"},"inLanguage":"lv-LV","potentialAction":[{"@type":"ReadAction","target":["https:\/\/plyro.eu\/lv\/terms-and-conditions\/"]}]},{"@type":"BreadcrumbList","@id":"https:\/\/plyro.eu\/lv\/terms-and-conditions\/#breadcrumb","itemListElement":[{"@type":"ListItem","position":1,"name":"Home","item":"https:\/\/plyro.eu\/lv\/"},{"@type":"ListItem","position":2,"name":"Terms and Conditions"}]},{"@type":"WebSite","@id":"https:\/\/plyro.eu\/lv\/#website","url":"https:\/\/plyro.eu\/lv\/","name":"Plyro LV","description":"","publisher":{"@id":"https:\/\/plyro.eu\/lv\/#organization"},"potentialAction":[{"@type":"SearchAction","target":{"@type":"EntryPoint","urlTemplate":"https:\/\/plyro.eu\/lv\/?s={search_term_string}"},"query-input":{"@type":"PropertyValueSpecification","valueRequired":true,"valueName":"search_term_string"}}],"inLanguage":"lv-LV"},{"@type":"Organization","@id":"https:\/\/plyro.eu\/lv\/#organization","name":"Plyro LV","url":"https:\/\/plyro.eu\/lv\/","logo":{"@type":"ImageObject","inLanguage":"lv-LV","@id":"https:\/\/plyro.eu\/lv\/#\/schema\/logo\/image\/","url":"https:\/\/plyro.eu\/lv\/wp-content\/uploads\/2026\/02\/plyro_black_512_transparent-2.png","contentUrl":"https:\/\/plyro.eu\/lv\/wp-content\/uploads\/2026\/02\/plyro_black_512_transparent-2.png","width":512,"height":512,"caption":"Plyro LV"},"image":{"@id":"https:\/\/plyro.eu\/lv\/#\/schema\/logo\/image\/"},"sameAs":["https:\/\/www.facebook.com\/gamedogEE\/"]}]}},"_links":{"self":[{"href":"https:\/\/plyro.eu\/lv\/wp-json\/wp\/v2\/pages\/65583","targetHints":{"allow":["GET"]}}],"collection":[{"href":"https:\/\/plyro.eu\/lv\/wp-json\/wp\/v2\/pages"}],"about":[{"href":"https:\/\/plyro.eu\/lv\/wp-json\/wp\/v2\/types\/page"}],"author":[{"embeddable":true,"href":"https:\/\/plyro.eu\/lv\/wp-json\/wp\/v2\/users\/1"}],"replies":[{"embeddable":true,"href":"https:\/\/plyro.eu\/lv\/wp-json\/wp\/v2\/comments?post=65583"}],"version-history":[{"count":0,"href":"https:\/\/plyro.eu\/lv\/wp-json\/wp\/v2\/pages\/65583\/revisions"}],"wp:attachment":[{"href":"https:\/\/plyro.eu\/lv\/wp-json\/wp\/v2\/media?parent=65583"}],"curies":[{"name":"wp","href":"https:\/\/api.w.org\/{rel}","templated":true}]}}