{"id":189,"date":"2025-02-16T14:48:55","date_gmt":"2025-02-16T12:48:55","guid":{"rendered":"https:\/\/plyro.eu\/?page_id=189"},"modified":"2025-12-29T12:37:19","modified_gmt":"2025-12-29T10:37:19","slug":"refund_returns","status":"publish","type":"page","link":"https:\/\/plyro.eu\/lv\/refund_returns\/","title":{"rendered":"Return policy"},"content":{"rendered":"\r\n<h1 class=\"wp-block-heading\">Atgrie\u0161anas politika<\/h1>\r\n\r\n\r\n\r\n<p>P\u0113c pas\u016bt\u012bjuma sa\u0146em\u0161anas pirc\u0113jam ir ties\u012bbas atteikties no l\u012bguma 14 dienu laik\u0101.<\/p>\r\n\r\n\r\n\r\n<p>Pat\u0113r\u0113t\u0101js piekr\u012bt izmantot atgrie\u0161anas ties\u012bbas, iev\u0113rojot \u0161\u0101dus nosac\u012bjumus:<\/p>\r\n\r\n\r\n\r\n<ul>\r\n<li>Preces j\u0101atgrie\u017e nelietotas un ori\u0123in\u0101laj\u0101 iepakojum\u0101.\r\n\r\n<\/li>\r\n<li>Lai izmantotu atgrie\u0161anas ties\u012bbas, pat\u0113r\u0113t\u0101jam ir j\u0101iesniedz rakstisks pieteikums GameDog O\u00dc uz <a href=\"mailto:info@plyro.eu\">info@plyro.eu<\/a>, bet ne v\u0113l\u0101k k\u0101 14 dienu laik\u0101 no pre\u010du sa\u0146em\u0161anas dienas.\r\n\r\n<\/li>\r\n<li>Pat\u0113r\u0113t\u0101js ap\u0146emas segt pre\u010du atgrie\u0161anas izmaksas, iz\u0146emot gad\u012bjumus, kad atgriezt\u0101s preces neatbilst pat\u0113r\u0113t\u0101ja pas\u016bt\u012bjumam.\r\n\r\n<\/li>\r\n<li>GameDog O\u00dc atmaks\u0101s naudu 14 dienu laik\u0101 no pieteikuma sa\u0146em\u0161anas dienas.<\/li>\r\n<\/ul>\r\n","protected":false},"excerpt":{"rendered":"<p>Atgrie\u0161anas politika P\u0113c pas\u016bt\u012bjuma sa\u0146em\u0161anas pirc\u0113jam ir ties\u012bbas atteikties no l\u012bguma 14 dienu laik\u0101. Pat\u0113r\u0113t\u0101js piekr\u012bt izmantot atgrie\u0161anas ties\u012bbas, iev\u0113rojot \u0161\u0101dus nosac\u012bjumus: Preces j\u0101atgrie\u017e nelietotas un ori\u0123in\u0101laj\u0101 iepakojum\u0101. Lai izmantotu atgrie\u0161anas ties\u012bbas, pat\u0113r\u0113t\u0101jam ir j\u0101iesniedz rakstisks pieteikums GameDog O\u00dc uz info@plyro.eu, bet ne v\u0113l\u0101k k\u0101 14 dienu laik\u0101 no pre\u010du sa\u0146em\u0161anas dienas. Pat\u0113r\u0113t\u0101js ap\u0146emas segt [&hellip;]<\/p>\n","protected":false},"author":1,"featured_media":0,"parent":0,"menu_order":0,"comment_status":"closed","ping_status":"closed","template":"","meta":{"_acf_changed":false,"inline_featured_image":false,"footnotes":""},"class_list":["post-189","page","type-page","status-publish","hentry"],"acf":[],"yoast_head":"<!-- This site is optimized with the Yoast SEO plugin v24.9 - https:\/\/yoast.com\/wordpress\/plugins\/seo\/ -->\n<title>Return policy - Plyro LV<\/title>\n<meta name=\"robots\" content=\"index, follow, max-snippet:-1, max-image-preview:large, max-video-preview:-1\" \/>\n<link rel=\"canonical\" href=\"https:\/\/plyro.eu\/lv\/refund_returns\/\" \/>\n<meta property=\"og:locale\" content=\"lv_LV\" \/>\n<meta property=\"og:type\" content=\"article\" \/>\n<meta property=\"og:title\" content=\"Return policy - Plyro LV\" \/>\n<meta property=\"og:description\" content=\"Atgrie\u0161anas politika P\u0113c pas\u016bt\u012bjuma sa\u0146em\u0161anas pirc\u0113jam ir ties\u012bbas atteikties no l\u012bguma 14 dienu laik\u0101. Pat\u0113r\u0113t\u0101js piekr\u012bt izmantot atgrie\u0161anas ties\u012bbas, iev\u0113rojot \u0161\u0101dus nosac\u012bjumus: Preces j\u0101atgrie\u017e nelietotas un ori\u0123in\u0101laj\u0101 iepakojum\u0101. Lai izmantotu atgrie\u0161anas ties\u012bbas, pat\u0113r\u0113t\u0101jam ir j\u0101iesniedz rakstisks pieteikums GameDog O\u00dc uz info@plyro.eu, bet ne v\u0113l\u0101k k\u0101 14 dienu laik\u0101 no pre\u010du sa\u0146em\u0161anas dienas. Pat\u0113r\u0113t\u0101js ap\u0146emas segt [&hellip;]\" \/>\n<meta property=\"og:url\" content=\"https:\/\/plyro.eu\/lv\/refund_returns\/\" \/>\n<meta property=\"og:site_name\" content=\"Plyro LV\" \/>\n<meta property=\"article:publisher\" content=\"https:\/\/www.facebook.com\/gamedogEE\/\" \/>\n<meta property=\"article:modified_time\" content=\"2025-12-29T10:37:19+00:00\" \/>\n<meta name=\"twitter:card\" content=\"summary_large_image\" \/>\n<meta name=\"twitter:label1\" content=\"Est. reading time\" \/>\n\t<meta name=\"twitter:data1\" content=\"1 min\u016bte\" \/>\n<script type=\"application\/ld+json\" class=\"yoast-schema-graph\">{\"@context\":\"https:\/\/schema.org\",\"@graph\":[{\"@type\":\"WebPage\",\"@id\":\"https:\/\/plyro.eu\/lv\/refund_returns\/\",\"url\":\"https:\/\/plyro.eu\/lv\/refund_returns\/\",\"name\":\"Return policy - Plyro LV\",\"isPartOf\":{\"@id\":\"https:\/\/plyro.eu\/lv\/#website\"},\"datePublished\":\"2025-02-16T12:48:55+00:00\",\"dateModified\":\"2025-12-29T10:37:19+00:00\",\"breadcrumb\":{\"@id\":\"https:\/\/plyro.eu\/lv\/refund_returns\/#breadcrumb\"},\"inLanguage\":\"lv-LV\",\"potentialAction\":[{\"@type\":\"ReadAction\",\"target\":[\"https:\/\/plyro.eu\/lv\/refund_returns\/\"]}]},{\"@type\":\"BreadcrumbList\",\"@id\":\"https:\/\/plyro.eu\/lv\/refund_returns\/#breadcrumb\",\"itemListElement\":[{\"@type\":\"ListItem\",\"position\":1,\"name\":\"Home\",\"item\":\"https:\/\/plyro.eu\/lv\/\"},{\"@type\":\"ListItem\",\"position\":2,\"name\":\"Return policy\"}]},{\"@type\":\"WebSite\",\"@id\":\"https:\/\/plyro.eu\/lv\/#website\",\"url\":\"https:\/\/plyro.eu\/lv\/\",\"name\":\"Plyro LV\",\"description\":\"\",\"publisher\":{\"@id\":\"https:\/\/plyro.eu\/lv\/#organization\"},\"potentialAction\":[{\"@type\":\"SearchAction\",\"target\":{\"@type\":\"EntryPoint\",\"urlTemplate\":\"https:\/\/plyro.eu\/lv\/?s={search_term_string}\"},\"query-input\":{\"@type\":\"PropertyValueSpecification\",\"valueRequired\":true,\"valueName\":\"search_term_string\"}}],\"inLanguage\":\"lv-LV\"},{\"@type\":\"Organization\",\"@id\":\"https:\/\/plyro.eu\/lv\/#organization\",\"name\":\"Plyro LV\",\"url\":\"https:\/\/plyro.eu\/lv\/\",\"logo\":{\"@type\":\"ImageObject\",\"inLanguage\":\"lv-LV\",\"@id\":\"https:\/\/plyro.eu\/lv\/#\/schema\/logo\/image\/\",\"url\":\"https:\/\/plyro.eu\/lv\/wp-content\/uploads\/2026\/02\/plyro_black_512_transparent-2.png\",\"contentUrl\":\"https:\/\/plyro.eu\/lv\/wp-content\/uploads\/2026\/02\/plyro_black_512_transparent-2.png\",\"width\":512,\"height\":512,\"caption\":\"Plyro LV\"},\"image\":{\"@id\":\"https:\/\/plyro.eu\/lv\/#\/schema\/logo\/image\/\"},\"sameAs\":[\"https:\/\/www.facebook.com\/gamedogEE\/\"]}]}<\/script>\n<!-- \/ Yoast SEO plugin. -->","yoast_head_json":{"title":"Return policy - Plyro LV","robots":{"index":"index","follow":"follow","max-snippet":"max-snippet:-1","max-image-preview":"max-image-preview:large","max-video-preview":"max-video-preview:-1"},"canonical":"https:\/\/plyro.eu\/lv\/refund_returns\/","og_locale":"lv_LV","og_type":"article","og_title":"Return policy - Plyro LV","og_description":"Atgrie\u0161anas politika P\u0113c pas\u016bt\u012bjuma sa\u0146em\u0161anas pirc\u0113jam ir ties\u012bbas atteikties no l\u012bguma 14 dienu laik\u0101. Pat\u0113r\u0113t\u0101js piekr\u012bt izmantot atgrie\u0161anas ties\u012bbas, iev\u0113rojot \u0161\u0101dus nosac\u012bjumus: Preces j\u0101atgrie\u017e nelietotas un ori\u0123in\u0101laj\u0101 iepakojum\u0101. Lai izmantotu atgrie\u0161anas ties\u012bbas, pat\u0113r\u0113t\u0101jam ir j\u0101iesniedz rakstisks pieteikums GameDog O\u00dc uz info@plyro.eu, bet ne v\u0113l\u0101k k\u0101 14 dienu laik\u0101 no pre\u010du sa\u0146em\u0161anas dienas. Pat\u0113r\u0113t\u0101js ap\u0146emas segt [&hellip;]","og_url":"https:\/\/plyro.eu\/lv\/refund_returns\/","og_site_name":"Plyro LV","article_publisher":"https:\/\/www.facebook.com\/gamedogEE\/","article_modified_time":"2025-12-29T10:37:19+00:00","twitter_card":"summary_large_image","twitter_misc":{"Est. reading time":"1 min\u016bte"},"schema":{"@context":"https:\/\/schema.org","@graph":[{"@type":"WebPage","@id":"https:\/\/plyro.eu\/lv\/refund_returns\/","url":"https:\/\/plyro.eu\/lv\/refund_returns\/","name":"Return policy - Plyro LV","isPartOf":{"@id":"https:\/\/plyro.eu\/lv\/#website"},"datePublished":"2025-02-16T12:48:55+00:00","dateModified":"2025-12-29T10:37:19+00:00","breadcrumb":{"@id":"https:\/\/plyro.eu\/lv\/refund_returns\/#breadcrumb"},"inLanguage":"lv-LV","potentialAction":[{"@type":"ReadAction","target":["https:\/\/plyro.eu\/lv\/refund_returns\/"]}]},{"@type":"BreadcrumbList","@id":"https:\/\/plyro.eu\/lv\/refund_returns\/#breadcrumb","itemListElement":[{"@type":"ListItem","position":1,"name":"Home","item":"https:\/\/plyro.eu\/lv\/"},{"@type":"ListItem","position":2,"name":"Return policy"}]},{"@type":"WebSite","@id":"https:\/\/plyro.eu\/lv\/#website","url":"https:\/\/plyro.eu\/lv\/","name":"Plyro LV","description":"","publisher":{"@id":"https:\/\/plyro.eu\/lv\/#organization"},"potentialAction":[{"@type":"SearchAction","target":{"@type":"EntryPoint","urlTemplate":"https:\/\/plyro.eu\/lv\/?s={search_term_string}"},"query-input":{"@type":"PropertyValueSpecification","valueRequired":true,"valueName":"search_term_string"}}],"inLanguage":"lv-LV"},{"@type":"Organization","@id":"https:\/\/plyro.eu\/lv\/#organization","name":"Plyro LV","url":"https:\/\/plyro.eu\/lv\/","logo":{"@type":"ImageObject","inLanguage":"lv-LV","@id":"https:\/\/plyro.eu\/lv\/#\/schema\/logo\/image\/","url":"https:\/\/plyro.eu\/lv\/wp-content\/uploads\/2026\/02\/plyro_black_512_transparent-2.png","contentUrl":"https:\/\/plyro.eu\/lv\/wp-content\/uploads\/2026\/02\/plyro_black_512_transparent-2.png","width":512,"height":512,"caption":"Plyro LV"},"image":{"@id":"https:\/\/plyro.eu\/lv\/#\/schema\/logo\/image\/"},"sameAs":["https:\/\/www.facebook.com\/gamedogEE\/"]}]}},"_links":{"self":[{"href":"https:\/\/plyro.eu\/lv\/wp-json\/wp\/v2\/pages\/189","targetHints":{"allow":["GET"]}}],"collection":[{"href":"https:\/\/plyro.eu\/lv\/wp-json\/wp\/v2\/pages"}],"about":[{"href":"https:\/\/plyro.eu\/lv\/wp-json\/wp\/v2\/types\/page"}],"author":[{"embeddable":true,"href":"https:\/\/plyro.eu\/lv\/wp-json\/wp\/v2\/users\/1"}],"replies":[{"embeddable":true,"href":"https:\/\/plyro.eu\/lv\/wp-json\/wp\/v2\/comments?post=189"}],"version-history":[{"count":0,"href":"https:\/\/plyro.eu\/lv\/wp-json\/wp\/v2\/pages\/189\/revisions"}],"wp:attachment":[{"href":"https:\/\/plyro.eu\/lv\/wp-json\/wp\/v2\/media?parent=189"}],"curies":[{"name":"wp","href":"https:\/\/api.w.org\/{rel}","templated":true}]}}