{"id":277636,"date":"2026-02-07T02:15:46","date_gmt":"2026-02-07T00:15:46","guid":{"rendered":"https:\/\/plyro.eu\/lt\/product\/the-walking-dead-michonne-mopeez-plush-toy\/"},"modified":"2026-02-10T11:27:37","modified_gmt":"2026-02-10T09:27:37","slug":"the-walking-dead-michonne-mopeez-plush-toy","status":"publish","type":"product","link":"https:\/\/plyro.eu\/lt\/product\/the-walking-dead-michonne-mopeez-plush-toy\/","title":{"rendered":"The Walking Dead Michonne Mopeez Plush Toy"},"content":{"rendered":"","protected":false},"excerpt":{"rendered":"<p>Walking Deadist Michonne, stiliseeritud Mopeez Pluusina Funkolt. Stiliseeritud Mopeez Plush on 45 tolli pikk, mis sobib ideaalselt igale Walking Dead&#8217;i f\u00e4nnile. Koguge ja eksponeerige k\u00f5iki Funko Mopeez Plush figuure. Koguge ja eksponeerige k\u00f5iki Funko Mopeez Plush figuure. Stiliseeritud Mopeez Plush on 45 tolli pikk, ideaalne igale Walking Dead f\u00e4nnile. Koguge ja eksponeerige k\u00f5iki Funko Mopeez Plush figuure.<\/p>\n","protected":false},"featured_media":277619,"comment_status":"open","ping_status":"closed","template":"","meta":{"_acf_changed":false,"inline_featured_image":false},"product_brand":[],"product_cat":[1383],"product_tag":[],"class_list":{"0":"post-277636","1":"product","2":"type-product","3":"status-publish","4":"has-post-thumbnail","6":"product_cat-merch","8":"first","9":"instock","10":"taxable","11":"shipping-taxable","12":"purchasable","13":"product-type-simple"},"acf":[],"yoast_head":"<!-- This site is optimized with the Yoast SEO plugin v24.9 - https:\/\/yoast.com\/wordpress\/plugins\/seo\/ -->\n<title>The Walking Dead Michonne Mopeez Plush Toy - Plyro LT<\/title>\n<meta name=\"robots\" content=\"index, follow, max-snippet:-1, max-image-preview:large, max-video-preview:-1\" \/>\n<link rel=\"canonical\" href=\"https:\/\/plyro.eu\/lt\/product\/the-walking-dead-michonne-mopeez-plush-toy\/\" \/>\n<meta property=\"og:locale\" content=\"lt_LT\" \/>\n<meta property=\"og:type\" content=\"article\" \/>\n<meta property=\"og:title\" content=\"The Walking Dead Michonne Mopeez Plush Toy - Plyro LT\" \/>\n<meta property=\"og:description\" content=\"Walking Deadist Michonne, stiliseeritud Mopeez Pluusina Funkolt. Stiliseeritud Mopeez Plush on 45 tolli pikk, mis sobib ideaalselt igale Walking Dead&#039;i f\u00e4nnile. Koguge ja eksponeerige k\u00f5iki Funko Mopeez Plush figuure. Koguge ja eksponeerige k\u00f5iki Funko Mopeez Plush figuure. Stiliseeritud Mopeez Plush on 45 tolli pikk, ideaalne igale Walking Dead f\u00e4nnile. Koguge ja eksponeerige k\u00f5iki Funko Mopeez Plush figuure.\" \/>\n<meta property=\"og:url\" content=\"https:\/\/plyro.eu\/lt\/product\/the-walking-dead-michonne-mopeez-plush-toy\/\" \/>\n<meta property=\"og:site_name\" content=\"Plyro LT\" \/>\n<meta property=\"article:publisher\" content=\"https:\/\/www.facebook.com\/gamedogEE\/\" \/>\n<meta property=\"article:modified_time\" content=\"2026-02-10T09:27:37+00:00\" \/>\n<meta property=\"og:image\" content=\"https:\/\/plyro.eu\/lt\/wp-content\/uploads\/2026\/02\/s-l1600-1129976448-4.jpg\" \/>\n\t<meta property=\"og:image:width\" content=\"1000\" \/>\n\t<meta property=\"og:image:height\" content=\"1000\" \/>\n\t<meta property=\"og:image:type\" content=\"image\/jpeg\" \/>\n<meta name=\"twitter:card\" content=\"summary_large_image\" \/>\n<script type=\"application\/ld+json\" class=\"yoast-schema-graph\">{\"@context\":\"https:\/\/schema.org\",\"@graph\":[{\"@type\":\"WebPage\",\"@id\":\"https:\/\/plyro.eu\/lt\/product\/the-walking-dead-michonne-mopeez-plush-toy\/\",\"url\":\"https:\/\/plyro.eu\/lt\/product\/the-walking-dead-michonne-mopeez-plush-toy\/\",\"name\":\"The Walking Dead Michonne Mopeez Plush Toy - Plyro LT\",\"isPartOf\":{\"@id\":\"https:\/\/plyro.eu\/lt\/#website\"},\"primaryImageOfPage\":{\"@id\":\"https:\/\/plyro.eu\/lt\/product\/the-walking-dead-michonne-mopeez-plush-toy\/#primaryimage\"},\"image\":{\"@id\":\"https:\/\/plyro.eu\/lt\/product\/the-walking-dead-michonne-mopeez-plush-toy\/#primaryimage\"},\"thumbnailUrl\":\"https:\/\/plyro.eu\/lt\/wp-content\/uploads\/2026\/02\/s-l1600-1129976448-4.jpg\",\"datePublished\":\"2026-02-07T00:15:46+00:00\",\"dateModified\":\"2026-02-10T09:27:37+00:00\",\"breadcrumb\":{\"@id\":\"https:\/\/plyro.eu\/lt\/product\/the-walking-dead-michonne-mopeez-plush-toy\/#breadcrumb\"},\"inLanguage\":\"lt-LT\",\"potentialAction\":[{\"@type\":\"ReadAction\",\"target\":[\"https:\/\/plyro.eu\/lt\/product\/the-walking-dead-michonne-mopeez-plush-toy\/\"]}]},{\"@type\":\"ImageObject\",\"inLanguage\":\"lt-LT\",\"@id\":\"https:\/\/plyro.eu\/lt\/product\/the-walking-dead-michonne-mopeez-plush-toy\/#primaryimage\",\"url\":\"https:\/\/plyro.eu\/lt\/wp-content\/uploads\/2026\/02\/s-l1600-1129976448-4.jpg\",\"contentUrl\":\"https:\/\/plyro.eu\/lt\/wp-content\/uploads\/2026\/02\/s-l1600-1129976448-4.jpg\",\"width\":1000,\"height\":1000,\"caption\":\"s-l1600-1129976448\"},{\"@type\":\"BreadcrumbList\",\"@id\":\"https:\/\/plyro.eu\/lt\/product\/the-walking-dead-michonne-mopeez-plush-toy\/#breadcrumb\",\"itemListElement\":[{\"@type\":\"ListItem\",\"position\":1,\"name\":\"Home\",\"item\":\"https:\/\/plyro.eu\/lt\/\"},{\"@type\":\"ListItem\",\"position\":2,\"name\":\"Katalogas\",\"item\":\"https:\/\/plyro.eu\/lt\/shop-2\/\"},{\"@type\":\"ListItem\",\"position\":3,\"name\":\"The Walking Dead Michonne Mopeez Plush Toy\"}]},{\"@type\":\"WebSite\",\"@id\":\"https:\/\/plyro.eu\/lt\/#website\",\"url\":\"https:\/\/plyro.eu\/lt\/\",\"name\":\"Plyro LT\",\"description\":\"\",\"publisher\":{\"@id\":\"https:\/\/plyro.eu\/lt\/#organization\"},\"potentialAction\":[{\"@type\":\"SearchAction\",\"target\":{\"@type\":\"EntryPoint\",\"urlTemplate\":\"https:\/\/plyro.eu\/lt\/?s={search_term_string}\"},\"query-input\":{\"@type\":\"PropertyValueSpecification\",\"valueRequired\":true,\"valueName\":\"search_term_string\"}}],\"inLanguage\":\"lt-LT\"},{\"@type\":\"Organization\",\"@id\":\"https:\/\/plyro.eu\/lt\/#organization\",\"name\":\"Plyro LT\",\"url\":\"https:\/\/plyro.eu\/lt\/\",\"logo\":{\"@type\":\"ImageObject\",\"inLanguage\":\"lt-LT\",\"@id\":\"https:\/\/plyro.eu\/lt\/#\/schema\/logo\/image\/\",\"url\":\"https:\/\/plyro.eu\/lt\/wp-content\/uploads\/2026\/02\/plyro_black_512_transparent.png\",\"contentUrl\":\"https:\/\/plyro.eu\/lt\/wp-content\/uploads\/2026\/02\/plyro_black_512_transparent.png\",\"width\":512,\"height\":512,\"caption\":\"Plyro LT\"},\"image\":{\"@id\":\"https:\/\/plyro.eu\/lt\/#\/schema\/logo\/image\/\"},\"sameAs\":[\"https:\/\/www.facebook.com\/gamedogEE\/\"]}]}<\/script>\n<!-- \/ Yoast SEO plugin. -->","yoast_head_json":{"title":"The Walking Dead Michonne Mopeez Plush Toy - Plyro LT","robots":{"index":"index","follow":"follow","max-snippet":"max-snippet:-1","max-image-preview":"max-image-preview:large","max-video-preview":"max-video-preview:-1"},"canonical":"https:\/\/plyro.eu\/lt\/product\/the-walking-dead-michonne-mopeez-plush-toy\/","og_locale":"lt_LT","og_type":"article","og_title":"The Walking Dead Michonne Mopeez Plush Toy - Plyro LT","og_description":"Walking Deadist Michonne, stiliseeritud Mopeez Pluusina Funkolt. Stiliseeritud Mopeez Plush on 45 tolli pikk, mis sobib ideaalselt igale Walking Dead'i f\u00e4nnile. Koguge ja eksponeerige k\u00f5iki Funko Mopeez Plush figuure. Koguge ja eksponeerige k\u00f5iki Funko Mopeez Plush figuure. Stiliseeritud Mopeez Plush on 45 tolli pikk, ideaalne igale Walking Dead f\u00e4nnile. Koguge ja eksponeerige k\u00f5iki Funko Mopeez Plush figuure.","og_url":"https:\/\/plyro.eu\/lt\/product\/the-walking-dead-michonne-mopeez-plush-toy\/","og_site_name":"Plyro LT","article_publisher":"https:\/\/www.facebook.com\/gamedogEE\/","article_modified_time":"2026-02-10T09:27:37+00:00","og_image":[{"width":1000,"height":1000,"url":"https:\/\/plyro.eu\/lt\/wp-content\/uploads\/2026\/02\/s-l1600-1129976448-4.jpg","type":"image\/jpeg"}],"twitter_card":"summary_large_image","schema":{"@context":"https:\/\/schema.org","@graph":[{"@type":"WebPage","@id":"https:\/\/plyro.eu\/lt\/product\/the-walking-dead-michonne-mopeez-plush-toy\/","url":"https:\/\/plyro.eu\/lt\/product\/the-walking-dead-michonne-mopeez-plush-toy\/","name":"The Walking Dead Michonne Mopeez Plush Toy - Plyro LT","isPartOf":{"@id":"https:\/\/plyro.eu\/lt\/#website"},"primaryImageOfPage":{"@id":"https:\/\/plyro.eu\/lt\/product\/the-walking-dead-michonne-mopeez-plush-toy\/#primaryimage"},"image":{"@id":"https:\/\/plyro.eu\/lt\/product\/the-walking-dead-michonne-mopeez-plush-toy\/#primaryimage"},"thumbnailUrl":"https:\/\/plyro.eu\/lt\/wp-content\/uploads\/2026\/02\/s-l1600-1129976448-4.jpg","datePublished":"2026-02-07T00:15:46+00:00","dateModified":"2026-02-10T09:27:37+00:00","breadcrumb":{"@id":"https:\/\/plyro.eu\/lt\/product\/the-walking-dead-michonne-mopeez-plush-toy\/#breadcrumb"},"inLanguage":"lt-LT","potentialAction":[{"@type":"ReadAction","target":["https:\/\/plyro.eu\/lt\/product\/the-walking-dead-michonne-mopeez-plush-toy\/"]}]},{"@type":"ImageObject","inLanguage":"lt-LT","@id":"https:\/\/plyro.eu\/lt\/product\/the-walking-dead-michonne-mopeez-plush-toy\/#primaryimage","url":"https:\/\/plyro.eu\/lt\/wp-content\/uploads\/2026\/02\/s-l1600-1129976448-4.jpg","contentUrl":"https:\/\/plyro.eu\/lt\/wp-content\/uploads\/2026\/02\/s-l1600-1129976448-4.jpg","width":1000,"height":1000,"caption":"s-l1600-1129976448"},{"@type":"BreadcrumbList","@id":"https:\/\/plyro.eu\/lt\/product\/the-walking-dead-michonne-mopeez-plush-toy\/#breadcrumb","itemListElement":[{"@type":"ListItem","position":1,"name":"Home","item":"https:\/\/plyro.eu\/lt\/"},{"@type":"ListItem","position":2,"name":"Katalogas","item":"https:\/\/plyro.eu\/lt\/shop-2\/"},{"@type":"ListItem","position":3,"name":"The Walking Dead Michonne Mopeez Plush Toy"}]},{"@type":"WebSite","@id":"https:\/\/plyro.eu\/lt\/#website","url":"https:\/\/plyro.eu\/lt\/","name":"Plyro LT","description":"","publisher":{"@id":"https:\/\/plyro.eu\/lt\/#organization"},"potentialAction":[{"@type":"SearchAction","target":{"@type":"EntryPoint","urlTemplate":"https:\/\/plyro.eu\/lt\/?s={search_term_string}"},"query-input":{"@type":"PropertyValueSpecification","valueRequired":true,"valueName":"search_term_string"}}],"inLanguage":"lt-LT"},{"@type":"Organization","@id":"https:\/\/plyro.eu\/lt\/#organization","name":"Plyro LT","url":"https:\/\/plyro.eu\/lt\/","logo":{"@type":"ImageObject","inLanguage":"lt-LT","@id":"https:\/\/plyro.eu\/lt\/#\/schema\/logo\/image\/","url":"https:\/\/plyro.eu\/lt\/wp-content\/uploads\/2026\/02\/plyro_black_512_transparent.png","contentUrl":"https:\/\/plyro.eu\/lt\/wp-content\/uploads\/2026\/02\/plyro_black_512_transparent.png","width":512,"height":512,"caption":"Plyro LT"},"image":{"@id":"https:\/\/plyro.eu\/lt\/#\/schema\/logo\/image\/"},"sameAs":["https:\/\/www.facebook.com\/gamedogEE\/"]}]}},"_links":{"self":[{"href":"https:\/\/plyro.eu\/lt\/wp-json\/wp\/v2\/product\/277636","targetHints":{"allow":["GET"]}}],"collection":[{"href":"https:\/\/plyro.eu\/lt\/wp-json\/wp\/v2\/product"}],"about":[{"href":"https:\/\/plyro.eu\/lt\/wp-json\/wp\/v2\/types\/product"}],"replies":[{"embeddable":true,"href":"https:\/\/plyro.eu\/lt\/wp-json\/wp\/v2\/comments?post=277636"}],"wp:featuredmedia":[{"embeddable":true,"href":"https:\/\/plyro.eu\/lt\/wp-json\/wp\/v2\/media\/277619"}],"wp:attachment":[{"href":"https:\/\/plyro.eu\/lt\/wp-json\/wp\/v2\/media?parent=277636"}],"wp:term":[{"taxonomy":"product_brand","embeddable":true,"href":"https:\/\/plyro.eu\/lt\/wp-json\/wp\/v2\/product_brand?post=277636"},{"taxonomy":"product_cat","embeddable":true,"href":"https:\/\/plyro.eu\/lt\/wp-json\/wp\/v2\/product_cat?post=277636"},{"taxonomy":"product_tag","embeddable":true,"href":"https:\/\/plyro.eu\/lt\/wp-json\/wp\/v2\/product_tag?post=277636"}],"curies":[{"name":"wp","href":"https:\/\/api.w.org\/{rel}","templated":true}]}}