{"id":273072,"date":"2026-02-07T00:00:06","date_gmt":"2026-02-06T22:00:06","guid":{"rendered":"https:\/\/plyro.eu\/lt\/product\/mouse-logitech-mx-vertical-advanced-ergonimic\/"},"modified":"2026-02-10T11:28:02","modified_gmt":"2026-02-10T09:28:02","slug":"mouse-logitech-mx-vertical-advanced-ergonimic","status":"publish","type":"product","link":"https:\/\/plyro.eu\/lt\/product\/mouse-logitech-mx-vertical-advanced-ergonimic\/","title":{"rendered":"Mouse Logitech MX Vertical Advanced Ergonimic"},"content":{"rendered":"<h4><strong>ERGONOOMIKA KOHTUB J\u00d5UDLUSEGA<\/strong><\/h4>\n<p>_x000D_nMX Vertical on t\u00e4iustatud ergonoomiline hiir, mis \u00fchendab teadusp\u00f5hise disaini Logitech&#8217;i MX-seeria k\u00f5rge j\u00f5udlusega. Vabanege ebamugavustundest hiirega, mis on loodud v\u00e4hendama lihaspinget, v\u00e4hendama randmele avalduvat survet ja parandama r\u00fchti._x000D_n<\/p>\n<h4><strong>LOOMULIK K\u00c4ESURVE ASEND<\/strong><\/h4>\n<p>_x000D_nMX Verticali loomulik k\u00e4esurve asend v\u00e4hendab lihaspinget 10 protsenti ja soodustab ergonoomilisemat r\u00fchti. MX Verticali unikaalne 57\u00b0 vertikaalne nurk v\u00e4hendab survet randmele, samal ajal kui teie p\u00f6ial on mugavalt asetatud p\u00f6idla toele._x000D_n<\/p>\n<h4><strong>4X V\u00c4HEM K\u00c4ELIIGUTUSI<\/strong><\/h4>\n<p>_x000D_nT\u00e4iustatud optiline j\u00e4lgimine koos spetsiaalse kursorikiiruse l\u00fclitiga tulemuseks on 4x v\u00e4hem k\u00e4eliigutusi \u2013 v\u00e4hendades lihaste ja k\u00e4e v\u00e4simust._x000D_n<\/p>\n<h4><strong>KIIRLAADIMINE<\/strong><\/h4>\n<p>_x000D_nP\u00fcsige laadituna kuni neli kuud t\u00e4islaadimisega \u2013 ja saate \u00fcheminutilise kiirlaadimisega kolm tundi kasutusaega. Kasutage USB-C laadimiskaablit, et t\u00e4is laadida._x000D_n<\/p>\n<h4><strong>KOLM \u00dcHENDAMISVIISI<\/strong><\/h4>\n<p>_x000D_n\u00dchendage MX Vertical kaasasoleva USB-C laadimiskaabli, Logitech Unifying Receiveri v\u00f5i Bluetooth\u00ae kaudu.<\/p>\n","protected":false},"excerpt":{"rendered":"<p>ERGONOOMIKA KOHTUB J\u00d5UDLUSEGA _x000D_nMX Vertical on t\u00e4iustatud ergonoomiline hiir, mis \u00fchendab teadusp\u00f5hise disaini Logitech&#8217;i MX-seeria k\u00f5rge j\u00f5udlusega. Vabanege ebamugavustundest hiirega, mis on loodud v\u00e4hendama lihaspinget, v\u00e4hendama randmele avalduvat survet ja parandama r\u00fchti._x000D_n LOOMULIK K\u00c4ESURVE ASEND _x000D_nMX Verticali loomulik k\u00e4esurve asend v\u00e4hendab lihaspinget 10 protsenti ja soodustab ergonoomilisemat r\u00fchti. MX Verticali unikaalne 57\u00b0 vertikaalne nurk v\u00e4hendab [&hellip;]<\/p>\n","protected":false},"featured_media":272931,"comment_status":"open","ping_status":"closed","template":"","meta":{"_acf_changed":false,"inline_featured_image":false},"product_brand":[],"product_cat":[1391],"product_tag":[],"class_list":{"0":"post-273072","1":"product","2":"type-product","3":"status-publish","4":"has-post-thumbnail","6":"product_cat-mice","7":"out-of-stock","9":"first","10":"outofstock","11":"taxable","12":"shipping-taxable","13":"purchasable","14":"product-type-simple"},"acf":[],"yoast_head":"<!-- This site is optimized with the Yoast SEO plugin v24.9 - https:\/\/yoast.com\/wordpress\/plugins\/seo\/ -->\n<title>Mouse Logitech MX Vertical Advanced Ergonimic - Plyro LT<\/title>\n<meta name=\"robots\" content=\"index, follow, max-snippet:-1, max-image-preview:large, max-video-preview:-1\" \/>\n<link rel=\"canonical\" href=\"https:\/\/plyro.eu\/lt\/product\/mouse-logitech-mx-vertical-advanced-ergonimic\/\" \/>\n<meta property=\"og:locale\" content=\"lt_LT\" \/>\n<meta property=\"og:type\" content=\"article\" \/>\n<meta property=\"og:title\" content=\"Mouse Logitech MX Vertical Advanced Ergonimic - Plyro LT\" \/>\n<meta property=\"og:description\" content=\"ERGONOOMIKA KOHTUB J\u00d5UDLUSEGA _x000D_nMX Vertical on t\u00e4iustatud ergonoomiline hiir, mis \u00fchendab teadusp\u00f5hise disaini Logitech&#8217;i MX-seeria k\u00f5rge j\u00f5udlusega. Vabanege ebamugavustundest hiirega, mis on loodud v\u00e4hendama lihaspinget, v\u00e4hendama randmele avalduvat survet ja parandama r\u00fchti._x000D_n LOOMULIK K\u00c4ESURVE ASEND _x000D_nMX Verticali loomulik k\u00e4esurve asend v\u00e4hendab lihaspinget 10 protsenti ja soodustab ergonoomilisemat r\u00fchti. MX Verticali unikaalne 57\u00b0 vertikaalne nurk v\u00e4hendab [&hellip;]\" \/>\n<meta property=\"og:url\" content=\"https:\/\/plyro.eu\/lt\/product\/mouse-logitech-mx-vertical-advanced-ergonimic\/\" \/>\n<meta property=\"og:site_name\" content=\"Plyro LT\" \/>\n<meta property=\"article:publisher\" content=\"https:\/\/www.facebook.com\/gamedogEE\/\" \/>\n<meta property=\"article:modified_time\" content=\"2026-02-10T09:28:02+00:00\" \/>\n<meta property=\"og:image\" content=\"https:\/\/plyro.eu\/lt\/wp-content\/uploads\/2026\/02\/Logitech-MX-Vertical-Advanced-Ergonimic-4.jpg\" \/>\n\t<meta property=\"og:image:width\" content=\"560\" \/>\n\t<meta property=\"og:image:height\" content=\"758\" \/>\n\t<meta property=\"og:image:type\" content=\"image\/jpeg\" \/>\n<meta name=\"twitter:card\" content=\"summary_large_image\" \/>\n<meta name=\"twitter:label1\" content=\"Est. reading time\" \/>\n\t<meta name=\"twitter:data1\" content=\"1 minut\u0117\" \/>\n<script type=\"application\/ld+json\" class=\"yoast-schema-graph\">{\"@context\":\"https:\/\/schema.org\",\"@graph\":[{\"@type\":\"WebPage\",\"@id\":\"https:\/\/plyro.eu\/lt\/product\/mouse-logitech-mx-vertical-advanced-ergonimic\/\",\"url\":\"https:\/\/plyro.eu\/lt\/product\/mouse-logitech-mx-vertical-advanced-ergonimic\/\",\"name\":\"Mouse Logitech MX Vertical Advanced Ergonimic - Plyro LT\",\"isPartOf\":{\"@id\":\"https:\/\/plyro.eu\/lt\/#website\"},\"primaryImageOfPage\":{\"@id\":\"https:\/\/plyro.eu\/lt\/product\/mouse-logitech-mx-vertical-advanced-ergonimic\/#primaryimage\"},\"image\":{\"@id\":\"https:\/\/plyro.eu\/lt\/product\/mouse-logitech-mx-vertical-advanced-ergonimic\/#primaryimage\"},\"thumbnailUrl\":\"https:\/\/plyro.eu\/lt\/wp-content\/uploads\/2026\/02\/Logitech-MX-Vertical-Advanced-Ergonimic-4.jpg\",\"datePublished\":\"2026-02-06T22:00:06+00:00\",\"dateModified\":\"2026-02-10T09:28:02+00:00\",\"breadcrumb\":{\"@id\":\"https:\/\/plyro.eu\/lt\/product\/mouse-logitech-mx-vertical-advanced-ergonimic\/#breadcrumb\"},\"inLanguage\":\"lt-LT\",\"potentialAction\":[{\"@type\":\"ReadAction\",\"target\":[\"https:\/\/plyro.eu\/lt\/product\/mouse-logitech-mx-vertical-advanced-ergonimic\/\"]}]},{\"@type\":\"ImageObject\",\"inLanguage\":\"lt-LT\",\"@id\":\"https:\/\/plyro.eu\/lt\/product\/mouse-logitech-mx-vertical-advanced-ergonimic\/#primaryimage\",\"url\":\"https:\/\/plyro.eu\/lt\/wp-content\/uploads\/2026\/02\/Logitech-MX-Vertical-Advanced-Ergonimic-4.jpg\",\"contentUrl\":\"https:\/\/plyro.eu\/lt\/wp-content\/uploads\/2026\/02\/Logitech-MX-Vertical-Advanced-Ergonimic-4.jpg\",\"width\":560,\"height\":758,\"caption\":\"Logitech-MX-Vertical-Advanced-Ergonimic\"},{\"@type\":\"BreadcrumbList\",\"@id\":\"https:\/\/plyro.eu\/lt\/product\/mouse-logitech-mx-vertical-advanced-ergonimic\/#breadcrumb\",\"itemListElement\":[{\"@type\":\"ListItem\",\"position\":1,\"name\":\"Home\",\"item\":\"https:\/\/plyro.eu\/lt\/\"},{\"@type\":\"ListItem\",\"position\":2,\"name\":\"Katalogas\",\"item\":\"https:\/\/plyro.eu\/lt\/shop-2\/\"},{\"@type\":\"ListItem\",\"position\":3,\"name\":\"Mouse Logitech MX Vertical Advanced Ergonimic\"}]},{\"@type\":\"WebSite\",\"@id\":\"https:\/\/plyro.eu\/lt\/#website\",\"url\":\"https:\/\/plyro.eu\/lt\/\",\"name\":\"Plyro LT\",\"description\":\"\",\"publisher\":{\"@id\":\"https:\/\/plyro.eu\/lt\/#organization\"},\"potentialAction\":[{\"@type\":\"SearchAction\",\"target\":{\"@type\":\"EntryPoint\",\"urlTemplate\":\"https:\/\/plyro.eu\/lt\/?s={search_term_string}\"},\"query-input\":{\"@type\":\"PropertyValueSpecification\",\"valueRequired\":true,\"valueName\":\"search_term_string\"}}],\"inLanguage\":\"lt-LT\"},{\"@type\":\"Organization\",\"@id\":\"https:\/\/plyro.eu\/lt\/#organization\",\"name\":\"Plyro LT\",\"url\":\"https:\/\/plyro.eu\/lt\/\",\"logo\":{\"@type\":\"ImageObject\",\"inLanguage\":\"lt-LT\",\"@id\":\"https:\/\/plyro.eu\/lt\/#\/schema\/logo\/image\/\",\"url\":\"https:\/\/plyro.eu\/lt\/wp-content\/uploads\/2026\/02\/plyro_black_512_transparent.png\",\"contentUrl\":\"https:\/\/plyro.eu\/lt\/wp-content\/uploads\/2026\/02\/plyro_black_512_transparent.png\",\"width\":512,\"height\":512,\"caption\":\"Plyro LT\"},\"image\":{\"@id\":\"https:\/\/plyro.eu\/lt\/#\/schema\/logo\/image\/\"},\"sameAs\":[\"https:\/\/www.facebook.com\/gamedogEE\/\"]}]}<\/script>\n<!-- \/ Yoast SEO plugin. -->","yoast_head_json":{"title":"Mouse Logitech MX Vertical Advanced Ergonimic - Plyro LT","robots":{"index":"index","follow":"follow","max-snippet":"max-snippet:-1","max-image-preview":"max-image-preview:large","max-video-preview":"max-video-preview:-1"},"canonical":"https:\/\/plyro.eu\/lt\/product\/mouse-logitech-mx-vertical-advanced-ergonimic\/","og_locale":"lt_LT","og_type":"article","og_title":"Mouse Logitech MX Vertical Advanced Ergonimic - Plyro LT","og_description":"ERGONOOMIKA KOHTUB J\u00d5UDLUSEGA _x000D_nMX Vertical on t\u00e4iustatud ergonoomiline hiir, mis \u00fchendab teadusp\u00f5hise disaini Logitech&#8217;i MX-seeria k\u00f5rge j\u00f5udlusega. Vabanege ebamugavustundest hiirega, mis on loodud v\u00e4hendama lihaspinget, v\u00e4hendama randmele avalduvat survet ja parandama r\u00fchti._x000D_n LOOMULIK K\u00c4ESURVE ASEND _x000D_nMX Verticali loomulik k\u00e4esurve asend v\u00e4hendab lihaspinget 10 protsenti ja soodustab ergonoomilisemat r\u00fchti. MX Verticali unikaalne 57\u00b0 vertikaalne nurk v\u00e4hendab [&hellip;]","og_url":"https:\/\/plyro.eu\/lt\/product\/mouse-logitech-mx-vertical-advanced-ergonimic\/","og_site_name":"Plyro LT","article_publisher":"https:\/\/www.facebook.com\/gamedogEE\/","article_modified_time":"2026-02-10T09:28:02+00:00","og_image":[{"width":560,"height":758,"url":"https:\/\/plyro.eu\/lt\/wp-content\/uploads\/2026\/02\/Logitech-MX-Vertical-Advanced-Ergonimic-4.jpg","type":"image\/jpeg"}],"twitter_card":"summary_large_image","twitter_misc":{"Est. reading time":"1 minut\u0117"},"schema":{"@context":"https:\/\/schema.org","@graph":[{"@type":"WebPage","@id":"https:\/\/plyro.eu\/lt\/product\/mouse-logitech-mx-vertical-advanced-ergonimic\/","url":"https:\/\/plyro.eu\/lt\/product\/mouse-logitech-mx-vertical-advanced-ergonimic\/","name":"Mouse Logitech MX Vertical Advanced Ergonimic - Plyro LT","isPartOf":{"@id":"https:\/\/plyro.eu\/lt\/#website"},"primaryImageOfPage":{"@id":"https:\/\/plyro.eu\/lt\/product\/mouse-logitech-mx-vertical-advanced-ergonimic\/#primaryimage"},"image":{"@id":"https:\/\/plyro.eu\/lt\/product\/mouse-logitech-mx-vertical-advanced-ergonimic\/#primaryimage"},"thumbnailUrl":"https:\/\/plyro.eu\/lt\/wp-content\/uploads\/2026\/02\/Logitech-MX-Vertical-Advanced-Ergonimic-4.jpg","datePublished":"2026-02-06T22:00:06+00:00","dateModified":"2026-02-10T09:28:02+00:00","breadcrumb":{"@id":"https:\/\/plyro.eu\/lt\/product\/mouse-logitech-mx-vertical-advanced-ergonimic\/#breadcrumb"},"inLanguage":"lt-LT","potentialAction":[{"@type":"ReadAction","target":["https:\/\/plyro.eu\/lt\/product\/mouse-logitech-mx-vertical-advanced-ergonimic\/"]}]},{"@type":"ImageObject","inLanguage":"lt-LT","@id":"https:\/\/plyro.eu\/lt\/product\/mouse-logitech-mx-vertical-advanced-ergonimic\/#primaryimage","url":"https:\/\/plyro.eu\/lt\/wp-content\/uploads\/2026\/02\/Logitech-MX-Vertical-Advanced-Ergonimic-4.jpg","contentUrl":"https:\/\/plyro.eu\/lt\/wp-content\/uploads\/2026\/02\/Logitech-MX-Vertical-Advanced-Ergonimic-4.jpg","width":560,"height":758,"caption":"Logitech-MX-Vertical-Advanced-Ergonimic"},{"@type":"BreadcrumbList","@id":"https:\/\/plyro.eu\/lt\/product\/mouse-logitech-mx-vertical-advanced-ergonimic\/#breadcrumb","itemListElement":[{"@type":"ListItem","position":1,"name":"Home","item":"https:\/\/plyro.eu\/lt\/"},{"@type":"ListItem","position":2,"name":"Katalogas","item":"https:\/\/plyro.eu\/lt\/shop-2\/"},{"@type":"ListItem","position":3,"name":"Mouse Logitech MX Vertical Advanced Ergonimic"}]},{"@type":"WebSite","@id":"https:\/\/plyro.eu\/lt\/#website","url":"https:\/\/plyro.eu\/lt\/","name":"Plyro LT","description":"","publisher":{"@id":"https:\/\/plyro.eu\/lt\/#organization"},"potentialAction":[{"@type":"SearchAction","target":{"@type":"EntryPoint","urlTemplate":"https:\/\/plyro.eu\/lt\/?s={search_term_string}"},"query-input":{"@type":"PropertyValueSpecification","valueRequired":true,"valueName":"search_term_string"}}],"inLanguage":"lt-LT"},{"@type":"Organization","@id":"https:\/\/plyro.eu\/lt\/#organization","name":"Plyro LT","url":"https:\/\/plyro.eu\/lt\/","logo":{"@type":"ImageObject","inLanguage":"lt-LT","@id":"https:\/\/plyro.eu\/lt\/#\/schema\/logo\/image\/","url":"https:\/\/plyro.eu\/lt\/wp-content\/uploads\/2026\/02\/plyro_black_512_transparent.png","contentUrl":"https:\/\/plyro.eu\/lt\/wp-content\/uploads\/2026\/02\/plyro_black_512_transparent.png","width":512,"height":512,"caption":"Plyro LT"},"image":{"@id":"https:\/\/plyro.eu\/lt\/#\/schema\/logo\/image\/"},"sameAs":["https:\/\/www.facebook.com\/gamedogEE\/"]}]}},"_links":{"self":[{"href":"https:\/\/plyro.eu\/lt\/wp-json\/wp\/v2\/product\/273072","targetHints":{"allow":["GET"]}}],"collection":[{"href":"https:\/\/plyro.eu\/lt\/wp-json\/wp\/v2\/product"}],"about":[{"href":"https:\/\/plyro.eu\/lt\/wp-json\/wp\/v2\/types\/product"}],"replies":[{"embeddable":true,"href":"https:\/\/plyro.eu\/lt\/wp-json\/wp\/v2\/comments?post=273072"}],"wp:featuredmedia":[{"embeddable":true,"href":"https:\/\/plyro.eu\/lt\/wp-json\/wp\/v2\/media\/272931"}],"wp:attachment":[{"href":"https:\/\/plyro.eu\/lt\/wp-json\/wp\/v2\/media?parent=273072"}],"wp:term":[{"taxonomy":"product_brand","embeddable":true,"href":"https:\/\/plyro.eu\/lt\/wp-json\/wp\/v2\/product_brand?post=273072"},{"taxonomy":"product_cat","embeddable":true,"href":"https:\/\/plyro.eu\/lt\/wp-json\/wp\/v2\/product_cat?post=273072"},{"taxonomy":"product_tag","embeddable":true,"href":"https:\/\/plyro.eu\/lt\/wp-json\/wp\/v2\/product_tag?post=273072"}],"curies":[{"name":"wp","href":"https:\/\/api.w.org\/{rel}","templated":true}]}}