{"id":271461,"date":"2026-02-06T23:17:29","date_gmt":"2026-02-06T21:17:29","guid":{"rendered":"https:\/\/plyro.eu\/lt\/product\/mouse-razer-basilisk-v3-wired\/"},"modified":"2026-03-15T11:52:54","modified_gmt":"2026-03-15T09:52:54","slug":"mouse-razer-basilisk-v3-wired","status":"publish","type":"product","link":"https:\/\/plyro.eu\/lt\/product\/mouse-razer-basilisk-v3-wired\/","title":{"rendered":"Mouse Razer Basilisk V3 Wired"},"content":{"rendered":"<ul>_x000D_n \t<\/p>\n<li>10+1 programmeeritavat nuppu: K\u00f5ik makro- ja k\u00f5rvalfunktsioonid saab m\u00e4\u00e4rata 11 programmeeritavale klahvile, sealhulgas meie kuulsale multifunktsionaalsele nupule, et sooritada h\u00e4davajalikke toiminguid, nagu push-to-talk, ping jne.<\/li>\n<p>_x000D_n \t<\/p>\n<li>Kallutatav Razer Hyperscroll hiireratas: Hiirerattaga, mis t\u00f6\u00f6tab vabalt, kuni see peatub, kerimine v\u00e4lkkiirelt v\u00f5i lihtsalt l\u00fclitub taktiilsesse re\u017eiimi, kui on vaja suuremat t\u00e4psust ja rikkalikku tagasisidet, n\u00e4iteks relvade v\u00f5i oskuste vahetamine.<\/li>\n<p>_x000D_n \t<\/p>\n<li>11 Razer Chroma RGB valgustustsooni: Naudi Razer Basilisk V3 kogu oma hiilguses ja kujunda iga valgustusala 16,8 miljoni v\u00e4rvi ja lugematute valgusefektidega. Lisaks reageerib hiir d\u00fcnaamiliselt enam kui 150 Razer Chroma toega m\u00e4ngule.<\/li>\n<p>_x000D_n \t<\/p>\n<li>Legendaarne ergonoomiline disain koos p\u00f6idlatoega: Hiire iseloomulik kuju, mis r\u00f5\u00f5mustab juba miljoneid f\u00e4nne \u00fcle maailma, annab k\u00e4ele t\u00e4iusliku haarde ning nupud on optimaalselt paigutatud kiireks ja lihtsaks juurdep\u00e4\u00e4suks.<\/li>\n<p>_x000D_n \t<\/p>\n<li>Razeri 2. p\u00f5lvkonna optilise hiire l\u00fclitid: T\u00e4nu sellele, et ei toimu \u00fchtegi valeklikki, v\u00f5ite alati loota, et need l\u00fclitid reageerivad t\u00e4pselt ja koheselt, nende k\u00e4ivitamiskiirus on 0,2 ms ja nad peavad vastu kuni 70 miljonile kl\u00f5psule.<\/li>\n<p>_x000D_n<\/ul>\n","protected":false},"excerpt":{"rendered":"<p>Razer Basilisk V3 m\u00e4nguhiirel on 10+1 programmeeritavat nuppu, kallutatav Hyperscroll hiireratas ja 11 kohandatavat Chroma RGB valgustustsooni, mis tagavad isikup\u00e4rastatud kasutuskogemuse. Ergonoomiline disain koos p\u00f6idlatoega tagab t\u00e4iusliku haarde, samal ajal kui 2. p\u00f5lvkonna optilised l\u00fclitid tagavad t\u00e4pse ja vahetu reageerimise kuni 70 miljoni kl\u00f5psu kestvusega.<\/p>\n","protected":false},"featured_media":271371,"comment_status":"open","ping_status":"closed","template":"","meta":{"_acf_changed":false,"inline_featured_image":false},"product_brand":[],"product_cat":[1391],"product_tag":[],"class_list":{"0":"post-271461","1":"product","2":"type-product","3":"status-publish","4":"has-post-thumbnail","6":"product_cat-mice","7":"out-of-stock","9":"first","10":"outofstock","11":"taxable","12":"shipping-taxable","13":"purchasable","14":"product-type-simple"},"acf":[],"yoast_head":"<!-- This site is optimized with the Yoast SEO plugin v24.9 - https:\/\/yoast.com\/wordpress\/plugins\/seo\/ -->\n<title>Mouse Razer Basilisk V3 Wired - Plyro LT<\/title>\n<meta name=\"robots\" content=\"index, follow, max-snippet:-1, max-image-preview:large, max-video-preview:-1\" \/>\n<link rel=\"canonical\" href=\"https:\/\/plyro.eu\/lt\/product\/mouse-razer-basilisk-v3-wired\/\" \/>\n<meta property=\"og:locale\" content=\"lt_LT\" \/>\n<meta property=\"og:type\" content=\"article\" \/>\n<meta property=\"og:title\" content=\"Mouse Razer Basilisk V3 Wired - Plyro LT\" \/>\n<meta property=\"og:description\" content=\"Razer Basilisk V3 m\u00e4nguhiirel on 10+1 programmeeritavat nuppu, kallutatav Hyperscroll hiireratas ja 11 kohandatavat Chroma RGB valgustustsooni, mis tagavad isikup\u00e4rastatud kasutuskogemuse. Ergonoomiline disain koos p\u00f6idlatoega tagab t\u00e4iusliku haarde, samal ajal kui 2. p\u00f5lvkonna optilised l\u00fclitid tagavad t\u00e4pse ja vahetu reageerimise kuni 70 miljoni kl\u00f5psu kestvusega.\" \/>\n<meta property=\"og:url\" content=\"https:\/\/plyro.eu\/lt\/product\/mouse-razer-basilisk-v3-wired\/\" \/>\n<meta property=\"og:site_name\" content=\"Plyro LT\" \/>\n<meta property=\"article:publisher\" content=\"https:\/\/www.facebook.com\/gamedogEE\/\" \/>\n<meta property=\"article:modified_time\" content=\"2026-03-15T09:52:54+00:00\" \/>\n<meta property=\"og:image\" content=\"https:\/\/plyro.eu\/lt\/wp-content\/uploads\/2026\/02\/Mouse-Razer-Basilisk-V3-Wired-1-3.jpg\" \/>\n\t<meta property=\"og:image:width\" content=\"658\" \/>\n\t<meta property=\"og:image:height\" content=\"1000\" \/>\n\t<meta property=\"og:image:type\" content=\"image\/jpeg\" \/>\n<meta name=\"twitter:card\" content=\"summary_large_image\" \/>\n<meta name=\"twitter:label1\" content=\"Est. reading time\" \/>\n\t<meta name=\"twitter:data1\" content=\"1 minut\u0117\" \/>\n<script type=\"application\/ld+json\" class=\"yoast-schema-graph\">{\"@context\":\"https:\/\/schema.org\",\"@graph\":[{\"@type\":\"WebPage\",\"@id\":\"https:\/\/plyro.eu\/lt\/product\/mouse-razer-basilisk-v3-wired\/\",\"url\":\"https:\/\/plyro.eu\/lt\/product\/mouse-razer-basilisk-v3-wired\/\",\"name\":\"Mouse Razer Basilisk V3 Wired - Plyro LT\",\"isPartOf\":{\"@id\":\"https:\/\/plyro.eu\/lt\/#website\"},\"primaryImageOfPage\":{\"@id\":\"https:\/\/plyro.eu\/lt\/product\/mouse-razer-basilisk-v3-wired\/#primaryimage\"},\"image\":{\"@id\":\"https:\/\/plyro.eu\/lt\/product\/mouse-razer-basilisk-v3-wired\/#primaryimage\"},\"thumbnailUrl\":\"https:\/\/plyro.eu\/lt\/wp-content\/uploads\/2026\/02\/Mouse-Razer-Basilisk-V3-Wired-1-3.jpg\",\"datePublished\":\"2026-02-06T21:17:29+00:00\",\"dateModified\":\"2026-03-15T09:52:54+00:00\",\"breadcrumb\":{\"@id\":\"https:\/\/plyro.eu\/lt\/product\/mouse-razer-basilisk-v3-wired\/#breadcrumb\"},\"inLanguage\":\"lt-LT\",\"potentialAction\":[{\"@type\":\"ReadAction\",\"target\":[\"https:\/\/plyro.eu\/lt\/product\/mouse-razer-basilisk-v3-wired\/\"]}]},{\"@type\":\"ImageObject\",\"inLanguage\":\"lt-LT\",\"@id\":\"https:\/\/plyro.eu\/lt\/product\/mouse-razer-basilisk-v3-wired\/#primaryimage\",\"url\":\"https:\/\/plyro.eu\/lt\/wp-content\/uploads\/2026\/02\/Mouse-Razer-Basilisk-V3-Wired-1-3.jpg\",\"contentUrl\":\"https:\/\/plyro.eu\/lt\/wp-content\/uploads\/2026\/02\/Mouse-Razer-Basilisk-V3-Wired-1-3.jpg\",\"width\":658,\"height\":1000,\"caption\":\"Mouse-Razer-Basilisk-V3-Wired-1\"},{\"@type\":\"BreadcrumbList\",\"@id\":\"https:\/\/plyro.eu\/lt\/product\/mouse-razer-basilisk-v3-wired\/#breadcrumb\",\"itemListElement\":[{\"@type\":\"ListItem\",\"position\":1,\"name\":\"Home\",\"item\":\"https:\/\/plyro.eu\/lt\/\"},{\"@type\":\"ListItem\",\"position\":2,\"name\":\"Katalogas\",\"item\":\"https:\/\/plyro.eu\/lt\/shop-2\/\"},{\"@type\":\"ListItem\",\"position\":3,\"name\":\"Mouse Razer Basilisk V3 Wired\"}]},{\"@type\":\"WebSite\",\"@id\":\"https:\/\/plyro.eu\/lt\/#website\",\"url\":\"https:\/\/plyro.eu\/lt\/\",\"name\":\"Plyro LT\",\"description\":\"\",\"publisher\":{\"@id\":\"https:\/\/plyro.eu\/lt\/#organization\"},\"potentialAction\":[{\"@type\":\"SearchAction\",\"target\":{\"@type\":\"EntryPoint\",\"urlTemplate\":\"https:\/\/plyro.eu\/lt\/?s={search_term_string}\"},\"query-input\":{\"@type\":\"PropertyValueSpecification\",\"valueRequired\":true,\"valueName\":\"search_term_string\"}}],\"inLanguage\":\"lt-LT\"},{\"@type\":\"Organization\",\"@id\":\"https:\/\/plyro.eu\/lt\/#organization\",\"name\":\"Plyro LT\",\"url\":\"https:\/\/plyro.eu\/lt\/\",\"logo\":{\"@type\":\"ImageObject\",\"inLanguage\":\"lt-LT\",\"@id\":\"https:\/\/plyro.eu\/lt\/#\/schema\/logo\/image\/\",\"url\":\"https:\/\/plyro.eu\/lt\/wp-content\/uploads\/2026\/02\/plyro_black_512_transparent.png\",\"contentUrl\":\"https:\/\/plyro.eu\/lt\/wp-content\/uploads\/2026\/02\/plyro_black_512_transparent.png\",\"width\":512,\"height\":512,\"caption\":\"Plyro LT\"},\"image\":{\"@id\":\"https:\/\/plyro.eu\/lt\/#\/schema\/logo\/image\/\"},\"sameAs\":[\"https:\/\/www.facebook.com\/gamedogEE\/\"]}]}<\/script>\n<!-- \/ Yoast SEO plugin. -->","yoast_head_json":{"title":"Mouse Razer Basilisk V3 Wired - Plyro LT","robots":{"index":"index","follow":"follow","max-snippet":"max-snippet:-1","max-image-preview":"max-image-preview:large","max-video-preview":"max-video-preview:-1"},"canonical":"https:\/\/plyro.eu\/lt\/product\/mouse-razer-basilisk-v3-wired\/","og_locale":"lt_LT","og_type":"article","og_title":"Mouse Razer Basilisk V3 Wired - Plyro LT","og_description":"Razer Basilisk V3 m\u00e4nguhiirel on 10+1 programmeeritavat nuppu, kallutatav Hyperscroll hiireratas ja 11 kohandatavat Chroma RGB valgustustsooni, mis tagavad isikup\u00e4rastatud kasutuskogemuse. Ergonoomiline disain koos p\u00f6idlatoega tagab t\u00e4iusliku haarde, samal ajal kui 2. p\u00f5lvkonna optilised l\u00fclitid tagavad t\u00e4pse ja vahetu reageerimise kuni 70 miljoni kl\u00f5psu kestvusega.","og_url":"https:\/\/plyro.eu\/lt\/product\/mouse-razer-basilisk-v3-wired\/","og_site_name":"Plyro LT","article_publisher":"https:\/\/www.facebook.com\/gamedogEE\/","article_modified_time":"2026-03-15T09:52:54+00:00","og_image":[{"width":658,"height":1000,"url":"https:\/\/plyro.eu\/lt\/wp-content\/uploads\/2026\/02\/Mouse-Razer-Basilisk-V3-Wired-1-3.jpg","type":"image\/jpeg"}],"twitter_card":"summary_large_image","twitter_misc":{"Est. reading time":"1 minut\u0117"},"schema":{"@context":"https:\/\/schema.org","@graph":[{"@type":"WebPage","@id":"https:\/\/plyro.eu\/lt\/product\/mouse-razer-basilisk-v3-wired\/","url":"https:\/\/plyro.eu\/lt\/product\/mouse-razer-basilisk-v3-wired\/","name":"Mouse Razer Basilisk V3 Wired - Plyro LT","isPartOf":{"@id":"https:\/\/plyro.eu\/lt\/#website"},"primaryImageOfPage":{"@id":"https:\/\/plyro.eu\/lt\/product\/mouse-razer-basilisk-v3-wired\/#primaryimage"},"image":{"@id":"https:\/\/plyro.eu\/lt\/product\/mouse-razer-basilisk-v3-wired\/#primaryimage"},"thumbnailUrl":"https:\/\/plyro.eu\/lt\/wp-content\/uploads\/2026\/02\/Mouse-Razer-Basilisk-V3-Wired-1-3.jpg","datePublished":"2026-02-06T21:17:29+00:00","dateModified":"2026-03-15T09:52:54+00:00","breadcrumb":{"@id":"https:\/\/plyro.eu\/lt\/product\/mouse-razer-basilisk-v3-wired\/#breadcrumb"},"inLanguage":"lt-LT","potentialAction":[{"@type":"ReadAction","target":["https:\/\/plyro.eu\/lt\/product\/mouse-razer-basilisk-v3-wired\/"]}]},{"@type":"ImageObject","inLanguage":"lt-LT","@id":"https:\/\/plyro.eu\/lt\/product\/mouse-razer-basilisk-v3-wired\/#primaryimage","url":"https:\/\/plyro.eu\/lt\/wp-content\/uploads\/2026\/02\/Mouse-Razer-Basilisk-V3-Wired-1-3.jpg","contentUrl":"https:\/\/plyro.eu\/lt\/wp-content\/uploads\/2026\/02\/Mouse-Razer-Basilisk-V3-Wired-1-3.jpg","width":658,"height":1000,"caption":"Mouse-Razer-Basilisk-V3-Wired-1"},{"@type":"BreadcrumbList","@id":"https:\/\/plyro.eu\/lt\/product\/mouse-razer-basilisk-v3-wired\/#breadcrumb","itemListElement":[{"@type":"ListItem","position":1,"name":"Home","item":"https:\/\/plyro.eu\/lt\/"},{"@type":"ListItem","position":2,"name":"Katalogas","item":"https:\/\/plyro.eu\/lt\/shop-2\/"},{"@type":"ListItem","position":3,"name":"Mouse Razer Basilisk V3 Wired"}]},{"@type":"WebSite","@id":"https:\/\/plyro.eu\/lt\/#website","url":"https:\/\/plyro.eu\/lt\/","name":"Plyro LT","description":"","publisher":{"@id":"https:\/\/plyro.eu\/lt\/#organization"},"potentialAction":[{"@type":"SearchAction","target":{"@type":"EntryPoint","urlTemplate":"https:\/\/plyro.eu\/lt\/?s={search_term_string}"},"query-input":{"@type":"PropertyValueSpecification","valueRequired":true,"valueName":"search_term_string"}}],"inLanguage":"lt-LT"},{"@type":"Organization","@id":"https:\/\/plyro.eu\/lt\/#organization","name":"Plyro LT","url":"https:\/\/plyro.eu\/lt\/","logo":{"@type":"ImageObject","inLanguage":"lt-LT","@id":"https:\/\/plyro.eu\/lt\/#\/schema\/logo\/image\/","url":"https:\/\/plyro.eu\/lt\/wp-content\/uploads\/2026\/02\/plyro_black_512_transparent.png","contentUrl":"https:\/\/plyro.eu\/lt\/wp-content\/uploads\/2026\/02\/plyro_black_512_transparent.png","width":512,"height":512,"caption":"Plyro LT"},"image":{"@id":"https:\/\/plyro.eu\/lt\/#\/schema\/logo\/image\/"},"sameAs":["https:\/\/www.facebook.com\/gamedogEE\/"]}]}},"_links":{"self":[{"href":"https:\/\/plyro.eu\/lt\/wp-json\/wp\/v2\/product\/271461","targetHints":{"allow":["GET"]}}],"collection":[{"href":"https:\/\/plyro.eu\/lt\/wp-json\/wp\/v2\/product"}],"about":[{"href":"https:\/\/plyro.eu\/lt\/wp-json\/wp\/v2\/types\/product"}],"replies":[{"embeddable":true,"href":"https:\/\/plyro.eu\/lt\/wp-json\/wp\/v2\/comments?post=271461"}],"wp:featuredmedia":[{"embeddable":true,"href":"https:\/\/plyro.eu\/lt\/wp-json\/wp\/v2\/media\/271371"}],"wp:attachment":[{"href":"https:\/\/plyro.eu\/lt\/wp-json\/wp\/v2\/media?parent=271461"}],"wp:term":[{"taxonomy":"product_brand","embeddable":true,"href":"https:\/\/plyro.eu\/lt\/wp-json\/wp\/v2\/product_brand?post=271461"},{"taxonomy":"product_cat","embeddable":true,"href":"https:\/\/plyro.eu\/lt\/wp-json\/wp\/v2\/product_cat?post=271461"},{"taxonomy":"product_tag","embeddable":true,"href":"https:\/\/plyro.eu\/lt\/wp-json\/wp\/v2\/product_tag?post=271461"}],"curies":[{"name":"wp","href":"https:\/\/api.w.org\/{rel}","templated":true}]}}