{"id":270874,"date":"2026-02-06T23:02:09","date_gmt":"2026-02-06T21:02:09","guid":{"rendered":"https:\/\/plyro.eu\/lt\/product\/mouse-logitech-mx-master-2s-bluetooth\/"},"modified":"2026-03-12T11:51:57","modified_gmt":"2026-03-12T09:51:57","slug":"mouse-logitech-mx-master-2s-bluetooth","status":"publish","type":"product","link":"https:\/\/plyro.eu\/lt\/product\/mouse-logitech-mx-master-2s-bluetooth\/","title":{"rendered":"Mouse Logitech MX Master 2S Bluetooth"},"content":{"rendered":"<ul>_x000D_n \t<\/p>\n<li>\u00dchendage kuni 3 arvutit: Logitech Flow v\u00f5imaldab juhtmevaba hiirega juhtida kuni kolme arvutit ning kopeerida\/liita nende vahel teksti, pilte ja faile.<\/li>\n<p>_x000D_n \t<\/p>\n<li>T\u00e4pne juhtimine: Hiir sobib erinevatele pindadele t\u00e4nu \u00fclit\u00e4psele tumev\u00e4lja skaneerimisele, mis tagab veavaba juhtimise praktiliselt k\u00f5ikjal &#8211; isegi klaasil kuni 4000 DPI-ga<\/li>\n<p>_x000D_n \t<\/p>\n<li>Kiirlaadimine: \u00fchendage Bluetooth-hiir lihtsalt arvutiga ja saate vaid 3 minutiga kogu p\u00e4evaks piisavalt energiat; t\u00e4islaadimine kestab kuni 70 p\u00e4eva.<\/li>\n<p>_x000D_n \t<\/p>\n<li>Reguleerige kiirust, kerige horisontaalselt: Kerige veebilehti kiiremini ja lihtsamalt kiiruse reguleerimise kerimisrattaga ning kerige horisontaalselt vaid p\u00f6idla liigutusega<\/li>\n<p>_x000D_n \t<\/p>\n<li>Lihtsam, kiirem navigeerimine: Sirvige pikemaid dokumente v\u00f5i veebilehti kiiremini ja lihtsamalt v\u00f5i vajutage ratast ja l\u00fclitage t\u00e4pse navigeerimise jaoks kl\u00f5psu-kl\u00f5psu re\u017eiimi.<\/li>\n<p>_x000D_n<\/ul>\n","protected":false},"excerpt":{"rendered":"<p>Logitechi tipphiir on m\u00f5eldud tootlikkuse meistritele, kes soovivad teha rohkem ja t\u00f5husamalt. MX Master 2S pakub paljude t\u00e4iustatud funktsioonide hulgas Logitech Flow&#8217;d, mis v\u00f5imaldab sujuvat arvutite vahelist juhtimist, t\u00e4iustatud kerimist, suure t\u00e4psusega j\u00e4lgimist k\u00f5ikidel pindadel ja uimastavat disaini. Optimeeritud Windows\u00ae ja Mac&#8217;i jaoks.<\/p>\n","protected":false},"featured_media":270778,"comment_status":"open","ping_status":"closed","template":"","meta":{"_acf_changed":false,"inline_featured_image":false},"product_brand":[],"product_cat":[1391],"product_tag":[],"class_list":{"0":"post-270874","1":"product","2":"type-product","3":"status-publish","4":"has-post-thumbnail","6":"product_cat-mice","7":"out-of-stock","9":"first","10":"outofstock","11":"taxable","12":"shipping-taxable","13":"purchasable","14":"product-type-simple"},"acf":[],"yoast_head":"<!-- This site is optimized with the Yoast SEO plugin v24.9 - https:\/\/yoast.com\/wordpress\/plugins\/seo\/ -->\n<title>Mouse Logitech MX Master 2S Bluetooth - Plyro LT<\/title>\n<meta name=\"robots\" content=\"index, follow, max-snippet:-1, max-image-preview:large, max-video-preview:-1\" \/>\n<link rel=\"canonical\" href=\"https:\/\/plyro.eu\/lt\/product\/mouse-logitech-mx-master-2s-bluetooth\/\" \/>\n<meta property=\"og:locale\" content=\"lt_LT\" \/>\n<meta property=\"og:type\" content=\"article\" \/>\n<meta property=\"og:title\" content=\"Mouse Logitech MX Master 2S Bluetooth - Plyro LT\" \/>\n<meta property=\"og:description\" content=\"Logitechi tipphiir on m\u00f5eldud tootlikkuse meistritele, kes soovivad teha rohkem ja t\u00f5husamalt. MX Master 2S pakub paljude t\u00e4iustatud funktsioonide hulgas Logitech Flow&#039;d, mis v\u00f5imaldab sujuvat arvutite vahelist juhtimist, t\u00e4iustatud kerimist, suure t\u00e4psusega j\u00e4lgimist k\u00f5ikidel pindadel ja uimastavat disaini. Optimeeritud Windows\u00ae ja Mac&#039;i jaoks.\" \/>\n<meta property=\"og:url\" content=\"https:\/\/plyro.eu\/lt\/product\/mouse-logitech-mx-master-2s-bluetooth\/\" \/>\n<meta property=\"og:site_name\" content=\"Plyro LT\" \/>\n<meta property=\"article:publisher\" content=\"https:\/\/www.facebook.com\/gamedogEE\/\" \/>\n<meta property=\"article:modified_time\" content=\"2026-03-12T09:51:57+00:00\" \/>\n<meta property=\"og:image\" content=\"https:\/\/plyro.eu\/lt\/wp-content\/uploads\/2026\/02\/Mouse-Logitech-MX-Master-2S-Bluetooth-2-1.webp\" \/>\n\t<meta property=\"og:image:width\" content=\"1000\" \/>\n\t<meta property=\"og:image:height\" content=\"649\" \/>\n\t<meta property=\"og:image:type\" content=\"image\/webp\" \/>\n<meta name=\"twitter:card\" content=\"summary_large_image\" \/>\n<meta name=\"twitter:label1\" content=\"Est. reading time\" \/>\n\t<meta name=\"twitter:data1\" content=\"1 minut\u0117\" \/>\n<script type=\"application\/ld+json\" class=\"yoast-schema-graph\">{\"@context\":\"https:\/\/schema.org\",\"@graph\":[{\"@type\":\"WebPage\",\"@id\":\"https:\/\/plyro.eu\/lt\/product\/mouse-logitech-mx-master-2s-bluetooth\/\",\"url\":\"https:\/\/plyro.eu\/lt\/product\/mouse-logitech-mx-master-2s-bluetooth\/\",\"name\":\"Mouse Logitech MX Master 2S Bluetooth - Plyro LT\",\"isPartOf\":{\"@id\":\"https:\/\/plyro.eu\/lt\/#website\"},\"primaryImageOfPage\":{\"@id\":\"https:\/\/plyro.eu\/lt\/product\/mouse-logitech-mx-master-2s-bluetooth\/#primaryimage\"},\"image\":{\"@id\":\"https:\/\/plyro.eu\/lt\/product\/mouse-logitech-mx-master-2s-bluetooth\/#primaryimage\"},\"thumbnailUrl\":\"https:\/\/plyro.eu\/lt\/wp-content\/uploads\/2026\/02\/Mouse-Logitech-MX-Master-2S-Bluetooth-2-1.webp\",\"datePublished\":\"2026-02-06T21:02:09+00:00\",\"dateModified\":\"2026-03-12T09:51:57+00:00\",\"breadcrumb\":{\"@id\":\"https:\/\/plyro.eu\/lt\/product\/mouse-logitech-mx-master-2s-bluetooth\/#breadcrumb\"},\"inLanguage\":\"lt-LT\",\"potentialAction\":[{\"@type\":\"ReadAction\",\"target\":[\"https:\/\/plyro.eu\/lt\/product\/mouse-logitech-mx-master-2s-bluetooth\/\"]}]},{\"@type\":\"ImageObject\",\"inLanguage\":\"lt-LT\",\"@id\":\"https:\/\/plyro.eu\/lt\/product\/mouse-logitech-mx-master-2s-bluetooth\/#primaryimage\",\"url\":\"https:\/\/plyro.eu\/lt\/wp-content\/uploads\/2026\/02\/Mouse-Logitech-MX-Master-2S-Bluetooth-2-1.webp\",\"contentUrl\":\"https:\/\/plyro.eu\/lt\/wp-content\/uploads\/2026\/02\/Mouse-Logitech-MX-Master-2S-Bluetooth-2-1.webp\",\"width\":1000,\"height\":649,\"caption\":\"Mouse-Logitech-MX-Master-2S-Bluetooth-2.\"},{\"@type\":\"BreadcrumbList\",\"@id\":\"https:\/\/plyro.eu\/lt\/product\/mouse-logitech-mx-master-2s-bluetooth\/#breadcrumb\",\"itemListElement\":[{\"@type\":\"ListItem\",\"position\":1,\"name\":\"Home\",\"item\":\"https:\/\/plyro.eu\/lt\/\"},{\"@type\":\"ListItem\",\"position\":2,\"name\":\"Katalogas\",\"item\":\"https:\/\/plyro.eu\/lt\/shop-2\/\"},{\"@type\":\"ListItem\",\"position\":3,\"name\":\"Mouse Logitech MX Master 2S Bluetooth\"}]},{\"@type\":\"WebSite\",\"@id\":\"https:\/\/plyro.eu\/lt\/#website\",\"url\":\"https:\/\/plyro.eu\/lt\/\",\"name\":\"Plyro LT\",\"description\":\"\",\"publisher\":{\"@id\":\"https:\/\/plyro.eu\/lt\/#organization\"},\"potentialAction\":[{\"@type\":\"SearchAction\",\"target\":{\"@type\":\"EntryPoint\",\"urlTemplate\":\"https:\/\/plyro.eu\/lt\/?s={search_term_string}\"},\"query-input\":{\"@type\":\"PropertyValueSpecification\",\"valueRequired\":true,\"valueName\":\"search_term_string\"}}],\"inLanguage\":\"lt-LT\"},{\"@type\":\"Organization\",\"@id\":\"https:\/\/plyro.eu\/lt\/#organization\",\"name\":\"Plyro LT\",\"url\":\"https:\/\/plyro.eu\/lt\/\",\"logo\":{\"@type\":\"ImageObject\",\"inLanguage\":\"lt-LT\",\"@id\":\"https:\/\/plyro.eu\/lt\/#\/schema\/logo\/image\/\",\"url\":\"https:\/\/plyro.eu\/lt\/wp-content\/uploads\/2026\/02\/plyro_black_512_transparent.png\",\"contentUrl\":\"https:\/\/plyro.eu\/lt\/wp-content\/uploads\/2026\/02\/plyro_black_512_transparent.png\",\"width\":512,\"height\":512,\"caption\":\"Plyro LT\"},\"image\":{\"@id\":\"https:\/\/plyro.eu\/lt\/#\/schema\/logo\/image\/\"},\"sameAs\":[\"https:\/\/www.facebook.com\/gamedogEE\/\"]}]}<\/script>\n<!-- \/ Yoast SEO plugin. -->","yoast_head_json":{"title":"Mouse Logitech MX Master 2S Bluetooth - Plyro LT","robots":{"index":"index","follow":"follow","max-snippet":"max-snippet:-1","max-image-preview":"max-image-preview:large","max-video-preview":"max-video-preview:-1"},"canonical":"https:\/\/plyro.eu\/lt\/product\/mouse-logitech-mx-master-2s-bluetooth\/","og_locale":"lt_LT","og_type":"article","og_title":"Mouse Logitech MX Master 2S Bluetooth - Plyro LT","og_description":"Logitechi tipphiir on m\u00f5eldud tootlikkuse meistritele, kes soovivad teha rohkem ja t\u00f5husamalt. MX Master 2S pakub paljude t\u00e4iustatud funktsioonide hulgas Logitech Flow'd, mis v\u00f5imaldab sujuvat arvutite vahelist juhtimist, t\u00e4iustatud kerimist, suure t\u00e4psusega j\u00e4lgimist k\u00f5ikidel pindadel ja uimastavat disaini. Optimeeritud Windows\u00ae ja Mac'i jaoks.","og_url":"https:\/\/plyro.eu\/lt\/product\/mouse-logitech-mx-master-2s-bluetooth\/","og_site_name":"Plyro LT","article_publisher":"https:\/\/www.facebook.com\/gamedogEE\/","article_modified_time":"2026-03-12T09:51:57+00:00","og_image":[{"width":1000,"height":649,"url":"https:\/\/plyro.eu\/lt\/wp-content\/uploads\/2026\/02\/Mouse-Logitech-MX-Master-2S-Bluetooth-2-1.webp","type":"image\/webp"}],"twitter_card":"summary_large_image","twitter_misc":{"Est. reading time":"1 minut\u0117"},"schema":{"@context":"https:\/\/schema.org","@graph":[{"@type":"WebPage","@id":"https:\/\/plyro.eu\/lt\/product\/mouse-logitech-mx-master-2s-bluetooth\/","url":"https:\/\/plyro.eu\/lt\/product\/mouse-logitech-mx-master-2s-bluetooth\/","name":"Mouse Logitech MX Master 2S Bluetooth - Plyro LT","isPartOf":{"@id":"https:\/\/plyro.eu\/lt\/#website"},"primaryImageOfPage":{"@id":"https:\/\/plyro.eu\/lt\/product\/mouse-logitech-mx-master-2s-bluetooth\/#primaryimage"},"image":{"@id":"https:\/\/plyro.eu\/lt\/product\/mouse-logitech-mx-master-2s-bluetooth\/#primaryimage"},"thumbnailUrl":"https:\/\/plyro.eu\/lt\/wp-content\/uploads\/2026\/02\/Mouse-Logitech-MX-Master-2S-Bluetooth-2-1.webp","datePublished":"2026-02-06T21:02:09+00:00","dateModified":"2026-03-12T09:51:57+00:00","breadcrumb":{"@id":"https:\/\/plyro.eu\/lt\/product\/mouse-logitech-mx-master-2s-bluetooth\/#breadcrumb"},"inLanguage":"lt-LT","potentialAction":[{"@type":"ReadAction","target":["https:\/\/plyro.eu\/lt\/product\/mouse-logitech-mx-master-2s-bluetooth\/"]}]},{"@type":"ImageObject","inLanguage":"lt-LT","@id":"https:\/\/plyro.eu\/lt\/product\/mouse-logitech-mx-master-2s-bluetooth\/#primaryimage","url":"https:\/\/plyro.eu\/lt\/wp-content\/uploads\/2026\/02\/Mouse-Logitech-MX-Master-2S-Bluetooth-2-1.webp","contentUrl":"https:\/\/plyro.eu\/lt\/wp-content\/uploads\/2026\/02\/Mouse-Logitech-MX-Master-2S-Bluetooth-2-1.webp","width":1000,"height":649,"caption":"Mouse-Logitech-MX-Master-2S-Bluetooth-2."},{"@type":"BreadcrumbList","@id":"https:\/\/plyro.eu\/lt\/product\/mouse-logitech-mx-master-2s-bluetooth\/#breadcrumb","itemListElement":[{"@type":"ListItem","position":1,"name":"Home","item":"https:\/\/plyro.eu\/lt\/"},{"@type":"ListItem","position":2,"name":"Katalogas","item":"https:\/\/plyro.eu\/lt\/shop-2\/"},{"@type":"ListItem","position":3,"name":"Mouse Logitech MX Master 2S Bluetooth"}]},{"@type":"WebSite","@id":"https:\/\/plyro.eu\/lt\/#website","url":"https:\/\/plyro.eu\/lt\/","name":"Plyro LT","description":"","publisher":{"@id":"https:\/\/plyro.eu\/lt\/#organization"},"potentialAction":[{"@type":"SearchAction","target":{"@type":"EntryPoint","urlTemplate":"https:\/\/plyro.eu\/lt\/?s={search_term_string}"},"query-input":{"@type":"PropertyValueSpecification","valueRequired":true,"valueName":"search_term_string"}}],"inLanguage":"lt-LT"},{"@type":"Organization","@id":"https:\/\/plyro.eu\/lt\/#organization","name":"Plyro LT","url":"https:\/\/plyro.eu\/lt\/","logo":{"@type":"ImageObject","inLanguage":"lt-LT","@id":"https:\/\/plyro.eu\/lt\/#\/schema\/logo\/image\/","url":"https:\/\/plyro.eu\/lt\/wp-content\/uploads\/2026\/02\/plyro_black_512_transparent.png","contentUrl":"https:\/\/plyro.eu\/lt\/wp-content\/uploads\/2026\/02\/plyro_black_512_transparent.png","width":512,"height":512,"caption":"Plyro LT"},"image":{"@id":"https:\/\/plyro.eu\/lt\/#\/schema\/logo\/image\/"},"sameAs":["https:\/\/www.facebook.com\/gamedogEE\/"]}]}},"_links":{"self":[{"href":"https:\/\/plyro.eu\/lt\/wp-json\/wp\/v2\/product\/270874","targetHints":{"allow":["GET"]}}],"collection":[{"href":"https:\/\/plyro.eu\/lt\/wp-json\/wp\/v2\/product"}],"about":[{"href":"https:\/\/plyro.eu\/lt\/wp-json\/wp\/v2\/types\/product"}],"replies":[{"embeddable":true,"href":"https:\/\/plyro.eu\/lt\/wp-json\/wp\/v2\/comments?post=270874"}],"wp:featuredmedia":[{"embeddable":true,"href":"https:\/\/plyro.eu\/lt\/wp-json\/wp\/v2\/media\/270778"}],"wp:attachment":[{"href":"https:\/\/plyro.eu\/lt\/wp-json\/wp\/v2\/media?parent=270874"}],"wp:term":[{"taxonomy":"product_brand","embeddable":true,"href":"https:\/\/plyro.eu\/lt\/wp-json\/wp\/v2\/product_brand?post=270874"},{"taxonomy":"product_cat","embeddable":true,"href":"https:\/\/plyro.eu\/lt\/wp-json\/wp\/v2\/product_cat?post=270874"},{"taxonomy":"product_tag","embeddable":true,"href":"https:\/\/plyro.eu\/lt\/wp-json\/wp\/v2\/product_tag?post=270874"}],"curies":[{"name":"wp","href":"https:\/\/api.w.org\/{rel}","templated":true}]}}