{"id":266994,"date":"2026-02-06T21:06:10","date_gmt":"2026-02-06T19:06:10","guid":{"rendered":"https:\/\/plyro.eu\/lt\/product\/sony-official-playstation-vr2-horizon-call-of-the-mountain-horizon-bundle\/"},"modified":"2026-02-10T11:27:49","modified_gmt":"2026-02-10T09:27:49","slug":"sony-official-playstation-vr2-horizon-call-of-the-mountain-horizon-bundle","status":"publish","type":"product","link":"https:\/\/plyro.eu\/lt\/product\/sony-official-playstation-vr2-horizon-call-of-the-mountain-horizon-bundle\/","title":{"rendered":"Sony Official PlayStation VR2 + Horizon: Call of the Mountain &#8211; Horizon Bundle"},"content":{"rendered":"","protected":false},"excerpt":{"rendered":"<p>Sony PlayStation VR2 on j\u00e4rgmine p\u00f5lvkonna virtuaalreaalsuse peakomplekt, mis on m\u00f5eldud kasutamiseks koos PlayStation 5 m\u00e4ngukonsooliga._x000D_n_x000D_nPeakomplekt on varustatud k\u00f5rgresolutsiooniliste ekraanidega, mis pakuvad selgemat ja detailsust t\u00e4ielikult immersiivse VR-kogemuse saavutamiseks. Need on ka kergemad ja mugavamad kandmiseks, mis v\u00f5imaldab pikemat m\u00e4nguaega._x000D_n_x000D_nM\u00e4ngijad saavad kasutada ka spetsiaalseid kontrollereid, mis on disainitud VR-m\u00e4ngude jaoks ning pakuvad t\u00e4psemat ja intuitiivsemat kontrolli oma tegelase \u00fcle. Kontrolleritel on ka sisseehitatud taktiline tagasiside, mis suurendab veelgi m\u00e4ngukogemuse realismi.<\/p>\n","protected":false},"featured_media":266945,"comment_status":"open","ping_status":"closed","template":"","meta":{"_acf_changed":false,"inline_featured_image":false},"product_brand":[],"product_cat":[1409],"product_tag":[],"class_list":{"0":"post-266994","1":"product","2":"type-product","3":"status-publish","4":"has-post-thumbnail","6":"product_cat-playstation-accessories","7":"out-of-stock","9":"first","10":"outofstock","11":"taxable","12":"shipping-taxable","13":"purchasable","14":"product-type-simple"},"acf":[],"yoast_head":"<!-- This site is optimized with the Yoast SEO plugin v24.9 - https:\/\/yoast.com\/wordpress\/plugins\/seo\/ -->\n<title>Sony Official PlayStation VR2 + Horizon: Call of the Mountain - Horizon Bundle - Plyro LT<\/title>\n<meta name=\"robots\" content=\"index, follow, max-snippet:-1, max-image-preview:large, max-video-preview:-1\" \/>\n<link rel=\"canonical\" href=\"https:\/\/plyro.eu\/lt\/product\/sony-official-playstation-vr2-horizon-call-of-the-mountain-horizon-bundle\/\" \/>\n<meta property=\"og:locale\" content=\"lt_LT\" \/>\n<meta property=\"og:type\" content=\"article\" \/>\n<meta property=\"og:title\" content=\"Sony Official PlayStation VR2 + Horizon: Call of the Mountain - Horizon Bundle - Plyro LT\" \/>\n<meta property=\"og:description\" content=\"Sony PlayStation VR2 on j\u00e4rgmine p\u00f5lvkonna virtuaalreaalsuse peakomplekt, mis on m\u00f5eldud kasutamiseks koos PlayStation 5 m\u00e4ngukonsooliga._x000D_n_x000D_nPeakomplekt on varustatud k\u00f5rgresolutsiooniliste ekraanidega, mis pakuvad selgemat ja detailsust t\u00e4ielikult immersiivse VR-kogemuse saavutamiseks. Need on ka kergemad ja mugavamad kandmiseks, mis v\u00f5imaldab pikemat m\u00e4nguaega._x000D_n_x000D_nM\u00e4ngijad saavad kasutada ka spetsiaalseid kontrollereid, mis on disainitud VR-m\u00e4ngude jaoks ning pakuvad t\u00e4psemat ja intuitiivsemat kontrolli oma tegelase \u00fcle. Kontrolleritel on ka sisseehitatud taktiline tagasiside, mis suurendab veelgi m\u00e4ngukogemuse realismi.\" \/>\n<meta property=\"og:url\" content=\"https:\/\/plyro.eu\/lt\/product\/sony-official-playstation-vr2-horizon-call-of-the-mountain-horizon-bundle\/\" \/>\n<meta property=\"og:site_name\" content=\"Plyro LT\" \/>\n<meta property=\"article:publisher\" content=\"https:\/\/www.facebook.com\/gamedogEE\/\" \/>\n<meta property=\"article:modified_time\" content=\"2026-02-10T09:27:49+00:00\" \/>\n<meta property=\"og:image\" content=\"https:\/\/plyro.eu\/lt\/wp-content\/uploads\/2026\/02\/71LE6GMe2cL-AC-SL1500-1-2.jpg\" \/>\n\t<meta property=\"og:image:width\" content=\"1000\" \/>\n\t<meta property=\"og:image:height\" content=\"444\" \/>\n\t<meta property=\"og:image:type\" content=\"image\/jpeg\" \/>\n<meta name=\"twitter:card\" content=\"summary_large_image\" \/>\n<script type=\"application\/ld+json\" class=\"yoast-schema-graph\">{\"@context\":\"https:\/\/schema.org\",\"@graph\":[{\"@type\":\"WebPage\",\"@id\":\"https:\/\/plyro.eu\/lt\/product\/sony-official-playstation-vr2-horizon-call-of-the-mountain-horizon-bundle\/\",\"url\":\"https:\/\/plyro.eu\/lt\/product\/sony-official-playstation-vr2-horizon-call-of-the-mountain-horizon-bundle\/\",\"name\":\"Sony Official PlayStation VR2 + Horizon: Call of the Mountain - Horizon Bundle - Plyro LT\",\"isPartOf\":{\"@id\":\"https:\/\/plyro.eu\/lt\/#website\"},\"primaryImageOfPage\":{\"@id\":\"https:\/\/plyro.eu\/lt\/product\/sony-official-playstation-vr2-horizon-call-of-the-mountain-horizon-bundle\/#primaryimage\"},\"image\":{\"@id\":\"https:\/\/plyro.eu\/lt\/product\/sony-official-playstation-vr2-horizon-call-of-the-mountain-horizon-bundle\/#primaryimage\"},\"thumbnailUrl\":\"https:\/\/plyro.eu\/lt\/wp-content\/uploads\/2026\/02\/71LE6GMe2cL-AC-SL1500-1-2.jpg\",\"datePublished\":\"2026-02-06T19:06:10+00:00\",\"dateModified\":\"2026-02-10T09:27:49+00:00\",\"breadcrumb\":{\"@id\":\"https:\/\/plyro.eu\/lt\/product\/sony-official-playstation-vr2-horizon-call-of-the-mountain-horizon-bundle\/#breadcrumb\"},\"inLanguage\":\"lt-LT\",\"potentialAction\":[{\"@type\":\"ReadAction\",\"target\":[\"https:\/\/plyro.eu\/lt\/product\/sony-official-playstation-vr2-horizon-call-of-the-mountain-horizon-bundle\/\"]}]},{\"@type\":\"ImageObject\",\"inLanguage\":\"lt-LT\",\"@id\":\"https:\/\/plyro.eu\/lt\/product\/sony-official-playstation-vr2-horizon-call-of-the-mountain-horizon-bundle\/#primaryimage\",\"url\":\"https:\/\/plyro.eu\/lt\/wp-content\/uploads\/2026\/02\/71LE6GMe2cL-AC-SL1500-1-2.jpg\",\"contentUrl\":\"https:\/\/plyro.eu\/lt\/wp-content\/uploads\/2026\/02\/71LE6GMe2cL-AC-SL1500-1-2.jpg\",\"width\":1000,\"height\":444,\"caption\":\"71LE6GMe2cL-AC-SL1500-\"},{\"@type\":\"BreadcrumbList\",\"@id\":\"https:\/\/plyro.eu\/lt\/product\/sony-official-playstation-vr2-horizon-call-of-the-mountain-horizon-bundle\/#breadcrumb\",\"itemListElement\":[{\"@type\":\"ListItem\",\"position\":1,\"name\":\"Home\",\"item\":\"https:\/\/plyro.eu\/lt\/\"},{\"@type\":\"ListItem\",\"position\":2,\"name\":\"Katalogas\",\"item\":\"https:\/\/plyro.eu\/lt\/shop-2\/\"},{\"@type\":\"ListItem\",\"position\":3,\"name\":\"Sony Official PlayStation VR2 + Horizon: Call of the Mountain &#8211; Horizon Bundle\"}]},{\"@type\":\"WebSite\",\"@id\":\"https:\/\/plyro.eu\/lt\/#website\",\"url\":\"https:\/\/plyro.eu\/lt\/\",\"name\":\"Plyro LT\",\"description\":\"\",\"publisher\":{\"@id\":\"https:\/\/plyro.eu\/lt\/#organization\"},\"potentialAction\":[{\"@type\":\"SearchAction\",\"target\":{\"@type\":\"EntryPoint\",\"urlTemplate\":\"https:\/\/plyro.eu\/lt\/?s={search_term_string}\"},\"query-input\":{\"@type\":\"PropertyValueSpecification\",\"valueRequired\":true,\"valueName\":\"search_term_string\"}}],\"inLanguage\":\"lt-LT\"},{\"@type\":\"Organization\",\"@id\":\"https:\/\/plyro.eu\/lt\/#organization\",\"name\":\"Plyro LT\",\"url\":\"https:\/\/plyro.eu\/lt\/\",\"logo\":{\"@type\":\"ImageObject\",\"inLanguage\":\"lt-LT\",\"@id\":\"https:\/\/plyro.eu\/lt\/#\/schema\/logo\/image\/\",\"url\":\"https:\/\/plyro.eu\/lt\/wp-content\/uploads\/2026\/02\/plyro_black_512_transparent.png\",\"contentUrl\":\"https:\/\/plyro.eu\/lt\/wp-content\/uploads\/2026\/02\/plyro_black_512_transparent.png\",\"width\":512,\"height\":512,\"caption\":\"Plyro LT\"},\"image\":{\"@id\":\"https:\/\/plyro.eu\/lt\/#\/schema\/logo\/image\/\"},\"sameAs\":[\"https:\/\/www.facebook.com\/gamedogEE\/\"]}]}<\/script>\n<!-- \/ Yoast SEO plugin. -->","yoast_head_json":{"title":"Sony Official PlayStation VR2 + Horizon: Call of the Mountain - Horizon Bundle - Plyro LT","robots":{"index":"index","follow":"follow","max-snippet":"max-snippet:-1","max-image-preview":"max-image-preview:large","max-video-preview":"max-video-preview:-1"},"canonical":"https:\/\/plyro.eu\/lt\/product\/sony-official-playstation-vr2-horizon-call-of-the-mountain-horizon-bundle\/","og_locale":"lt_LT","og_type":"article","og_title":"Sony Official PlayStation VR2 + Horizon: Call of the Mountain - Horizon Bundle - Plyro LT","og_description":"Sony PlayStation VR2 on j\u00e4rgmine p\u00f5lvkonna virtuaalreaalsuse peakomplekt, mis on m\u00f5eldud kasutamiseks koos PlayStation 5 m\u00e4ngukonsooliga._x000D_n_x000D_nPeakomplekt on varustatud k\u00f5rgresolutsiooniliste ekraanidega, mis pakuvad selgemat ja detailsust t\u00e4ielikult immersiivse VR-kogemuse saavutamiseks. Need on ka kergemad ja mugavamad kandmiseks, mis v\u00f5imaldab pikemat m\u00e4nguaega._x000D_n_x000D_nM\u00e4ngijad saavad kasutada ka spetsiaalseid kontrollereid, mis on disainitud VR-m\u00e4ngude jaoks ning pakuvad t\u00e4psemat ja intuitiivsemat kontrolli oma tegelase \u00fcle. Kontrolleritel on ka sisseehitatud taktiline tagasiside, mis suurendab veelgi m\u00e4ngukogemuse realismi.","og_url":"https:\/\/plyro.eu\/lt\/product\/sony-official-playstation-vr2-horizon-call-of-the-mountain-horizon-bundle\/","og_site_name":"Plyro LT","article_publisher":"https:\/\/www.facebook.com\/gamedogEE\/","article_modified_time":"2026-02-10T09:27:49+00:00","og_image":[{"width":1000,"height":444,"url":"https:\/\/plyro.eu\/lt\/wp-content\/uploads\/2026\/02\/71LE6GMe2cL-AC-SL1500-1-2.jpg","type":"image\/jpeg"}],"twitter_card":"summary_large_image","schema":{"@context":"https:\/\/schema.org","@graph":[{"@type":"WebPage","@id":"https:\/\/plyro.eu\/lt\/product\/sony-official-playstation-vr2-horizon-call-of-the-mountain-horizon-bundle\/","url":"https:\/\/plyro.eu\/lt\/product\/sony-official-playstation-vr2-horizon-call-of-the-mountain-horizon-bundle\/","name":"Sony Official PlayStation VR2 + Horizon: Call of the Mountain - Horizon Bundle - Plyro LT","isPartOf":{"@id":"https:\/\/plyro.eu\/lt\/#website"},"primaryImageOfPage":{"@id":"https:\/\/plyro.eu\/lt\/product\/sony-official-playstation-vr2-horizon-call-of-the-mountain-horizon-bundle\/#primaryimage"},"image":{"@id":"https:\/\/plyro.eu\/lt\/product\/sony-official-playstation-vr2-horizon-call-of-the-mountain-horizon-bundle\/#primaryimage"},"thumbnailUrl":"https:\/\/plyro.eu\/lt\/wp-content\/uploads\/2026\/02\/71LE6GMe2cL-AC-SL1500-1-2.jpg","datePublished":"2026-02-06T19:06:10+00:00","dateModified":"2026-02-10T09:27:49+00:00","breadcrumb":{"@id":"https:\/\/plyro.eu\/lt\/product\/sony-official-playstation-vr2-horizon-call-of-the-mountain-horizon-bundle\/#breadcrumb"},"inLanguage":"lt-LT","potentialAction":[{"@type":"ReadAction","target":["https:\/\/plyro.eu\/lt\/product\/sony-official-playstation-vr2-horizon-call-of-the-mountain-horizon-bundle\/"]}]},{"@type":"ImageObject","inLanguage":"lt-LT","@id":"https:\/\/plyro.eu\/lt\/product\/sony-official-playstation-vr2-horizon-call-of-the-mountain-horizon-bundle\/#primaryimage","url":"https:\/\/plyro.eu\/lt\/wp-content\/uploads\/2026\/02\/71LE6GMe2cL-AC-SL1500-1-2.jpg","contentUrl":"https:\/\/plyro.eu\/lt\/wp-content\/uploads\/2026\/02\/71LE6GMe2cL-AC-SL1500-1-2.jpg","width":1000,"height":444,"caption":"71LE6GMe2cL-AC-SL1500-"},{"@type":"BreadcrumbList","@id":"https:\/\/plyro.eu\/lt\/product\/sony-official-playstation-vr2-horizon-call-of-the-mountain-horizon-bundle\/#breadcrumb","itemListElement":[{"@type":"ListItem","position":1,"name":"Home","item":"https:\/\/plyro.eu\/lt\/"},{"@type":"ListItem","position":2,"name":"Katalogas","item":"https:\/\/plyro.eu\/lt\/shop-2\/"},{"@type":"ListItem","position":3,"name":"Sony Official PlayStation VR2 + Horizon: Call of the Mountain &#8211; Horizon Bundle"}]},{"@type":"WebSite","@id":"https:\/\/plyro.eu\/lt\/#website","url":"https:\/\/plyro.eu\/lt\/","name":"Plyro LT","description":"","publisher":{"@id":"https:\/\/plyro.eu\/lt\/#organization"},"potentialAction":[{"@type":"SearchAction","target":{"@type":"EntryPoint","urlTemplate":"https:\/\/plyro.eu\/lt\/?s={search_term_string}"},"query-input":{"@type":"PropertyValueSpecification","valueRequired":true,"valueName":"search_term_string"}}],"inLanguage":"lt-LT"},{"@type":"Organization","@id":"https:\/\/plyro.eu\/lt\/#organization","name":"Plyro LT","url":"https:\/\/plyro.eu\/lt\/","logo":{"@type":"ImageObject","inLanguage":"lt-LT","@id":"https:\/\/plyro.eu\/lt\/#\/schema\/logo\/image\/","url":"https:\/\/plyro.eu\/lt\/wp-content\/uploads\/2026\/02\/plyro_black_512_transparent.png","contentUrl":"https:\/\/plyro.eu\/lt\/wp-content\/uploads\/2026\/02\/plyro_black_512_transparent.png","width":512,"height":512,"caption":"Plyro LT"},"image":{"@id":"https:\/\/plyro.eu\/lt\/#\/schema\/logo\/image\/"},"sameAs":["https:\/\/www.facebook.com\/gamedogEE\/"]}]}},"_links":{"self":[{"href":"https:\/\/plyro.eu\/lt\/wp-json\/wp\/v2\/product\/266994","targetHints":{"allow":["GET"]}}],"collection":[{"href":"https:\/\/plyro.eu\/lt\/wp-json\/wp\/v2\/product"}],"about":[{"href":"https:\/\/plyro.eu\/lt\/wp-json\/wp\/v2\/types\/product"}],"replies":[{"embeddable":true,"href":"https:\/\/plyro.eu\/lt\/wp-json\/wp\/v2\/comments?post=266994"}],"wp:featuredmedia":[{"embeddable":true,"href":"https:\/\/plyro.eu\/lt\/wp-json\/wp\/v2\/media\/266945"}],"wp:attachment":[{"href":"https:\/\/plyro.eu\/lt\/wp-json\/wp\/v2\/media?parent=266994"}],"wp:term":[{"taxonomy":"product_brand","embeddable":true,"href":"https:\/\/plyro.eu\/lt\/wp-json\/wp\/v2\/product_brand?post=266994"},{"taxonomy":"product_cat","embeddable":true,"href":"https:\/\/plyro.eu\/lt\/wp-json\/wp\/v2\/product_cat?post=266994"},{"taxonomy":"product_tag","embeddable":true,"href":"https:\/\/plyro.eu\/lt\/wp-json\/wp\/v2\/product_tag?post=266994"}],"curies":[{"name":"wp","href":"https:\/\/api.w.org\/{rel}","templated":true}]}}