{"id":265759,"date":"2026-02-06T20:24:33","date_gmt":"2026-02-06T18:24:33","guid":{"rendered":"https:\/\/plyro.eu\/lt\/product\/mouse-pad-logitech-g-powerplay-wireless-charging-system\/"},"modified":"2026-02-10T11:18:35","modified_gmt":"2026-02-10T09:18:35","slug":"mouse-pad-logitech-g-powerplay-wireless-charging-system","status":"publish","type":"product","link":"https:\/\/plyro.eu\/lt\/product\/mouse-pad-logitech-g-powerplay-wireless-charging-system\/","title":{"rendered":"Mouse Pad Logitech G Powerplay Wireless Charging System"},"content":{"rendered":"<h4><strong>L\u00f5ptmatult j\u00f5udu<\/strong><\/h4>\n<p>_x000D_nT\u00e4nu innovaatilistele tehnoloogiatele loob POWERPLAY alus oma pinnale energiav\u00e4lja, mille abil laetakse pidevalt sinu hiirt ja seda ka siis, kui seda intensiivselt kasutad. Vajalik vool j\u00f5uab sinu m\u00e4ngurihiire sisse igal liigutusel, see ei v\u00e4henda andmeedastuskiiruseid ning tagab stabiilse t\u00e4psuse. Kogu selle imelise tehnoloogia pakkis Logitech G vaid 2 mm paksuse mati sisse._x000D_n<\/p>\n<h4><strong>Vali oma pind<\/strong><\/h4>\n<p>_x000D_nLogitech on selle hiiremati komplekti lisanud nii riidest- kui ka k\u00f5vapinnalise mati, mida saad vahetada vastavalt enda eelistustele. POWERPLAY sobib ideaalselt sinu tingimustega!_x000D_n<\/p>\n<h4><strong>S\u00fcnkroniseeri v\u00e4rvid koos muu varustusega<\/strong><\/h4>\n<p>_x000D_nSeda kaunistavad lummavad RGB v\u00e4rvitoonid. Logitech Gaming Software tarkvara abil saad kohanda v\u00e4rvitooni, valida 16,8 miljoni v\u00e4rvi hulgast see \u00f5ige ja sobitada see kokku sinu \u00fclej\u00e4\u00e4nud varustuse toonidega. Kui soovid, saad oma Logitech G hiire, peakomplekti ja klaviatuuri valgustused ning efektid s\u00fcnkroniseerida k\u00f5ik omavahel.<\/p>\n","protected":false},"excerpt":{"rendered":"<div class=\"col-lg-5 util-py-0\">\n<section class=\"product\">_x000D_n<\/p>\n<div class=\"product__info product__info--expanded\">_x000D_n<\/p>\n<div class=\"product__info__text\">_x000D_n<\/p>\n<div>_x000D_n_x000D_nPOWERPLAY\u2122 ja LIGHTSPEED\u2122 tehnoloogia Logitech G poolt toob sinuni revolutsioonilise uue p\u00f5lvkonna juhtmevaba m\u00e4ngurivarustuse kasutamisel. Viivitused kursori liigutamisel, \u00fchenduste katkemised ja ootamatult t\u00fchi aku on n\u00fc\u00fcd minevik. See hiirematt on tulevik, see on revolutsioon mis annab sulle l\u00f5putu v\u00f5imaluse nautida juhtmevabade seadmete kasutamist._x000D_n_x000D_n<\/div>\n<p>_x000D_n<\/p><\/div>\n<p>_x000D_n<\/p><\/div>\n<p>_x000D_n<\/section>\n<\/div>\n<p>_x000D_n<\/p>\n<div class=\"col-lg-3 util-py-0 p-r-0\">_x000D_n<\/p>\n<div>_x000D_n<\/p>\n<div class=\"pricing-block\">_x000D_n<\/p>\n<div class=\"tooltip__wrapper card-bonus-points\">_x000D_n<\/p>\n<div class=\"tooltip__button\" data-tooltip=\"top\" data-mouse-enter-bound=\"\" data-mouse-leave-bound=\"\" data-click-bound=\"\">_x000D_n<\/p>\n<div class=\"badge__wrapper\"><\/div>\n<p>_x000D_n<\/p><\/div>\n<p>_x000D_n<\/p><\/div>\n<p>_x000D_n<\/p><\/div>\n<p>_x000D_n<\/p><\/div>\n<p>_x000D_n<\/p><\/div>\n","protected":false},"featured_media":265678,"comment_status":"open","ping_status":"closed","template":"","meta":{"_acf_changed":false,"inline_featured_image":false},"product_brand":[],"product_cat":[1391],"product_tag":[],"class_list":{"0":"post-265759","1":"product","2":"type-product","3":"status-publish","4":"has-post-thumbnail","6":"product_cat-mice","7":"out-of-stock","9":"first","10":"outofstock","11":"taxable","12":"shipping-taxable","13":"purchasable","14":"product-type-simple"},"acf":[],"yoast_head":"<!-- This site is optimized with the Yoast SEO plugin v24.9 - https:\/\/yoast.com\/wordpress\/plugins\/seo\/ -->\n<title>Mouse Pad Logitech G Powerplay Wireless Charging System - Plyro LT<\/title>\n<meta name=\"robots\" content=\"index, follow, max-snippet:-1, max-image-preview:large, max-video-preview:-1\" \/>\n<link rel=\"canonical\" href=\"https:\/\/plyro.eu\/lt\/product\/mouse-pad-logitech-g-powerplay-wireless-charging-system\/\" \/>\n<meta property=\"og:locale\" content=\"lt_LT\" \/>\n<meta property=\"og:type\" content=\"article\" \/>\n<meta property=\"og:title\" content=\"Mouse Pad Logitech G Powerplay Wireless Charging System - Plyro LT\" \/>\n<meta property=\"og:description\" content=\"_x000D_n_x000D_n_x000D_n_x000D_n_x000D_nPOWERPLAY\u2122 ja LIGHTSPEED\u2122 tehnoloogia Logitech G poolt toob sinuni revolutsioonilise uue p\u00f5lvkonna juhtmevaba m\u00e4ngurivarustuse kasutamisel. Viivitused kursori liigutamisel, \u00fchenduste katkemised ja ootamatult t\u00fchi aku on n\u00fc\u00fcd minevik. See hiirematt on tulevik, see on revolutsioon mis annab sulle l\u00f5putu v\u00f5imaluse nautida juhtmevabade seadmete kasutamist._x000D_n_x000D_n_x000D_n_x000D_n_x000D_n_x000D_n_x000D_n_x000D_n_x000D_n_x000D_n_x000D_n_x000D_n_x000D_n_x000D_n_x000D_n_x000D_n\" \/>\n<meta property=\"og:url\" content=\"https:\/\/plyro.eu\/lt\/product\/mouse-pad-logitech-g-powerplay-wireless-charging-system\/\" \/>\n<meta property=\"og:site_name\" content=\"Plyro LT\" \/>\n<meta property=\"article:publisher\" content=\"https:\/\/www.facebook.com\/gamedogEE\/\" \/>\n<meta property=\"article:modified_time\" content=\"2026-02-10T09:18:35+00:00\" \/>\n<meta property=\"og:image\" content=\"https:\/\/plyro.eu\/lt\/wp-content\/uploads\/2026\/02\/Logitech-Powerplay-2-1.jpg\" \/>\n\t<meta property=\"og:image:width\" content=\"829\" \/>\n\t<meta property=\"og:image:height\" content=\"1000\" \/>\n\t<meta property=\"og:image:type\" content=\"image\/jpeg\" \/>\n<meta name=\"twitter:card\" content=\"summary_large_image\" \/>\n<meta name=\"twitter:label1\" content=\"Est. reading time\" \/>\n\t<meta name=\"twitter:data1\" content=\"1 minut\u0117\" \/>\n<script type=\"application\/ld+json\" class=\"yoast-schema-graph\">{\"@context\":\"https:\/\/schema.org\",\"@graph\":[{\"@type\":\"WebPage\",\"@id\":\"https:\/\/plyro.eu\/lt\/product\/mouse-pad-logitech-g-powerplay-wireless-charging-system\/\",\"url\":\"https:\/\/plyro.eu\/lt\/product\/mouse-pad-logitech-g-powerplay-wireless-charging-system\/\",\"name\":\"Mouse Pad Logitech G Powerplay Wireless Charging System - Plyro LT\",\"isPartOf\":{\"@id\":\"https:\/\/plyro.eu\/lt\/#website\"},\"primaryImageOfPage\":{\"@id\":\"https:\/\/plyro.eu\/lt\/product\/mouse-pad-logitech-g-powerplay-wireless-charging-system\/#primaryimage\"},\"image\":{\"@id\":\"https:\/\/plyro.eu\/lt\/product\/mouse-pad-logitech-g-powerplay-wireless-charging-system\/#primaryimage\"},\"thumbnailUrl\":\"https:\/\/plyro.eu\/lt\/wp-content\/uploads\/2026\/02\/Logitech-Powerplay-2-1.jpg\",\"datePublished\":\"2026-02-06T18:24:33+00:00\",\"dateModified\":\"2026-02-10T09:18:35+00:00\",\"breadcrumb\":{\"@id\":\"https:\/\/plyro.eu\/lt\/product\/mouse-pad-logitech-g-powerplay-wireless-charging-system\/#breadcrumb\"},\"inLanguage\":\"lt-LT\",\"potentialAction\":[{\"@type\":\"ReadAction\",\"target\":[\"https:\/\/plyro.eu\/lt\/product\/mouse-pad-logitech-g-powerplay-wireless-charging-system\/\"]}]},{\"@type\":\"ImageObject\",\"inLanguage\":\"lt-LT\",\"@id\":\"https:\/\/plyro.eu\/lt\/product\/mouse-pad-logitech-g-powerplay-wireless-charging-system\/#primaryimage\",\"url\":\"https:\/\/plyro.eu\/lt\/wp-content\/uploads\/2026\/02\/Logitech-Powerplay-2-1.jpg\",\"contentUrl\":\"https:\/\/plyro.eu\/lt\/wp-content\/uploads\/2026\/02\/Logitech-Powerplay-2-1.jpg\",\"width\":829,\"height\":1000,\"caption\":\"Logitech-Powerplay-2\"},{\"@type\":\"BreadcrumbList\",\"@id\":\"https:\/\/plyro.eu\/lt\/product\/mouse-pad-logitech-g-powerplay-wireless-charging-system\/#breadcrumb\",\"itemListElement\":[{\"@type\":\"ListItem\",\"position\":1,\"name\":\"Home\",\"item\":\"https:\/\/plyro.eu\/lt\/\"},{\"@type\":\"ListItem\",\"position\":2,\"name\":\"Katalogas\",\"item\":\"https:\/\/plyro.eu\/lt\/shop-2\/\"},{\"@type\":\"ListItem\",\"position\":3,\"name\":\"Mouse Pad Logitech G Powerplay Wireless Charging System\"}]},{\"@type\":\"WebSite\",\"@id\":\"https:\/\/plyro.eu\/lt\/#website\",\"url\":\"https:\/\/plyro.eu\/lt\/\",\"name\":\"Plyro LT\",\"description\":\"\",\"publisher\":{\"@id\":\"https:\/\/plyro.eu\/lt\/#organization\"},\"potentialAction\":[{\"@type\":\"SearchAction\",\"target\":{\"@type\":\"EntryPoint\",\"urlTemplate\":\"https:\/\/plyro.eu\/lt\/?s={search_term_string}\"},\"query-input\":{\"@type\":\"PropertyValueSpecification\",\"valueRequired\":true,\"valueName\":\"search_term_string\"}}],\"inLanguage\":\"lt-LT\"},{\"@type\":\"Organization\",\"@id\":\"https:\/\/plyro.eu\/lt\/#organization\",\"name\":\"Plyro LT\",\"url\":\"https:\/\/plyro.eu\/lt\/\",\"logo\":{\"@type\":\"ImageObject\",\"inLanguage\":\"lt-LT\",\"@id\":\"https:\/\/plyro.eu\/lt\/#\/schema\/logo\/image\/\",\"url\":\"https:\/\/plyro.eu\/lt\/wp-content\/uploads\/2026\/02\/plyro_black_512_transparent.png\",\"contentUrl\":\"https:\/\/plyro.eu\/lt\/wp-content\/uploads\/2026\/02\/plyro_black_512_transparent.png\",\"width\":512,\"height\":512,\"caption\":\"Plyro LT\"},\"image\":{\"@id\":\"https:\/\/plyro.eu\/lt\/#\/schema\/logo\/image\/\"},\"sameAs\":[\"https:\/\/www.facebook.com\/gamedogEE\/\"]}]}<\/script>\n<!-- \/ Yoast SEO plugin. -->","yoast_head_json":{"title":"Mouse Pad Logitech G Powerplay Wireless Charging System - Plyro LT","robots":{"index":"index","follow":"follow","max-snippet":"max-snippet:-1","max-image-preview":"max-image-preview:large","max-video-preview":"max-video-preview:-1"},"canonical":"https:\/\/plyro.eu\/lt\/product\/mouse-pad-logitech-g-powerplay-wireless-charging-system\/","og_locale":"lt_LT","og_type":"article","og_title":"Mouse Pad Logitech G Powerplay Wireless Charging System - Plyro LT","og_description":"_x000D_n_x000D_n_x000D_n_x000D_n_x000D_nPOWERPLAY\u2122 ja LIGHTSPEED\u2122 tehnoloogia Logitech G poolt toob sinuni revolutsioonilise uue p\u00f5lvkonna juhtmevaba m\u00e4ngurivarustuse kasutamisel. Viivitused kursori liigutamisel, \u00fchenduste katkemised ja ootamatult t\u00fchi aku on n\u00fc\u00fcd minevik. See hiirematt on tulevik, see on revolutsioon mis annab sulle l\u00f5putu v\u00f5imaluse nautida juhtmevabade seadmete kasutamist._x000D_n_x000D_n_x000D_n_x000D_n_x000D_n_x000D_n_x000D_n_x000D_n_x000D_n_x000D_n_x000D_n_x000D_n_x000D_n_x000D_n_x000D_n_x000D_n","og_url":"https:\/\/plyro.eu\/lt\/product\/mouse-pad-logitech-g-powerplay-wireless-charging-system\/","og_site_name":"Plyro LT","article_publisher":"https:\/\/www.facebook.com\/gamedogEE\/","article_modified_time":"2026-02-10T09:18:35+00:00","og_image":[{"width":829,"height":1000,"url":"https:\/\/plyro.eu\/lt\/wp-content\/uploads\/2026\/02\/Logitech-Powerplay-2-1.jpg","type":"image\/jpeg"}],"twitter_card":"summary_large_image","twitter_misc":{"Est. reading time":"1 minut\u0117"},"schema":{"@context":"https:\/\/schema.org","@graph":[{"@type":"WebPage","@id":"https:\/\/plyro.eu\/lt\/product\/mouse-pad-logitech-g-powerplay-wireless-charging-system\/","url":"https:\/\/plyro.eu\/lt\/product\/mouse-pad-logitech-g-powerplay-wireless-charging-system\/","name":"Mouse Pad Logitech G Powerplay Wireless Charging System - Plyro LT","isPartOf":{"@id":"https:\/\/plyro.eu\/lt\/#website"},"primaryImageOfPage":{"@id":"https:\/\/plyro.eu\/lt\/product\/mouse-pad-logitech-g-powerplay-wireless-charging-system\/#primaryimage"},"image":{"@id":"https:\/\/plyro.eu\/lt\/product\/mouse-pad-logitech-g-powerplay-wireless-charging-system\/#primaryimage"},"thumbnailUrl":"https:\/\/plyro.eu\/lt\/wp-content\/uploads\/2026\/02\/Logitech-Powerplay-2-1.jpg","datePublished":"2026-02-06T18:24:33+00:00","dateModified":"2026-02-10T09:18:35+00:00","breadcrumb":{"@id":"https:\/\/plyro.eu\/lt\/product\/mouse-pad-logitech-g-powerplay-wireless-charging-system\/#breadcrumb"},"inLanguage":"lt-LT","potentialAction":[{"@type":"ReadAction","target":["https:\/\/plyro.eu\/lt\/product\/mouse-pad-logitech-g-powerplay-wireless-charging-system\/"]}]},{"@type":"ImageObject","inLanguage":"lt-LT","@id":"https:\/\/plyro.eu\/lt\/product\/mouse-pad-logitech-g-powerplay-wireless-charging-system\/#primaryimage","url":"https:\/\/plyro.eu\/lt\/wp-content\/uploads\/2026\/02\/Logitech-Powerplay-2-1.jpg","contentUrl":"https:\/\/plyro.eu\/lt\/wp-content\/uploads\/2026\/02\/Logitech-Powerplay-2-1.jpg","width":829,"height":1000,"caption":"Logitech-Powerplay-2"},{"@type":"BreadcrumbList","@id":"https:\/\/plyro.eu\/lt\/product\/mouse-pad-logitech-g-powerplay-wireless-charging-system\/#breadcrumb","itemListElement":[{"@type":"ListItem","position":1,"name":"Home","item":"https:\/\/plyro.eu\/lt\/"},{"@type":"ListItem","position":2,"name":"Katalogas","item":"https:\/\/plyro.eu\/lt\/shop-2\/"},{"@type":"ListItem","position":3,"name":"Mouse Pad Logitech G Powerplay Wireless Charging System"}]},{"@type":"WebSite","@id":"https:\/\/plyro.eu\/lt\/#website","url":"https:\/\/plyro.eu\/lt\/","name":"Plyro LT","description":"","publisher":{"@id":"https:\/\/plyro.eu\/lt\/#organization"},"potentialAction":[{"@type":"SearchAction","target":{"@type":"EntryPoint","urlTemplate":"https:\/\/plyro.eu\/lt\/?s={search_term_string}"},"query-input":{"@type":"PropertyValueSpecification","valueRequired":true,"valueName":"search_term_string"}}],"inLanguage":"lt-LT"},{"@type":"Organization","@id":"https:\/\/plyro.eu\/lt\/#organization","name":"Plyro LT","url":"https:\/\/plyro.eu\/lt\/","logo":{"@type":"ImageObject","inLanguage":"lt-LT","@id":"https:\/\/plyro.eu\/lt\/#\/schema\/logo\/image\/","url":"https:\/\/plyro.eu\/lt\/wp-content\/uploads\/2026\/02\/plyro_black_512_transparent.png","contentUrl":"https:\/\/plyro.eu\/lt\/wp-content\/uploads\/2026\/02\/plyro_black_512_transparent.png","width":512,"height":512,"caption":"Plyro LT"},"image":{"@id":"https:\/\/plyro.eu\/lt\/#\/schema\/logo\/image\/"},"sameAs":["https:\/\/www.facebook.com\/gamedogEE\/"]}]}},"_links":{"self":[{"href":"https:\/\/plyro.eu\/lt\/wp-json\/wp\/v2\/product\/265759","targetHints":{"allow":["GET"]}}],"collection":[{"href":"https:\/\/plyro.eu\/lt\/wp-json\/wp\/v2\/product"}],"about":[{"href":"https:\/\/plyro.eu\/lt\/wp-json\/wp\/v2\/types\/product"}],"replies":[{"embeddable":true,"href":"https:\/\/plyro.eu\/lt\/wp-json\/wp\/v2\/comments?post=265759"}],"wp:featuredmedia":[{"embeddable":true,"href":"https:\/\/plyro.eu\/lt\/wp-json\/wp\/v2\/media\/265678"}],"wp:attachment":[{"href":"https:\/\/plyro.eu\/lt\/wp-json\/wp\/v2\/media?parent=265759"}],"wp:term":[{"taxonomy":"product_brand","embeddable":true,"href":"https:\/\/plyro.eu\/lt\/wp-json\/wp\/v2\/product_brand?post=265759"},{"taxonomy":"product_cat","embeddable":true,"href":"https:\/\/plyro.eu\/lt\/wp-json\/wp\/v2\/product_cat?post=265759"},{"taxonomy":"product_tag","embeddable":true,"href":"https:\/\/plyro.eu\/lt\/wp-json\/wp\/v2\/product_tag?post=265759"}],"curies":[{"name":"wp","href":"https:\/\/api.w.org\/{rel}","templated":true}]}}