{"id":65590,"date":"2025-02-16T14:55:16","date_gmt":"2025-02-16T12:55:16","guid":{"rendered":"https:\/\/plyro.eu\/?page_id=65590"},"modified":"2025-12-27T20:27:53","modified_gmt":"2025-12-27T18:27:53","slug":"contact-us","status":"publish","type":"page","link":"https:\/\/plyro.eu\/lt\/contact-us\/","title":{"rendered":"Contact Us"},"content":{"rendered":"\r\n<h1 class=\"wp-block-heading\">Susisiekite su mumis<\/h1>\r\n\r\n\r\n\r\n<h2 class=\"wp-block-heading\">Klient\u0173 aptarnavimas<\/h2>\r\n\r\n\r\n\r\n<p>M\u016bs\u0173 komanda visada pasiruo\u0161usi jums pad\u0117ti atsakyti \u012f visus j\u016bs\u0173 klausimus apie m\u016bs\u0173 produktus ir paslaugas.<\/p>\r\n\r\n\r\n\r\n<p>\u23f0 Klient\u0173 aptarnavimo darbo laikas: kasdien nuo 10:00 iki 17:00<\/p>\r\n\r\n\r\n\r\n<p>\u2709\ufe0f El. pa\u0161tas: <a href=\"mailto:info@plyro.eu\">info@plyro.eu<\/a><br \/>\ud83d\udcde Telefonas: <a href=\"tel:+37257872919\">+372 5787 2919<\/a><br \/>\ud83d\udcac Messenger: <a href=\"https:\/\/www.facebook.com\/gamedogEE\/\">GamedogEE<\/a><\/p>\r\n\r\n\r\n\r\n<h2 class=\"wp-block-heading\">\u00a0<\/h2>\r\n<h2 class=\"wp-block-heading\">Sand\u0117lio vieta<\/h2>\r\n\r\n\r\n\r\n<div class=\"wp-block-columns are-vertically-aligned-center is-layout-flex wp-container-core-columns-is-layout-1 wp-block-columns-is-layout-flex\"><!-- LEFT COLUMN -->\r\n<div class=\"wp-block-column\" style=\"flex-basis: 50%;\">\r\n<p>Esame \u012fsik\u016br\u0119 Taline, \u00dclemiste:<\/p>\r\n<p><strong>\ud83d\udccd V\u00e4ike-Paala 2, 11415 Talinas, Estija<\/strong><\/p>\r\n<p><strong>\ud83c\udfe2 Biuras 309, 3 auk\u0161tas<\/strong><\/p>\r\n\r\n<div style=\"height: 24px;\" aria-hidden=\"true\">\u00a0<\/div>\r\n\r\n<h3>Kaip \u010dia atvykti?<\/h3>\r\n<p>Mus lengva pasiekti vie\u0161uoju transportu, automobiliu arba p\u0117s\u010diomis.<\/p>\r\n\r\n<div style=\"height: 20px;\" aria-hidden=\"true\">\u00a0<\/div>\r\n\r\n<h3>\ud83d\ude97 Parkavimas<\/h3>\r\n<p>Automobili\u0173 stov\u0117jimo aik\u0161tel\u0117 yra adresu Peterburi tee 47 (EP108).<br \/><strong>2 valandos nemokamai<\/strong> naudojant parkavimo automat\u0105 su fiksuotu prad\u017eios laiku.<br \/>\u012e stov\u0117jimo vietas patenkama per V\u00e4ike-Paala gatv\u0119.<\/p>\r\n\r\n<div style=\"height: 20px;\" aria-hidden=\"true\">\u00a0<\/div>\r\n\r\n<h3>\ud83d\ude8d Vie\u0161asis transportas<\/h3>\r\n<p>Artimiausia stotel\u0117: <strong>\u201cV\u00e4ike Paala\u201d<\/strong><br \/>Tramvajai: 2, 4<br \/>Autobusai: 12, 54, 55<\/p>\r\n<\/div>\r\n<!-- RIGHT COLUMN -->\r\n<div class=\"wp-block-column\" style=\"flex-basis: 50%;\">\r\n<div style=\"position: relative; width: 100%; padding-bottom: 56.25%; height: 0; overflow: hidden; border-radius: 12px;\"><iframe style=\"position: absolute; top: 0; left: 0; width: 100%; height: 100%; border: 0;\" src=\"https:\/\/www.google.com\/maps\/embed?pb=!1m18!1m12!1m3!1d2383.4187428023065!2d24.803916931382332!3d59.427384909130055!2m3!1f0!2f0!3f0!3m2!1i1024!2i768!4f13.1!3m3!1m2!1s0x469293024f6b90d9%3A0x50d11a6c69352e59!2sGameDog%20O%C3%9C!5e1!3m2!1sen!2see!4v1739710315217!5m2!1sen!2see\" allowfullscreen=\"allowfullscreen\"><\/iframe><\/div>\r\n<\/div>\r\n<\/div>\r\n\r\n\r\n\r\n<h2 class=\"wp-block-heading\">\u00a0<\/h2>\r\n<h2 class=\"wp-block-heading\">Sand\u0117lio lankymas<\/h2>\r\n\r\n\r\n\r\n<p><strong>Nor\u0117dami apsilankyti sand\u0117lyje ir gauti individual\u0173 aptarnavim\u0105, pra\u0161ome i\u0161 anksto susitarti d\u0117l susitikimo.<\/strong><\/p>\r\n\r\n\r\n\r\n<p>\ud83d\udcc5 Susisiekite su mumis el. pa\u0161tu arba telefonu, kad susitartume d\u0117l jums tinkamo laiko.<\/p>\r\n\r\n\r\n\r\n<div class=\"wp-block-group\"><div class=\"wp-block-group__inner-container\">\r\n<h2>\u00a0<\/h2>\r\n<h2 class=\"wp-block-heading is-layout-constrained wp-block-group-is-layout-constrained\">Sekite mus socialiniuose tinkluose<\/h2>\r\n\r\n<div class=\"wp-block-columns are-vertically-aligned-center is-layout-flex wp-container-core-columns-is-layout-2 wp-block-columns-is-layout-flex\"><!-- LEFT COLUMN -->\r\n<div class=\"wp-block-column\" style=\"flex-basis: 50%;\">\r\n<h3>B\u016bkite sujungti<\/h3>\r\n<p><strong>Nepraleiskite naujausi\u0173 naujien\u0173, pasi\u016blym\u0173 ir i\u0161skirtini\u0173 naujienlai\u0161ki\u0173! Prisijunkite prie m\u016bs\u0173 socialini\u0173 tinkl\u0173 bendruomen\u0117s ir pirmieji su\u017einokite apie visk\u0105, kas vyksta GameDog.<\/strong><\/p>\r\n<p><strong>Facebook:<\/strong> <a href=\"https:\/\/www.facebook.com\/gamedogEE\">@gamedogEE<\/a><br \/><strong>Instagram:<\/strong> <a href=\"https:\/\/www.instagram.com\/gamedogee\">@gamedogEE<\/a><\/p>\r\n<div style=\"display: flex; gap: 16px; align-items: center; margin: 16px 0;\"><a href=\"https:\/\/www.facebook.com\/gamedogEE\" target=\"_blank\" rel=\"noopener noreferrer\" aria-label=\"Facebook\"><img loading=\"lazy\" decoding=\"async\" style=\"display: block;\" src=\"https:\/\/upload.wikimedia.org\/wikipedia\/commons\/5\/51\/Facebook_f_logo_%282019%29.svg\" alt=\"Facebook\" width=\"36\" height=\"36\" \/><\/a> <a href=\"https:\/\/www.instagram.com\/gamedogee\" target=\"_blank\" rel=\"noopener noreferrer\" aria-label=\"Instagram\"><img loading=\"lazy\" decoding=\"async\" style=\"display: block;\" src=\"https:\/\/upload.wikimedia.org\/wikipedia\/commons\/a\/a5\/Instagram_icon.png\" alt=\"Instagram\" width=\"36\" height=\"36\" \/><\/a><\/div>\r\n<\/div>\r\n<!-- RIGHT COLUMN -->\r\n<div class=\"wp-block-column\" style=\"flex-basis: 50%;\">\r\n<div style=\"position: relative; width: 100%; padding-bottom: 125.25%; margin-left: 50px; height: 0; overflow: hidden; border-radius: 12px;\"><iframe style=\"position: absolute; top: 0; left: 0; width: 100% !important; height: 100%; border: 0;\" src=\"https:\/\/www.facebook.com\/plugins\/page.php?href=https%3A%2F%2Fwww.facebook.com%2FgamedogEE&amp;adapt_container_width=true&amp;tabs=timeline&amp;hide_cover=false&amp;show_facepile=true\" allowfullscreen=\"allowfullscreen\"><\/iframe><\/div>\r\n<\/div>\r\n<\/div>\r\n<\/div><\/div>\r\n\r\n<p>&nbsp;<\/p>","protected":false},"excerpt":{"rendered":"<p>Susisiekite su mumis Klient\u0173 aptarnavimas M\u016bs\u0173 komanda visada pasiruo\u0161usi jums pad\u0117ti atsakyti \u012f visus j\u016bs\u0173 klausimus apie m\u016bs\u0173 produktus ir paslaugas. \u23f0 Klient\u0173 aptarnavimo darbo laikas: kasdien nuo 10:00 iki 17:00 \u2709\ufe0f El. pa\u0161tas: info@plyro.eu\ud83d\udcde Telefonas: +372 5787 2919\ud83d\udcac Messenger: GamedogEE \u00a0 Sand\u0117lio vieta \u00a0 Sand\u0117lio lankymas Nor\u0117dami apsilankyti sand\u0117lyje ir gauti individual\u0173 aptarnavim\u0105, pra\u0161ome [&hellip;]<\/p>\n","protected":false},"author":1,"featured_media":0,"parent":0,"menu_order":0,"comment_status":"closed","ping_status":"closed","template":"","meta":{"_acf_changed":false,"inline_featured_image":false,"footnotes":""},"class_list":["post-65590","page","type-page","status-publish","hentry"],"acf":[],"yoast_head":"<!-- This site is optimized with the Yoast SEO plugin v24.9 - https:\/\/yoast.com\/wordpress\/plugins\/seo\/ -->\n<title>Contact Us - Plyro LT<\/title>\n<meta name=\"robots\" content=\"index, follow, max-snippet:-1, max-image-preview:large, max-video-preview:-1\" \/>\n<link rel=\"canonical\" href=\"https:\/\/plyro.eu\/lt\/contact-us\/\" \/>\n<meta property=\"og:locale\" content=\"lt_LT\" \/>\n<meta property=\"og:type\" content=\"article\" \/>\n<meta property=\"og:title\" content=\"Contact Us - Plyro LT\" \/>\n<meta property=\"og:description\" content=\"Susisiekite su mumis Klient\u0173 aptarnavimas M\u016bs\u0173 komanda visada pasiruo\u0161usi jums pad\u0117ti atsakyti \u012f visus j\u016bs\u0173 klausimus apie m\u016bs\u0173 produktus ir paslaugas. \u23f0 Klient\u0173 aptarnavimo darbo laikas: kasdien nuo 10:00 iki 17:00 \u2709\ufe0f El. pa\u0161tas: info@plyro.eu\ud83d\udcde Telefonas: +372 5787 2919\ud83d\udcac Messenger: GamedogEE \u00a0 Sand\u0117lio vieta \u00a0 Sand\u0117lio lankymas Nor\u0117dami apsilankyti sand\u0117lyje ir gauti individual\u0173 aptarnavim\u0105, pra\u0161ome [&hellip;]\" \/>\n<meta property=\"og:url\" content=\"https:\/\/plyro.eu\/lt\/contact-us\/\" \/>\n<meta property=\"og:site_name\" content=\"Plyro LT\" \/>\n<meta property=\"article:publisher\" content=\"https:\/\/www.facebook.com\/gamedogEE\/\" \/>\n<meta property=\"article:modified_time\" content=\"2025-12-27T18:27:53+00:00\" \/>\n<meta property=\"og:image\" content=\"https:\/\/upload.wikimedia.org\/wikipedia\/commons\/5\/51\/Facebook_f_logo_%282019%29.svg\" \/>\n<meta name=\"twitter:card\" content=\"summary_large_image\" \/>\n<meta name=\"twitter:label1\" content=\"Est. reading time\" \/>\n\t<meta name=\"twitter:data1\" content=\"2 minut\u0117s\" \/>\n<script type=\"application\/ld+json\" class=\"yoast-schema-graph\">{\"@context\":\"https:\/\/schema.org\",\"@graph\":[{\"@type\":\"WebPage\",\"@id\":\"https:\/\/plyro.eu\/lt\/contact-us\/\",\"url\":\"https:\/\/plyro.eu\/lt\/contact-us\/\",\"name\":\"Contact Us - Plyro LT\",\"isPartOf\":{\"@id\":\"https:\/\/plyro.eu\/lt\/#website\"},\"primaryImageOfPage\":{\"@id\":\"https:\/\/plyro.eu\/lt\/contact-us\/#primaryimage\"},\"image\":{\"@id\":\"https:\/\/plyro.eu\/lt\/contact-us\/#primaryimage\"},\"thumbnailUrl\":\"https:\/\/upload.wikimedia.org\/wikipedia\/commons\/5\/51\/Facebook_f_logo_%282019%29.svg\",\"datePublished\":\"2025-02-16T12:55:16+00:00\",\"dateModified\":\"2025-12-27T18:27:53+00:00\",\"breadcrumb\":{\"@id\":\"https:\/\/plyro.eu\/lt\/contact-us\/#breadcrumb\"},\"inLanguage\":\"lt-LT\",\"potentialAction\":[{\"@type\":\"ReadAction\",\"target\":[\"https:\/\/plyro.eu\/lt\/contact-us\/\"]}]},{\"@type\":\"ImageObject\",\"inLanguage\":\"lt-LT\",\"@id\":\"https:\/\/plyro.eu\/lt\/contact-us\/#primaryimage\",\"url\":\"https:\/\/upload.wikimedia.org\/wikipedia\/commons\/5\/51\/Facebook_f_logo_%282019%29.svg\",\"contentUrl\":\"https:\/\/upload.wikimedia.org\/wikipedia\/commons\/5\/51\/Facebook_f_logo_%282019%29.svg\"},{\"@type\":\"BreadcrumbList\",\"@id\":\"https:\/\/plyro.eu\/lt\/contact-us\/#breadcrumb\",\"itemListElement\":[{\"@type\":\"ListItem\",\"position\":1,\"name\":\"Home\",\"item\":\"https:\/\/plyro.eu\/lt\/\"},{\"@type\":\"ListItem\",\"position\":2,\"name\":\"Contact Us\"}]},{\"@type\":\"WebSite\",\"@id\":\"https:\/\/plyro.eu\/lt\/#website\",\"url\":\"https:\/\/plyro.eu\/lt\/\",\"name\":\"Plyro LT\",\"description\":\"\",\"publisher\":{\"@id\":\"https:\/\/plyro.eu\/lt\/#organization\"},\"potentialAction\":[{\"@type\":\"SearchAction\",\"target\":{\"@type\":\"EntryPoint\",\"urlTemplate\":\"https:\/\/plyro.eu\/lt\/?s={search_term_string}\"},\"query-input\":{\"@type\":\"PropertyValueSpecification\",\"valueRequired\":true,\"valueName\":\"search_term_string\"}}],\"inLanguage\":\"lt-LT\"},{\"@type\":\"Organization\",\"@id\":\"https:\/\/plyro.eu\/lt\/#organization\",\"name\":\"Plyro LT\",\"url\":\"https:\/\/plyro.eu\/lt\/\",\"logo\":{\"@type\":\"ImageObject\",\"inLanguage\":\"lt-LT\",\"@id\":\"https:\/\/plyro.eu\/lt\/#\/schema\/logo\/image\/\",\"url\":\"https:\/\/plyro.eu\/lt\/wp-content\/uploads\/2026\/02\/plyro_black_512_transparent.png\",\"contentUrl\":\"https:\/\/plyro.eu\/lt\/wp-content\/uploads\/2026\/02\/plyro_black_512_transparent.png\",\"width\":512,\"height\":512,\"caption\":\"Plyro LT\"},\"image\":{\"@id\":\"https:\/\/plyro.eu\/lt\/#\/schema\/logo\/image\/\"},\"sameAs\":[\"https:\/\/www.facebook.com\/gamedogEE\/\"]}]}<\/script>\n<!-- \/ Yoast SEO plugin. -->","yoast_head_json":{"title":"Contact Us - Plyro LT","robots":{"index":"index","follow":"follow","max-snippet":"max-snippet:-1","max-image-preview":"max-image-preview:large","max-video-preview":"max-video-preview:-1"},"canonical":"https:\/\/plyro.eu\/lt\/contact-us\/","og_locale":"lt_LT","og_type":"article","og_title":"Contact Us - Plyro LT","og_description":"Susisiekite su mumis Klient\u0173 aptarnavimas M\u016bs\u0173 komanda visada pasiruo\u0161usi jums pad\u0117ti atsakyti \u012f visus j\u016bs\u0173 klausimus apie m\u016bs\u0173 produktus ir paslaugas. \u23f0 Klient\u0173 aptarnavimo darbo laikas: kasdien nuo 10:00 iki 17:00 \u2709\ufe0f El. pa\u0161tas: info@plyro.eu\ud83d\udcde Telefonas: +372 5787 2919\ud83d\udcac Messenger: GamedogEE \u00a0 Sand\u0117lio vieta \u00a0 Sand\u0117lio lankymas Nor\u0117dami apsilankyti sand\u0117lyje ir gauti individual\u0173 aptarnavim\u0105, pra\u0161ome [&hellip;]","og_url":"https:\/\/plyro.eu\/lt\/contact-us\/","og_site_name":"Plyro LT","article_publisher":"https:\/\/www.facebook.com\/gamedogEE\/","article_modified_time":"2025-12-27T18:27:53+00:00","og_image":[{"url":"https:\/\/upload.wikimedia.org\/wikipedia\/commons\/5\/51\/Facebook_f_logo_%282019%29.svg","type":"","width":"","height":""}],"twitter_card":"summary_large_image","twitter_misc":{"Est. reading time":"2 minut\u0117s"},"schema":{"@context":"https:\/\/schema.org","@graph":[{"@type":"WebPage","@id":"https:\/\/plyro.eu\/lt\/contact-us\/","url":"https:\/\/plyro.eu\/lt\/contact-us\/","name":"Contact Us - Plyro LT","isPartOf":{"@id":"https:\/\/plyro.eu\/lt\/#website"},"primaryImageOfPage":{"@id":"https:\/\/plyro.eu\/lt\/contact-us\/#primaryimage"},"image":{"@id":"https:\/\/plyro.eu\/lt\/contact-us\/#primaryimage"},"thumbnailUrl":"https:\/\/upload.wikimedia.org\/wikipedia\/commons\/5\/51\/Facebook_f_logo_%282019%29.svg","datePublished":"2025-02-16T12:55:16+00:00","dateModified":"2025-12-27T18:27:53+00:00","breadcrumb":{"@id":"https:\/\/plyro.eu\/lt\/contact-us\/#breadcrumb"},"inLanguage":"lt-LT","potentialAction":[{"@type":"ReadAction","target":["https:\/\/plyro.eu\/lt\/contact-us\/"]}]},{"@type":"ImageObject","inLanguage":"lt-LT","@id":"https:\/\/plyro.eu\/lt\/contact-us\/#primaryimage","url":"https:\/\/upload.wikimedia.org\/wikipedia\/commons\/5\/51\/Facebook_f_logo_%282019%29.svg","contentUrl":"https:\/\/upload.wikimedia.org\/wikipedia\/commons\/5\/51\/Facebook_f_logo_%282019%29.svg"},{"@type":"BreadcrumbList","@id":"https:\/\/plyro.eu\/lt\/contact-us\/#breadcrumb","itemListElement":[{"@type":"ListItem","position":1,"name":"Home","item":"https:\/\/plyro.eu\/lt\/"},{"@type":"ListItem","position":2,"name":"Contact Us"}]},{"@type":"WebSite","@id":"https:\/\/plyro.eu\/lt\/#website","url":"https:\/\/plyro.eu\/lt\/","name":"Plyro LT","description":"","publisher":{"@id":"https:\/\/plyro.eu\/lt\/#organization"},"potentialAction":[{"@type":"SearchAction","target":{"@type":"EntryPoint","urlTemplate":"https:\/\/plyro.eu\/lt\/?s={search_term_string}"},"query-input":{"@type":"PropertyValueSpecification","valueRequired":true,"valueName":"search_term_string"}}],"inLanguage":"lt-LT"},{"@type":"Organization","@id":"https:\/\/plyro.eu\/lt\/#organization","name":"Plyro LT","url":"https:\/\/plyro.eu\/lt\/","logo":{"@type":"ImageObject","inLanguage":"lt-LT","@id":"https:\/\/plyro.eu\/lt\/#\/schema\/logo\/image\/","url":"https:\/\/plyro.eu\/lt\/wp-content\/uploads\/2026\/02\/plyro_black_512_transparent.png","contentUrl":"https:\/\/plyro.eu\/lt\/wp-content\/uploads\/2026\/02\/plyro_black_512_transparent.png","width":512,"height":512,"caption":"Plyro LT"},"image":{"@id":"https:\/\/plyro.eu\/lt\/#\/schema\/logo\/image\/"},"sameAs":["https:\/\/www.facebook.com\/gamedogEE\/"]}]}},"_links":{"self":[{"href":"https:\/\/plyro.eu\/lt\/wp-json\/wp\/v2\/pages\/65590","targetHints":{"allow":["GET"]}}],"collection":[{"href":"https:\/\/plyro.eu\/lt\/wp-json\/wp\/v2\/pages"}],"about":[{"href":"https:\/\/plyro.eu\/lt\/wp-json\/wp\/v2\/types\/page"}],"author":[{"embeddable":true,"href":"https:\/\/plyro.eu\/lt\/wp-json\/wp\/v2\/users\/1"}],"replies":[{"embeddable":true,"href":"https:\/\/plyro.eu\/lt\/wp-json\/wp\/v2\/comments?post=65590"}],"version-history":[{"count":0,"href":"https:\/\/plyro.eu\/lt\/wp-json\/wp\/v2\/pages\/65590\/revisions"}],"wp:attachment":[{"href":"https:\/\/plyro.eu\/lt\/wp-json\/wp\/v2\/media?parent=65590"}],"curies":[{"name":"wp","href":"https:\/\/api.w.org\/{rel}","templated":true}]}}