{"id":65588,"date":"2025-02-16T14:50:18","date_gmt":"2025-02-16T12:50:18","guid":{"rendered":"https:\/\/plyro.eu\/?page_id=65588"},"modified":"2025-07-13T22:38:17","modified_gmt":"2025-07-13T20:38:17","slug":"about-us","status":"publish","type":"page","link":"https:\/\/plyro.eu\/lt\/about-us\/","title":{"rendered":"About us"},"content":{"rendered":"\r\n<h1 class=\"wp-block-heading\">Apie mus<\/h1>\r\n\r\n\r\n\r\n<p>Sveiki atvyk\u0119 \u012f \u201eGameDog\u201c \u2013 j\u016bs\u0173 patikim\u0105 fizini\u0173 \u017eaidim\u0173 partner\u012f! Nors veikl\u0105 prad\u0117jome 2021 m. gegu\u017e\u0119 kaip skaitmeninio aktyvinimo rakto teik\u0117jai, d\u017eiaugiam\u0117s gal\u0117dami prane\u0161ti apie savo \u012f\u017eengim\u0105 \u012f fizini\u0173 \u017eaidim\u0173 rink\u0105. \u0160iuo metu m\u016bs\u0173 platforma skirta tik pla\u010diam fizini\u0173 \u017eaidim\u0173, konsoli\u0173 ir preki\u0173 asortimentui visiems \u017eaidim\u0173 entuziastams, o ateityje planuojame pl\u0117stis ir \u012f skaitmeninius produktus.<\/p>\r\n\r\n\r\n\r\n<p>Nuo pat \u012fk\u016brimo prie\u0161 trejus metus did\u017eiuojam\u0117s gal\u0117dami parduoti daugiau nei <strong>50 000<\/strong> vienet\u0173 <a href=\"https:\/\/www.eneba.com\/vendor\/gamedog-ou\">skaitmenin\u0117je srityje<\/a>, kurdami pasitik\u0117jimo ir patikimumo pagrind\u0105 tarp savo klient\u0173. Dabar t\u0105 pat\u012f \u012fsipareigojim\u0105 kokybei ir klient\u0173 pasitenkinimui perkeliame \u012f fizini\u0173 \u017eaidim\u0173 pasaul\u012f.<\/p>\r\n\r\n\r\n\r\n<p>\u201eGameDog\u201c siekiame savo klientams pasi\u016blyti geriausias kainas rinkoje. M\u016bs\u0173 \u012fsipareigojimas d\u0117l konkurencing\u0173 kain\u0173 i\u0161lieka nepakit\u0119s, o m\u016bs\u0173 katalogas nuolat ple\u010diamas, \u012ftraukiant naujausius ir geriausius fizinius \u017eaidimus. Nesvarbu, ar m\u0117gstate veiksmo, nuotyki\u0173, strategijos ar simuliacijos \u017eaidimus, turime k\u0105 pasi\u016blyti kiekvienas.<\/p>\r\n\r\n\r\n\r\n<p>Be \u012fvairaus asortimento, d\u017eiaugiam\u0117s gal\u0117dami pasi\u016blyti i\u0161skirtines didmenines nuolaidas, kai u\u017esakoma ne ma\u017eiau kaip 10 kopij\u0173. Tai leid\u017eia \u012fmon\u0117ms, organizacijoms ir \u017eaidim\u0173 bendruomen\u0117ms sutaupyti dar daugiau ir i\u0161pl\u0117sti savo \u017eaidim\u0173 kolekcijas.<\/p>\r\n\r\n\r\n\r\n<p>Kvie\u010diame apsilankyti m\u016bs\u0173 svetain\u0117je ir atrasti fizini\u0173 \u017eaidim\u0173 jaudul\u012f. D\u0117kojame, kad pasirinkote \u201eGameDog\u201c, kur \u017eaidimai dera su prieinamumu, o kokyb\u0117 yra m\u016bs\u0173 svarbiausias prioritetas.<\/p>\r\n","protected":false},"excerpt":{"rendered":"<p>Apie mus Sveiki atvyk\u0119 \u012f \u201eGameDog\u201c \u2013 j\u016bs\u0173 patikim\u0105 fizini\u0173 \u017eaidim\u0173 partner\u012f! Nors veikl\u0105 prad\u0117jome 2021 m. gegu\u017e\u0119 kaip skaitmeninio aktyvinimo rakto teik\u0117jai, d\u017eiaugiam\u0117s gal\u0117dami prane\u0161ti apie savo \u012f\u017eengim\u0105 \u012f fizini\u0173 \u017eaidim\u0173 rink\u0105. \u0160iuo metu m\u016bs\u0173 platforma skirta tik pla\u010diam fizini\u0173 \u017eaidim\u0173, konsoli\u0173 ir preki\u0173 asortimentui visiems \u017eaidim\u0173 entuziastams, o ateityje planuojame pl\u0117stis ir \u012f [&hellip;]<\/p>\n","protected":false},"author":1,"featured_media":0,"parent":0,"menu_order":0,"comment_status":"closed","ping_status":"closed","template":"","meta":{"_acf_changed":false,"inline_featured_image":false,"footnotes":""},"class_list":["post-65588","page","type-page","status-publish","hentry"],"acf":[],"yoast_head":"<!-- This site is optimized with the Yoast SEO plugin v24.9 - https:\/\/yoast.com\/wordpress\/plugins\/seo\/ -->\n<title>About us - Plyro LT<\/title>\n<meta name=\"robots\" content=\"index, follow, max-snippet:-1, max-image-preview:large, max-video-preview:-1\" \/>\n<link rel=\"canonical\" href=\"https:\/\/plyro.eu\/lt\/about-us\/\" \/>\n<meta property=\"og:locale\" content=\"lt_LT\" \/>\n<meta property=\"og:type\" content=\"article\" \/>\n<meta property=\"og:title\" content=\"About us - Plyro LT\" \/>\n<meta property=\"og:description\" content=\"Apie mus Sveiki atvyk\u0119 \u012f \u201eGameDog\u201c \u2013 j\u016bs\u0173 patikim\u0105 fizini\u0173 \u017eaidim\u0173 partner\u012f! Nors veikl\u0105 prad\u0117jome 2021 m. gegu\u017e\u0119 kaip skaitmeninio aktyvinimo rakto teik\u0117jai, d\u017eiaugiam\u0117s gal\u0117dami prane\u0161ti apie savo \u012f\u017eengim\u0105 \u012f fizini\u0173 \u017eaidim\u0173 rink\u0105. \u0160iuo metu m\u016bs\u0173 platforma skirta tik pla\u010diam fizini\u0173 \u017eaidim\u0173, konsoli\u0173 ir preki\u0173 asortimentui visiems \u017eaidim\u0173 entuziastams, o ateityje planuojame pl\u0117stis ir \u012f [&hellip;]\" \/>\n<meta property=\"og:url\" content=\"https:\/\/plyro.eu\/lt\/about-us\/\" \/>\n<meta property=\"og:site_name\" content=\"Plyro LT\" \/>\n<meta property=\"article:publisher\" content=\"https:\/\/www.facebook.com\/gamedogEE\/\" \/>\n<meta property=\"article:modified_time\" content=\"2025-07-13T20:38:17+00:00\" \/>\n<meta name=\"twitter:card\" content=\"summary_large_image\" \/>\n<meta name=\"twitter:label1\" content=\"Est. reading time\" \/>\n\t<meta name=\"twitter:data1\" content=\"2 minut\u0117s\" \/>\n<script type=\"application\/ld+json\" class=\"yoast-schema-graph\">{\"@context\":\"https:\/\/schema.org\",\"@graph\":[{\"@type\":\"WebPage\",\"@id\":\"https:\/\/plyro.eu\/lt\/about-us\/\",\"url\":\"https:\/\/plyro.eu\/lt\/about-us\/\",\"name\":\"About us - Plyro LT\",\"isPartOf\":{\"@id\":\"https:\/\/plyro.eu\/lt\/#website\"},\"datePublished\":\"2025-02-16T12:50:18+00:00\",\"dateModified\":\"2025-07-13T20:38:17+00:00\",\"breadcrumb\":{\"@id\":\"https:\/\/plyro.eu\/lt\/about-us\/#breadcrumb\"},\"inLanguage\":\"lt-LT\",\"potentialAction\":[{\"@type\":\"ReadAction\",\"target\":[\"https:\/\/plyro.eu\/lt\/about-us\/\"]}]},{\"@type\":\"BreadcrumbList\",\"@id\":\"https:\/\/plyro.eu\/lt\/about-us\/#breadcrumb\",\"itemListElement\":[{\"@type\":\"ListItem\",\"position\":1,\"name\":\"Home\",\"item\":\"https:\/\/plyro.eu\/lt\/\"},{\"@type\":\"ListItem\",\"position\":2,\"name\":\"About us\"}]},{\"@type\":\"WebSite\",\"@id\":\"https:\/\/plyro.eu\/lt\/#website\",\"url\":\"https:\/\/plyro.eu\/lt\/\",\"name\":\"Plyro LT\",\"description\":\"\",\"publisher\":{\"@id\":\"https:\/\/plyro.eu\/lt\/#organization\"},\"potentialAction\":[{\"@type\":\"SearchAction\",\"target\":{\"@type\":\"EntryPoint\",\"urlTemplate\":\"https:\/\/plyro.eu\/lt\/?s={search_term_string}\"},\"query-input\":{\"@type\":\"PropertyValueSpecification\",\"valueRequired\":true,\"valueName\":\"search_term_string\"}}],\"inLanguage\":\"lt-LT\"},{\"@type\":\"Organization\",\"@id\":\"https:\/\/plyro.eu\/lt\/#organization\",\"name\":\"Plyro LT\",\"url\":\"https:\/\/plyro.eu\/lt\/\",\"logo\":{\"@type\":\"ImageObject\",\"inLanguage\":\"lt-LT\",\"@id\":\"https:\/\/plyro.eu\/lt\/#\/schema\/logo\/image\/\",\"url\":\"https:\/\/plyro.eu\/lt\/wp-content\/uploads\/2026\/02\/plyro_black_512_transparent.png\",\"contentUrl\":\"https:\/\/plyro.eu\/lt\/wp-content\/uploads\/2026\/02\/plyro_black_512_transparent.png\",\"width\":512,\"height\":512,\"caption\":\"Plyro LT\"},\"image\":{\"@id\":\"https:\/\/plyro.eu\/lt\/#\/schema\/logo\/image\/\"},\"sameAs\":[\"https:\/\/www.facebook.com\/gamedogEE\/\"]}]}<\/script>\n<!-- \/ Yoast SEO plugin. -->","yoast_head_json":{"title":"About us - Plyro LT","robots":{"index":"index","follow":"follow","max-snippet":"max-snippet:-1","max-image-preview":"max-image-preview:large","max-video-preview":"max-video-preview:-1"},"canonical":"https:\/\/plyro.eu\/lt\/about-us\/","og_locale":"lt_LT","og_type":"article","og_title":"About us - Plyro LT","og_description":"Apie mus Sveiki atvyk\u0119 \u012f \u201eGameDog\u201c \u2013 j\u016bs\u0173 patikim\u0105 fizini\u0173 \u017eaidim\u0173 partner\u012f! Nors veikl\u0105 prad\u0117jome 2021 m. gegu\u017e\u0119 kaip skaitmeninio aktyvinimo rakto teik\u0117jai, d\u017eiaugiam\u0117s gal\u0117dami prane\u0161ti apie savo \u012f\u017eengim\u0105 \u012f fizini\u0173 \u017eaidim\u0173 rink\u0105. \u0160iuo metu m\u016bs\u0173 platforma skirta tik pla\u010diam fizini\u0173 \u017eaidim\u0173, konsoli\u0173 ir preki\u0173 asortimentui visiems \u017eaidim\u0173 entuziastams, o ateityje planuojame pl\u0117stis ir \u012f [&hellip;]","og_url":"https:\/\/plyro.eu\/lt\/about-us\/","og_site_name":"Plyro LT","article_publisher":"https:\/\/www.facebook.com\/gamedogEE\/","article_modified_time":"2025-07-13T20:38:17+00:00","twitter_card":"summary_large_image","twitter_misc":{"Est. reading time":"2 minut\u0117s"},"schema":{"@context":"https:\/\/schema.org","@graph":[{"@type":"WebPage","@id":"https:\/\/plyro.eu\/lt\/about-us\/","url":"https:\/\/plyro.eu\/lt\/about-us\/","name":"About us - Plyro LT","isPartOf":{"@id":"https:\/\/plyro.eu\/lt\/#website"},"datePublished":"2025-02-16T12:50:18+00:00","dateModified":"2025-07-13T20:38:17+00:00","breadcrumb":{"@id":"https:\/\/plyro.eu\/lt\/about-us\/#breadcrumb"},"inLanguage":"lt-LT","potentialAction":[{"@type":"ReadAction","target":["https:\/\/plyro.eu\/lt\/about-us\/"]}]},{"@type":"BreadcrumbList","@id":"https:\/\/plyro.eu\/lt\/about-us\/#breadcrumb","itemListElement":[{"@type":"ListItem","position":1,"name":"Home","item":"https:\/\/plyro.eu\/lt\/"},{"@type":"ListItem","position":2,"name":"About us"}]},{"@type":"WebSite","@id":"https:\/\/plyro.eu\/lt\/#website","url":"https:\/\/plyro.eu\/lt\/","name":"Plyro LT","description":"","publisher":{"@id":"https:\/\/plyro.eu\/lt\/#organization"},"potentialAction":[{"@type":"SearchAction","target":{"@type":"EntryPoint","urlTemplate":"https:\/\/plyro.eu\/lt\/?s={search_term_string}"},"query-input":{"@type":"PropertyValueSpecification","valueRequired":true,"valueName":"search_term_string"}}],"inLanguage":"lt-LT"},{"@type":"Organization","@id":"https:\/\/plyro.eu\/lt\/#organization","name":"Plyro LT","url":"https:\/\/plyro.eu\/lt\/","logo":{"@type":"ImageObject","inLanguage":"lt-LT","@id":"https:\/\/plyro.eu\/lt\/#\/schema\/logo\/image\/","url":"https:\/\/plyro.eu\/lt\/wp-content\/uploads\/2026\/02\/plyro_black_512_transparent.png","contentUrl":"https:\/\/plyro.eu\/lt\/wp-content\/uploads\/2026\/02\/plyro_black_512_transparent.png","width":512,"height":512,"caption":"Plyro LT"},"image":{"@id":"https:\/\/plyro.eu\/lt\/#\/schema\/logo\/image\/"},"sameAs":["https:\/\/www.facebook.com\/gamedogEE\/"]}]}},"_links":{"self":[{"href":"https:\/\/plyro.eu\/lt\/wp-json\/wp\/v2\/pages\/65588","targetHints":{"allow":["GET"]}}],"collection":[{"href":"https:\/\/plyro.eu\/lt\/wp-json\/wp\/v2\/pages"}],"about":[{"href":"https:\/\/plyro.eu\/lt\/wp-json\/wp\/v2\/types\/page"}],"author":[{"embeddable":true,"href":"https:\/\/plyro.eu\/lt\/wp-json\/wp\/v2\/users\/1"}],"replies":[{"embeddable":true,"href":"https:\/\/plyro.eu\/lt\/wp-json\/wp\/v2\/comments?post=65588"}],"version-history":[{"count":0,"href":"https:\/\/plyro.eu\/lt\/wp-json\/wp\/v2\/pages\/65588\/revisions"}],"wp:attachment":[{"href":"https:\/\/plyro.eu\/lt\/wp-json\/wp\/v2\/media?parent=65588"}],"curies":[{"name":"wp","href":"https:\/\/api.w.org\/{rel}","templated":true}]}}