{"id":65583,"date":"2025-02-16T14:43:13","date_gmt":"2025-02-16T12:43:13","guid":{"rendered":"https:\/\/plyro.eu\/?page_id=65583"},"modified":"2025-12-29T13:11:46","modified_gmt":"2025-12-29T11:11:46","slug":"terms-and-conditions","status":"publish","type":"page","link":"https:\/\/plyro.eu\/lt\/terms-and-conditions\/","title":{"rendered":"Terms and Conditions"},"content":{"rendered":"\r\n<h1 class=\"wp-block-heading\">Naudojimo s\u0105lygos<\/h1>\r\n\r\n\r\n\r\n<h2 class=\"wp-block-heading\">Paskutin\u012f kart\u0105 atnaujinta: 2025 m. vasario 16 d.<\/h2>\r\n\r\n\r\n\r\n<p>Internetin\u0117s parduotuv\u0117s <a href=\"http:\/\/plyro.eu\">plyro.eu<\/a> (toliau \u2013 \u201eInternetin\u0117 parduotuv\u0117\u201c) savininkas yra \u201eGameDog O\u00dc\u201c (registracijos kodas 14962369), \u012fsik\u016brusi Harju apskrityje, Talino mieste, Lasnam\u00e4e rajone, V\u00e4ike-Paala 2-309, 11415.<\/p>\r\n\r\n\r\n\r\n<p>&nbsp;<\/p>\r\n<p style=\"font-size: 22px !important;\"><strong>Pirkimo sutarties galiojimas, komercin\u0117 ir kain\u0173 informacija<\/strong><\/p>\r\n\r\n\r\n\r\n<p>Pardavimo s\u0105lygos taikomos perkant prekes internetin\u0117je parduotuv\u0117je.<\/p>\r\n\r\n\r\n\r\n<p>Internetin\u0117je parduotuv\u0117je parduodam\u0173 preki\u0173 kainos nurodomos kartu su prek\u0117mis. \u012e kain\u0105 \u012fskai\u010diuotos siuntimo i\u0161laidos. Visos internetin\u0117je parduotuv\u0117je parduodam\u0173 preki\u0173 kainos nurodytos eurais.<\/p>\r\n\r\n\r\n\r\n<p>Siuntimo i\u0161laidos priklauso nuo pirk\u0117jo vietos ir siuntimo b\u016bdo. Pristatymo kaina pirk\u0117jui rodoma pateikiant u\u017esakym\u0105.<\/p>\r\n\r\n\r\n\r\n<p>Informacija apie produkt\u0105 pateikiama internetin\u0117je parduotuv\u0117je tiesiai \u0161alia jo.<\/p>\r\n\r\n\r\n\r\n<p>&nbsp;<\/p>\r\n<p style=\"font-size: 22px !important;\"><strong>U\u017esakymo pateikimas<\/strong><\/p>\r\n\r\n\r\n\r\n<p>Nor\u0117dami pateikti u\u017esakym\u0105, turite \u012f krep\u0161el\u012f \u012fd\u0117ti norimas prekes. Nor\u0117dami pateikti u\u017esakym\u0105, turite u\u017epildyti privalomus laukus ir pasirinkti tinkam\u0105 pristatymo b\u016bd\u0105. Komisinio mokes\u010dio suma bus rodoma ekrane. Mokest\u012f galite sumok\u0117ti \u0161iais saugiais b\u016bdais:<\/p>\r\n\r\n\r\n\r\n<ul>\r\n<li>\u201eAmerican Express\u201c \u2013 visame pasaulyje<\/li>\r\n<li>\u201eApple Pay\u201c \u2013 visame pasaulyje<\/li>\r\n<li>\u201eCitadele\u201c \u2013 Estija, Lietuva, Latvija<\/li>\r\n<li>\u201eCoop Bank\u201c \u2013 Estija<\/li>\r\n<li>\u201eGoogle Pay\u201c \u2013 visame pasaulyje<\/li>\r\n<li>\u201eLHV\u201c \u2013 Estija<\/li>\r\n<li>\u201eLuminor\u201c \u2013 Estija, Lietuva, Latvija<\/li>\r\n<li>\u201eMastercard\u201c \u2013 visame pasaulyje<\/li>\r\n<li>\u201eN26\u201c \u2013 Estija, Lenkija, Vokietija, Suomija<\/li>\r\n<li>\u201eRevolut\u201c \u2013 visame pasaulyje<\/li>\r\n<li>\u201eSEB\u201c \u2013 Estija, Lietuva, Latvija<\/li>\r\n<li>\u00a0\u201eSwedbank\u201c \u2013 Estija, Lietuva, Latvija<\/li>\r\n<li>\u201eVisa\u201c \u2013 visame pasaulyje<\/li>\r\n<li>\u201ePay later\u201c (Montonio Split)<\/li>\r\n<\/ul>\r\n\r\n\r\n\r\n<p>Pastaba: mokant banko pavedimu, b\u016btinai banko puslapyje spustel\u0117kite mygtuk\u0105 \u201eGr\u0105\u017einti pardav\u0117jui\u201c.<\/p>\r\n\r\n\r\n\r\n<p>Mok\u0117jimai atliekami tarpininkaujant \u201eMontonio\u201c. Mok\u0117jimai atliekami ne internetin\u0117je parduotuv\u0117je, saugioje aplinkoje: atsiskaitant banko pavedimu \u2013 atitinkamo banko saugioje aplinkoje, o atsiskaitant kreditine kortele \u2013 saugioje \u201eMontonio\u201c aplinkoje. Pardav\u0117jas neturi prieigos prie pirk\u0117jo banko duomen\u0173 ir kreditin\u0117s kortel\u0117s duomen\u0173. Sutartis \u012fsigalioja nuo to momento, kai mok\u0117tina suma \u012fskaitoma \u012f internetin\u0117s parduotuv\u0117s s\u0105skait\u0105.<\/p>\r\n\r\n\r\n\r\n<p>Svetain\u0117s savininkas yra asmens duomen\u0173 operatorius ir perduoda mok\u0117jimams atlikti reikalingus asmens duomenis operatoriui \u201eMontonio\u201c.<\/p>\r\n\r\n\r\n\r\n<p>Jei u\u017esakyt\u0173 preki\u0173 negalima pristatyti d\u0117l pasibaigusio pristatymo termino ar d\u0117l kitos prie\u017easties, pirk\u0117jas bus informuotas kuo grei\u010diau, o sumok\u0117ti pinigai (\u012fskaitant pristatymo i\u0161laidas) bus gr\u0105\u017einti nedelsiant, bet ne v\u0117liau kaip per 14 dien\u0173 nuo prane\u0161imo datos.<\/p>\r\n\r\n\r\n\r\n<p>&nbsp;<\/p>\r\n<p style=\"font-size: 22px !important;\"><strong>Pristatymas<\/strong><\/p>\r\n\r\n\r\n\r\n<p>Produktai pristatomi \u012f Estija, Lietuva ir Latvija.<\/p>\r\n\r\n\r\n\r\n<p>Pirk\u0117jas prekes gali atsiimti \u0161iais b\u016bdais: Omniva, DPD.<\/p>\r\n\r\n\r\n\r\n<p>Pristatymo i\u0161laidas apmoka pirk\u0117jas, informacija apie kain\u0105 rodoma \u0161alia pristatymo b\u016bdo.<\/p>\r\n\r\n\r\n\r\n<p>Siuntos Estijoje paprastai pristatomos \u012f pirk\u0117jo nurodyt\u0105 viet\u0105 per 1 darbo dien\u0105 nuo pirkimo-pardavimo sutarties \u012fsigaliojimo dienos. U\u017e Estijos rib\u0173 pristatymas trunka 3\u20135 kalendorines dienas.<\/p>\r\n\r\n\r\n\r\n<p>I\u0161imtiniais atvejais turite teis\u0119 gauti prekes per 45 kalendorines dienas.<\/p>\r\n\r\n\r\n\r\n<p>&nbsp;<\/p>\r\n<p style=\"font-size: 22px !important;\"><strong>Atsitraukimo teis\u0117<\/strong><\/p>\r\n\r\n\r\n\r\n<p>Atsitraukimo teis\u0117 apra\u0161yta \u010dia.<\/p>\r\n\r\n\r\n\r\n<p>&nbsp;<\/p>\r\n<p style=\"font-size: 22px !important;\"><strong>Teis\u0117 pateikti skund\u0105<\/strong><\/p>\r\n\r\n\r\n\r\n<p>Internetin\u0117 parduotuv\u0117 yra atsakinga u\u017e pirk\u0117jui parduot\u0173 preki\u0173 neatitikim\u0105 ar defekt\u0105, kuris jau egzistavo pristatymo metu ir kuris bus pa\u0161alintas ateityje. Defektas atsirado ne v\u0117liau kaip per dvejus metus nuo preki\u0173 perdavimo pirk\u0117jui datos. V\u0117liau, per vienerius metus nuo preki\u0173 perdavimo pirk\u0117jui datos, laikoma, kadDefektas egzistavo pristatymo metu. Internetin\u0117 parduotuv\u0117 privalo paneigti \u0161i\u0105 prezumpcij\u0105.<\/p>\r\n\r\n\r\n\r\n<p>Jei aptinkamas defektas, pirk\u0117jas turi teis\u0119 susisiekti su internetine parduotuve ne v\u0117liau kaip per du m\u0117nesius, i\u0161si\u0173sdamas el. lai\u0161k\u0105 adresu <a href=\"mailto:info@plyro.eu\">info@plyro.eu<\/a>.<\/p>\r\n\r\n\r\n\r\n<p>Internetin\u0117 parduotuv\u0117 neatsako u\u017e defektus, kurie atsiranda po preki\u0173 pristatymo pirk\u0117jui.<\/p>\r\n\r\n\r\n\r\n<p>Jei internetin\u0117je parduotuv\u0117je \u012fsigytos prek\u0117s turi defekt\u0173, u\u017e kuriuos atsakinga internetin\u0117 parduotuv\u0117, internetin\u0117 parduotuv\u0117 pataisys arba pakeis defektines prekes. Jei prek\u0117s pataisyti ar pakeisti ne\u012fmanoma, internetin\u0117 parduotuv\u0117 gr\u0105\u017eins pirk\u0117jui visas pagal pirkimo-pardavimo sutart\u012f sumok\u0117tas sumas.<\/p>\r\n\r\n\r\n\r\n<p>Internetin\u0117 parduotuv\u0117 \u012f vartotojo skund\u0105 atsakys ra\u0161tu arba tokia forma, kuri\u0105 galima atkurti ra\u0161tu, per 15 dien\u0173.<\/p>\r\n\r\n\r\n\r\n<p>&nbsp;<\/p>\r\n<p style=\"font-size: 22px !important;\"><strong>Tiesiogin\u0117 rinkodara ir asmens duomen\u0173 tvarkymas<\/strong><\/p>\r\n\r\n\r\n\r\n<p>Internetin\u0117 parduotuv\u0117 pirk\u0117jo pateiktus asmens duomenis naudoja tik u\u017esakymui apdoroti ir prek\u0117ms i\u0161si\u0173sti pirk\u0117jui. Internetin\u0117 parduotuv\u0117 perduoda asmens duomenis transporto paslaugas teikian\u010dioms \u012fmon\u0117ms, skirtoms preki\u0173 pristatymui.<\/p>\r\n\r\n\r\n\r\n<p>Internetin\u0117 parduotuv\u0117 siun\u010dia naujienlai\u0161kius ir pasi\u016blymus pirk\u0117jo el. pa\u0161to adresu tik tuo atveju, jei pirk\u0117jas i\u0161rei\u0161k\u0117 nor\u0105 juos gauti pateikdamas savo el. pa\u0161to adres\u0105 svetain\u0117je ir nurod\u0117 savo nor\u0105 gauti prane\u0161imus el. pa\u0161tu.<\/p>\r\n\r\n\r\n\r\n<p>Pirk\u0117jas bet kuriuo metu gali atsisakyti naujienlai\u0161ki\u0173 ir pasi\u016blym\u0173 gavimo el. pa\u0161tu, prane\u0161damas mums el. pa\u0161tu arba vykdydamas instrukcijas, pateiktas el. lai\u0161ke su pasi\u016blymais.<\/p>\r\n\r\n\r\n\r\n<p>Daugiau informacijos galite rasti <a href=\"https:\/\/plyro.eu\/lt\/privacy-policy\/\">\u010dia<\/a>.<\/p>\r\n\r\n\r\n\r\n<p>&nbsp;<\/p>\r\n<p style=\"font-size: 22px !important;\"><strong>Gin\u010d\u0173 sprendimas<\/strong><\/p>\r\n\r\n\r\n\r\n<p>Jei pirk\u0117jas turi skund\u0105 d\u0117l internetin\u0117s parduotuv\u0117s, jis tur\u0117t\u0173 j\u012f si\u0173sti el. pa\u0161tu adresu <a href=\"mailto:info@plyro.eu\">info@plyro.eu<\/a>.<\/p>\r\n\r\n\r\n\r\n<p>Jei pirk\u0117jas ir internetin\u0117 parduotuv\u0117 negal\u0117jo i\u0161spr\u0119sti gin\u010do susitarimu, pirk\u0117jas gali kreiptis \u012f Vartotoj\u0173 gin\u010d\u0173 komitet\u0105. Su proced\u016bros s\u0105lygomis galite susipa\u017einti ir pateikti pra\u0161ym\u0105 \u010dia . Vartotoj\u0173 gin\u010d\u0173 komitetas yra kompetentingas spr\u0119sti gin\u010dus, kylan\u010dius i\u0161 pirk\u0117jo ir internetin\u0117s parduotuv\u0117s sutarties.<\/p>\r\n\r\n\r\n\r\n<p>Komisijos pirk\u0117jo skundo nagrin\u0117jimas yra nemokamas.<\/p>\r\n\r\n\r\n\r\n<p>Pirk\u0117jas gali kreiptis \u012f Europos S\u0105jungos vartotoj\u0173 gin\u010d\u0173 sprendimo platform\u0105.<\/p>\r\n\r\n\r\n\r\n<p>&nbsp;<\/p>\r\n","protected":false},"excerpt":{"rendered":"<p>Naudojimo s\u0105lygos Paskutin\u012f kart\u0105 atnaujinta: 2025 m. vasario 16 d. Internetin\u0117s parduotuv\u0117s plyro.eu (toliau \u2013 \u201eInternetin\u0117 parduotuv\u0117\u201c) savininkas yra \u201eGameDog O\u00dc\u201c (registracijos kodas 14962369), \u012fsik\u016brusi Harju apskrityje, Talino mieste, Lasnam\u00e4e rajone, V\u00e4ike-Paala 2-309, 11415. &nbsp; Pirkimo sutarties galiojimas, komercin\u0117 ir kain\u0173 informacija Pardavimo s\u0105lygos taikomos perkant prekes internetin\u0117je parduotuv\u0117je. Internetin\u0117je parduotuv\u0117je parduodam\u0173 preki\u0173 kainos nurodomos [&hellip;]<\/p>\n","protected":false},"author":1,"featured_media":0,"parent":0,"menu_order":0,"comment_status":"closed","ping_status":"closed","template":"","meta":{"_acf_changed":false,"inline_featured_image":false,"footnotes":""},"class_list":["post-65583","page","type-page","status-publish","hentry"],"acf":[],"yoast_head":"<!-- This site is optimized with the Yoast SEO plugin v24.9 - https:\/\/yoast.com\/wordpress\/plugins\/seo\/ -->\n<title>Terms and Conditions - Plyro LT<\/title>\n<meta name=\"robots\" content=\"index, follow, max-snippet:-1, max-image-preview:large, max-video-preview:-1\" \/>\n<link rel=\"canonical\" href=\"https:\/\/plyro.eu\/lt\/terms-and-conditions\/\" \/>\n<meta property=\"og:locale\" content=\"lt_LT\" \/>\n<meta property=\"og:type\" content=\"article\" \/>\n<meta property=\"og:title\" content=\"Terms and Conditions - Plyro LT\" \/>\n<meta property=\"og:description\" content=\"Naudojimo s\u0105lygos Paskutin\u012f kart\u0105 atnaujinta: 2025 m. vasario 16 d. Internetin\u0117s parduotuv\u0117s plyro.eu (toliau \u2013 \u201eInternetin\u0117 parduotuv\u0117\u201c) savininkas yra \u201eGameDog O\u00dc\u201c (registracijos kodas 14962369), \u012fsik\u016brusi Harju apskrityje, Talino mieste, Lasnam\u00e4e rajone, V\u00e4ike-Paala 2-309, 11415. &nbsp; Pirkimo sutarties galiojimas, komercin\u0117 ir kain\u0173 informacija Pardavimo s\u0105lygos taikomos perkant prekes internetin\u0117je parduotuv\u0117je. Internetin\u0117je parduotuv\u0117je parduodam\u0173 preki\u0173 kainos nurodomos [&hellip;]\" \/>\n<meta property=\"og:url\" content=\"https:\/\/plyro.eu\/lt\/terms-and-conditions\/\" \/>\n<meta property=\"og:site_name\" content=\"Plyro LT\" \/>\n<meta property=\"article:publisher\" content=\"https:\/\/www.facebook.com\/gamedogEE\/\" \/>\n<meta property=\"article:modified_time\" content=\"2025-12-29T11:11:46+00:00\" \/>\n<meta name=\"twitter:card\" content=\"summary_large_image\" \/>\n<meta name=\"twitter:label1\" content=\"Est. reading time\" \/>\n\t<meta name=\"twitter:data1\" content=\"4 minut\u0117s\" \/>\n<script type=\"application\/ld+json\" class=\"yoast-schema-graph\">{\"@context\":\"https:\/\/schema.org\",\"@graph\":[{\"@type\":\"WebPage\",\"@id\":\"https:\/\/plyro.eu\/lt\/terms-and-conditions\/\",\"url\":\"https:\/\/plyro.eu\/lt\/terms-and-conditions\/\",\"name\":\"Terms and Conditions - Plyro LT\",\"isPartOf\":{\"@id\":\"https:\/\/plyro.eu\/lt\/#website\"},\"datePublished\":\"2025-02-16T12:43:13+00:00\",\"dateModified\":\"2025-12-29T11:11:46+00:00\",\"breadcrumb\":{\"@id\":\"https:\/\/plyro.eu\/lt\/terms-and-conditions\/#breadcrumb\"},\"inLanguage\":\"lt-LT\",\"potentialAction\":[{\"@type\":\"ReadAction\",\"target\":[\"https:\/\/plyro.eu\/lt\/terms-and-conditions\/\"]}]},{\"@type\":\"BreadcrumbList\",\"@id\":\"https:\/\/plyro.eu\/lt\/terms-and-conditions\/#breadcrumb\",\"itemListElement\":[{\"@type\":\"ListItem\",\"position\":1,\"name\":\"Home\",\"item\":\"https:\/\/plyro.eu\/lt\/\"},{\"@type\":\"ListItem\",\"position\":2,\"name\":\"Terms and Conditions\"}]},{\"@type\":\"WebSite\",\"@id\":\"https:\/\/plyro.eu\/lt\/#website\",\"url\":\"https:\/\/plyro.eu\/lt\/\",\"name\":\"Plyro LT\",\"description\":\"\",\"publisher\":{\"@id\":\"https:\/\/plyro.eu\/lt\/#organization\"},\"potentialAction\":[{\"@type\":\"SearchAction\",\"target\":{\"@type\":\"EntryPoint\",\"urlTemplate\":\"https:\/\/plyro.eu\/lt\/?s={search_term_string}\"},\"query-input\":{\"@type\":\"PropertyValueSpecification\",\"valueRequired\":true,\"valueName\":\"search_term_string\"}}],\"inLanguage\":\"lt-LT\"},{\"@type\":\"Organization\",\"@id\":\"https:\/\/plyro.eu\/lt\/#organization\",\"name\":\"Plyro LT\",\"url\":\"https:\/\/plyro.eu\/lt\/\",\"logo\":{\"@type\":\"ImageObject\",\"inLanguage\":\"lt-LT\",\"@id\":\"https:\/\/plyro.eu\/lt\/#\/schema\/logo\/image\/\",\"url\":\"https:\/\/plyro.eu\/lt\/wp-content\/uploads\/2026\/02\/plyro_black_512_transparent.png\",\"contentUrl\":\"https:\/\/plyro.eu\/lt\/wp-content\/uploads\/2026\/02\/plyro_black_512_transparent.png\",\"width\":512,\"height\":512,\"caption\":\"Plyro LT\"},\"image\":{\"@id\":\"https:\/\/plyro.eu\/lt\/#\/schema\/logo\/image\/\"},\"sameAs\":[\"https:\/\/www.facebook.com\/gamedogEE\/\"]}]}<\/script>\n<!-- \/ Yoast SEO plugin. -->","yoast_head_json":{"title":"Terms and Conditions - Plyro LT","robots":{"index":"index","follow":"follow","max-snippet":"max-snippet:-1","max-image-preview":"max-image-preview:large","max-video-preview":"max-video-preview:-1"},"canonical":"https:\/\/plyro.eu\/lt\/terms-and-conditions\/","og_locale":"lt_LT","og_type":"article","og_title":"Terms and Conditions - Plyro LT","og_description":"Naudojimo s\u0105lygos Paskutin\u012f kart\u0105 atnaujinta: 2025 m. vasario 16 d. Internetin\u0117s parduotuv\u0117s plyro.eu (toliau \u2013 \u201eInternetin\u0117 parduotuv\u0117\u201c) savininkas yra \u201eGameDog O\u00dc\u201c (registracijos kodas 14962369), \u012fsik\u016brusi Harju apskrityje, Talino mieste, Lasnam\u00e4e rajone, V\u00e4ike-Paala 2-309, 11415. &nbsp; Pirkimo sutarties galiojimas, komercin\u0117 ir kain\u0173 informacija Pardavimo s\u0105lygos taikomos perkant prekes internetin\u0117je parduotuv\u0117je. Internetin\u0117je parduotuv\u0117je parduodam\u0173 preki\u0173 kainos nurodomos [&hellip;]","og_url":"https:\/\/plyro.eu\/lt\/terms-and-conditions\/","og_site_name":"Plyro LT","article_publisher":"https:\/\/www.facebook.com\/gamedogEE\/","article_modified_time":"2025-12-29T11:11:46+00:00","twitter_card":"summary_large_image","twitter_misc":{"Est. reading time":"4 minut\u0117s"},"schema":{"@context":"https:\/\/schema.org","@graph":[{"@type":"WebPage","@id":"https:\/\/plyro.eu\/lt\/terms-and-conditions\/","url":"https:\/\/plyro.eu\/lt\/terms-and-conditions\/","name":"Terms and Conditions - Plyro LT","isPartOf":{"@id":"https:\/\/plyro.eu\/lt\/#website"},"datePublished":"2025-02-16T12:43:13+00:00","dateModified":"2025-12-29T11:11:46+00:00","breadcrumb":{"@id":"https:\/\/plyro.eu\/lt\/terms-and-conditions\/#breadcrumb"},"inLanguage":"lt-LT","potentialAction":[{"@type":"ReadAction","target":["https:\/\/plyro.eu\/lt\/terms-and-conditions\/"]}]},{"@type":"BreadcrumbList","@id":"https:\/\/plyro.eu\/lt\/terms-and-conditions\/#breadcrumb","itemListElement":[{"@type":"ListItem","position":1,"name":"Home","item":"https:\/\/plyro.eu\/lt\/"},{"@type":"ListItem","position":2,"name":"Terms and Conditions"}]},{"@type":"WebSite","@id":"https:\/\/plyro.eu\/lt\/#website","url":"https:\/\/plyro.eu\/lt\/","name":"Plyro LT","description":"","publisher":{"@id":"https:\/\/plyro.eu\/lt\/#organization"},"potentialAction":[{"@type":"SearchAction","target":{"@type":"EntryPoint","urlTemplate":"https:\/\/plyro.eu\/lt\/?s={search_term_string}"},"query-input":{"@type":"PropertyValueSpecification","valueRequired":true,"valueName":"search_term_string"}}],"inLanguage":"lt-LT"},{"@type":"Organization","@id":"https:\/\/plyro.eu\/lt\/#organization","name":"Plyro LT","url":"https:\/\/plyro.eu\/lt\/","logo":{"@type":"ImageObject","inLanguage":"lt-LT","@id":"https:\/\/plyro.eu\/lt\/#\/schema\/logo\/image\/","url":"https:\/\/plyro.eu\/lt\/wp-content\/uploads\/2026\/02\/plyro_black_512_transparent.png","contentUrl":"https:\/\/plyro.eu\/lt\/wp-content\/uploads\/2026\/02\/plyro_black_512_transparent.png","width":512,"height":512,"caption":"Plyro LT"},"image":{"@id":"https:\/\/plyro.eu\/lt\/#\/schema\/logo\/image\/"},"sameAs":["https:\/\/www.facebook.com\/gamedogEE\/"]}]}},"_links":{"self":[{"href":"https:\/\/plyro.eu\/lt\/wp-json\/wp\/v2\/pages\/65583","targetHints":{"allow":["GET"]}}],"collection":[{"href":"https:\/\/plyro.eu\/lt\/wp-json\/wp\/v2\/pages"}],"about":[{"href":"https:\/\/plyro.eu\/lt\/wp-json\/wp\/v2\/types\/page"}],"author":[{"embeddable":true,"href":"https:\/\/plyro.eu\/lt\/wp-json\/wp\/v2\/users\/1"}],"replies":[{"embeddable":true,"href":"https:\/\/plyro.eu\/lt\/wp-json\/wp\/v2\/comments?post=65583"}],"version-history":[{"count":0,"href":"https:\/\/plyro.eu\/lt\/wp-json\/wp\/v2\/pages\/65583\/revisions"}],"wp:attachment":[{"href":"https:\/\/plyro.eu\/lt\/wp-json\/wp\/v2\/media?parent=65583"}],"curies":[{"name":"wp","href":"https:\/\/api.w.org\/{rel}","templated":true}]}}