{"id":189,"date":"2025-02-16T14:48:55","date_gmt":"2025-02-16T12:48:55","guid":{"rendered":"https:\/\/plyro.eu\/?page_id=189"},"modified":"2025-12-29T13:05:31","modified_gmt":"2025-12-29T11:05:31","slug":"refund_returns","status":"publish","type":"page","link":"https:\/\/plyro.eu\/lt\/refund_returns\/","title":{"rendered":"Return policy"},"content":{"rendered":"\r\n<h1 class=\"wp-block-heading\">Gr\u0105\u017einimo politika<\/h1>\r\n\r\n\r\n\r\n<p>Gav\u0119s u\u017esakym\u0105, pirk\u0117jas turi teis\u0119 atsisakyti sutarties per 14 dien\u0173.<\/p>\r\n\r\n\r\n\r\n<p>Vartotojas sutinka pasinaudoti gr\u0105\u017einimo teise \u0161iomis s\u0105lygomis:<\/p>\r\n<ul>\r\n<li>Prek\u0117s turi b\u016bti gr\u0105\u017einamos nenaudotos ir originalioje pakuot\u0117je.<\/li>\r\n<li>\r\n\r\nNor\u0117damas pasinaudoti gr\u0105\u017einimo teise, vartotojas turi pateikti ra\u0161ytin\u012f pra\u0161ym\u0105 \u201eGameDog O\u00dc\u201c adresu <a href=\"mailto:info@plyro.eu\">info@plyro.eu<\/a>, bet ne v\u0117liau kaip per 14 dien\u0173 nuo preki\u0173 gavimo dienos.<\/li>\r\n<li>Vartotojas \u012fsipareigoja apmok\u0117ti preki\u0173 gr\u0105\u017einimo i\u0161laidas, i\u0161skyrus atvejus, kai gr\u0105\u017einamos prek\u0117s neatitinka vartotojo u\u017esakymo.<\/li>\r\n<li>\u201eGameDog O\u00dc\u201c gr\u0105\u017eins pinigus per 14 dien\u0173 nuo pra\u0161ymo gavimo dienos.\r\n\r\n\r\n\r\n<\/li>\r\n<\/ul>\r\n\r\n\r\n","protected":false},"excerpt":{"rendered":"<p>Gr\u0105\u017einimo politika Gav\u0119s u\u017esakym\u0105, pirk\u0117jas turi teis\u0119 atsisakyti sutarties per 14 dien\u0173. Vartotojas sutinka pasinaudoti gr\u0105\u017einimo teise \u0161iomis s\u0105lygomis: Prek\u0117s turi b\u016bti gr\u0105\u017einamos nenaudotos ir originalioje pakuot\u0117je. Nor\u0117damas pasinaudoti gr\u0105\u017einimo teise, vartotojas turi pateikti ra\u0161ytin\u012f pra\u0161ym\u0105 \u201eGameDog O\u00dc\u201c adresu info@plyro.eu, bet ne v\u0117liau kaip per 14 dien\u0173 nuo preki\u0173 gavimo dienos. Vartotojas \u012fsipareigoja apmok\u0117ti preki\u0173 [&hellip;]<\/p>\n","protected":false},"author":1,"featured_media":0,"parent":0,"menu_order":0,"comment_status":"closed","ping_status":"closed","template":"","meta":{"_acf_changed":false,"inline_featured_image":false,"footnotes":""},"class_list":["post-189","page","type-page","status-publish","hentry"],"acf":[],"yoast_head":"<!-- This site is optimized with the Yoast SEO plugin v24.9 - https:\/\/yoast.com\/wordpress\/plugins\/seo\/ -->\n<title>Return policy - Plyro LT<\/title>\n<meta name=\"robots\" content=\"index, follow, max-snippet:-1, max-image-preview:large, max-video-preview:-1\" \/>\n<link rel=\"canonical\" href=\"https:\/\/plyro.eu\/lt\/refund_returns\/\" \/>\n<meta property=\"og:locale\" content=\"lt_LT\" \/>\n<meta property=\"og:type\" content=\"article\" \/>\n<meta property=\"og:title\" content=\"Return policy - Plyro LT\" \/>\n<meta property=\"og:description\" content=\"Gr\u0105\u017einimo politika Gav\u0119s u\u017esakym\u0105, pirk\u0117jas turi teis\u0119 atsisakyti sutarties per 14 dien\u0173. Vartotojas sutinka pasinaudoti gr\u0105\u017einimo teise \u0161iomis s\u0105lygomis: Prek\u0117s turi b\u016bti gr\u0105\u017einamos nenaudotos ir originalioje pakuot\u0117je. Nor\u0117damas pasinaudoti gr\u0105\u017einimo teise, vartotojas turi pateikti ra\u0161ytin\u012f pra\u0161ym\u0105 \u201eGameDog O\u00dc\u201c adresu info@plyro.eu, bet ne v\u0117liau kaip per 14 dien\u0173 nuo preki\u0173 gavimo dienos. Vartotojas \u012fsipareigoja apmok\u0117ti preki\u0173 [&hellip;]\" \/>\n<meta property=\"og:url\" content=\"https:\/\/plyro.eu\/lt\/refund_returns\/\" \/>\n<meta property=\"og:site_name\" content=\"Plyro LT\" \/>\n<meta property=\"article:publisher\" content=\"https:\/\/www.facebook.com\/gamedogEE\/\" \/>\n<meta property=\"article:modified_time\" content=\"2025-12-29T11:05:31+00:00\" \/>\n<meta name=\"twitter:card\" content=\"summary_large_image\" \/>\n<meta name=\"twitter:label1\" content=\"Est. reading time\" \/>\n\t<meta name=\"twitter:data1\" content=\"1 minut\u0117\" \/>\n<script type=\"application\/ld+json\" class=\"yoast-schema-graph\">{\"@context\":\"https:\/\/schema.org\",\"@graph\":[{\"@type\":\"WebPage\",\"@id\":\"https:\/\/plyro.eu\/lt\/refund_returns\/\",\"url\":\"https:\/\/plyro.eu\/lt\/refund_returns\/\",\"name\":\"Return policy - Plyro LT\",\"isPartOf\":{\"@id\":\"https:\/\/plyro.eu\/lt\/#website\"},\"datePublished\":\"2025-02-16T12:48:55+00:00\",\"dateModified\":\"2025-12-29T11:05:31+00:00\",\"breadcrumb\":{\"@id\":\"https:\/\/plyro.eu\/lt\/refund_returns\/#breadcrumb\"},\"inLanguage\":\"lt-LT\",\"potentialAction\":[{\"@type\":\"ReadAction\",\"target\":[\"https:\/\/plyro.eu\/lt\/refund_returns\/\"]}]},{\"@type\":\"BreadcrumbList\",\"@id\":\"https:\/\/plyro.eu\/lt\/refund_returns\/#breadcrumb\",\"itemListElement\":[{\"@type\":\"ListItem\",\"position\":1,\"name\":\"Home\",\"item\":\"https:\/\/plyro.eu\/lt\/\"},{\"@type\":\"ListItem\",\"position\":2,\"name\":\"Return policy\"}]},{\"@type\":\"WebSite\",\"@id\":\"https:\/\/plyro.eu\/lt\/#website\",\"url\":\"https:\/\/plyro.eu\/lt\/\",\"name\":\"Plyro LT\",\"description\":\"\",\"publisher\":{\"@id\":\"https:\/\/plyro.eu\/lt\/#organization\"},\"potentialAction\":[{\"@type\":\"SearchAction\",\"target\":{\"@type\":\"EntryPoint\",\"urlTemplate\":\"https:\/\/plyro.eu\/lt\/?s={search_term_string}\"},\"query-input\":{\"@type\":\"PropertyValueSpecification\",\"valueRequired\":true,\"valueName\":\"search_term_string\"}}],\"inLanguage\":\"lt-LT\"},{\"@type\":\"Organization\",\"@id\":\"https:\/\/plyro.eu\/lt\/#organization\",\"name\":\"Plyro LT\",\"url\":\"https:\/\/plyro.eu\/lt\/\",\"logo\":{\"@type\":\"ImageObject\",\"inLanguage\":\"lt-LT\",\"@id\":\"https:\/\/plyro.eu\/lt\/#\/schema\/logo\/image\/\",\"url\":\"https:\/\/plyro.eu\/lt\/wp-content\/uploads\/2026\/02\/plyro_black_512_transparent.png\",\"contentUrl\":\"https:\/\/plyro.eu\/lt\/wp-content\/uploads\/2026\/02\/plyro_black_512_transparent.png\",\"width\":512,\"height\":512,\"caption\":\"Plyro LT\"},\"image\":{\"@id\":\"https:\/\/plyro.eu\/lt\/#\/schema\/logo\/image\/\"},\"sameAs\":[\"https:\/\/www.facebook.com\/gamedogEE\/\"]}]}<\/script>\n<!-- \/ Yoast SEO plugin. -->","yoast_head_json":{"title":"Return policy - Plyro LT","robots":{"index":"index","follow":"follow","max-snippet":"max-snippet:-1","max-image-preview":"max-image-preview:large","max-video-preview":"max-video-preview:-1"},"canonical":"https:\/\/plyro.eu\/lt\/refund_returns\/","og_locale":"lt_LT","og_type":"article","og_title":"Return policy - Plyro LT","og_description":"Gr\u0105\u017einimo politika Gav\u0119s u\u017esakym\u0105, pirk\u0117jas turi teis\u0119 atsisakyti sutarties per 14 dien\u0173. Vartotojas sutinka pasinaudoti gr\u0105\u017einimo teise \u0161iomis s\u0105lygomis: Prek\u0117s turi b\u016bti gr\u0105\u017einamos nenaudotos ir originalioje pakuot\u0117je. Nor\u0117damas pasinaudoti gr\u0105\u017einimo teise, vartotojas turi pateikti ra\u0161ytin\u012f pra\u0161ym\u0105 \u201eGameDog O\u00dc\u201c adresu info@plyro.eu, bet ne v\u0117liau kaip per 14 dien\u0173 nuo preki\u0173 gavimo dienos. Vartotojas \u012fsipareigoja apmok\u0117ti preki\u0173 [&hellip;]","og_url":"https:\/\/plyro.eu\/lt\/refund_returns\/","og_site_name":"Plyro LT","article_publisher":"https:\/\/www.facebook.com\/gamedogEE\/","article_modified_time":"2025-12-29T11:05:31+00:00","twitter_card":"summary_large_image","twitter_misc":{"Est. reading time":"1 minut\u0117"},"schema":{"@context":"https:\/\/schema.org","@graph":[{"@type":"WebPage","@id":"https:\/\/plyro.eu\/lt\/refund_returns\/","url":"https:\/\/plyro.eu\/lt\/refund_returns\/","name":"Return policy - Plyro LT","isPartOf":{"@id":"https:\/\/plyro.eu\/lt\/#website"},"datePublished":"2025-02-16T12:48:55+00:00","dateModified":"2025-12-29T11:05:31+00:00","breadcrumb":{"@id":"https:\/\/plyro.eu\/lt\/refund_returns\/#breadcrumb"},"inLanguage":"lt-LT","potentialAction":[{"@type":"ReadAction","target":["https:\/\/plyro.eu\/lt\/refund_returns\/"]}]},{"@type":"BreadcrumbList","@id":"https:\/\/plyro.eu\/lt\/refund_returns\/#breadcrumb","itemListElement":[{"@type":"ListItem","position":1,"name":"Home","item":"https:\/\/plyro.eu\/lt\/"},{"@type":"ListItem","position":2,"name":"Return policy"}]},{"@type":"WebSite","@id":"https:\/\/plyro.eu\/lt\/#website","url":"https:\/\/plyro.eu\/lt\/","name":"Plyro LT","description":"","publisher":{"@id":"https:\/\/plyro.eu\/lt\/#organization"},"potentialAction":[{"@type":"SearchAction","target":{"@type":"EntryPoint","urlTemplate":"https:\/\/plyro.eu\/lt\/?s={search_term_string}"},"query-input":{"@type":"PropertyValueSpecification","valueRequired":true,"valueName":"search_term_string"}}],"inLanguage":"lt-LT"},{"@type":"Organization","@id":"https:\/\/plyro.eu\/lt\/#organization","name":"Plyro LT","url":"https:\/\/plyro.eu\/lt\/","logo":{"@type":"ImageObject","inLanguage":"lt-LT","@id":"https:\/\/plyro.eu\/lt\/#\/schema\/logo\/image\/","url":"https:\/\/plyro.eu\/lt\/wp-content\/uploads\/2026\/02\/plyro_black_512_transparent.png","contentUrl":"https:\/\/plyro.eu\/lt\/wp-content\/uploads\/2026\/02\/plyro_black_512_transparent.png","width":512,"height":512,"caption":"Plyro LT"},"image":{"@id":"https:\/\/plyro.eu\/lt\/#\/schema\/logo\/image\/"},"sameAs":["https:\/\/www.facebook.com\/gamedogEE\/"]}]}},"_links":{"self":[{"href":"https:\/\/plyro.eu\/lt\/wp-json\/wp\/v2\/pages\/189","targetHints":{"allow":["GET"]}}],"collection":[{"href":"https:\/\/plyro.eu\/lt\/wp-json\/wp\/v2\/pages"}],"about":[{"href":"https:\/\/plyro.eu\/lt\/wp-json\/wp\/v2\/types\/page"}],"author":[{"embeddable":true,"href":"https:\/\/plyro.eu\/lt\/wp-json\/wp\/v2\/users\/1"}],"replies":[{"embeddable":true,"href":"https:\/\/plyro.eu\/lt\/wp-json\/wp\/v2\/comments?post=189"}],"version-history":[{"count":0,"href":"https:\/\/plyro.eu\/lt\/wp-json\/wp\/v2\/pages\/189\/revisions"}],"wp:attachment":[{"href":"https:\/\/plyro.eu\/lt\/wp-json\/wp\/v2\/media?parent=189"}],"curies":[{"name":"wp","href":"https:\/\/api.w.org\/{rel}","templated":true}]}}