{"id":296752,"date":"2026-02-07T04:33:54","date_gmt":"2026-02-07T02:33:54","guid":{"rendered":"https:\/\/plyro.eu\/fi\/product\/red-dead-redemption-ii-pc-activation-key\/"},"modified":"2026-02-10T01:00:58","modified_gmt":"2026-02-09T23:00:58","slug":"red-dead-redemption-ii-pc-activation-key","status":"publish","type":"product","link":"https:\/\/plyro.eu\/fi\/product\/red-dead-redemption-ii-pc-activation-key\/","title":{"rendered":"Red Dead Redemption II (PC) Activation Key"},"content":{"rendered":"","protected":false},"excerpt":{"rendered":"<ul class=\"a-unordered-list a-vertical a-spacing-mini\">_x000D_n \t<\/p>\n<li class=\"a-spacing-mini\">Grand Theft Auto V ja Red Dead Redemptioni loojatelt<\/li>\n<p>_x000D_n \t<\/p>\n<li class=\"a-spacing-mini\">K\u00f5ige s\u00fcgavam ja keerulisem maailm, mille Rockstar Games on kunagi loonud<\/li>\n<p>_x000D_n \t<\/p>\n<li class=\"a-spacing-mini\">Katab tohutu hulga 19. sajandi Ameerika maastikke<\/li>\n<p>_x000D_n \t<\/p>\n<li>M\u00e4ngige Arthur Morgani, kurikuulsa Van der Linde j\u00f5ugu peategelase rollis.<\/li>\n<p>_x000D_n \t<\/p>\n<li class=\"a-spacing-mini\">Suhtle iga tegelasega maailmas rohkem kui ainult oma p\u00fcstoliga. Suhtle inimestega, keda kohtad.<\/li>\n<p>_x000D_n \t<\/p>\n<li class=\"a-spacing-mini\">Sinu tegevus m\u00f5jutab Arthuri au<\/li>\n<p>_x000D_n \t<\/p>\n<li>Hobused on kauboi parim s\u00f5ber, nii transpordivahend kui ka isiklik kaaslane<\/li>\n<p>_x000D_n \t<\/p>\n<li>Sidemete oma hobusega, kui te koos ratsutate, et avada uusi v\u00f5imeid.<\/li>\n<p>_x000D_n<\/ul>\n","protected":false},"featured_media":296589,"comment_status":"open","ping_status":"closed","template":"","meta":{"_acf_changed":false,"inline_featured_image":false},"product_brand":[],"product_cat":[1426],"product_tag":[],"class_list":{"0":"post-296752","1":"product","2":"type-product","3":"status-publish","4":"has-post-thumbnail","6":"product_cat-pc-games","7":"out-of-stock","9":"first","10":"outofstock","11":"taxable","12":"shipping-taxable","13":"purchasable","14":"product-type-simple"},"acf":[],"yoast_head":"<!-- This site is optimized with the Yoast SEO plugin v24.9 - https:\/\/yoast.com\/wordpress\/plugins\/seo\/ -->\n<title>Red Dead Redemption II (PC) Activation Key - Plyro FI<\/title>\n<meta name=\"robots\" content=\"index, follow, max-snippet:-1, max-image-preview:large, max-video-preview:-1\" \/>\n<link rel=\"canonical\" href=\"https:\/\/plyro.eu\/fi\/product\/red-dead-redemption-ii-pc-activation-key\/\" \/>\n<meta property=\"og:locale\" content=\"fi_FI\" \/>\n<meta property=\"og:type\" content=\"article\" \/>\n<meta property=\"og:title\" content=\"Red Dead Redemption II (PC) Activation Key - Plyro FI\" \/>\n<meta property=\"og:description\" content=\"_x000D_n Grand Theft Auto V ja Red Dead Redemptioni loojatelt_x000D_n K\u00f5ige s\u00fcgavam ja keerulisem maailm, mille Rockstar Games on kunagi loonud_x000D_n Katab tohutu hulga 19. sajandi Ameerika maastikke_x000D_n M\u00e4ngige Arthur Morgani, kurikuulsa Van der Linde j\u00f5ugu peategelase rollis._x000D_n Suhtle iga tegelasega maailmas rohkem kui ainult oma p\u00fcstoliga. Suhtle inimestega, keda kohtad._x000D_n Sinu tegevus m\u00f5jutab Arthuri au_x000D_n Hobused on kauboi parim s\u00f5ber, nii transpordivahend kui ka isiklik kaaslane_x000D_n Sidemete oma hobusega, kui te koos ratsutate, et avada uusi v\u00f5imeid._x000D_n\" \/>\n<meta property=\"og:url\" content=\"https:\/\/plyro.eu\/fi\/product\/red-dead-redemption-ii-pc-activation-key\/\" \/>\n<meta property=\"og:site_name\" content=\"Plyro FI\" \/>\n<meta property=\"article:publisher\" content=\"https:\/\/www.facebook.com\/gamedogEE\/\" \/>\n<meta property=\"article:modified_time\" content=\"2026-02-09T23:00:58+00:00\" \/>\n<meta property=\"og:image\" content=\"https:\/\/plyro.eu\/fi\/wp-content\/uploads\/2026\/02\/6M1qP76B-j6vdX0T4bFCHgJeX99MaKBpXFxbpif1MqY-350x200-1x-0-3.jpg\" \/>\n\t<meta property=\"og:image:width\" content=\"350\" \/>\n\t<meta property=\"og:image:height\" content=\"485\" \/>\n\t<meta property=\"og:image:type\" content=\"image\/jpeg\" \/>\n<meta name=\"twitter:card\" content=\"summary_large_image\" \/>\n<script type=\"application\/ld+json\" class=\"yoast-schema-graph\">{\"@context\":\"https:\/\/schema.org\",\"@graph\":[{\"@type\":\"WebPage\",\"@id\":\"https:\/\/plyro.eu\/fi\/product\/red-dead-redemption-ii-pc-activation-key\/\",\"url\":\"https:\/\/plyro.eu\/fi\/product\/red-dead-redemption-ii-pc-activation-key\/\",\"name\":\"Red Dead Redemption II (PC) Activation Key - Plyro FI\",\"isPartOf\":{\"@id\":\"https:\/\/plyro.eu\/fi\/#website\"},\"primaryImageOfPage\":{\"@id\":\"https:\/\/plyro.eu\/fi\/product\/red-dead-redemption-ii-pc-activation-key\/#primaryimage\"},\"image\":{\"@id\":\"https:\/\/plyro.eu\/fi\/product\/red-dead-redemption-ii-pc-activation-key\/#primaryimage\"},\"thumbnailUrl\":\"https:\/\/plyro.eu\/fi\/wp-content\/uploads\/2026\/02\/6M1qP76B-j6vdX0T4bFCHgJeX99MaKBpXFxbpif1MqY-350x200-1x-0-3.jpg\",\"datePublished\":\"2026-02-07T02:33:54+00:00\",\"dateModified\":\"2026-02-09T23:00:58+00:00\",\"breadcrumb\":{\"@id\":\"https:\/\/plyro.eu\/fi\/product\/red-dead-redemption-ii-pc-activation-key\/#breadcrumb\"},\"inLanguage\":\"fi\",\"potentialAction\":[{\"@type\":\"ReadAction\",\"target\":[\"https:\/\/plyro.eu\/fi\/product\/red-dead-redemption-ii-pc-activation-key\/\"]}]},{\"@type\":\"ImageObject\",\"inLanguage\":\"fi\",\"@id\":\"https:\/\/plyro.eu\/fi\/product\/red-dead-redemption-ii-pc-activation-key\/#primaryimage\",\"url\":\"https:\/\/plyro.eu\/fi\/wp-content\/uploads\/2026\/02\/6M1qP76B-j6vdX0T4bFCHgJeX99MaKBpXFxbpif1MqY-350x200-1x-0-3.jpg\",\"contentUrl\":\"https:\/\/plyro.eu\/fi\/wp-content\/uploads\/2026\/02\/6M1qP76B-j6vdX0T4bFCHgJeX99MaKBpXFxbpif1MqY-350x200-1x-0-3.jpg\",\"width\":350,\"height\":485,\"caption\":\"6M1qP76B-j6vdX0T4bFCHgJeX99MaKBpXFxbpif1MqY-350x200-1x-0\"},{\"@type\":\"BreadcrumbList\",\"@id\":\"https:\/\/plyro.eu\/fi\/product\/red-dead-redemption-ii-pc-activation-key\/#breadcrumb\",\"itemListElement\":[{\"@type\":\"ListItem\",\"position\":1,\"name\":\"Home\",\"item\":\"https:\/\/plyro.eu\/fi\/\"},{\"@type\":\"ListItem\",\"position\":2,\"name\":\"Luettelo\",\"item\":\"https:\/\/plyro.eu\/fi\/shop-2\/\"},{\"@type\":\"ListItem\",\"position\":3,\"name\":\"Red Dead Redemption II (PC) Activation Key\"}]},{\"@type\":\"WebSite\",\"@id\":\"https:\/\/plyro.eu\/fi\/#website\",\"url\":\"https:\/\/plyro.eu\/fi\/\",\"name\":\"Plyro FI\",\"description\":\"\",\"publisher\":{\"@id\":\"https:\/\/plyro.eu\/fi\/#organization\"},\"potentialAction\":[{\"@type\":\"SearchAction\",\"target\":{\"@type\":\"EntryPoint\",\"urlTemplate\":\"https:\/\/plyro.eu\/fi\/?s={search_term_string}\"},\"query-input\":{\"@type\":\"PropertyValueSpecification\",\"valueRequired\":true,\"valueName\":\"search_term_string\"}}],\"inLanguage\":\"fi\"},{\"@type\":\"Organization\",\"@id\":\"https:\/\/plyro.eu\/fi\/#organization\",\"name\":\"Plyro FI\",\"url\":\"https:\/\/plyro.eu\/fi\/\",\"logo\":{\"@type\":\"ImageObject\",\"inLanguage\":\"fi\",\"@id\":\"https:\/\/plyro.eu\/fi\/#\/schema\/logo\/image\/\",\"url\":\"https:\/\/plyro.eu\/fi\/wp-content\/uploads\/2026\/02\/plyro_black_512_transparent-4.png\",\"contentUrl\":\"https:\/\/plyro.eu\/fi\/wp-content\/uploads\/2026\/02\/plyro_black_512_transparent-4.png\",\"width\":512,\"height\":512,\"caption\":\"Plyro FI\"},\"image\":{\"@id\":\"https:\/\/plyro.eu\/fi\/#\/schema\/logo\/image\/\"},\"sameAs\":[\"https:\/\/www.facebook.com\/gamedogEE\/\"]}]}<\/script>\n<!-- \/ Yoast SEO plugin. -->","yoast_head_json":{"title":"Red Dead Redemption II (PC) Activation Key - Plyro FI","robots":{"index":"index","follow":"follow","max-snippet":"max-snippet:-1","max-image-preview":"max-image-preview:large","max-video-preview":"max-video-preview:-1"},"canonical":"https:\/\/plyro.eu\/fi\/product\/red-dead-redemption-ii-pc-activation-key\/","og_locale":"fi_FI","og_type":"article","og_title":"Red Dead Redemption II (PC) Activation Key - Plyro FI","og_description":"_x000D_n Grand Theft Auto V ja Red Dead Redemptioni loojatelt_x000D_n K\u00f5ige s\u00fcgavam ja keerulisem maailm, mille Rockstar Games on kunagi loonud_x000D_n Katab tohutu hulga 19. sajandi Ameerika maastikke_x000D_n M\u00e4ngige Arthur Morgani, kurikuulsa Van der Linde j\u00f5ugu peategelase rollis._x000D_n Suhtle iga tegelasega maailmas rohkem kui ainult oma p\u00fcstoliga. Suhtle inimestega, keda kohtad._x000D_n Sinu tegevus m\u00f5jutab Arthuri au_x000D_n Hobused on kauboi parim s\u00f5ber, nii transpordivahend kui ka isiklik kaaslane_x000D_n Sidemete oma hobusega, kui te koos ratsutate, et avada uusi v\u00f5imeid._x000D_n","og_url":"https:\/\/plyro.eu\/fi\/product\/red-dead-redemption-ii-pc-activation-key\/","og_site_name":"Plyro FI","article_publisher":"https:\/\/www.facebook.com\/gamedogEE\/","article_modified_time":"2026-02-09T23:00:58+00:00","og_image":[{"width":350,"height":485,"url":"https:\/\/plyro.eu\/fi\/wp-content\/uploads\/2026\/02\/6M1qP76B-j6vdX0T4bFCHgJeX99MaKBpXFxbpif1MqY-350x200-1x-0-3.jpg","type":"image\/jpeg"}],"twitter_card":"summary_large_image","schema":{"@context":"https:\/\/schema.org","@graph":[{"@type":"WebPage","@id":"https:\/\/plyro.eu\/fi\/product\/red-dead-redemption-ii-pc-activation-key\/","url":"https:\/\/plyro.eu\/fi\/product\/red-dead-redemption-ii-pc-activation-key\/","name":"Red Dead Redemption II (PC) Activation Key - Plyro FI","isPartOf":{"@id":"https:\/\/plyro.eu\/fi\/#website"},"primaryImageOfPage":{"@id":"https:\/\/plyro.eu\/fi\/product\/red-dead-redemption-ii-pc-activation-key\/#primaryimage"},"image":{"@id":"https:\/\/plyro.eu\/fi\/product\/red-dead-redemption-ii-pc-activation-key\/#primaryimage"},"thumbnailUrl":"https:\/\/plyro.eu\/fi\/wp-content\/uploads\/2026\/02\/6M1qP76B-j6vdX0T4bFCHgJeX99MaKBpXFxbpif1MqY-350x200-1x-0-3.jpg","datePublished":"2026-02-07T02:33:54+00:00","dateModified":"2026-02-09T23:00:58+00:00","breadcrumb":{"@id":"https:\/\/plyro.eu\/fi\/product\/red-dead-redemption-ii-pc-activation-key\/#breadcrumb"},"inLanguage":"fi","potentialAction":[{"@type":"ReadAction","target":["https:\/\/plyro.eu\/fi\/product\/red-dead-redemption-ii-pc-activation-key\/"]}]},{"@type":"ImageObject","inLanguage":"fi","@id":"https:\/\/plyro.eu\/fi\/product\/red-dead-redemption-ii-pc-activation-key\/#primaryimage","url":"https:\/\/plyro.eu\/fi\/wp-content\/uploads\/2026\/02\/6M1qP76B-j6vdX0T4bFCHgJeX99MaKBpXFxbpif1MqY-350x200-1x-0-3.jpg","contentUrl":"https:\/\/plyro.eu\/fi\/wp-content\/uploads\/2026\/02\/6M1qP76B-j6vdX0T4bFCHgJeX99MaKBpXFxbpif1MqY-350x200-1x-0-3.jpg","width":350,"height":485,"caption":"6M1qP76B-j6vdX0T4bFCHgJeX99MaKBpXFxbpif1MqY-350x200-1x-0"},{"@type":"BreadcrumbList","@id":"https:\/\/plyro.eu\/fi\/product\/red-dead-redemption-ii-pc-activation-key\/#breadcrumb","itemListElement":[{"@type":"ListItem","position":1,"name":"Home","item":"https:\/\/plyro.eu\/fi\/"},{"@type":"ListItem","position":2,"name":"Luettelo","item":"https:\/\/plyro.eu\/fi\/shop-2\/"},{"@type":"ListItem","position":3,"name":"Red Dead Redemption II (PC) Activation Key"}]},{"@type":"WebSite","@id":"https:\/\/plyro.eu\/fi\/#website","url":"https:\/\/plyro.eu\/fi\/","name":"Plyro FI","description":"","publisher":{"@id":"https:\/\/plyro.eu\/fi\/#organization"},"potentialAction":[{"@type":"SearchAction","target":{"@type":"EntryPoint","urlTemplate":"https:\/\/plyro.eu\/fi\/?s={search_term_string}"},"query-input":{"@type":"PropertyValueSpecification","valueRequired":true,"valueName":"search_term_string"}}],"inLanguage":"fi"},{"@type":"Organization","@id":"https:\/\/plyro.eu\/fi\/#organization","name":"Plyro FI","url":"https:\/\/plyro.eu\/fi\/","logo":{"@type":"ImageObject","inLanguage":"fi","@id":"https:\/\/plyro.eu\/fi\/#\/schema\/logo\/image\/","url":"https:\/\/plyro.eu\/fi\/wp-content\/uploads\/2026\/02\/plyro_black_512_transparent-4.png","contentUrl":"https:\/\/plyro.eu\/fi\/wp-content\/uploads\/2026\/02\/plyro_black_512_transparent-4.png","width":512,"height":512,"caption":"Plyro FI"},"image":{"@id":"https:\/\/plyro.eu\/fi\/#\/schema\/logo\/image\/"},"sameAs":["https:\/\/www.facebook.com\/gamedogEE\/"]}]}},"_links":{"self":[{"href":"https:\/\/plyro.eu\/fi\/wp-json\/wp\/v2\/product\/296752","targetHints":{"allow":["GET"]}}],"collection":[{"href":"https:\/\/plyro.eu\/fi\/wp-json\/wp\/v2\/product"}],"about":[{"href":"https:\/\/plyro.eu\/fi\/wp-json\/wp\/v2\/types\/product"}],"replies":[{"embeddable":true,"href":"https:\/\/plyro.eu\/fi\/wp-json\/wp\/v2\/comments?post=296752"}],"wp:featuredmedia":[{"embeddable":true,"href":"https:\/\/plyro.eu\/fi\/wp-json\/wp\/v2\/media\/296589"}],"wp:attachment":[{"href":"https:\/\/plyro.eu\/fi\/wp-json\/wp\/v2\/media?parent=296752"}],"wp:term":[{"taxonomy":"product_brand","embeddable":true,"href":"https:\/\/plyro.eu\/fi\/wp-json\/wp\/v2\/product_brand?post=296752"},{"taxonomy":"product_cat","embeddable":true,"href":"https:\/\/plyro.eu\/fi\/wp-json\/wp\/v2\/product_cat?post=296752"},{"taxonomy":"product_tag","embeddable":true,"href":"https:\/\/plyro.eu\/fi\/wp-json\/wp\/v2\/product_tag?post=296752"}],"curies":[{"name":"wp","href":"https:\/\/api.w.org\/{rel}","templated":true}]}}