{"id":281653,"date":"2026-02-06T22:54:00","date_gmt":"2026-02-06T20:54:00","guid":{"rendered":"https:\/\/plyro.eu\/fi\/product\/tablet-apple-ipad-10-9-2022-64-gb-wifi\/"},"modified":"2026-02-10T00:59:22","modified_gmt":"2026-02-09T22:59:22","slug":"tablet-apple-ipad-10-9-2022-64-gb-wifi","status":"publish","type":"product","link":"https:\/\/plyro.eu\/fi\/product\/tablet-apple-ipad-10-9-2022-64-gb-wifi\/","title":{"rendered":"Tablet Apple iPad 10.9&#8243; (2022), 64 GB, WiFi"},"content":{"rendered":"<ul>_x000D_n \t<\/p>\n<li>Muljetavaldav 10,9&#8243; Liquid Retina ekraan True Tone&#8217;iga<\/li>\n<p>_x000D_n \t<\/p>\n<li>A14 Bionic kiip 6-tuumalise protsessori ja 4-tuumalise GPU-ga<\/li>\n<p>_x000D_n \t<\/p>\n<li>12 MP laiatarbe tagakaamera<\/li>\n<p>_x000D_n \t<\/p>\n<li>12 MP ultralaipnurkne ultralaipnurkne esikaamera koos j\u00e4lgimisre\u017eiimiga<\/li>\n<p>_x000D_n \t<\/p>\n<li>Touch ID turvaliseks autentimiseks ja Apple Payks<\/li>\n<p>_x000D_n \t<\/p>\n<li>Ole \u00fchenduses \u00fclikiire Wi-Fi 6 abil<\/li>\n<p>_x000D_n \t<\/p>\n<li>USB C port laadimiseks ja lisaseadmete jaoks<\/li>\n<p>_x000D_n \t<\/p>\n<li>Tee rohkem kogu p\u00e4eva akuga<\/li>\n<p>_x000D_n \t<\/p>\n<li>\u00dchildub Apple Pencili (1. p\u00f5lvkonna) ja Magic Keyboard Folio&#8217;ga<\/li>\n<p>_x000D_n<\/ul>\n","protected":false},"excerpt":{"rendered":"<h4>Tutvu \u00fcmberkujutatud iPadiga<\/h4>\n<p>_x000D_nUus iPad on v\u00e4rvikalt \u00fcmberkujutatud v\u00f5imekamaks, intuitiivsemaks ning palju l\u00f5busamaks. Uhiuue koguekraanilise disaini, 10,9-tollise Liquid Retina ekraaniga ja nelja vapustava v\u00e4rviga pakub iPad v\u00f5imsa viisi saada asjad tehtud, luua ja p\u00fcsida \u00fchenduses. Lisa juurde tarvikuid just iPad jaoks loodud ja naudi l\u00f5putut mitmek\u00fclgsust k\u00f5iges, mida armastad teha.<\/p>\n","protected":false},"featured_media":281608,"comment_status":"open","ping_status":"closed","template":"","meta":{"_acf_changed":false,"inline_featured_image":false},"product_brand":[],"product_cat":[1440],"product_tag":[],"class_list":{"0":"post-281653","1":"product","2":"type-product","3":"status-publish","4":"has-post-thumbnail","6":"product_cat-tablets","7":"out-of-stock","9":"first","10":"outofstock","11":"taxable","12":"shipping-taxable","13":"purchasable","14":"product-type-simple"},"acf":[],"yoast_head":"<!-- This site is optimized with the Yoast SEO plugin v24.9 - https:\/\/yoast.com\/wordpress\/plugins\/seo\/ -->\n<title>Tablet Apple iPad 10.9&quot; (2022), 64 GB, WiFi - Plyro FI<\/title>\n<meta name=\"robots\" content=\"index, follow, max-snippet:-1, max-image-preview:large, max-video-preview:-1\" \/>\n<link rel=\"canonical\" href=\"https:\/\/plyro.eu\/fi\/product\/tablet-apple-ipad-10-9-2022-64-gb-wifi\/\" \/>\n<meta property=\"og:locale\" content=\"fi_FI\" \/>\n<meta property=\"og:type\" content=\"article\" \/>\n<meta property=\"og:title\" content=\"Tablet Apple iPad 10.9&quot; (2022), 64 GB, WiFi - Plyro FI\" \/>\n<meta property=\"og:description\" content=\"Tutvu \u00fcmberkujutatud iPadiga_x000D_nUus iPad on v\u00e4rvikalt \u00fcmberkujutatud v\u00f5imekamaks, intuitiivsemaks ning palju l\u00f5busamaks. Uhiuue koguekraanilise disaini, 10,9-tollise Liquid Retina ekraaniga ja nelja vapustava v\u00e4rviga pakub iPad v\u00f5imsa viisi saada asjad tehtud, luua ja p\u00fcsida \u00fchenduses. Lisa juurde tarvikuid just iPad jaoks loodud ja naudi l\u00f5putut mitmek\u00fclgsust k\u00f5iges, mida armastad teha.\" \/>\n<meta property=\"og:url\" content=\"https:\/\/plyro.eu\/fi\/product\/tablet-apple-ipad-10-9-2022-64-gb-wifi\/\" \/>\n<meta property=\"og:site_name\" content=\"Plyro FI\" \/>\n<meta property=\"article:publisher\" content=\"https:\/\/www.facebook.com\/gamedogEE\/\" \/>\n<meta property=\"article:modified_time\" content=\"2026-02-09T22:59:22+00:00\" \/>\n<meta property=\"og:image\" content=\"https:\/\/plyro.eu\/fi\/wp-content\/uploads\/2026\/02\/Tablet-Apple-iPad-10-9-2022-64-GB-WiFi-3.jpg\" \/>\n\t<meta property=\"og:image:width\" content=\"882\" \/>\n\t<meta property=\"og:image:height\" content=\"1000\" \/>\n\t<meta property=\"og:image:type\" content=\"image\/jpeg\" \/>\n<meta name=\"twitter:card\" content=\"summary_large_image\" \/>\n<script type=\"application\/ld+json\" class=\"yoast-schema-graph\">{\"@context\":\"https:\/\/schema.org\",\"@graph\":[{\"@type\":\"WebPage\",\"@id\":\"https:\/\/plyro.eu\/fi\/product\/tablet-apple-ipad-10-9-2022-64-gb-wifi\/\",\"url\":\"https:\/\/plyro.eu\/fi\/product\/tablet-apple-ipad-10-9-2022-64-gb-wifi\/\",\"name\":\"Tablet Apple iPad 10.9\\\" (2022), 64 GB, WiFi - Plyro FI\",\"isPartOf\":{\"@id\":\"https:\/\/plyro.eu\/fi\/#website\"},\"primaryImageOfPage\":{\"@id\":\"https:\/\/plyro.eu\/fi\/product\/tablet-apple-ipad-10-9-2022-64-gb-wifi\/#primaryimage\"},\"image\":{\"@id\":\"https:\/\/plyro.eu\/fi\/product\/tablet-apple-ipad-10-9-2022-64-gb-wifi\/#primaryimage\"},\"thumbnailUrl\":\"https:\/\/plyro.eu\/fi\/wp-content\/uploads\/2026\/02\/Tablet-Apple-iPad-10-9-2022-64-GB-WiFi-3.jpg\",\"datePublished\":\"2026-02-06T20:54:00+00:00\",\"dateModified\":\"2026-02-09T22:59:22+00:00\",\"breadcrumb\":{\"@id\":\"https:\/\/plyro.eu\/fi\/product\/tablet-apple-ipad-10-9-2022-64-gb-wifi\/#breadcrumb\"},\"inLanguage\":\"fi\",\"potentialAction\":[{\"@type\":\"ReadAction\",\"target\":[\"https:\/\/plyro.eu\/fi\/product\/tablet-apple-ipad-10-9-2022-64-gb-wifi\/\"]}]},{\"@type\":\"ImageObject\",\"inLanguage\":\"fi\",\"@id\":\"https:\/\/plyro.eu\/fi\/product\/tablet-apple-ipad-10-9-2022-64-gb-wifi\/#primaryimage\",\"url\":\"https:\/\/plyro.eu\/fi\/wp-content\/uploads\/2026\/02\/Tablet-Apple-iPad-10-9-2022-64-GB-WiFi-3.jpg\",\"contentUrl\":\"https:\/\/plyro.eu\/fi\/wp-content\/uploads\/2026\/02\/Tablet-Apple-iPad-10-9-2022-64-GB-WiFi-3.jpg\",\"width\":882,\"height\":1000,\"caption\":\"Tablet-Apple-iPad-10-9-2022-64-GB-WiFi\"},{\"@type\":\"BreadcrumbList\",\"@id\":\"https:\/\/plyro.eu\/fi\/product\/tablet-apple-ipad-10-9-2022-64-gb-wifi\/#breadcrumb\",\"itemListElement\":[{\"@type\":\"ListItem\",\"position\":1,\"name\":\"Home\",\"item\":\"https:\/\/plyro.eu\/fi\/\"},{\"@type\":\"ListItem\",\"position\":2,\"name\":\"Luettelo\",\"item\":\"https:\/\/plyro.eu\/fi\/shop-2\/\"},{\"@type\":\"ListItem\",\"position\":3,\"name\":\"Tablet Apple iPad 10.9&#8243; (2022), 64 GB, WiFi\"}]},{\"@type\":\"WebSite\",\"@id\":\"https:\/\/plyro.eu\/fi\/#website\",\"url\":\"https:\/\/plyro.eu\/fi\/\",\"name\":\"Plyro FI\",\"description\":\"\",\"publisher\":{\"@id\":\"https:\/\/plyro.eu\/fi\/#organization\"},\"potentialAction\":[{\"@type\":\"SearchAction\",\"target\":{\"@type\":\"EntryPoint\",\"urlTemplate\":\"https:\/\/plyro.eu\/fi\/?s={search_term_string}\"},\"query-input\":{\"@type\":\"PropertyValueSpecification\",\"valueRequired\":true,\"valueName\":\"search_term_string\"}}],\"inLanguage\":\"fi\"},{\"@type\":\"Organization\",\"@id\":\"https:\/\/plyro.eu\/fi\/#organization\",\"name\":\"Plyro FI\",\"url\":\"https:\/\/plyro.eu\/fi\/\",\"logo\":{\"@type\":\"ImageObject\",\"inLanguage\":\"fi\",\"@id\":\"https:\/\/plyro.eu\/fi\/#\/schema\/logo\/image\/\",\"url\":\"https:\/\/plyro.eu\/fi\/wp-content\/uploads\/2026\/02\/plyro_black_512_transparent-4.png\",\"contentUrl\":\"https:\/\/plyro.eu\/fi\/wp-content\/uploads\/2026\/02\/plyro_black_512_transparent-4.png\",\"width\":512,\"height\":512,\"caption\":\"Plyro FI\"},\"image\":{\"@id\":\"https:\/\/plyro.eu\/fi\/#\/schema\/logo\/image\/\"},\"sameAs\":[\"https:\/\/www.facebook.com\/gamedogEE\/\"]}]}<\/script>\n<!-- \/ Yoast SEO plugin. -->","yoast_head_json":{"title":"Tablet Apple iPad 10.9\" (2022), 64 GB, WiFi - Plyro FI","robots":{"index":"index","follow":"follow","max-snippet":"max-snippet:-1","max-image-preview":"max-image-preview:large","max-video-preview":"max-video-preview:-1"},"canonical":"https:\/\/plyro.eu\/fi\/product\/tablet-apple-ipad-10-9-2022-64-gb-wifi\/","og_locale":"fi_FI","og_type":"article","og_title":"Tablet Apple iPad 10.9\" (2022), 64 GB, WiFi - Plyro FI","og_description":"Tutvu \u00fcmberkujutatud iPadiga_x000D_nUus iPad on v\u00e4rvikalt \u00fcmberkujutatud v\u00f5imekamaks, intuitiivsemaks ning palju l\u00f5busamaks. Uhiuue koguekraanilise disaini, 10,9-tollise Liquid Retina ekraaniga ja nelja vapustava v\u00e4rviga pakub iPad v\u00f5imsa viisi saada asjad tehtud, luua ja p\u00fcsida \u00fchenduses. Lisa juurde tarvikuid just iPad jaoks loodud ja naudi l\u00f5putut mitmek\u00fclgsust k\u00f5iges, mida armastad teha.","og_url":"https:\/\/plyro.eu\/fi\/product\/tablet-apple-ipad-10-9-2022-64-gb-wifi\/","og_site_name":"Plyro FI","article_publisher":"https:\/\/www.facebook.com\/gamedogEE\/","article_modified_time":"2026-02-09T22:59:22+00:00","og_image":[{"width":882,"height":1000,"url":"https:\/\/plyro.eu\/fi\/wp-content\/uploads\/2026\/02\/Tablet-Apple-iPad-10-9-2022-64-GB-WiFi-3.jpg","type":"image\/jpeg"}],"twitter_card":"summary_large_image","schema":{"@context":"https:\/\/schema.org","@graph":[{"@type":"WebPage","@id":"https:\/\/plyro.eu\/fi\/product\/tablet-apple-ipad-10-9-2022-64-gb-wifi\/","url":"https:\/\/plyro.eu\/fi\/product\/tablet-apple-ipad-10-9-2022-64-gb-wifi\/","name":"Tablet Apple iPad 10.9\" (2022), 64 GB, WiFi - Plyro FI","isPartOf":{"@id":"https:\/\/plyro.eu\/fi\/#website"},"primaryImageOfPage":{"@id":"https:\/\/plyro.eu\/fi\/product\/tablet-apple-ipad-10-9-2022-64-gb-wifi\/#primaryimage"},"image":{"@id":"https:\/\/plyro.eu\/fi\/product\/tablet-apple-ipad-10-9-2022-64-gb-wifi\/#primaryimage"},"thumbnailUrl":"https:\/\/plyro.eu\/fi\/wp-content\/uploads\/2026\/02\/Tablet-Apple-iPad-10-9-2022-64-GB-WiFi-3.jpg","datePublished":"2026-02-06T20:54:00+00:00","dateModified":"2026-02-09T22:59:22+00:00","breadcrumb":{"@id":"https:\/\/plyro.eu\/fi\/product\/tablet-apple-ipad-10-9-2022-64-gb-wifi\/#breadcrumb"},"inLanguage":"fi","potentialAction":[{"@type":"ReadAction","target":["https:\/\/plyro.eu\/fi\/product\/tablet-apple-ipad-10-9-2022-64-gb-wifi\/"]}]},{"@type":"ImageObject","inLanguage":"fi","@id":"https:\/\/plyro.eu\/fi\/product\/tablet-apple-ipad-10-9-2022-64-gb-wifi\/#primaryimage","url":"https:\/\/plyro.eu\/fi\/wp-content\/uploads\/2026\/02\/Tablet-Apple-iPad-10-9-2022-64-GB-WiFi-3.jpg","contentUrl":"https:\/\/plyro.eu\/fi\/wp-content\/uploads\/2026\/02\/Tablet-Apple-iPad-10-9-2022-64-GB-WiFi-3.jpg","width":882,"height":1000,"caption":"Tablet-Apple-iPad-10-9-2022-64-GB-WiFi"},{"@type":"BreadcrumbList","@id":"https:\/\/plyro.eu\/fi\/product\/tablet-apple-ipad-10-9-2022-64-gb-wifi\/#breadcrumb","itemListElement":[{"@type":"ListItem","position":1,"name":"Home","item":"https:\/\/plyro.eu\/fi\/"},{"@type":"ListItem","position":2,"name":"Luettelo","item":"https:\/\/plyro.eu\/fi\/shop-2\/"},{"@type":"ListItem","position":3,"name":"Tablet Apple iPad 10.9&#8243; (2022), 64 GB, WiFi"}]},{"@type":"WebSite","@id":"https:\/\/plyro.eu\/fi\/#website","url":"https:\/\/plyro.eu\/fi\/","name":"Plyro FI","description":"","publisher":{"@id":"https:\/\/plyro.eu\/fi\/#organization"},"potentialAction":[{"@type":"SearchAction","target":{"@type":"EntryPoint","urlTemplate":"https:\/\/plyro.eu\/fi\/?s={search_term_string}"},"query-input":{"@type":"PropertyValueSpecification","valueRequired":true,"valueName":"search_term_string"}}],"inLanguage":"fi"},{"@type":"Organization","@id":"https:\/\/plyro.eu\/fi\/#organization","name":"Plyro FI","url":"https:\/\/plyro.eu\/fi\/","logo":{"@type":"ImageObject","inLanguage":"fi","@id":"https:\/\/plyro.eu\/fi\/#\/schema\/logo\/image\/","url":"https:\/\/plyro.eu\/fi\/wp-content\/uploads\/2026\/02\/plyro_black_512_transparent-4.png","contentUrl":"https:\/\/plyro.eu\/fi\/wp-content\/uploads\/2026\/02\/plyro_black_512_transparent-4.png","width":512,"height":512,"caption":"Plyro FI"},"image":{"@id":"https:\/\/plyro.eu\/fi\/#\/schema\/logo\/image\/"},"sameAs":["https:\/\/www.facebook.com\/gamedogEE\/"]}]}},"_links":{"self":[{"href":"https:\/\/plyro.eu\/fi\/wp-json\/wp\/v2\/product\/281653","targetHints":{"allow":["GET"]}}],"collection":[{"href":"https:\/\/plyro.eu\/fi\/wp-json\/wp\/v2\/product"}],"about":[{"href":"https:\/\/plyro.eu\/fi\/wp-json\/wp\/v2\/types\/product"}],"replies":[{"embeddable":true,"href":"https:\/\/plyro.eu\/fi\/wp-json\/wp\/v2\/comments?post=281653"}],"wp:featuredmedia":[{"embeddable":true,"href":"https:\/\/plyro.eu\/fi\/wp-json\/wp\/v2\/media\/281608"}],"wp:attachment":[{"href":"https:\/\/plyro.eu\/fi\/wp-json\/wp\/v2\/media?parent=281653"}],"wp:term":[{"taxonomy":"product_brand","embeddable":true,"href":"https:\/\/plyro.eu\/fi\/wp-json\/wp\/v2\/product_brand?post=281653"},{"taxonomy":"product_cat","embeddable":true,"href":"https:\/\/plyro.eu\/fi\/wp-json\/wp\/v2\/product_cat?post=281653"},{"taxonomy":"product_tag","embeddable":true,"href":"https:\/\/plyro.eu\/fi\/wp-json\/wp\/v2\/product_tag?post=281653"}],"curies":[{"name":"wp","href":"https:\/\/api.w.org\/{rel}","templated":true}]}}