{"id":65588,"date":"2025-02-16T14:50:18","date_gmt":"2025-02-16T12:50:18","guid":{"rendered":"https:\/\/plyro.eu\/?page_id=65588"},"modified":"2025-07-13T20:57:10","modified_gmt":"2025-07-13T18:57:10","slug":"about-us","status":"publish","type":"page","link":"https:\/\/plyro.eu\/fi\/about-us\/","title":{"rendered":"About us"},"content":{"rendered":"\r\n<h1 class=\"wp-block-heading\">Tietoja meist\u00e4<\/h1>\r\n\r\n\r\n\r\n<p>Tervetuloa GameDogiin, luotettavaan kumppaniisi fyysisten pelien alalla! Vaikka aloitimme toukokuussa 2021 digitaalisten aktivointiavainten toimittajana, olemme innoissamme voidessamme ilmoittaa saapumisestamme fyysisten pelien markkinoille. T\u00e4ll\u00e4 hetkell\u00e4 alustamme on kokonaan omistettu laajalle valikoimalle fyysisi\u00e4 pelej\u00e4, konsoleita ja oheistuotteita kaikille peliharrastajille, ja suunnitelmissamme on laajentaa valikoimaamme digitaalisiin tuotteisiin tulevaisuudessa.<\/p>\r\n\r\n\r\n\r\n<p>Perustamisestamme kolme vuotta sitten l\u00e4htien olemme ylpe\u00e4n\u00e4 myyneet yli <strong>50 000<\/strong> peli\u00e4 <a href=\"https:\/\/www.eneba.com\/vendor\/gamedog-ou\">digitaalisessa maailmassa<\/a> ja rakentaneet luottamusta ja luotettavuutta asiakkaidemme keskuudessa. Nyt tuomme saman sitoutumisen laatuun ja asiakastyytyv\u00e4isyyteen fyysisen pelaamisen maailmaan.<\/p>\r\n\r\n\r\n\r\n<p>GameDogilla pyrimme tarjoamaan asiakkaillemme markkinoiden parhaat hinnat. Sitoutumisemme kilpailukykyiseen hinnoitteluun pysyy muuttumattomana, ja valikoimamme laajenee jatkuvasti kattamaan uusimmat ja parhaat fyysiset pelit. Piditp\u00e4 sitten toiminnasta, seikkailusta, strategiasta tai simulaatiosta, meill\u00e4 on jokaiselle jotakin.<\/p>\r\n\r\n\r\n\r\n<p>Monipuolisen valikoimamme lis\u00e4ksi tarjoamme mielell\u00e4mme ainutlaatuisia irtotavara-alennuksia v\u00e4hint\u00e4\u00e4n 10 kappaleen tilauksille. T\u00e4m\u00e4 antaa yrityksille, organisaatioille ja peliyhteis\u00f6ille mahdollisuuden s\u00e4\u00e4st\u00e4\u00e4 viel\u00e4 enemm\u00e4n ja laajentaa pelikokoelmiaan.<\/p>\r\n\r\n\r\n\r\n<p>Kutsumme sinut k\u00e4ym\u00e4\u00e4n sivustollamme ja kokemaan fyysisen pelaamisen j\u00e4nnityksen. Kiitos, ett\u00e4 valitsit GameDogin, jossa pelaaminen kohtaa kohtuuhintaisuuden ja laatu on meille t\u00e4rkeint\u00e4.<\/p>\r\n","protected":false},"excerpt":{"rendered":"<p>Tietoja meist\u00e4 Tervetuloa GameDogiin, luotettavaan kumppaniisi fyysisten pelien alalla! Vaikka aloitimme toukokuussa 2021 digitaalisten aktivointiavainten toimittajana, olemme innoissamme voidessamme ilmoittaa saapumisestamme fyysisten pelien markkinoille. T\u00e4ll\u00e4 hetkell\u00e4 alustamme on kokonaan omistettu laajalle valikoimalle fyysisi\u00e4 pelej\u00e4, konsoleita ja oheistuotteita kaikille peliharrastajille, ja suunnitelmissamme on laajentaa valikoimaamme digitaalisiin tuotteisiin tulevaisuudessa. Perustamisestamme kolme vuotta sitten l\u00e4htien olemme ylpe\u00e4n\u00e4 myyneet [&hellip;]<\/p>\n","protected":false},"author":1,"featured_media":0,"parent":0,"menu_order":0,"comment_status":"closed","ping_status":"closed","template":"","meta":{"_acf_changed":false,"inline_featured_image":false,"footnotes":""},"class_list":["post-65588","page","type-page","status-publish","hentry"],"acf":[],"yoast_head":"<!-- This site is optimized with the Yoast SEO plugin v24.9 - https:\/\/yoast.com\/wordpress\/plugins\/seo\/ -->\n<title>About us - Plyro FI<\/title>\n<meta name=\"robots\" content=\"index, follow, max-snippet:-1, max-image-preview:large, max-video-preview:-1\" \/>\n<link rel=\"canonical\" href=\"https:\/\/plyro.eu\/fi\/about-us\/\" \/>\n<meta property=\"og:locale\" content=\"fi_FI\" \/>\n<meta property=\"og:type\" content=\"article\" \/>\n<meta property=\"og:title\" content=\"About us - Plyro FI\" \/>\n<meta property=\"og:description\" content=\"Tietoja meist\u00e4 Tervetuloa GameDogiin, luotettavaan kumppaniisi fyysisten pelien alalla! Vaikka aloitimme toukokuussa 2021 digitaalisten aktivointiavainten toimittajana, olemme innoissamme voidessamme ilmoittaa saapumisestamme fyysisten pelien markkinoille. T\u00e4ll\u00e4 hetkell\u00e4 alustamme on kokonaan omistettu laajalle valikoimalle fyysisi\u00e4 pelej\u00e4, konsoleita ja oheistuotteita kaikille peliharrastajille, ja suunnitelmissamme on laajentaa valikoimaamme digitaalisiin tuotteisiin tulevaisuudessa. Perustamisestamme kolme vuotta sitten l\u00e4htien olemme ylpe\u00e4n\u00e4 myyneet [&hellip;]\" \/>\n<meta property=\"og:url\" content=\"https:\/\/plyro.eu\/fi\/about-us\/\" \/>\n<meta property=\"og:site_name\" content=\"Plyro FI\" \/>\n<meta property=\"article:publisher\" content=\"https:\/\/www.facebook.com\/gamedogEE\/\" \/>\n<meta property=\"article:modified_time\" content=\"2025-07-13T18:57:10+00:00\" \/>\n<meta name=\"twitter:card\" content=\"summary_large_image\" \/>\n<meta name=\"twitter:label1\" content=\"Arvioitu lukuaika\" \/>\n\t<meta name=\"twitter:data1\" content=\"2 minuuttia\" \/>\n<script type=\"application\/ld+json\" class=\"yoast-schema-graph\">{\"@context\":\"https:\/\/schema.org\",\"@graph\":[{\"@type\":\"WebPage\",\"@id\":\"https:\/\/plyro.eu\/fi\/about-us\/\",\"url\":\"https:\/\/plyro.eu\/fi\/about-us\/\",\"name\":\"About us - Plyro FI\",\"isPartOf\":{\"@id\":\"https:\/\/plyro.eu\/fi\/#website\"},\"datePublished\":\"2025-02-16T12:50:18+00:00\",\"dateModified\":\"2025-07-13T18:57:10+00:00\",\"breadcrumb\":{\"@id\":\"https:\/\/plyro.eu\/fi\/about-us\/#breadcrumb\"},\"inLanguage\":\"fi\",\"potentialAction\":[{\"@type\":\"ReadAction\",\"target\":[\"https:\/\/plyro.eu\/fi\/about-us\/\"]}]},{\"@type\":\"BreadcrumbList\",\"@id\":\"https:\/\/plyro.eu\/fi\/about-us\/#breadcrumb\",\"itemListElement\":[{\"@type\":\"ListItem\",\"position\":1,\"name\":\"Home\",\"item\":\"https:\/\/plyro.eu\/fi\/\"},{\"@type\":\"ListItem\",\"position\":2,\"name\":\"About us\"}]},{\"@type\":\"WebSite\",\"@id\":\"https:\/\/plyro.eu\/fi\/#website\",\"url\":\"https:\/\/plyro.eu\/fi\/\",\"name\":\"Plyro FI\",\"description\":\"\",\"publisher\":{\"@id\":\"https:\/\/plyro.eu\/fi\/#organization\"},\"potentialAction\":[{\"@type\":\"SearchAction\",\"target\":{\"@type\":\"EntryPoint\",\"urlTemplate\":\"https:\/\/plyro.eu\/fi\/?s={search_term_string}\"},\"query-input\":{\"@type\":\"PropertyValueSpecification\",\"valueRequired\":true,\"valueName\":\"search_term_string\"}}],\"inLanguage\":\"fi\"},{\"@type\":\"Organization\",\"@id\":\"https:\/\/plyro.eu\/fi\/#organization\",\"name\":\"Plyro FI\",\"url\":\"https:\/\/plyro.eu\/fi\/\",\"logo\":{\"@type\":\"ImageObject\",\"inLanguage\":\"fi\",\"@id\":\"https:\/\/plyro.eu\/fi\/#\/schema\/logo\/image\/\",\"url\":\"https:\/\/plyro.eu\/fi\/wp-content\/uploads\/2026\/02\/plyro_black_512_transparent-4.png\",\"contentUrl\":\"https:\/\/plyro.eu\/fi\/wp-content\/uploads\/2026\/02\/plyro_black_512_transparent-4.png\",\"width\":512,\"height\":512,\"caption\":\"Plyro FI\"},\"image\":{\"@id\":\"https:\/\/plyro.eu\/fi\/#\/schema\/logo\/image\/\"},\"sameAs\":[\"https:\/\/www.facebook.com\/gamedogEE\/\"]}]}<\/script>\n<!-- \/ Yoast SEO plugin. -->","yoast_head_json":{"title":"About us - Plyro FI","robots":{"index":"index","follow":"follow","max-snippet":"max-snippet:-1","max-image-preview":"max-image-preview:large","max-video-preview":"max-video-preview:-1"},"canonical":"https:\/\/plyro.eu\/fi\/about-us\/","og_locale":"fi_FI","og_type":"article","og_title":"About us - Plyro FI","og_description":"Tietoja meist\u00e4 Tervetuloa GameDogiin, luotettavaan kumppaniisi fyysisten pelien alalla! Vaikka aloitimme toukokuussa 2021 digitaalisten aktivointiavainten toimittajana, olemme innoissamme voidessamme ilmoittaa saapumisestamme fyysisten pelien markkinoille. T\u00e4ll\u00e4 hetkell\u00e4 alustamme on kokonaan omistettu laajalle valikoimalle fyysisi\u00e4 pelej\u00e4, konsoleita ja oheistuotteita kaikille peliharrastajille, ja suunnitelmissamme on laajentaa valikoimaamme digitaalisiin tuotteisiin tulevaisuudessa. Perustamisestamme kolme vuotta sitten l\u00e4htien olemme ylpe\u00e4n\u00e4 myyneet [&hellip;]","og_url":"https:\/\/plyro.eu\/fi\/about-us\/","og_site_name":"Plyro FI","article_publisher":"https:\/\/www.facebook.com\/gamedogEE\/","article_modified_time":"2025-07-13T18:57:10+00:00","twitter_card":"summary_large_image","twitter_misc":{"Arvioitu lukuaika":"2 minuuttia"},"schema":{"@context":"https:\/\/schema.org","@graph":[{"@type":"WebPage","@id":"https:\/\/plyro.eu\/fi\/about-us\/","url":"https:\/\/plyro.eu\/fi\/about-us\/","name":"About us - Plyro FI","isPartOf":{"@id":"https:\/\/plyro.eu\/fi\/#website"},"datePublished":"2025-02-16T12:50:18+00:00","dateModified":"2025-07-13T18:57:10+00:00","breadcrumb":{"@id":"https:\/\/plyro.eu\/fi\/about-us\/#breadcrumb"},"inLanguage":"fi","potentialAction":[{"@type":"ReadAction","target":["https:\/\/plyro.eu\/fi\/about-us\/"]}]},{"@type":"BreadcrumbList","@id":"https:\/\/plyro.eu\/fi\/about-us\/#breadcrumb","itemListElement":[{"@type":"ListItem","position":1,"name":"Home","item":"https:\/\/plyro.eu\/fi\/"},{"@type":"ListItem","position":2,"name":"About us"}]},{"@type":"WebSite","@id":"https:\/\/plyro.eu\/fi\/#website","url":"https:\/\/plyro.eu\/fi\/","name":"Plyro FI","description":"","publisher":{"@id":"https:\/\/plyro.eu\/fi\/#organization"},"potentialAction":[{"@type":"SearchAction","target":{"@type":"EntryPoint","urlTemplate":"https:\/\/plyro.eu\/fi\/?s={search_term_string}"},"query-input":{"@type":"PropertyValueSpecification","valueRequired":true,"valueName":"search_term_string"}}],"inLanguage":"fi"},{"@type":"Organization","@id":"https:\/\/plyro.eu\/fi\/#organization","name":"Plyro FI","url":"https:\/\/plyro.eu\/fi\/","logo":{"@type":"ImageObject","inLanguage":"fi","@id":"https:\/\/plyro.eu\/fi\/#\/schema\/logo\/image\/","url":"https:\/\/plyro.eu\/fi\/wp-content\/uploads\/2026\/02\/plyro_black_512_transparent-4.png","contentUrl":"https:\/\/plyro.eu\/fi\/wp-content\/uploads\/2026\/02\/plyro_black_512_transparent-4.png","width":512,"height":512,"caption":"Plyro FI"},"image":{"@id":"https:\/\/plyro.eu\/fi\/#\/schema\/logo\/image\/"},"sameAs":["https:\/\/www.facebook.com\/gamedogEE\/"]}]}},"_links":{"self":[{"href":"https:\/\/plyro.eu\/fi\/wp-json\/wp\/v2\/pages\/65588","targetHints":{"allow":["GET"]}}],"collection":[{"href":"https:\/\/plyro.eu\/fi\/wp-json\/wp\/v2\/pages"}],"about":[{"href":"https:\/\/plyro.eu\/fi\/wp-json\/wp\/v2\/types\/page"}],"author":[{"embeddable":true,"href":"https:\/\/plyro.eu\/fi\/wp-json\/wp\/v2\/users\/1"}],"replies":[{"embeddable":true,"href":"https:\/\/plyro.eu\/fi\/wp-json\/wp\/v2\/comments?post=65588"}],"version-history":[{"count":0,"href":"https:\/\/plyro.eu\/fi\/wp-json\/wp\/v2\/pages\/65588\/revisions"}],"wp:attachment":[{"href":"https:\/\/plyro.eu\/fi\/wp-json\/wp\/v2\/media?parent=65588"}],"curies":[{"name":"wp","href":"https:\/\/api.w.org\/{rel}","templated":true}]}}