{"id":65583,"date":"2025-02-16T14:43:13","date_gmt":"2025-02-16T12:43:13","guid":{"rendered":"https:\/\/plyro.eu\/?page_id=65583"},"modified":"2025-12-29T16:09:05","modified_gmt":"2025-12-29T14:09:05","slug":"terms-and-conditions","status":"publish","type":"page","link":"https:\/\/plyro.eu\/fi\/terms-and-conditions\/","title":{"rendered":"Terms and Conditions"},"content":{"rendered":"\r\n<h1 class=\"wp-block-heading\">Ehdot ja s\u00e4\u00e4nn\u00f6t<\/h1>\r\n\r\n\r\n\r\n<h2 class=\"wp-block-heading\">Viimeksi p\u00e4ivitetty 16. helmikuuta 2025<\/h2>\r\n\r\n\r\n\r\n<p>Verkkokaupan <a href=\"http:\/\/plyro.eu\/fi\">plyro.eu<\/a> (j\u00e4ljemp\u00e4n\u00e4 Verkkokauppa) omistaa GameDog O\u00dc (rekister\u00f6intikoodi 14962369), osoitteessa Harju maakunta, Tallinna, Lasnam\u00e4en kaupunginosa, V\u00e4ike-Paala tn 2-309, 11415.<\/p>\r\n\r\n\r\n\r\n<p>&nbsp;<\/p>\r\n<p style=\"font-size: 22px !important;\"><strong>Myyntisopimuksen voimassaolo, kaupalliset ja hintatiedot<\/strong><\/p>\r\n\r\n\r\n\r\n<p>Myyntiehdot koskevat Verkkokaupasta ostettavien tuotteiden ostamista.<\/p>\r\n\r\n\r\n\r\n<p>Verkkokaupassa myyt\u00e4vien tuotteiden hinnat on ilmoitettu tuotteiden yhteydess\u00e4. Hintaan lis\u00e4t\u00e4\u00e4n toimituskulut. Kaikki verkkokaupassa myyt\u00e4vien tuotteiden hinnat ovat euroissa.<\/p>\r\n\r\n\r\n\r\n<p>Toimitusmaksu riippuu ostajan sijainnista ja toimitustavasta. Toimitusmaksu n\u00e4ytet\u00e4\u00e4n ostajalle tilauksen yhteydess\u00e4.<\/p>\r\n\r\n\r\n\r\n<p>Tiedot tuotteista on esitetty Verkkokaupassa suoraan tuotteiden vieress\u00e4.<\/p>\r\n\r\n\r\n\r\n<p>&nbsp;<\/p>\r\n<p style=\"font-size: 22px !important;\"><strong>Tilauksen tekeminen<\/strong><\/p>\r\n\r\n\r\n\r\n<p>Tilataksesi sinun tulee lis\u00e4t\u00e4 haluamasi tuotteet ostoskoriin. Tilauksen tekemiseksi sinun tulee t\u00e4ytt\u00e4\u00e4 vaaditut kent\u00e4t ja valita sopiva toimitustapa. Maksun m\u00e4\u00e4r\u00e4 n\u00e4ytet\u00e4\u00e4n ruudulla, ja sen voi maksaa turvallisesti seuraavilla maksutavoilla:<\/p>\r\n\r\n\r\n\r\n<ul>\r\n<li>American Express \u2013 koko maailma<\/li>\r\n<li>Apple Pay \u2013 koko maailma<\/li>\r\n<li>Citadele \u2013 Viro, Liettua, Latvia<\/li>\r\n<li>Coop Pankki \u2013 Viro<\/li>\r\n<li>Google Pay \u2013 koko maailma<\/li>\r\n<li>LHV \u2013 Viro<\/li>\r\n<li>Luminor \u2013 Viro, Liettua, Latvia<\/li>\r\n<li>Mastercard \u2013 koko maailma<\/li>\r\n<li>N26 \u2013 Viro, Puola, Saksa, Suomi<\/li>\r\n<li>Revolut \u2013 koko maailma<\/li>\r\n<li>SEB \u2013 Viro, Liettua, Latvia<\/li>\r\n<li>Swedbank \u2013 Viro, Liettua, Latvia<\/li>\r\n<li>Visa \u2013 koko maailma<\/li>\r\n<li>Maksu my\u00f6hemmin (Montonio Split)<\/li>\r\n<\/ul>\r\n\r\n\r\n\r\n<p>HUOM: Kun maksat pankkisiirrolla, muista klikata pankkisivulla &#8221;Takaisin kauppiaalle&#8221; -painiketta.<\/p>\r\n\r\n\r\n\r\n<p>Maksut v\u00e4litt\u00e4\u00e4 <a href=\"https:\/\/montonio.com\/\">Montonio<\/a>. Maksut suoritetaan Verkkokaupan ulkopuolella turvallisessa ymp\u00e4rist\u00f6ss\u00e4 \u2013 pankkisiirroissa kyseisen pankin turvallisessa ymp\u00e4rist\u00f6ss\u00e4 ja korttimaksuissa Montonion turvallisessa ymp\u00e4rist\u00f6ss\u00e4. Myyj\u00e4ll\u00e4 ei ole p\u00e4\u00e4sy\u00e4 asiakkaan pankki- tai korttitietoihin. Sopimus astuu voimaan, kun maksu on saapunut Verkkokaupan tilille.<\/p>\r\n\r\n\r\n\r\n<p>Verkkosivuston omistaja on henkil\u00f6tietojen rekisterinpit\u00e4j\u00e4 ja siirt\u00e4\u00e4 maksujen toteuttamiseen tarvittavat henkil\u00f6tiedot Montonion k\u00e4sitelt\u00e4v\u00e4ksi.<\/p>\r\n\r\n\r\n\r\n<p>Jos tilattuja tuotteita ei voida toimittaa toimitusajan p\u00e4\u00e4ttymisen tai muun syyn vuoksi, ostajalle ilmoitetaan mahdollisimman pian ja maksetut rahat (mukaan lukien toimituskulut) palautetaan v\u00e4litt\u00f6m\u00e4sti, kuitenkin viimeist\u00e4\u00e4n 14 p\u00e4iv\u00e4n kuluessa ilmoituksesta.<\/p>\r\n\r\n\r\n\r\n<p>&nbsp;<\/p>\r\n<p style=\"font-size: 22px !important;\"><strong>Toimitus<\/strong><\/p>\r\n\r\n\r\n\r\n<p>Tuotteita toimitetaan Viroon, Liettuaan ja Latviaan.<\/p>\r\n\r\n\r\n\r\n<p>Ostajalla on seuraavat vaihtoehdot tuotteiden noutamiseen: Omniva, DPD.<\/p>\r\n\r\n\r\n\r\n<p>Toimituskulut maksaa ostaja, ja vastaavat hintatiedot n\u00e4ytet\u00e4\u00e4n toimitustavan yhteydess\u00e4.<\/p>\r\n\r\n\r\n\r\n<p>Toimitukset Virossa saapuvat yleens\u00e4 ostajan ilmoittamaan osoitteeseen 1 arkip\u00e4iv\u00e4n kuluessa myyntisopimuksen voimaantulosta. Viron ulkopuolella toimitus kest\u00e4\u00e4 3\u20135 kalenterip\u00e4iv\u00e4\u00e4.<\/p>\r\n\r\n\r\n\r\n<p>Poikkeustapauksissa sinulla on oikeus saada tuotteet toimitetuksi enint\u00e4\u00e4n 45 kalenterip\u00e4iv\u00e4n kuluessa.<\/p>\r\n\r\n\r\n\r\n<p>&nbsp;<\/p>\r\n<p style=\"font-size: 22px !important;\"><strong>Peruuttamisoikeus<\/strong><\/p>\r\n\r\n\r\n\r\n<p>Peruuttamisoikeus on kuvattu <a href=\"https:\/\/plyro.eu\/fi\/refund_returns\/\">t\u00e4\u00e4ll\u00e4<\/a>.<\/p>\r\n\r\n\r\n\r\n<p>&nbsp;<\/p>\r\n<p style=\"font-size: 22px !important;\"><strong>Oikeus tehd\u00e4 valitus<\/strong><\/p>\r\n\r\n\r\n\r\n<p>Verkkokauppa vastaa ostajalle myytyjen tuotteiden virheist\u00e4 tai puutteista, jotka olivat olemassa toimitushetkell\u00e4 ja jotka ilmenev\u00e4t enint\u00e4\u00e4n kahden vuoden kuluessa tuotteiden toimituksesta ostajalle. T\u00e4m\u00e4n j\u00e4lkeen vuoden ajan toimituksesta oletetaan, ett\u00e4 vika oli olemassa toimitushetkell\u00e4. Verkkokaupan vastuulla on kumota t\u00e4m\u00e4 oletus.<\/p>\r\n\r\n\r\n\r\n<p>Vian ilmetess\u00e4 ostajalla on oikeus ottaa yhteytt\u00e4 verkkokauppaan viimeist\u00e4\u00e4n kahden kuukauden kuluessa l\u00e4hett\u00e4m\u00e4ll\u00e4 s\u00e4hk\u00f6postia osoitteeseen <a href=\"mailto:info@plyro.eu\">info@plyro.eu<\/a>.<\/p>\r\n\r\n\r\n\r\n<p>Verkkokauppa ei vastaa vioista, jotka ilmenev\u00e4t tuotteiden toimituksen j\u00e4lkeen ostajalle.<\/p>\r\n\r\n\r\n\r\n<p>Jos Verkkokaupasta ostetuissa tuotteissa on vikoja, joista Verkkokauppa on vastuussa, Verkkokauppa korjaa tai vaihtaa vialliset tuotteet. Jos tuotteita ei voida korjata tai vaihtaa, Verkkokauppa palauttaa ostajalle kaikki myyntisopimuksen mukaiset maksut.<\/p>\r\n\r\n\r\n\r\n<p>Verkkokauppa vastaa kuluttajan valitukseen kirjallisesti tai kirjallisesti todennettavassa muodossa 15 p\u00e4iv\u00e4n kuluessa.<\/p>\r\n\r\n\r\n\r\n<p>&nbsp;<\/p>\r\n<p style=\"font-size: 22px !important;\"><strong>Suoramarkkinointi ja henkil\u00f6tietojen k\u00e4sittely<\/strong><\/p>\r\n\r\n\r\n\r\n<p>Verkkokauppa k\u00e4ytt\u00e4\u00e4 ostajan antamia henkil\u00f6tietoja vain tilauksen k\u00e4sittelyyn ja tuotteiden l\u00e4hett\u00e4miseen ostajalle. Verkkokauppa v\u00e4litt\u00e4\u00e4 henkil\u00f6tietoja kuljetuspalveluja tarjoaville yrityksille tuotteiden toimittamiseksi.<\/p>\r\n\r\n\r\n\r\n<p>Verkkokauppa l\u00e4hett\u00e4\u00e4 uutiskirjeit\u00e4 ja tarjouksia ostajan s\u00e4hk\u00f6postiosoitteeseen vain, jos ostaja on ilmoittanut haluavansa vastaanottaa niit\u00e4 sy\u00f6tt\u00e4m\u00e4ll\u00e4 s\u00e4hk\u00f6postiosoitteensa verkkosivustolle ja ilmoittanut haluavansa vastaanottaa suoramarkkinointiviestej\u00e4.<\/p>\r\n\r\n\r\n\r\n<p>Ostaja voi milloin tahansa kielt\u00e4yty\u00e4 vastaanottamasta tarjouksia ja uutiskirjeit\u00e4 ilmoittamalla siit\u00e4 meille s\u00e4hk\u00f6postitse tai seuraamalla tarjouksia sis\u00e4lt\u00e4v\u00e4ss\u00e4 s\u00e4hk\u00f6postissa olevia ohjeita.<\/p>\r\n\r\n\r\n\r\n<p>Lis\u00e4tietoja l\u00f6ytyy <a href=\"https:\/\/plyro.eu\/fi\/privacy-policy\/\">t\u00e4\u00e4lt\u00e4<\/a>.<\/p>\r\n\r\n\r\n\r\n<p>&nbsp;<\/p>\r\n<p style=\"font-size: 22px !important;\"><strong>Riitojen ratkaisu<\/strong><\/p>\r\n\r\n\r\n\r\n<p>Jos ostajalla on valituksia Verkkokaupasta, ne tulee l\u00e4hett\u00e4\u00e4 s\u00e4hk\u00f6postitse osoitteeseen <a href=\"mailto:info@plyro.eu\">info@plyro.eu<\/a>.<\/p>\r\n\r\n\r\n\r\n<p>Jos ostaja ja Verkkokauppa eiv\u00e4t pysty ratkaisemaan riitaa sopimalla, ostaja voi k\u00e4\u00e4nty\u00e4 Kuluttajariitalautakunnan puoleen. Menettelyn ehdot ja hakemuksen voi lukea <a href=\"https:\/\/ttja.ee\/en\/consumer-disputes-committee\">t\u00e4\u00e4lt\u00e4<\/a>. Kuluttajariitalautakunta on toimivaltainen ratkaisemaan ostajan ja Verkkokaupan v\u00e4lisest\u00e4 sopimuksesta johtuvat riidat.<\/p>\r\n\r\n\r\n\r\n<p>Lautakunta k\u00e4sittelee ostajan valituksen maksutta.<\/p>\r\n\r\n\r\n\r\n<p>Ostaja voi k\u00e4\u00e4nty\u00e4 Euroopan unionin kuluttajariitojen ratkaisualustan <a href=\"https:\/\/ec.europa.eu\/consumers\/odr\/main\/?event=main.home2.show\">puoleen<\/a>.<\/p>\r\n\r\n\r\n\r\n<p>&nbsp;<\/p>","protected":false},"excerpt":{"rendered":"<p>Ehdot ja s\u00e4\u00e4nn\u00f6t Viimeksi p\u00e4ivitetty 16. helmikuuta 2025 Verkkokaupan plyro.eu (j\u00e4ljemp\u00e4n\u00e4 Verkkokauppa) omistaa GameDog O\u00dc (rekister\u00f6intikoodi 14962369), osoitteessa Harju maakunta, Tallinna, Lasnam\u00e4en kaupunginosa, V\u00e4ike-Paala tn 2-309, 11415. &nbsp; Myyntisopimuksen voimassaolo, kaupalliset ja hintatiedot Myyntiehdot koskevat Verkkokaupasta ostettavien tuotteiden ostamista. Verkkokaupassa myyt\u00e4vien tuotteiden hinnat on ilmoitettu tuotteiden yhteydess\u00e4. Hintaan lis\u00e4t\u00e4\u00e4n toimituskulut. Kaikki verkkokaupassa myyt\u00e4vien tuotteiden hinnat [&hellip;]<\/p>\n","protected":false},"author":1,"featured_media":0,"parent":0,"menu_order":0,"comment_status":"closed","ping_status":"closed","template":"","meta":{"_acf_changed":false,"inline_featured_image":false,"footnotes":""},"class_list":["post-65583","page","type-page","status-publish","hentry"],"acf":[],"yoast_head":"<!-- This site is optimized with the Yoast SEO plugin v24.9 - https:\/\/yoast.com\/wordpress\/plugins\/seo\/ -->\n<title>Terms and Conditions - Plyro FI<\/title>\n<meta name=\"robots\" content=\"index, follow, max-snippet:-1, max-image-preview:large, max-video-preview:-1\" \/>\n<link rel=\"canonical\" href=\"https:\/\/plyro.eu\/fi\/terms-and-conditions\/\" \/>\n<meta property=\"og:locale\" content=\"fi_FI\" \/>\n<meta property=\"og:type\" content=\"article\" \/>\n<meta property=\"og:title\" content=\"Terms and Conditions - Plyro FI\" \/>\n<meta property=\"og:description\" content=\"Ehdot ja s\u00e4\u00e4nn\u00f6t Viimeksi p\u00e4ivitetty 16. helmikuuta 2025 Verkkokaupan plyro.eu (j\u00e4ljemp\u00e4n\u00e4 Verkkokauppa) omistaa GameDog O\u00dc (rekister\u00f6intikoodi 14962369), osoitteessa Harju maakunta, Tallinna, Lasnam\u00e4en kaupunginosa, V\u00e4ike-Paala tn 2-309, 11415. &nbsp; Myyntisopimuksen voimassaolo, kaupalliset ja hintatiedot Myyntiehdot koskevat Verkkokaupasta ostettavien tuotteiden ostamista. Verkkokaupassa myyt\u00e4vien tuotteiden hinnat on ilmoitettu tuotteiden yhteydess\u00e4. Hintaan lis\u00e4t\u00e4\u00e4n toimituskulut. Kaikki verkkokaupassa myyt\u00e4vien tuotteiden hinnat [&hellip;]\" \/>\n<meta property=\"og:url\" content=\"https:\/\/plyro.eu\/fi\/terms-and-conditions\/\" \/>\n<meta property=\"og:site_name\" content=\"Plyro FI\" \/>\n<meta property=\"article:publisher\" content=\"https:\/\/www.facebook.com\/gamedogEE\/\" \/>\n<meta property=\"article:modified_time\" content=\"2025-12-29T14:09:05+00:00\" \/>\n<meta name=\"twitter:card\" content=\"summary_large_image\" \/>\n<meta name=\"twitter:label1\" content=\"Arvioitu lukuaika\" \/>\n\t<meta name=\"twitter:data1\" content=\"5 minuuttia\" \/>\n<script type=\"application\/ld+json\" class=\"yoast-schema-graph\">{\"@context\":\"https:\/\/schema.org\",\"@graph\":[{\"@type\":\"WebPage\",\"@id\":\"https:\/\/plyro.eu\/fi\/terms-and-conditions\/\",\"url\":\"https:\/\/plyro.eu\/fi\/terms-and-conditions\/\",\"name\":\"Terms and Conditions - Plyro FI\",\"isPartOf\":{\"@id\":\"https:\/\/plyro.eu\/fi\/#website\"},\"datePublished\":\"2025-02-16T12:43:13+00:00\",\"dateModified\":\"2025-12-29T14:09:05+00:00\",\"breadcrumb\":{\"@id\":\"https:\/\/plyro.eu\/fi\/terms-and-conditions\/#breadcrumb\"},\"inLanguage\":\"fi\",\"potentialAction\":[{\"@type\":\"ReadAction\",\"target\":[\"https:\/\/plyro.eu\/fi\/terms-and-conditions\/\"]}]},{\"@type\":\"BreadcrumbList\",\"@id\":\"https:\/\/plyro.eu\/fi\/terms-and-conditions\/#breadcrumb\",\"itemListElement\":[{\"@type\":\"ListItem\",\"position\":1,\"name\":\"Home\",\"item\":\"https:\/\/plyro.eu\/fi\/\"},{\"@type\":\"ListItem\",\"position\":2,\"name\":\"Terms and Conditions\"}]},{\"@type\":\"WebSite\",\"@id\":\"https:\/\/plyro.eu\/fi\/#website\",\"url\":\"https:\/\/plyro.eu\/fi\/\",\"name\":\"Plyro FI\",\"description\":\"\",\"publisher\":{\"@id\":\"https:\/\/plyro.eu\/fi\/#organization\"},\"potentialAction\":[{\"@type\":\"SearchAction\",\"target\":{\"@type\":\"EntryPoint\",\"urlTemplate\":\"https:\/\/plyro.eu\/fi\/?s={search_term_string}\"},\"query-input\":{\"@type\":\"PropertyValueSpecification\",\"valueRequired\":true,\"valueName\":\"search_term_string\"}}],\"inLanguage\":\"fi\"},{\"@type\":\"Organization\",\"@id\":\"https:\/\/plyro.eu\/fi\/#organization\",\"name\":\"Plyro FI\",\"url\":\"https:\/\/plyro.eu\/fi\/\",\"logo\":{\"@type\":\"ImageObject\",\"inLanguage\":\"fi\",\"@id\":\"https:\/\/plyro.eu\/fi\/#\/schema\/logo\/image\/\",\"url\":\"https:\/\/plyro.eu\/fi\/wp-content\/uploads\/2026\/02\/plyro_black_512_transparent-4.png\",\"contentUrl\":\"https:\/\/plyro.eu\/fi\/wp-content\/uploads\/2026\/02\/plyro_black_512_transparent-4.png\",\"width\":512,\"height\":512,\"caption\":\"Plyro FI\"},\"image\":{\"@id\":\"https:\/\/plyro.eu\/fi\/#\/schema\/logo\/image\/\"},\"sameAs\":[\"https:\/\/www.facebook.com\/gamedogEE\/\"]}]}<\/script>\n<!-- \/ Yoast SEO plugin. -->","yoast_head_json":{"title":"Terms and Conditions - Plyro FI","robots":{"index":"index","follow":"follow","max-snippet":"max-snippet:-1","max-image-preview":"max-image-preview:large","max-video-preview":"max-video-preview:-1"},"canonical":"https:\/\/plyro.eu\/fi\/terms-and-conditions\/","og_locale":"fi_FI","og_type":"article","og_title":"Terms and Conditions - Plyro FI","og_description":"Ehdot ja s\u00e4\u00e4nn\u00f6t Viimeksi p\u00e4ivitetty 16. helmikuuta 2025 Verkkokaupan plyro.eu (j\u00e4ljemp\u00e4n\u00e4 Verkkokauppa) omistaa GameDog O\u00dc (rekister\u00f6intikoodi 14962369), osoitteessa Harju maakunta, Tallinna, Lasnam\u00e4en kaupunginosa, V\u00e4ike-Paala tn 2-309, 11415. &nbsp; Myyntisopimuksen voimassaolo, kaupalliset ja hintatiedot Myyntiehdot koskevat Verkkokaupasta ostettavien tuotteiden ostamista. Verkkokaupassa myyt\u00e4vien tuotteiden hinnat on ilmoitettu tuotteiden yhteydess\u00e4. Hintaan lis\u00e4t\u00e4\u00e4n toimituskulut. Kaikki verkkokaupassa myyt\u00e4vien tuotteiden hinnat [&hellip;]","og_url":"https:\/\/plyro.eu\/fi\/terms-and-conditions\/","og_site_name":"Plyro FI","article_publisher":"https:\/\/www.facebook.com\/gamedogEE\/","article_modified_time":"2025-12-29T14:09:05+00:00","twitter_card":"summary_large_image","twitter_misc":{"Arvioitu lukuaika":"5 minuuttia"},"schema":{"@context":"https:\/\/schema.org","@graph":[{"@type":"WebPage","@id":"https:\/\/plyro.eu\/fi\/terms-and-conditions\/","url":"https:\/\/plyro.eu\/fi\/terms-and-conditions\/","name":"Terms and Conditions - Plyro FI","isPartOf":{"@id":"https:\/\/plyro.eu\/fi\/#website"},"datePublished":"2025-02-16T12:43:13+00:00","dateModified":"2025-12-29T14:09:05+00:00","breadcrumb":{"@id":"https:\/\/plyro.eu\/fi\/terms-and-conditions\/#breadcrumb"},"inLanguage":"fi","potentialAction":[{"@type":"ReadAction","target":["https:\/\/plyro.eu\/fi\/terms-and-conditions\/"]}]},{"@type":"BreadcrumbList","@id":"https:\/\/plyro.eu\/fi\/terms-and-conditions\/#breadcrumb","itemListElement":[{"@type":"ListItem","position":1,"name":"Home","item":"https:\/\/plyro.eu\/fi\/"},{"@type":"ListItem","position":2,"name":"Terms and Conditions"}]},{"@type":"WebSite","@id":"https:\/\/plyro.eu\/fi\/#website","url":"https:\/\/plyro.eu\/fi\/","name":"Plyro FI","description":"","publisher":{"@id":"https:\/\/plyro.eu\/fi\/#organization"},"potentialAction":[{"@type":"SearchAction","target":{"@type":"EntryPoint","urlTemplate":"https:\/\/plyro.eu\/fi\/?s={search_term_string}"},"query-input":{"@type":"PropertyValueSpecification","valueRequired":true,"valueName":"search_term_string"}}],"inLanguage":"fi"},{"@type":"Organization","@id":"https:\/\/plyro.eu\/fi\/#organization","name":"Plyro FI","url":"https:\/\/plyro.eu\/fi\/","logo":{"@type":"ImageObject","inLanguage":"fi","@id":"https:\/\/plyro.eu\/fi\/#\/schema\/logo\/image\/","url":"https:\/\/plyro.eu\/fi\/wp-content\/uploads\/2026\/02\/plyro_black_512_transparent-4.png","contentUrl":"https:\/\/plyro.eu\/fi\/wp-content\/uploads\/2026\/02\/plyro_black_512_transparent-4.png","width":512,"height":512,"caption":"Plyro FI"},"image":{"@id":"https:\/\/plyro.eu\/fi\/#\/schema\/logo\/image\/"},"sameAs":["https:\/\/www.facebook.com\/gamedogEE\/"]}]}},"_links":{"self":[{"href":"https:\/\/plyro.eu\/fi\/wp-json\/wp\/v2\/pages\/65583","targetHints":{"allow":["GET"]}}],"collection":[{"href":"https:\/\/plyro.eu\/fi\/wp-json\/wp\/v2\/pages"}],"about":[{"href":"https:\/\/plyro.eu\/fi\/wp-json\/wp\/v2\/types\/page"}],"author":[{"embeddable":true,"href":"https:\/\/plyro.eu\/fi\/wp-json\/wp\/v2\/users\/1"}],"replies":[{"embeddable":true,"href":"https:\/\/plyro.eu\/fi\/wp-json\/wp\/v2\/comments?post=65583"}],"version-history":[{"count":0,"href":"https:\/\/plyro.eu\/fi\/wp-json\/wp\/v2\/pages\/65583\/revisions"}],"wp:attachment":[{"href":"https:\/\/plyro.eu\/fi\/wp-json\/wp\/v2\/media?parent=65583"}],"curies":[{"name":"wp","href":"https:\/\/api.w.org\/{rel}","templated":true}]}}