{"id":189,"date":"2025-02-16T14:48:55","date_gmt":"2025-02-16T12:48:55","guid":{"rendered":"https:\/\/plyro.eu\/?page_id=189"},"modified":"2025-12-29T16:06:07","modified_gmt":"2025-12-29T14:06:07","slug":"refund_returns","status":"publish","type":"page","link":"https:\/\/plyro.eu\/fi\/refund_returns\/","title":{"rendered":"Return policy"},"content":{"rendered":"\r\n<h1 class=\"wp-block-heading\">Palautusk\u00e4yt\u00e4nt\u00f6<\/h1>\r\n\r\n\r\n\r\n<p>Tilauksen vastaanottamisen j\u00e4lkeen ostajalla on oikeus peruuttaa sopimus 14 p\u00e4iv\u00e4n kuluessa.<\/p>\r\n\r\n\r\n\r\n<p>Asiakas sitoutuu k\u00e4ytt\u00e4m\u00e4\u00e4n palautusoikeutta seuraavin ehdoin:<\/p>\r\n\r\n\r\n\r\n<ul>\r\n<li>Tuotteet on palautettava k\u00e4ytt\u00e4m\u00e4tt\u00f6min\u00e4 ja alkuper\u00e4ispakkauksessa.\r\n\r\n<\/li>\r\n<li>Palautusoikeuden k\u00e4ytt\u00e4miseksi asiakkaan tulee toimittaa kirjallinen hakemus GameDog O\u00dc:lle osoitteeseen <a href=\"mailto:info@plyro.eu\">info@plyro.eu<\/a>, kuitenkin viimeist\u00e4\u00e4n 14 p\u00e4iv\u00e4n kuluessa tavaran vastaanottamisesta.\r\n\r\n<\/li>\r\n<li>Asiakas sitoutuu maksamaan palautuskulut, ellei palautettava tuote ole asiakkaan tilauksen mukainen.\r\n\r\n<\/li>\r\n<li>GameDog O\u00dc palauttaa rahat 14 p\u00e4iv\u00e4n kuluessa hakemuksen vastaanottamisesta.<\/li>\r\n<\/ul>\r\n","protected":false},"excerpt":{"rendered":"<p>Palautusk\u00e4yt\u00e4nt\u00f6 Tilauksen vastaanottamisen j\u00e4lkeen ostajalla on oikeus peruuttaa sopimus 14 p\u00e4iv\u00e4n kuluessa. Asiakas sitoutuu k\u00e4ytt\u00e4m\u00e4\u00e4n palautusoikeutta seuraavin ehdoin: Tuotteet on palautettava k\u00e4ytt\u00e4m\u00e4tt\u00f6min\u00e4 ja alkuper\u00e4ispakkauksessa. Palautusoikeuden k\u00e4ytt\u00e4miseksi asiakkaan tulee toimittaa kirjallinen hakemus GameDog O\u00dc:lle osoitteeseen info@plyro.eu, kuitenkin viimeist\u00e4\u00e4n 14 p\u00e4iv\u00e4n kuluessa tavaran vastaanottamisesta. Asiakas sitoutuu maksamaan palautuskulut, ellei palautettava tuote ole asiakkaan tilauksen mukainen. GameDog O\u00dc [&hellip;]<\/p>\n","protected":false},"author":1,"featured_media":0,"parent":0,"menu_order":0,"comment_status":"closed","ping_status":"closed","template":"","meta":{"_acf_changed":false,"inline_featured_image":false,"footnotes":""},"class_list":["post-189","page","type-page","status-publish","hentry"],"acf":[],"yoast_head":"<!-- This site is optimized with the Yoast SEO plugin v24.9 - https:\/\/yoast.com\/wordpress\/plugins\/seo\/ -->\n<title>Return policy - Plyro FI<\/title>\n<meta name=\"robots\" content=\"index, follow, max-snippet:-1, max-image-preview:large, max-video-preview:-1\" \/>\n<link rel=\"canonical\" href=\"https:\/\/plyro.eu\/fi\/refund_returns\/\" \/>\n<meta property=\"og:locale\" content=\"fi_FI\" \/>\n<meta property=\"og:type\" content=\"article\" \/>\n<meta property=\"og:title\" content=\"Return policy - Plyro FI\" \/>\n<meta property=\"og:description\" content=\"Palautusk\u00e4yt\u00e4nt\u00f6 Tilauksen vastaanottamisen j\u00e4lkeen ostajalla on oikeus peruuttaa sopimus 14 p\u00e4iv\u00e4n kuluessa. Asiakas sitoutuu k\u00e4ytt\u00e4m\u00e4\u00e4n palautusoikeutta seuraavin ehdoin: Tuotteet on palautettava k\u00e4ytt\u00e4m\u00e4tt\u00f6min\u00e4 ja alkuper\u00e4ispakkauksessa. Palautusoikeuden k\u00e4ytt\u00e4miseksi asiakkaan tulee toimittaa kirjallinen hakemus GameDog O\u00dc:lle osoitteeseen info@plyro.eu, kuitenkin viimeist\u00e4\u00e4n 14 p\u00e4iv\u00e4n kuluessa tavaran vastaanottamisesta. Asiakas sitoutuu maksamaan palautuskulut, ellei palautettava tuote ole asiakkaan tilauksen mukainen. GameDog O\u00dc [&hellip;]\" \/>\n<meta property=\"og:url\" content=\"https:\/\/plyro.eu\/fi\/refund_returns\/\" \/>\n<meta property=\"og:site_name\" content=\"Plyro FI\" \/>\n<meta property=\"article:publisher\" content=\"https:\/\/www.facebook.com\/gamedogEE\/\" \/>\n<meta property=\"article:modified_time\" content=\"2025-12-29T14:06:07+00:00\" \/>\n<meta name=\"twitter:card\" content=\"summary_large_image\" \/>\n<meta name=\"twitter:label1\" content=\"Arvioitu lukuaika\" \/>\n\t<meta name=\"twitter:data1\" content=\"1 minuutti\" \/>\n<script type=\"application\/ld+json\" class=\"yoast-schema-graph\">{\"@context\":\"https:\/\/schema.org\",\"@graph\":[{\"@type\":\"WebPage\",\"@id\":\"https:\/\/plyro.eu\/fi\/refund_returns\/\",\"url\":\"https:\/\/plyro.eu\/fi\/refund_returns\/\",\"name\":\"Return policy - Plyro FI\",\"isPartOf\":{\"@id\":\"https:\/\/plyro.eu\/fi\/#website\"},\"datePublished\":\"2025-02-16T12:48:55+00:00\",\"dateModified\":\"2025-12-29T14:06:07+00:00\",\"breadcrumb\":{\"@id\":\"https:\/\/plyro.eu\/fi\/refund_returns\/#breadcrumb\"},\"inLanguage\":\"fi\",\"potentialAction\":[{\"@type\":\"ReadAction\",\"target\":[\"https:\/\/plyro.eu\/fi\/refund_returns\/\"]}]},{\"@type\":\"BreadcrumbList\",\"@id\":\"https:\/\/plyro.eu\/fi\/refund_returns\/#breadcrumb\",\"itemListElement\":[{\"@type\":\"ListItem\",\"position\":1,\"name\":\"Home\",\"item\":\"https:\/\/plyro.eu\/fi\/\"},{\"@type\":\"ListItem\",\"position\":2,\"name\":\"Return policy\"}]},{\"@type\":\"WebSite\",\"@id\":\"https:\/\/plyro.eu\/fi\/#website\",\"url\":\"https:\/\/plyro.eu\/fi\/\",\"name\":\"Plyro FI\",\"description\":\"\",\"publisher\":{\"@id\":\"https:\/\/plyro.eu\/fi\/#organization\"},\"potentialAction\":[{\"@type\":\"SearchAction\",\"target\":{\"@type\":\"EntryPoint\",\"urlTemplate\":\"https:\/\/plyro.eu\/fi\/?s={search_term_string}\"},\"query-input\":{\"@type\":\"PropertyValueSpecification\",\"valueRequired\":true,\"valueName\":\"search_term_string\"}}],\"inLanguage\":\"fi\"},{\"@type\":\"Organization\",\"@id\":\"https:\/\/plyro.eu\/fi\/#organization\",\"name\":\"Plyro FI\",\"url\":\"https:\/\/plyro.eu\/fi\/\",\"logo\":{\"@type\":\"ImageObject\",\"inLanguage\":\"fi\",\"@id\":\"https:\/\/plyro.eu\/fi\/#\/schema\/logo\/image\/\",\"url\":\"https:\/\/plyro.eu\/fi\/wp-content\/uploads\/2026\/02\/plyro_black_512_transparent-4.png\",\"contentUrl\":\"https:\/\/plyro.eu\/fi\/wp-content\/uploads\/2026\/02\/plyro_black_512_transparent-4.png\",\"width\":512,\"height\":512,\"caption\":\"Plyro FI\"},\"image\":{\"@id\":\"https:\/\/plyro.eu\/fi\/#\/schema\/logo\/image\/\"},\"sameAs\":[\"https:\/\/www.facebook.com\/gamedogEE\/\"]}]}<\/script>\n<!-- \/ Yoast SEO plugin. -->","yoast_head_json":{"title":"Return policy - Plyro FI","robots":{"index":"index","follow":"follow","max-snippet":"max-snippet:-1","max-image-preview":"max-image-preview:large","max-video-preview":"max-video-preview:-1"},"canonical":"https:\/\/plyro.eu\/fi\/refund_returns\/","og_locale":"fi_FI","og_type":"article","og_title":"Return policy - Plyro FI","og_description":"Palautusk\u00e4yt\u00e4nt\u00f6 Tilauksen vastaanottamisen j\u00e4lkeen ostajalla on oikeus peruuttaa sopimus 14 p\u00e4iv\u00e4n kuluessa. Asiakas sitoutuu k\u00e4ytt\u00e4m\u00e4\u00e4n palautusoikeutta seuraavin ehdoin: Tuotteet on palautettava k\u00e4ytt\u00e4m\u00e4tt\u00f6min\u00e4 ja alkuper\u00e4ispakkauksessa. Palautusoikeuden k\u00e4ytt\u00e4miseksi asiakkaan tulee toimittaa kirjallinen hakemus GameDog O\u00dc:lle osoitteeseen info@plyro.eu, kuitenkin viimeist\u00e4\u00e4n 14 p\u00e4iv\u00e4n kuluessa tavaran vastaanottamisesta. Asiakas sitoutuu maksamaan palautuskulut, ellei palautettava tuote ole asiakkaan tilauksen mukainen. GameDog O\u00dc [&hellip;]","og_url":"https:\/\/plyro.eu\/fi\/refund_returns\/","og_site_name":"Plyro FI","article_publisher":"https:\/\/www.facebook.com\/gamedogEE\/","article_modified_time":"2025-12-29T14:06:07+00:00","twitter_card":"summary_large_image","twitter_misc":{"Arvioitu lukuaika":"1 minuutti"},"schema":{"@context":"https:\/\/schema.org","@graph":[{"@type":"WebPage","@id":"https:\/\/plyro.eu\/fi\/refund_returns\/","url":"https:\/\/plyro.eu\/fi\/refund_returns\/","name":"Return policy - Plyro FI","isPartOf":{"@id":"https:\/\/plyro.eu\/fi\/#website"},"datePublished":"2025-02-16T12:48:55+00:00","dateModified":"2025-12-29T14:06:07+00:00","breadcrumb":{"@id":"https:\/\/plyro.eu\/fi\/refund_returns\/#breadcrumb"},"inLanguage":"fi","potentialAction":[{"@type":"ReadAction","target":["https:\/\/plyro.eu\/fi\/refund_returns\/"]}]},{"@type":"BreadcrumbList","@id":"https:\/\/plyro.eu\/fi\/refund_returns\/#breadcrumb","itemListElement":[{"@type":"ListItem","position":1,"name":"Home","item":"https:\/\/plyro.eu\/fi\/"},{"@type":"ListItem","position":2,"name":"Return policy"}]},{"@type":"WebSite","@id":"https:\/\/plyro.eu\/fi\/#website","url":"https:\/\/plyro.eu\/fi\/","name":"Plyro FI","description":"","publisher":{"@id":"https:\/\/plyro.eu\/fi\/#organization"},"potentialAction":[{"@type":"SearchAction","target":{"@type":"EntryPoint","urlTemplate":"https:\/\/plyro.eu\/fi\/?s={search_term_string}"},"query-input":{"@type":"PropertyValueSpecification","valueRequired":true,"valueName":"search_term_string"}}],"inLanguage":"fi"},{"@type":"Organization","@id":"https:\/\/plyro.eu\/fi\/#organization","name":"Plyro FI","url":"https:\/\/plyro.eu\/fi\/","logo":{"@type":"ImageObject","inLanguage":"fi","@id":"https:\/\/plyro.eu\/fi\/#\/schema\/logo\/image\/","url":"https:\/\/plyro.eu\/fi\/wp-content\/uploads\/2026\/02\/plyro_black_512_transparent-4.png","contentUrl":"https:\/\/plyro.eu\/fi\/wp-content\/uploads\/2026\/02\/plyro_black_512_transparent-4.png","width":512,"height":512,"caption":"Plyro FI"},"image":{"@id":"https:\/\/plyro.eu\/fi\/#\/schema\/logo\/image\/"},"sameAs":["https:\/\/www.facebook.com\/gamedogEE\/"]}]}},"_links":{"self":[{"href":"https:\/\/plyro.eu\/fi\/wp-json\/wp\/v2\/pages\/189","targetHints":{"allow":["GET"]}}],"collection":[{"href":"https:\/\/plyro.eu\/fi\/wp-json\/wp\/v2\/pages"}],"about":[{"href":"https:\/\/plyro.eu\/fi\/wp-json\/wp\/v2\/types\/page"}],"author":[{"embeddable":true,"href":"https:\/\/plyro.eu\/fi\/wp-json\/wp\/v2\/users\/1"}],"replies":[{"embeddable":true,"href":"https:\/\/plyro.eu\/fi\/wp-json\/wp\/v2\/comments?post=189"}],"version-history":[{"count":0,"href":"https:\/\/plyro.eu\/fi\/wp-json\/wp\/v2\/pages\/189\/revisions"}],"wp:attachment":[{"href":"https:\/\/plyro.eu\/fi\/wp-json\/wp\/v2\/media?parent=189"}],"curies":[{"name":"wp","href":"https:\/\/api.w.org\/{rel}","templated":true}]}}