{"id":186,"date":"2024-12-23T11:20:37","date_gmt":"2024-12-23T08:20:37","guid":{"rendered":"https:\/\/plyro.eu\/?page_id=186"},"modified":"2025-12-22T13:48:28","modified_gmt":"2025-12-22T11:48:28","slug":"cart-2","status":"publish","type":"page","link":"https:\/\/plyro.eu\/fi\/cart-2\/","title":{"rendered":"Ostoskori"},"content":{"rendered":"\r\n<div data-block-name=\"woocommerce\/cart\" class=\"wp-block-woocommerce-cart alignwide is-loading\">\r\n<div data-block-name=\"woocommerce\/filled-cart-block\" class=\"wp-block-woocommerce-filled-cart-block\">\r\n<div data-block-name=\"woocommerce\/cart-items-block\" class=\"wp-block-woocommerce-cart-items-block\">\r\n<p class=\"cart__subtitle\">\r\n<span>Tuote<\/span>\r\n<span>Hinta<\/span>\r\n<span>M\u00e4\u00e4r\u00e4<\/span>\r\n<span>Yhteens\u00e4<\/span>\r\n<\/p>\r\n\r\n\r\n\r\n<div data-block-name=\"woocommerce\/cart-line-items-block\" class=\"wp-block-woocommerce-cart-line-items-block\">\u00a0<\/div>\r\n\r\n\r\n\r\n<div data-block-name=\"woocommerce\/cart-cross-sells-block\" class=\"wp-block-woocommerce-cart-cross-sells-block\">\r\n<h2 class=\"wp-block-heading has-large-font-size\">Saatat olla kiinnostunut\u2026<\/h2>\r\n\r\n\r\n\r\n<div data-block-name=\"woocommerce\/cart-cross-sells-products-block\" class=\"wp-block-woocommerce-cart-cross-sells-products-block\">\u00a0<\/div>\r\n<\/div>\r\n\r\n\r\n\r\n<p>&nbsp;<\/p>\r\n\r\n\r\n<\/div>\r\n\r\n\r\n\r\n<div data-block-name=\"woocommerce\/cart-totals-block\" class=\"wp-block-woocommerce-cart-totals-block\">\r\n<div data-block-name=\"woocommerce\/cart-order-summary-block\" class=\"wp-block-woocommerce-cart-order-summary-block\">\r\n<div data-block-name=\"woocommerce\/cart-order-summary-heading-block\" data-content=\"\u0421\u0443\u043c\u043c\u0430 \u0437\u0430\u043a\u0430\u0437\u043e\u0432\" class=\"wp-block-woocommerce-cart-order-summary-heading-block\">\u00a0<\/div>\r\n\r\n\r\n\r\n<div data-block-name=\"woocommerce\/cart-order-summary-coupon-form-block\" class=\"wp-block-woocommerce-cart-order-summary-coupon-form-block\">\u00a0<\/div>\r\n\r\n\r\n\r\n<div data-block-name=\"woocommerce\/cart-order-summary-totals-block\" class=\"wp-block-woocommerce-cart-order-summary-totals-block\">\r\n<div data-block-name=\"woocommerce\/cart-order-summary-subtotal-block\" class=\"wp-block-woocommerce-cart-order-summary-subtotal-block\">\u00a0<\/div>\r\n\r\n\r\n\r\n<div data-block-name=\"woocommerce\/cart-order-summary-fee-block\" class=\"wp-block-woocommerce-cart-order-summary-fee-block\">\u00a0<\/div>\r\n\r\n\r\n\r\n<div data-block-name=\"woocommerce\/cart-order-summary-discount-block\" class=\"wp-block-woocommerce-cart-order-summary-discount-block\">\u00a0<\/div>\r\n\r\n\r\n\r\n<div data-block-name=\"woocommerce\/cart-order-summary-shipping-block\" class=\"wp-block-woocommerce-cart-order-summary-shipping-block\">\u00a0<\/div>\r\n\r\n\r\n\r\n<div data-block-name=\"woocommerce\/cart-order-summary-taxes-block\" class=\"wp-block-woocommerce-cart-order-summary-taxes-block\">\u00a0<\/div>\r\n<\/div>\r\n<\/div>\r\n\r\n\r\n\r\n<div data-block-name=\"woocommerce\/cart-express-payment-block\" class=\"wp-block-woocommerce-cart-express-payment-block\">\u00a0<\/div>\r\n\r\n\r\n\r\n<div data-block-name=\"woocommerce\/proceed-to-checkout-block\" class=\"wp-block-woocommerce-proceed-to-checkout-block\">\u00a0<\/div>\r\n\r\n\r\n\r\n<div data-block-name=\"woocommerce\/cart-accepted-payment-methods-block\" class=\"wp-block-woocommerce-cart-accepted-payment-methods-block\">\u00a0<\/div>\r\n<\/div>\r\n<\/div>\r\n\r\n\r\n\r\n<div data-block-name=\"woocommerce\/empty-cart-block\" class=\"wp-block-woocommerce-empty-cart-block\">\r\n<h2 class=\"wp-block-heading has-text-align-center\">Ostoskori on tyhj\u00e4<\/h2>\r\n\r\n\r\n\r\n<pre class=\"wp-block-code\"><code>&lt;div class=\"swiper-catalog\"&gt;\r\n                    &lt;a class=\"catalog__button\" href=\"\/fi\/shop\"&gt;&lt;p&gt;Siirry luetteloon&lt;\/p&gt;\r\n                        &lt;svg width=\"24\" height=\"24\" viewBox=\"0 0 24 24\" fill=\"none\"\r\n                            xmlns=\"http:\/\/www.w3.org\/2000\/svg\"&gt;\r\n                            &lt;path\r\n                                d=\"M18 12.25H6C5.86614 12.25 5.75 12.1339 5.75 12C5.75 11.8661 5.86614 11.75 6 11.75H18C18.1339 11.75 18.25 11.8661 18.25 12C18.25 12.1339 18.1339 12.25 18 12.25Z\"\r\n                                fill=\"black\" stroke=\"#111111\" \/&gt;\r\n                            &lt;path\r\n                                d=\"M12 18.25C11.8661 18.25 11.75 18.1339 11.75 18V6C11.75 5.86614 11.8661 5.75 12 5.75C12.1339 5.75 12.25 5.86614 12.25 6V18C12.25 18.1339 12.1339 18.25 12 18.25Z\"\r\n                                fill=\"black\" stroke=\"#111111\" \/&gt;\r\n                        &lt;\/svg&gt;\r\n                    &lt;\/a&gt;\r\n                &lt;\/div&gt;<\/code><\/pre>\r\n<\/div>\r\n<\/div>\r\n\r\n\r\n\r\n<p>&nbsp;<\/p>\r\n","protected":false},"excerpt":{"rendered":"<p>&nbsp;<\/p>\n","protected":false},"author":1,"featured_media":0,"parent":0,"menu_order":0,"comment_status":"closed","ping_status":"closed","template":"","meta":{"_acf_changed":false,"inline_featured_image":false,"footnotes":""},"class_list":["post-186","page","type-page","status-publish","hentry"],"acf":[],"yoast_head":"<!-- This site is optimized with the Yoast SEO plugin v24.9 - https:\/\/yoast.com\/wordpress\/plugins\/seo\/ -->\n<title>Ostoskori - Plyro FI<\/title>\n<meta name=\"robots\" content=\"index, follow, max-snippet:-1, max-image-preview:large, max-video-preview:-1\" \/>\n<link rel=\"canonical\" href=\"https:\/\/plyro.eu\/fi\/cart-2\/\" \/>\n<meta property=\"og:locale\" content=\"fi_FI\" \/>\n<meta property=\"og:type\" content=\"article\" \/>\n<meta property=\"og:title\" content=\"Ostoskori - Plyro FI\" \/>\n<meta property=\"og:description\" content=\"&nbsp;\" \/>\n<meta property=\"og:url\" content=\"https:\/\/plyro.eu\/fi\/cart-2\/\" \/>\n<meta property=\"og:site_name\" content=\"Plyro FI\" \/>\n<meta property=\"article:publisher\" content=\"https:\/\/www.facebook.com\/gamedogEE\/\" \/>\n<meta property=\"article:modified_time\" content=\"2025-12-22T11:48:28+00:00\" \/>\n<meta name=\"twitter:card\" content=\"summary_large_image\" \/>\n<meta name=\"twitter:label1\" content=\"Arvioitu lukuaika\" \/>\n\t<meta name=\"twitter:data1\" content=\"1 minuutti\" \/>\n<script type=\"application\/ld+json\" class=\"yoast-schema-graph\">{\"@context\":\"https:\/\/schema.org\",\"@graph\":[{\"@type\":\"WebPage\",\"@id\":\"https:\/\/plyro.eu\/fi\/cart-2\/\",\"url\":\"https:\/\/plyro.eu\/fi\/cart-2\/\",\"name\":\"Ostoskori - Plyro FI\",\"isPartOf\":{\"@id\":\"https:\/\/plyro.eu\/fi\/#website\"},\"datePublished\":\"2024-12-23T08:20:37+00:00\",\"dateModified\":\"2025-12-22T11:48:28+00:00\",\"breadcrumb\":{\"@id\":\"https:\/\/plyro.eu\/fi\/cart-2\/#breadcrumb\"},\"inLanguage\":\"fi\",\"potentialAction\":[{\"@type\":\"ReadAction\",\"target\":[\"https:\/\/plyro.eu\/fi\/cart-2\/\"]}]},{\"@type\":\"BreadcrumbList\",\"@id\":\"https:\/\/plyro.eu\/fi\/cart-2\/#breadcrumb\",\"itemListElement\":[{\"@type\":\"ListItem\",\"position\":1,\"name\":\"Home\",\"item\":\"https:\/\/plyro.eu\/fi\/\"},{\"@type\":\"ListItem\",\"position\":2,\"name\":\"Ostoskori\"}]},{\"@type\":\"WebSite\",\"@id\":\"https:\/\/plyro.eu\/fi\/#website\",\"url\":\"https:\/\/plyro.eu\/fi\/\",\"name\":\"Plyro FI\",\"description\":\"\",\"publisher\":{\"@id\":\"https:\/\/plyro.eu\/fi\/#organization\"},\"potentialAction\":[{\"@type\":\"SearchAction\",\"target\":{\"@type\":\"EntryPoint\",\"urlTemplate\":\"https:\/\/plyro.eu\/fi\/?s={search_term_string}\"},\"query-input\":{\"@type\":\"PropertyValueSpecification\",\"valueRequired\":true,\"valueName\":\"search_term_string\"}}],\"inLanguage\":\"fi\"},{\"@type\":\"Organization\",\"@id\":\"https:\/\/plyro.eu\/fi\/#organization\",\"name\":\"Plyro FI\",\"url\":\"https:\/\/plyro.eu\/fi\/\",\"logo\":{\"@type\":\"ImageObject\",\"inLanguage\":\"fi\",\"@id\":\"https:\/\/plyro.eu\/fi\/#\/schema\/logo\/image\/\",\"url\":\"https:\/\/plyro.eu\/fi\/wp-content\/uploads\/2026\/02\/plyro_black_512_transparent-4.png\",\"contentUrl\":\"https:\/\/plyro.eu\/fi\/wp-content\/uploads\/2026\/02\/plyro_black_512_transparent-4.png\",\"width\":512,\"height\":512,\"caption\":\"Plyro FI\"},\"image\":{\"@id\":\"https:\/\/plyro.eu\/fi\/#\/schema\/logo\/image\/\"},\"sameAs\":[\"https:\/\/www.facebook.com\/gamedogEE\/\"]}]}<\/script>\n<!-- \/ Yoast SEO plugin. -->","yoast_head_json":{"title":"Ostoskori - Plyro FI","robots":{"index":"index","follow":"follow","max-snippet":"max-snippet:-1","max-image-preview":"max-image-preview:large","max-video-preview":"max-video-preview:-1"},"canonical":"https:\/\/plyro.eu\/fi\/cart-2\/","og_locale":"fi_FI","og_type":"article","og_title":"Ostoskori - Plyro FI","og_description":"&nbsp;","og_url":"https:\/\/plyro.eu\/fi\/cart-2\/","og_site_name":"Plyro FI","article_publisher":"https:\/\/www.facebook.com\/gamedogEE\/","article_modified_time":"2025-12-22T11:48:28+00:00","twitter_card":"summary_large_image","twitter_misc":{"Arvioitu lukuaika":"1 minuutti"},"schema":{"@context":"https:\/\/schema.org","@graph":[{"@type":"WebPage","@id":"https:\/\/plyro.eu\/fi\/cart-2\/","url":"https:\/\/plyro.eu\/fi\/cart-2\/","name":"Ostoskori - Plyro FI","isPartOf":{"@id":"https:\/\/plyro.eu\/fi\/#website"},"datePublished":"2024-12-23T08:20:37+00:00","dateModified":"2025-12-22T11:48:28+00:00","breadcrumb":{"@id":"https:\/\/plyro.eu\/fi\/cart-2\/#breadcrumb"},"inLanguage":"fi","potentialAction":[{"@type":"ReadAction","target":["https:\/\/plyro.eu\/fi\/cart-2\/"]}]},{"@type":"BreadcrumbList","@id":"https:\/\/plyro.eu\/fi\/cart-2\/#breadcrumb","itemListElement":[{"@type":"ListItem","position":1,"name":"Home","item":"https:\/\/plyro.eu\/fi\/"},{"@type":"ListItem","position":2,"name":"Ostoskori"}]},{"@type":"WebSite","@id":"https:\/\/plyro.eu\/fi\/#website","url":"https:\/\/plyro.eu\/fi\/","name":"Plyro FI","description":"","publisher":{"@id":"https:\/\/plyro.eu\/fi\/#organization"},"potentialAction":[{"@type":"SearchAction","target":{"@type":"EntryPoint","urlTemplate":"https:\/\/plyro.eu\/fi\/?s={search_term_string}"},"query-input":{"@type":"PropertyValueSpecification","valueRequired":true,"valueName":"search_term_string"}}],"inLanguage":"fi"},{"@type":"Organization","@id":"https:\/\/plyro.eu\/fi\/#organization","name":"Plyro FI","url":"https:\/\/plyro.eu\/fi\/","logo":{"@type":"ImageObject","inLanguage":"fi","@id":"https:\/\/plyro.eu\/fi\/#\/schema\/logo\/image\/","url":"https:\/\/plyro.eu\/fi\/wp-content\/uploads\/2026\/02\/plyro_black_512_transparent-4.png","contentUrl":"https:\/\/plyro.eu\/fi\/wp-content\/uploads\/2026\/02\/plyro_black_512_transparent-4.png","width":512,"height":512,"caption":"Plyro FI"},"image":{"@id":"https:\/\/plyro.eu\/fi\/#\/schema\/logo\/image\/"},"sameAs":["https:\/\/www.facebook.com\/gamedogEE\/"]}]}},"_links":{"self":[{"href":"https:\/\/plyro.eu\/fi\/wp-json\/wp\/v2\/pages\/186","targetHints":{"allow":["GET"]}}],"collection":[{"href":"https:\/\/plyro.eu\/fi\/wp-json\/wp\/v2\/pages"}],"about":[{"href":"https:\/\/plyro.eu\/fi\/wp-json\/wp\/v2\/types\/page"}],"author":[{"embeddable":true,"href":"https:\/\/plyro.eu\/fi\/wp-json\/wp\/v2\/users\/1"}],"replies":[{"embeddable":true,"href":"https:\/\/plyro.eu\/fi\/wp-json\/wp\/v2\/comments?post=186"}],"version-history":[{"count":0,"href":"https:\/\/plyro.eu\/fi\/wp-json\/wp\/v2\/pages\/186\/revisions"}],"wp:attachment":[{"href":"https:\/\/plyro.eu\/fi\/wp-json\/wp\/v2\/media?parent=186"}],"curies":[{"name":"wp","href":"https:\/\/api.w.org\/{rel}","templated":true}]}}