{"id":290869,"date":"2026-02-07T14:06:26","date_gmt":"2026-02-07T12:06:26","guid":{"rendered":"https:\/\/plyro.eu\/ee\/product\/pokemon-lets-go-eevee\/"},"modified":"2026-03-17T21:57:19","modified_gmt":"2026-03-17T19:57:19","slug":"pokemon-lets-go-eevee","status":"publish","type":"product","link":"https:\/\/plyro.eu\/ee\/product\/pokemon-lets-go-eevee\/","title":{"rendered":"Pokemon: Let&#8217;s Go, Eevee!"},"content":{"rendered":"<ul>\n<li>Become a top Pok\u00e9mon Trainer on an adventure with Eevee!<\/li>\n<li>Encounter Pok\u00e9mon in the Kanto region<\/li>\n<li>Play the entire game with a single Joy-Con controller or use the Pok\u00e9 Ball Plus accessory, which will light up, vibrate, and make sounds to bring your adventure to life<\/li>\n<li>Take your Pok\u00e9mon for a stroll in your Pok\u00e9 Ball Plus<\/li>\n<li>Play a Pok\u00e9mon adventure together cooperatively anytime, anywhere on one system by using another Joy-Con controller or Pok\u00e9 Ball Plus accessory (sold separately) to catch and battle alongside another player!<\/li>\n<li>Use Pok\u00e9 Ball Plus to connect with the Pok\u00e9mon GO* app on compatible smartphones to catch Kanto region Pok\u00e9mon<\/li>\n<li>Connect Pok\u00e9 Ball Plus to the Pok\u00e9mon GO* app to catch Pok\u00e9mon in the real world and gather items from Pok\u00e9 Stops without viewing your smartphone screen\u2014meanwhile, carry Pok\u00e9mon from Pok\u00e9mon: Let&#8217;s Go, Pikachu! or Pok\u00e9mon: Let&#8217;s Go, Eevee!<\/li>\n<\/ul>\n","protected":false},"excerpt":{"rendered":"<p>Use a throwing motion to catch Pok\u00e9mon in the wild with either one Joy-Con\u2122 controller or Pok\u00e9 Ball\u2122 Plus accessory, which will light up, vibrate, and make sounds to bring your adventure to life. Share your adventure with family or friends in 2-player action using a second Joy-Con or Pok\u00e9 Ball Plus (sold separately). You can even connect to the Pok\u00e9mon\u2122 GO app* using a compatible smartphone to bring over Pok\u00e9mon originally discovered in the Kanto region!<\/p>\n<p>Explore the diverse and vibrant region of Kanto! True-to-size wild Pok\u00e9mon roam around in the game, so catch them like a real Pok\u00e9mon Trainer by using motion, timing, and a well-placed Pok\u00e9 Ball\u2122. Go on a stroll with your favorite Pok\u00e9mon in your Pok\u00e9 Ball Plus! Connect your game directly to Pok\u00e9mon GO* to receive Kanto region Pok\u00e9mon.<\/p>\n","protected":false},"featured_media":290864,"comment_status":"open","ping_status":"closed","template":"","meta":{"_acf_changed":false,"inline_featured_image":false},"product_brand":[],"product_cat":[1436],"product_tag":[],"class_list":{"0":"post-290869","1":"product","2":"type-product","3":"status-publish","4":"has-post-thumbnail","6":"product_cat-all-games","7":"out-of-stock","9":"first","10":"outofstock","11":"taxable","12":"shipping-taxable","13":"purchasable","14":"product-type-variable"},"acf":[],"yoast_head":"<!-- This site is optimized with the Yoast SEO plugin v24.9 - https:\/\/yoast.com\/wordpress\/plugins\/seo\/ -->\n<title>Pokemon: Let&#039;s Go, Eevee! - Plyro EE<\/title>\n<meta name=\"robots\" content=\"index, follow, max-snippet:-1, max-image-preview:large, max-video-preview:-1\" \/>\n<link rel=\"canonical\" href=\"https:\/\/plyro.eu\/ee\/product\/pokemon-lets-go-eevee\/\" \/>\n<meta property=\"og:locale\" content=\"et_EE\" \/>\n<meta property=\"og:type\" content=\"article\" \/>\n<meta property=\"og:title\" content=\"Pokemon: Let&#039;s Go, Eevee! - Plyro EE\" \/>\n<meta property=\"og:description\" content=\"Use a throwing motion to catch Pok\u00e9mon in the wild with either one Joy-Con\u2122 controller or Pok\u00e9 Ball\u2122 Plus accessory, which will light up, vibrate, and make sounds to bring your adventure to life. Share your adventure with family or friends in 2-player action using a second Joy-Con or Pok\u00e9 Ball Plus (sold separately). You can even connect to the Pok\u00e9mon\u2122 GO app* using a compatible smartphone to bring over Pok\u00e9mon originally discovered in the Kanto region! Explore the diverse and vibrant region of Kanto! True-to-size wild Pok\u00e9mon roam around in the game, so catch them like a real Pok\u00e9mon Trainer by using motion, timing, and a well-placed Pok\u00e9 Ball\u2122. Go on a stroll with your favorite Pok\u00e9mon in your Pok\u00e9 Ball Plus! Connect your game directly to Pok\u00e9mon GO* to receive Kanto region Pok\u00e9mon.\" \/>\n<meta property=\"og:url\" content=\"https:\/\/plyro.eu\/ee\/product\/pokemon-lets-go-eevee\/\" \/>\n<meta property=\"og:site_name\" content=\"Plyro EE\" \/>\n<meta property=\"article:publisher\" content=\"https:\/\/www.facebook.com\/gamedogEE\/\" \/>\n<meta property=\"article:modified_time\" content=\"2026-03-17T19:57:19+00:00\" \/>\n<meta property=\"og:image\" content=\"https:\/\/plyro.eu\/ee\/wp-content\/uploads\/2026\/02\/pokemon-lets-go-eevee-button-fin-1542048068542-5.jpg\" \/>\n\t<meta property=\"og:image:width\" content=\"1000\" \/>\n\t<meta property=\"og:image:height\" content=\"1000\" \/>\n\t<meta property=\"og:image:type\" content=\"image\/jpeg\" \/>\n<meta name=\"twitter:card\" content=\"summary_large_image\" \/>\n<meta name=\"twitter:label1\" content=\"Est. reading time\" \/>\n\t<meta name=\"twitter:data1\" content=\"1 minut\" \/>\n<script type=\"application\/ld+json\" class=\"yoast-schema-graph\">{\"@context\":\"https:\/\/schema.org\",\"@graph\":[{\"@type\":\"WebPage\",\"@id\":\"https:\/\/plyro.eu\/ee\/product\/pokemon-lets-go-eevee\/\",\"url\":\"https:\/\/plyro.eu\/ee\/product\/pokemon-lets-go-eevee\/\",\"name\":\"Pokemon: Let's Go, Eevee! - Plyro EE\",\"isPartOf\":{\"@id\":\"https:\/\/plyro.eu\/ee\/#website\"},\"primaryImageOfPage\":{\"@id\":\"https:\/\/plyro.eu\/ee\/product\/pokemon-lets-go-eevee\/#primaryimage\"},\"image\":{\"@id\":\"https:\/\/plyro.eu\/ee\/product\/pokemon-lets-go-eevee\/#primaryimage\"},\"thumbnailUrl\":\"https:\/\/plyro.eu\/ee\/wp-content\/uploads\/2026\/02\/pokemon-lets-go-eevee-button-fin-1542048068542-5.jpg\",\"datePublished\":\"2026-02-07T12:06:26+00:00\",\"dateModified\":\"2026-03-17T19:57:19+00:00\",\"breadcrumb\":{\"@id\":\"https:\/\/plyro.eu\/ee\/product\/pokemon-lets-go-eevee\/#breadcrumb\"},\"inLanguage\":\"et\",\"potentialAction\":[{\"@type\":\"ReadAction\",\"target\":[\"https:\/\/plyro.eu\/ee\/product\/pokemon-lets-go-eevee\/\"]}]},{\"@type\":\"ImageObject\",\"inLanguage\":\"et\",\"@id\":\"https:\/\/plyro.eu\/ee\/product\/pokemon-lets-go-eevee\/#primaryimage\",\"url\":\"https:\/\/plyro.eu\/ee\/wp-content\/uploads\/2026\/02\/pokemon-lets-go-eevee-button-fin-1542048068542-5.jpg\",\"contentUrl\":\"https:\/\/plyro.eu\/ee\/wp-content\/uploads\/2026\/02\/pokemon-lets-go-eevee-button-fin-1542048068542-5.jpg\",\"width\":1000,\"height\":1000,\"caption\":\"pokemon-lets-go-eevee-button-fin-1542048068542\"},{\"@type\":\"BreadcrumbList\",\"@id\":\"https:\/\/plyro.eu\/ee\/product\/pokemon-lets-go-eevee\/#breadcrumb\",\"itemListElement\":[{\"@type\":\"ListItem\",\"position\":1,\"name\":\"Home\",\"item\":\"https:\/\/plyro.eu\/ee\/\"},{\"@type\":\"ListItem\",\"position\":2,\"name\":\"Kataloog\",\"item\":\"https:\/\/plyro.eu\/ee\/shop-2\/\"},{\"@type\":\"ListItem\",\"position\":3,\"name\":\"Pokemon: Let&#8217;s Go, Eevee!\"}]},{\"@type\":\"WebSite\",\"@id\":\"https:\/\/plyro.eu\/ee\/#website\",\"url\":\"https:\/\/plyro.eu\/ee\/\",\"name\":\"Plyro EE\",\"description\":\"\",\"publisher\":{\"@id\":\"https:\/\/plyro.eu\/ee\/#organization\"},\"potentialAction\":[{\"@type\":\"SearchAction\",\"target\":{\"@type\":\"EntryPoint\",\"urlTemplate\":\"https:\/\/plyro.eu\/ee\/?s={search_term_string}\"},\"query-input\":{\"@type\":\"PropertyValueSpecification\",\"valueRequired\":true,\"valueName\":\"search_term_string\"}}],\"inLanguage\":\"et\"},{\"@type\":\"Organization\",\"@id\":\"https:\/\/plyro.eu\/ee\/#organization\",\"name\":\"Plyro EE\",\"url\":\"https:\/\/plyro.eu\/ee\/\",\"logo\":{\"@type\":\"ImageObject\",\"inLanguage\":\"et\",\"@id\":\"https:\/\/plyro.eu\/ee\/#\/schema\/logo\/image\/\",\"url\":\"https:\/\/plyro.eu\/ee\/wp-content\/uploads\/2026\/02\/plyro_black_512_transparent-1.png\",\"contentUrl\":\"https:\/\/plyro.eu\/ee\/wp-content\/uploads\/2026\/02\/plyro_black_512_transparent-1.png\",\"width\":512,\"height\":512,\"caption\":\"Plyro EE\"},\"image\":{\"@id\":\"https:\/\/plyro.eu\/ee\/#\/schema\/logo\/image\/\"},\"sameAs\":[\"https:\/\/www.facebook.com\/gamedogEE\/\"]}]}<\/script>\n<!-- \/ Yoast SEO plugin. -->","yoast_head_json":{"title":"Pokemon: Let's Go, Eevee! - Plyro EE","robots":{"index":"index","follow":"follow","max-snippet":"max-snippet:-1","max-image-preview":"max-image-preview:large","max-video-preview":"max-video-preview:-1"},"canonical":"https:\/\/plyro.eu\/ee\/product\/pokemon-lets-go-eevee\/","og_locale":"et_EE","og_type":"article","og_title":"Pokemon: Let's Go, Eevee! - Plyro EE","og_description":"Use a throwing motion to catch Pok\u00e9mon in the wild with either one Joy-Con\u2122 controller or Pok\u00e9 Ball\u2122 Plus accessory, which will light up, vibrate, and make sounds to bring your adventure to life. Share your adventure with family or friends in 2-player action using a second Joy-Con or Pok\u00e9 Ball Plus (sold separately). You can even connect to the Pok\u00e9mon\u2122 GO app* using a compatible smartphone to bring over Pok\u00e9mon originally discovered in the Kanto region! Explore the diverse and vibrant region of Kanto! True-to-size wild Pok\u00e9mon roam around in the game, so catch them like a real Pok\u00e9mon Trainer by using motion, timing, and a well-placed Pok\u00e9 Ball\u2122. Go on a stroll with your favorite Pok\u00e9mon in your Pok\u00e9 Ball Plus! Connect your game directly to Pok\u00e9mon GO* to receive Kanto region Pok\u00e9mon.","og_url":"https:\/\/plyro.eu\/ee\/product\/pokemon-lets-go-eevee\/","og_site_name":"Plyro EE","article_publisher":"https:\/\/www.facebook.com\/gamedogEE\/","article_modified_time":"2026-03-17T19:57:19+00:00","og_image":[{"width":1000,"height":1000,"url":"https:\/\/plyro.eu\/ee\/wp-content\/uploads\/2026\/02\/pokemon-lets-go-eevee-button-fin-1542048068542-5.jpg","type":"image\/jpeg"}],"twitter_card":"summary_large_image","twitter_misc":{"Est. reading time":"1 minut"},"schema":{"@context":"https:\/\/schema.org","@graph":[{"@type":"WebPage","@id":"https:\/\/plyro.eu\/ee\/product\/pokemon-lets-go-eevee\/","url":"https:\/\/plyro.eu\/ee\/product\/pokemon-lets-go-eevee\/","name":"Pokemon: Let's Go, Eevee! - Plyro EE","isPartOf":{"@id":"https:\/\/plyro.eu\/ee\/#website"},"primaryImageOfPage":{"@id":"https:\/\/plyro.eu\/ee\/product\/pokemon-lets-go-eevee\/#primaryimage"},"image":{"@id":"https:\/\/plyro.eu\/ee\/product\/pokemon-lets-go-eevee\/#primaryimage"},"thumbnailUrl":"https:\/\/plyro.eu\/ee\/wp-content\/uploads\/2026\/02\/pokemon-lets-go-eevee-button-fin-1542048068542-5.jpg","datePublished":"2026-02-07T12:06:26+00:00","dateModified":"2026-03-17T19:57:19+00:00","breadcrumb":{"@id":"https:\/\/plyro.eu\/ee\/product\/pokemon-lets-go-eevee\/#breadcrumb"},"inLanguage":"et","potentialAction":[{"@type":"ReadAction","target":["https:\/\/plyro.eu\/ee\/product\/pokemon-lets-go-eevee\/"]}]},{"@type":"ImageObject","inLanguage":"et","@id":"https:\/\/plyro.eu\/ee\/product\/pokemon-lets-go-eevee\/#primaryimage","url":"https:\/\/plyro.eu\/ee\/wp-content\/uploads\/2026\/02\/pokemon-lets-go-eevee-button-fin-1542048068542-5.jpg","contentUrl":"https:\/\/plyro.eu\/ee\/wp-content\/uploads\/2026\/02\/pokemon-lets-go-eevee-button-fin-1542048068542-5.jpg","width":1000,"height":1000,"caption":"pokemon-lets-go-eevee-button-fin-1542048068542"},{"@type":"BreadcrumbList","@id":"https:\/\/plyro.eu\/ee\/product\/pokemon-lets-go-eevee\/#breadcrumb","itemListElement":[{"@type":"ListItem","position":1,"name":"Home","item":"https:\/\/plyro.eu\/ee\/"},{"@type":"ListItem","position":2,"name":"Kataloog","item":"https:\/\/plyro.eu\/ee\/shop-2\/"},{"@type":"ListItem","position":3,"name":"Pokemon: Let&#8217;s Go, Eevee!"}]},{"@type":"WebSite","@id":"https:\/\/plyro.eu\/ee\/#website","url":"https:\/\/plyro.eu\/ee\/","name":"Plyro EE","description":"","publisher":{"@id":"https:\/\/plyro.eu\/ee\/#organization"},"potentialAction":[{"@type":"SearchAction","target":{"@type":"EntryPoint","urlTemplate":"https:\/\/plyro.eu\/ee\/?s={search_term_string}"},"query-input":{"@type":"PropertyValueSpecification","valueRequired":true,"valueName":"search_term_string"}}],"inLanguage":"et"},{"@type":"Organization","@id":"https:\/\/plyro.eu\/ee\/#organization","name":"Plyro EE","url":"https:\/\/plyro.eu\/ee\/","logo":{"@type":"ImageObject","inLanguage":"et","@id":"https:\/\/plyro.eu\/ee\/#\/schema\/logo\/image\/","url":"https:\/\/plyro.eu\/ee\/wp-content\/uploads\/2026\/02\/plyro_black_512_transparent-1.png","contentUrl":"https:\/\/plyro.eu\/ee\/wp-content\/uploads\/2026\/02\/plyro_black_512_transparent-1.png","width":512,"height":512,"caption":"Plyro EE"},"image":{"@id":"https:\/\/plyro.eu\/ee\/#\/schema\/logo\/image\/"},"sameAs":["https:\/\/www.facebook.com\/gamedogEE\/"]}]}},"_links":{"self":[{"href":"https:\/\/plyro.eu\/ee\/wp-json\/wp\/v2\/product\/290869","targetHints":{"allow":["GET"]}}],"collection":[{"href":"https:\/\/plyro.eu\/ee\/wp-json\/wp\/v2\/product"}],"about":[{"href":"https:\/\/plyro.eu\/ee\/wp-json\/wp\/v2\/types\/product"}],"replies":[{"embeddable":true,"href":"https:\/\/plyro.eu\/ee\/wp-json\/wp\/v2\/comments?post=290869"}],"wp:featuredmedia":[{"embeddable":true,"href":"https:\/\/plyro.eu\/ee\/wp-json\/wp\/v2\/media\/290864"}],"wp:attachment":[{"href":"https:\/\/plyro.eu\/ee\/wp-json\/wp\/v2\/media?parent=290869"}],"wp:term":[{"taxonomy":"product_brand","embeddable":true,"href":"https:\/\/plyro.eu\/ee\/wp-json\/wp\/v2\/product_brand?post=290869"},{"taxonomy":"product_cat","embeddable":true,"href":"https:\/\/plyro.eu\/ee\/wp-json\/wp\/v2\/product_cat?post=290869"},{"taxonomy":"product_tag","embeddable":true,"href":"https:\/\/plyro.eu\/ee\/wp-json\/wp\/v2\/product_tag?post=290869"}],"curies":[{"name":"wp","href":"https:\/\/api.w.org\/{rel}","templated":true}]}}