{"id":282515,"date":"2026-02-07T02:47:28","date_gmt":"2026-02-07T00:47:28","guid":{"rendered":"https:\/\/plyro.eu\/ee\/product\/motherboard-mpg-b550-gaming-plus\/"},"modified":"2026-03-17T21:21:33","modified_gmt":"2026-03-17T19:21:33","slug":"motherboard-mpg-b550-gaming-plus","status":"publish","type":"product","link":"https:\/\/plyro.eu\/ee\/product\/motherboard-mpg-b550-gaming-plus\/","title":{"rendered":"Motherboard MPG B550 GAMING PLUS"},"content":{"rendered":"<h3>MSI MPG seeria emaplaatide \u00fclevaade<\/h3>\n<p>_x000D_n<\/p>\n<h4>M\u00e4ngustiil<\/h4>\n<p>_x000D_n<\/p>\n<ul>_x000D_n \t<\/p>\n<li><strong>RGB valgustus:<\/strong> T\u00e4iustatud juhtimine ja s\u00fcnkroniseerimine isikup\u00e4rastatud efektide saavutamiseks.<\/li>\n<p>_x000D_n \t<\/p>\n<li><strong>LED-riba:<\/strong> Eesmine LED-riba annab m\u00e4ngus ja reaalajas teateid.<\/li>\n<p>_x000D_n<\/ul>\n<p>_x000D_n<\/p>\n<h4><strong>Premium riistvara disain<\/strong><\/h4>\n<p>_x000D_n<\/p>\n<ul>_x000D_n \t<\/p>\n<li><strong>Kogemus<\/strong>: Ehitatud k\u00f5rgetasemeliste komponentidega usaldusv\u00e4\u00e4rsuse tagamiseks.<\/li>\n<p>_x000D_n \t<\/p>\n<li><strong>Inseneeria<\/strong>: Arendatud p\u00f5hjaliku testimise ja hindamise kaudu.<\/li>\n<p>_x000D_n<\/ul>\n<p>_x000D_n<\/p>\n<h4><strong>Termiline lahendus<\/strong><\/h4>\n<p>_x000D_n<\/p>\n<ul>_x000D_n \t<\/p>\n<li><strong>PWM jahutusradiaator<\/strong>: Tagab, et tipptasemel protsessorid t\u00f6\u00f6tavad t\u00e4iskiirusel.<\/li>\n<p>_x000D_n \t<\/p>\n<li><strong>M.2 Shield Frozr<\/strong>: Pakub SSD-dele termilist kaitset j\u00f5udluse s\u00e4ilitamiseks.<\/li>\n<p>_x000D_n<\/ul>\n<p>_x000D_n<\/p>\n<h4><strong>Kontroll ja kohandamine<\/strong><\/h4>\n<p>_x000D_n<\/p>\n<ul>_x000D_n \t<\/p>\n<li><strong>BIOS ja tarkvara<\/strong>: Halda s\u00fcsteemi ja protsessori ventilaatori kiiruseid Total Fan Controliga.<\/li>\n<p>_x000D_n \t<\/p>\n<li><strong>Vesijahutus<\/strong>: Toetab All-In-One ja kohandatud lahendusi p\u00fchendatud veepumba PIN-otsikuga.<\/li>\n<p>_x000D_n<\/ul>\n<p>_x000D_n<\/p>\n<h4><strong>V\u00f5imsus ja j\u00f5udlus<\/strong><\/h4>\n<p>_x000D_n<\/p>\n<ul>_x000D_n \t<\/p>\n<li><strong>VRM disain<\/strong>: 10 + 2 + 1 faasi digitaalne toide Core Boost tehnoloogiaga.<\/li>\n<p>_x000D_n \t<\/p>\n<li><strong>\u00dclekiirendamine<\/strong>: Omadused Game Boost \u00fche sekundi \u00fclekiirendamiseks ja Load-Line Calibration stabiilse CPU pinge tagamiseks.<\/li>\n<p>_x000D_n<\/ul>\n<p>_x000D_n<\/p>\n<h4><strong>Kaitse ja vastupidavus<\/strong><\/h4>\n<p>_x000D_n<\/p>\n<ul>_x000D_n \t<\/p>\n<li><strong>IO varjestus<\/strong>: Eelpaigaldatud varjestus kaitseb IO porte.<\/li>\n<p>_x000D_n \t<\/p>\n<li><strong>PCI-E terasest Armor<\/strong>: Kinnitub pesadesse, et toetada raskeid graafikakaarte.<\/li>\n<p>_x000D_n \t<\/p>\n<li><strong>\u00dclim kaitse<\/strong>: Topelt ESD kaitse hoiab \u00e4ra staatilise elektri kahjustused.<\/li>\n<p>_x000D_n<\/ul>\n<p>_x000D_n<\/p>\n<h4><strong>Parendatud j\u00f5udlus<\/strong><\/h4>\n<p>_x000D_n<\/p>\n<ul>_x000D_n \t<\/p>\n<li><strong>Lightning Gen 4 M.2<\/strong>: Kiireim pardasalvestuslahendus kuni 64 Gb\/s \u00fclekandekiirusega.<\/li>\n<p>_x000D_n \t<\/p>\n<li><strong>DDR j\u00f5udlus<\/strong>: Parendatud \u00fclekiirendamine ja stabiilsus A-XMP profiilidega.<\/li>\n<p>_x000D_n<\/ul>\n<p>_x000D_n<\/p>\n<h4><strong>Tarkvara ja kasutajakogemus<\/strong><\/h4>\n<p>_x000D_n<\/p>\n<ul>_x000D_n \t<\/p>\n<li><strong>Dragon Center<\/strong>: Keskne juhtimine edasij\u00f5udnud emaplaadi funktsioonide jaoks.<\/li>\n<p>_x000D_n \t<\/p>\n<li><strong>Click BIOS 5<\/strong>: Kasutajas\u00f5bralik BIOS j\u00f5udluse h\u00e4\u00e4lestamiseks.<\/li>\n<p>_x000D_n<\/ul>\n<p>_x000D_n<\/p>\n<h4><strong>\u00dchenduvus ja heli<\/strong><\/h4>\n<p>_x000D_n<\/p>\n<ul>_x000D_n \t<\/p>\n<li><strong>USB 3.2 Gen 2<\/strong>: Kiired \u00fclekandekiirused koos Type-A ja Type-C valikutega.<\/li>\n<p>_x000D_n \t<\/p>\n<li><strong>K\u00f5rglahutusega heli<\/strong>: T\u00e4iustatud helikvaliteet isoleeritud helidisaini ja k\u00f5rgekvaliteediliste komponentidega.<\/li>\n<p>_x000D_n<\/ul>\n<p>_x000D_n<\/p>\n<h4><strong>Mystic Light<\/strong><\/h4>\n<p>_x000D_n<\/p>\n<ul>_x000D_n \t<\/p>\n<li><strong>RGB valgustus<\/strong>: Kohanda 16,8 miljoni v\u00e4rvi ja 29 LED-efektiga.<\/li>\n<p>_x000D_n \t<\/p>\n<li><strong>Mystic Light laiendus<\/strong>: T\u00e4iendavad LED-ribad edasiseks kohandamiseks.<\/li>\n<p>_x000D_n<\/ul>\n","protected":false},"excerpt":{"rendered":"<ul>_x000D_n \t<\/p>\n<li>\u00dchildub kolmanda p\u00f5lvkonna AMD Ryzen 9, Ryzen 7 ja Ryzen 5 AM4 protsessoritega.<\/li>\n<p>_x000D_n \t<\/p>\n<li>PCIe ja M.2 Lightning Gen4 tippkiirusega andmeedastuseks<\/li>\n<p>_x000D_n \t<\/p>\n<li>Optimeeritud energiatarbimise disain koos Core Boost ja DDR4 boostiga<\/li>\n<p>_x000D_n \t<\/p>\n<li>Kvaliteetne v\u00f5imsusdisain koos Core Boosti ja DDR4 boostiga<\/li>\n<p>_x000D_n \t<\/p>\n<li>Eelnevalt paigaldatud I\/O-paneel h\u00e4irete eest kaitsmiseks ja paigaldamise suuremaks lihtsuseks<\/li>\n<p>_x000D_n \t<\/p>\n<li>\u00dchildub kolmanda p\u00f5lvkonna AM4 protsessoritega. Varustatud Lightning M.2 Gen 4, PCIe 4.0 ja USB 3.2 Gen 2.<\/li>\n<p>_x000D_n \t<\/p>\n<li>Isikup\u00e4rastage ja muutke s\u00fcsteemi v\u00e4rvi Mystic Lightiga.<\/li>\n<p>_x000D_n<\/ul>\n","protected":false},"featured_media":282482,"comment_status":"open","ping_status":"closed","template":"","meta":{"_acf_changed":false,"inline_featured_image":false},"product_brand":[],"product_cat":[1407],"product_tag":[],"class_list":{"0":"post-282515","1":"product","2":"type-product","3":"status-publish","4":"has-post-thumbnail","6":"product_cat-motherboards","7":"out-of-stock","9":"first","10":"outofstock","11":"taxable","12":"shipping-taxable","13":"purchasable","14":"product-type-simple"},"acf":[],"yoast_head":"<!-- This site is optimized with the Yoast SEO plugin v24.9 - https:\/\/yoast.com\/wordpress\/plugins\/seo\/ -->\n<title>Motherboard MPG B550 GAMING PLUS - Plyro EE<\/title>\n<meta name=\"robots\" content=\"index, follow, max-snippet:-1, max-image-preview:large, max-video-preview:-1\" \/>\n<link rel=\"canonical\" href=\"https:\/\/plyro.eu\/ee\/product\/motherboard-mpg-b550-gaming-plus\/\" \/>\n<meta property=\"og:locale\" content=\"et_EE\" \/>\n<meta property=\"og:type\" content=\"article\" \/>\n<meta property=\"og:title\" content=\"Motherboard MPG B550 GAMING PLUS - Plyro EE\" \/>\n<meta property=\"og:description\" content=\"_x000D_n \u00dchildub kolmanda p\u00f5lvkonna AMD Ryzen 9, Ryzen 7 ja Ryzen 5 AM4 protsessoritega._x000D_n PCIe ja M.2 Lightning Gen4 tippkiirusega andmeedastuseks_x000D_n Optimeeritud energiatarbimise disain koos Core Boost ja DDR4 boostiga_x000D_n Kvaliteetne v\u00f5imsusdisain koos Core Boosti ja DDR4 boostiga_x000D_n Eelnevalt paigaldatud I\/O-paneel h\u00e4irete eest kaitsmiseks ja paigaldamise suuremaks lihtsuseks_x000D_n \u00dchildub kolmanda p\u00f5lvkonna AM4 protsessoritega. Varustatud Lightning M.2 Gen 4, PCIe 4.0 ja USB 3.2 Gen 2._x000D_n Isikup\u00e4rastage ja muutke s\u00fcsteemi v\u00e4rvi Mystic Lightiga._x000D_n\" \/>\n<meta property=\"og:url\" content=\"https:\/\/plyro.eu\/ee\/product\/motherboard-mpg-b550-gaming-plus\/\" \/>\n<meta property=\"og:site_name\" content=\"Plyro EE\" \/>\n<meta property=\"article:publisher\" content=\"https:\/\/www.facebook.com\/gamedogEE\/\" \/>\n<meta property=\"article:modified_time\" content=\"2026-03-17T19:21:33+00:00\" \/>\n<meta property=\"og:image\" content=\"https:\/\/plyro.eu\/ee\/wp-content\/uploads\/2026\/02\/msi-mpg-b550-gaming-plus-atsiliepimai-reference-5.jpg\" \/>\n\t<meta property=\"og:image:width\" content=\"918\" \/>\n\t<meta property=\"og:image:height\" content=\"658\" \/>\n\t<meta property=\"og:image:type\" content=\"image\/jpeg\" \/>\n<meta name=\"twitter:card\" content=\"summary_large_image\" \/>\n<meta name=\"twitter:label1\" content=\"Est. reading time\" \/>\n\t<meta name=\"twitter:data1\" content=\"2 minutit\" \/>\n<script type=\"application\/ld+json\" class=\"yoast-schema-graph\">{\"@context\":\"https:\/\/schema.org\",\"@graph\":[{\"@type\":\"WebPage\",\"@id\":\"https:\/\/plyro.eu\/ee\/product\/motherboard-mpg-b550-gaming-plus\/\",\"url\":\"https:\/\/plyro.eu\/ee\/product\/motherboard-mpg-b550-gaming-plus\/\",\"name\":\"Motherboard MPG B550 GAMING PLUS - Plyro EE\",\"isPartOf\":{\"@id\":\"https:\/\/plyro.eu\/ee\/#website\"},\"primaryImageOfPage\":{\"@id\":\"https:\/\/plyro.eu\/ee\/product\/motherboard-mpg-b550-gaming-plus\/#primaryimage\"},\"image\":{\"@id\":\"https:\/\/plyro.eu\/ee\/product\/motherboard-mpg-b550-gaming-plus\/#primaryimage\"},\"thumbnailUrl\":\"https:\/\/plyro.eu\/ee\/wp-content\/uploads\/2026\/02\/msi-mpg-b550-gaming-plus-atsiliepimai-reference-5.jpg\",\"datePublished\":\"2026-02-07T00:47:28+00:00\",\"dateModified\":\"2026-03-17T19:21:33+00:00\",\"breadcrumb\":{\"@id\":\"https:\/\/plyro.eu\/ee\/product\/motherboard-mpg-b550-gaming-plus\/#breadcrumb\"},\"inLanguage\":\"et\",\"potentialAction\":[{\"@type\":\"ReadAction\",\"target\":[\"https:\/\/plyro.eu\/ee\/product\/motherboard-mpg-b550-gaming-plus\/\"]}]},{\"@type\":\"ImageObject\",\"inLanguage\":\"et\",\"@id\":\"https:\/\/plyro.eu\/ee\/product\/motherboard-mpg-b550-gaming-plus\/#primaryimage\",\"url\":\"https:\/\/plyro.eu\/ee\/wp-content\/uploads\/2026\/02\/msi-mpg-b550-gaming-plus-atsiliepimai-reference-5.jpg\",\"contentUrl\":\"https:\/\/plyro.eu\/ee\/wp-content\/uploads\/2026\/02\/msi-mpg-b550-gaming-plus-atsiliepimai-reference-5.jpg\",\"width\":918,\"height\":658,\"caption\":\"msi-mpg-b550-gaming-plus-atsiliepimai-reference\"},{\"@type\":\"BreadcrumbList\",\"@id\":\"https:\/\/plyro.eu\/ee\/product\/motherboard-mpg-b550-gaming-plus\/#breadcrumb\",\"itemListElement\":[{\"@type\":\"ListItem\",\"position\":1,\"name\":\"Home\",\"item\":\"https:\/\/plyro.eu\/ee\/\"},{\"@type\":\"ListItem\",\"position\":2,\"name\":\"Kataloog\",\"item\":\"https:\/\/plyro.eu\/ee\/shop-2\/\"},{\"@type\":\"ListItem\",\"position\":3,\"name\":\"Motherboard MPG B550 GAMING PLUS\"}]},{\"@type\":\"WebSite\",\"@id\":\"https:\/\/plyro.eu\/ee\/#website\",\"url\":\"https:\/\/plyro.eu\/ee\/\",\"name\":\"Plyro EE\",\"description\":\"\",\"publisher\":{\"@id\":\"https:\/\/plyro.eu\/ee\/#organization\"},\"potentialAction\":[{\"@type\":\"SearchAction\",\"target\":{\"@type\":\"EntryPoint\",\"urlTemplate\":\"https:\/\/plyro.eu\/ee\/?s={search_term_string}\"},\"query-input\":{\"@type\":\"PropertyValueSpecification\",\"valueRequired\":true,\"valueName\":\"search_term_string\"}}],\"inLanguage\":\"et\"},{\"@type\":\"Organization\",\"@id\":\"https:\/\/plyro.eu\/ee\/#organization\",\"name\":\"Plyro EE\",\"url\":\"https:\/\/plyro.eu\/ee\/\",\"logo\":{\"@type\":\"ImageObject\",\"inLanguage\":\"et\",\"@id\":\"https:\/\/plyro.eu\/ee\/#\/schema\/logo\/image\/\",\"url\":\"https:\/\/plyro.eu\/ee\/wp-content\/uploads\/2026\/02\/plyro_black_512_transparent-1.png\",\"contentUrl\":\"https:\/\/plyro.eu\/ee\/wp-content\/uploads\/2026\/02\/plyro_black_512_transparent-1.png\",\"width\":512,\"height\":512,\"caption\":\"Plyro EE\"},\"image\":{\"@id\":\"https:\/\/plyro.eu\/ee\/#\/schema\/logo\/image\/\"},\"sameAs\":[\"https:\/\/www.facebook.com\/gamedogEE\/\"]}]}<\/script>\n<!-- \/ Yoast SEO plugin. -->","yoast_head_json":{"title":"Motherboard MPG B550 GAMING PLUS - Plyro EE","robots":{"index":"index","follow":"follow","max-snippet":"max-snippet:-1","max-image-preview":"max-image-preview:large","max-video-preview":"max-video-preview:-1"},"canonical":"https:\/\/plyro.eu\/ee\/product\/motherboard-mpg-b550-gaming-plus\/","og_locale":"et_EE","og_type":"article","og_title":"Motherboard MPG B550 GAMING PLUS - Plyro EE","og_description":"_x000D_n \u00dchildub kolmanda p\u00f5lvkonna AMD Ryzen 9, Ryzen 7 ja Ryzen 5 AM4 protsessoritega._x000D_n PCIe ja M.2 Lightning Gen4 tippkiirusega andmeedastuseks_x000D_n Optimeeritud energiatarbimise disain koos Core Boost ja DDR4 boostiga_x000D_n Kvaliteetne v\u00f5imsusdisain koos Core Boosti ja DDR4 boostiga_x000D_n Eelnevalt paigaldatud I\/O-paneel h\u00e4irete eest kaitsmiseks ja paigaldamise suuremaks lihtsuseks_x000D_n \u00dchildub kolmanda p\u00f5lvkonna AM4 protsessoritega. Varustatud Lightning M.2 Gen 4, PCIe 4.0 ja USB 3.2 Gen 2._x000D_n Isikup\u00e4rastage ja muutke s\u00fcsteemi v\u00e4rvi Mystic Lightiga._x000D_n","og_url":"https:\/\/plyro.eu\/ee\/product\/motherboard-mpg-b550-gaming-plus\/","og_site_name":"Plyro EE","article_publisher":"https:\/\/www.facebook.com\/gamedogEE\/","article_modified_time":"2026-03-17T19:21:33+00:00","og_image":[{"width":918,"height":658,"url":"https:\/\/plyro.eu\/ee\/wp-content\/uploads\/2026\/02\/msi-mpg-b550-gaming-plus-atsiliepimai-reference-5.jpg","type":"image\/jpeg"}],"twitter_card":"summary_large_image","twitter_misc":{"Est. reading time":"2 minutit"},"schema":{"@context":"https:\/\/schema.org","@graph":[{"@type":"WebPage","@id":"https:\/\/plyro.eu\/ee\/product\/motherboard-mpg-b550-gaming-plus\/","url":"https:\/\/plyro.eu\/ee\/product\/motherboard-mpg-b550-gaming-plus\/","name":"Motherboard MPG B550 GAMING PLUS - Plyro EE","isPartOf":{"@id":"https:\/\/plyro.eu\/ee\/#website"},"primaryImageOfPage":{"@id":"https:\/\/plyro.eu\/ee\/product\/motherboard-mpg-b550-gaming-plus\/#primaryimage"},"image":{"@id":"https:\/\/plyro.eu\/ee\/product\/motherboard-mpg-b550-gaming-plus\/#primaryimage"},"thumbnailUrl":"https:\/\/plyro.eu\/ee\/wp-content\/uploads\/2026\/02\/msi-mpg-b550-gaming-plus-atsiliepimai-reference-5.jpg","datePublished":"2026-02-07T00:47:28+00:00","dateModified":"2026-03-17T19:21:33+00:00","breadcrumb":{"@id":"https:\/\/plyro.eu\/ee\/product\/motherboard-mpg-b550-gaming-plus\/#breadcrumb"},"inLanguage":"et","potentialAction":[{"@type":"ReadAction","target":["https:\/\/plyro.eu\/ee\/product\/motherboard-mpg-b550-gaming-plus\/"]}]},{"@type":"ImageObject","inLanguage":"et","@id":"https:\/\/plyro.eu\/ee\/product\/motherboard-mpg-b550-gaming-plus\/#primaryimage","url":"https:\/\/plyro.eu\/ee\/wp-content\/uploads\/2026\/02\/msi-mpg-b550-gaming-plus-atsiliepimai-reference-5.jpg","contentUrl":"https:\/\/plyro.eu\/ee\/wp-content\/uploads\/2026\/02\/msi-mpg-b550-gaming-plus-atsiliepimai-reference-5.jpg","width":918,"height":658,"caption":"msi-mpg-b550-gaming-plus-atsiliepimai-reference"},{"@type":"BreadcrumbList","@id":"https:\/\/plyro.eu\/ee\/product\/motherboard-mpg-b550-gaming-plus\/#breadcrumb","itemListElement":[{"@type":"ListItem","position":1,"name":"Home","item":"https:\/\/plyro.eu\/ee\/"},{"@type":"ListItem","position":2,"name":"Kataloog","item":"https:\/\/plyro.eu\/ee\/shop-2\/"},{"@type":"ListItem","position":3,"name":"Motherboard MPG B550 GAMING PLUS"}]},{"@type":"WebSite","@id":"https:\/\/plyro.eu\/ee\/#website","url":"https:\/\/plyro.eu\/ee\/","name":"Plyro EE","description":"","publisher":{"@id":"https:\/\/plyro.eu\/ee\/#organization"},"potentialAction":[{"@type":"SearchAction","target":{"@type":"EntryPoint","urlTemplate":"https:\/\/plyro.eu\/ee\/?s={search_term_string}"},"query-input":{"@type":"PropertyValueSpecification","valueRequired":true,"valueName":"search_term_string"}}],"inLanguage":"et"},{"@type":"Organization","@id":"https:\/\/plyro.eu\/ee\/#organization","name":"Plyro EE","url":"https:\/\/plyro.eu\/ee\/","logo":{"@type":"ImageObject","inLanguage":"et","@id":"https:\/\/plyro.eu\/ee\/#\/schema\/logo\/image\/","url":"https:\/\/plyro.eu\/ee\/wp-content\/uploads\/2026\/02\/plyro_black_512_transparent-1.png","contentUrl":"https:\/\/plyro.eu\/ee\/wp-content\/uploads\/2026\/02\/plyro_black_512_transparent-1.png","width":512,"height":512,"caption":"Plyro EE"},"image":{"@id":"https:\/\/plyro.eu\/ee\/#\/schema\/logo\/image\/"},"sameAs":["https:\/\/www.facebook.com\/gamedogEE\/"]}]}},"_links":{"self":[{"href":"https:\/\/plyro.eu\/ee\/wp-json\/wp\/v2\/product\/282515","targetHints":{"allow":["GET"]}}],"collection":[{"href":"https:\/\/plyro.eu\/ee\/wp-json\/wp\/v2\/product"}],"about":[{"href":"https:\/\/plyro.eu\/ee\/wp-json\/wp\/v2\/types\/product"}],"replies":[{"embeddable":true,"href":"https:\/\/plyro.eu\/ee\/wp-json\/wp\/v2\/comments?post=282515"}],"wp:featuredmedia":[{"embeddable":true,"href":"https:\/\/plyro.eu\/ee\/wp-json\/wp\/v2\/media\/282482"}],"wp:attachment":[{"href":"https:\/\/plyro.eu\/ee\/wp-json\/wp\/v2\/media?parent=282515"}],"wp:term":[{"taxonomy":"product_brand","embeddable":true,"href":"https:\/\/plyro.eu\/ee\/wp-json\/wp\/v2\/product_brand?post=282515"},{"taxonomy":"product_cat","embeddable":true,"href":"https:\/\/plyro.eu\/ee\/wp-json\/wp\/v2\/product_cat?post=282515"},{"taxonomy":"product_tag","embeddable":true,"href":"https:\/\/plyro.eu\/ee\/wp-json\/wp\/v2\/product_tag?post=282515"}],"curies":[{"name":"wp","href":"https:\/\/api.w.org\/{rel}","templated":true}]}}