{"id":281367,"date":"2026-02-07T01:32:03","date_gmt":"2026-02-06T23:32:03","guid":{"rendered":"https:\/\/plyro.eu\/ee\/product\/webcam-logitech-c920-hd-pro\/"},"modified":"2026-04-15T02:00:13","modified_gmt":"2026-04-15T00:00:13","slug":"webcam-logitech-c920-hd-pro","status":"publish","type":"product","link":"https:\/\/plyro.eu\/ee\/product\/webcam-logitech-c920-hd-pro\/","title":{"rendered":"Webcam Logitech C920 HD Pro"},"content":{"rendered":"<h4>VIDEOK\u00d5NED T\u00c4IS-HD SELGUSES<\/h4>\n<p>_x000D_nC920 pakub m\u00e4rkimisv\u00e4\u00e4rselt teravat ja \u00fcksikasjalikku Full HD-videot (1080p kiirusega 30 kaadrit sekundis) t\u00e4is-HD klaasobjektiivi, 78\u00b0 vaatev\u00e4lja ja HD automaatse valguse korrigeerimisega \u2013 pluss selge stereoheli jaoks kaks mikrofoni. K\u00f5ik, mida vajate, et konverentsk\u00f5nedes suurep\u00e4rane v\u00e4lja n\u00e4ha ja poleeritud demosid salvestada._x000D_n<\/p>\n<h4>SUURED VIDEOK\u00d5NED. ISEGI KODUS.<\/h4>\n<p>_x000D_nJ\u00e4ta oma videokonverentsk\u00f5nedes muljet diagonaalse, fikseeritud 78\u00b0 vaatev\u00e4ljaga, et kaadrisse t\u00e4iuslikult ennast ja ruumi \u2013 lisaks t\u00e4is-HD 1080p\/30fps v\u00f5i 720p\/30fps. Viie elemendiga klaasobjektiiv j\u00e4\u00e4dvustab \u017eiletiteravaid pilte ja selgeid v\u00e4rve, samas kui autofookus reguleerib sujuvalt ja t\u00e4pselt \u00fchtse eraldusv\u00f5ime ja sujuva video jaoks._x000D_n<\/p>\n<h4>DUAL-MIC STEREOAUDIO<\/h4>\n<p>_x000D_nKaks mikrofoni, \u00fcks m\u00f5lemal pool kaamerat, j\u00e4\u00e4dvustavad realistlikumat heli laiema nurga alt \u2013 nii et teie h\u00e4\u00e4l k\u00f5lab konverentsk\u00f5nedes loomuliku ja selgena._x000D_n<\/p>\n<h4>K\u00d5IK-\u00dcHES SISU LOOMINE P\u00d6\u00d6RDAMISEGA<\/h4>\n<p>_x000D_nLooge, salvestage ja kohandage s\u00e4tteid h\u00f5lpsalt meie Capture rakendusega. Funktsioonide komplekt v\u00f5imaldab teil oma voogu t\u00e4ielikult redigeerida ja kohandada, et saaksite lisada \u00fcleminekuid ja teksti\u00fclekatteid, kohandada veebikaamera s\u00e4tteid ja palju muud._x000D_n<\/p>\n<h4>OPTIMAALNE VALGUS<\/h4>\n<p>_x000D_nAutomaatse HD-valguse korrigeerimisega varustatud C920 kasutab Logitechi RightLightTM 2 tehnoloogiat, et kohaneda teie valgustingimustega, luues eredaid ja kontrastseid pilte isegi h\u00e4maras._x000D_n<\/p>\n<h4>FULL HD KLAASI L\u00c4\u00c4S<\/h4>\n<p>_x000D_nT\u00e4is-HD viieelemendiline klaasobjektiiv ja esmaklassiline autofookus j\u00e4\u00e4dvustavad teravaid ja selgeid pilte, reguleerides sujuvalt ja t\u00e4pselt, et pakkuda konverentsk\u00f5nedes \u00fchtlast k\u00f5rglahutust.<\/p>\n","protected":false},"excerpt":{"rendered":"<p>Logitechi veebikaamera C920S PRO on suure eraldusv\u00f5imega veebikaamera, mis sobib ideaalselt konverentside pidamiseks ja demonstratsioonide salvestamiseks. Full HD klaasobjektiivi ja 78-kraadise vaatenurgaga videokaamera j\u00e4\u00e4dvustab teravaid ja \u00fcksikasjalikke videoid 1080p resolutsiooniga 30 kaadrit sekundis. Lisaks on sellel kaks mikrofoni selge stereoheli jaoks ja kinnitatav objektiivi kate, mis kaitseb objektiivi ja teie privaatsust.<\/p>\n","protected":false},"featured_media":281340,"comment_status":"open","ping_status":"closed","template":"","meta":{"_acf_changed":false,"inline_featured_image":false},"product_brand":[],"product_cat":[1410],"product_tag":[],"class_list":{"0":"post-281367","1":"product","2":"type-product","3":"status-publish","4":"has-post-thumbnail","6":"product_cat-webcams","7":"out-of-stock","9":"first","10":"outofstock","11":"taxable","12":"shipping-taxable","13":"purchasable","14":"product-type-simple"},"acf":[],"yoast_head":"<!-- This site is optimized with the Yoast SEO plugin v24.9 - https:\/\/yoast.com\/wordpress\/plugins\/seo\/ -->\n<title>Webcam Logitech C920 HD Pro - Plyro EE<\/title>\n<meta name=\"robots\" content=\"index, follow, max-snippet:-1, max-image-preview:large, max-video-preview:-1\" \/>\n<link rel=\"canonical\" href=\"https:\/\/plyro.eu\/ee\/product\/webcam-logitech-c920-hd-pro\/\" \/>\n<meta property=\"og:locale\" content=\"et_EE\" \/>\n<meta property=\"og:type\" content=\"article\" \/>\n<meta property=\"og:title\" content=\"Webcam Logitech C920 HD Pro - Plyro EE\" \/>\n<meta property=\"og:description\" content=\"Logitechi veebikaamera C920S PRO on suure eraldusv\u00f5imega veebikaamera, mis sobib ideaalselt konverentside pidamiseks ja demonstratsioonide salvestamiseks. Full HD klaasobjektiivi ja 78-kraadise vaatenurgaga videokaamera j\u00e4\u00e4dvustab teravaid ja \u00fcksikasjalikke videoid 1080p resolutsiooniga 30 kaadrit sekundis. Lisaks on sellel kaks mikrofoni selge stereoheli jaoks ja kinnitatav objektiivi kate, mis kaitseb objektiivi ja teie privaatsust.\" \/>\n<meta property=\"og:url\" content=\"https:\/\/plyro.eu\/ee\/product\/webcam-logitech-c920-hd-pro\/\" \/>\n<meta property=\"og:site_name\" content=\"Plyro EE\" \/>\n<meta property=\"article:publisher\" content=\"https:\/\/www.facebook.com\/gamedogEE\/\" \/>\n<meta property=\"article:modified_time\" content=\"2026-04-15T00:00:13+00:00\" \/>\n<meta property=\"og:image\" content=\"https:\/\/plyro.eu\/ee\/wp-content\/uploads\/2026\/02\/Kamera-internetowa-Logitech-HD-Pro-C920-Model-C920-HD-Pro-2.jpg\" \/>\n\t<meta property=\"og:image:width\" content=\"917\" \/>\n\t<meta property=\"og:image:height\" content=\"999\" \/>\n\t<meta property=\"og:image:type\" content=\"image\/jpeg\" \/>\n<meta name=\"twitter:card\" content=\"summary_large_image\" \/>\n<meta name=\"twitter:label1\" content=\"Est. reading time\" \/>\n\t<meta name=\"twitter:data1\" content=\"1 minut\" \/>\n<script type=\"application\/ld+json\" class=\"yoast-schema-graph\">{\"@context\":\"https:\/\/schema.org\",\"@graph\":[{\"@type\":\"WebPage\",\"@id\":\"https:\/\/plyro.eu\/ee\/product\/webcam-logitech-c920-hd-pro\/\",\"url\":\"https:\/\/plyro.eu\/ee\/product\/webcam-logitech-c920-hd-pro\/\",\"name\":\"Webcam Logitech C920 HD Pro - Plyro EE\",\"isPartOf\":{\"@id\":\"https:\/\/plyro.eu\/ee\/#website\"},\"primaryImageOfPage\":{\"@id\":\"https:\/\/plyro.eu\/ee\/product\/webcam-logitech-c920-hd-pro\/#primaryimage\"},\"image\":{\"@id\":\"https:\/\/plyro.eu\/ee\/product\/webcam-logitech-c920-hd-pro\/#primaryimage\"},\"thumbnailUrl\":\"https:\/\/plyro.eu\/ee\/wp-content\/uploads\/2026\/02\/Kamera-internetowa-Logitech-HD-Pro-C920-Model-C920-HD-Pro-2.jpg\",\"datePublished\":\"2026-02-06T23:32:03+00:00\",\"dateModified\":\"2026-04-15T00:00:13+00:00\",\"breadcrumb\":{\"@id\":\"https:\/\/plyro.eu\/ee\/product\/webcam-logitech-c920-hd-pro\/#breadcrumb\"},\"inLanguage\":\"et\",\"potentialAction\":[{\"@type\":\"ReadAction\",\"target\":[\"https:\/\/plyro.eu\/ee\/product\/webcam-logitech-c920-hd-pro\/\"]}]},{\"@type\":\"ImageObject\",\"inLanguage\":\"et\",\"@id\":\"https:\/\/plyro.eu\/ee\/product\/webcam-logitech-c920-hd-pro\/#primaryimage\",\"url\":\"https:\/\/plyro.eu\/ee\/wp-content\/uploads\/2026\/02\/Kamera-internetowa-Logitech-HD-Pro-C920-Model-C920-HD-Pro-2.jpg\",\"contentUrl\":\"https:\/\/plyro.eu\/ee\/wp-content\/uploads\/2026\/02\/Kamera-internetowa-Logitech-HD-Pro-C920-Model-C920-HD-Pro-2.jpg\",\"width\":917,\"height\":999,\"caption\":\"Kamera-internetowa-Logitech-HD-Pro-C920-Model-C920-HD-Pro\"},{\"@type\":\"BreadcrumbList\",\"@id\":\"https:\/\/plyro.eu\/ee\/product\/webcam-logitech-c920-hd-pro\/#breadcrumb\",\"itemListElement\":[{\"@type\":\"ListItem\",\"position\":1,\"name\":\"Home\",\"item\":\"https:\/\/plyro.eu\/ee\/\"},{\"@type\":\"ListItem\",\"position\":2,\"name\":\"Kataloog\",\"item\":\"https:\/\/plyro.eu\/ee\/shop-2\/\"},{\"@type\":\"ListItem\",\"position\":3,\"name\":\"Webcam Logitech C920 HD Pro\"}]},{\"@type\":\"WebSite\",\"@id\":\"https:\/\/plyro.eu\/ee\/#website\",\"url\":\"https:\/\/plyro.eu\/ee\/\",\"name\":\"Plyro EE\",\"description\":\"\",\"publisher\":{\"@id\":\"https:\/\/plyro.eu\/ee\/#organization\"},\"potentialAction\":[{\"@type\":\"SearchAction\",\"target\":{\"@type\":\"EntryPoint\",\"urlTemplate\":\"https:\/\/plyro.eu\/ee\/?s={search_term_string}\"},\"query-input\":{\"@type\":\"PropertyValueSpecification\",\"valueRequired\":true,\"valueName\":\"search_term_string\"}}],\"inLanguage\":\"et\"},{\"@type\":\"Organization\",\"@id\":\"https:\/\/plyro.eu\/ee\/#organization\",\"name\":\"Plyro EE\",\"url\":\"https:\/\/plyro.eu\/ee\/\",\"logo\":{\"@type\":\"ImageObject\",\"inLanguage\":\"et\",\"@id\":\"https:\/\/plyro.eu\/ee\/#\/schema\/logo\/image\/\",\"url\":\"https:\/\/plyro.eu\/ee\/wp-content\/uploads\/2026\/02\/plyro_black_512_transparent-1.png\",\"contentUrl\":\"https:\/\/plyro.eu\/ee\/wp-content\/uploads\/2026\/02\/plyro_black_512_transparent-1.png\",\"width\":512,\"height\":512,\"caption\":\"Plyro EE\"},\"image\":{\"@id\":\"https:\/\/plyro.eu\/ee\/#\/schema\/logo\/image\/\"},\"sameAs\":[\"https:\/\/www.facebook.com\/gamedogEE\/\"]}]}<\/script>\n<!-- \/ Yoast SEO plugin. -->","yoast_head_json":{"title":"Webcam Logitech C920 HD Pro - Plyro EE","robots":{"index":"index","follow":"follow","max-snippet":"max-snippet:-1","max-image-preview":"max-image-preview:large","max-video-preview":"max-video-preview:-1"},"canonical":"https:\/\/plyro.eu\/ee\/product\/webcam-logitech-c920-hd-pro\/","og_locale":"et_EE","og_type":"article","og_title":"Webcam Logitech C920 HD Pro - Plyro EE","og_description":"Logitechi veebikaamera C920S PRO on suure eraldusv\u00f5imega veebikaamera, mis sobib ideaalselt konverentside pidamiseks ja demonstratsioonide salvestamiseks. Full HD klaasobjektiivi ja 78-kraadise vaatenurgaga videokaamera j\u00e4\u00e4dvustab teravaid ja \u00fcksikasjalikke videoid 1080p resolutsiooniga 30 kaadrit sekundis. Lisaks on sellel kaks mikrofoni selge stereoheli jaoks ja kinnitatav objektiivi kate, mis kaitseb objektiivi ja teie privaatsust.","og_url":"https:\/\/plyro.eu\/ee\/product\/webcam-logitech-c920-hd-pro\/","og_site_name":"Plyro EE","article_publisher":"https:\/\/www.facebook.com\/gamedogEE\/","article_modified_time":"2026-04-15T00:00:13+00:00","og_image":[{"width":917,"height":999,"url":"https:\/\/plyro.eu\/ee\/wp-content\/uploads\/2026\/02\/Kamera-internetowa-Logitech-HD-Pro-C920-Model-C920-HD-Pro-2.jpg","type":"image\/jpeg"}],"twitter_card":"summary_large_image","twitter_misc":{"Est. reading time":"1 minut"},"schema":{"@context":"https:\/\/schema.org","@graph":[{"@type":"WebPage","@id":"https:\/\/plyro.eu\/ee\/product\/webcam-logitech-c920-hd-pro\/","url":"https:\/\/plyro.eu\/ee\/product\/webcam-logitech-c920-hd-pro\/","name":"Webcam Logitech C920 HD Pro - Plyro EE","isPartOf":{"@id":"https:\/\/plyro.eu\/ee\/#website"},"primaryImageOfPage":{"@id":"https:\/\/plyro.eu\/ee\/product\/webcam-logitech-c920-hd-pro\/#primaryimage"},"image":{"@id":"https:\/\/plyro.eu\/ee\/product\/webcam-logitech-c920-hd-pro\/#primaryimage"},"thumbnailUrl":"https:\/\/plyro.eu\/ee\/wp-content\/uploads\/2026\/02\/Kamera-internetowa-Logitech-HD-Pro-C920-Model-C920-HD-Pro-2.jpg","datePublished":"2026-02-06T23:32:03+00:00","dateModified":"2026-04-15T00:00:13+00:00","breadcrumb":{"@id":"https:\/\/plyro.eu\/ee\/product\/webcam-logitech-c920-hd-pro\/#breadcrumb"},"inLanguage":"et","potentialAction":[{"@type":"ReadAction","target":["https:\/\/plyro.eu\/ee\/product\/webcam-logitech-c920-hd-pro\/"]}]},{"@type":"ImageObject","inLanguage":"et","@id":"https:\/\/plyro.eu\/ee\/product\/webcam-logitech-c920-hd-pro\/#primaryimage","url":"https:\/\/plyro.eu\/ee\/wp-content\/uploads\/2026\/02\/Kamera-internetowa-Logitech-HD-Pro-C920-Model-C920-HD-Pro-2.jpg","contentUrl":"https:\/\/plyro.eu\/ee\/wp-content\/uploads\/2026\/02\/Kamera-internetowa-Logitech-HD-Pro-C920-Model-C920-HD-Pro-2.jpg","width":917,"height":999,"caption":"Kamera-internetowa-Logitech-HD-Pro-C920-Model-C920-HD-Pro"},{"@type":"BreadcrumbList","@id":"https:\/\/plyro.eu\/ee\/product\/webcam-logitech-c920-hd-pro\/#breadcrumb","itemListElement":[{"@type":"ListItem","position":1,"name":"Home","item":"https:\/\/plyro.eu\/ee\/"},{"@type":"ListItem","position":2,"name":"Kataloog","item":"https:\/\/plyro.eu\/ee\/shop-2\/"},{"@type":"ListItem","position":3,"name":"Webcam Logitech C920 HD Pro"}]},{"@type":"WebSite","@id":"https:\/\/plyro.eu\/ee\/#website","url":"https:\/\/plyro.eu\/ee\/","name":"Plyro EE","description":"","publisher":{"@id":"https:\/\/plyro.eu\/ee\/#organization"},"potentialAction":[{"@type":"SearchAction","target":{"@type":"EntryPoint","urlTemplate":"https:\/\/plyro.eu\/ee\/?s={search_term_string}"},"query-input":{"@type":"PropertyValueSpecification","valueRequired":true,"valueName":"search_term_string"}}],"inLanguage":"et"},{"@type":"Organization","@id":"https:\/\/plyro.eu\/ee\/#organization","name":"Plyro EE","url":"https:\/\/plyro.eu\/ee\/","logo":{"@type":"ImageObject","inLanguage":"et","@id":"https:\/\/plyro.eu\/ee\/#\/schema\/logo\/image\/","url":"https:\/\/plyro.eu\/ee\/wp-content\/uploads\/2026\/02\/plyro_black_512_transparent-1.png","contentUrl":"https:\/\/plyro.eu\/ee\/wp-content\/uploads\/2026\/02\/plyro_black_512_transparent-1.png","width":512,"height":512,"caption":"Plyro EE"},"image":{"@id":"https:\/\/plyro.eu\/ee\/#\/schema\/logo\/image\/"},"sameAs":["https:\/\/www.facebook.com\/gamedogEE\/"]}]}},"_links":{"self":[{"href":"https:\/\/plyro.eu\/ee\/wp-json\/wp\/v2\/product\/281367","targetHints":{"allow":["GET"]}}],"collection":[{"href":"https:\/\/plyro.eu\/ee\/wp-json\/wp\/v2\/product"}],"about":[{"href":"https:\/\/plyro.eu\/ee\/wp-json\/wp\/v2\/types\/product"}],"replies":[{"embeddable":true,"href":"https:\/\/plyro.eu\/ee\/wp-json\/wp\/v2\/comments?post=281367"}],"wp:featuredmedia":[{"embeddable":true,"href":"https:\/\/plyro.eu\/ee\/wp-json\/wp\/v2\/media\/281340"}],"wp:attachment":[{"href":"https:\/\/plyro.eu\/ee\/wp-json\/wp\/v2\/media?parent=281367"}],"wp:term":[{"taxonomy":"product_brand","embeddable":true,"href":"https:\/\/plyro.eu\/ee\/wp-json\/wp\/v2\/product_brand?post=281367"},{"taxonomy":"product_cat","embeddable":true,"href":"https:\/\/plyro.eu\/ee\/wp-json\/wp\/v2\/product_cat?post=281367"},{"taxonomy":"product_tag","embeddable":true,"href":"https:\/\/plyro.eu\/ee\/wp-json\/wp\/v2\/product_tag?post=281367"}],"curies":[{"name":"wp","href":"https:\/\/api.w.org\/{rel}","templated":true}]}}