{"id":280626,"date":"2026-02-07T00:54:58","date_gmt":"2026-02-06T22:54:58","guid":{"rendered":"https:\/\/plyro.eu\/ee\/product\/grand-theft-auto-v-activation-key\/"},"modified":"2026-03-17T21:22:16","modified_gmt":"2026-03-17T19:22:16","slug":"grand-theft-auto-v-activation-key","status":"publish","type":"product","link":"https:\/\/plyro.eu\/ee\/product\/grand-theft-auto-v-activation-key\/","title":{"rendered":"Grand Theft Auto V Activation key"},"content":{"rendered":"","protected":false},"excerpt":{"rendered":"<ul class=\"a-unordered-list a-vertical a-spacing-mini\">_x000D_n \t<\/p>\n<li class=\"a-spacing-mini\">Sisaldab kogu Grand Theft Auto V lugu<\/li>\n<p>_x000D_n \t<\/p>\n<li class=\"a-spacing-mini\">Vaba juurdep\u00e4\u00e4s pidevalt arenevale Grand Theft Auto online&#8217;ile ning k\u00f5igile olemasolevatele m\u00e4nguparandustele ja sisule<\/li>\n<p>_x000D_n \t<\/p>\n<li class=\"a-spacing-mini\">Lisatud Criminal Enterprise Starter Pack, mis on kiire viis oma kriminaalse karj\u00e4\u00e4ri alustamiseks.<\/li>\n<p>_x000D_n \t<\/p>\n<li class=\"a-spacing-mini\">GTAUSD1,000,000, mida saad GTA online&#8217;is kulutada kuidas iganes tahad.<\/li>\n<p>_x000D_n \t<\/p>\n<li class=\"a-spacing-mini\">V\u00e4ga p\u00f5nev ja populaarne sisu, mille v\u00e4\u00e4rtus eraldi ostes on \u00fcle GTAUSD10,000,000, sealhulgas: hoonete omamine, mis v\u00f5imaldab juurdep\u00e4\u00e4su \u00e4riettev\u00f5tetele, v\u00f5imsate relvade uurimisele ja v\u00f5ltsitud rahaoperatsioonidele.v\u00f5imsate s\u00f5idukite, sealhulgas superauto, mootorrataste, relvastatud dune buggy, ralliauto ja palju muud&#8230;.Relvad, riided ja t\u00e4toveeringud.<\/li>\n<p>_x000D_n<\/ul>\n","protected":false},"featured_media":280578,"comment_status":"open","ping_status":"closed","template":"","meta":{"_acf_changed":false,"inline_featured_image":false},"product_brand":[],"product_cat":[1397],"product_tag":[],"class_list":{"0":"post-280626","1":"product","2":"type-product","3":"status-publish","4":"has-post-thumbnail","6":"product_cat-pc-games","7":"out-of-stock","9":"first","10":"outofstock","11":"taxable","12":"shipping-taxable","13":"purchasable","14":"product-type-simple"},"acf":[],"yoast_head":"<!-- This site is optimized with the Yoast SEO plugin v24.9 - https:\/\/yoast.com\/wordpress\/plugins\/seo\/ -->\n<title>Grand Theft Auto V Activation key - Plyro EE<\/title>\n<meta name=\"robots\" content=\"index, follow, max-snippet:-1, max-image-preview:large, max-video-preview:-1\" \/>\n<link rel=\"canonical\" href=\"https:\/\/plyro.eu\/ee\/product\/grand-theft-auto-v-activation-key\/\" \/>\n<meta property=\"og:locale\" content=\"et_EE\" \/>\n<meta property=\"og:type\" content=\"article\" \/>\n<meta property=\"og:title\" content=\"Grand Theft Auto V Activation key - Plyro EE\" \/>\n<meta property=\"og:description\" content=\"_x000D_n Sisaldab kogu Grand Theft Auto V lugu_x000D_n Vaba juurdep\u00e4\u00e4s pidevalt arenevale Grand Theft Auto online&#039;ile ning k\u00f5igile olemasolevatele m\u00e4nguparandustele ja sisule_x000D_n Lisatud Criminal Enterprise Starter Pack, mis on kiire viis oma kriminaalse karj\u00e4\u00e4ri alustamiseks._x000D_n GTAUSD1,000,000, mida saad GTA online&#039;is kulutada kuidas iganes tahad._x000D_n V\u00e4ga p\u00f5nev ja populaarne sisu, mille v\u00e4\u00e4rtus eraldi ostes on \u00fcle GTAUSD10,000,000, sealhulgas: hoonete omamine, mis v\u00f5imaldab juurdep\u00e4\u00e4su \u00e4riettev\u00f5tetele, v\u00f5imsate relvade uurimisele ja v\u00f5ltsitud rahaoperatsioonidele.v\u00f5imsate s\u00f5idukite, sealhulgas superauto, mootorrataste, relvastatud dune buggy, ralliauto ja palju muud....Relvad, riided ja t\u00e4toveeringud._x000D_n\" \/>\n<meta property=\"og:url\" content=\"https:\/\/plyro.eu\/ee\/product\/grand-theft-auto-v-activation-key\/\" \/>\n<meta property=\"og:site_name\" content=\"Plyro EE\" \/>\n<meta property=\"article:publisher\" content=\"https:\/\/www.facebook.com\/gamedogEE\/\" \/>\n<meta property=\"article:modified_time\" content=\"2026-03-17T19:22:16+00:00\" \/>\n<meta property=\"og:image\" content=\"https:\/\/plyro.eu\/ee\/wp-content\/uploads\/2026\/02\/t0zqmqhdcxppyol3mtlg-350x200-1x-0-2.jpg\" \/>\n\t<meta property=\"og:image:width\" content=\"350\" \/>\n\t<meta property=\"og:image:height\" content=\"430\" \/>\n\t<meta property=\"og:image:type\" content=\"image\/jpeg\" \/>\n<meta name=\"twitter:card\" content=\"summary_large_image\" \/>\n<script type=\"application\/ld+json\" class=\"yoast-schema-graph\">{\"@context\":\"https:\/\/schema.org\",\"@graph\":[{\"@type\":\"WebPage\",\"@id\":\"https:\/\/plyro.eu\/ee\/product\/grand-theft-auto-v-activation-key\/\",\"url\":\"https:\/\/plyro.eu\/ee\/product\/grand-theft-auto-v-activation-key\/\",\"name\":\"Grand Theft Auto V Activation key - Plyro EE\",\"isPartOf\":{\"@id\":\"https:\/\/plyro.eu\/ee\/#website\"},\"primaryImageOfPage\":{\"@id\":\"https:\/\/plyro.eu\/ee\/product\/grand-theft-auto-v-activation-key\/#primaryimage\"},\"image\":{\"@id\":\"https:\/\/plyro.eu\/ee\/product\/grand-theft-auto-v-activation-key\/#primaryimage\"},\"thumbnailUrl\":\"https:\/\/plyro.eu\/ee\/wp-content\/uploads\/2026\/02\/t0zqmqhdcxppyol3mtlg-350x200-1x-0-2.jpg\",\"datePublished\":\"2026-02-06T22:54:58+00:00\",\"dateModified\":\"2026-03-17T19:22:16+00:00\",\"breadcrumb\":{\"@id\":\"https:\/\/plyro.eu\/ee\/product\/grand-theft-auto-v-activation-key\/#breadcrumb\"},\"inLanguage\":\"et\",\"potentialAction\":[{\"@type\":\"ReadAction\",\"target\":[\"https:\/\/plyro.eu\/ee\/product\/grand-theft-auto-v-activation-key\/\"]}]},{\"@type\":\"ImageObject\",\"inLanguage\":\"et\",\"@id\":\"https:\/\/plyro.eu\/ee\/product\/grand-theft-auto-v-activation-key\/#primaryimage\",\"url\":\"https:\/\/plyro.eu\/ee\/wp-content\/uploads\/2026\/02\/t0zqmqhdcxppyol3mtlg-350x200-1x-0-2.jpg\",\"contentUrl\":\"https:\/\/plyro.eu\/ee\/wp-content\/uploads\/2026\/02\/t0zqmqhdcxppyol3mtlg-350x200-1x-0-2.jpg\",\"width\":350,\"height\":430,\"caption\":\"t0zqmqhdcxppyol3mtlg-350x200-1x-0\"},{\"@type\":\"BreadcrumbList\",\"@id\":\"https:\/\/plyro.eu\/ee\/product\/grand-theft-auto-v-activation-key\/#breadcrumb\",\"itemListElement\":[{\"@type\":\"ListItem\",\"position\":1,\"name\":\"Home\",\"item\":\"https:\/\/plyro.eu\/ee\/\"},{\"@type\":\"ListItem\",\"position\":2,\"name\":\"Kataloog\",\"item\":\"https:\/\/plyro.eu\/ee\/shop-2\/\"},{\"@type\":\"ListItem\",\"position\":3,\"name\":\"Grand Theft Auto V Activation key\"}]},{\"@type\":\"WebSite\",\"@id\":\"https:\/\/plyro.eu\/ee\/#website\",\"url\":\"https:\/\/plyro.eu\/ee\/\",\"name\":\"Plyro EE\",\"description\":\"\",\"publisher\":{\"@id\":\"https:\/\/plyro.eu\/ee\/#organization\"},\"potentialAction\":[{\"@type\":\"SearchAction\",\"target\":{\"@type\":\"EntryPoint\",\"urlTemplate\":\"https:\/\/plyro.eu\/ee\/?s={search_term_string}\"},\"query-input\":{\"@type\":\"PropertyValueSpecification\",\"valueRequired\":true,\"valueName\":\"search_term_string\"}}],\"inLanguage\":\"et\"},{\"@type\":\"Organization\",\"@id\":\"https:\/\/plyro.eu\/ee\/#organization\",\"name\":\"Plyro EE\",\"url\":\"https:\/\/plyro.eu\/ee\/\",\"logo\":{\"@type\":\"ImageObject\",\"inLanguage\":\"et\",\"@id\":\"https:\/\/plyro.eu\/ee\/#\/schema\/logo\/image\/\",\"url\":\"https:\/\/plyro.eu\/ee\/wp-content\/uploads\/2026\/02\/plyro_black_512_transparent-1.png\",\"contentUrl\":\"https:\/\/plyro.eu\/ee\/wp-content\/uploads\/2026\/02\/plyro_black_512_transparent-1.png\",\"width\":512,\"height\":512,\"caption\":\"Plyro EE\"},\"image\":{\"@id\":\"https:\/\/plyro.eu\/ee\/#\/schema\/logo\/image\/\"},\"sameAs\":[\"https:\/\/www.facebook.com\/gamedogEE\/\"]}]}<\/script>\n<!-- \/ Yoast SEO plugin. -->","yoast_head_json":{"title":"Grand Theft Auto V Activation key - Plyro EE","robots":{"index":"index","follow":"follow","max-snippet":"max-snippet:-1","max-image-preview":"max-image-preview:large","max-video-preview":"max-video-preview:-1"},"canonical":"https:\/\/plyro.eu\/ee\/product\/grand-theft-auto-v-activation-key\/","og_locale":"et_EE","og_type":"article","og_title":"Grand Theft Auto V Activation key - Plyro EE","og_description":"_x000D_n Sisaldab kogu Grand Theft Auto V lugu_x000D_n Vaba juurdep\u00e4\u00e4s pidevalt arenevale Grand Theft Auto online'ile ning k\u00f5igile olemasolevatele m\u00e4nguparandustele ja sisule_x000D_n Lisatud Criminal Enterprise Starter Pack, mis on kiire viis oma kriminaalse karj\u00e4\u00e4ri alustamiseks._x000D_n GTAUSD1,000,000, mida saad GTA online'is kulutada kuidas iganes tahad._x000D_n V\u00e4ga p\u00f5nev ja populaarne sisu, mille v\u00e4\u00e4rtus eraldi ostes on \u00fcle GTAUSD10,000,000, sealhulgas: hoonete omamine, mis v\u00f5imaldab juurdep\u00e4\u00e4su \u00e4riettev\u00f5tetele, v\u00f5imsate relvade uurimisele ja v\u00f5ltsitud rahaoperatsioonidele.v\u00f5imsate s\u00f5idukite, sealhulgas superauto, mootorrataste, relvastatud dune buggy, ralliauto ja palju muud....Relvad, riided ja t\u00e4toveeringud._x000D_n","og_url":"https:\/\/plyro.eu\/ee\/product\/grand-theft-auto-v-activation-key\/","og_site_name":"Plyro EE","article_publisher":"https:\/\/www.facebook.com\/gamedogEE\/","article_modified_time":"2026-03-17T19:22:16+00:00","og_image":[{"width":350,"height":430,"url":"https:\/\/plyro.eu\/ee\/wp-content\/uploads\/2026\/02\/t0zqmqhdcxppyol3mtlg-350x200-1x-0-2.jpg","type":"image\/jpeg"}],"twitter_card":"summary_large_image","schema":{"@context":"https:\/\/schema.org","@graph":[{"@type":"WebPage","@id":"https:\/\/plyro.eu\/ee\/product\/grand-theft-auto-v-activation-key\/","url":"https:\/\/plyro.eu\/ee\/product\/grand-theft-auto-v-activation-key\/","name":"Grand Theft Auto V Activation key - Plyro EE","isPartOf":{"@id":"https:\/\/plyro.eu\/ee\/#website"},"primaryImageOfPage":{"@id":"https:\/\/plyro.eu\/ee\/product\/grand-theft-auto-v-activation-key\/#primaryimage"},"image":{"@id":"https:\/\/plyro.eu\/ee\/product\/grand-theft-auto-v-activation-key\/#primaryimage"},"thumbnailUrl":"https:\/\/plyro.eu\/ee\/wp-content\/uploads\/2026\/02\/t0zqmqhdcxppyol3mtlg-350x200-1x-0-2.jpg","datePublished":"2026-02-06T22:54:58+00:00","dateModified":"2026-03-17T19:22:16+00:00","breadcrumb":{"@id":"https:\/\/plyro.eu\/ee\/product\/grand-theft-auto-v-activation-key\/#breadcrumb"},"inLanguage":"et","potentialAction":[{"@type":"ReadAction","target":["https:\/\/plyro.eu\/ee\/product\/grand-theft-auto-v-activation-key\/"]}]},{"@type":"ImageObject","inLanguage":"et","@id":"https:\/\/plyro.eu\/ee\/product\/grand-theft-auto-v-activation-key\/#primaryimage","url":"https:\/\/plyro.eu\/ee\/wp-content\/uploads\/2026\/02\/t0zqmqhdcxppyol3mtlg-350x200-1x-0-2.jpg","contentUrl":"https:\/\/plyro.eu\/ee\/wp-content\/uploads\/2026\/02\/t0zqmqhdcxppyol3mtlg-350x200-1x-0-2.jpg","width":350,"height":430,"caption":"t0zqmqhdcxppyol3mtlg-350x200-1x-0"},{"@type":"BreadcrumbList","@id":"https:\/\/plyro.eu\/ee\/product\/grand-theft-auto-v-activation-key\/#breadcrumb","itemListElement":[{"@type":"ListItem","position":1,"name":"Home","item":"https:\/\/plyro.eu\/ee\/"},{"@type":"ListItem","position":2,"name":"Kataloog","item":"https:\/\/plyro.eu\/ee\/shop-2\/"},{"@type":"ListItem","position":3,"name":"Grand Theft Auto V Activation key"}]},{"@type":"WebSite","@id":"https:\/\/plyro.eu\/ee\/#website","url":"https:\/\/plyro.eu\/ee\/","name":"Plyro EE","description":"","publisher":{"@id":"https:\/\/plyro.eu\/ee\/#organization"},"potentialAction":[{"@type":"SearchAction","target":{"@type":"EntryPoint","urlTemplate":"https:\/\/plyro.eu\/ee\/?s={search_term_string}"},"query-input":{"@type":"PropertyValueSpecification","valueRequired":true,"valueName":"search_term_string"}}],"inLanguage":"et"},{"@type":"Organization","@id":"https:\/\/plyro.eu\/ee\/#organization","name":"Plyro EE","url":"https:\/\/plyro.eu\/ee\/","logo":{"@type":"ImageObject","inLanguage":"et","@id":"https:\/\/plyro.eu\/ee\/#\/schema\/logo\/image\/","url":"https:\/\/plyro.eu\/ee\/wp-content\/uploads\/2026\/02\/plyro_black_512_transparent-1.png","contentUrl":"https:\/\/plyro.eu\/ee\/wp-content\/uploads\/2026\/02\/plyro_black_512_transparent-1.png","width":512,"height":512,"caption":"Plyro EE"},"image":{"@id":"https:\/\/plyro.eu\/ee\/#\/schema\/logo\/image\/"},"sameAs":["https:\/\/www.facebook.com\/gamedogEE\/"]}]}},"_links":{"self":[{"href":"https:\/\/plyro.eu\/ee\/wp-json\/wp\/v2\/product\/280626","targetHints":{"allow":["GET"]}}],"collection":[{"href":"https:\/\/plyro.eu\/ee\/wp-json\/wp\/v2\/product"}],"about":[{"href":"https:\/\/plyro.eu\/ee\/wp-json\/wp\/v2\/types\/product"}],"replies":[{"embeddable":true,"href":"https:\/\/plyro.eu\/ee\/wp-json\/wp\/v2\/comments?post=280626"}],"wp:featuredmedia":[{"embeddable":true,"href":"https:\/\/plyro.eu\/ee\/wp-json\/wp\/v2\/media\/280578"}],"wp:attachment":[{"href":"https:\/\/plyro.eu\/ee\/wp-json\/wp\/v2\/media?parent=280626"}],"wp:term":[{"taxonomy":"product_brand","embeddable":true,"href":"https:\/\/plyro.eu\/ee\/wp-json\/wp\/v2\/product_brand?post=280626"},{"taxonomy":"product_cat","embeddable":true,"href":"https:\/\/plyro.eu\/ee\/wp-json\/wp\/v2\/product_cat?post=280626"},{"taxonomy":"product_tag","embeddable":true,"href":"https:\/\/plyro.eu\/ee\/wp-json\/wp\/v2\/product_tag?post=280626"}],"curies":[{"name":"wp","href":"https:\/\/api.w.org\/{rel}","templated":true}]}}