{"id":280017,"date":"2026-02-07T00:30:52","date_gmt":"2026-02-06T22:30:52","guid":{"rendered":"https:\/\/plyro.eu\/ee\/product\/keyboard-logitech-g-pro-tkl-wired-mechanical-gx-blue-clicky-uk-qwerty-layout\/"},"modified":"2026-03-17T21:17:26","modified_gmt":"2026-03-17T19:17:26","slug":"keyboard-logitech-g-pro-tkl-wired-mechanical-gx-blue-clicky-uk-qwerty-layout","status":"publish","type":"product","link":"https:\/\/plyro.eu\/ee\/product\/keyboard-logitech-g-pro-tkl-wired-mechanical-gx-blue-clicky-uk-qwerty-layout\/","title":{"rendered":"Keyboard Logitech G Pro TKL Wired Mechanical, GX Blue Clicky UK, QWERTY layout"},"content":{"rendered":"<ul>_x000D_n \t<\/p>\n<li>Turniiridel t\u00f5estatud PRO m\u00e4nguklaviatuur, n\u00fc\u00fcd t\u00e4iustatud GX Blue Clicky mehaaniliste l\u00fclititega. Koost\u00f6\u00f6s maailma tippsportlastega loodud v\u00f5itmiseks.<\/li>\n<p>_x000D_n \t<\/p>\n<li>Profid k\u00fcsisid, meie kuulasime. Kompaktse disaini ja professionaalsete kl\u00f5psatavate l\u00fclititega PRO on professionaalselt testitud, turniirikindel ja loodud v\u00f5itma.<\/li>\n<p>_x000D_n \t<\/p>\n<li>T\u00e4iustatud GX Clicky mehaanilised l\u00fclitid on loodud j\u00f5udluse, reageerimisv\u00f5ime ja vastupidavuse tagamiseks koos kuuldava ja kombatava tagasisidega.<\/li>\n<p>_x000D_n \t<\/p>\n<li>Tenkeyless disain ja eemaldatav kaabel tagavad rohkem ruumi hiirega liikumiseks ja lihtsamat reisimist turniiridele \u00fcle maailma.<\/li>\n<p>_x000D_n \t<\/p>\n<li>T\u00f5stke esile olulised v\u00f5tmed v\u00f5i n\u00e4idake lihtsalt oma meeskonna uhkust. Kohandage valgustust ja animatsioone G HUB tarkvaraga ning salvestage staatilised valgustuskujundused turniiris\u00fcsteemide pardam\u00e4llu.<\/li>\n<p>_x000D_n \t<\/p>\n<li>Eemaldatavad mikro-USB-kaablid on kolmeharulise disainiga lihtsaks ja turvaliseks \u00fchendamiseks ning turvaliseks transportimiseks reisikotis.<\/li>\n<p>_x000D_n \t<\/p>\n<li>Kui m\u00e4ngimine muutub intensiivseks, aitavad kummijalad klaviatuuri paigal hoida. Kolmeastmeline reguleerimine v\u00f5imaldab teil kohandada klaviatuuri kaldenurka teile sobivasse asendisse.<\/li>\n<p>_x000D_n \t<\/p>\n<li>Programmeerige keerukaid ajastatud toiminguid v\u00f5i k\u00e4ske F1-F12-le Logitech G HUBiga.<\/li>\n<p>_x000D_n<\/ul>\n","protected":false},"excerpt":{"rendered":"<p>Turniiridel t\u00f5estatud PRO-m\u00e4nguklaviatuur, n\u00fc\u00fcd t\u00e4iustatud GX Blue Clicky mehaaniliste l\u00fclititega. Loodud v\u00f5itmiseks koost\u00f6\u00f6s maailma tippspordi sportlastega.<\/p>\n","protected":false},"featured_media":279974,"comment_status":"open","ping_status":"closed","template":"","meta":{"_acf_changed":false,"inline_featured_image":false},"product_brand":[],"product_cat":[1414],"product_tag":[],"class_list":{"0":"post-280017","1":"product","2":"type-product","3":"status-publish","4":"has-post-thumbnail","6":"product_cat-keyboards","8":"first","9":"instock","10":"taxable","11":"shipping-taxable","12":"purchasable","13":"product-type-simple"},"acf":[],"yoast_head":"<!-- This site is optimized with the Yoast SEO plugin v24.9 - https:\/\/yoast.com\/wordpress\/plugins\/seo\/ -->\n<title>Keyboard Logitech G Pro TKL Wired Mechanical, GX Blue Clicky UK, QWERTY layout - Plyro EE<\/title>\n<meta name=\"robots\" content=\"index, follow, max-snippet:-1, max-image-preview:large, max-video-preview:-1\" \/>\n<link rel=\"canonical\" href=\"https:\/\/plyro.eu\/ee\/product\/keyboard-logitech-g-pro-tkl-wired-mechanical-gx-blue-clicky-uk-qwerty-layout\/\" \/>\n<meta property=\"og:locale\" content=\"et_EE\" \/>\n<meta property=\"og:type\" content=\"article\" \/>\n<meta property=\"og:title\" content=\"Keyboard Logitech G Pro TKL Wired Mechanical, GX Blue Clicky UK, QWERTY layout - Plyro EE\" \/>\n<meta property=\"og:description\" content=\"Turniiridel t\u00f5estatud PRO-m\u00e4nguklaviatuur, n\u00fc\u00fcd t\u00e4iustatud GX Blue Clicky mehaaniliste l\u00fclititega. Loodud v\u00f5itmiseks koost\u00f6\u00f6s maailma tippspordi sportlastega.\" \/>\n<meta property=\"og:url\" content=\"https:\/\/plyro.eu\/ee\/product\/keyboard-logitech-g-pro-tkl-wired-mechanical-gx-blue-clicky-uk-qwerty-layout\/\" \/>\n<meta property=\"og:site_name\" content=\"Plyro EE\" \/>\n<meta property=\"article:publisher\" content=\"https:\/\/www.facebook.com\/gamedogEE\/\" \/>\n<meta property=\"article:modified_time\" content=\"2026-03-17T19:17:26+00:00\" \/>\n<meta property=\"og:image\" content=\"https:\/\/plyro.eu\/ee\/wp-content\/uploads\/2026\/02\/Keyboard-Logitech-G-Pro-TKL-Wired-2-2.png\" \/>\n\t<meta property=\"og:image:width\" content=\"730\" \/>\n\t<meta property=\"og:image:height\" content=\"360\" \/>\n\t<meta property=\"og:image:type\" content=\"image\/png\" \/>\n<meta name=\"twitter:card\" content=\"summary_large_image\" \/>\n<meta name=\"twitter:label1\" content=\"Est. reading time\" \/>\n\t<meta name=\"twitter:data1\" content=\"1 minut\" \/>\n<script type=\"application\/ld+json\" class=\"yoast-schema-graph\">{\"@context\":\"https:\/\/schema.org\",\"@graph\":[{\"@type\":\"WebPage\",\"@id\":\"https:\/\/plyro.eu\/ee\/product\/keyboard-logitech-g-pro-tkl-wired-mechanical-gx-blue-clicky-uk-qwerty-layout\/\",\"url\":\"https:\/\/plyro.eu\/ee\/product\/keyboard-logitech-g-pro-tkl-wired-mechanical-gx-blue-clicky-uk-qwerty-layout\/\",\"name\":\"Keyboard Logitech G Pro TKL Wired Mechanical, GX Blue Clicky UK, QWERTY layout - Plyro EE\",\"isPartOf\":{\"@id\":\"https:\/\/plyro.eu\/ee\/#website\"},\"primaryImageOfPage\":{\"@id\":\"https:\/\/plyro.eu\/ee\/product\/keyboard-logitech-g-pro-tkl-wired-mechanical-gx-blue-clicky-uk-qwerty-layout\/#primaryimage\"},\"image\":{\"@id\":\"https:\/\/plyro.eu\/ee\/product\/keyboard-logitech-g-pro-tkl-wired-mechanical-gx-blue-clicky-uk-qwerty-layout\/#primaryimage\"},\"thumbnailUrl\":\"https:\/\/plyro.eu\/ee\/wp-content\/uploads\/2026\/02\/Keyboard-Logitech-G-Pro-TKL-Wired-2-2.png\",\"datePublished\":\"2026-02-06T22:30:52+00:00\",\"dateModified\":\"2026-03-17T19:17:26+00:00\",\"breadcrumb\":{\"@id\":\"https:\/\/plyro.eu\/ee\/product\/keyboard-logitech-g-pro-tkl-wired-mechanical-gx-blue-clicky-uk-qwerty-layout\/#breadcrumb\"},\"inLanguage\":\"et\",\"potentialAction\":[{\"@type\":\"ReadAction\",\"target\":[\"https:\/\/plyro.eu\/ee\/product\/keyboard-logitech-g-pro-tkl-wired-mechanical-gx-blue-clicky-uk-qwerty-layout\/\"]}]},{\"@type\":\"ImageObject\",\"inLanguage\":\"et\",\"@id\":\"https:\/\/plyro.eu\/ee\/product\/keyboard-logitech-g-pro-tkl-wired-mechanical-gx-blue-clicky-uk-qwerty-layout\/#primaryimage\",\"url\":\"https:\/\/plyro.eu\/ee\/wp-content\/uploads\/2026\/02\/Keyboard-Logitech-G-Pro-TKL-Wired-2-2.png\",\"contentUrl\":\"https:\/\/plyro.eu\/ee\/wp-content\/uploads\/2026\/02\/Keyboard-Logitech-G-Pro-TKL-Wired-2-2.png\",\"width\":730,\"height\":360,\"caption\":\"Keyboard-Logitech-G-Pro-TKL-Wired-2\"},{\"@type\":\"BreadcrumbList\",\"@id\":\"https:\/\/plyro.eu\/ee\/product\/keyboard-logitech-g-pro-tkl-wired-mechanical-gx-blue-clicky-uk-qwerty-layout\/#breadcrumb\",\"itemListElement\":[{\"@type\":\"ListItem\",\"position\":1,\"name\":\"Home\",\"item\":\"https:\/\/plyro.eu\/ee\/\"},{\"@type\":\"ListItem\",\"position\":2,\"name\":\"Kataloog\",\"item\":\"https:\/\/plyro.eu\/ee\/shop-2\/\"},{\"@type\":\"ListItem\",\"position\":3,\"name\":\"Keyboard Logitech G Pro TKL Wired Mechanical, GX Blue Clicky UK, QWERTY layout\"}]},{\"@type\":\"WebSite\",\"@id\":\"https:\/\/plyro.eu\/ee\/#website\",\"url\":\"https:\/\/plyro.eu\/ee\/\",\"name\":\"Plyro EE\",\"description\":\"\",\"publisher\":{\"@id\":\"https:\/\/plyro.eu\/ee\/#organization\"},\"potentialAction\":[{\"@type\":\"SearchAction\",\"target\":{\"@type\":\"EntryPoint\",\"urlTemplate\":\"https:\/\/plyro.eu\/ee\/?s={search_term_string}\"},\"query-input\":{\"@type\":\"PropertyValueSpecification\",\"valueRequired\":true,\"valueName\":\"search_term_string\"}}],\"inLanguage\":\"et\"},{\"@type\":\"Organization\",\"@id\":\"https:\/\/plyro.eu\/ee\/#organization\",\"name\":\"Plyro EE\",\"url\":\"https:\/\/plyro.eu\/ee\/\",\"logo\":{\"@type\":\"ImageObject\",\"inLanguage\":\"et\",\"@id\":\"https:\/\/plyro.eu\/ee\/#\/schema\/logo\/image\/\",\"url\":\"https:\/\/plyro.eu\/ee\/wp-content\/uploads\/2026\/02\/plyro_black_512_transparent-1.png\",\"contentUrl\":\"https:\/\/plyro.eu\/ee\/wp-content\/uploads\/2026\/02\/plyro_black_512_transparent-1.png\",\"width\":512,\"height\":512,\"caption\":\"Plyro EE\"},\"image\":{\"@id\":\"https:\/\/plyro.eu\/ee\/#\/schema\/logo\/image\/\"},\"sameAs\":[\"https:\/\/www.facebook.com\/gamedogEE\/\"]}]}<\/script>\n<!-- \/ Yoast SEO plugin. -->","yoast_head_json":{"title":"Keyboard Logitech G Pro TKL Wired Mechanical, GX Blue Clicky UK, QWERTY layout - Plyro EE","robots":{"index":"index","follow":"follow","max-snippet":"max-snippet:-1","max-image-preview":"max-image-preview:large","max-video-preview":"max-video-preview:-1"},"canonical":"https:\/\/plyro.eu\/ee\/product\/keyboard-logitech-g-pro-tkl-wired-mechanical-gx-blue-clicky-uk-qwerty-layout\/","og_locale":"et_EE","og_type":"article","og_title":"Keyboard Logitech G Pro TKL Wired Mechanical, GX Blue Clicky UK, QWERTY layout - Plyro EE","og_description":"Turniiridel t\u00f5estatud PRO-m\u00e4nguklaviatuur, n\u00fc\u00fcd t\u00e4iustatud GX Blue Clicky mehaaniliste l\u00fclititega. Loodud v\u00f5itmiseks koost\u00f6\u00f6s maailma tippspordi sportlastega.","og_url":"https:\/\/plyro.eu\/ee\/product\/keyboard-logitech-g-pro-tkl-wired-mechanical-gx-blue-clicky-uk-qwerty-layout\/","og_site_name":"Plyro EE","article_publisher":"https:\/\/www.facebook.com\/gamedogEE\/","article_modified_time":"2026-03-17T19:17:26+00:00","og_image":[{"width":730,"height":360,"url":"https:\/\/plyro.eu\/ee\/wp-content\/uploads\/2026\/02\/Keyboard-Logitech-G-Pro-TKL-Wired-2-2.png","type":"image\/png"}],"twitter_card":"summary_large_image","twitter_misc":{"Est. reading time":"1 minut"},"schema":{"@context":"https:\/\/schema.org","@graph":[{"@type":"WebPage","@id":"https:\/\/plyro.eu\/ee\/product\/keyboard-logitech-g-pro-tkl-wired-mechanical-gx-blue-clicky-uk-qwerty-layout\/","url":"https:\/\/plyro.eu\/ee\/product\/keyboard-logitech-g-pro-tkl-wired-mechanical-gx-blue-clicky-uk-qwerty-layout\/","name":"Keyboard Logitech G Pro TKL Wired Mechanical, GX Blue Clicky UK, QWERTY layout - Plyro EE","isPartOf":{"@id":"https:\/\/plyro.eu\/ee\/#website"},"primaryImageOfPage":{"@id":"https:\/\/plyro.eu\/ee\/product\/keyboard-logitech-g-pro-tkl-wired-mechanical-gx-blue-clicky-uk-qwerty-layout\/#primaryimage"},"image":{"@id":"https:\/\/plyro.eu\/ee\/product\/keyboard-logitech-g-pro-tkl-wired-mechanical-gx-blue-clicky-uk-qwerty-layout\/#primaryimage"},"thumbnailUrl":"https:\/\/plyro.eu\/ee\/wp-content\/uploads\/2026\/02\/Keyboard-Logitech-G-Pro-TKL-Wired-2-2.png","datePublished":"2026-02-06T22:30:52+00:00","dateModified":"2026-03-17T19:17:26+00:00","breadcrumb":{"@id":"https:\/\/plyro.eu\/ee\/product\/keyboard-logitech-g-pro-tkl-wired-mechanical-gx-blue-clicky-uk-qwerty-layout\/#breadcrumb"},"inLanguage":"et","potentialAction":[{"@type":"ReadAction","target":["https:\/\/plyro.eu\/ee\/product\/keyboard-logitech-g-pro-tkl-wired-mechanical-gx-blue-clicky-uk-qwerty-layout\/"]}]},{"@type":"ImageObject","inLanguage":"et","@id":"https:\/\/plyro.eu\/ee\/product\/keyboard-logitech-g-pro-tkl-wired-mechanical-gx-blue-clicky-uk-qwerty-layout\/#primaryimage","url":"https:\/\/plyro.eu\/ee\/wp-content\/uploads\/2026\/02\/Keyboard-Logitech-G-Pro-TKL-Wired-2-2.png","contentUrl":"https:\/\/plyro.eu\/ee\/wp-content\/uploads\/2026\/02\/Keyboard-Logitech-G-Pro-TKL-Wired-2-2.png","width":730,"height":360,"caption":"Keyboard-Logitech-G-Pro-TKL-Wired-2"},{"@type":"BreadcrumbList","@id":"https:\/\/plyro.eu\/ee\/product\/keyboard-logitech-g-pro-tkl-wired-mechanical-gx-blue-clicky-uk-qwerty-layout\/#breadcrumb","itemListElement":[{"@type":"ListItem","position":1,"name":"Home","item":"https:\/\/plyro.eu\/ee\/"},{"@type":"ListItem","position":2,"name":"Kataloog","item":"https:\/\/plyro.eu\/ee\/shop-2\/"},{"@type":"ListItem","position":3,"name":"Keyboard Logitech G Pro TKL Wired Mechanical, GX Blue Clicky UK, QWERTY layout"}]},{"@type":"WebSite","@id":"https:\/\/plyro.eu\/ee\/#website","url":"https:\/\/plyro.eu\/ee\/","name":"Plyro EE","description":"","publisher":{"@id":"https:\/\/plyro.eu\/ee\/#organization"},"potentialAction":[{"@type":"SearchAction","target":{"@type":"EntryPoint","urlTemplate":"https:\/\/plyro.eu\/ee\/?s={search_term_string}"},"query-input":{"@type":"PropertyValueSpecification","valueRequired":true,"valueName":"search_term_string"}}],"inLanguage":"et"},{"@type":"Organization","@id":"https:\/\/plyro.eu\/ee\/#organization","name":"Plyro EE","url":"https:\/\/plyro.eu\/ee\/","logo":{"@type":"ImageObject","inLanguage":"et","@id":"https:\/\/plyro.eu\/ee\/#\/schema\/logo\/image\/","url":"https:\/\/plyro.eu\/ee\/wp-content\/uploads\/2026\/02\/plyro_black_512_transparent-1.png","contentUrl":"https:\/\/plyro.eu\/ee\/wp-content\/uploads\/2026\/02\/plyro_black_512_transparent-1.png","width":512,"height":512,"caption":"Plyro EE"},"image":{"@id":"https:\/\/plyro.eu\/ee\/#\/schema\/logo\/image\/"},"sameAs":["https:\/\/www.facebook.com\/gamedogEE\/"]}]}},"_links":{"self":[{"href":"https:\/\/plyro.eu\/ee\/wp-json\/wp\/v2\/product\/280017","targetHints":{"allow":["GET"]}}],"collection":[{"href":"https:\/\/plyro.eu\/ee\/wp-json\/wp\/v2\/product"}],"about":[{"href":"https:\/\/plyro.eu\/ee\/wp-json\/wp\/v2\/types\/product"}],"replies":[{"embeddable":true,"href":"https:\/\/plyro.eu\/ee\/wp-json\/wp\/v2\/comments?post=280017"}],"wp:featuredmedia":[{"embeddable":true,"href":"https:\/\/plyro.eu\/ee\/wp-json\/wp\/v2\/media\/279974"}],"wp:attachment":[{"href":"https:\/\/plyro.eu\/ee\/wp-json\/wp\/v2\/media?parent=280017"}],"wp:term":[{"taxonomy":"product_brand","embeddable":true,"href":"https:\/\/plyro.eu\/ee\/wp-json\/wp\/v2\/product_brand?post=280017"},{"taxonomy":"product_cat","embeddable":true,"href":"https:\/\/plyro.eu\/ee\/wp-json\/wp\/v2\/product_cat?post=280017"},{"taxonomy":"product_tag","embeddable":true,"href":"https:\/\/plyro.eu\/ee\/wp-json\/wp\/v2\/product_tag?post=280017"}],"curies":[{"name":"wp","href":"https:\/\/api.w.org\/{rel}","templated":true}]}}