{"id":279573,"date":"2026-02-07T00:15:45","date_gmt":"2026-02-06T22:15:45","guid":{"rendered":"https:\/\/plyro.eu\/ee\/product\/detective-pikachu-returns\/"},"modified":"2026-03-17T21:41:41","modified_gmt":"2026-03-17T19:41:41","slug":"detective-pikachu-returns","status":"publish","type":"product","link":"https:\/\/plyro.eu\/ee\/product\/detective-pikachu-returns\/","title":{"rendered":"Detective Pikachu Returns"},"content":{"rendered":"<ul>\n<li>Take a closer look &#8211; Search for clues, investigate scenes, and use your case notebook to make deductions<\/li>\n<li>Teamwork &#8211; Use some Pok\u00e9mon\u2019s special skills, like Growlithe\u2019s sharp sense of smell, to uncover clues<\/li>\n<li>Welcome to Ryme City &#8211; Explore Ryme City, a place where humans and Pok\u00e9mon live in harmony<\/li>\n<\/ul>\n","protected":false},"excerpt":{"rendered":"<p>Solve mysteries with the personality-packed Detective Pikachu!<\/p>\n<p>Unravel a series of mysteries across Ryme City with a tough-talking, coffee-loving Pikachu who calls himself a great detective. This Pikachu may have a self-assured attitude and talk like a middle-aged man, but he somehow manages to keep his lovable charm. Together with his partner Tim Goodman, this great detective duo cracks several cases with the help of the many Pok\u00e9mon and people who live in Ryme City.<\/p>\n<p>Investigate Ryme City, where Pok\u00e9mon and people live side by side!<\/p>\n<p>Search for clues in Ryme City, where Pok\u00e9mon and humans coexist in harmony. With the help of many other Pok\u00e9mon, Tim and his talkative Pikachu partner work together to solve a series of mysterious incidents in this cinematic adventure game.<\/p>\n","protected":false},"featured_media":279534,"comment_status":"open","ping_status":"closed","template":"","meta":{"_acf_changed":false,"inline_featured_image":false},"product_brand":[],"product_cat":[1436],"product_tag":[],"class_list":{"0":"post-279573","1":"product","2":"type-product","3":"status-publish","4":"has-post-thumbnail","6":"product_cat-all-games","8":"first","9":"instock","10":"taxable","11":"shipping-taxable","12":"purchasable","13":"product-type-variable"},"acf":[],"yoast_head":"<!-- This site is optimized with the Yoast SEO plugin v24.9 - https:\/\/yoast.com\/wordpress\/plugins\/seo\/ -->\n<title>Detective Pikachu Returns - Plyro EE<\/title>\n<meta name=\"robots\" content=\"index, follow, max-snippet:-1, max-image-preview:large, max-video-preview:-1\" \/>\n<link rel=\"canonical\" href=\"https:\/\/plyro.eu\/ee\/product\/detective-pikachu-returns\/\" \/>\n<meta property=\"og:locale\" content=\"et_EE\" \/>\n<meta property=\"og:type\" content=\"article\" \/>\n<meta property=\"og:title\" content=\"Detective Pikachu Returns - Plyro EE\" \/>\n<meta property=\"og:description\" content=\"Solve mysteries with the personality-packed Detective Pikachu! Unravel a series of mysteries across Ryme City with a tough-talking, coffee-loving Pikachu who calls himself a great detective. This Pikachu may have a self-assured attitude and talk like a middle-aged man, but he somehow manages to keep his lovable charm. Together with his partner Tim Goodman, this great detective duo cracks several cases with the help of the many Pok\u00e9mon and people who live in Ryme City. Investigate Ryme City, where Pok\u00e9mon and people live side by side! Search for clues in Ryme City, where Pok\u00e9mon and humans coexist in harmony. With the help of many other Pok\u00e9mon, Tim and his talkative Pikachu partner work together to solve a series of mysterious incidents in this cinematic adventure game.\" \/>\n<meta property=\"og:url\" content=\"https:\/\/plyro.eu\/ee\/product\/detective-pikachu-returns\/\" \/>\n<meta property=\"og:site_name\" content=\"Plyro EE\" \/>\n<meta property=\"article:publisher\" content=\"https:\/\/www.facebook.com\/gamedogEE\/\" \/>\n<meta property=\"article:modified_time\" content=\"2026-03-17T19:41:41+00:00\" \/>\n<meta property=\"og:image\" content=\"https:\/\/plyro.eu\/ee\/wp-content\/uploads\/2026\/02\/detective-pikachu-returns-835369-3.webp\" \/>\n\t<meta property=\"og:image:width\" content=\"600\" \/>\n\t<meta property=\"og:image:height\" content=\"900\" \/>\n\t<meta property=\"og:image:type\" content=\"image\/webp\" \/>\n<meta name=\"twitter:card\" content=\"summary_large_image\" \/>\n<script type=\"application\/ld+json\" class=\"yoast-schema-graph\">{\"@context\":\"https:\/\/schema.org\",\"@graph\":[{\"@type\":\"WebPage\",\"@id\":\"https:\/\/plyro.eu\/ee\/product\/detective-pikachu-returns\/\",\"url\":\"https:\/\/plyro.eu\/ee\/product\/detective-pikachu-returns\/\",\"name\":\"Detective Pikachu Returns - Plyro EE\",\"isPartOf\":{\"@id\":\"https:\/\/plyro.eu\/ee\/#website\"},\"primaryImageOfPage\":{\"@id\":\"https:\/\/plyro.eu\/ee\/product\/detective-pikachu-returns\/#primaryimage\"},\"image\":{\"@id\":\"https:\/\/plyro.eu\/ee\/product\/detective-pikachu-returns\/#primaryimage\"},\"thumbnailUrl\":\"https:\/\/plyro.eu\/ee\/wp-content\/uploads\/2026\/02\/detective-pikachu-returns-835369-3.webp\",\"datePublished\":\"2026-02-06T22:15:45+00:00\",\"dateModified\":\"2026-03-17T19:41:41+00:00\",\"breadcrumb\":{\"@id\":\"https:\/\/plyro.eu\/ee\/product\/detective-pikachu-returns\/#breadcrumb\"},\"inLanguage\":\"et\",\"potentialAction\":[{\"@type\":\"ReadAction\",\"target\":[\"https:\/\/plyro.eu\/ee\/product\/detective-pikachu-returns\/\"]}]},{\"@type\":\"ImageObject\",\"inLanguage\":\"et\",\"@id\":\"https:\/\/plyro.eu\/ee\/product\/detective-pikachu-returns\/#primaryimage\",\"url\":\"https:\/\/plyro.eu\/ee\/wp-content\/uploads\/2026\/02\/detective-pikachu-returns-835369-3.webp\",\"contentUrl\":\"https:\/\/plyro.eu\/ee\/wp-content\/uploads\/2026\/02\/detective-pikachu-returns-835369-3.webp\",\"width\":600,\"height\":900,\"caption\":\"detective-pikachu-returns-835369.\"},{\"@type\":\"BreadcrumbList\",\"@id\":\"https:\/\/plyro.eu\/ee\/product\/detective-pikachu-returns\/#breadcrumb\",\"itemListElement\":[{\"@type\":\"ListItem\",\"position\":1,\"name\":\"Home\",\"item\":\"https:\/\/plyro.eu\/ee\/\"},{\"@type\":\"ListItem\",\"position\":2,\"name\":\"Kataloog\",\"item\":\"https:\/\/plyro.eu\/ee\/shop-2\/\"},{\"@type\":\"ListItem\",\"position\":3,\"name\":\"Detective Pikachu Returns\"}]},{\"@type\":\"WebSite\",\"@id\":\"https:\/\/plyro.eu\/ee\/#website\",\"url\":\"https:\/\/plyro.eu\/ee\/\",\"name\":\"Plyro EE\",\"description\":\"\",\"publisher\":{\"@id\":\"https:\/\/plyro.eu\/ee\/#organization\"},\"potentialAction\":[{\"@type\":\"SearchAction\",\"target\":{\"@type\":\"EntryPoint\",\"urlTemplate\":\"https:\/\/plyro.eu\/ee\/?s={search_term_string}\"},\"query-input\":{\"@type\":\"PropertyValueSpecification\",\"valueRequired\":true,\"valueName\":\"search_term_string\"}}],\"inLanguage\":\"et\"},{\"@type\":\"Organization\",\"@id\":\"https:\/\/plyro.eu\/ee\/#organization\",\"name\":\"Plyro EE\",\"url\":\"https:\/\/plyro.eu\/ee\/\",\"logo\":{\"@type\":\"ImageObject\",\"inLanguage\":\"et\",\"@id\":\"https:\/\/plyro.eu\/ee\/#\/schema\/logo\/image\/\",\"url\":\"https:\/\/plyro.eu\/ee\/wp-content\/uploads\/2026\/02\/plyro_black_512_transparent-1.png\",\"contentUrl\":\"https:\/\/plyro.eu\/ee\/wp-content\/uploads\/2026\/02\/plyro_black_512_transparent-1.png\",\"width\":512,\"height\":512,\"caption\":\"Plyro EE\"},\"image\":{\"@id\":\"https:\/\/plyro.eu\/ee\/#\/schema\/logo\/image\/\"},\"sameAs\":[\"https:\/\/www.facebook.com\/gamedogEE\/\"]}]}<\/script>\n<!-- \/ Yoast SEO plugin. -->","yoast_head_json":{"title":"Detective Pikachu Returns - Plyro EE","robots":{"index":"index","follow":"follow","max-snippet":"max-snippet:-1","max-image-preview":"max-image-preview:large","max-video-preview":"max-video-preview:-1"},"canonical":"https:\/\/plyro.eu\/ee\/product\/detective-pikachu-returns\/","og_locale":"et_EE","og_type":"article","og_title":"Detective Pikachu Returns - Plyro EE","og_description":"Solve mysteries with the personality-packed Detective Pikachu! Unravel a series of mysteries across Ryme City with a tough-talking, coffee-loving Pikachu who calls himself a great detective. This Pikachu may have a self-assured attitude and talk like a middle-aged man, but he somehow manages to keep his lovable charm. Together with his partner Tim Goodman, this great detective duo cracks several cases with the help of the many Pok\u00e9mon and people who live in Ryme City. Investigate Ryme City, where Pok\u00e9mon and people live side by side! Search for clues in Ryme City, where Pok\u00e9mon and humans coexist in harmony. With the help of many other Pok\u00e9mon, Tim and his talkative Pikachu partner work together to solve a series of mysterious incidents in this cinematic adventure game.","og_url":"https:\/\/plyro.eu\/ee\/product\/detective-pikachu-returns\/","og_site_name":"Plyro EE","article_publisher":"https:\/\/www.facebook.com\/gamedogEE\/","article_modified_time":"2026-03-17T19:41:41+00:00","og_image":[{"width":600,"height":900,"url":"https:\/\/plyro.eu\/ee\/wp-content\/uploads\/2026\/02\/detective-pikachu-returns-835369-3.webp","type":"image\/webp"}],"twitter_card":"summary_large_image","schema":{"@context":"https:\/\/schema.org","@graph":[{"@type":"WebPage","@id":"https:\/\/plyro.eu\/ee\/product\/detective-pikachu-returns\/","url":"https:\/\/plyro.eu\/ee\/product\/detective-pikachu-returns\/","name":"Detective Pikachu Returns - Plyro EE","isPartOf":{"@id":"https:\/\/plyro.eu\/ee\/#website"},"primaryImageOfPage":{"@id":"https:\/\/plyro.eu\/ee\/product\/detective-pikachu-returns\/#primaryimage"},"image":{"@id":"https:\/\/plyro.eu\/ee\/product\/detective-pikachu-returns\/#primaryimage"},"thumbnailUrl":"https:\/\/plyro.eu\/ee\/wp-content\/uploads\/2026\/02\/detective-pikachu-returns-835369-3.webp","datePublished":"2026-02-06T22:15:45+00:00","dateModified":"2026-03-17T19:41:41+00:00","breadcrumb":{"@id":"https:\/\/plyro.eu\/ee\/product\/detective-pikachu-returns\/#breadcrumb"},"inLanguage":"et","potentialAction":[{"@type":"ReadAction","target":["https:\/\/plyro.eu\/ee\/product\/detective-pikachu-returns\/"]}]},{"@type":"ImageObject","inLanguage":"et","@id":"https:\/\/plyro.eu\/ee\/product\/detective-pikachu-returns\/#primaryimage","url":"https:\/\/plyro.eu\/ee\/wp-content\/uploads\/2026\/02\/detective-pikachu-returns-835369-3.webp","contentUrl":"https:\/\/plyro.eu\/ee\/wp-content\/uploads\/2026\/02\/detective-pikachu-returns-835369-3.webp","width":600,"height":900,"caption":"detective-pikachu-returns-835369."},{"@type":"BreadcrumbList","@id":"https:\/\/plyro.eu\/ee\/product\/detective-pikachu-returns\/#breadcrumb","itemListElement":[{"@type":"ListItem","position":1,"name":"Home","item":"https:\/\/plyro.eu\/ee\/"},{"@type":"ListItem","position":2,"name":"Kataloog","item":"https:\/\/plyro.eu\/ee\/shop-2\/"},{"@type":"ListItem","position":3,"name":"Detective Pikachu Returns"}]},{"@type":"WebSite","@id":"https:\/\/plyro.eu\/ee\/#website","url":"https:\/\/plyro.eu\/ee\/","name":"Plyro EE","description":"","publisher":{"@id":"https:\/\/plyro.eu\/ee\/#organization"},"potentialAction":[{"@type":"SearchAction","target":{"@type":"EntryPoint","urlTemplate":"https:\/\/plyro.eu\/ee\/?s={search_term_string}"},"query-input":{"@type":"PropertyValueSpecification","valueRequired":true,"valueName":"search_term_string"}}],"inLanguage":"et"},{"@type":"Organization","@id":"https:\/\/plyro.eu\/ee\/#organization","name":"Plyro EE","url":"https:\/\/plyro.eu\/ee\/","logo":{"@type":"ImageObject","inLanguage":"et","@id":"https:\/\/plyro.eu\/ee\/#\/schema\/logo\/image\/","url":"https:\/\/plyro.eu\/ee\/wp-content\/uploads\/2026\/02\/plyro_black_512_transparent-1.png","contentUrl":"https:\/\/plyro.eu\/ee\/wp-content\/uploads\/2026\/02\/plyro_black_512_transparent-1.png","width":512,"height":512,"caption":"Plyro EE"},"image":{"@id":"https:\/\/plyro.eu\/ee\/#\/schema\/logo\/image\/"},"sameAs":["https:\/\/www.facebook.com\/gamedogEE\/"]}]}},"_links":{"self":[{"href":"https:\/\/plyro.eu\/ee\/wp-json\/wp\/v2\/product\/279573","targetHints":{"allow":["GET"]}}],"collection":[{"href":"https:\/\/plyro.eu\/ee\/wp-json\/wp\/v2\/product"}],"about":[{"href":"https:\/\/plyro.eu\/ee\/wp-json\/wp\/v2\/types\/product"}],"replies":[{"embeddable":true,"href":"https:\/\/plyro.eu\/ee\/wp-json\/wp\/v2\/comments?post=279573"}],"wp:featuredmedia":[{"embeddable":true,"href":"https:\/\/plyro.eu\/ee\/wp-json\/wp\/v2\/media\/279534"}],"wp:attachment":[{"href":"https:\/\/plyro.eu\/ee\/wp-json\/wp\/v2\/media?parent=279573"}],"wp:term":[{"taxonomy":"product_brand","embeddable":true,"href":"https:\/\/plyro.eu\/ee\/wp-json\/wp\/v2\/product_brand?post=279573"},{"taxonomy":"product_cat","embeddable":true,"href":"https:\/\/plyro.eu\/ee\/wp-json\/wp\/v2\/product_cat?post=279573"},{"taxonomy":"product_tag","embeddable":true,"href":"https:\/\/plyro.eu\/ee\/wp-json\/wp\/v2\/product_tag?post=279573"}],"curies":[{"name":"wp","href":"https:\/\/api.w.org\/{rel}","templated":true}]}}