{"id":279547,"date":"2026-02-07T00:14:52","date_gmt":"2026-02-06T22:14:52","guid":{"rendered":"https:\/\/plyro.eu\/ee\/product\/memory-ddr4-corsair-vengeance-rgb-pro-32gb-2-x-16gb-3600mhz\/"},"modified":"2026-03-17T21:11:48","modified_gmt":"2026-03-17T19:11:48","slug":"memory-ddr4-corsair-vengeance-rgb-pro-32gb-2-x-16gb-3600mhz","status":"publish","type":"product","link":"https:\/\/plyro.eu\/ee\/product\/memory-ddr4-corsair-vengeance-rgb-pro-32gb-2-x-16gb-3600mhz\/","title":{"rendered":"Memory DDR4 Corsair Vengeance RGB Pro 32GB (2 x 16GB) 3600MHz"},"content":{"rendered":"<h3>Selle toote kohta<\/h3>\n<p>_x000D_n<\/p>\n<ul>_x000D_n \t<\/p>\n<li>Suure j\u00f5udlusega DDR4-m\u00e4lu valgustab teie s\u00fcsteemi elava, animeeritud valgustusega, mida pakuvad k\u00fcmme \u00fclimalt heledat, individuaalselt adresseeritavat<\/li>\n<p>_x000D_n \t<\/p>\n<li>RGB valgusdioodi mooduli kohta.<\/li>\n<p>_x000D_n \t<\/p>\n<li>V\u00f5ta juhtimine \u00fcle CORSAIR iCUE tarkvara abil ja s\u00fcnkroniseeri valgustus k\u00f5igis oma CORSAIR iCUE-ga \u00fchilduvates toodetes, sealhulgas m\u00e4lu, ventilaatorid, jahutid, klaviatuurid ja muud.<\/li>\n<p>_x000D_n \t<\/p>\n<li>Kohandage valgustusprofiile miljonite erinevate mustrite ja v\u00e4rvidega v\u00f5i looge oma valgustusprofiilid CORSAIR iCUE tarkvaras.<\/li>\n<p>_x000D_n \t<\/p>\n<li>\u00dchildub Inteli ja AMD DDR4 emaplaatidega.<\/li>\n<p>_x000D_n \t<\/p>\n<li>Ei n\u00f5ua lisajuhtmeid ega -kaableid, et tagada puhas ja sujuv paigaldus.<\/li>\n<p>_x000D_n \t<\/p>\n<li>Custom Performance PCB k\u00f5rgeima signaalikvaliteedi ja j\u00f5udluse stabiilsuse tagamiseks.<\/li>\n<p>_x000D_n \t<\/p>\n<li>Hoolikalt s\u00f5elutud IC-d laiendatud \u00fcletaktimispotentsiaali jaoks.<\/li>\n<p>_x000D_n \t<\/p>\n<li>Sisseehitatud alumiiniumist soojusjaotur tagab suurep\u00e4rase m\u00e4lujahutuse isegi \u00fcletaktimisel.<\/li>\n<p>_x000D_n \t<\/p>\n<li>Toetab Intel XMP 2.0 lihtsat \u00fche seadistusega paigaldamist ja optimaalset j\u00f5udlust.<\/li>\n<p>_x000D_n \t<\/p>\n<li>Piiratud eluaegne garantii tagab t\u00e4ieliku meelerahu.<\/li>\n<p>_x000D_n<\/ul>\n","protected":false},"excerpt":{"rendered":"<p>Vengeance Low Profile&#8217;i soojuslevijail on v\u00e4hendatud k\u00f5rgus 1,03\u2033. Need on m\u00f5eldud suure j\u00f5udlusega s\u00fcsteemide jaoks, kus on eriti suured protsessorijahutid, v\u00e4ikese vormifaktori s\u00fcsteemi \u00fclesehitus v\u00f5i mis tahes muu piiratud ruumiga rakendus, kus vajate suure j\u00f5udlusega m\u00e4lu, kuid standardsed Vengeance&#8217;i moodulid ei pruugi sobida.<\/p>\n","protected":false},"featured_media":279498,"comment_status":"open","ping_status":"closed","template":"","meta":{"_acf_changed":false,"inline_featured_image":false},"product_brand":[],"product_cat":[1408],"product_tag":[],"class_list":{"0":"post-279547","1":"product","2":"type-product","3":"status-publish","4":"has-post-thumbnail","6":"product_cat-memory-ram","7":"out-of-stock","9":"first","10":"outofstock","11":"taxable","12":"shipping-taxable","13":"purchasable","14":"product-type-simple"},"acf":[],"yoast_head":"<!-- This site is optimized with the Yoast SEO plugin v24.9 - https:\/\/yoast.com\/wordpress\/plugins\/seo\/ -->\n<title>Memory DDR4 Corsair Vengeance RGB Pro 32GB (2 x 16GB) 3600MHz - Plyro EE<\/title>\n<meta name=\"robots\" content=\"index, follow, max-snippet:-1, max-image-preview:large, max-video-preview:-1\" \/>\n<link rel=\"canonical\" href=\"https:\/\/plyro.eu\/ee\/product\/memory-ddr4-corsair-vengeance-rgb-pro-32gb-2-x-16gb-3600mhz\/\" \/>\n<meta property=\"og:locale\" content=\"et_EE\" \/>\n<meta property=\"og:type\" content=\"article\" \/>\n<meta property=\"og:title\" content=\"Memory DDR4 Corsair Vengeance RGB Pro 32GB (2 x 16GB) 3600MHz - Plyro EE\" \/>\n<meta property=\"og:description\" content=\"Vengeance Low Profile&#039;i soojuslevijail on v\u00e4hendatud k\u00f5rgus 1,03\u2033. Need on m\u00f5eldud suure j\u00f5udlusega s\u00fcsteemide jaoks, kus on eriti suured protsessorijahutid, v\u00e4ikese vormifaktori s\u00fcsteemi \u00fclesehitus v\u00f5i mis tahes muu piiratud ruumiga rakendus, kus vajate suure j\u00f5udlusega m\u00e4lu, kuid standardsed Vengeance&#039;i moodulid ei pruugi sobida.\" \/>\n<meta property=\"og:url\" content=\"https:\/\/plyro.eu\/ee\/product\/memory-ddr4-corsair-vengeance-rgb-pro-32gb-2-x-16gb-3600mhz\/\" \/>\n<meta property=\"og:site_name\" content=\"Plyro EE\" \/>\n<meta property=\"article:publisher\" content=\"https:\/\/www.facebook.com\/gamedogEE\/\" \/>\n<meta property=\"article:modified_time\" content=\"2026-03-17T19:11:48+00:00\" \/>\n<meta property=\"og:image\" content=\"https:\/\/plyro.eu\/ee\/wp-content\/uploads\/2026\/02\/71e6YWJio-L-AC-SL1500-1-2.jpg\" \/>\n\t<meta property=\"og:image:width\" content=\"1000\" \/>\n\t<meta property=\"og:image:height\" content=\"523\" \/>\n\t<meta property=\"og:image:type\" content=\"image\/jpeg\" \/>\n<meta name=\"twitter:card\" content=\"summary_large_image\" \/>\n<meta name=\"twitter:label1\" content=\"Est. reading time\" \/>\n\t<meta name=\"twitter:data1\" content=\"1 minut\" \/>\n<script type=\"application\/ld+json\" class=\"yoast-schema-graph\">{\"@context\":\"https:\/\/schema.org\",\"@graph\":[{\"@type\":\"WebPage\",\"@id\":\"https:\/\/plyro.eu\/ee\/product\/memory-ddr4-corsair-vengeance-rgb-pro-32gb-2-x-16gb-3600mhz\/\",\"url\":\"https:\/\/plyro.eu\/ee\/product\/memory-ddr4-corsair-vengeance-rgb-pro-32gb-2-x-16gb-3600mhz\/\",\"name\":\"Memory DDR4 Corsair Vengeance RGB Pro 32GB (2 x 16GB) 3600MHz - Plyro EE\",\"isPartOf\":{\"@id\":\"https:\/\/plyro.eu\/ee\/#website\"},\"primaryImageOfPage\":{\"@id\":\"https:\/\/plyro.eu\/ee\/product\/memory-ddr4-corsair-vengeance-rgb-pro-32gb-2-x-16gb-3600mhz\/#primaryimage\"},\"image\":{\"@id\":\"https:\/\/plyro.eu\/ee\/product\/memory-ddr4-corsair-vengeance-rgb-pro-32gb-2-x-16gb-3600mhz\/#primaryimage\"},\"thumbnailUrl\":\"https:\/\/plyro.eu\/ee\/wp-content\/uploads\/2026\/02\/71e6YWJio-L-AC-SL1500-1-2.jpg\",\"datePublished\":\"2026-02-06T22:14:52+00:00\",\"dateModified\":\"2026-03-17T19:11:48+00:00\",\"breadcrumb\":{\"@id\":\"https:\/\/plyro.eu\/ee\/product\/memory-ddr4-corsair-vengeance-rgb-pro-32gb-2-x-16gb-3600mhz\/#breadcrumb\"},\"inLanguage\":\"et\",\"potentialAction\":[{\"@type\":\"ReadAction\",\"target\":[\"https:\/\/plyro.eu\/ee\/product\/memory-ddr4-corsair-vengeance-rgb-pro-32gb-2-x-16gb-3600mhz\/\"]}]},{\"@type\":\"ImageObject\",\"inLanguage\":\"et\",\"@id\":\"https:\/\/plyro.eu\/ee\/product\/memory-ddr4-corsair-vengeance-rgb-pro-32gb-2-x-16gb-3600mhz\/#primaryimage\",\"url\":\"https:\/\/plyro.eu\/ee\/wp-content\/uploads\/2026\/02\/71e6YWJio-L-AC-SL1500-1-2.jpg\",\"contentUrl\":\"https:\/\/plyro.eu\/ee\/wp-content\/uploads\/2026\/02\/71e6YWJio-L-AC-SL1500-1-2.jpg\",\"width\":1000,\"height\":523,\"caption\":\"71e6YWJio-L-AC-SL1500-\"},{\"@type\":\"BreadcrumbList\",\"@id\":\"https:\/\/plyro.eu\/ee\/product\/memory-ddr4-corsair-vengeance-rgb-pro-32gb-2-x-16gb-3600mhz\/#breadcrumb\",\"itemListElement\":[{\"@type\":\"ListItem\",\"position\":1,\"name\":\"Home\",\"item\":\"https:\/\/plyro.eu\/ee\/\"},{\"@type\":\"ListItem\",\"position\":2,\"name\":\"Kataloog\",\"item\":\"https:\/\/plyro.eu\/ee\/shop-2\/\"},{\"@type\":\"ListItem\",\"position\":3,\"name\":\"Memory DDR4 Corsair Vengeance RGB Pro 32GB (2 x 16GB) 3600MHz\"}]},{\"@type\":\"WebSite\",\"@id\":\"https:\/\/plyro.eu\/ee\/#website\",\"url\":\"https:\/\/plyro.eu\/ee\/\",\"name\":\"Plyro EE\",\"description\":\"\",\"publisher\":{\"@id\":\"https:\/\/plyro.eu\/ee\/#organization\"},\"potentialAction\":[{\"@type\":\"SearchAction\",\"target\":{\"@type\":\"EntryPoint\",\"urlTemplate\":\"https:\/\/plyro.eu\/ee\/?s={search_term_string}\"},\"query-input\":{\"@type\":\"PropertyValueSpecification\",\"valueRequired\":true,\"valueName\":\"search_term_string\"}}],\"inLanguage\":\"et\"},{\"@type\":\"Organization\",\"@id\":\"https:\/\/plyro.eu\/ee\/#organization\",\"name\":\"Plyro EE\",\"url\":\"https:\/\/plyro.eu\/ee\/\",\"logo\":{\"@type\":\"ImageObject\",\"inLanguage\":\"et\",\"@id\":\"https:\/\/plyro.eu\/ee\/#\/schema\/logo\/image\/\",\"url\":\"https:\/\/plyro.eu\/ee\/wp-content\/uploads\/2026\/02\/plyro_black_512_transparent-1.png\",\"contentUrl\":\"https:\/\/plyro.eu\/ee\/wp-content\/uploads\/2026\/02\/plyro_black_512_transparent-1.png\",\"width\":512,\"height\":512,\"caption\":\"Plyro EE\"},\"image\":{\"@id\":\"https:\/\/plyro.eu\/ee\/#\/schema\/logo\/image\/\"},\"sameAs\":[\"https:\/\/www.facebook.com\/gamedogEE\/\"]}]}<\/script>\n<!-- \/ Yoast SEO plugin. -->","yoast_head_json":{"title":"Memory DDR4 Corsair Vengeance RGB Pro 32GB (2 x 16GB) 3600MHz - Plyro EE","robots":{"index":"index","follow":"follow","max-snippet":"max-snippet:-1","max-image-preview":"max-image-preview:large","max-video-preview":"max-video-preview:-1"},"canonical":"https:\/\/plyro.eu\/ee\/product\/memory-ddr4-corsair-vengeance-rgb-pro-32gb-2-x-16gb-3600mhz\/","og_locale":"et_EE","og_type":"article","og_title":"Memory DDR4 Corsair Vengeance RGB Pro 32GB (2 x 16GB) 3600MHz - Plyro EE","og_description":"Vengeance Low Profile'i soojuslevijail on v\u00e4hendatud k\u00f5rgus 1,03\u2033. Need on m\u00f5eldud suure j\u00f5udlusega s\u00fcsteemide jaoks, kus on eriti suured protsessorijahutid, v\u00e4ikese vormifaktori s\u00fcsteemi \u00fclesehitus v\u00f5i mis tahes muu piiratud ruumiga rakendus, kus vajate suure j\u00f5udlusega m\u00e4lu, kuid standardsed Vengeance'i moodulid ei pruugi sobida.","og_url":"https:\/\/plyro.eu\/ee\/product\/memory-ddr4-corsair-vengeance-rgb-pro-32gb-2-x-16gb-3600mhz\/","og_site_name":"Plyro EE","article_publisher":"https:\/\/www.facebook.com\/gamedogEE\/","article_modified_time":"2026-03-17T19:11:48+00:00","og_image":[{"width":1000,"height":523,"url":"https:\/\/plyro.eu\/ee\/wp-content\/uploads\/2026\/02\/71e6YWJio-L-AC-SL1500-1-2.jpg","type":"image\/jpeg"}],"twitter_card":"summary_large_image","twitter_misc":{"Est. reading time":"1 minut"},"schema":{"@context":"https:\/\/schema.org","@graph":[{"@type":"WebPage","@id":"https:\/\/plyro.eu\/ee\/product\/memory-ddr4-corsair-vengeance-rgb-pro-32gb-2-x-16gb-3600mhz\/","url":"https:\/\/plyro.eu\/ee\/product\/memory-ddr4-corsair-vengeance-rgb-pro-32gb-2-x-16gb-3600mhz\/","name":"Memory DDR4 Corsair Vengeance RGB Pro 32GB (2 x 16GB) 3600MHz - Plyro EE","isPartOf":{"@id":"https:\/\/plyro.eu\/ee\/#website"},"primaryImageOfPage":{"@id":"https:\/\/plyro.eu\/ee\/product\/memory-ddr4-corsair-vengeance-rgb-pro-32gb-2-x-16gb-3600mhz\/#primaryimage"},"image":{"@id":"https:\/\/plyro.eu\/ee\/product\/memory-ddr4-corsair-vengeance-rgb-pro-32gb-2-x-16gb-3600mhz\/#primaryimage"},"thumbnailUrl":"https:\/\/plyro.eu\/ee\/wp-content\/uploads\/2026\/02\/71e6YWJio-L-AC-SL1500-1-2.jpg","datePublished":"2026-02-06T22:14:52+00:00","dateModified":"2026-03-17T19:11:48+00:00","breadcrumb":{"@id":"https:\/\/plyro.eu\/ee\/product\/memory-ddr4-corsair-vengeance-rgb-pro-32gb-2-x-16gb-3600mhz\/#breadcrumb"},"inLanguage":"et","potentialAction":[{"@type":"ReadAction","target":["https:\/\/plyro.eu\/ee\/product\/memory-ddr4-corsair-vengeance-rgb-pro-32gb-2-x-16gb-3600mhz\/"]}]},{"@type":"ImageObject","inLanguage":"et","@id":"https:\/\/plyro.eu\/ee\/product\/memory-ddr4-corsair-vengeance-rgb-pro-32gb-2-x-16gb-3600mhz\/#primaryimage","url":"https:\/\/plyro.eu\/ee\/wp-content\/uploads\/2026\/02\/71e6YWJio-L-AC-SL1500-1-2.jpg","contentUrl":"https:\/\/plyro.eu\/ee\/wp-content\/uploads\/2026\/02\/71e6YWJio-L-AC-SL1500-1-2.jpg","width":1000,"height":523,"caption":"71e6YWJio-L-AC-SL1500-"},{"@type":"BreadcrumbList","@id":"https:\/\/plyro.eu\/ee\/product\/memory-ddr4-corsair-vengeance-rgb-pro-32gb-2-x-16gb-3600mhz\/#breadcrumb","itemListElement":[{"@type":"ListItem","position":1,"name":"Home","item":"https:\/\/plyro.eu\/ee\/"},{"@type":"ListItem","position":2,"name":"Kataloog","item":"https:\/\/plyro.eu\/ee\/shop-2\/"},{"@type":"ListItem","position":3,"name":"Memory DDR4 Corsair Vengeance RGB Pro 32GB (2 x 16GB) 3600MHz"}]},{"@type":"WebSite","@id":"https:\/\/plyro.eu\/ee\/#website","url":"https:\/\/plyro.eu\/ee\/","name":"Plyro EE","description":"","publisher":{"@id":"https:\/\/plyro.eu\/ee\/#organization"},"potentialAction":[{"@type":"SearchAction","target":{"@type":"EntryPoint","urlTemplate":"https:\/\/plyro.eu\/ee\/?s={search_term_string}"},"query-input":{"@type":"PropertyValueSpecification","valueRequired":true,"valueName":"search_term_string"}}],"inLanguage":"et"},{"@type":"Organization","@id":"https:\/\/plyro.eu\/ee\/#organization","name":"Plyro EE","url":"https:\/\/plyro.eu\/ee\/","logo":{"@type":"ImageObject","inLanguage":"et","@id":"https:\/\/plyro.eu\/ee\/#\/schema\/logo\/image\/","url":"https:\/\/plyro.eu\/ee\/wp-content\/uploads\/2026\/02\/plyro_black_512_transparent-1.png","contentUrl":"https:\/\/plyro.eu\/ee\/wp-content\/uploads\/2026\/02\/plyro_black_512_transparent-1.png","width":512,"height":512,"caption":"Plyro EE"},"image":{"@id":"https:\/\/plyro.eu\/ee\/#\/schema\/logo\/image\/"},"sameAs":["https:\/\/www.facebook.com\/gamedogEE\/"]}]}},"_links":{"self":[{"href":"https:\/\/plyro.eu\/ee\/wp-json\/wp\/v2\/product\/279547","targetHints":{"allow":["GET"]}}],"collection":[{"href":"https:\/\/plyro.eu\/ee\/wp-json\/wp\/v2\/product"}],"about":[{"href":"https:\/\/plyro.eu\/ee\/wp-json\/wp\/v2\/types\/product"}],"replies":[{"embeddable":true,"href":"https:\/\/plyro.eu\/ee\/wp-json\/wp\/v2\/comments?post=279547"}],"wp:featuredmedia":[{"embeddable":true,"href":"https:\/\/plyro.eu\/ee\/wp-json\/wp\/v2\/media\/279498"}],"wp:attachment":[{"href":"https:\/\/plyro.eu\/ee\/wp-json\/wp\/v2\/media?parent=279547"}],"wp:term":[{"taxonomy":"product_brand","embeddable":true,"href":"https:\/\/plyro.eu\/ee\/wp-json\/wp\/v2\/product_brand?post=279547"},{"taxonomy":"product_cat","embeddable":true,"href":"https:\/\/plyro.eu\/ee\/wp-json\/wp\/v2\/product_cat?post=279547"},{"taxonomy":"product_tag","embeddable":true,"href":"https:\/\/plyro.eu\/ee\/wp-json\/wp\/v2\/product_tag?post=279547"}],"curies":[{"name":"wp","href":"https:\/\/api.w.org\/{rel}","templated":true}]}}