{"id":278629,"date":"2026-02-06T23:48:16","date_gmt":"2026-02-06T21:48:16","guid":{"rendered":"https:\/\/plyro.eu\/ee\/product\/pokemon-new-pokemon-snap\/"},"modified":"2026-03-17T21:58:16","modified_gmt":"2026-03-17T19:58:16","slug":"pokemon-new-pokemon-snap","status":"publish","type":"product","link":"https:\/\/plyro.eu\/ee\/product\/pokemon-new-pokemon-snap\/","title":{"rendered":"Pokemon: New Pokemon Snap"},"content":{"rendered":"<p><span>Photograph Pok\u00e9mon in their natural habitats as you adventure through unknown islands!<\/span><\/p>\n<p><span>Seek out and take in-game pictures of Pok\u00e9mon in their native environments in the New Pok\u00e9mon\u2122 Snap game, only for the Nintendo Switch\u2122 system! You&#8217;ll even discover behaviors and expressions you&#8217;ve never seen before when you encounter and research lively wild Pok\u00e9mon.<\/span><\/p>\n<p><span>Explore environments, take in-game pictures and fill your Pok\u00e9mon Photodex<\/span><\/p>\n<p><span>Travel to unknown islands with beautiful scenery like lush jungles and sandy beaches. The Pok\u00e9mon pictures you take there will be used to build your very own Pok\u00e9mon Photodex!<\/span><\/p>\n<p><span>This brand-new game brings the gameplay of the 1999 Pok\u00e9mon Snap game for the Nintendo 64\u2122 system to life on the Nintendo Switch system with unknown islands to discover and different Pok\u00e9mon to see!<\/span><\/p>\n<p><span>Photograph lively wild Pok\u00e9mon in their natural habitats as you research and explore unknown islands. Journey through a variety of environments such as beaches and jungles to capture previously-unseen Pok\u00e9mon behaviors. The photos you take can also be used to fill out your very own Pok\u00e9mon Photodex!<\/span><\/p>\n","protected":false},"excerpt":{"rendered":"<p>See a different side of Pok\u00e9mon in a new photo-snapping adventure, only on Nintendo Switch<br \/>\nResearch various Pok\u00e9mon in their natural habitats and capture Pok\u00e9mon behaviors that you\u2019ve never seen before<br \/>\nExplore unknown islands with scenery like lush jungles and tropical beaches throughout your journey<br \/>\nTake in-game photos to make your very own Pok\u00e9mon Photodex<\/p>\n","protected":false},"featured_media":278564,"comment_status":"open","ping_status":"closed","template":"","meta":{"_acf_changed":false,"inline_featured_image":false},"product_brand":[],"product_cat":[1436],"product_tag":[],"class_list":{"0":"post-278629","1":"product","2":"type-product","3":"status-publish","4":"has-post-thumbnail","6":"product_cat-all-games","7":"out-of-stock","9":"first","10":"outofstock","11":"taxable","12":"shipping-taxable","13":"purchasable","14":"product-type-variable"},"acf":[],"yoast_head":"<!-- This site is optimized with the Yoast SEO plugin v24.9 - https:\/\/yoast.com\/wordpress\/plugins\/seo\/ -->\n<title>Pokemon: New Pokemon Snap - Plyro EE<\/title>\n<meta name=\"robots\" content=\"index, follow, max-snippet:-1, max-image-preview:large, max-video-preview:-1\" \/>\n<link rel=\"canonical\" href=\"https:\/\/plyro.eu\/ee\/product\/pokemon-new-pokemon-snap\/\" \/>\n<meta property=\"og:locale\" content=\"et_EE\" \/>\n<meta property=\"og:type\" content=\"article\" \/>\n<meta property=\"og:title\" content=\"Pokemon: New Pokemon Snap - Plyro EE\" \/>\n<meta property=\"og:description\" content=\"See a different side of Pok\u00e9mon in a new photo-snapping adventure, only on Nintendo Switch Research various Pok\u00e9mon in their natural habitats and capture Pok\u00e9mon behaviors that you\u2019ve never seen before Explore unknown islands with scenery like lush jungles and tropical beaches throughout your journey Take in-game photos to make your very own Pok\u00e9mon Photodex\" \/>\n<meta property=\"og:url\" content=\"https:\/\/plyro.eu\/ee\/product\/pokemon-new-pokemon-snap\/\" \/>\n<meta property=\"og:site_name\" content=\"Plyro EE\" \/>\n<meta property=\"article:publisher\" content=\"https:\/\/www.facebook.com\/gamedogEE\/\" \/>\n<meta property=\"article:modified_time\" content=\"2026-03-17T19:58:16+00:00\" \/>\n<meta property=\"og:image\" content=\"https:\/\/plyro.eu\/ee\/wp-content\/uploads\/2026\/02\/new-pokemon-snap-656961-10-3.jpg\" \/>\n\t<meta property=\"og:image:width\" content=\"703\" \/>\n\t<meta property=\"og:image:height\" content=\"1000\" \/>\n\t<meta property=\"og:image:type\" content=\"image\/jpeg\" \/>\n<meta name=\"twitter:card\" content=\"summary_large_image\" \/>\n<meta name=\"twitter:label1\" content=\"Est. reading time\" \/>\n\t<meta name=\"twitter:data1\" content=\"1 minut\" \/>\n<script type=\"application\/ld+json\" class=\"yoast-schema-graph\">{\"@context\":\"https:\/\/schema.org\",\"@graph\":[{\"@type\":\"WebPage\",\"@id\":\"https:\/\/plyro.eu\/ee\/product\/pokemon-new-pokemon-snap\/\",\"url\":\"https:\/\/plyro.eu\/ee\/product\/pokemon-new-pokemon-snap\/\",\"name\":\"Pokemon: New Pokemon Snap - Plyro EE\",\"isPartOf\":{\"@id\":\"https:\/\/plyro.eu\/ee\/#website\"},\"primaryImageOfPage\":{\"@id\":\"https:\/\/plyro.eu\/ee\/product\/pokemon-new-pokemon-snap\/#primaryimage\"},\"image\":{\"@id\":\"https:\/\/plyro.eu\/ee\/product\/pokemon-new-pokemon-snap\/#primaryimage\"},\"thumbnailUrl\":\"https:\/\/plyro.eu\/ee\/wp-content\/uploads\/2026\/02\/new-pokemon-snap-656961-10-3.jpg\",\"datePublished\":\"2026-02-06T21:48:16+00:00\",\"dateModified\":\"2026-03-17T19:58:16+00:00\",\"breadcrumb\":{\"@id\":\"https:\/\/plyro.eu\/ee\/product\/pokemon-new-pokemon-snap\/#breadcrumb\"},\"inLanguage\":\"et\",\"potentialAction\":[{\"@type\":\"ReadAction\",\"target\":[\"https:\/\/plyro.eu\/ee\/product\/pokemon-new-pokemon-snap\/\"]}]},{\"@type\":\"ImageObject\",\"inLanguage\":\"et\",\"@id\":\"https:\/\/plyro.eu\/ee\/product\/pokemon-new-pokemon-snap\/#primaryimage\",\"url\":\"https:\/\/plyro.eu\/ee\/wp-content\/uploads\/2026\/02\/new-pokemon-snap-656961-10-3.jpg\",\"contentUrl\":\"https:\/\/plyro.eu\/ee\/wp-content\/uploads\/2026\/02\/new-pokemon-snap-656961-10-3.jpg\",\"width\":703,\"height\":1000,\"caption\":\"new-pokemon-snap-656961-10\"},{\"@type\":\"BreadcrumbList\",\"@id\":\"https:\/\/plyro.eu\/ee\/product\/pokemon-new-pokemon-snap\/#breadcrumb\",\"itemListElement\":[{\"@type\":\"ListItem\",\"position\":1,\"name\":\"Home\",\"item\":\"https:\/\/plyro.eu\/ee\/\"},{\"@type\":\"ListItem\",\"position\":2,\"name\":\"Kataloog\",\"item\":\"https:\/\/plyro.eu\/ee\/shop-2\/\"},{\"@type\":\"ListItem\",\"position\":3,\"name\":\"Pokemon: New Pokemon Snap\"}]},{\"@type\":\"WebSite\",\"@id\":\"https:\/\/plyro.eu\/ee\/#website\",\"url\":\"https:\/\/plyro.eu\/ee\/\",\"name\":\"Plyro EE\",\"description\":\"\",\"publisher\":{\"@id\":\"https:\/\/plyro.eu\/ee\/#organization\"},\"potentialAction\":[{\"@type\":\"SearchAction\",\"target\":{\"@type\":\"EntryPoint\",\"urlTemplate\":\"https:\/\/plyro.eu\/ee\/?s={search_term_string}\"},\"query-input\":{\"@type\":\"PropertyValueSpecification\",\"valueRequired\":true,\"valueName\":\"search_term_string\"}}],\"inLanguage\":\"et\"},{\"@type\":\"Organization\",\"@id\":\"https:\/\/plyro.eu\/ee\/#organization\",\"name\":\"Plyro EE\",\"url\":\"https:\/\/plyro.eu\/ee\/\",\"logo\":{\"@type\":\"ImageObject\",\"inLanguage\":\"et\",\"@id\":\"https:\/\/plyro.eu\/ee\/#\/schema\/logo\/image\/\",\"url\":\"https:\/\/plyro.eu\/ee\/wp-content\/uploads\/2026\/02\/plyro_black_512_transparent-1.png\",\"contentUrl\":\"https:\/\/plyro.eu\/ee\/wp-content\/uploads\/2026\/02\/plyro_black_512_transparent-1.png\",\"width\":512,\"height\":512,\"caption\":\"Plyro EE\"},\"image\":{\"@id\":\"https:\/\/plyro.eu\/ee\/#\/schema\/logo\/image\/\"},\"sameAs\":[\"https:\/\/www.facebook.com\/gamedogEE\/\"]}]}<\/script>\n<!-- \/ Yoast SEO plugin. -->","yoast_head_json":{"title":"Pokemon: New Pokemon Snap - Plyro EE","robots":{"index":"index","follow":"follow","max-snippet":"max-snippet:-1","max-image-preview":"max-image-preview:large","max-video-preview":"max-video-preview:-1"},"canonical":"https:\/\/plyro.eu\/ee\/product\/pokemon-new-pokemon-snap\/","og_locale":"et_EE","og_type":"article","og_title":"Pokemon: New Pokemon Snap - Plyro EE","og_description":"See a different side of Pok\u00e9mon in a new photo-snapping adventure, only on Nintendo Switch Research various Pok\u00e9mon in their natural habitats and capture Pok\u00e9mon behaviors that you\u2019ve never seen before Explore unknown islands with scenery like lush jungles and tropical beaches throughout your journey Take in-game photos to make your very own Pok\u00e9mon Photodex","og_url":"https:\/\/plyro.eu\/ee\/product\/pokemon-new-pokemon-snap\/","og_site_name":"Plyro EE","article_publisher":"https:\/\/www.facebook.com\/gamedogEE\/","article_modified_time":"2026-03-17T19:58:16+00:00","og_image":[{"width":703,"height":1000,"url":"https:\/\/plyro.eu\/ee\/wp-content\/uploads\/2026\/02\/new-pokemon-snap-656961-10-3.jpg","type":"image\/jpeg"}],"twitter_card":"summary_large_image","twitter_misc":{"Est. reading time":"1 minut"},"schema":{"@context":"https:\/\/schema.org","@graph":[{"@type":"WebPage","@id":"https:\/\/plyro.eu\/ee\/product\/pokemon-new-pokemon-snap\/","url":"https:\/\/plyro.eu\/ee\/product\/pokemon-new-pokemon-snap\/","name":"Pokemon: New Pokemon Snap - Plyro EE","isPartOf":{"@id":"https:\/\/plyro.eu\/ee\/#website"},"primaryImageOfPage":{"@id":"https:\/\/plyro.eu\/ee\/product\/pokemon-new-pokemon-snap\/#primaryimage"},"image":{"@id":"https:\/\/plyro.eu\/ee\/product\/pokemon-new-pokemon-snap\/#primaryimage"},"thumbnailUrl":"https:\/\/plyro.eu\/ee\/wp-content\/uploads\/2026\/02\/new-pokemon-snap-656961-10-3.jpg","datePublished":"2026-02-06T21:48:16+00:00","dateModified":"2026-03-17T19:58:16+00:00","breadcrumb":{"@id":"https:\/\/plyro.eu\/ee\/product\/pokemon-new-pokemon-snap\/#breadcrumb"},"inLanguage":"et","potentialAction":[{"@type":"ReadAction","target":["https:\/\/plyro.eu\/ee\/product\/pokemon-new-pokemon-snap\/"]}]},{"@type":"ImageObject","inLanguage":"et","@id":"https:\/\/plyro.eu\/ee\/product\/pokemon-new-pokemon-snap\/#primaryimage","url":"https:\/\/plyro.eu\/ee\/wp-content\/uploads\/2026\/02\/new-pokemon-snap-656961-10-3.jpg","contentUrl":"https:\/\/plyro.eu\/ee\/wp-content\/uploads\/2026\/02\/new-pokemon-snap-656961-10-3.jpg","width":703,"height":1000,"caption":"new-pokemon-snap-656961-10"},{"@type":"BreadcrumbList","@id":"https:\/\/plyro.eu\/ee\/product\/pokemon-new-pokemon-snap\/#breadcrumb","itemListElement":[{"@type":"ListItem","position":1,"name":"Home","item":"https:\/\/plyro.eu\/ee\/"},{"@type":"ListItem","position":2,"name":"Kataloog","item":"https:\/\/plyro.eu\/ee\/shop-2\/"},{"@type":"ListItem","position":3,"name":"Pokemon: New Pokemon Snap"}]},{"@type":"WebSite","@id":"https:\/\/plyro.eu\/ee\/#website","url":"https:\/\/plyro.eu\/ee\/","name":"Plyro EE","description":"","publisher":{"@id":"https:\/\/plyro.eu\/ee\/#organization"},"potentialAction":[{"@type":"SearchAction","target":{"@type":"EntryPoint","urlTemplate":"https:\/\/plyro.eu\/ee\/?s={search_term_string}"},"query-input":{"@type":"PropertyValueSpecification","valueRequired":true,"valueName":"search_term_string"}}],"inLanguage":"et"},{"@type":"Organization","@id":"https:\/\/plyro.eu\/ee\/#organization","name":"Plyro EE","url":"https:\/\/plyro.eu\/ee\/","logo":{"@type":"ImageObject","inLanguage":"et","@id":"https:\/\/plyro.eu\/ee\/#\/schema\/logo\/image\/","url":"https:\/\/plyro.eu\/ee\/wp-content\/uploads\/2026\/02\/plyro_black_512_transparent-1.png","contentUrl":"https:\/\/plyro.eu\/ee\/wp-content\/uploads\/2026\/02\/plyro_black_512_transparent-1.png","width":512,"height":512,"caption":"Plyro EE"},"image":{"@id":"https:\/\/plyro.eu\/ee\/#\/schema\/logo\/image\/"},"sameAs":["https:\/\/www.facebook.com\/gamedogEE\/"]}]}},"_links":{"self":[{"href":"https:\/\/plyro.eu\/ee\/wp-json\/wp\/v2\/product\/278629","targetHints":{"allow":["GET"]}}],"collection":[{"href":"https:\/\/plyro.eu\/ee\/wp-json\/wp\/v2\/product"}],"about":[{"href":"https:\/\/plyro.eu\/ee\/wp-json\/wp\/v2\/types\/product"}],"replies":[{"embeddable":true,"href":"https:\/\/plyro.eu\/ee\/wp-json\/wp\/v2\/comments?post=278629"}],"wp:featuredmedia":[{"embeddable":true,"href":"https:\/\/plyro.eu\/ee\/wp-json\/wp\/v2\/media\/278564"}],"wp:attachment":[{"href":"https:\/\/plyro.eu\/ee\/wp-json\/wp\/v2\/media?parent=278629"}],"wp:term":[{"taxonomy":"product_brand","embeddable":true,"href":"https:\/\/plyro.eu\/ee\/wp-json\/wp\/v2\/product_brand?post=278629"},{"taxonomy":"product_cat","embeddable":true,"href":"https:\/\/plyro.eu\/ee\/wp-json\/wp\/v2\/product_cat?post=278629"},{"taxonomy":"product_tag","embeddable":true,"href":"https:\/\/plyro.eu\/ee\/wp-json\/wp\/v2\/product_tag?post=278629"}],"curies":[{"name":"wp","href":"https:\/\/api.w.org\/{rel}","templated":true}]}}