{"id":278365,"date":"2026-02-06T23:41:34","date_gmt":"2026-02-06T21:41:34","guid":{"rendered":"https:\/\/plyro.eu\/ee\/product\/minecraft-java-bedrock-edition-pc-activation-key\/"},"modified":"2026-03-17T21:07:36","modified_gmt":"2026-03-17T19:07:36","slug":"minecraft-java-bedrock-edition-pc-activation-key","status":"publish","type":"product","link":"https:\/\/plyro.eu\/ee\/product\/minecraft-java-bedrock-edition-pc-activation-key\/","title":{"rendered":"Minecraft: Java &amp; Bedrock Edition (PC) Activation Key"},"content":{"rendered":"","protected":false},"excerpt":{"rendered":"<ul class=\"a-unordered-list a-vertical a-spacing-mini\">_x000D_n \t<\/p>\n<li class=\"a-spacing-mini\">Ei ole vaja valida! Saate m\u00f5lema v\u00e4ljaande parimad omadused \u00fche ostuga. Minecraft: Minecraft: Java Edition ja Minecraft: Bedrock Edition on n\u00fc\u00fcd pakettpakett Windowsile.<\/li>\n<p>_x000D_n \t<\/p>\n<li class=\"a-spacing-mini\">Kaks m\u00e4ngu, \u00fcks launcher! N\u00fc\u00fcd saad mugavalt ligip\u00e4\u00e4su nii Java- kui ka Bedrock Editionile samast k\u00e4ivitusprogrammist.<\/li>\n<p>_x000D_n \t<\/p>\n<li class=\"a-spacing-mini\">Rohkem cross-play v\u00f5imalusi! Saate ristm\u00e4ngida mis tahes Minecrafteriga, vahetades lihtsalt selle v\u00e4ljaande vastu, mis on teie s\u00f5pradel!<\/li>\n<p>_x000D_n \t<\/p>\n<li class=\"a-spacing-mini\">N\u00fc\u00fcd saad nautida kahekordset kaevandamist ja kahekordset meisterdamist &#8211; rohkemate Minecrafteritega kui kunagi varem.<\/li>\n<p>_x000D_n \t<\/p>\n<li class=\"a-spacing-mini\">Avastage v\u00f5imsaid m\u00e4gesid ja elavaid ookeane l\u00f5pututes maailmades, h\u00e4mmastavaid kogukonna loodud kaarte, servereid, p\u00f5nevaid minim\u00e4nge ja palju muud!<\/li>\n<p>_x000D_n<\/ul>\n","protected":false},"featured_media":278181,"comment_status":"open","ping_status":"closed","template":"","meta":{"_acf_changed":false,"inline_featured_image":false},"product_brand":[],"product_cat":[1397],"product_tag":[],"class_list":{"0":"post-278365","1":"product","2":"type-product","3":"status-publish","4":"has-post-thumbnail","6":"product_cat-pc-games","7":"out-of-stock","9":"first","10":"outofstock","11":"taxable","12":"shipping-taxable","13":"purchasable","14":"product-type-simple"},"acf":[],"yoast_head":"<!-- This site is optimized with the Yoast SEO plugin v24.9 - https:\/\/yoast.com\/wordpress\/plugins\/seo\/ -->\n<title>Minecraft: Java &amp; Bedrock Edition (PC) Activation Key - Plyro EE<\/title>\n<meta name=\"robots\" content=\"index, follow, max-snippet:-1, max-image-preview:large, max-video-preview:-1\" \/>\n<link rel=\"canonical\" href=\"https:\/\/plyro.eu\/ee\/product\/minecraft-java-bedrock-edition-pc-activation-key\/\" \/>\n<meta property=\"og:locale\" content=\"et_EE\" \/>\n<meta property=\"og:type\" content=\"article\" \/>\n<meta property=\"og:title\" content=\"Minecraft: Java &amp; Bedrock Edition (PC) Activation Key - Plyro EE\" \/>\n<meta property=\"og:description\" content=\"_x000D_n Ei ole vaja valida! Saate m\u00f5lema v\u00e4ljaande parimad omadused \u00fche ostuga. Minecraft: Minecraft: Java Edition ja Minecraft: Bedrock Edition on n\u00fc\u00fcd pakettpakett Windowsile._x000D_n Kaks m\u00e4ngu, \u00fcks launcher! N\u00fc\u00fcd saad mugavalt ligip\u00e4\u00e4su nii Java- kui ka Bedrock Editionile samast k\u00e4ivitusprogrammist._x000D_n Rohkem cross-play v\u00f5imalusi! Saate ristm\u00e4ngida mis tahes Minecrafteriga, vahetades lihtsalt selle v\u00e4ljaande vastu, mis on teie s\u00f5pradel!_x000D_n N\u00fc\u00fcd saad nautida kahekordset kaevandamist ja kahekordset meisterdamist - rohkemate Minecrafteritega kui kunagi varem._x000D_n Avastage v\u00f5imsaid m\u00e4gesid ja elavaid ookeane l\u00f5pututes maailmades, h\u00e4mmastavaid kogukonna loodud kaarte, servereid, p\u00f5nevaid minim\u00e4nge ja palju muud!_x000D_n\" \/>\n<meta property=\"og:url\" content=\"https:\/\/plyro.eu\/ee\/product\/minecraft-java-bedrock-edition-pc-activation-key\/\" \/>\n<meta property=\"og:site_name\" content=\"Plyro EE\" \/>\n<meta property=\"article:publisher\" content=\"https:\/\/www.facebook.com\/gamedogEE\/\" \/>\n<meta property=\"article:modified_time\" content=\"2026-03-17T19:07:36+00:00\" \/>\n<meta property=\"og:image\" content=\"https:\/\/plyro.eu\/ee\/wp-content\/uploads\/2026\/02\/Dbdx7ihzJk48bASi-G0jHEgx2obfGYE-tNyWsjtJ4a4-350x200-1x-0.webp\" \/>\n\t<meta property=\"og:image:width\" content=\"350\" \/>\n\t<meta property=\"og:image:height\" content=\"494\" \/>\n\t<meta property=\"og:image:type\" content=\"image\/webp\" \/>\n<meta name=\"twitter:card\" content=\"summary_large_image\" \/>\n<script type=\"application\/ld+json\" class=\"yoast-schema-graph\">{\"@context\":\"https:\/\/schema.org\",\"@graph\":[{\"@type\":\"WebPage\",\"@id\":\"https:\/\/plyro.eu\/ee\/product\/minecraft-java-bedrock-edition-pc-activation-key\/\",\"url\":\"https:\/\/plyro.eu\/ee\/product\/minecraft-java-bedrock-edition-pc-activation-key\/\",\"name\":\"Minecraft: Java &amp; Bedrock Edition (PC) Activation Key - Plyro EE\",\"isPartOf\":{\"@id\":\"https:\/\/plyro.eu\/ee\/#website\"},\"primaryImageOfPage\":{\"@id\":\"https:\/\/plyro.eu\/ee\/product\/minecraft-java-bedrock-edition-pc-activation-key\/#primaryimage\"},\"image\":{\"@id\":\"https:\/\/plyro.eu\/ee\/product\/minecraft-java-bedrock-edition-pc-activation-key\/#primaryimage\"},\"thumbnailUrl\":\"https:\/\/plyro.eu\/ee\/wp-content\/uploads\/2026\/02\/Dbdx7ihzJk48bASi-G0jHEgx2obfGYE-tNyWsjtJ4a4-350x200-1x-0.webp\",\"datePublished\":\"2026-02-06T21:41:34+00:00\",\"dateModified\":\"2026-03-17T19:07:36+00:00\",\"breadcrumb\":{\"@id\":\"https:\/\/plyro.eu\/ee\/product\/minecraft-java-bedrock-edition-pc-activation-key\/#breadcrumb\"},\"inLanguage\":\"et\",\"potentialAction\":[{\"@type\":\"ReadAction\",\"target\":[\"https:\/\/plyro.eu\/ee\/product\/minecraft-java-bedrock-edition-pc-activation-key\/\"]}]},{\"@type\":\"ImageObject\",\"inLanguage\":\"et\",\"@id\":\"https:\/\/plyro.eu\/ee\/product\/minecraft-java-bedrock-edition-pc-activation-key\/#primaryimage\",\"url\":\"https:\/\/plyro.eu\/ee\/wp-content\/uploads\/2026\/02\/Dbdx7ihzJk48bASi-G0jHEgx2obfGYE-tNyWsjtJ4a4-350x200-1x-0.webp\",\"contentUrl\":\"https:\/\/plyro.eu\/ee\/wp-content\/uploads\/2026\/02\/Dbdx7ihzJk48bASi-G0jHEgx2obfGYE-tNyWsjtJ4a4-350x200-1x-0.webp\",\"width\":350,\"height\":494,\"caption\":\"Dbdx7ihzJk48bASi-G0jHEgx2obfGYE-tNyWsjtJ4a4-350x200-1x-0.\"},{\"@type\":\"BreadcrumbList\",\"@id\":\"https:\/\/plyro.eu\/ee\/product\/minecraft-java-bedrock-edition-pc-activation-key\/#breadcrumb\",\"itemListElement\":[{\"@type\":\"ListItem\",\"position\":1,\"name\":\"Home\",\"item\":\"https:\/\/plyro.eu\/ee\/\"},{\"@type\":\"ListItem\",\"position\":2,\"name\":\"Kataloog\",\"item\":\"https:\/\/plyro.eu\/ee\/shop-2\/\"},{\"@type\":\"ListItem\",\"position\":3,\"name\":\"Minecraft: Java &amp; Bedrock Edition (PC) Activation Key\"}]},{\"@type\":\"WebSite\",\"@id\":\"https:\/\/plyro.eu\/ee\/#website\",\"url\":\"https:\/\/plyro.eu\/ee\/\",\"name\":\"Plyro EE\",\"description\":\"\",\"publisher\":{\"@id\":\"https:\/\/plyro.eu\/ee\/#organization\"},\"potentialAction\":[{\"@type\":\"SearchAction\",\"target\":{\"@type\":\"EntryPoint\",\"urlTemplate\":\"https:\/\/plyro.eu\/ee\/?s={search_term_string}\"},\"query-input\":{\"@type\":\"PropertyValueSpecification\",\"valueRequired\":true,\"valueName\":\"search_term_string\"}}],\"inLanguage\":\"et\"},{\"@type\":\"Organization\",\"@id\":\"https:\/\/plyro.eu\/ee\/#organization\",\"name\":\"Plyro EE\",\"url\":\"https:\/\/plyro.eu\/ee\/\",\"logo\":{\"@type\":\"ImageObject\",\"inLanguage\":\"et\",\"@id\":\"https:\/\/plyro.eu\/ee\/#\/schema\/logo\/image\/\",\"url\":\"https:\/\/plyro.eu\/ee\/wp-content\/uploads\/2026\/02\/plyro_black_512_transparent-1.png\",\"contentUrl\":\"https:\/\/plyro.eu\/ee\/wp-content\/uploads\/2026\/02\/plyro_black_512_transparent-1.png\",\"width\":512,\"height\":512,\"caption\":\"Plyro EE\"},\"image\":{\"@id\":\"https:\/\/plyro.eu\/ee\/#\/schema\/logo\/image\/\"},\"sameAs\":[\"https:\/\/www.facebook.com\/gamedogEE\/\"]}]}<\/script>\n<!-- \/ Yoast SEO plugin. -->","yoast_head_json":{"title":"Minecraft: Java &amp; Bedrock Edition (PC) Activation Key - Plyro EE","robots":{"index":"index","follow":"follow","max-snippet":"max-snippet:-1","max-image-preview":"max-image-preview:large","max-video-preview":"max-video-preview:-1"},"canonical":"https:\/\/plyro.eu\/ee\/product\/minecraft-java-bedrock-edition-pc-activation-key\/","og_locale":"et_EE","og_type":"article","og_title":"Minecraft: Java &amp; Bedrock Edition (PC) Activation Key - Plyro EE","og_description":"_x000D_n Ei ole vaja valida! Saate m\u00f5lema v\u00e4ljaande parimad omadused \u00fche ostuga. Minecraft: Minecraft: Java Edition ja Minecraft: Bedrock Edition on n\u00fc\u00fcd pakettpakett Windowsile._x000D_n Kaks m\u00e4ngu, \u00fcks launcher! N\u00fc\u00fcd saad mugavalt ligip\u00e4\u00e4su nii Java- kui ka Bedrock Editionile samast k\u00e4ivitusprogrammist._x000D_n Rohkem cross-play v\u00f5imalusi! Saate ristm\u00e4ngida mis tahes Minecrafteriga, vahetades lihtsalt selle v\u00e4ljaande vastu, mis on teie s\u00f5pradel!_x000D_n N\u00fc\u00fcd saad nautida kahekordset kaevandamist ja kahekordset meisterdamist - rohkemate Minecrafteritega kui kunagi varem._x000D_n Avastage v\u00f5imsaid m\u00e4gesid ja elavaid ookeane l\u00f5pututes maailmades, h\u00e4mmastavaid kogukonna loodud kaarte, servereid, p\u00f5nevaid minim\u00e4nge ja palju muud!_x000D_n","og_url":"https:\/\/plyro.eu\/ee\/product\/minecraft-java-bedrock-edition-pc-activation-key\/","og_site_name":"Plyro EE","article_publisher":"https:\/\/www.facebook.com\/gamedogEE\/","article_modified_time":"2026-03-17T19:07:36+00:00","og_image":[{"width":350,"height":494,"url":"https:\/\/plyro.eu\/ee\/wp-content\/uploads\/2026\/02\/Dbdx7ihzJk48bASi-G0jHEgx2obfGYE-tNyWsjtJ4a4-350x200-1x-0.webp","type":"image\/webp"}],"twitter_card":"summary_large_image","schema":{"@context":"https:\/\/schema.org","@graph":[{"@type":"WebPage","@id":"https:\/\/plyro.eu\/ee\/product\/minecraft-java-bedrock-edition-pc-activation-key\/","url":"https:\/\/plyro.eu\/ee\/product\/minecraft-java-bedrock-edition-pc-activation-key\/","name":"Minecraft: Java &amp; Bedrock Edition (PC) Activation Key - Plyro EE","isPartOf":{"@id":"https:\/\/plyro.eu\/ee\/#website"},"primaryImageOfPage":{"@id":"https:\/\/plyro.eu\/ee\/product\/minecraft-java-bedrock-edition-pc-activation-key\/#primaryimage"},"image":{"@id":"https:\/\/plyro.eu\/ee\/product\/minecraft-java-bedrock-edition-pc-activation-key\/#primaryimage"},"thumbnailUrl":"https:\/\/plyro.eu\/ee\/wp-content\/uploads\/2026\/02\/Dbdx7ihzJk48bASi-G0jHEgx2obfGYE-tNyWsjtJ4a4-350x200-1x-0.webp","datePublished":"2026-02-06T21:41:34+00:00","dateModified":"2026-03-17T19:07:36+00:00","breadcrumb":{"@id":"https:\/\/plyro.eu\/ee\/product\/minecraft-java-bedrock-edition-pc-activation-key\/#breadcrumb"},"inLanguage":"et","potentialAction":[{"@type":"ReadAction","target":["https:\/\/plyro.eu\/ee\/product\/minecraft-java-bedrock-edition-pc-activation-key\/"]}]},{"@type":"ImageObject","inLanguage":"et","@id":"https:\/\/plyro.eu\/ee\/product\/minecraft-java-bedrock-edition-pc-activation-key\/#primaryimage","url":"https:\/\/plyro.eu\/ee\/wp-content\/uploads\/2026\/02\/Dbdx7ihzJk48bASi-G0jHEgx2obfGYE-tNyWsjtJ4a4-350x200-1x-0.webp","contentUrl":"https:\/\/plyro.eu\/ee\/wp-content\/uploads\/2026\/02\/Dbdx7ihzJk48bASi-G0jHEgx2obfGYE-tNyWsjtJ4a4-350x200-1x-0.webp","width":350,"height":494,"caption":"Dbdx7ihzJk48bASi-G0jHEgx2obfGYE-tNyWsjtJ4a4-350x200-1x-0."},{"@type":"BreadcrumbList","@id":"https:\/\/plyro.eu\/ee\/product\/minecraft-java-bedrock-edition-pc-activation-key\/#breadcrumb","itemListElement":[{"@type":"ListItem","position":1,"name":"Home","item":"https:\/\/plyro.eu\/ee\/"},{"@type":"ListItem","position":2,"name":"Kataloog","item":"https:\/\/plyro.eu\/ee\/shop-2\/"},{"@type":"ListItem","position":3,"name":"Minecraft: Java &amp; Bedrock Edition (PC) Activation Key"}]},{"@type":"WebSite","@id":"https:\/\/plyro.eu\/ee\/#website","url":"https:\/\/plyro.eu\/ee\/","name":"Plyro EE","description":"","publisher":{"@id":"https:\/\/plyro.eu\/ee\/#organization"},"potentialAction":[{"@type":"SearchAction","target":{"@type":"EntryPoint","urlTemplate":"https:\/\/plyro.eu\/ee\/?s={search_term_string}"},"query-input":{"@type":"PropertyValueSpecification","valueRequired":true,"valueName":"search_term_string"}}],"inLanguage":"et"},{"@type":"Organization","@id":"https:\/\/plyro.eu\/ee\/#organization","name":"Plyro EE","url":"https:\/\/plyro.eu\/ee\/","logo":{"@type":"ImageObject","inLanguage":"et","@id":"https:\/\/plyro.eu\/ee\/#\/schema\/logo\/image\/","url":"https:\/\/plyro.eu\/ee\/wp-content\/uploads\/2026\/02\/plyro_black_512_transparent-1.png","contentUrl":"https:\/\/plyro.eu\/ee\/wp-content\/uploads\/2026\/02\/plyro_black_512_transparent-1.png","width":512,"height":512,"caption":"Plyro EE"},"image":{"@id":"https:\/\/plyro.eu\/ee\/#\/schema\/logo\/image\/"},"sameAs":["https:\/\/www.facebook.com\/gamedogEE\/"]}]}},"_links":{"self":[{"href":"https:\/\/plyro.eu\/ee\/wp-json\/wp\/v2\/product\/278365","targetHints":{"allow":["GET"]}}],"collection":[{"href":"https:\/\/plyro.eu\/ee\/wp-json\/wp\/v2\/product"}],"about":[{"href":"https:\/\/plyro.eu\/ee\/wp-json\/wp\/v2\/types\/product"}],"replies":[{"embeddable":true,"href":"https:\/\/plyro.eu\/ee\/wp-json\/wp\/v2\/comments?post=278365"}],"wp:featuredmedia":[{"embeddable":true,"href":"https:\/\/plyro.eu\/ee\/wp-json\/wp\/v2\/media\/278181"}],"wp:attachment":[{"href":"https:\/\/plyro.eu\/ee\/wp-json\/wp\/v2\/media?parent=278365"}],"wp:term":[{"taxonomy":"product_brand","embeddable":true,"href":"https:\/\/plyro.eu\/ee\/wp-json\/wp\/v2\/product_brand?post=278365"},{"taxonomy":"product_cat","embeddable":true,"href":"https:\/\/plyro.eu\/ee\/wp-json\/wp\/v2\/product_cat?post=278365"},{"taxonomy":"product_tag","embeddable":true,"href":"https:\/\/plyro.eu\/ee\/wp-json\/wp\/v2\/product_tag?post=278365"}],"curies":[{"name":"wp","href":"https:\/\/api.w.org\/{rel}","templated":true}]}}