{"id":277302,"date":"2026-02-06T23:12:38","date_gmt":"2026-02-06T21:12:38","guid":{"rendered":"https:\/\/plyro.eu\/ee\/product\/the-walking-dead-michonne-mopeez-plush-toy\/"},"modified":"2026-03-17T21:06:08","modified_gmt":"2026-03-17T19:06:08","slug":"the-walking-dead-michonne-mopeez-plush-toy","status":"publish","type":"product","link":"https:\/\/plyro.eu\/ee\/product\/the-walking-dead-michonne-mopeez-plush-toy\/","title":{"rendered":"The Walking Dead Michonne Mopeez Plush Toy"},"content":{"rendered":"","protected":false},"excerpt":{"rendered":"<p>Walking Deadist Michonne, stiliseeritud Mopeez Pluusina Funkolt. Stiliseeritud Mopeez Plush on 45 tolli pikk, mis sobib ideaalselt igale Walking Dead&#8217;i f\u00e4nnile. Koguge ja eksponeerige k\u00f5iki Funko Mopeez Plush figuure. Koguge ja eksponeerige k\u00f5iki Funko Mopeez Plush figuure. Stiliseeritud Mopeez Plush on 45 tolli pikk, ideaalne igale Walking Dead f\u00e4nnile. Koguge ja eksponeerige k\u00f5iki Funko Mopeez Plush figuure.<\/p>\n","protected":false},"featured_media":277278,"comment_status":"open","ping_status":"closed","template":"","meta":{"_acf_changed":false,"inline_featured_image":false},"product_brand":[],"product_cat":[1392],"product_tag":[],"class_list":{"0":"post-277302","1":"product","2":"type-product","3":"status-publish","4":"has-post-thumbnail","6":"product_cat-merch","8":"first","9":"instock","10":"taxable","11":"shipping-taxable","12":"purchasable","13":"product-type-simple"},"acf":[],"yoast_head":"<!-- This site is optimized with the Yoast SEO plugin v24.9 - https:\/\/yoast.com\/wordpress\/plugins\/seo\/ -->\n<title>The Walking Dead Michonne Mopeez Plush Toy - Plyro EE<\/title>\n<meta name=\"robots\" content=\"index, follow, max-snippet:-1, max-image-preview:large, max-video-preview:-1\" \/>\n<link rel=\"canonical\" href=\"https:\/\/plyro.eu\/ee\/product\/the-walking-dead-michonne-mopeez-plush-toy\/\" \/>\n<meta property=\"og:locale\" content=\"et_EE\" \/>\n<meta property=\"og:type\" content=\"article\" \/>\n<meta property=\"og:title\" content=\"The Walking Dead Michonne Mopeez Plush Toy - Plyro EE\" \/>\n<meta property=\"og:description\" content=\"Walking Deadist Michonne, stiliseeritud Mopeez Pluusina Funkolt. Stiliseeritud Mopeez Plush on 45 tolli pikk, mis sobib ideaalselt igale Walking Dead&#039;i f\u00e4nnile. Koguge ja eksponeerige k\u00f5iki Funko Mopeez Plush figuure. Koguge ja eksponeerige k\u00f5iki Funko Mopeez Plush figuure. Stiliseeritud Mopeez Plush on 45 tolli pikk, ideaalne igale Walking Dead f\u00e4nnile. Koguge ja eksponeerige k\u00f5iki Funko Mopeez Plush figuure.\" \/>\n<meta property=\"og:url\" content=\"https:\/\/plyro.eu\/ee\/product\/the-walking-dead-michonne-mopeez-plush-toy\/\" \/>\n<meta property=\"og:site_name\" content=\"Plyro EE\" \/>\n<meta property=\"article:publisher\" content=\"https:\/\/www.facebook.com\/gamedogEE\/\" \/>\n<meta property=\"article:modified_time\" content=\"2026-03-17T19:06:08+00:00\" \/>\n<meta property=\"og:image\" content=\"https:\/\/plyro.eu\/ee\/wp-content\/uploads\/2026\/02\/s-l1600-1129976448-1.jpg\" \/>\n\t<meta property=\"og:image:width\" content=\"1000\" \/>\n\t<meta property=\"og:image:height\" content=\"1000\" \/>\n\t<meta property=\"og:image:type\" content=\"image\/jpeg\" \/>\n<meta name=\"twitter:card\" content=\"summary_large_image\" \/>\n<script type=\"application\/ld+json\" class=\"yoast-schema-graph\">{\"@context\":\"https:\/\/schema.org\",\"@graph\":[{\"@type\":\"WebPage\",\"@id\":\"https:\/\/plyro.eu\/ee\/product\/the-walking-dead-michonne-mopeez-plush-toy\/\",\"url\":\"https:\/\/plyro.eu\/ee\/product\/the-walking-dead-michonne-mopeez-plush-toy\/\",\"name\":\"The Walking Dead Michonne Mopeez Plush Toy - Plyro EE\",\"isPartOf\":{\"@id\":\"https:\/\/plyro.eu\/ee\/#website\"},\"primaryImageOfPage\":{\"@id\":\"https:\/\/plyro.eu\/ee\/product\/the-walking-dead-michonne-mopeez-plush-toy\/#primaryimage\"},\"image\":{\"@id\":\"https:\/\/plyro.eu\/ee\/product\/the-walking-dead-michonne-mopeez-plush-toy\/#primaryimage\"},\"thumbnailUrl\":\"https:\/\/plyro.eu\/ee\/wp-content\/uploads\/2026\/02\/s-l1600-1129976448-1.jpg\",\"datePublished\":\"2026-02-06T21:12:38+00:00\",\"dateModified\":\"2026-03-17T19:06:08+00:00\",\"breadcrumb\":{\"@id\":\"https:\/\/plyro.eu\/ee\/product\/the-walking-dead-michonne-mopeez-plush-toy\/#breadcrumb\"},\"inLanguage\":\"et\",\"potentialAction\":[{\"@type\":\"ReadAction\",\"target\":[\"https:\/\/plyro.eu\/ee\/product\/the-walking-dead-michonne-mopeez-plush-toy\/\"]}]},{\"@type\":\"ImageObject\",\"inLanguage\":\"et\",\"@id\":\"https:\/\/plyro.eu\/ee\/product\/the-walking-dead-michonne-mopeez-plush-toy\/#primaryimage\",\"url\":\"https:\/\/plyro.eu\/ee\/wp-content\/uploads\/2026\/02\/s-l1600-1129976448-1.jpg\",\"contentUrl\":\"https:\/\/plyro.eu\/ee\/wp-content\/uploads\/2026\/02\/s-l1600-1129976448-1.jpg\",\"width\":1000,\"height\":1000,\"caption\":\"s-l1600-1129976448\"},{\"@type\":\"BreadcrumbList\",\"@id\":\"https:\/\/plyro.eu\/ee\/product\/the-walking-dead-michonne-mopeez-plush-toy\/#breadcrumb\",\"itemListElement\":[{\"@type\":\"ListItem\",\"position\":1,\"name\":\"Home\",\"item\":\"https:\/\/plyro.eu\/ee\/\"},{\"@type\":\"ListItem\",\"position\":2,\"name\":\"Kataloog\",\"item\":\"https:\/\/plyro.eu\/ee\/shop-2\/\"},{\"@type\":\"ListItem\",\"position\":3,\"name\":\"The Walking Dead Michonne Mopeez Plush Toy\"}]},{\"@type\":\"WebSite\",\"@id\":\"https:\/\/plyro.eu\/ee\/#website\",\"url\":\"https:\/\/plyro.eu\/ee\/\",\"name\":\"Plyro EE\",\"description\":\"\",\"publisher\":{\"@id\":\"https:\/\/plyro.eu\/ee\/#organization\"},\"potentialAction\":[{\"@type\":\"SearchAction\",\"target\":{\"@type\":\"EntryPoint\",\"urlTemplate\":\"https:\/\/plyro.eu\/ee\/?s={search_term_string}\"},\"query-input\":{\"@type\":\"PropertyValueSpecification\",\"valueRequired\":true,\"valueName\":\"search_term_string\"}}],\"inLanguage\":\"et\"},{\"@type\":\"Organization\",\"@id\":\"https:\/\/plyro.eu\/ee\/#organization\",\"name\":\"Plyro EE\",\"url\":\"https:\/\/plyro.eu\/ee\/\",\"logo\":{\"@type\":\"ImageObject\",\"inLanguage\":\"et\",\"@id\":\"https:\/\/plyro.eu\/ee\/#\/schema\/logo\/image\/\",\"url\":\"https:\/\/plyro.eu\/ee\/wp-content\/uploads\/2026\/02\/plyro_black_512_transparent-1.png\",\"contentUrl\":\"https:\/\/plyro.eu\/ee\/wp-content\/uploads\/2026\/02\/plyro_black_512_transparent-1.png\",\"width\":512,\"height\":512,\"caption\":\"Plyro EE\"},\"image\":{\"@id\":\"https:\/\/plyro.eu\/ee\/#\/schema\/logo\/image\/\"},\"sameAs\":[\"https:\/\/www.facebook.com\/gamedogEE\/\"]}]}<\/script>\n<!-- \/ Yoast SEO plugin. -->","yoast_head_json":{"title":"The Walking Dead Michonne Mopeez Plush Toy - Plyro EE","robots":{"index":"index","follow":"follow","max-snippet":"max-snippet:-1","max-image-preview":"max-image-preview:large","max-video-preview":"max-video-preview:-1"},"canonical":"https:\/\/plyro.eu\/ee\/product\/the-walking-dead-michonne-mopeez-plush-toy\/","og_locale":"et_EE","og_type":"article","og_title":"The Walking Dead Michonne Mopeez Plush Toy - Plyro EE","og_description":"Walking Deadist Michonne, stiliseeritud Mopeez Pluusina Funkolt. Stiliseeritud Mopeez Plush on 45 tolli pikk, mis sobib ideaalselt igale Walking Dead'i f\u00e4nnile. Koguge ja eksponeerige k\u00f5iki Funko Mopeez Plush figuure. Koguge ja eksponeerige k\u00f5iki Funko Mopeez Plush figuure. Stiliseeritud Mopeez Plush on 45 tolli pikk, ideaalne igale Walking Dead f\u00e4nnile. Koguge ja eksponeerige k\u00f5iki Funko Mopeez Plush figuure.","og_url":"https:\/\/plyro.eu\/ee\/product\/the-walking-dead-michonne-mopeez-plush-toy\/","og_site_name":"Plyro EE","article_publisher":"https:\/\/www.facebook.com\/gamedogEE\/","article_modified_time":"2026-03-17T19:06:08+00:00","og_image":[{"width":1000,"height":1000,"url":"https:\/\/plyro.eu\/ee\/wp-content\/uploads\/2026\/02\/s-l1600-1129976448-1.jpg","type":"image\/jpeg"}],"twitter_card":"summary_large_image","schema":{"@context":"https:\/\/schema.org","@graph":[{"@type":"WebPage","@id":"https:\/\/plyro.eu\/ee\/product\/the-walking-dead-michonne-mopeez-plush-toy\/","url":"https:\/\/plyro.eu\/ee\/product\/the-walking-dead-michonne-mopeez-plush-toy\/","name":"The Walking Dead Michonne Mopeez Plush Toy - Plyro EE","isPartOf":{"@id":"https:\/\/plyro.eu\/ee\/#website"},"primaryImageOfPage":{"@id":"https:\/\/plyro.eu\/ee\/product\/the-walking-dead-michonne-mopeez-plush-toy\/#primaryimage"},"image":{"@id":"https:\/\/plyro.eu\/ee\/product\/the-walking-dead-michonne-mopeez-plush-toy\/#primaryimage"},"thumbnailUrl":"https:\/\/plyro.eu\/ee\/wp-content\/uploads\/2026\/02\/s-l1600-1129976448-1.jpg","datePublished":"2026-02-06T21:12:38+00:00","dateModified":"2026-03-17T19:06:08+00:00","breadcrumb":{"@id":"https:\/\/plyro.eu\/ee\/product\/the-walking-dead-michonne-mopeez-plush-toy\/#breadcrumb"},"inLanguage":"et","potentialAction":[{"@type":"ReadAction","target":["https:\/\/plyro.eu\/ee\/product\/the-walking-dead-michonne-mopeez-plush-toy\/"]}]},{"@type":"ImageObject","inLanguage":"et","@id":"https:\/\/plyro.eu\/ee\/product\/the-walking-dead-michonne-mopeez-plush-toy\/#primaryimage","url":"https:\/\/plyro.eu\/ee\/wp-content\/uploads\/2026\/02\/s-l1600-1129976448-1.jpg","contentUrl":"https:\/\/plyro.eu\/ee\/wp-content\/uploads\/2026\/02\/s-l1600-1129976448-1.jpg","width":1000,"height":1000,"caption":"s-l1600-1129976448"},{"@type":"BreadcrumbList","@id":"https:\/\/plyro.eu\/ee\/product\/the-walking-dead-michonne-mopeez-plush-toy\/#breadcrumb","itemListElement":[{"@type":"ListItem","position":1,"name":"Home","item":"https:\/\/plyro.eu\/ee\/"},{"@type":"ListItem","position":2,"name":"Kataloog","item":"https:\/\/plyro.eu\/ee\/shop-2\/"},{"@type":"ListItem","position":3,"name":"The Walking Dead Michonne Mopeez Plush Toy"}]},{"@type":"WebSite","@id":"https:\/\/plyro.eu\/ee\/#website","url":"https:\/\/plyro.eu\/ee\/","name":"Plyro EE","description":"","publisher":{"@id":"https:\/\/plyro.eu\/ee\/#organization"},"potentialAction":[{"@type":"SearchAction","target":{"@type":"EntryPoint","urlTemplate":"https:\/\/plyro.eu\/ee\/?s={search_term_string}"},"query-input":{"@type":"PropertyValueSpecification","valueRequired":true,"valueName":"search_term_string"}}],"inLanguage":"et"},{"@type":"Organization","@id":"https:\/\/plyro.eu\/ee\/#organization","name":"Plyro EE","url":"https:\/\/plyro.eu\/ee\/","logo":{"@type":"ImageObject","inLanguage":"et","@id":"https:\/\/plyro.eu\/ee\/#\/schema\/logo\/image\/","url":"https:\/\/plyro.eu\/ee\/wp-content\/uploads\/2026\/02\/plyro_black_512_transparent-1.png","contentUrl":"https:\/\/plyro.eu\/ee\/wp-content\/uploads\/2026\/02\/plyro_black_512_transparent-1.png","width":512,"height":512,"caption":"Plyro EE"},"image":{"@id":"https:\/\/plyro.eu\/ee\/#\/schema\/logo\/image\/"},"sameAs":["https:\/\/www.facebook.com\/gamedogEE\/"]}]}},"_links":{"self":[{"href":"https:\/\/plyro.eu\/ee\/wp-json\/wp\/v2\/product\/277302","targetHints":{"allow":["GET"]}}],"collection":[{"href":"https:\/\/plyro.eu\/ee\/wp-json\/wp\/v2\/product"}],"about":[{"href":"https:\/\/plyro.eu\/ee\/wp-json\/wp\/v2\/types\/product"}],"replies":[{"embeddable":true,"href":"https:\/\/plyro.eu\/ee\/wp-json\/wp\/v2\/comments?post=277302"}],"wp:featuredmedia":[{"embeddable":true,"href":"https:\/\/plyro.eu\/ee\/wp-json\/wp\/v2\/media\/277278"}],"wp:attachment":[{"href":"https:\/\/plyro.eu\/ee\/wp-json\/wp\/v2\/media?parent=277302"}],"wp:term":[{"taxonomy":"product_brand","embeddable":true,"href":"https:\/\/plyro.eu\/ee\/wp-json\/wp\/v2\/product_brand?post=277302"},{"taxonomy":"product_cat","embeddable":true,"href":"https:\/\/plyro.eu\/ee\/wp-json\/wp\/v2\/product_cat?post=277302"},{"taxonomy":"product_tag","embeddable":true,"href":"https:\/\/plyro.eu\/ee\/wp-json\/wp\/v2\/product_tag?post=277302"}],"curies":[{"name":"wp","href":"https:\/\/api.w.org\/{rel}","templated":true}]}}