{"id":276805,"date":"2026-02-06T22:58:39","date_gmt":"2026-02-06T20:58:39","guid":{"rendered":"https:\/\/plyro.eu\/ee\/product\/the-witcher-3-wild-hunt-goty-pc-activation-key\/"},"modified":"2026-03-17T21:23:18","modified_gmt":"2026-03-17T19:23:18","slug":"the-witcher-3-wild-hunt-goty-pc-activation-key","status":"publish","type":"product","link":"https:\/\/plyro.eu\/ee\/product\/the-witcher-3-wild-hunt-goty-pc-activation-key\/","title":{"rendered":"The Witcher 3: Wild Hunt GOTY (PC) Activation Key"},"content":{"rendered":"","protected":false},"excerpt":{"rendered":"<ul class=\"a-unordered-list a-vertical a-spacing-mini\">_x000D_n \t<\/p>\n<li class=\"a-spacing-mini\">M\u00e4ngi kui k\u00f5rgelt koolitatud Monster Slayer for Hire<\/li>\n<p>_x000D_n \t<\/p>\n<li class=\"a-spacing-mini\">Varajasest lapsep\u00f5lvest alates v\u00e4lja \u00f5petatud ja \u00fcliinimlike oskuste, j\u00f5u ja reflekside saamiseks muteeritud n\u00f5iad on sotsiaalselt t\u00f5rjutud vastukaaluks koletiste poolt r\u00fcvetatud maailmale, kus nad elavad.<\/li>\n<p>_x000D_n \t<\/p>\n<li class=\"a-spacing-mini\">H\u00e4vitage vastaseid jubedalt kui professionaalne koletisek\u00fctt, kes on relvastatud mitmesuguste t\u00e4iustatavate relvade, mutatsioonijookide ja v\u00f5itlusmaagia abil.<\/li>\n<p>_x000D_n \t<\/p>\n<li class=\"a-spacing-mini\">V\u00f5ta jahti maha mitmesuguseid eksootilisi koletisi, alates metsikutest metsloomadest, kes tiirutavad m\u00e4ek\u00f5rgendikes, kuni kavalate \u00fcleloomulike kiskjateni, kes varitsevad tihedalt asustatud linnade varjul\u00e4hedastes k\u00f5rvalt\u00e4navates.<\/li>\n<p>_x000D_n \t<\/p>\n<li class=\"a-spacing-mini\">Investeeri oma auhindu, et t\u00e4iustada oma relvastust ja osta kohandatud soomust v\u00f5i kulutada neid hobuste v\u00f5iduajamistele, kaardim\u00e4ngudele, rusikav\u00f5itlustele ja muudele elur\u00f5\u00f5mudele.<\/li>\n<p>_x000D_n \t<\/p>\n<li class=\"a-spacing-mini\">L\u00f5putuks seikluseks loodud The Witcheri tohutu avatud maailm seab uusi standardeid suuruse, s\u00fcgavuse ja keerukuse poolest.<\/li>\n<p>_x000D_n<\/ul>\n","protected":false},"featured_media":276600,"comment_status":"open","ping_status":"closed","template":"","meta":{"_acf_changed":false,"inline_featured_image":false},"product_brand":[],"product_cat":[1397],"product_tag":[],"class_list":{"0":"post-276805","1":"product","2":"type-product","3":"status-publish","4":"has-post-thumbnail","6":"product_cat-pc-games","7":"out-of-stock","9":"first","10":"outofstock","11":"taxable","12":"shipping-taxable","13":"purchasable","14":"product-type-simple"},"acf":[],"yoast_head":"<!-- This site is optimized with the Yoast SEO plugin v24.9 - https:\/\/yoast.com\/wordpress\/plugins\/seo\/ -->\n<title>The Witcher 3: Wild Hunt GOTY (PC) Activation Key - Plyro EE<\/title>\n<meta name=\"robots\" content=\"index, follow, max-snippet:-1, max-image-preview:large, max-video-preview:-1\" \/>\n<link rel=\"canonical\" href=\"https:\/\/plyro.eu\/ee\/product\/the-witcher-3-wild-hunt-goty-pc-activation-key\/\" \/>\n<meta property=\"og:locale\" content=\"et_EE\" \/>\n<meta property=\"og:type\" content=\"article\" \/>\n<meta property=\"og:title\" content=\"The Witcher 3: Wild Hunt GOTY (PC) Activation Key - Plyro EE\" \/>\n<meta property=\"og:description\" content=\"_x000D_n M\u00e4ngi kui k\u00f5rgelt koolitatud Monster Slayer for Hire_x000D_n Varajasest lapsep\u00f5lvest alates v\u00e4lja \u00f5petatud ja \u00fcliinimlike oskuste, j\u00f5u ja reflekside saamiseks muteeritud n\u00f5iad on sotsiaalselt t\u00f5rjutud vastukaaluks koletiste poolt r\u00fcvetatud maailmale, kus nad elavad._x000D_n H\u00e4vitage vastaseid jubedalt kui professionaalne koletisek\u00fctt, kes on relvastatud mitmesuguste t\u00e4iustatavate relvade, mutatsioonijookide ja v\u00f5itlusmaagia abil._x000D_n V\u00f5ta jahti maha mitmesuguseid eksootilisi koletisi, alates metsikutest metsloomadest, kes tiirutavad m\u00e4ek\u00f5rgendikes, kuni kavalate \u00fcleloomulike kiskjateni, kes varitsevad tihedalt asustatud linnade varjul\u00e4hedastes k\u00f5rvalt\u00e4navates._x000D_n Investeeri oma auhindu, et t\u00e4iustada oma relvastust ja osta kohandatud soomust v\u00f5i kulutada neid hobuste v\u00f5iduajamistele, kaardim\u00e4ngudele, rusikav\u00f5itlustele ja muudele elur\u00f5\u00f5mudele._x000D_n L\u00f5putuks seikluseks loodud The Witcheri tohutu avatud maailm seab uusi standardeid suuruse, s\u00fcgavuse ja keerukuse poolest._x000D_n\" \/>\n<meta property=\"og:url\" content=\"https:\/\/plyro.eu\/ee\/product\/the-witcher-3-wild-hunt-goty-pc-activation-key\/\" \/>\n<meta property=\"og:site_name\" content=\"Plyro EE\" \/>\n<meta property=\"article:publisher\" content=\"https:\/\/www.facebook.com\/gamedogEE\/\" \/>\n<meta property=\"article:modified_time\" content=\"2026-03-17T19:23:18+00:00\" \/>\n<meta property=\"og:image\" content=\"https:\/\/plyro.eu\/ee\/wp-content\/uploads\/2026\/02\/eeKzEVbDCxhCyIAt53bbLDvjFmWXvBAec1HVYxyYLN8-350x200-1x-0-4.jpg\" \/>\n\t<meta property=\"og:image:width\" content=\"350\" \/>\n\t<meta property=\"og:image:height\" content=\"506\" \/>\n\t<meta property=\"og:image:type\" content=\"image\/jpeg\" \/>\n<meta name=\"twitter:card\" content=\"summary_large_image\" \/>\n<script type=\"application\/ld+json\" class=\"yoast-schema-graph\">{\"@context\":\"https:\/\/schema.org\",\"@graph\":[{\"@type\":\"WebPage\",\"@id\":\"https:\/\/plyro.eu\/ee\/product\/the-witcher-3-wild-hunt-goty-pc-activation-key\/\",\"url\":\"https:\/\/plyro.eu\/ee\/product\/the-witcher-3-wild-hunt-goty-pc-activation-key\/\",\"name\":\"The Witcher 3: Wild Hunt GOTY (PC) Activation Key - Plyro EE\",\"isPartOf\":{\"@id\":\"https:\/\/plyro.eu\/ee\/#website\"},\"primaryImageOfPage\":{\"@id\":\"https:\/\/plyro.eu\/ee\/product\/the-witcher-3-wild-hunt-goty-pc-activation-key\/#primaryimage\"},\"image\":{\"@id\":\"https:\/\/plyro.eu\/ee\/product\/the-witcher-3-wild-hunt-goty-pc-activation-key\/#primaryimage\"},\"thumbnailUrl\":\"https:\/\/plyro.eu\/ee\/wp-content\/uploads\/2026\/02\/eeKzEVbDCxhCyIAt53bbLDvjFmWXvBAec1HVYxyYLN8-350x200-1x-0-4.jpg\",\"datePublished\":\"2026-02-06T20:58:39+00:00\",\"dateModified\":\"2026-03-17T19:23:18+00:00\",\"breadcrumb\":{\"@id\":\"https:\/\/plyro.eu\/ee\/product\/the-witcher-3-wild-hunt-goty-pc-activation-key\/#breadcrumb\"},\"inLanguage\":\"et\",\"potentialAction\":[{\"@type\":\"ReadAction\",\"target\":[\"https:\/\/plyro.eu\/ee\/product\/the-witcher-3-wild-hunt-goty-pc-activation-key\/\"]}]},{\"@type\":\"ImageObject\",\"inLanguage\":\"et\",\"@id\":\"https:\/\/plyro.eu\/ee\/product\/the-witcher-3-wild-hunt-goty-pc-activation-key\/#primaryimage\",\"url\":\"https:\/\/plyro.eu\/ee\/wp-content\/uploads\/2026\/02\/eeKzEVbDCxhCyIAt53bbLDvjFmWXvBAec1HVYxyYLN8-350x200-1x-0-4.jpg\",\"contentUrl\":\"https:\/\/plyro.eu\/ee\/wp-content\/uploads\/2026\/02\/eeKzEVbDCxhCyIAt53bbLDvjFmWXvBAec1HVYxyYLN8-350x200-1x-0-4.jpg\",\"width\":350,\"height\":506,\"caption\":\"eeKzEVbDCxhCyIAt53bbLDvjFmWXvBAec1HVYxyYLN8-350x200-1x-0\"},{\"@type\":\"BreadcrumbList\",\"@id\":\"https:\/\/plyro.eu\/ee\/product\/the-witcher-3-wild-hunt-goty-pc-activation-key\/#breadcrumb\",\"itemListElement\":[{\"@type\":\"ListItem\",\"position\":1,\"name\":\"Home\",\"item\":\"https:\/\/plyro.eu\/ee\/\"},{\"@type\":\"ListItem\",\"position\":2,\"name\":\"Kataloog\",\"item\":\"https:\/\/plyro.eu\/ee\/shop-2\/\"},{\"@type\":\"ListItem\",\"position\":3,\"name\":\"The Witcher 3: Wild Hunt GOTY (PC) Activation Key\"}]},{\"@type\":\"WebSite\",\"@id\":\"https:\/\/plyro.eu\/ee\/#website\",\"url\":\"https:\/\/plyro.eu\/ee\/\",\"name\":\"Plyro EE\",\"description\":\"\",\"publisher\":{\"@id\":\"https:\/\/plyro.eu\/ee\/#organization\"},\"potentialAction\":[{\"@type\":\"SearchAction\",\"target\":{\"@type\":\"EntryPoint\",\"urlTemplate\":\"https:\/\/plyro.eu\/ee\/?s={search_term_string}\"},\"query-input\":{\"@type\":\"PropertyValueSpecification\",\"valueRequired\":true,\"valueName\":\"search_term_string\"}}],\"inLanguage\":\"et\"},{\"@type\":\"Organization\",\"@id\":\"https:\/\/plyro.eu\/ee\/#organization\",\"name\":\"Plyro EE\",\"url\":\"https:\/\/plyro.eu\/ee\/\",\"logo\":{\"@type\":\"ImageObject\",\"inLanguage\":\"et\",\"@id\":\"https:\/\/plyro.eu\/ee\/#\/schema\/logo\/image\/\",\"url\":\"https:\/\/plyro.eu\/ee\/wp-content\/uploads\/2026\/02\/plyro_black_512_transparent-1.png\",\"contentUrl\":\"https:\/\/plyro.eu\/ee\/wp-content\/uploads\/2026\/02\/plyro_black_512_transparent-1.png\",\"width\":512,\"height\":512,\"caption\":\"Plyro EE\"},\"image\":{\"@id\":\"https:\/\/plyro.eu\/ee\/#\/schema\/logo\/image\/\"},\"sameAs\":[\"https:\/\/www.facebook.com\/gamedogEE\/\"]}]}<\/script>\n<!-- \/ Yoast SEO plugin. -->","yoast_head_json":{"title":"The Witcher 3: Wild Hunt GOTY (PC) Activation Key - Plyro EE","robots":{"index":"index","follow":"follow","max-snippet":"max-snippet:-1","max-image-preview":"max-image-preview:large","max-video-preview":"max-video-preview:-1"},"canonical":"https:\/\/plyro.eu\/ee\/product\/the-witcher-3-wild-hunt-goty-pc-activation-key\/","og_locale":"et_EE","og_type":"article","og_title":"The Witcher 3: Wild Hunt GOTY (PC) Activation Key - Plyro EE","og_description":"_x000D_n M\u00e4ngi kui k\u00f5rgelt koolitatud Monster Slayer for Hire_x000D_n Varajasest lapsep\u00f5lvest alates v\u00e4lja \u00f5petatud ja \u00fcliinimlike oskuste, j\u00f5u ja reflekside saamiseks muteeritud n\u00f5iad on sotsiaalselt t\u00f5rjutud vastukaaluks koletiste poolt r\u00fcvetatud maailmale, kus nad elavad._x000D_n H\u00e4vitage vastaseid jubedalt kui professionaalne koletisek\u00fctt, kes on relvastatud mitmesuguste t\u00e4iustatavate relvade, mutatsioonijookide ja v\u00f5itlusmaagia abil._x000D_n V\u00f5ta jahti maha mitmesuguseid eksootilisi koletisi, alates metsikutest metsloomadest, kes tiirutavad m\u00e4ek\u00f5rgendikes, kuni kavalate \u00fcleloomulike kiskjateni, kes varitsevad tihedalt asustatud linnade varjul\u00e4hedastes k\u00f5rvalt\u00e4navates._x000D_n Investeeri oma auhindu, et t\u00e4iustada oma relvastust ja osta kohandatud soomust v\u00f5i kulutada neid hobuste v\u00f5iduajamistele, kaardim\u00e4ngudele, rusikav\u00f5itlustele ja muudele elur\u00f5\u00f5mudele._x000D_n L\u00f5putuks seikluseks loodud The Witcheri tohutu avatud maailm seab uusi standardeid suuruse, s\u00fcgavuse ja keerukuse poolest._x000D_n","og_url":"https:\/\/plyro.eu\/ee\/product\/the-witcher-3-wild-hunt-goty-pc-activation-key\/","og_site_name":"Plyro EE","article_publisher":"https:\/\/www.facebook.com\/gamedogEE\/","article_modified_time":"2026-03-17T19:23:18+00:00","og_image":[{"width":350,"height":506,"url":"https:\/\/plyro.eu\/ee\/wp-content\/uploads\/2026\/02\/eeKzEVbDCxhCyIAt53bbLDvjFmWXvBAec1HVYxyYLN8-350x200-1x-0-4.jpg","type":"image\/jpeg"}],"twitter_card":"summary_large_image","schema":{"@context":"https:\/\/schema.org","@graph":[{"@type":"WebPage","@id":"https:\/\/plyro.eu\/ee\/product\/the-witcher-3-wild-hunt-goty-pc-activation-key\/","url":"https:\/\/plyro.eu\/ee\/product\/the-witcher-3-wild-hunt-goty-pc-activation-key\/","name":"The Witcher 3: Wild Hunt GOTY (PC) Activation Key - Plyro EE","isPartOf":{"@id":"https:\/\/plyro.eu\/ee\/#website"},"primaryImageOfPage":{"@id":"https:\/\/plyro.eu\/ee\/product\/the-witcher-3-wild-hunt-goty-pc-activation-key\/#primaryimage"},"image":{"@id":"https:\/\/plyro.eu\/ee\/product\/the-witcher-3-wild-hunt-goty-pc-activation-key\/#primaryimage"},"thumbnailUrl":"https:\/\/plyro.eu\/ee\/wp-content\/uploads\/2026\/02\/eeKzEVbDCxhCyIAt53bbLDvjFmWXvBAec1HVYxyYLN8-350x200-1x-0-4.jpg","datePublished":"2026-02-06T20:58:39+00:00","dateModified":"2026-03-17T19:23:18+00:00","breadcrumb":{"@id":"https:\/\/plyro.eu\/ee\/product\/the-witcher-3-wild-hunt-goty-pc-activation-key\/#breadcrumb"},"inLanguage":"et","potentialAction":[{"@type":"ReadAction","target":["https:\/\/plyro.eu\/ee\/product\/the-witcher-3-wild-hunt-goty-pc-activation-key\/"]}]},{"@type":"ImageObject","inLanguage":"et","@id":"https:\/\/plyro.eu\/ee\/product\/the-witcher-3-wild-hunt-goty-pc-activation-key\/#primaryimage","url":"https:\/\/plyro.eu\/ee\/wp-content\/uploads\/2026\/02\/eeKzEVbDCxhCyIAt53bbLDvjFmWXvBAec1HVYxyYLN8-350x200-1x-0-4.jpg","contentUrl":"https:\/\/plyro.eu\/ee\/wp-content\/uploads\/2026\/02\/eeKzEVbDCxhCyIAt53bbLDvjFmWXvBAec1HVYxyYLN8-350x200-1x-0-4.jpg","width":350,"height":506,"caption":"eeKzEVbDCxhCyIAt53bbLDvjFmWXvBAec1HVYxyYLN8-350x200-1x-0"},{"@type":"BreadcrumbList","@id":"https:\/\/plyro.eu\/ee\/product\/the-witcher-3-wild-hunt-goty-pc-activation-key\/#breadcrumb","itemListElement":[{"@type":"ListItem","position":1,"name":"Home","item":"https:\/\/plyro.eu\/ee\/"},{"@type":"ListItem","position":2,"name":"Kataloog","item":"https:\/\/plyro.eu\/ee\/shop-2\/"},{"@type":"ListItem","position":3,"name":"The Witcher 3: Wild Hunt GOTY (PC) Activation Key"}]},{"@type":"WebSite","@id":"https:\/\/plyro.eu\/ee\/#website","url":"https:\/\/plyro.eu\/ee\/","name":"Plyro EE","description":"","publisher":{"@id":"https:\/\/plyro.eu\/ee\/#organization"},"potentialAction":[{"@type":"SearchAction","target":{"@type":"EntryPoint","urlTemplate":"https:\/\/plyro.eu\/ee\/?s={search_term_string}"},"query-input":{"@type":"PropertyValueSpecification","valueRequired":true,"valueName":"search_term_string"}}],"inLanguage":"et"},{"@type":"Organization","@id":"https:\/\/plyro.eu\/ee\/#organization","name":"Plyro EE","url":"https:\/\/plyro.eu\/ee\/","logo":{"@type":"ImageObject","inLanguage":"et","@id":"https:\/\/plyro.eu\/ee\/#\/schema\/logo\/image\/","url":"https:\/\/plyro.eu\/ee\/wp-content\/uploads\/2026\/02\/plyro_black_512_transparent-1.png","contentUrl":"https:\/\/plyro.eu\/ee\/wp-content\/uploads\/2026\/02\/plyro_black_512_transparent-1.png","width":512,"height":512,"caption":"Plyro EE"},"image":{"@id":"https:\/\/plyro.eu\/ee\/#\/schema\/logo\/image\/"},"sameAs":["https:\/\/www.facebook.com\/gamedogEE\/"]}]}},"_links":{"self":[{"href":"https:\/\/plyro.eu\/ee\/wp-json\/wp\/v2\/product\/276805","targetHints":{"allow":["GET"]}}],"collection":[{"href":"https:\/\/plyro.eu\/ee\/wp-json\/wp\/v2\/product"}],"about":[{"href":"https:\/\/plyro.eu\/ee\/wp-json\/wp\/v2\/types\/product"}],"replies":[{"embeddable":true,"href":"https:\/\/plyro.eu\/ee\/wp-json\/wp\/v2\/comments?post=276805"}],"wp:featuredmedia":[{"embeddable":true,"href":"https:\/\/plyro.eu\/ee\/wp-json\/wp\/v2\/media\/276600"}],"wp:attachment":[{"href":"https:\/\/plyro.eu\/ee\/wp-json\/wp\/v2\/media?parent=276805"}],"wp:term":[{"taxonomy":"product_brand","embeddable":true,"href":"https:\/\/plyro.eu\/ee\/wp-json\/wp\/v2\/product_brand?post=276805"},{"taxonomy":"product_cat","embeddable":true,"href":"https:\/\/plyro.eu\/ee\/wp-json\/wp\/v2\/product_cat?post=276805"},{"taxonomy":"product_tag","embeddable":true,"href":"https:\/\/plyro.eu\/ee\/wp-json\/wp\/v2\/product_tag?post=276805"}],"curies":[{"name":"wp","href":"https:\/\/api.w.org\/{rel}","templated":true}]}}