{"id":276491,"date":"2026-02-06T22:51:06","date_gmt":"2026-02-06T20:51:06","guid":{"rendered":"https:\/\/plyro.eu\/ee\/product\/pokemon-shield\/"},"modified":"2026-04-15T02:00:27","modified_gmt":"2026-04-15T00:00:27","slug":"pokemon-shield","status":"publish","type":"product","link":"https:\/\/plyro.eu\/ee\/product\/pokemon-shield\/","title":{"rendered":"Pokemon Shield"},"content":{"rendered":"<ul>\n<li>Catch, battle, and trade Pok\u00e9mon on an all-new adventure in the Galar region<\/li>\n<li>Choose from three new partner Pok\u00e9mon and encounter never-before-seen Pok\u00e9mon<\/li>\n<li>Unravel the mystery behind the Legendary Pok\u00e9mon Zacian and Zamazenta!<\/li>\n<li>Players can control the camera in the vast Wild Area<\/li>\n<li>Team up with other Trainers to participate in Max Raid Battles<\/li>\n<li>Battle wild Dynamax Pok\u00e9mon in Max Raid Battles and try catching them<\/li>\n<\/ul>\n","protected":false},"excerpt":{"rendered":"<p>Become a Pok\u00e9mon Trainer, embark on a new journey in the new Galar region, and unravel the mystery behind the Legendary Pok\u00e9mon Zacian and Zamazenta! Explore the Wild Area, a vast expanse of land where the player can freely control the camera. And participate in Max Raid Battles*** in which players will face off against gigantic and super-strong Pok\u00e9mon known as Dynamax Pok\u00e9mon.<\/p>\n<p>Begin your adventure by choosing one of three new partner Pok\u00e9mon: Grookey, Scorbunny, or Sobble and encounter new and familiar Pok\u00e9mon as you catch, battle, and trade. Players can control the camera and explore the vast areas around them in the Wild Area. Team up with other players locally or online in the new multiplayer co-op Max Raid Battles. Trainers who possess the special item Dynamax Band can Dynamax their own Pok\u00e9mon. Get ready for the next Pok\u00e9mon adventure in the Pok\u00e9mon\u2122 Sword and Pok\u00e9mon\u2122 Shield games.<\/p>\n","protected":false},"featured_media":276427,"comment_status":"open","ping_status":"closed","template":"","meta":{"_acf_changed":false,"inline_featured_image":false},"product_brand":[],"product_cat":[1436],"product_tag":[],"class_list":{"0":"post-276491","1":"product","2":"type-product","3":"status-publish","4":"has-post-thumbnail","6":"product_cat-all-games","8":"first","9":"instock","10":"taxable","11":"shipping-taxable","12":"purchasable","13":"product-type-variable"},"acf":[],"yoast_head":"<!-- This site is optimized with the Yoast SEO plugin v24.9 - https:\/\/yoast.com\/wordpress\/plugins\/seo\/ -->\n<title>Pokemon Shield - Plyro EE<\/title>\n<meta name=\"robots\" content=\"index, follow, max-snippet:-1, max-image-preview:large, max-video-preview:-1\" \/>\n<link rel=\"canonical\" href=\"https:\/\/plyro.eu\/ee\/product\/pokemon-shield\/\" \/>\n<meta property=\"og:locale\" content=\"et_EE\" \/>\n<meta property=\"og:type\" content=\"article\" \/>\n<meta property=\"og:title\" content=\"Pokemon Shield - Plyro EE\" \/>\n<meta property=\"og:description\" content=\"Become a Pok\u00e9mon Trainer, embark on a new journey in the new Galar region, and unravel the mystery behind the Legendary Pok\u00e9mon Zacian and Zamazenta! Explore the Wild Area, a vast expanse of land where the player can freely control the camera. And participate in Max Raid Battles*** in which players will face off against gigantic and super-strong Pok\u00e9mon known as Dynamax Pok\u00e9mon. Begin your adventure by choosing one of three new partner Pok\u00e9mon: Grookey, Scorbunny, or Sobble and encounter new and familiar Pok\u00e9mon as you catch, battle, and trade. Players can control the camera and explore the vast areas around them in the Wild Area. Team up with other players locally or online in the new multiplayer co-op Max Raid Battles. Trainers who possess the special item Dynamax Band can Dynamax their own Pok\u00e9mon. Get ready for the next Pok\u00e9mon adventure in the Pok\u00e9mon\u2122 Sword and Pok\u00e9mon\u2122 Shield games.\" \/>\n<meta property=\"og:url\" content=\"https:\/\/plyro.eu\/ee\/product\/pokemon-shield\/\" \/>\n<meta property=\"og:site_name\" content=\"Plyro EE\" \/>\n<meta property=\"article:publisher\" content=\"https:\/\/www.facebook.com\/gamedogEE\/\" \/>\n<meta property=\"article:modified_time\" content=\"2026-04-15T00:00:27+00:00\" \/>\n<meta property=\"og:image\" content=\"https:\/\/plyro.eu\/ee\/wp-content\/uploads\/2026\/02\/MV5BNzc4ZjM2ZjktZDIzMS00NTAwLWJhMTQtZDZmZGQzZjg0MzM3XkEyXkFqcGc-V1-QL75-UX190-CR02190281-1-1.jpg\" \/>\n\t<meta property=\"og:image:width\" content=\"190\" \/>\n\t<meta property=\"og:image:height\" content=\"281\" \/>\n\t<meta property=\"og:image:type\" content=\"image\/jpeg\" \/>\n<meta name=\"twitter:card\" content=\"summary_large_image\" \/>\n<script type=\"application\/ld+json\" class=\"yoast-schema-graph\">{\"@context\":\"https:\/\/schema.org\",\"@graph\":[{\"@type\":\"WebPage\",\"@id\":\"https:\/\/plyro.eu\/ee\/product\/pokemon-shield\/\",\"url\":\"https:\/\/plyro.eu\/ee\/product\/pokemon-shield\/\",\"name\":\"Pokemon Shield - Plyro EE\",\"isPartOf\":{\"@id\":\"https:\/\/plyro.eu\/ee\/#website\"},\"primaryImageOfPage\":{\"@id\":\"https:\/\/plyro.eu\/ee\/product\/pokemon-shield\/#primaryimage\"},\"image\":{\"@id\":\"https:\/\/plyro.eu\/ee\/product\/pokemon-shield\/#primaryimage\"},\"thumbnailUrl\":\"https:\/\/plyro.eu\/ee\/wp-content\/uploads\/2026\/02\/MV5BNzc4ZjM2ZjktZDIzMS00NTAwLWJhMTQtZDZmZGQzZjg0MzM3XkEyXkFqcGc-V1-QL75-UX190-CR02190281-1-1.jpg\",\"datePublished\":\"2026-02-06T20:51:06+00:00\",\"dateModified\":\"2026-04-15T00:00:27+00:00\",\"breadcrumb\":{\"@id\":\"https:\/\/plyro.eu\/ee\/product\/pokemon-shield\/#breadcrumb\"},\"inLanguage\":\"et\",\"potentialAction\":[{\"@type\":\"ReadAction\",\"target\":[\"https:\/\/plyro.eu\/ee\/product\/pokemon-shield\/\"]}]},{\"@type\":\"ImageObject\",\"inLanguage\":\"et\",\"@id\":\"https:\/\/plyro.eu\/ee\/product\/pokemon-shield\/#primaryimage\",\"url\":\"https:\/\/plyro.eu\/ee\/wp-content\/uploads\/2026\/02\/MV5BNzc4ZjM2ZjktZDIzMS00NTAwLWJhMTQtZDZmZGQzZjg0MzM3XkEyXkFqcGc-V1-QL75-UX190-CR02190281-1-1.jpg\",\"contentUrl\":\"https:\/\/plyro.eu\/ee\/wp-content\/uploads\/2026\/02\/MV5BNzc4ZjM2ZjktZDIzMS00NTAwLWJhMTQtZDZmZGQzZjg0MzM3XkEyXkFqcGc-V1-QL75-UX190-CR02190281-1-1.jpg\",\"width\":190,\"height\":281,\"caption\":\"MV5BNzc4ZjM2ZjktZDIzMS00NTAwLWJhMTQtZDZmZGQzZjg0MzM3XkEyXkFqcGc-V1-QL75-UX190-CR02190281-\"},{\"@type\":\"BreadcrumbList\",\"@id\":\"https:\/\/plyro.eu\/ee\/product\/pokemon-shield\/#breadcrumb\",\"itemListElement\":[{\"@type\":\"ListItem\",\"position\":1,\"name\":\"Home\",\"item\":\"https:\/\/plyro.eu\/ee\/\"},{\"@type\":\"ListItem\",\"position\":2,\"name\":\"Kataloog\",\"item\":\"https:\/\/plyro.eu\/ee\/shop-2\/\"},{\"@type\":\"ListItem\",\"position\":3,\"name\":\"Pokemon Shield\"}]},{\"@type\":\"WebSite\",\"@id\":\"https:\/\/plyro.eu\/ee\/#website\",\"url\":\"https:\/\/plyro.eu\/ee\/\",\"name\":\"Plyro EE\",\"description\":\"\",\"publisher\":{\"@id\":\"https:\/\/plyro.eu\/ee\/#organization\"},\"potentialAction\":[{\"@type\":\"SearchAction\",\"target\":{\"@type\":\"EntryPoint\",\"urlTemplate\":\"https:\/\/plyro.eu\/ee\/?s={search_term_string}\"},\"query-input\":{\"@type\":\"PropertyValueSpecification\",\"valueRequired\":true,\"valueName\":\"search_term_string\"}}],\"inLanguage\":\"et\"},{\"@type\":\"Organization\",\"@id\":\"https:\/\/plyro.eu\/ee\/#organization\",\"name\":\"Plyro EE\",\"url\":\"https:\/\/plyro.eu\/ee\/\",\"logo\":{\"@type\":\"ImageObject\",\"inLanguage\":\"et\",\"@id\":\"https:\/\/plyro.eu\/ee\/#\/schema\/logo\/image\/\",\"url\":\"https:\/\/plyro.eu\/ee\/wp-content\/uploads\/2026\/02\/plyro_black_512_transparent-1.png\",\"contentUrl\":\"https:\/\/plyro.eu\/ee\/wp-content\/uploads\/2026\/02\/plyro_black_512_transparent-1.png\",\"width\":512,\"height\":512,\"caption\":\"Plyro EE\"},\"image\":{\"@id\":\"https:\/\/plyro.eu\/ee\/#\/schema\/logo\/image\/\"},\"sameAs\":[\"https:\/\/www.facebook.com\/gamedogEE\/\"]}]}<\/script>\n<!-- \/ Yoast SEO plugin. -->","yoast_head_json":{"title":"Pokemon Shield - Plyro EE","robots":{"index":"index","follow":"follow","max-snippet":"max-snippet:-1","max-image-preview":"max-image-preview:large","max-video-preview":"max-video-preview:-1"},"canonical":"https:\/\/plyro.eu\/ee\/product\/pokemon-shield\/","og_locale":"et_EE","og_type":"article","og_title":"Pokemon Shield - Plyro EE","og_description":"Become a Pok\u00e9mon Trainer, embark on a new journey in the new Galar region, and unravel the mystery behind the Legendary Pok\u00e9mon Zacian and Zamazenta! Explore the Wild Area, a vast expanse of land where the player can freely control the camera. And participate in Max Raid Battles*** in which players will face off against gigantic and super-strong Pok\u00e9mon known as Dynamax Pok\u00e9mon. Begin your adventure by choosing one of three new partner Pok\u00e9mon: Grookey, Scorbunny, or Sobble and encounter new and familiar Pok\u00e9mon as you catch, battle, and trade. Players can control the camera and explore the vast areas around them in the Wild Area. Team up with other players locally or online in the new multiplayer co-op Max Raid Battles. Trainers who possess the special item Dynamax Band can Dynamax their own Pok\u00e9mon. Get ready for the next Pok\u00e9mon adventure in the Pok\u00e9mon\u2122 Sword and Pok\u00e9mon\u2122 Shield games.","og_url":"https:\/\/plyro.eu\/ee\/product\/pokemon-shield\/","og_site_name":"Plyro EE","article_publisher":"https:\/\/www.facebook.com\/gamedogEE\/","article_modified_time":"2026-04-15T00:00:27+00:00","og_image":[{"width":190,"height":281,"url":"https:\/\/plyro.eu\/ee\/wp-content\/uploads\/2026\/02\/MV5BNzc4ZjM2ZjktZDIzMS00NTAwLWJhMTQtZDZmZGQzZjg0MzM3XkEyXkFqcGc-V1-QL75-UX190-CR02190281-1-1.jpg","type":"image\/jpeg"}],"twitter_card":"summary_large_image","schema":{"@context":"https:\/\/schema.org","@graph":[{"@type":"WebPage","@id":"https:\/\/plyro.eu\/ee\/product\/pokemon-shield\/","url":"https:\/\/plyro.eu\/ee\/product\/pokemon-shield\/","name":"Pokemon Shield - Plyro EE","isPartOf":{"@id":"https:\/\/plyro.eu\/ee\/#website"},"primaryImageOfPage":{"@id":"https:\/\/plyro.eu\/ee\/product\/pokemon-shield\/#primaryimage"},"image":{"@id":"https:\/\/plyro.eu\/ee\/product\/pokemon-shield\/#primaryimage"},"thumbnailUrl":"https:\/\/plyro.eu\/ee\/wp-content\/uploads\/2026\/02\/MV5BNzc4ZjM2ZjktZDIzMS00NTAwLWJhMTQtZDZmZGQzZjg0MzM3XkEyXkFqcGc-V1-QL75-UX190-CR02190281-1-1.jpg","datePublished":"2026-02-06T20:51:06+00:00","dateModified":"2026-04-15T00:00:27+00:00","breadcrumb":{"@id":"https:\/\/plyro.eu\/ee\/product\/pokemon-shield\/#breadcrumb"},"inLanguage":"et","potentialAction":[{"@type":"ReadAction","target":["https:\/\/plyro.eu\/ee\/product\/pokemon-shield\/"]}]},{"@type":"ImageObject","inLanguage":"et","@id":"https:\/\/plyro.eu\/ee\/product\/pokemon-shield\/#primaryimage","url":"https:\/\/plyro.eu\/ee\/wp-content\/uploads\/2026\/02\/MV5BNzc4ZjM2ZjktZDIzMS00NTAwLWJhMTQtZDZmZGQzZjg0MzM3XkEyXkFqcGc-V1-QL75-UX190-CR02190281-1-1.jpg","contentUrl":"https:\/\/plyro.eu\/ee\/wp-content\/uploads\/2026\/02\/MV5BNzc4ZjM2ZjktZDIzMS00NTAwLWJhMTQtZDZmZGQzZjg0MzM3XkEyXkFqcGc-V1-QL75-UX190-CR02190281-1-1.jpg","width":190,"height":281,"caption":"MV5BNzc4ZjM2ZjktZDIzMS00NTAwLWJhMTQtZDZmZGQzZjg0MzM3XkEyXkFqcGc-V1-QL75-UX190-CR02190281-"},{"@type":"BreadcrumbList","@id":"https:\/\/plyro.eu\/ee\/product\/pokemon-shield\/#breadcrumb","itemListElement":[{"@type":"ListItem","position":1,"name":"Home","item":"https:\/\/plyro.eu\/ee\/"},{"@type":"ListItem","position":2,"name":"Kataloog","item":"https:\/\/plyro.eu\/ee\/shop-2\/"},{"@type":"ListItem","position":3,"name":"Pokemon Shield"}]},{"@type":"WebSite","@id":"https:\/\/plyro.eu\/ee\/#website","url":"https:\/\/plyro.eu\/ee\/","name":"Plyro EE","description":"","publisher":{"@id":"https:\/\/plyro.eu\/ee\/#organization"},"potentialAction":[{"@type":"SearchAction","target":{"@type":"EntryPoint","urlTemplate":"https:\/\/plyro.eu\/ee\/?s={search_term_string}"},"query-input":{"@type":"PropertyValueSpecification","valueRequired":true,"valueName":"search_term_string"}}],"inLanguage":"et"},{"@type":"Organization","@id":"https:\/\/plyro.eu\/ee\/#organization","name":"Plyro EE","url":"https:\/\/plyro.eu\/ee\/","logo":{"@type":"ImageObject","inLanguage":"et","@id":"https:\/\/plyro.eu\/ee\/#\/schema\/logo\/image\/","url":"https:\/\/plyro.eu\/ee\/wp-content\/uploads\/2026\/02\/plyro_black_512_transparent-1.png","contentUrl":"https:\/\/plyro.eu\/ee\/wp-content\/uploads\/2026\/02\/plyro_black_512_transparent-1.png","width":512,"height":512,"caption":"Plyro EE"},"image":{"@id":"https:\/\/plyro.eu\/ee\/#\/schema\/logo\/image\/"},"sameAs":["https:\/\/www.facebook.com\/gamedogEE\/"]}]}},"_links":{"self":[{"href":"https:\/\/plyro.eu\/ee\/wp-json\/wp\/v2\/product\/276491","targetHints":{"allow":["GET"]}}],"collection":[{"href":"https:\/\/plyro.eu\/ee\/wp-json\/wp\/v2\/product"}],"about":[{"href":"https:\/\/plyro.eu\/ee\/wp-json\/wp\/v2\/types\/product"}],"replies":[{"embeddable":true,"href":"https:\/\/plyro.eu\/ee\/wp-json\/wp\/v2\/comments?post=276491"}],"wp:featuredmedia":[{"embeddable":true,"href":"https:\/\/plyro.eu\/ee\/wp-json\/wp\/v2\/media\/276427"}],"wp:attachment":[{"href":"https:\/\/plyro.eu\/ee\/wp-json\/wp\/v2\/media?parent=276491"}],"wp:term":[{"taxonomy":"product_brand","embeddable":true,"href":"https:\/\/plyro.eu\/ee\/wp-json\/wp\/v2\/product_brand?post=276491"},{"taxonomy":"product_cat","embeddable":true,"href":"https:\/\/plyro.eu\/ee\/wp-json\/wp\/v2\/product_cat?post=276491"},{"taxonomy":"product_tag","embeddable":true,"href":"https:\/\/plyro.eu\/ee\/wp-json\/wp\/v2\/product_tag?post=276491"}],"curies":[{"name":"wp","href":"https:\/\/api.w.org\/{rel}","templated":true}]}}