{"id":275081,"date":"2026-02-06T22:10:54","date_gmt":"2026-02-06T20:10:54","guid":{"rendered":"https:\/\/plyro.eu\/ee\/product\/xbox-series-s-starter-bundle\/"},"modified":"2026-03-17T21:19:24","modified_gmt":"2026-03-17T19:19:24","slug":"xbox-series-s-starter-bundle","status":"publish","type":"product","link":"https:\/\/plyro.eu\/ee\/product\/xbox-series-s-starter-bundle\/","title":{"rendered":"Xbox Series S Starter Bundle"},"content":{"rendered":"","protected":false},"excerpt":{"rendered":"<ul class=\"a-unordered-list a-vertical a-spacing-mini\">_x000D_n \t<\/p>\n<li class=\"a-spacing-mini\"><span class=\"a-list-item\"> GAME PASS ULTIMATE: h\u00fcpake Xboxi maailma koos k\u00f5igega, mida vajate m\u00e4ngimiseks, sealhulgas Xbox Series S ja sadu kvaliteetseid m\u00e4nge 3 kuu Game Pass Ultimate&#8217;iga._x000D_n<\/span><\/li>\n<p>_x000D_n \t<\/p>\n<li class=\"a-spacing-mini\">PAKENDIS: Komplekt sisaldab: Xbox Series S konsool, 3 kuu Xbox Game Pass Ultimate&#8217;i liikmesus, \u00fcks Xboxi juhtmevaba kontroller, kiire HDMI-kaabel ja toitejuhe.<\/li>\n<p>_x000D_n \t<\/p>\n<li class=\"a-spacing-mini\"><span class=\"a-list-item\"> XBOX SERIES S: Kogege parima v\u00e4\u00e4rtusega m\u00e4ngude m\u00e4ngimist Xbox Series S, mis on varustatud 512 GB kohandatud SSD-kettaga._x000D_n<\/span><\/li>\n<p>_x000D_n \t<\/p>\n<li class=\"a-spacing-mini\">Kasutage iga m\u00e4nguminutit maksimaalselt \u00e4ra t\u00e4nu Quick Resume&#8217;ile, v\u00e4lkkiirele laadimisaegadele ja kuni 120 FPS-i m\u00e4ngimisele &#8211; k\u00f5ik t\u00e4nu Xbox Velocity Architecture&#8217;ile.<\/li>\n<p>_x000D_n \t<\/p>\n<li class=\"a-spacing-mini\">Saate esimesena m\u00e4ngida uusi m\u00e4nge, nagu Starfield ja Forza Motorsport, juba esimesel p\u00e4eval koos 3 kuu Game Pass Ultimate&#8217;iga. Lisaks saate nautida sadu teisi kvaliteetseid m\u00e4nge, nagu Minecraft Legends, Halo Infinite ja Forza Horizon 5.<\/li>\n<p>_x000D_n \t<\/p>\n<li class=\"a-spacing-mini\">Game Pass Ultimate&#8217;iga m\u00e4ngid koos s\u00f5pradega online-m\u00e4ngija kaudu ja naudid EA Play liikmelisust, mis annab sulle juurdep\u00e4\u00e4su konsooli ja PC tipptasemel m\u00e4ngudele, sealhulgas k\u00f5ige populaarsematele sarjadele nagu F1, Battlefield ja STAR WARS.<\/li>\n<p>_x000D_n<\/ul>\n","protected":false},"featured_media":274981,"comment_status":"open","ping_status":"closed","template":"","meta":{"_acf_changed":false,"inline_featured_image":false},"product_brand":[],"product_cat":[1390],"product_tag":[],"class_list":{"0":"post-275081","1":"product","2":"type-product","3":"status-publish","4":"has-post-thumbnail","6":"product_cat-xbox-consoles","7":"out-of-stock","9":"first","10":"outofstock","11":"taxable","12":"shipping-taxable","13":"purchasable","14":"product-type-simple"},"acf":[],"yoast_head":"<!-- This site is optimized with the Yoast SEO plugin v24.9 - https:\/\/yoast.com\/wordpress\/plugins\/seo\/ -->\n<title>Xbox Series S Starter Bundle - Plyro EE<\/title>\n<meta name=\"robots\" content=\"index, follow, max-snippet:-1, max-image-preview:large, max-video-preview:-1\" \/>\n<link rel=\"canonical\" href=\"https:\/\/plyro.eu\/ee\/product\/xbox-series-s-starter-bundle\/\" \/>\n<meta property=\"og:locale\" content=\"et_EE\" \/>\n<meta property=\"og:type\" content=\"article\" \/>\n<meta property=\"og:title\" content=\"Xbox Series S Starter Bundle - Plyro EE\" \/>\n<meta property=\"og:description\" content=\"_x000D_n  GAME PASS ULTIMATE: h\u00fcpake Xboxi maailma koos k\u00f5igega, mida vajate m\u00e4ngimiseks, sealhulgas Xbox Series S ja sadu kvaliteetseid m\u00e4nge 3 kuu Game Pass Ultimate&#039;iga._x000D_n_x000D_n PAKENDIS: Komplekt sisaldab: Xbox Series S konsool, 3 kuu Xbox Game Pass Ultimate&#039;i liikmesus, \u00fcks Xboxi juhtmevaba kontroller, kiire HDMI-kaabel ja toitejuhe._x000D_n  XBOX SERIES S: Kogege parima v\u00e4\u00e4rtusega m\u00e4ngude m\u00e4ngimist Xbox Series S, mis on varustatud 512 GB kohandatud SSD-kettaga._x000D_n_x000D_n Kasutage iga m\u00e4nguminutit maksimaalselt \u00e4ra t\u00e4nu Quick Resume&#039;ile, v\u00e4lkkiirele laadimisaegadele ja kuni 120 FPS-i m\u00e4ngimisele - k\u00f5ik t\u00e4nu Xbox Velocity Architecture&#039;ile._x000D_n Saate esimesena m\u00e4ngida uusi m\u00e4nge, nagu Starfield ja Forza Motorsport, juba esimesel p\u00e4eval koos 3 kuu Game Pass Ultimate&#039;iga. Lisaks saate nautida sadu teisi kvaliteetseid m\u00e4nge, nagu Minecraft Legends, Halo Infinite ja Forza Horizon 5._x000D_n Game Pass Ultimate&#039;iga m\u00e4ngid koos s\u00f5pradega online-m\u00e4ngija kaudu ja naudid EA Play liikmelisust, mis annab sulle juurdep\u00e4\u00e4su konsooli ja PC tipptasemel m\u00e4ngudele, sealhulgas k\u00f5ige populaarsematele sarjadele nagu F1, Battlefield ja STAR WARS._x000D_n\" \/>\n<meta property=\"og:url\" content=\"https:\/\/plyro.eu\/ee\/product\/xbox-series-s-starter-bundle\/\" \/>\n<meta property=\"og:site_name\" content=\"Plyro EE\" \/>\n<meta property=\"article:publisher\" content=\"https:\/\/www.facebook.com\/gamedogEE\/\" \/>\n<meta property=\"article:modified_time\" content=\"2026-03-17T19:19:24+00:00\" \/>\n<meta property=\"og:image\" content=\"https:\/\/plyro.eu\/ee\/wp-content\/uploads\/2026\/02\/450195-1.jpg\" \/>\n\t<meta property=\"og:image:width\" content=\"500\" \/>\n\t<meta property=\"og:image:height\" content=\"500\" \/>\n\t<meta property=\"og:image:type\" content=\"image\/jpeg\" \/>\n<meta name=\"twitter:card\" content=\"summary_large_image\" \/>\n<script type=\"application\/ld+json\" class=\"yoast-schema-graph\">{\"@context\":\"https:\/\/schema.org\",\"@graph\":[{\"@type\":\"WebPage\",\"@id\":\"https:\/\/plyro.eu\/ee\/product\/xbox-series-s-starter-bundle\/\",\"url\":\"https:\/\/plyro.eu\/ee\/product\/xbox-series-s-starter-bundle\/\",\"name\":\"Xbox Series S Starter Bundle - Plyro EE\",\"isPartOf\":{\"@id\":\"https:\/\/plyro.eu\/ee\/#website\"},\"primaryImageOfPage\":{\"@id\":\"https:\/\/plyro.eu\/ee\/product\/xbox-series-s-starter-bundle\/#primaryimage\"},\"image\":{\"@id\":\"https:\/\/plyro.eu\/ee\/product\/xbox-series-s-starter-bundle\/#primaryimage\"},\"thumbnailUrl\":\"https:\/\/plyro.eu\/ee\/wp-content\/uploads\/2026\/02\/450195-1.jpg\",\"datePublished\":\"2026-02-06T20:10:54+00:00\",\"dateModified\":\"2026-03-17T19:19:24+00:00\",\"breadcrumb\":{\"@id\":\"https:\/\/plyro.eu\/ee\/product\/xbox-series-s-starter-bundle\/#breadcrumb\"},\"inLanguage\":\"et\",\"potentialAction\":[{\"@type\":\"ReadAction\",\"target\":[\"https:\/\/plyro.eu\/ee\/product\/xbox-series-s-starter-bundle\/\"]}]},{\"@type\":\"ImageObject\",\"inLanguage\":\"et\",\"@id\":\"https:\/\/plyro.eu\/ee\/product\/xbox-series-s-starter-bundle\/#primaryimage\",\"url\":\"https:\/\/plyro.eu\/ee\/wp-content\/uploads\/2026\/02\/450195-1.jpg\",\"contentUrl\":\"https:\/\/plyro.eu\/ee\/wp-content\/uploads\/2026\/02\/450195-1.jpg\",\"width\":500,\"height\":500,\"caption\":\"450195\"},{\"@type\":\"BreadcrumbList\",\"@id\":\"https:\/\/plyro.eu\/ee\/product\/xbox-series-s-starter-bundle\/#breadcrumb\",\"itemListElement\":[{\"@type\":\"ListItem\",\"position\":1,\"name\":\"Home\",\"item\":\"https:\/\/plyro.eu\/ee\/\"},{\"@type\":\"ListItem\",\"position\":2,\"name\":\"Kataloog\",\"item\":\"https:\/\/plyro.eu\/ee\/shop-2\/\"},{\"@type\":\"ListItem\",\"position\":3,\"name\":\"Xbox Series S Starter Bundle\"}]},{\"@type\":\"WebSite\",\"@id\":\"https:\/\/plyro.eu\/ee\/#website\",\"url\":\"https:\/\/plyro.eu\/ee\/\",\"name\":\"Plyro EE\",\"description\":\"\",\"publisher\":{\"@id\":\"https:\/\/plyro.eu\/ee\/#organization\"},\"potentialAction\":[{\"@type\":\"SearchAction\",\"target\":{\"@type\":\"EntryPoint\",\"urlTemplate\":\"https:\/\/plyro.eu\/ee\/?s={search_term_string}\"},\"query-input\":{\"@type\":\"PropertyValueSpecification\",\"valueRequired\":true,\"valueName\":\"search_term_string\"}}],\"inLanguage\":\"et\"},{\"@type\":\"Organization\",\"@id\":\"https:\/\/plyro.eu\/ee\/#organization\",\"name\":\"Plyro EE\",\"url\":\"https:\/\/plyro.eu\/ee\/\",\"logo\":{\"@type\":\"ImageObject\",\"inLanguage\":\"et\",\"@id\":\"https:\/\/plyro.eu\/ee\/#\/schema\/logo\/image\/\",\"url\":\"https:\/\/plyro.eu\/ee\/wp-content\/uploads\/2026\/02\/plyro_black_512_transparent-1.png\",\"contentUrl\":\"https:\/\/plyro.eu\/ee\/wp-content\/uploads\/2026\/02\/plyro_black_512_transparent-1.png\",\"width\":512,\"height\":512,\"caption\":\"Plyro EE\"},\"image\":{\"@id\":\"https:\/\/plyro.eu\/ee\/#\/schema\/logo\/image\/\"},\"sameAs\":[\"https:\/\/www.facebook.com\/gamedogEE\/\"]}]}<\/script>\n<!-- \/ Yoast SEO plugin. -->","yoast_head_json":{"title":"Xbox Series S Starter Bundle - Plyro EE","robots":{"index":"index","follow":"follow","max-snippet":"max-snippet:-1","max-image-preview":"max-image-preview:large","max-video-preview":"max-video-preview:-1"},"canonical":"https:\/\/plyro.eu\/ee\/product\/xbox-series-s-starter-bundle\/","og_locale":"et_EE","og_type":"article","og_title":"Xbox Series S Starter Bundle - Plyro EE","og_description":"_x000D_n  GAME PASS ULTIMATE: h\u00fcpake Xboxi maailma koos k\u00f5igega, mida vajate m\u00e4ngimiseks, sealhulgas Xbox Series S ja sadu kvaliteetseid m\u00e4nge 3 kuu Game Pass Ultimate'iga._x000D_n_x000D_n PAKENDIS: Komplekt sisaldab: Xbox Series S konsool, 3 kuu Xbox Game Pass Ultimate'i liikmesus, \u00fcks Xboxi juhtmevaba kontroller, kiire HDMI-kaabel ja toitejuhe._x000D_n  XBOX SERIES S: Kogege parima v\u00e4\u00e4rtusega m\u00e4ngude m\u00e4ngimist Xbox Series S, mis on varustatud 512 GB kohandatud SSD-kettaga._x000D_n_x000D_n Kasutage iga m\u00e4nguminutit maksimaalselt \u00e4ra t\u00e4nu Quick Resume'ile, v\u00e4lkkiirele laadimisaegadele ja kuni 120 FPS-i m\u00e4ngimisele - k\u00f5ik t\u00e4nu Xbox Velocity Architecture'ile._x000D_n Saate esimesena m\u00e4ngida uusi m\u00e4nge, nagu Starfield ja Forza Motorsport, juba esimesel p\u00e4eval koos 3 kuu Game Pass Ultimate'iga. Lisaks saate nautida sadu teisi kvaliteetseid m\u00e4nge, nagu Minecraft Legends, Halo Infinite ja Forza Horizon 5._x000D_n Game Pass Ultimate'iga m\u00e4ngid koos s\u00f5pradega online-m\u00e4ngija kaudu ja naudid EA Play liikmelisust, mis annab sulle juurdep\u00e4\u00e4su konsooli ja PC tipptasemel m\u00e4ngudele, sealhulgas k\u00f5ige populaarsematele sarjadele nagu F1, Battlefield ja STAR WARS._x000D_n","og_url":"https:\/\/plyro.eu\/ee\/product\/xbox-series-s-starter-bundle\/","og_site_name":"Plyro EE","article_publisher":"https:\/\/www.facebook.com\/gamedogEE\/","article_modified_time":"2026-03-17T19:19:24+00:00","og_image":[{"width":500,"height":500,"url":"https:\/\/plyro.eu\/ee\/wp-content\/uploads\/2026\/02\/450195-1.jpg","type":"image\/jpeg"}],"twitter_card":"summary_large_image","schema":{"@context":"https:\/\/schema.org","@graph":[{"@type":"WebPage","@id":"https:\/\/plyro.eu\/ee\/product\/xbox-series-s-starter-bundle\/","url":"https:\/\/plyro.eu\/ee\/product\/xbox-series-s-starter-bundle\/","name":"Xbox Series S Starter Bundle - Plyro EE","isPartOf":{"@id":"https:\/\/plyro.eu\/ee\/#website"},"primaryImageOfPage":{"@id":"https:\/\/plyro.eu\/ee\/product\/xbox-series-s-starter-bundle\/#primaryimage"},"image":{"@id":"https:\/\/plyro.eu\/ee\/product\/xbox-series-s-starter-bundle\/#primaryimage"},"thumbnailUrl":"https:\/\/plyro.eu\/ee\/wp-content\/uploads\/2026\/02\/450195-1.jpg","datePublished":"2026-02-06T20:10:54+00:00","dateModified":"2026-03-17T19:19:24+00:00","breadcrumb":{"@id":"https:\/\/plyro.eu\/ee\/product\/xbox-series-s-starter-bundle\/#breadcrumb"},"inLanguage":"et","potentialAction":[{"@type":"ReadAction","target":["https:\/\/plyro.eu\/ee\/product\/xbox-series-s-starter-bundle\/"]}]},{"@type":"ImageObject","inLanguage":"et","@id":"https:\/\/plyro.eu\/ee\/product\/xbox-series-s-starter-bundle\/#primaryimage","url":"https:\/\/plyro.eu\/ee\/wp-content\/uploads\/2026\/02\/450195-1.jpg","contentUrl":"https:\/\/plyro.eu\/ee\/wp-content\/uploads\/2026\/02\/450195-1.jpg","width":500,"height":500,"caption":"450195"},{"@type":"BreadcrumbList","@id":"https:\/\/plyro.eu\/ee\/product\/xbox-series-s-starter-bundle\/#breadcrumb","itemListElement":[{"@type":"ListItem","position":1,"name":"Home","item":"https:\/\/plyro.eu\/ee\/"},{"@type":"ListItem","position":2,"name":"Kataloog","item":"https:\/\/plyro.eu\/ee\/shop-2\/"},{"@type":"ListItem","position":3,"name":"Xbox Series S Starter Bundle"}]},{"@type":"WebSite","@id":"https:\/\/plyro.eu\/ee\/#website","url":"https:\/\/plyro.eu\/ee\/","name":"Plyro EE","description":"","publisher":{"@id":"https:\/\/plyro.eu\/ee\/#organization"},"potentialAction":[{"@type":"SearchAction","target":{"@type":"EntryPoint","urlTemplate":"https:\/\/plyro.eu\/ee\/?s={search_term_string}"},"query-input":{"@type":"PropertyValueSpecification","valueRequired":true,"valueName":"search_term_string"}}],"inLanguage":"et"},{"@type":"Organization","@id":"https:\/\/plyro.eu\/ee\/#organization","name":"Plyro EE","url":"https:\/\/plyro.eu\/ee\/","logo":{"@type":"ImageObject","inLanguage":"et","@id":"https:\/\/plyro.eu\/ee\/#\/schema\/logo\/image\/","url":"https:\/\/plyro.eu\/ee\/wp-content\/uploads\/2026\/02\/plyro_black_512_transparent-1.png","contentUrl":"https:\/\/plyro.eu\/ee\/wp-content\/uploads\/2026\/02\/plyro_black_512_transparent-1.png","width":512,"height":512,"caption":"Plyro EE"},"image":{"@id":"https:\/\/plyro.eu\/ee\/#\/schema\/logo\/image\/"},"sameAs":["https:\/\/www.facebook.com\/gamedogEE\/"]}]}},"_links":{"self":[{"href":"https:\/\/plyro.eu\/ee\/wp-json\/wp\/v2\/product\/275081","targetHints":{"allow":["GET"]}}],"collection":[{"href":"https:\/\/plyro.eu\/ee\/wp-json\/wp\/v2\/product"}],"about":[{"href":"https:\/\/plyro.eu\/ee\/wp-json\/wp\/v2\/types\/product"}],"replies":[{"embeddable":true,"href":"https:\/\/plyro.eu\/ee\/wp-json\/wp\/v2\/comments?post=275081"}],"wp:featuredmedia":[{"embeddable":true,"href":"https:\/\/plyro.eu\/ee\/wp-json\/wp\/v2\/media\/274981"}],"wp:attachment":[{"href":"https:\/\/plyro.eu\/ee\/wp-json\/wp\/v2\/media?parent=275081"}],"wp:term":[{"taxonomy":"product_brand","embeddable":true,"href":"https:\/\/plyro.eu\/ee\/wp-json\/wp\/v2\/product_brand?post=275081"},{"taxonomy":"product_cat","embeddable":true,"href":"https:\/\/plyro.eu\/ee\/wp-json\/wp\/v2\/product_cat?post=275081"},{"taxonomy":"product_tag","embeddable":true,"href":"https:\/\/plyro.eu\/ee\/wp-json\/wp\/v2\/product_tag?post=275081"}],"curies":[{"name":"wp","href":"https:\/\/api.w.org\/{rel}","templated":true}]}}