{"id":274980,"date":"2026-02-06T22:08:05","date_gmt":"2026-02-06T20:08:05","guid":{"rendered":"https:\/\/plyro.eu\/ee\/product\/headphones-sony-linkbuds-s\/"},"modified":"2026-03-17T21:18:37","modified_gmt":"2026-03-17T19:18:37","slug":"headphones-sony-linkbuds-s","status":"publish","type":"product","link":"https:\/\/plyro.eu\/ee\/product\/headphones-sony-linkbuds-s\/","title":{"rendered":"Headphones Sony Linkbuds S"},"content":{"rendered":"<ul>_x000D_n \t<\/p>\n<li>K\u00f5ige v\u00e4iksemad ja kergemad Sony juhtmevabad k\u00f5rgresolutsiooniga k\u00f5rvaklapid koos m\u00fcrasummutusega. Uue p\u00fcsivara uuendusega, mis antakse novembris 2022, on n\u00fc\u00fcd v\u00f5imalik ka mitme punkti \u00fchendus. T\u00e4ieliku mugavuse tagamiseks saab Bluetooth-kuulokid siduda korraga kahe Bluetooth-seadmega. Kui saate k\u00f5ne, teavad k\u00f5rvaklapid, millised seadmed helisevad, ja \u00fchenduvad automaatselt sellega.<\/li>\n<p>_x000D_n \t<\/p>\n<li>Need Sony k\u00f5rvaklapid pakuvad teile parimat m\u00f5lemast maailmast: loomulikku \u00fcmbritsevat heli, kui soovite suhelda oma keskkonnaga, ja kvaliteetset m\u00fcrasummutust, kui soovite keskenduda.<\/li>\n<p>_x000D_n \t<\/p>\n<li>Nautige nende Bluetooth-k\u00f5rvaklappidega traadita k\u00f5rglahutusega heli ja kristallselgeid telefonivestlusi.<\/li>\n<p>_x000D_n \t<\/p>\n<li>Intelligentsed funktsioonid tagavad vaevatu kuulamiskogemuse. Speak-to-chat peatab muusika automaatselt, kui alustate vestlust, v\u00f5i on k\u00f5rvaklappidel ka intuitiivne puutejuhtimine.<\/li>\n<p>_x000D_n \t<\/p>\n<li>Kuni 20 tundi kestev aku koos laadimiskohvriga. IPX4 kaitse pritsmete vastu igast k\u00fcljest.<\/li>\n<p>_x000D_n \t<\/p>\n<li>Toetab m\u00fcrasummutust ja \u00fchildub LDAC-k\u00f5rvaklappidega turul. LDAC on sertifitseeritud \u201eHi-Res Audio Wireless\u201c koodek.<\/li>\n<p>_x000D_n<\/ul>\n","protected":false},"excerpt":{"rendered":"<p>Sony LinkBuds S t\u00e4isjuhtmevabad k\u00f5rvaklapid aitavad Sul lisada oma ellu s\u00fcgava bassiga muusikat ja samal ajal t\u00e4ielikku vaikust v\u00e4lismaailmast.<\/p>\n","protected":false},"featured_media":274892,"comment_status":"open","ping_status":"closed","template":"","meta":{"_acf_changed":false,"inline_featured_image":false},"product_brand":[],"product_cat":[1409],"product_tag":[],"class_list":{"0":"post-274980","1":"product","2":"type-product","3":"status-publish","4":"has-post-thumbnail","6":"product_cat-headphones","7":"out-of-stock","9":"first","10":"outofstock","11":"taxable","12":"shipping-taxable","13":"purchasable","14":"product-type-simple"},"acf":[],"yoast_head":"<!-- This site is optimized with the Yoast SEO plugin v24.9 - https:\/\/yoast.com\/wordpress\/plugins\/seo\/ -->\n<title>Headphones Sony Linkbuds S - Plyro EE<\/title>\n<meta name=\"robots\" content=\"index, follow, max-snippet:-1, max-image-preview:large, max-video-preview:-1\" \/>\n<link rel=\"canonical\" href=\"https:\/\/plyro.eu\/ee\/product\/headphones-sony-linkbuds-s\/\" \/>\n<meta property=\"og:locale\" content=\"et_EE\" \/>\n<meta property=\"og:type\" content=\"article\" \/>\n<meta property=\"og:title\" content=\"Headphones Sony Linkbuds S - Plyro EE\" \/>\n<meta property=\"og:description\" content=\"Sony LinkBuds S t\u00e4isjuhtmevabad k\u00f5rvaklapid aitavad Sul lisada oma ellu s\u00fcgava bassiga muusikat ja samal ajal t\u00e4ielikku vaikust v\u00e4lismaailmast.\" \/>\n<meta property=\"og:url\" content=\"https:\/\/plyro.eu\/ee\/product\/headphones-sony-linkbuds-s\/\" \/>\n<meta property=\"og:site_name\" content=\"Plyro EE\" \/>\n<meta property=\"article:publisher\" content=\"https:\/\/www.facebook.com\/gamedogEE\/\" \/>\n<meta property=\"article:modified_time\" content=\"2026-03-17T19:18:37+00:00\" \/>\n<meta property=\"og:image\" content=\"https:\/\/plyro.eu\/ee\/wp-content\/uploads\/2026\/02\/Headphones-Sony-Linkbuds-S-1-1.jpg\" \/>\n\t<meta property=\"og:image:width\" content=\"428\" \/>\n\t<meta property=\"og:image:height\" content=\"398\" \/>\n\t<meta property=\"og:image:type\" content=\"image\/jpeg\" \/>\n<meta name=\"twitter:card\" content=\"summary_large_image\" \/>\n<meta name=\"twitter:label1\" content=\"Est. reading time\" \/>\n\t<meta name=\"twitter:data1\" content=\"1 minut\" \/>\n<script type=\"application\/ld+json\" class=\"yoast-schema-graph\">{\"@context\":\"https:\/\/schema.org\",\"@graph\":[{\"@type\":\"WebPage\",\"@id\":\"https:\/\/plyro.eu\/ee\/product\/headphones-sony-linkbuds-s\/\",\"url\":\"https:\/\/plyro.eu\/ee\/product\/headphones-sony-linkbuds-s\/\",\"name\":\"Headphones Sony Linkbuds S - Plyro EE\",\"isPartOf\":{\"@id\":\"https:\/\/plyro.eu\/ee\/#website\"},\"primaryImageOfPage\":{\"@id\":\"https:\/\/plyro.eu\/ee\/product\/headphones-sony-linkbuds-s\/#primaryimage\"},\"image\":{\"@id\":\"https:\/\/plyro.eu\/ee\/product\/headphones-sony-linkbuds-s\/#primaryimage\"},\"thumbnailUrl\":\"https:\/\/plyro.eu\/ee\/wp-content\/uploads\/2026\/02\/Headphones-Sony-Linkbuds-S-1-1.jpg\",\"datePublished\":\"2026-02-06T20:08:05+00:00\",\"dateModified\":\"2026-03-17T19:18:37+00:00\",\"breadcrumb\":{\"@id\":\"https:\/\/plyro.eu\/ee\/product\/headphones-sony-linkbuds-s\/#breadcrumb\"},\"inLanguage\":\"et\",\"potentialAction\":[{\"@type\":\"ReadAction\",\"target\":[\"https:\/\/plyro.eu\/ee\/product\/headphones-sony-linkbuds-s\/\"]}]},{\"@type\":\"ImageObject\",\"inLanguage\":\"et\",\"@id\":\"https:\/\/plyro.eu\/ee\/product\/headphones-sony-linkbuds-s\/#primaryimage\",\"url\":\"https:\/\/plyro.eu\/ee\/wp-content\/uploads\/2026\/02\/Headphones-Sony-Linkbuds-S-1-1.jpg\",\"contentUrl\":\"https:\/\/plyro.eu\/ee\/wp-content\/uploads\/2026\/02\/Headphones-Sony-Linkbuds-S-1-1.jpg\",\"width\":428,\"height\":398,\"caption\":\"Headphones-Sony-Linkbuds-S-1\"},{\"@type\":\"BreadcrumbList\",\"@id\":\"https:\/\/plyro.eu\/ee\/product\/headphones-sony-linkbuds-s\/#breadcrumb\",\"itemListElement\":[{\"@type\":\"ListItem\",\"position\":1,\"name\":\"Home\",\"item\":\"https:\/\/plyro.eu\/ee\/\"},{\"@type\":\"ListItem\",\"position\":2,\"name\":\"Kataloog\",\"item\":\"https:\/\/plyro.eu\/ee\/shop-2\/\"},{\"@type\":\"ListItem\",\"position\":3,\"name\":\"Headphones Sony Linkbuds S\"}]},{\"@type\":\"WebSite\",\"@id\":\"https:\/\/plyro.eu\/ee\/#website\",\"url\":\"https:\/\/plyro.eu\/ee\/\",\"name\":\"Plyro EE\",\"description\":\"\",\"publisher\":{\"@id\":\"https:\/\/plyro.eu\/ee\/#organization\"},\"potentialAction\":[{\"@type\":\"SearchAction\",\"target\":{\"@type\":\"EntryPoint\",\"urlTemplate\":\"https:\/\/plyro.eu\/ee\/?s={search_term_string}\"},\"query-input\":{\"@type\":\"PropertyValueSpecification\",\"valueRequired\":true,\"valueName\":\"search_term_string\"}}],\"inLanguage\":\"et\"},{\"@type\":\"Organization\",\"@id\":\"https:\/\/plyro.eu\/ee\/#organization\",\"name\":\"Plyro EE\",\"url\":\"https:\/\/plyro.eu\/ee\/\",\"logo\":{\"@type\":\"ImageObject\",\"inLanguage\":\"et\",\"@id\":\"https:\/\/plyro.eu\/ee\/#\/schema\/logo\/image\/\",\"url\":\"https:\/\/plyro.eu\/ee\/wp-content\/uploads\/2026\/02\/plyro_black_512_transparent-1.png\",\"contentUrl\":\"https:\/\/plyro.eu\/ee\/wp-content\/uploads\/2026\/02\/plyro_black_512_transparent-1.png\",\"width\":512,\"height\":512,\"caption\":\"Plyro EE\"},\"image\":{\"@id\":\"https:\/\/plyro.eu\/ee\/#\/schema\/logo\/image\/\"},\"sameAs\":[\"https:\/\/www.facebook.com\/gamedogEE\/\"]}]}<\/script>\n<!-- \/ Yoast SEO plugin. -->","yoast_head_json":{"title":"Headphones Sony Linkbuds S - Plyro EE","robots":{"index":"index","follow":"follow","max-snippet":"max-snippet:-1","max-image-preview":"max-image-preview:large","max-video-preview":"max-video-preview:-1"},"canonical":"https:\/\/plyro.eu\/ee\/product\/headphones-sony-linkbuds-s\/","og_locale":"et_EE","og_type":"article","og_title":"Headphones Sony Linkbuds S - Plyro EE","og_description":"Sony LinkBuds S t\u00e4isjuhtmevabad k\u00f5rvaklapid aitavad Sul lisada oma ellu s\u00fcgava bassiga muusikat ja samal ajal t\u00e4ielikku vaikust v\u00e4lismaailmast.","og_url":"https:\/\/plyro.eu\/ee\/product\/headphones-sony-linkbuds-s\/","og_site_name":"Plyro EE","article_publisher":"https:\/\/www.facebook.com\/gamedogEE\/","article_modified_time":"2026-03-17T19:18:37+00:00","og_image":[{"width":428,"height":398,"url":"https:\/\/plyro.eu\/ee\/wp-content\/uploads\/2026\/02\/Headphones-Sony-Linkbuds-S-1-1.jpg","type":"image\/jpeg"}],"twitter_card":"summary_large_image","twitter_misc":{"Est. reading time":"1 minut"},"schema":{"@context":"https:\/\/schema.org","@graph":[{"@type":"WebPage","@id":"https:\/\/plyro.eu\/ee\/product\/headphones-sony-linkbuds-s\/","url":"https:\/\/plyro.eu\/ee\/product\/headphones-sony-linkbuds-s\/","name":"Headphones Sony Linkbuds S - Plyro EE","isPartOf":{"@id":"https:\/\/plyro.eu\/ee\/#website"},"primaryImageOfPage":{"@id":"https:\/\/plyro.eu\/ee\/product\/headphones-sony-linkbuds-s\/#primaryimage"},"image":{"@id":"https:\/\/plyro.eu\/ee\/product\/headphones-sony-linkbuds-s\/#primaryimage"},"thumbnailUrl":"https:\/\/plyro.eu\/ee\/wp-content\/uploads\/2026\/02\/Headphones-Sony-Linkbuds-S-1-1.jpg","datePublished":"2026-02-06T20:08:05+00:00","dateModified":"2026-03-17T19:18:37+00:00","breadcrumb":{"@id":"https:\/\/plyro.eu\/ee\/product\/headphones-sony-linkbuds-s\/#breadcrumb"},"inLanguage":"et","potentialAction":[{"@type":"ReadAction","target":["https:\/\/plyro.eu\/ee\/product\/headphones-sony-linkbuds-s\/"]}]},{"@type":"ImageObject","inLanguage":"et","@id":"https:\/\/plyro.eu\/ee\/product\/headphones-sony-linkbuds-s\/#primaryimage","url":"https:\/\/plyro.eu\/ee\/wp-content\/uploads\/2026\/02\/Headphones-Sony-Linkbuds-S-1-1.jpg","contentUrl":"https:\/\/plyro.eu\/ee\/wp-content\/uploads\/2026\/02\/Headphones-Sony-Linkbuds-S-1-1.jpg","width":428,"height":398,"caption":"Headphones-Sony-Linkbuds-S-1"},{"@type":"BreadcrumbList","@id":"https:\/\/plyro.eu\/ee\/product\/headphones-sony-linkbuds-s\/#breadcrumb","itemListElement":[{"@type":"ListItem","position":1,"name":"Home","item":"https:\/\/plyro.eu\/ee\/"},{"@type":"ListItem","position":2,"name":"Kataloog","item":"https:\/\/plyro.eu\/ee\/shop-2\/"},{"@type":"ListItem","position":3,"name":"Headphones Sony Linkbuds S"}]},{"@type":"WebSite","@id":"https:\/\/plyro.eu\/ee\/#website","url":"https:\/\/plyro.eu\/ee\/","name":"Plyro EE","description":"","publisher":{"@id":"https:\/\/plyro.eu\/ee\/#organization"},"potentialAction":[{"@type":"SearchAction","target":{"@type":"EntryPoint","urlTemplate":"https:\/\/plyro.eu\/ee\/?s={search_term_string}"},"query-input":{"@type":"PropertyValueSpecification","valueRequired":true,"valueName":"search_term_string"}}],"inLanguage":"et"},{"@type":"Organization","@id":"https:\/\/plyro.eu\/ee\/#organization","name":"Plyro EE","url":"https:\/\/plyro.eu\/ee\/","logo":{"@type":"ImageObject","inLanguage":"et","@id":"https:\/\/plyro.eu\/ee\/#\/schema\/logo\/image\/","url":"https:\/\/plyro.eu\/ee\/wp-content\/uploads\/2026\/02\/plyro_black_512_transparent-1.png","contentUrl":"https:\/\/plyro.eu\/ee\/wp-content\/uploads\/2026\/02\/plyro_black_512_transparent-1.png","width":512,"height":512,"caption":"Plyro EE"},"image":{"@id":"https:\/\/plyro.eu\/ee\/#\/schema\/logo\/image\/"},"sameAs":["https:\/\/www.facebook.com\/gamedogEE\/"]}]}},"_links":{"self":[{"href":"https:\/\/plyro.eu\/ee\/wp-json\/wp\/v2\/product\/274980","targetHints":{"allow":["GET"]}}],"collection":[{"href":"https:\/\/plyro.eu\/ee\/wp-json\/wp\/v2\/product"}],"about":[{"href":"https:\/\/plyro.eu\/ee\/wp-json\/wp\/v2\/types\/product"}],"replies":[{"embeddable":true,"href":"https:\/\/plyro.eu\/ee\/wp-json\/wp\/v2\/comments?post=274980"}],"wp:featuredmedia":[{"embeddable":true,"href":"https:\/\/plyro.eu\/ee\/wp-json\/wp\/v2\/media\/274892"}],"wp:attachment":[{"href":"https:\/\/plyro.eu\/ee\/wp-json\/wp\/v2\/media?parent=274980"}],"wp:term":[{"taxonomy":"product_brand","embeddable":true,"href":"https:\/\/plyro.eu\/ee\/wp-json\/wp\/v2\/product_brand?post=274980"},{"taxonomy":"product_cat","embeddable":true,"href":"https:\/\/plyro.eu\/ee\/wp-json\/wp\/v2\/product_cat?post=274980"},{"taxonomy":"product_tag","embeddable":true,"href":"https:\/\/plyro.eu\/ee\/wp-json\/wp\/v2\/product_tag?post=274980"}],"curies":[{"name":"wp","href":"https:\/\/api.w.org\/{rel}","templated":true}]}}