{"id":274587,"date":"2026-02-06T21:56:55","date_gmt":"2026-02-06T19:56:55","guid":{"rendered":"https:\/\/plyro.eu\/ee\/product\/pokemon-legends-arceus\/"},"modified":"2026-03-17T21:30:47","modified_gmt":"2026-03-17T19:30:47","slug":"pokemon-legends-arceus","status":"publish","type":"product","link":"https:\/\/plyro.eu\/ee\/product\/pokemon-legends-arceus\/","title":{"rendered":"Pokemon Legends: Arceus"},"content":{"rendered":"<ul>\n<li>Build the first Pok\u00e9dex in the history of the Sinnoh region<\/li>\n<li>Explore the Sinnoh region of the past<\/li>\n<li>Action meets RPG in this new take on the Pok\u00e9mon series<\/li>\n<li>Learn about the Pok\u00e9mon Arceus, the key to this mysterious tale<\/li>\n<\/ul>\n","protected":false},"excerpt":{"rendered":"<p>Get ready for a new kind of grand, Pok\u00e9mon adventure in Pok\u00e9mon Legends: Arceus, a brand new game from Game Freak that blends action and exploration with the RPG roots of the Pok\u00e9mon series. Explore natural expanses to catch Pok\u00e9mon by learning their behavior, sneaking up, and throwing a well-aimed Pok\u00e9 Ball. You can also toss the Pok\u00e9 Ball containing your ally Pok\u00e9mon near a wild Pok\u00e9mon to seamlessly enter the battle. This new angle on Pok\u00e9mon gameplay will deliver an immersive, personal experience brought to life by both Pok\u00e9mon and humans.<\/p>\n","protected":false},"featured_media":274528,"comment_status":"open","ping_status":"closed","template":"","meta":{"_acf_changed":false,"inline_featured_image":false},"product_brand":[],"product_cat":[1436],"product_tag":[],"class_list":{"0":"post-274587","1":"product","2":"type-product","3":"status-publish","4":"has-post-thumbnail","6":"product_cat-all-games","7":"out-of-stock","9":"first","10":"outofstock","11":"taxable","12":"shipping-taxable","13":"purchasable","14":"product-type-variable"},"acf":[],"yoast_head":"<!-- This site is optimized with the Yoast SEO plugin v24.9 - https:\/\/yoast.com\/wordpress\/plugins\/seo\/ -->\n<title>Pokemon Legends: Arceus - Plyro EE<\/title>\n<meta name=\"robots\" content=\"index, follow, max-snippet:-1, max-image-preview:large, max-video-preview:-1\" \/>\n<link rel=\"canonical\" href=\"https:\/\/plyro.eu\/ee\/product\/pokemon-legends-arceus\/\" \/>\n<meta property=\"og:locale\" content=\"et_EE\" \/>\n<meta property=\"og:type\" content=\"article\" \/>\n<meta property=\"og:title\" content=\"Pokemon Legends: Arceus - Plyro EE\" \/>\n<meta property=\"og:description\" content=\"Get ready for a new kind of grand, Pok\u00e9mon adventure in Pok\u00e9mon Legends: Arceus, a brand new game from Game Freak that blends action and exploration with the RPG roots of the Pok\u00e9mon series. Explore natural expanses to catch Pok\u00e9mon by learning their behavior, sneaking up, and throwing a well-aimed Pok\u00e9 Ball. You can also toss the Pok\u00e9 Ball containing your ally Pok\u00e9mon near a wild Pok\u00e9mon to seamlessly enter the battle. This new angle on Pok\u00e9mon gameplay will deliver an immersive, personal experience brought to life by both Pok\u00e9mon and humans.\" \/>\n<meta property=\"og:url\" content=\"https:\/\/plyro.eu\/ee\/product\/pokemon-legends-arceus\/\" \/>\n<meta property=\"og:site_name\" content=\"Plyro EE\" \/>\n<meta property=\"article:publisher\" content=\"https:\/\/www.facebook.com\/gamedogEE\/\" \/>\n<meta property=\"article:modified_time\" content=\"2026-03-17T19:30:47+00:00\" \/>\n<meta property=\"og:image\" content=\"https:\/\/plyro.eu\/ee\/wp-content\/uploads\/2026\/02\/MV5BMDQ3ZjQyNjMtYjI0Yi00MDQxLTk0MzQtZjBiYmY0MWYyY2UyXkEyXkFqcGc-V1-QL75-UX190-CR02190281-.jpg\" \/>\n\t<meta property=\"og:image:width\" content=\"190\" \/>\n\t<meta property=\"og:image:height\" content=\"281\" \/>\n\t<meta property=\"og:image:type\" content=\"image\/jpeg\" \/>\n<meta name=\"twitter:card\" content=\"summary_large_image\" \/>\n<script type=\"application\/ld+json\" class=\"yoast-schema-graph\">{\"@context\":\"https:\/\/schema.org\",\"@graph\":[{\"@type\":\"WebPage\",\"@id\":\"https:\/\/plyro.eu\/ee\/product\/pokemon-legends-arceus\/\",\"url\":\"https:\/\/plyro.eu\/ee\/product\/pokemon-legends-arceus\/\",\"name\":\"Pokemon Legends: Arceus - Plyro EE\",\"isPartOf\":{\"@id\":\"https:\/\/plyro.eu\/ee\/#website\"},\"primaryImageOfPage\":{\"@id\":\"https:\/\/plyro.eu\/ee\/product\/pokemon-legends-arceus\/#primaryimage\"},\"image\":{\"@id\":\"https:\/\/plyro.eu\/ee\/product\/pokemon-legends-arceus\/#primaryimage\"},\"thumbnailUrl\":\"https:\/\/plyro.eu\/ee\/wp-content\/uploads\/2026\/02\/MV5BMDQ3ZjQyNjMtYjI0Yi00MDQxLTk0MzQtZjBiYmY0MWYyY2UyXkEyXkFqcGc-V1-QL75-UX190-CR02190281-.jpg\",\"datePublished\":\"2026-02-06T19:56:55+00:00\",\"dateModified\":\"2026-03-17T19:30:47+00:00\",\"breadcrumb\":{\"@id\":\"https:\/\/plyro.eu\/ee\/product\/pokemon-legends-arceus\/#breadcrumb\"},\"inLanguage\":\"et\",\"potentialAction\":[{\"@type\":\"ReadAction\",\"target\":[\"https:\/\/plyro.eu\/ee\/product\/pokemon-legends-arceus\/\"]}]},{\"@type\":\"ImageObject\",\"inLanguage\":\"et\",\"@id\":\"https:\/\/plyro.eu\/ee\/product\/pokemon-legends-arceus\/#primaryimage\",\"url\":\"https:\/\/plyro.eu\/ee\/wp-content\/uploads\/2026\/02\/MV5BMDQ3ZjQyNjMtYjI0Yi00MDQxLTk0MzQtZjBiYmY0MWYyY2UyXkEyXkFqcGc-V1-QL75-UX190-CR02190281-.jpg\",\"contentUrl\":\"https:\/\/plyro.eu\/ee\/wp-content\/uploads\/2026\/02\/MV5BMDQ3ZjQyNjMtYjI0Yi00MDQxLTk0MzQtZjBiYmY0MWYyY2UyXkEyXkFqcGc-V1-QL75-UX190-CR02190281-.jpg\",\"width\":190,\"height\":281,\"caption\":\"MV5BMDQ3ZjQyNjMtYjI0Yi00MDQxLTk0MzQtZjBiYmY0MWYyY2UyXkEyXkFqcGc-V1-QL75-UX190-CR02190281-\"},{\"@type\":\"BreadcrumbList\",\"@id\":\"https:\/\/plyro.eu\/ee\/product\/pokemon-legends-arceus\/#breadcrumb\",\"itemListElement\":[{\"@type\":\"ListItem\",\"position\":1,\"name\":\"Home\",\"item\":\"https:\/\/plyro.eu\/ee\/\"},{\"@type\":\"ListItem\",\"position\":2,\"name\":\"Kataloog\",\"item\":\"https:\/\/plyro.eu\/ee\/shop-2\/\"},{\"@type\":\"ListItem\",\"position\":3,\"name\":\"Pokemon Legends: Arceus\"}]},{\"@type\":\"WebSite\",\"@id\":\"https:\/\/plyro.eu\/ee\/#website\",\"url\":\"https:\/\/plyro.eu\/ee\/\",\"name\":\"Plyro EE\",\"description\":\"\",\"publisher\":{\"@id\":\"https:\/\/plyro.eu\/ee\/#organization\"},\"potentialAction\":[{\"@type\":\"SearchAction\",\"target\":{\"@type\":\"EntryPoint\",\"urlTemplate\":\"https:\/\/plyro.eu\/ee\/?s={search_term_string}\"},\"query-input\":{\"@type\":\"PropertyValueSpecification\",\"valueRequired\":true,\"valueName\":\"search_term_string\"}}],\"inLanguage\":\"et\"},{\"@type\":\"Organization\",\"@id\":\"https:\/\/plyro.eu\/ee\/#organization\",\"name\":\"Plyro EE\",\"url\":\"https:\/\/plyro.eu\/ee\/\",\"logo\":{\"@type\":\"ImageObject\",\"inLanguage\":\"et\",\"@id\":\"https:\/\/plyro.eu\/ee\/#\/schema\/logo\/image\/\",\"url\":\"https:\/\/plyro.eu\/ee\/wp-content\/uploads\/2026\/02\/plyro_black_512_transparent-1.png\",\"contentUrl\":\"https:\/\/plyro.eu\/ee\/wp-content\/uploads\/2026\/02\/plyro_black_512_transparent-1.png\",\"width\":512,\"height\":512,\"caption\":\"Plyro EE\"},\"image\":{\"@id\":\"https:\/\/plyro.eu\/ee\/#\/schema\/logo\/image\/\"},\"sameAs\":[\"https:\/\/www.facebook.com\/gamedogEE\/\"]}]}<\/script>\n<!-- \/ Yoast SEO plugin. -->","yoast_head_json":{"title":"Pokemon Legends: Arceus - Plyro EE","robots":{"index":"index","follow":"follow","max-snippet":"max-snippet:-1","max-image-preview":"max-image-preview:large","max-video-preview":"max-video-preview:-1"},"canonical":"https:\/\/plyro.eu\/ee\/product\/pokemon-legends-arceus\/","og_locale":"et_EE","og_type":"article","og_title":"Pokemon Legends: Arceus - Plyro EE","og_description":"Get ready for a new kind of grand, Pok\u00e9mon adventure in Pok\u00e9mon Legends: Arceus, a brand new game from Game Freak that blends action and exploration with the RPG roots of the Pok\u00e9mon series. Explore natural expanses to catch Pok\u00e9mon by learning their behavior, sneaking up, and throwing a well-aimed Pok\u00e9 Ball. You can also toss the Pok\u00e9 Ball containing your ally Pok\u00e9mon near a wild Pok\u00e9mon to seamlessly enter the battle. This new angle on Pok\u00e9mon gameplay will deliver an immersive, personal experience brought to life by both Pok\u00e9mon and humans.","og_url":"https:\/\/plyro.eu\/ee\/product\/pokemon-legends-arceus\/","og_site_name":"Plyro EE","article_publisher":"https:\/\/www.facebook.com\/gamedogEE\/","article_modified_time":"2026-03-17T19:30:47+00:00","og_image":[{"width":190,"height":281,"url":"https:\/\/plyro.eu\/ee\/wp-content\/uploads\/2026\/02\/MV5BMDQ3ZjQyNjMtYjI0Yi00MDQxLTk0MzQtZjBiYmY0MWYyY2UyXkEyXkFqcGc-V1-QL75-UX190-CR02190281-.jpg","type":"image\/jpeg"}],"twitter_card":"summary_large_image","schema":{"@context":"https:\/\/schema.org","@graph":[{"@type":"WebPage","@id":"https:\/\/plyro.eu\/ee\/product\/pokemon-legends-arceus\/","url":"https:\/\/plyro.eu\/ee\/product\/pokemon-legends-arceus\/","name":"Pokemon Legends: Arceus - Plyro EE","isPartOf":{"@id":"https:\/\/plyro.eu\/ee\/#website"},"primaryImageOfPage":{"@id":"https:\/\/plyro.eu\/ee\/product\/pokemon-legends-arceus\/#primaryimage"},"image":{"@id":"https:\/\/plyro.eu\/ee\/product\/pokemon-legends-arceus\/#primaryimage"},"thumbnailUrl":"https:\/\/plyro.eu\/ee\/wp-content\/uploads\/2026\/02\/MV5BMDQ3ZjQyNjMtYjI0Yi00MDQxLTk0MzQtZjBiYmY0MWYyY2UyXkEyXkFqcGc-V1-QL75-UX190-CR02190281-.jpg","datePublished":"2026-02-06T19:56:55+00:00","dateModified":"2026-03-17T19:30:47+00:00","breadcrumb":{"@id":"https:\/\/plyro.eu\/ee\/product\/pokemon-legends-arceus\/#breadcrumb"},"inLanguage":"et","potentialAction":[{"@type":"ReadAction","target":["https:\/\/plyro.eu\/ee\/product\/pokemon-legends-arceus\/"]}]},{"@type":"ImageObject","inLanguage":"et","@id":"https:\/\/plyro.eu\/ee\/product\/pokemon-legends-arceus\/#primaryimage","url":"https:\/\/plyro.eu\/ee\/wp-content\/uploads\/2026\/02\/MV5BMDQ3ZjQyNjMtYjI0Yi00MDQxLTk0MzQtZjBiYmY0MWYyY2UyXkEyXkFqcGc-V1-QL75-UX190-CR02190281-.jpg","contentUrl":"https:\/\/plyro.eu\/ee\/wp-content\/uploads\/2026\/02\/MV5BMDQ3ZjQyNjMtYjI0Yi00MDQxLTk0MzQtZjBiYmY0MWYyY2UyXkEyXkFqcGc-V1-QL75-UX190-CR02190281-.jpg","width":190,"height":281,"caption":"MV5BMDQ3ZjQyNjMtYjI0Yi00MDQxLTk0MzQtZjBiYmY0MWYyY2UyXkEyXkFqcGc-V1-QL75-UX190-CR02190281-"},{"@type":"BreadcrumbList","@id":"https:\/\/plyro.eu\/ee\/product\/pokemon-legends-arceus\/#breadcrumb","itemListElement":[{"@type":"ListItem","position":1,"name":"Home","item":"https:\/\/plyro.eu\/ee\/"},{"@type":"ListItem","position":2,"name":"Kataloog","item":"https:\/\/plyro.eu\/ee\/shop-2\/"},{"@type":"ListItem","position":3,"name":"Pokemon Legends: Arceus"}]},{"@type":"WebSite","@id":"https:\/\/plyro.eu\/ee\/#website","url":"https:\/\/plyro.eu\/ee\/","name":"Plyro EE","description":"","publisher":{"@id":"https:\/\/plyro.eu\/ee\/#organization"},"potentialAction":[{"@type":"SearchAction","target":{"@type":"EntryPoint","urlTemplate":"https:\/\/plyro.eu\/ee\/?s={search_term_string}"},"query-input":{"@type":"PropertyValueSpecification","valueRequired":true,"valueName":"search_term_string"}}],"inLanguage":"et"},{"@type":"Organization","@id":"https:\/\/plyro.eu\/ee\/#organization","name":"Plyro EE","url":"https:\/\/plyro.eu\/ee\/","logo":{"@type":"ImageObject","inLanguage":"et","@id":"https:\/\/plyro.eu\/ee\/#\/schema\/logo\/image\/","url":"https:\/\/plyro.eu\/ee\/wp-content\/uploads\/2026\/02\/plyro_black_512_transparent-1.png","contentUrl":"https:\/\/plyro.eu\/ee\/wp-content\/uploads\/2026\/02\/plyro_black_512_transparent-1.png","width":512,"height":512,"caption":"Plyro EE"},"image":{"@id":"https:\/\/plyro.eu\/ee\/#\/schema\/logo\/image\/"},"sameAs":["https:\/\/www.facebook.com\/gamedogEE\/"]}]}},"_links":{"self":[{"href":"https:\/\/plyro.eu\/ee\/wp-json\/wp\/v2\/product\/274587","targetHints":{"allow":["GET"]}}],"collection":[{"href":"https:\/\/plyro.eu\/ee\/wp-json\/wp\/v2\/product"}],"about":[{"href":"https:\/\/plyro.eu\/ee\/wp-json\/wp\/v2\/types\/product"}],"replies":[{"embeddable":true,"href":"https:\/\/plyro.eu\/ee\/wp-json\/wp\/v2\/comments?post=274587"}],"wp:featuredmedia":[{"embeddable":true,"href":"https:\/\/plyro.eu\/ee\/wp-json\/wp\/v2\/media\/274528"}],"wp:attachment":[{"href":"https:\/\/plyro.eu\/ee\/wp-json\/wp\/v2\/media?parent=274587"}],"wp:term":[{"taxonomy":"product_brand","embeddable":true,"href":"https:\/\/plyro.eu\/ee\/wp-json\/wp\/v2\/product_brand?post=274587"},{"taxonomy":"product_cat","embeddable":true,"href":"https:\/\/plyro.eu\/ee\/wp-json\/wp\/v2\/product_cat?post=274587"},{"taxonomy":"product_tag","embeddable":true,"href":"https:\/\/plyro.eu\/ee\/wp-json\/wp\/v2\/product_tag?post=274587"}],"curies":[{"name":"wp","href":"https:\/\/api.w.org\/{rel}","templated":true}]}}