{"id":269623,"date":"2026-02-06T19:58:22","date_gmt":"2026-02-06T17:58:22","guid":{"rendered":"https:\/\/plyro.eu\/ee\/product\/pokemon-legends-z-a\/"},"modified":"2026-03-25T02:03:16","modified_gmt":"2026-03-25T00:03:16","slug":"pokemon-legends-z-a","status":"publish","type":"product","link":"https:\/\/plyro.eu\/ee\/product\/pokemon-legends-z-a\/","title":{"rendered":"Pokemon Legends Z-A"},"content":{"rendered":"<ul>\n<li>Wild Zones: Habitats for Wild Pok\u00e9mon &#8211; As part of Lumiose\u2019s urban redevelopment plan, driven by a large corporation called Quasartico Inc., the city has been outfitted with \u201cwild zones\u201d in an effort to help humans and Pok\u00e9mon share the city. These areas are constructed using cutting-edge technology to give Pok\u00e9mon places to live. Within wild zones, you can battle Pok\u00e9mon and catch them by throwing Pok\u00e9 Balls<\/li>\n<li>Make Pok\u00e9mon Your Allies &#8211; You can catch wild Pok\u00e9mon living in wild zones or out and about in Lumiose City by aiming a Pok\u00e9 Ball at them and letting it fly. If the Pok\u00e9mon doesn\u2019t pop back out of the ball, you\u2019ve successfully caught it! Some Pok\u00e9mon will flee immediately if they spot you, so hide out of sight or approach from behind to make yourself harder to notice. You can also battle Pok\u00e9mon to lower their HP, making them easier to catch<\/li>\n<li>A Pok\u00e9mon Series First: Pok\u00e9mon and Trainers Take Action in Real Time During Battle &#8211; In previous titles in the Pok\u00e9mon video game series, Pok\u00e9mon took action once per turn. In Pok\u00e9mon Legends: Z\u2011A, Trainers and their Pok\u00e9mon will move around in real time during battles, and Pok\u00e9mon will unleash their moves when their Trainers command them to<\/li>\n<li>In addition to type matchups, there will be new gameplay mechanics to consider, such as the precise timing for swapping out your Pok\u00e9mon or using moves, the different lengths of time moves will take to launch, and how big an area the moves will impact. This unprecedented style of Pok\u00e9mon battling is one of the most thrilling parts of this title<\/li>\n<\/ul>\n","protected":false},"excerpt":{"rendered":"<p>The story is set in Lumiose City, where an urban redevelopment plan is underway to shape the city into a place that belongs to both people and Pok\u00e9mon. Compared to Lumiose City as it appeared in the Pok\u00e9mon X and Pok\u00e9mon Y games, released in 2013, more greenery now adorns the city, alongside facilities with a cutting-edge feel.<\/p>\n<p>In Lumiose City, spaces frequented by people\u2014such as shopping arcades, caf\u00e9s, and restaurants\u2014coexist with more natural areas, such as waterfronts and verdant parks. At the center of Lumiose stands Prism Tower, the very symbol of the city.<\/p>\n<p>The Story Begins with a Sightseeing Trip to Lumiose City&#8230;<\/p>\n<p>While visiting Lumiose City during your travels, you\u2019ll come to stay in an old hotel named Hotel Z. This hotel will serve as your base as you and the new friends you\u2019ll meet in Lumiose tackle all sorts of incidents that will occur in the city.<\/p>\n","protected":false},"featured_media":269496,"comment_status":"open","ping_status":"closed","template":"","meta":{"_acf_changed":false,"inline_featured_image":false},"product_brand":[],"product_cat":[1436],"product_tag":[],"class_list":{"0":"post-269623","1":"product","2":"type-product","3":"status-publish","4":"has-post-thumbnail","6":"product_cat-all-games","8":"first","9":"instock","10":"taxable","11":"shipping-taxable","12":"purchasable","13":"product-type-variable"},"acf":[],"yoast_head":"<!-- This site is optimized with the Yoast SEO plugin v24.9 - https:\/\/yoast.com\/wordpress\/plugins\/seo\/ -->\n<title>Pokemon Legends Z-A - Plyro EE<\/title>\n<meta name=\"robots\" content=\"index, follow, max-snippet:-1, max-image-preview:large, max-video-preview:-1\" \/>\n<link rel=\"canonical\" href=\"https:\/\/plyro.eu\/ee\/product\/pokemon-legends-z-a\/\" \/>\n<meta property=\"og:locale\" content=\"et_EE\" \/>\n<meta property=\"og:type\" content=\"article\" \/>\n<meta property=\"og:title\" content=\"Pokemon Legends Z-A - Plyro EE\" \/>\n<meta property=\"og:description\" content=\"The story is set in Lumiose City, where an urban redevelopment plan is underway to shape the city into a place that belongs to both people and Pok\u00e9mon. Compared to Lumiose City as it appeared in the Pok\u00e9mon X and Pok\u00e9mon Y games, released in 2013, more greenery now adorns the city, alongside facilities with a cutting-edge feel. In Lumiose City, spaces frequented by people\u2014such as shopping arcades, caf\u00e9s, and restaurants\u2014coexist with more natural areas, such as waterfronts and verdant parks. At the center of Lumiose stands Prism Tower, the very symbol of the city. The Story Begins with a Sightseeing Trip to Lumiose City... While visiting Lumiose City during your travels, you\u2019ll come to stay in an old hotel named Hotel Z. This hotel will serve as your base as you and the new friends you\u2019ll meet in Lumiose tackle all sorts of incidents that will occur in the city.\" \/>\n<meta property=\"og:url\" content=\"https:\/\/plyro.eu\/ee\/product\/pokemon-legends-z-a\/\" \/>\n<meta property=\"og:site_name\" content=\"Plyro EE\" \/>\n<meta property=\"article:publisher\" content=\"https:\/\/www.facebook.com\/gamedogEE\/\" \/>\n<meta property=\"article:modified_time\" content=\"2026-03-25T00:03:16+00:00\" \/>\n<meta property=\"og:image\" content=\"https:\/\/plyro.eu\/ee\/wp-content\/uploads\/2026\/02\/pokemon-legends-za-upgrade-pack-dlc-908833.webp\" \/>\n\t<meta property=\"og:image:width\" content=\"600\" \/>\n\t<meta property=\"og:image:height\" content=\"900\" \/>\n\t<meta property=\"og:image:type\" content=\"image\/webp\" \/>\n<meta name=\"twitter:card\" content=\"summary_large_image\" \/>\n<meta name=\"twitter:label1\" content=\"Est. reading time\" \/>\n\t<meta name=\"twitter:data1\" content=\"1 minut\" \/>\n<script type=\"application\/ld+json\" class=\"yoast-schema-graph\">{\"@context\":\"https:\/\/schema.org\",\"@graph\":[{\"@type\":\"WebPage\",\"@id\":\"https:\/\/plyro.eu\/ee\/product\/pokemon-legends-z-a\/\",\"url\":\"https:\/\/plyro.eu\/ee\/product\/pokemon-legends-z-a\/\",\"name\":\"Pokemon Legends Z-A - Plyro EE\",\"isPartOf\":{\"@id\":\"https:\/\/plyro.eu\/ee\/#website\"},\"primaryImageOfPage\":{\"@id\":\"https:\/\/plyro.eu\/ee\/product\/pokemon-legends-z-a\/#primaryimage\"},\"image\":{\"@id\":\"https:\/\/plyro.eu\/ee\/product\/pokemon-legends-z-a\/#primaryimage\"},\"thumbnailUrl\":\"https:\/\/plyro.eu\/ee\/wp-content\/uploads\/2026\/02\/pokemon-legends-za-upgrade-pack-dlc-908833.webp\",\"datePublished\":\"2026-02-06T17:58:22+00:00\",\"dateModified\":\"2026-03-25T00:03:16+00:00\",\"breadcrumb\":{\"@id\":\"https:\/\/plyro.eu\/ee\/product\/pokemon-legends-z-a\/#breadcrumb\"},\"inLanguage\":\"et\",\"potentialAction\":[{\"@type\":\"ReadAction\",\"target\":[\"https:\/\/plyro.eu\/ee\/product\/pokemon-legends-z-a\/\"]}]},{\"@type\":\"ImageObject\",\"inLanguage\":\"et\",\"@id\":\"https:\/\/plyro.eu\/ee\/product\/pokemon-legends-z-a\/#primaryimage\",\"url\":\"https:\/\/plyro.eu\/ee\/wp-content\/uploads\/2026\/02\/pokemon-legends-za-upgrade-pack-dlc-908833.webp\",\"contentUrl\":\"https:\/\/plyro.eu\/ee\/wp-content\/uploads\/2026\/02\/pokemon-legends-za-upgrade-pack-dlc-908833.webp\",\"width\":600,\"height\":900,\"caption\":\"pokemon-legends-za-upgrade-pack-dlc-908833.\"},{\"@type\":\"BreadcrumbList\",\"@id\":\"https:\/\/plyro.eu\/ee\/product\/pokemon-legends-z-a\/#breadcrumb\",\"itemListElement\":[{\"@type\":\"ListItem\",\"position\":1,\"name\":\"Home\",\"item\":\"https:\/\/plyro.eu\/ee\/\"},{\"@type\":\"ListItem\",\"position\":2,\"name\":\"Kataloog\",\"item\":\"https:\/\/plyro.eu\/ee\/shop-2\/\"},{\"@type\":\"ListItem\",\"position\":3,\"name\":\"Pokemon Legends Z-A\"}]},{\"@type\":\"WebSite\",\"@id\":\"https:\/\/plyro.eu\/ee\/#website\",\"url\":\"https:\/\/plyro.eu\/ee\/\",\"name\":\"Plyro EE\",\"description\":\"\",\"publisher\":{\"@id\":\"https:\/\/plyro.eu\/ee\/#organization\"},\"potentialAction\":[{\"@type\":\"SearchAction\",\"target\":{\"@type\":\"EntryPoint\",\"urlTemplate\":\"https:\/\/plyro.eu\/ee\/?s={search_term_string}\"},\"query-input\":{\"@type\":\"PropertyValueSpecification\",\"valueRequired\":true,\"valueName\":\"search_term_string\"}}],\"inLanguage\":\"et\"},{\"@type\":\"Organization\",\"@id\":\"https:\/\/plyro.eu\/ee\/#organization\",\"name\":\"Plyro EE\",\"url\":\"https:\/\/plyro.eu\/ee\/\",\"logo\":{\"@type\":\"ImageObject\",\"inLanguage\":\"et\",\"@id\":\"https:\/\/plyro.eu\/ee\/#\/schema\/logo\/image\/\",\"url\":\"https:\/\/plyro.eu\/ee\/wp-content\/uploads\/2026\/02\/plyro_black_512_transparent-1.png\",\"contentUrl\":\"https:\/\/plyro.eu\/ee\/wp-content\/uploads\/2026\/02\/plyro_black_512_transparent-1.png\",\"width\":512,\"height\":512,\"caption\":\"Plyro EE\"},\"image\":{\"@id\":\"https:\/\/plyro.eu\/ee\/#\/schema\/logo\/image\/\"},\"sameAs\":[\"https:\/\/www.facebook.com\/gamedogEE\/\"]}]}<\/script>\n<!-- \/ Yoast SEO plugin. -->","yoast_head_json":{"title":"Pokemon Legends Z-A - Plyro EE","robots":{"index":"index","follow":"follow","max-snippet":"max-snippet:-1","max-image-preview":"max-image-preview:large","max-video-preview":"max-video-preview:-1"},"canonical":"https:\/\/plyro.eu\/ee\/product\/pokemon-legends-z-a\/","og_locale":"et_EE","og_type":"article","og_title":"Pokemon Legends Z-A - Plyro EE","og_description":"The story is set in Lumiose City, where an urban redevelopment plan is underway to shape the city into a place that belongs to both people and Pok\u00e9mon. Compared to Lumiose City as it appeared in the Pok\u00e9mon X and Pok\u00e9mon Y games, released in 2013, more greenery now adorns the city, alongside facilities with a cutting-edge feel. In Lumiose City, spaces frequented by people\u2014such as shopping arcades, caf\u00e9s, and restaurants\u2014coexist with more natural areas, such as waterfronts and verdant parks. At the center of Lumiose stands Prism Tower, the very symbol of the city. The Story Begins with a Sightseeing Trip to Lumiose City... While visiting Lumiose City during your travels, you\u2019ll come to stay in an old hotel named Hotel Z. This hotel will serve as your base as you and the new friends you\u2019ll meet in Lumiose tackle all sorts of incidents that will occur in the city.","og_url":"https:\/\/plyro.eu\/ee\/product\/pokemon-legends-z-a\/","og_site_name":"Plyro EE","article_publisher":"https:\/\/www.facebook.com\/gamedogEE\/","article_modified_time":"2026-03-25T00:03:16+00:00","og_image":[{"width":600,"height":900,"url":"https:\/\/plyro.eu\/ee\/wp-content\/uploads\/2026\/02\/pokemon-legends-za-upgrade-pack-dlc-908833.webp","type":"image\/webp"}],"twitter_card":"summary_large_image","twitter_misc":{"Est. reading time":"1 minut"},"schema":{"@context":"https:\/\/schema.org","@graph":[{"@type":"WebPage","@id":"https:\/\/plyro.eu\/ee\/product\/pokemon-legends-z-a\/","url":"https:\/\/plyro.eu\/ee\/product\/pokemon-legends-z-a\/","name":"Pokemon Legends Z-A - Plyro EE","isPartOf":{"@id":"https:\/\/plyro.eu\/ee\/#website"},"primaryImageOfPage":{"@id":"https:\/\/plyro.eu\/ee\/product\/pokemon-legends-z-a\/#primaryimage"},"image":{"@id":"https:\/\/plyro.eu\/ee\/product\/pokemon-legends-z-a\/#primaryimage"},"thumbnailUrl":"https:\/\/plyro.eu\/ee\/wp-content\/uploads\/2026\/02\/pokemon-legends-za-upgrade-pack-dlc-908833.webp","datePublished":"2026-02-06T17:58:22+00:00","dateModified":"2026-03-25T00:03:16+00:00","breadcrumb":{"@id":"https:\/\/plyro.eu\/ee\/product\/pokemon-legends-z-a\/#breadcrumb"},"inLanguage":"et","potentialAction":[{"@type":"ReadAction","target":["https:\/\/plyro.eu\/ee\/product\/pokemon-legends-z-a\/"]}]},{"@type":"ImageObject","inLanguage":"et","@id":"https:\/\/plyro.eu\/ee\/product\/pokemon-legends-z-a\/#primaryimage","url":"https:\/\/plyro.eu\/ee\/wp-content\/uploads\/2026\/02\/pokemon-legends-za-upgrade-pack-dlc-908833.webp","contentUrl":"https:\/\/plyro.eu\/ee\/wp-content\/uploads\/2026\/02\/pokemon-legends-za-upgrade-pack-dlc-908833.webp","width":600,"height":900,"caption":"pokemon-legends-za-upgrade-pack-dlc-908833."},{"@type":"BreadcrumbList","@id":"https:\/\/plyro.eu\/ee\/product\/pokemon-legends-z-a\/#breadcrumb","itemListElement":[{"@type":"ListItem","position":1,"name":"Home","item":"https:\/\/plyro.eu\/ee\/"},{"@type":"ListItem","position":2,"name":"Kataloog","item":"https:\/\/plyro.eu\/ee\/shop-2\/"},{"@type":"ListItem","position":3,"name":"Pokemon Legends Z-A"}]},{"@type":"WebSite","@id":"https:\/\/plyro.eu\/ee\/#website","url":"https:\/\/plyro.eu\/ee\/","name":"Plyro EE","description":"","publisher":{"@id":"https:\/\/plyro.eu\/ee\/#organization"},"potentialAction":[{"@type":"SearchAction","target":{"@type":"EntryPoint","urlTemplate":"https:\/\/plyro.eu\/ee\/?s={search_term_string}"},"query-input":{"@type":"PropertyValueSpecification","valueRequired":true,"valueName":"search_term_string"}}],"inLanguage":"et"},{"@type":"Organization","@id":"https:\/\/plyro.eu\/ee\/#organization","name":"Plyro EE","url":"https:\/\/plyro.eu\/ee\/","logo":{"@type":"ImageObject","inLanguage":"et","@id":"https:\/\/plyro.eu\/ee\/#\/schema\/logo\/image\/","url":"https:\/\/plyro.eu\/ee\/wp-content\/uploads\/2026\/02\/plyro_black_512_transparent-1.png","contentUrl":"https:\/\/plyro.eu\/ee\/wp-content\/uploads\/2026\/02\/plyro_black_512_transparent-1.png","width":512,"height":512,"caption":"Plyro EE"},"image":{"@id":"https:\/\/plyro.eu\/ee\/#\/schema\/logo\/image\/"},"sameAs":["https:\/\/www.facebook.com\/gamedogEE\/"]}]}},"_links":{"self":[{"href":"https:\/\/plyro.eu\/ee\/wp-json\/wp\/v2\/product\/269623","targetHints":{"allow":["GET"]}}],"collection":[{"href":"https:\/\/plyro.eu\/ee\/wp-json\/wp\/v2\/product"}],"about":[{"href":"https:\/\/plyro.eu\/ee\/wp-json\/wp\/v2\/types\/product"}],"replies":[{"embeddable":true,"href":"https:\/\/plyro.eu\/ee\/wp-json\/wp\/v2\/comments?post=269623"}],"wp:featuredmedia":[{"embeddable":true,"href":"https:\/\/plyro.eu\/ee\/wp-json\/wp\/v2\/media\/269496"}],"wp:attachment":[{"href":"https:\/\/plyro.eu\/ee\/wp-json\/wp\/v2\/media?parent=269623"}],"wp:term":[{"taxonomy":"product_brand","embeddable":true,"href":"https:\/\/plyro.eu\/ee\/wp-json\/wp\/v2\/product_brand?post=269623"},{"taxonomy":"product_cat","embeddable":true,"href":"https:\/\/plyro.eu\/ee\/wp-json\/wp\/v2\/product_cat?post=269623"},{"taxonomy":"product_tag","embeddable":true,"href":"https:\/\/plyro.eu\/ee\/wp-json\/wp\/v2\/product_tag?post=269623"}],"curies":[{"name":"wp","href":"https:\/\/api.w.org\/{rel}","templated":true}]}}