{"id":267268,"date":"2026-02-06T18:59:36","date_gmt":"2026-02-06T16:59:36","guid":{"rendered":"https:\/\/plyro.eu\/ee\/product\/mouse-logitech-triathlon-m720-wireless\/"},"modified":"2026-03-17T21:15:48","modified_gmt":"2026-03-17T19:15:48","slug":"mouse-logitech-triathlon-m720-wireless","status":"publish","type":"product","link":"https:\/\/plyro.eu\/ee\/product\/mouse-logitech-triathlon-m720-wireless\/","title":{"rendered":"Mouse Logitech Triathlon M720 Wireless"},"content":{"rendered":"<ul>_x000D_n \t<\/p>\n<li>Traadita PC hiir: \u00dchendage traadita hiir oma Windows PC v\u00f5i Maciga Logitech Unifying v\u00f5i Bluetooth nutika tehnoloogia abil.<\/li>\n<p>_x000D_n \t<\/p>\n<li>Easy Switch tehnoloogia: \u00dchendage hiir 3 arvutiga ja l\u00fclitage nende vahel h\u00f5lpsasti \u00fcmber p\u00f6idla all oleva nupu abil. T\u00e4nu 3 valgustatud numbrile teate alati t\u00e4pselt, millise seadmega hiir on \u00fchendatud<\/li>\n<p>_x000D_n \t<\/p>\n<li>\u00dclikiire kerimine: Sujuvale kerimisrattale toetudes saate lennata l\u00e4bi pikkade dokumentide ja veebisaitide ning peatada kohe igal ajal. V\u00f5i kasutage klikk-klikk-pilti, kui on vaja t\u00e4psust<\/li>\n<p>_x000D_n \t<\/p>\n<li>Pikk aku kestab kaua: T\u00e4nu k\u00f5rgele energiat\u00f5hususele saate seda Bluetooth- ja Unifying-hiirt kasutada \u00fche AA-akuga 24 kuud. Patarei kasutusiga s\u00f5ltub kasutamisest ja keskkonnatingimustest.<\/li>\n<p>_x000D_n \t<\/p>\n<li>Kohandatavad funktsioonid: Vabastage hiire potentsiaal, kohandades seda individuaalselt Mac OS X-i v\u00f5i Windowsi jaoks Logitechi lisatarkvaraga<\/li>\n<p>_x000D_n \t<\/p>\n<li>Mitmek\u00fclgne: \u00fchildub Bluetoothi kaudu iPadOS 13.1 ja uuemate versioonidega, Windows 8 ja 10 ja uuemate versioonidega ning MacOS 10.13 ja uuemate versioonidega. iPadide puhul on n\u00f5utav Assistive Touch Feature.<\/li>\n<p>_x000D_n<\/ul>\n","protected":false},"excerpt":{"rendered":"<p>Triathlon Mouse M720 annab sulle kontrolli iga arvuti \u00fcle. Kiirete \u00fclesannete t\u00e4itmiseks saate sujuvalt vahetada 3 arvuti vahel ning kiire kerimise abil saate kiiresti sirvida dokumente ja veebilehti. Suurem t\u00f5husus muudab selle Bluetooth-tehnoloogiat toetava hiire Unifying t\u00f6\u00f6tavaks 24 kuud \u00fche AA-akuga. Hiire suurus tagab t\u00e4iusliku sobivuse teie k\u00e4es.<\/p>\n","protected":false},"featured_media":267154,"comment_status":"open","ping_status":"closed","template":"","meta":{"_acf_changed":false,"inline_featured_image":false},"product_brand":[],"product_cat":[1400],"product_tag":[],"class_list":{"0":"post-267268","1":"product","2":"type-product","3":"status-publish","4":"has-post-thumbnail","6":"product_cat-mice","7":"out-of-stock","9":"first","10":"outofstock","11":"taxable","12":"shipping-taxable","13":"purchasable","14":"product-type-simple"},"acf":[],"yoast_head":"<!-- This site is optimized with the Yoast SEO plugin v24.9 - https:\/\/yoast.com\/wordpress\/plugins\/seo\/ -->\n<title>Mouse Logitech Triathlon M720 Wireless - Plyro EE<\/title>\n<meta name=\"robots\" content=\"index, follow, max-snippet:-1, max-image-preview:large, max-video-preview:-1\" \/>\n<link rel=\"canonical\" href=\"https:\/\/plyro.eu\/ee\/product\/mouse-logitech-triathlon-m720-wireless\/\" \/>\n<meta property=\"og:locale\" content=\"et_EE\" \/>\n<meta property=\"og:type\" content=\"article\" \/>\n<meta property=\"og:title\" content=\"Mouse Logitech Triathlon M720 Wireless - Plyro EE\" \/>\n<meta property=\"og:description\" content=\"Triathlon Mouse M720 annab sulle kontrolli iga arvuti \u00fcle. Kiirete \u00fclesannete t\u00e4itmiseks saate sujuvalt vahetada 3 arvuti vahel ning kiire kerimise abil saate kiiresti sirvida dokumente ja veebilehti. Suurem t\u00f5husus muudab selle Bluetooth-tehnoloogiat toetava hiire Unifying t\u00f6\u00f6tavaks 24 kuud \u00fche AA-akuga. Hiire suurus tagab t\u00e4iusliku sobivuse teie k\u00e4es.\" \/>\n<meta property=\"og:url\" content=\"https:\/\/plyro.eu\/ee\/product\/mouse-logitech-triathlon-m720-wireless\/\" \/>\n<meta property=\"og:site_name\" content=\"Plyro EE\" \/>\n<meta property=\"article:publisher\" content=\"https:\/\/www.facebook.com\/gamedogEE\/\" \/>\n<meta property=\"article:modified_time\" content=\"2026-03-17T19:15:48+00:00\" \/>\n<meta property=\"og:image\" content=\"https:\/\/plyro.eu\/ee\/wp-content\/uploads\/2026\/02\/Mouse-Logitech-Triathlon-M720-Wireless-1.jpg\" \/>\n\t<meta property=\"og:image:width\" content=\"1000\" \/>\n\t<meta property=\"og:image:height\" content=\"1000\" \/>\n\t<meta property=\"og:image:type\" content=\"image\/jpeg\" \/>\n<meta name=\"twitter:card\" content=\"summary_large_image\" \/>\n<meta name=\"twitter:label1\" content=\"Est. reading time\" \/>\n\t<meta name=\"twitter:data1\" content=\"1 minut\" \/>\n<script type=\"application\/ld+json\" class=\"yoast-schema-graph\">{\"@context\":\"https:\/\/schema.org\",\"@graph\":[{\"@type\":\"WebPage\",\"@id\":\"https:\/\/plyro.eu\/ee\/product\/mouse-logitech-triathlon-m720-wireless\/\",\"url\":\"https:\/\/plyro.eu\/ee\/product\/mouse-logitech-triathlon-m720-wireless\/\",\"name\":\"Mouse Logitech Triathlon M720 Wireless - Plyro EE\",\"isPartOf\":{\"@id\":\"https:\/\/plyro.eu\/ee\/#website\"},\"primaryImageOfPage\":{\"@id\":\"https:\/\/plyro.eu\/ee\/product\/mouse-logitech-triathlon-m720-wireless\/#primaryimage\"},\"image\":{\"@id\":\"https:\/\/plyro.eu\/ee\/product\/mouse-logitech-triathlon-m720-wireless\/#primaryimage\"},\"thumbnailUrl\":\"https:\/\/plyro.eu\/ee\/wp-content\/uploads\/2026\/02\/Mouse-Logitech-Triathlon-M720-Wireless-1.jpg\",\"datePublished\":\"2026-02-06T16:59:36+00:00\",\"dateModified\":\"2026-03-17T19:15:48+00:00\",\"breadcrumb\":{\"@id\":\"https:\/\/plyro.eu\/ee\/product\/mouse-logitech-triathlon-m720-wireless\/#breadcrumb\"},\"inLanguage\":\"et\",\"potentialAction\":[{\"@type\":\"ReadAction\",\"target\":[\"https:\/\/plyro.eu\/ee\/product\/mouse-logitech-triathlon-m720-wireless\/\"]}]},{\"@type\":\"ImageObject\",\"inLanguage\":\"et\",\"@id\":\"https:\/\/plyro.eu\/ee\/product\/mouse-logitech-triathlon-m720-wireless\/#primaryimage\",\"url\":\"https:\/\/plyro.eu\/ee\/wp-content\/uploads\/2026\/02\/Mouse-Logitech-Triathlon-M720-Wireless-1.jpg\",\"contentUrl\":\"https:\/\/plyro.eu\/ee\/wp-content\/uploads\/2026\/02\/Mouse-Logitech-Triathlon-M720-Wireless-1.jpg\",\"width\":1000,\"height\":1000,\"caption\":\"Mouse-Logitech-Triathlon-M720-Wireless-1\"},{\"@type\":\"BreadcrumbList\",\"@id\":\"https:\/\/plyro.eu\/ee\/product\/mouse-logitech-triathlon-m720-wireless\/#breadcrumb\",\"itemListElement\":[{\"@type\":\"ListItem\",\"position\":1,\"name\":\"Home\",\"item\":\"https:\/\/plyro.eu\/ee\/\"},{\"@type\":\"ListItem\",\"position\":2,\"name\":\"Kataloog\",\"item\":\"https:\/\/plyro.eu\/ee\/shop-2\/\"},{\"@type\":\"ListItem\",\"position\":3,\"name\":\"Mouse Logitech Triathlon M720 Wireless\"}]},{\"@type\":\"WebSite\",\"@id\":\"https:\/\/plyro.eu\/ee\/#website\",\"url\":\"https:\/\/plyro.eu\/ee\/\",\"name\":\"Plyro EE\",\"description\":\"\",\"publisher\":{\"@id\":\"https:\/\/plyro.eu\/ee\/#organization\"},\"potentialAction\":[{\"@type\":\"SearchAction\",\"target\":{\"@type\":\"EntryPoint\",\"urlTemplate\":\"https:\/\/plyro.eu\/ee\/?s={search_term_string}\"},\"query-input\":{\"@type\":\"PropertyValueSpecification\",\"valueRequired\":true,\"valueName\":\"search_term_string\"}}],\"inLanguage\":\"et\"},{\"@type\":\"Organization\",\"@id\":\"https:\/\/plyro.eu\/ee\/#organization\",\"name\":\"Plyro EE\",\"url\":\"https:\/\/plyro.eu\/ee\/\",\"logo\":{\"@type\":\"ImageObject\",\"inLanguage\":\"et\",\"@id\":\"https:\/\/plyro.eu\/ee\/#\/schema\/logo\/image\/\",\"url\":\"https:\/\/plyro.eu\/ee\/wp-content\/uploads\/2026\/02\/plyro_black_512_transparent-1.png\",\"contentUrl\":\"https:\/\/plyro.eu\/ee\/wp-content\/uploads\/2026\/02\/plyro_black_512_transparent-1.png\",\"width\":512,\"height\":512,\"caption\":\"Plyro EE\"},\"image\":{\"@id\":\"https:\/\/plyro.eu\/ee\/#\/schema\/logo\/image\/\"},\"sameAs\":[\"https:\/\/www.facebook.com\/gamedogEE\/\"]}]}<\/script>\n<!-- \/ Yoast SEO plugin. -->","yoast_head_json":{"title":"Mouse Logitech Triathlon M720 Wireless - Plyro EE","robots":{"index":"index","follow":"follow","max-snippet":"max-snippet:-1","max-image-preview":"max-image-preview:large","max-video-preview":"max-video-preview:-1"},"canonical":"https:\/\/plyro.eu\/ee\/product\/mouse-logitech-triathlon-m720-wireless\/","og_locale":"et_EE","og_type":"article","og_title":"Mouse Logitech Triathlon M720 Wireless - Plyro EE","og_description":"Triathlon Mouse M720 annab sulle kontrolli iga arvuti \u00fcle. Kiirete \u00fclesannete t\u00e4itmiseks saate sujuvalt vahetada 3 arvuti vahel ning kiire kerimise abil saate kiiresti sirvida dokumente ja veebilehti. Suurem t\u00f5husus muudab selle Bluetooth-tehnoloogiat toetava hiire Unifying t\u00f6\u00f6tavaks 24 kuud \u00fche AA-akuga. Hiire suurus tagab t\u00e4iusliku sobivuse teie k\u00e4es.","og_url":"https:\/\/plyro.eu\/ee\/product\/mouse-logitech-triathlon-m720-wireless\/","og_site_name":"Plyro EE","article_publisher":"https:\/\/www.facebook.com\/gamedogEE\/","article_modified_time":"2026-03-17T19:15:48+00:00","og_image":[{"width":1000,"height":1000,"url":"https:\/\/plyro.eu\/ee\/wp-content\/uploads\/2026\/02\/Mouse-Logitech-Triathlon-M720-Wireless-1.jpg","type":"image\/jpeg"}],"twitter_card":"summary_large_image","twitter_misc":{"Est. reading time":"1 minut"},"schema":{"@context":"https:\/\/schema.org","@graph":[{"@type":"WebPage","@id":"https:\/\/plyro.eu\/ee\/product\/mouse-logitech-triathlon-m720-wireless\/","url":"https:\/\/plyro.eu\/ee\/product\/mouse-logitech-triathlon-m720-wireless\/","name":"Mouse Logitech Triathlon M720 Wireless - Plyro EE","isPartOf":{"@id":"https:\/\/plyro.eu\/ee\/#website"},"primaryImageOfPage":{"@id":"https:\/\/plyro.eu\/ee\/product\/mouse-logitech-triathlon-m720-wireless\/#primaryimage"},"image":{"@id":"https:\/\/plyro.eu\/ee\/product\/mouse-logitech-triathlon-m720-wireless\/#primaryimage"},"thumbnailUrl":"https:\/\/plyro.eu\/ee\/wp-content\/uploads\/2026\/02\/Mouse-Logitech-Triathlon-M720-Wireless-1.jpg","datePublished":"2026-02-06T16:59:36+00:00","dateModified":"2026-03-17T19:15:48+00:00","breadcrumb":{"@id":"https:\/\/plyro.eu\/ee\/product\/mouse-logitech-triathlon-m720-wireless\/#breadcrumb"},"inLanguage":"et","potentialAction":[{"@type":"ReadAction","target":["https:\/\/plyro.eu\/ee\/product\/mouse-logitech-triathlon-m720-wireless\/"]}]},{"@type":"ImageObject","inLanguage":"et","@id":"https:\/\/plyro.eu\/ee\/product\/mouse-logitech-triathlon-m720-wireless\/#primaryimage","url":"https:\/\/plyro.eu\/ee\/wp-content\/uploads\/2026\/02\/Mouse-Logitech-Triathlon-M720-Wireless-1.jpg","contentUrl":"https:\/\/plyro.eu\/ee\/wp-content\/uploads\/2026\/02\/Mouse-Logitech-Triathlon-M720-Wireless-1.jpg","width":1000,"height":1000,"caption":"Mouse-Logitech-Triathlon-M720-Wireless-1"},{"@type":"BreadcrumbList","@id":"https:\/\/plyro.eu\/ee\/product\/mouse-logitech-triathlon-m720-wireless\/#breadcrumb","itemListElement":[{"@type":"ListItem","position":1,"name":"Home","item":"https:\/\/plyro.eu\/ee\/"},{"@type":"ListItem","position":2,"name":"Kataloog","item":"https:\/\/plyro.eu\/ee\/shop-2\/"},{"@type":"ListItem","position":3,"name":"Mouse Logitech Triathlon M720 Wireless"}]},{"@type":"WebSite","@id":"https:\/\/plyro.eu\/ee\/#website","url":"https:\/\/plyro.eu\/ee\/","name":"Plyro EE","description":"","publisher":{"@id":"https:\/\/plyro.eu\/ee\/#organization"},"potentialAction":[{"@type":"SearchAction","target":{"@type":"EntryPoint","urlTemplate":"https:\/\/plyro.eu\/ee\/?s={search_term_string}"},"query-input":{"@type":"PropertyValueSpecification","valueRequired":true,"valueName":"search_term_string"}}],"inLanguage":"et"},{"@type":"Organization","@id":"https:\/\/plyro.eu\/ee\/#organization","name":"Plyro EE","url":"https:\/\/plyro.eu\/ee\/","logo":{"@type":"ImageObject","inLanguage":"et","@id":"https:\/\/plyro.eu\/ee\/#\/schema\/logo\/image\/","url":"https:\/\/plyro.eu\/ee\/wp-content\/uploads\/2026\/02\/plyro_black_512_transparent-1.png","contentUrl":"https:\/\/plyro.eu\/ee\/wp-content\/uploads\/2026\/02\/plyro_black_512_transparent-1.png","width":512,"height":512,"caption":"Plyro EE"},"image":{"@id":"https:\/\/plyro.eu\/ee\/#\/schema\/logo\/image\/"},"sameAs":["https:\/\/www.facebook.com\/gamedogEE\/"]}]}},"_links":{"self":[{"href":"https:\/\/plyro.eu\/ee\/wp-json\/wp\/v2\/product\/267268","targetHints":{"allow":["GET"]}}],"collection":[{"href":"https:\/\/plyro.eu\/ee\/wp-json\/wp\/v2\/product"}],"about":[{"href":"https:\/\/plyro.eu\/ee\/wp-json\/wp\/v2\/types\/product"}],"replies":[{"embeddable":true,"href":"https:\/\/plyro.eu\/ee\/wp-json\/wp\/v2\/comments?post=267268"}],"wp:featuredmedia":[{"embeddable":true,"href":"https:\/\/plyro.eu\/ee\/wp-json\/wp\/v2\/media\/267154"}],"wp:attachment":[{"href":"https:\/\/plyro.eu\/ee\/wp-json\/wp\/v2\/media?parent=267268"}],"wp:term":[{"taxonomy":"product_brand","embeddable":true,"href":"https:\/\/plyro.eu\/ee\/wp-json\/wp\/v2\/product_brand?post=267268"},{"taxonomy":"product_cat","embeddable":true,"href":"https:\/\/plyro.eu\/ee\/wp-json\/wp\/v2\/product_cat?post=267268"},{"taxonomy":"product_tag","embeddable":true,"href":"https:\/\/plyro.eu\/ee\/wp-json\/wp\/v2\/product_tag?post=267268"}],"curies":[{"name":"wp","href":"https:\/\/api.w.org\/{rel}","templated":true}]}}