{"id":266672,"date":"2026-02-06T18:46:12","date_gmt":"2026-02-06T16:46:12","guid":{"rendered":"https:\/\/plyro.eu\/ee\/product\/the-new-batman-adventures-deluxe-action-figure-roxy-rocket\/"},"modified":"2026-03-17T21:08:05","modified_gmt":"2026-03-17T19:08:05","slug":"the-new-batman-adventures-deluxe-action-figure-roxy-rocket","status":"publish","type":"product","link":"https:\/\/plyro.eu\/ee\/product\/the-new-batman-adventures-deluxe-action-figure-roxy-rocket\/","title":{"rendered":"The New Batman Adventures Deluxe Action Figure Roxy Rocket"},"content":{"rendered":"","protected":false},"excerpt":{"rendered":"<p>Esimest korda saad selles deluxe-figuuripakendis omada Roxy (14 cm 6\u2033 tolli pikk) ja tema kuulsat raketti (31 cm \u00fcle 12\u2033 tolli pikk). Figuuriga on kaasas n\u00e4itusespetsiifilised tarvikud, Display alus ja rakett koos t\u00f6\u00f6tavate tuledega (2 x LR44 patareid on vajalikud, ei kuulu komplekti). The New Batman Adventures on Ameerika superkangelaste animeeritud telesari, mis p\u00f5hineb DC Comicsi superkangelasel Batmanil ja mida n\u00e4idati Kids WB-s 13. septembrist 1997 kuni 16. jaanuarini 1999. Roxy Rocket on koomiksite superkurjategija. Roxy loodi algselt 1994. aastal DC Comics&#8217;i poolt v\u00e4lja antud sarja The Batman Adventures Annual #1 jaoks, mis p\u00f5hines Batman: The Animated Series&#8217;il. Roxy lisati The New Batman Adventures&#8217;ile episoodis &#8220;The Ultimate Thrill&#8221;, mida esmakordselt n\u00e4idati 14. septembril 1998. aastal.<\/p>\n","protected":false},"featured_media":266627,"comment_status":"open","ping_status":"closed","template":"","meta":{"_acf_changed":false,"inline_featured_image":false},"product_brand":[],"product_cat":[1392],"product_tag":[],"class_list":{"0":"post-266672","1":"product","2":"type-product","3":"status-publish","4":"has-post-thumbnail","6":"product_cat-merch","8":"first","9":"instock","10":"taxable","11":"shipping-taxable","12":"purchasable","13":"product-type-simple"},"acf":[],"yoast_head":"<!-- This site is optimized with the Yoast SEO plugin v24.9 - https:\/\/yoast.com\/wordpress\/plugins\/seo\/ -->\n<title>The New Batman Adventures Deluxe Action Figure Roxy Rocket - Plyro EE<\/title>\n<meta name=\"robots\" content=\"index, follow, max-snippet:-1, max-image-preview:large, max-video-preview:-1\" \/>\n<link rel=\"canonical\" href=\"https:\/\/plyro.eu\/ee\/product\/the-new-batman-adventures-deluxe-action-figure-roxy-rocket\/\" \/>\n<meta property=\"og:locale\" content=\"et_EE\" \/>\n<meta property=\"og:type\" content=\"article\" \/>\n<meta property=\"og:title\" content=\"The New Batman Adventures Deluxe Action Figure Roxy Rocket - Plyro EE\" \/>\n<meta property=\"og:description\" content=\"Esimest korda saad selles deluxe-figuuripakendis omada Roxy (14 cm 6\u2033 tolli pikk) ja tema kuulsat raketti (31 cm \u00fcle 12\u2033 tolli pikk). Figuuriga on kaasas n\u00e4itusespetsiifilised tarvikud, Display alus ja rakett koos t\u00f6\u00f6tavate tuledega (2 x LR44 patareid on vajalikud, ei kuulu komplekti). The New Batman Adventures on Ameerika superkangelaste animeeritud telesari, mis p\u00f5hineb DC Comicsi superkangelasel Batmanil ja mida n\u00e4idati Kids WB-s 13. septembrist 1997 kuni 16. jaanuarini 1999. Roxy Rocket on koomiksite superkurjategija. Roxy loodi algselt 1994. aastal DC Comics&#039;i poolt v\u00e4lja antud sarja The Batman Adventures Annual #1 jaoks, mis p\u00f5hines Batman: The Animated Series&#039;il. Roxy lisati The New Batman Adventures&#039;ile episoodis &quot;The Ultimate Thrill&quot;, mida esmakordselt n\u00e4idati 14. septembril 1998. aastal.\" \/>\n<meta property=\"og:url\" content=\"https:\/\/plyro.eu\/ee\/product\/the-new-batman-adventures-deluxe-action-figure-roxy-rocket\/\" \/>\n<meta property=\"og:site_name\" content=\"Plyro EE\" \/>\n<meta property=\"article:publisher\" content=\"https:\/\/www.facebook.com\/gamedogEE\/\" \/>\n<meta property=\"article:modified_time\" content=\"2026-03-17T19:08:05+00:00\" \/>\n<meta property=\"og:image\" content=\"https:\/\/plyro.eu\/ee\/wp-content\/uploads\/2026\/02\/s-l960-5.png\" \/>\n\t<meta property=\"og:image:width\" content=\"500\" \/>\n\t<meta property=\"og:image:height\" content=\"500\" \/>\n\t<meta property=\"og:image:type\" content=\"image\/png\" \/>\n<meta name=\"twitter:card\" content=\"summary_large_image\" \/>\n<script type=\"application\/ld+json\" class=\"yoast-schema-graph\">{\"@context\":\"https:\/\/schema.org\",\"@graph\":[{\"@type\":\"WebPage\",\"@id\":\"https:\/\/plyro.eu\/ee\/product\/the-new-batman-adventures-deluxe-action-figure-roxy-rocket\/\",\"url\":\"https:\/\/plyro.eu\/ee\/product\/the-new-batman-adventures-deluxe-action-figure-roxy-rocket\/\",\"name\":\"The New Batman Adventures Deluxe Action Figure Roxy Rocket - Plyro EE\",\"isPartOf\":{\"@id\":\"https:\/\/plyro.eu\/ee\/#website\"},\"primaryImageOfPage\":{\"@id\":\"https:\/\/plyro.eu\/ee\/product\/the-new-batman-adventures-deluxe-action-figure-roxy-rocket\/#primaryimage\"},\"image\":{\"@id\":\"https:\/\/plyro.eu\/ee\/product\/the-new-batman-adventures-deluxe-action-figure-roxy-rocket\/#primaryimage\"},\"thumbnailUrl\":\"https:\/\/plyro.eu\/ee\/wp-content\/uploads\/2026\/02\/s-l960-5.png\",\"datePublished\":\"2026-02-06T16:46:12+00:00\",\"dateModified\":\"2026-03-17T19:08:05+00:00\",\"breadcrumb\":{\"@id\":\"https:\/\/plyro.eu\/ee\/product\/the-new-batman-adventures-deluxe-action-figure-roxy-rocket\/#breadcrumb\"},\"inLanguage\":\"et\",\"potentialAction\":[{\"@type\":\"ReadAction\",\"target\":[\"https:\/\/plyro.eu\/ee\/product\/the-new-batman-adventures-deluxe-action-figure-roxy-rocket\/\"]}]},{\"@type\":\"ImageObject\",\"inLanguage\":\"et\",\"@id\":\"https:\/\/plyro.eu\/ee\/product\/the-new-batman-adventures-deluxe-action-figure-roxy-rocket\/#primaryimage\",\"url\":\"https:\/\/plyro.eu\/ee\/wp-content\/uploads\/2026\/02\/s-l960-5.png\",\"contentUrl\":\"https:\/\/plyro.eu\/ee\/wp-content\/uploads\/2026\/02\/s-l960-5.png\",\"width\":500,\"height\":500,\"caption\":\"s-l960-5\"},{\"@type\":\"BreadcrumbList\",\"@id\":\"https:\/\/plyro.eu\/ee\/product\/the-new-batman-adventures-deluxe-action-figure-roxy-rocket\/#breadcrumb\",\"itemListElement\":[{\"@type\":\"ListItem\",\"position\":1,\"name\":\"Home\",\"item\":\"https:\/\/plyro.eu\/ee\/\"},{\"@type\":\"ListItem\",\"position\":2,\"name\":\"Kataloog\",\"item\":\"https:\/\/plyro.eu\/ee\/shop-2\/\"},{\"@type\":\"ListItem\",\"position\":3,\"name\":\"The New Batman Adventures Deluxe Action Figure Roxy Rocket\"}]},{\"@type\":\"WebSite\",\"@id\":\"https:\/\/plyro.eu\/ee\/#website\",\"url\":\"https:\/\/plyro.eu\/ee\/\",\"name\":\"Plyro EE\",\"description\":\"\",\"publisher\":{\"@id\":\"https:\/\/plyro.eu\/ee\/#organization\"},\"potentialAction\":[{\"@type\":\"SearchAction\",\"target\":{\"@type\":\"EntryPoint\",\"urlTemplate\":\"https:\/\/plyro.eu\/ee\/?s={search_term_string}\"},\"query-input\":{\"@type\":\"PropertyValueSpecification\",\"valueRequired\":true,\"valueName\":\"search_term_string\"}}],\"inLanguage\":\"et\"},{\"@type\":\"Organization\",\"@id\":\"https:\/\/plyro.eu\/ee\/#organization\",\"name\":\"Plyro EE\",\"url\":\"https:\/\/plyro.eu\/ee\/\",\"logo\":{\"@type\":\"ImageObject\",\"inLanguage\":\"et\",\"@id\":\"https:\/\/plyro.eu\/ee\/#\/schema\/logo\/image\/\",\"url\":\"https:\/\/plyro.eu\/ee\/wp-content\/uploads\/2026\/02\/plyro_black_512_transparent-1.png\",\"contentUrl\":\"https:\/\/plyro.eu\/ee\/wp-content\/uploads\/2026\/02\/plyro_black_512_transparent-1.png\",\"width\":512,\"height\":512,\"caption\":\"Plyro EE\"},\"image\":{\"@id\":\"https:\/\/plyro.eu\/ee\/#\/schema\/logo\/image\/\"},\"sameAs\":[\"https:\/\/www.facebook.com\/gamedogEE\/\"]}]}<\/script>\n<!-- \/ Yoast SEO plugin. -->","yoast_head_json":{"title":"The New Batman Adventures Deluxe Action Figure Roxy Rocket - Plyro EE","robots":{"index":"index","follow":"follow","max-snippet":"max-snippet:-1","max-image-preview":"max-image-preview:large","max-video-preview":"max-video-preview:-1"},"canonical":"https:\/\/plyro.eu\/ee\/product\/the-new-batman-adventures-deluxe-action-figure-roxy-rocket\/","og_locale":"et_EE","og_type":"article","og_title":"The New Batman Adventures Deluxe Action Figure Roxy Rocket - Plyro EE","og_description":"Esimest korda saad selles deluxe-figuuripakendis omada Roxy (14 cm 6\u2033 tolli pikk) ja tema kuulsat raketti (31 cm \u00fcle 12\u2033 tolli pikk). Figuuriga on kaasas n\u00e4itusespetsiifilised tarvikud, Display alus ja rakett koos t\u00f6\u00f6tavate tuledega (2 x LR44 patareid on vajalikud, ei kuulu komplekti). The New Batman Adventures on Ameerika superkangelaste animeeritud telesari, mis p\u00f5hineb DC Comicsi superkangelasel Batmanil ja mida n\u00e4idati Kids WB-s 13. septembrist 1997 kuni 16. jaanuarini 1999. Roxy Rocket on koomiksite superkurjategija. Roxy loodi algselt 1994. aastal DC Comics'i poolt v\u00e4lja antud sarja The Batman Adventures Annual #1 jaoks, mis p\u00f5hines Batman: The Animated Series'il. Roxy lisati The New Batman Adventures'ile episoodis \"The Ultimate Thrill\", mida esmakordselt n\u00e4idati 14. septembril 1998. aastal.","og_url":"https:\/\/plyro.eu\/ee\/product\/the-new-batman-adventures-deluxe-action-figure-roxy-rocket\/","og_site_name":"Plyro EE","article_publisher":"https:\/\/www.facebook.com\/gamedogEE\/","article_modified_time":"2026-03-17T19:08:05+00:00","og_image":[{"width":500,"height":500,"url":"https:\/\/plyro.eu\/ee\/wp-content\/uploads\/2026\/02\/s-l960-5.png","type":"image\/png"}],"twitter_card":"summary_large_image","schema":{"@context":"https:\/\/schema.org","@graph":[{"@type":"WebPage","@id":"https:\/\/plyro.eu\/ee\/product\/the-new-batman-adventures-deluxe-action-figure-roxy-rocket\/","url":"https:\/\/plyro.eu\/ee\/product\/the-new-batman-adventures-deluxe-action-figure-roxy-rocket\/","name":"The New Batman Adventures Deluxe Action Figure Roxy Rocket - Plyro EE","isPartOf":{"@id":"https:\/\/plyro.eu\/ee\/#website"},"primaryImageOfPage":{"@id":"https:\/\/plyro.eu\/ee\/product\/the-new-batman-adventures-deluxe-action-figure-roxy-rocket\/#primaryimage"},"image":{"@id":"https:\/\/plyro.eu\/ee\/product\/the-new-batman-adventures-deluxe-action-figure-roxy-rocket\/#primaryimage"},"thumbnailUrl":"https:\/\/plyro.eu\/ee\/wp-content\/uploads\/2026\/02\/s-l960-5.png","datePublished":"2026-02-06T16:46:12+00:00","dateModified":"2026-03-17T19:08:05+00:00","breadcrumb":{"@id":"https:\/\/plyro.eu\/ee\/product\/the-new-batman-adventures-deluxe-action-figure-roxy-rocket\/#breadcrumb"},"inLanguage":"et","potentialAction":[{"@type":"ReadAction","target":["https:\/\/plyro.eu\/ee\/product\/the-new-batman-adventures-deluxe-action-figure-roxy-rocket\/"]}]},{"@type":"ImageObject","inLanguage":"et","@id":"https:\/\/plyro.eu\/ee\/product\/the-new-batman-adventures-deluxe-action-figure-roxy-rocket\/#primaryimage","url":"https:\/\/plyro.eu\/ee\/wp-content\/uploads\/2026\/02\/s-l960-5.png","contentUrl":"https:\/\/plyro.eu\/ee\/wp-content\/uploads\/2026\/02\/s-l960-5.png","width":500,"height":500,"caption":"s-l960-5"},{"@type":"BreadcrumbList","@id":"https:\/\/plyro.eu\/ee\/product\/the-new-batman-adventures-deluxe-action-figure-roxy-rocket\/#breadcrumb","itemListElement":[{"@type":"ListItem","position":1,"name":"Home","item":"https:\/\/plyro.eu\/ee\/"},{"@type":"ListItem","position":2,"name":"Kataloog","item":"https:\/\/plyro.eu\/ee\/shop-2\/"},{"@type":"ListItem","position":3,"name":"The New Batman Adventures Deluxe Action Figure Roxy Rocket"}]},{"@type":"WebSite","@id":"https:\/\/plyro.eu\/ee\/#website","url":"https:\/\/plyro.eu\/ee\/","name":"Plyro EE","description":"","publisher":{"@id":"https:\/\/plyro.eu\/ee\/#organization"},"potentialAction":[{"@type":"SearchAction","target":{"@type":"EntryPoint","urlTemplate":"https:\/\/plyro.eu\/ee\/?s={search_term_string}"},"query-input":{"@type":"PropertyValueSpecification","valueRequired":true,"valueName":"search_term_string"}}],"inLanguage":"et"},{"@type":"Organization","@id":"https:\/\/plyro.eu\/ee\/#organization","name":"Plyro EE","url":"https:\/\/plyro.eu\/ee\/","logo":{"@type":"ImageObject","inLanguage":"et","@id":"https:\/\/plyro.eu\/ee\/#\/schema\/logo\/image\/","url":"https:\/\/plyro.eu\/ee\/wp-content\/uploads\/2026\/02\/plyro_black_512_transparent-1.png","contentUrl":"https:\/\/plyro.eu\/ee\/wp-content\/uploads\/2026\/02\/plyro_black_512_transparent-1.png","width":512,"height":512,"caption":"Plyro EE"},"image":{"@id":"https:\/\/plyro.eu\/ee\/#\/schema\/logo\/image\/"},"sameAs":["https:\/\/www.facebook.com\/gamedogEE\/"]}]}},"_links":{"self":[{"href":"https:\/\/plyro.eu\/ee\/wp-json\/wp\/v2\/product\/266672","targetHints":{"allow":["GET"]}}],"collection":[{"href":"https:\/\/plyro.eu\/ee\/wp-json\/wp\/v2\/product"}],"about":[{"href":"https:\/\/plyro.eu\/ee\/wp-json\/wp\/v2\/types\/product"}],"replies":[{"embeddable":true,"href":"https:\/\/plyro.eu\/ee\/wp-json\/wp\/v2\/comments?post=266672"}],"wp:featuredmedia":[{"embeddable":true,"href":"https:\/\/plyro.eu\/ee\/wp-json\/wp\/v2\/media\/266627"}],"wp:attachment":[{"href":"https:\/\/plyro.eu\/ee\/wp-json\/wp\/v2\/media?parent=266672"}],"wp:term":[{"taxonomy":"product_brand","embeddable":true,"href":"https:\/\/plyro.eu\/ee\/wp-json\/wp\/v2\/product_brand?post=266672"},{"taxonomy":"product_cat","embeddable":true,"href":"https:\/\/plyro.eu\/ee\/wp-json\/wp\/v2\/product_cat?post=266672"},{"taxonomy":"product_tag","embeddable":true,"href":"https:\/\/plyro.eu\/ee\/wp-json\/wp\/v2\/product_tag?post=266672"}],"curies":[{"name":"wp","href":"https:\/\/api.w.org\/{rel}","templated":true}]}}