{"id":263891,"date":"2026-02-06T17:43:27","date_gmt":"2026-02-06T15:43:27","guid":{"rendered":"https:\/\/plyro.eu\/ee\/product\/pokemon-mystery-dungeon-rescue-team-dx\/"},"modified":"2026-03-17T21:48:04","modified_gmt":"2026-03-17T19:48:04","slug":"pokemon-mystery-dungeon-rescue-team-dx","status":"publish","type":"product","link":"https:\/\/plyro.eu\/ee\/product\/pokemon-mystery-dungeon-rescue-team-dx\/","title":{"rendered":"Pokemon Mystery Dungeon: Rescue Team DX"},"content":{"rendered":"<ul>\n<li>Brave the Mystery Dungeons! &#8211; Wake up in a world of Pok\u00e9mon only to discover that you\u2019ve become a Pok\u00e9mon yourself in Pok\u00e9mon Mystery Dungeon: Rescue Team DX! Solve the mystery of your strange predicament by befriending other Pok\u00e9mon and traveling through dungeons that change every time you play. There are enemy Pok\u00e9mon to battle and great treasures to discover as you continue your quest<\/li>\n<li>Relive a Classic Adventure! &#8211; This enhanced re-imagining of Pok\u00e9mon Mystery Dungeon: Red Rescue Team for Game Boy Advance and Pok\u00e9mon Mystery Dungeon: Blue Rescue Team for Nintendo DS gets a stunning new look on Nintendo Switch. Find out what awaits you in these dangerous dungeons!<\/li>\n<li>Get the Latest News! &#8211; Make sure you receive the latest updates about Pok\u00e9mon Mystery Dungeon: Rescue Team DX along with all the other exciting happenings in the world of Pok\u00e9mon by subscribing to the Pok\u00e9mon Trainer Club newsletter<\/li>\n<\/ul>\n","protected":false},"excerpt":{"rendered":"<p>As you recruit Pok\u00e9mon, these trusty teammates will need somewhere to stay, so build camps to house, manage, and strengthen your Pok\u00e9mon friends. Think hard about who is right for the job and how to approach each mysterious dungeon as you prepare a rescue team. You\u2019ll move a single square at a time or use Auto mode to speed up movement until you engage other Pok\u00e9mon in turn-based battles\u2014but don\u2019t forget about Pok\u00e9mon strengths and weaknesses! This version adds gorgeous watercolor-inspired graphics, and more! Get comfortable in being a Pok\u00e9mon, there\u2019s a lot of work to do.<\/p>\n","protected":false},"featured_media":263858,"comment_status":"open","ping_status":"closed","template":"","meta":{"_acf_changed":false,"inline_featured_image":false},"product_brand":[],"product_cat":[1436],"product_tag":[],"class_list":{"0":"post-263891","1":"product","2":"type-product","3":"status-publish","4":"has-post-thumbnail","6":"product_cat-all-games","7":"out-of-stock","9":"first","10":"outofstock","11":"taxable","12":"shipping-taxable","13":"purchasable","14":"product-type-variable"},"acf":[],"yoast_head":"<!-- This site is optimized with the Yoast SEO plugin v24.9 - https:\/\/yoast.com\/wordpress\/plugins\/seo\/ -->\n<title>Pokemon Mystery Dungeon: Rescue Team DX - Plyro EE<\/title>\n<meta name=\"robots\" content=\"index, follow, max-snippet:-1, max-image-preview:large, max-video-preview:-1\" \/>\n<link rel=\"canonical\" href=\"https:\/\/plyro.eu\/ee\/product\/pokemon-mystery-dungeon-rescue-team-dx\/\" \/>\n<meta property=\"og:locale\" content=\"et_EE\" \/>\n<meta property=\"og:type\" content=\"article\" \/>\n<meta property=\"og:title\" content=\"Pokemon Mystery Dungeon: Rescue Team DX - Plyro EE\" \/>\n<meta property=\"og:description\" content=\"As you recruit Pok\u00e9mon, these trusty teammates will need somewhere to stay, so build camps to house, manage, and strengthen your Pok\u00e9mon friends. Think hard about who is right for the job and how to approach each mysterious dungeon as you prepare a rescue team. You\u2019ll move a single square at a time or use Auto mode to speed up movement until you engage other Pok\u00e9mon in turn-based battles\u2014but don\u2019t forget about Pok\u00e9mon strengths and weaknesses! This version adds gorgeous watercolor-inspired graphics, and more! Get comfortable in being a Pok\u00e9mon, there\u2019s a lot of work to do.\" \/>\n<meta property=\"og:url\" content=\"https:\/\/plyro.eu\/ee\/product\/pokemon-mystery-dungeon-rescue-team-dx\/\" \/>\n<meta property=\"og:site_name\" content=\"Plyro EE\" \/>\n<meta property=\"article:publisher\" content=\"https:\/\/www.facebook.com\/gamedogEE\/\" \/>\n<meta property=\"article:modified_time\" content=\"2026-03-17T19:48:04+00:00\" \/>\n<meta property=\"og:image\" content=\"https:\/\/plyro.eu\/ee\/wp-content\/uploads\/2026\/02\/pokemon-mystery-dungeon-rescue-team-dx-2.jpg\" \/>\n\t<meta property=\"og:image:width\" content=\"264\" \/>\n\t<meta property=\"og:image:height\" content=\"352\" \/>\n\t<meta property=\"og:image:type\" content=\"image\/jpeg\" \/>\n<meta name=\"twitter:card\" content=\"summary_large_image\" \/>\n<meta name=\"twitter:label1\" content=\"Est. reading time\" \/>\n\t<meta name=\"twitter:data1\" content=\"1 minut\" \/>\n<script type=\"application\/ld+json\" class=\"yoast-schema-graph\">{\"@context\":\"https:\/\/schema.org\",\"@graph\":[{\"@type\":\"WebPage\",\"@id\":\"https:\/\/plyro.eu\/ee\/product\/pokemon-mystery-dungeon-rescue-team-dx\/\",\"url\":\"https:\/\/plyro.eu\/ee\/product\/pokemon-mystery-dungeon-rescue-team-dx\/\",\"name\":\"Pokemon Mystery Dungeon: Rescue Team DX - Plyro EE\",\"isPartOf\":{\"@id\":\"https:\/\/plyro.eu\/ee\/#website\"},\"primaryImageOfPage\":{\"@id\":\"https:\/\/plyro.eu\/ee\/product\/pokemon-mystery-dungeon-rescue-team-dx\/#primaryimage\"},\"image\":{\"@id\":\"https:\/\/plyro.eu\/ee\/product\/pokemon-mystery-dungeon-rescue-team-dx\/#primaryimage\"},\"thumbnailUrl\":\"https:\/\/plyro.eu\/ee\/wp-content\/uploads\/2026\/02\/pokemon-mystery-dungeon-rescue-team-dx-2.jpg\",\"datePublished\":\"2026-02-06T15:43:27+00:00\",\"dateModified\":\"2026-03-17T19:48:04+00:00\",\"breadcrumb\":{\"@id\":\"https:\/\/plyro.eu\/ee\/product\/pokemon-mystery-dungeon-rescue-team-dx\/#breadcrumb\"},\"inLanguage\":\"et\",\"potentialAction\":[{\"@type\":\"ReadAction\",\"target\":[\"https:\/\/plyro.eu\/ee\/product\/pokemon-mystery-dungeon-rescue-team-dx\/\"]}]},{\"@type\":\"ImageObject\",\"inLanguage\":\"et\",\"@id\":\"https:\/\/plyro.eu\/ee\/product\/pokemon-mystery-dungeon-rescue-team-dx\/#primaryimage\",\"url\":\"https:\/\/plyro.eu\/ee\/wp-content\/uploads\/2026\/02\/pokemon-mystery-dungeon-rescue-team-dx-2.jpg\",\"contentUrl\":\"https:\/\/plyro.eu\/ee\/wp-content\/uploads\/2026\/02\/pokemon-mystery-dungeon-rescue-team-dx-2.jpg\",\"width\":264,\"height\":352,\"caption\":\"pokemon-mystery-dungeon-rescue-team-dx-2\"},{\"@type\":\"BreadcrumbList\",\"@id\":\"https:\/\/plyro.eu\/ee\/product\/pokemon-mystery-dungeon-rescue-team-dx\/#breadcrumb\",\"itemListElement\":[{\"@type\":\"ListItem\",\"position\":1,\"name\":\"Home\",\"item\":\"https:\/\/plyro.eu\/ee\/\"},{\"@type\":\"ListItem\",\"position\":2,\"name\":\"Kataloog\",\"item\":\"https:\/\/plyro.eu\/ee\/shop-2\/\"},{\"@type\":\"ListItem\",\"position\":3,\"name\":\"Pokemon Mystery Dungeon: Rescue Team DX\"}]},{\"@type\":\"WebSite\",\"@id\":\"https:\/\/plyro.eu\/ee\/#website\",\"url\":\"https:\/\/plyro.eu\/ee\/\",\"name\":\"Plyro EE\",\"description\":\"\",\"publisher\":{\"@id\":\"https:\/\/plyro.eu\/ee\/#organization\"},\"potentialAction\":[{\"@type\":\"SearchAction\",\"target\":{\"@type\":\"EntryPoint\",\"urlTemplate\":\"https:\/\/plyro.eu\/ee\/?s={search_term_string}\"},\"query-input\":{\"@type\":\"PropertyValueSpecification\",\"valueRequired\":true,\"valueName\":\"search_term_string\"}}],\"inLanguage\":\"et\"},{\"@type\":\"Organization\",\"@id\":\"https:\/\/plyro.eu\/ee\/#organization\",\"name\":\"Plyro EE\",\"url\":\"https:\/\/plyro.eu\/ee\/\",\"logo\":{\"@type\":\"ImageObject\",\"inLanguage\":\"et\",\"@id\":\"https:\/\/plyro.eu\/ee\/#\/schema\/logo\/image\/\",\"url\":\"https:\/\/plyro.eu\/ee\/wp-content\/uploads\/2026\/02\/plyro_black_512_transparent-1.png\",\"contentUrl\":\"https:\/\/plyro.eu\/ee\/wp-content\/uploads\/2026\/02\/plyro_black_512_transparent-1.png\",\"width\":512,\"height\":512,\"caption\":\"Plyro EE\"},\"image\":{\"@id\":\"https:\/\/plyro.eu\/ee\/#\/schema\/logo\/image\/\"},\"sameAs\":[\"https:\/\/www.facebook.com\/gamedogEE\/\"]}]}<\/script>\n<!-- \/ Yoast SEO plugin. -->","yoast_head_json":{"title":"Pokemon Mystery Dungeon: Rescue Team DX - Plyro EE","robots":{"index":"index","follow":"follow","max-snippet":"max-snippet:-1","max-image-preview":"max-image-preview:large","max-video-preview":"max-video-preview:-1"},"canonical":"https:\/\/plyro.eu\/ee\/product\/pokemon-mystery-dungeon-rescue-team-dx\/","og_locale":"et_EE","og_type":"article","og_title":"Pokemon Mystery Dungeon: Rescue Team DX - Plyro EE","og_description":"As you recruit Pok\u00e9mon, these trusty teammates will need somewhere to stay, so build camps to house, manage, and strengthen your Pok\u00e9mon friends. Think hard about who is right for the job and how to approach each mysterious dungeon as you prepare a rescue team. You\u2019ll move a single square at a time or use Auto mode to speed up movement until you engage other Pok\u00e9mon in turn-based battles\u2014but don\u2019t forget about Pok\u00e9mon strengths and weaknesses! This version adds gorgeous watercolor-inspired graphics, and more! Get comfortable in being a Pok\u00e9mon, there\u2019s a lot of work to do.","og_url":"https:\/\/plyro.eu\/ee\/product\/pokemon-mystery-dungeon-rescue-team-dx\/","og_site_name":"Plyro EE","article_publisher":"https:\/\/www.facebook.com\/gamedogEE\/","article_modified_time":"2026-03-17T19:48:04+00:00","og_image":[{"width":264,"height":352,"url":"https:\/\/plyro.eu\/ee\/wp-content\/uploads\/2026\/02\/pokemon-mystery-dungeon-rescue-team-dx-2.jpg","type":"image\/jpeg"}],"twitter_card":"summary_large_image","twitter_misc":{"Est. reading time":"1 minut"},"schema":{"@context":"https:\/\/schema.org","@graph":[{"@type":"WebPage","@id":"https:\/\/plyro.eu\/ee\/product\/pokemon-mystery-dungeon-rescue-team-dx\/","url":"https:\/\/plyro.eu\/ee\/product\/pokemon-mystery-dungeon-rescue-team-dx\/","name":"Pokemon Mystery Dungeon: Rescue Team DX - Plyro EE","isPartOf":{"@id":"https:\/\/plyro.eu\/ee\/#website"},"primaryImageOfPage":{"@id":"https:\/\/plyro.eu\/ee\/product\/pokemon-mystery-dungeon-rescue-team-dx\/#primaryimage"},"image":{"@id":"https:\/\/plyro.eu\/ee\/product\/pokemon-mystery-dungeon-rescue-team-dx\/#primaryimage"},"thumbnailUrl":"https:\/\/plyro.eu\/ee\/wp-content\/uploads\/2026\/02\/pokemon-mystery-dungeon-rescue-team-dx-2.jpg","datePublished":"2026-02-06T15:43:27+00:00","dateModified":"2026-03-17T19:48:04+00:00","breadcrumb":{"@id":"https:\/\/plyro.eu\/ee\/product\/pokemon-mystery-dungeon-rescue-team-dx\/#breadcrumb"},"inLanguage":"et","potentialAction":[{"@type":"ReadAction","target":["https:\/\/plyro.eu\/ee\/product\/pokemon-mystery-dungeon-rescue-team-dx\/"]}]},{"@type":"ImageObject","inLanguage":"et","@id":"https:\/\/plyro.eu\/ee\/product\/pokemon-mystery-dungeon-rescue-team-dx\/#primaryimage","url":"https:\/\/plyro.eu\/ee\/wp-content\/uploads\/2026\/02\/pokemon-mystery-dungeon-rescue-team-dx-2.jpg","contentUrl":"https:\/\/plyro.eu\/ee\/wp-content\/uploads\/2026\/02\/pokemon-mystery-dungeon-rescue-team-dx-2.jpg","width":264,"height":352,"caption":"pokemon-mystery-dungeon-rescue-team-dx-2"},{"@type":"BreadcrumbList","@id":"https:\/\/plyro.eu\/ee\/product\/pokemon-mystery-dungeon-rescue-team-dx\/#breadcrumb","itemListElement":[{"@type":"ListItem","position":1,"name":"Home","item":"https:\/\/plyro.eu\/ee\/"},{"@type":"ListItem","position":2,"name":"Kataloog","item":"https:\/\/plyro.eu\/ee\/shop-2\/"},{"@type":"ListItem","position":3,"name":"Pokemon Mystery Dungeon: Rescue Team DX"}]},{"@type":"WebSite","@id":"https:\/\/plyro.eu\/ee\/#website","url":"https:\/\/plyro.eu\/ee\/","name":"Plyro EE","description":"","publisher":{"@id":"https:\/\/plyro.eu\/ee\/#organization"},"potentialAction":[{"@type":"SearchAction","target":{"@type":"EntryPoint","urlTemplate":"https:\/\/plyro.eu\/ee\/?s={search_term_string}"},"query-input":{"@type":"PropertyValueSpecification","valueRequired":true,"valueName":"search_term_string"}}],"inLanguage":"et"},{"@type":"Organization","@id":"https:\/\/plyro.eu\/ee\/#organization","name":"Plyro EE","url":"https:\/\/plyro.eu\/ee\/","logo":{"@type":"ImageObject","inLanguage":"et","@id":"https:\/\/plyro.eu\/ee\/#\/schema\/logo\/image\/","url":"https:\/\/plyro.eu\/ee\/wp-content\/uploads\/2026\/02\/plyro_black_512_transparent-1.png","contentUrl":"https:\/\/plyro.eu\/ee\/wp-content\/uploads\/2026\/02\/plyro_black_512_transparent-1.png","width":512,"height":512,"caption":"Plyro EE"},"image":{"@id":"https:\/\/plyro.eu\/ee\/#\/schema\/logo\/image\/"},"sameAs":["https:\/\/www.facebook.com\/gamedogEE\/"]}]}},"_links":{"self":[{"href":"https:\/\/plyro.eu\/ee\/wp-json\/wp\/v2\/product\/263891","targetHints":{"allow":["GET"]}}],"collection":[{"href":"https:\/\/plyro.eu\/ee\/wp-json\/wp\/v2\/product"}],"about":[{"href":"https:\/\/plyro.eu\/ee\/wp-json\/wp\/v2\/types\/product"}],"replies":[{"embeddable":true,"href":"https:\/\/plyro.eu\/ee\/wp-json\/wp\/v2\/comments?post=263891"}],"wp:featuredmedia":[{"embeddable":true,"href":"https:\/\/plyro.eu\/ee\/wp-json\/wp\/v2\/media\/263858"}],"wp:attachment":[{"href":"https:\/\/plyro.eu\/ee\/wp-json\/wp\/v2\/media?parent=263891"}],"wp:term":[{"taxonomy":"product_brand","embeddable":true,"href":"https:\/\/plyro.eu\/ee\/wp-json\/wp\/v2\/product_brand?post=263891"},{"taxonomy":"product_cat","embeddable":true,"href":"https:\/\/plyro.eu\/ee\/wp-json\/wp\/v2\/product_cat?post=263891"},{"taxonomy":"product_tag","embeddable":true,"href":"https:\/\/plyro.eu\/ee\/wp-json\/wp\/v2\/product_tag?post=263891"}],"curies":[{"name":"wp","href":"https:\/\/api.w.org\/{rel}","templated":true}]}}