{"id":65590,"date":"2025-02-16T14:55:16","date_gmt":"2025-02-16T12:55:16","guid":{"rendered":"https:\/\/plyro.eu\/?page_id=65590"},"modified":"2025-12-27T20:18:00","modified_gmt":"2025-12-27T18:18:00","slug":"contact-us","status":"publish","type":"page","link":"https:\/\/plyro.eu\/ee\/contact-us\/","title":{"rendered":"Contact Us"},"content":{"rendered":"\r\n<h1 class=\"wp-block-heading\">V\u00f5tke meiega \u00fchendust<\/h1>\r\n\r\n\r\n\r\n<h2 class=\"wp-block-heading\">Klienditeenindus<\/h2>\r\n\r\n\r\n\r\n<p>Meie meeskond on alati valmis teid aitama k\u00f5igi meie toodete ja teenuste kohta tekkivate k\u00fcsimuste korral.<\/p>\r\n\r\n\r\n\r\n<p>\u23f0 Klienditeeninduse lahtiolekuajad: iga p\u00e4ev 10:00\u201317:00<\/p>\r\n\r\n\r\n\r\n<p>\u2709\ufe0f E-post: <a href=\"mailto:info@plyro.eu\">info@plyro.eu<\/a><br \/>\ud83d\udcde Telefon: <a href=\"tel:+37257872919\">+372 5787 2919<\/a><br \/>\ud83d\udcac Messenger: <a href=\"https:\/\/www.facebook.com\/gamedogEE\/\">GamedogEE<\/a><\/p>\r\n\r\n\r\n\r\n<h2 class=\"wp-block-heading\">\u00a0<\/h2>\r\n<h2 class=\"wp-block-heading\">Lao asukoht<\/h2>\r\n\r\n\r\n\r\n<div class=\"wp-block-columns are-vertically-aligned-center is-layout-flex wp-container-core-columns-is-layout-1 wp-block-columns-is-layout-flex\"><!-- LEFT COLUMN -->\r\n<div class=\"wp-block-column\" style=\"flex-basis: 50%;\">\r\n<p>Asume Tallinnas, \u00dclemistel:<\/p>\r\n<p><strong>\ud83d\udccd V\u00e4ike-Paala 2, 11415 Tallinn, Eesti<\/strong><\/p>\r\n<p><strong>\ud83c\udfe2 Kontor 309, 3. korrus<\/strong><\/p>\r\n\r\n<div style=\"height: 24px;\" aria-hidden=\"true\">\u00a0<\/div>\r\n\r\n<h3>Kuidas siia saada?<\/h3>\r\n<p>Meie asukoht on lihtsalt ligip\u00e4\u00e4setav \u00fchistranspordi, auto v\u00f5i jalutades.<\/p>\r\n\r\n<div style=\"height: 20px;\" aria-hidden=\"true\">\u00a0<\/div>\r\n\r\n<h3>\ud83d\ude97 Parkimine<\/h3>\r\n<p>Parkla asub aadressil Peterburi tee 47 (EP108).<br \/><strong>2 tundi tasuta parkimist<\/strong> parkomaadiga, fikseeritud algusajaga.<br \/>Parkimiskohad on ligip\u00e4\u00e4setavad V\u00e4ike-Paala t\u00e4nava kaudu.<\/p>\r\n\r\n<div style=\"height: 20px;\" aria-hidden=\"true\">\u00a0<\/div>\r\n\r\n<h3>\ud83d\ude8d \u00dchistransport<\/h3>\r\n<p>L\u00e4him peatus: <strong>\u201cV\u00e4ike Paala\u201d<\/strong><br \/>Trammid: 2, 4<br \/>Bussid: 12, 54, 55<\/p>\r\n<\/div>\r\n<!-- RIGHT COLUMN -->\r\n<div class=\"wp-block-column\" style=\"flex-basis: 50%;\">\r\n<div style=\"position: relative; width: 100%; padding-bottom: 56.25%; height: 0; overflow: hidden; border-radius: 12px;\"><iframe style=\"position: absolute; top: 0; left: 0; width: 100%; height: 100%; border: 0;\" src=\"https:\/\/www.google.com\/maps\/embed?pb=!1m18!1m12!1m3!1d2383.4187428023065!2d24.803916931382332!3d59.427384909130055!2m3!1f0!2f0!3f0!3m2!1i1024!2i768!4f13.1!3m3!1m2!1s0x469293024f6b90d9%3A0x50d11a6c69352e59!2sGameDog%20O%C3%9C!5e1!3m2!1sen!2see!4v1739710315217!5m2!1sen!2see\" allowfullscreen=\"allowfullscreen\"><\/iframe><\/div>\r\n<\/div>\r\n<\/div>\r\n\r\n\r\n\r\n<h2 class=\"wp-block-heading\">\u00a0<\/h2>\r\n<h2 class=\"wp-block-heading\">Lao k\u00fclastus<\/h2>\r\n\r\n\r\n\r\n<p><strong>Lao k\u00fclastamiseks ja personaalse teeninduse saamiseks palun broneerige aeg eelnevalt.<\/strong><\/p>\r\n\r\n\r\n\r\n<p>\ud83d\udcc5 V\u00f5tke meiega \u00fchendust e-posti v\u00f5i telefoni teel, et kokku leppida teile sobiv aeg.<\/p>\r\n\r\n\r\n\r\n<div class=\"wp-block-group\"><div class=\"wp-block-group__inner-container\">\r\n<h2>\u00a0<\/h2>\r\n<h2 class=\"wp-block-heading is-layout-constrained wp-block-group-is-layout-constrained\">J\u00e4lgige meid sotsiaalmeedias<\/h2>\r\n\r\n<div class=\"wp-block-columns are-vertically-aligned-center is-layout-flex wp-container-core-columns-is-layout-2 wp-block-columns-is-layout-flex\"><!-- LEFT COLUMN -->\r\n<div class=\"wp-block-column\" style=\"flex-basis: 50%;\">\r\n<h3>Ole kursis<\/h3>\r\n<p><strong>\u00c4ra j\u00e4\u00e4 ilma viimastest uudistest, pakkumistest ja eksklusiivsetest uuendustest. Liitu meie kogukonnaga ja ole kursis k\u00f5igega, mis toimub GameDogis.<\/strong><\/p>\r\n<p><strong>Facebook:<\/strong> <a href=\"https:\/\/www.facebook.com\/gamedogEE\">@gamedogEE<\/a><br \/><strong>Instagram:<\/strong> <a href=\"https:\/\/www.instagram.com\/gamedogee\">@gamedogEE<\/a><\/p>\r\n<div style=\"display: flex; gap: 16px; align-items: center; margin: 16px 0;\"><a href=\"https:\/\/www.facebook.com\/gamedogEE\" target=\"_blank\" rel=\"noopener noreferrer\" aria-label=\"Facebook\"><img loading=\"lazy\" decoding=\"async\" style=\"display: block;\" src=\"https:\/\/upload.wikimedia.org\/wikipedia\/commons\/5\/51\/Facebook_f_logo_%282019%29.svg\" alt=\"Facebook\" width=\"36\" height=\"36\" \/><\/a> <a href=\"https:\/\/www.instagram.com\/gamedogee\" target=\"_blank\" rel=\"noopener noreferrer\" aria-label=\"Instagram\"><img loading=\"lazy\" decoding=\"async\" style=\"display: block;\" src=\"https:\/\/upload.wikimedia.org\/wikipedia\/commons\/a\/a5\/Instagram_icon.png\" alt=\"Instagram\" width=\"36\" height=\"36\" \/><\/a><\/div>\r\n<\/div>\r\n<!-- RIGHT COLUMN -->\r\n<div class=\"wp-block-column\" style=\"flex-basis: 50%;\">\r\n<div style=\"position: relative; width: 100%; padding-bottom: 125.25%; margin-left:50px; height: 0; overflow: hidden; border-radius: 12px;\"><iframe style=\"position: absolute; top: 0; left: 0; width: 100% !important; height: 100%; border: 0;\" src=\"https:\/\/www.facebook.com\/plugins\/page.php?href=https%3A%2F%2Fwww.facebook.com%2FgamedogEE&amp;adapt_container_width=true&amp;tabs=timeline&amp;hide_cover=false&amp;show_facepile=true\" allowfullscreen=\"allowfullscreen\"><\/iframe><\/div>\r\n<\/div>\r\n<\/div>\r\n<\/div><\/div>\r\n\r\n<p>&nbsp;<\/p>","protected":false},"excerpt":{"rendered":"<p>V\u00f5tke meiega \u00fchendust Klienditeenindus Meie meeskond on alati valmis teid aitama k\u00f5igi meie toodete ja teenuste kohta tekkivate k\u00fcsimuste korral. \u23f0 Klienditeeninduse lahtiolekuajad: iga p\u00e4ev 10:00\u201317:00 \u2709\ufe0f E-post: info@plyro.eu\ud83d\udcde Telefon: +372 5787 2919\ud83d\udcac Messenger: GamedogEE \u00a0 Lao asukoht \u00a0 Lao k\u00fclastus Lao k\u00fclastamiseks ja personaalse teeninduse saamiseks palun broneerige aeg eelnevalt. \ud83d\udcc5 V\u00f5tke meiega \u00fchendust [&hellip;]<\/p>\n","protected":false},"author":1,"featured_media":0,"parent":0,"menu_order":0,"comment_status":"closed","ping_status":"closed","template":"","meta":{"_acf_changed":false,"inline_featured_image":false,"footnotes":""},"class_list":["post-65590","page","type-page","status-publish","hentry"],"acf":[],"yoast_head":"<!-- This site is optimized with the Yoast SEO plugin v24.9 - https:\/\/yoast.com\/wordpress\/plugins\/seo\/ -->\n<title>Contact Us - Plyro EE<\/title>\n<meta name=\"robots\" content=\"index, follow, max-snippet:-1, max-image-preview:large, max-video-preview:-1\" \/>\n<link rel=\"canonical\" href=\"https:\/\/plyro.eu\/ee\/contact-us\/\" \/>\n<meta property=\"og:locale\" content=\"et_EE\" \/>\n<meta property=\"og:type\" content=\"article\" \/>\n<meta property=\"og:title\" content=\"Contact Us - Plyro EE\" \/>\n<meta property=\"og:description\" content=\"V\u00f5tke meiega \u00fchendust Klienditeenindus Meie meeskond on alati valmis teid aitama k\u00f5igi meie toodete ja teenuste kohta tekkivate k\u00fcsimuste korral. \u23f0 Klienditeeninduse lahtiolekuajad: iga p\u00e4ev 10:00\u201317:00 \u2709\ufe0f E-post: info@plyro.eu\ud83d\udcde Telefon: +372 5787 2919\ud83d\udcac Messenger: GamedogEE \u00a0 Lao asukoht \u00a0 Lao k\u00fclastus Lao k\u00fclastamiseks ja personaalse teeninduse saamiseks palun broneerige aeg eelnevalt. \ud83d\udcc5 V\u00f5tke meiega \u00fchendust [&hellip;]\" \/>\n<meta property=\"og:url\" content=\"https:\/\/plyro.eu\/ee\/contact-us\/\" \/>\n<meta property=\"og:site_name\" content=\"Plyro EE\" \/>\n<meta property=\"article:publisher\" content=\"https:\/\/www.facebook.com\/gamedogEE\/\" \/>\n<meta property=\"article:modified_time\" content=\"2025-12-27T18:18:00+00:00\" \/>\n<meta property=\"og:image\" content=\"https:\/\/upload.wikimedia.org\/wikipedia\/commons\/5\/51\/Facebook_f_logo_%282019%29.svg\" \/>\n<meta name=\"twitter:card\" content=\"summary_large_image\" \/>\n<meta name=\"twitter:label1\" content=\"Est. reading time\" \/>\n\t<meta name=\"twitter:data1\" content=\"2 minutit\" \/>\n<script type=\"application\/ld+json\" class=\"yoast-schema-graph\">{\"@context\":\"https:\/\/schema.org\",\"@graph\":[{\"@type\":\"WebPage\",\"@id\":\"https:\/\/plyro.eu\/ee\/contact-us\/\",\"url\":\"https:\/\/plyro.eu\/ee\/contact-us\/\",\"name\":\"Contact Us - Plyro EE\",\"isPartOf\":{\"@id\":\"https:\/\/plyro.eu\/ee\/#website\"},\"primaryImageOfPage\":{\"@id\":\"https:\/\/plyro.eu\/ee\/contact-us\/#primaryimage\"},\"image\":{\"@id\":\"https:\/\/plyro.eu\/ee\/contact-us\/#primaryimage\"},\"thumbnailUrl\":\"https:\/\/upload.wikimedia.org\/wikipedia\/commons\/5\/51\/Facebook_f_logo_%282019%29.svg\",\"datePublished\":\"2025-02-16T12:55:16+00:00\",\"dateModified\":\"2025-12-27T18:18:00+00:00\",\"breadcrumb\":{\"@id\":\"https:\/\/plyro.eu\/ee\/contact-us\/#breadcrumb\"},\"inLanguage\":\"et\",\"potentialAction\":[{\"@type\":\"ReadAction\",\"target\":[\"https:\/\/plyro.eu\/ee\/contact-us\/\"]}]},{\"@type\":\"ImageObject\",\"inLanguage\":\"et\",\"@id\":\"https:\/\/plyro.eu\/ee\/contact-us\/#primaryimage\",\"url\":\"https:\/\/upload.wikimedia.org\/wikipedia\/commons\/5\/51\/Facebook_f_logo_%282019%29.svg\",\"contentUrl\":\"https:\/\/upload.wikimedia.org\/wikipedia\/commons\/5\/51\/Facebook_f_logo_%282019%29.svg\"},{\"@type\":\"BreadcrumbList\",\"@id\":\"https:\/\/plyro.eu\/ee\/contact-us\/#breadcrumb\",\"itemListElement\":[{\"@type\":\"ListItem\",\"position\":1,\"name\":\"Home\",\"item\":\"https:\/\/plyro.eu\/ee\/\"},{\"@type\":\"ListItem\",\"position\":2,\"name\":\"Contact Us\"}]},{\"@type\":\"WebSite\",\"@id\":\"https:\/\/plyro.eu\/ee\/#website\",\"url\":\"https:\/\/plyro.eu\/ee\/\",\"name\":\"Plyro EE\",\"description\":\"\",\"publisher\":{\"@id\":\"https:\/\/plyro.eu\/ee\/#organization\"},\"potentialAction\":[{\"@type\":\"SearchAction\",\"target\":{\"@type\":\"EntryPoint\",\"urlTemplate\":\"https:\/\/plyro.eu\/ee\/?s={search_term_string}\"},\"query-input\":{\"@type\":\"PropertyValueSpecification\",\"valueRequired\":true,\"valueName\":\"search_term_string\"}}],\"inLanguage\":\"et\"},{\"@type\":\"Organization\",\"@id\":\"https:\/\/plyro.eu\/ee\/#organization\",\"name\":\"Plyro EE\",\"url\":\"https:\/\/plyro.eu\/ee\/\",\"logo\":{\"@type\":\"ImageObject\",\"inLanguage\":\"et\",\"@id\":\"https:\/\/plyro.eu\/ee\/#\/schema\/logo\/image\/\",\"url\":\"https:\/\/plyro.eu\/ee\/wp-content\/uploads\/2026\/02\/plyro_black_512_transparent-1.png\",\"contentUrl\":\"https:\/\/plyro.eu\/ee\/wp-content\/uploads\/2026\/02\/plyro_black_512_transparent-1.png\",\"width\":512,\"height\":512,\"caption\":\"Plyro EE\"},\"image\":{\"@id\":\"https:\/\/plyro.eu\/ee\/#\/schema\/logo\/image\/\"},\"sameAs\":[\"https:\/\/www.facebook.com\/gamedogEE\/\"]}]}<\/script>\n<!-- \/ Yoast SEO plugin. -->","yoast_head_json":{"title":"Contact Us - Plyro EE","robots":{"index":"index","follow":"follow","max-snippet":"max-snippet:-1","max-image-preview":"max-image-preview:large","max-video-preview":"max-video-preview:-1"},"canonical":"https:\/\/plyro.eu\/ee\/contact-us\/","og_locale":"et_EE","og_type":"article","og_title":"Contact Us - Plyro EE","og_description":"V\u00f5tke meiega \u00fchendust Klienditeenindus Meie meeskond on alati valmis teid aitama k\u00f5igi meie toodete ja teenuste kohta tekkivate k\u00fcsimuste korral. \u23f0 Klienditeeninduse lahtiolekuajad: iga p\u00e4ev 10:00\u201317:00 \u2709\ufe0f E-post: info@plyro.eu\ud83d\udcde Telefon: +372 5787 2919\ud83d\udcac Messenger: GamedogEE \u00a0 Lao asukoht \u00a0 Lao k\u00fclastus Lao k\u00fclastamiseks ja personaalse teeninduse saamiseks palun broneerige aeg eelnevalt. \ud83d\udcc5 V\u00f5tke meiega \u00fchendust [&hellip;]","og_url":"https:\/\/plyro.eu\/ee\/contact-us\/","og_site_name":"Plyro EE","article_publisher":"https:\/\/www.facebook.com\/gamedogEE\/","article_modified_time":"2025-12-27T18:18:00+00:00","og_image":[{"url":"https:\/\/upload.wikimedia.org\/wikipedia\/commons\/5\/51\/Facebook_f_logo_%282019%29.svg","type":"","width":"","height":""}],"twitter_card":"summary_large_image","twitter_misc":{"Est. reading time":"2 minutit"},"schema":{"@context":"https:\/\/schema.org","@graph":[{"@type":"WebPage","@id":"https:\/\/plyro.eu\/ee\/contact-us\/","url":"https:\/\/plyro.eu\/ee\/contact-us\/","name":"Contact Us - Plyro EE","isPartOf":{"@id":"https:\/\/plyro.eu\/ee\/#website"},"primaryImageOfPage":{"@id":"https:\/\/plyro.eu\/ee\/contact-us\/#primaryimage"},"image":{"@id":"https:\/\/plyro.eu\/ee\/contact-us\/#primaryimage"},"thumbnailUrl":"https:\/\/upload.wikimedia.org\/wikipedia\/commons\/5\/51\/Facebook_f_logo_%282019%29.svg","datePublished":"2025-02-16T12:55:16+00:00","dateModified":"2025-12-27T18:18:00+00:00","breadcrumb":{"@id":"https:\/\/plyro.eu\/ee\/contact-us\/#breadcrumb"},"inLanguage":"et","potentialAction":[{"@type":"ReadAction","target":["https:\/\/plyro.eu\/ee\/contact-us\/"]}]},{"@type":"ImageObject","inLanguage":"et","@id":"https:\/\/plyro.eu\/ee\/contact-us\/#primaryimage","url":"https:\/\/upload.wikimedia.org\/wikipedia\/commons\/5\/51\/Facebook_f_logo_%282019%29.svg","contentUrl":"https:\/\/upload.wikimedia.org\/wikipedia\/commons\/5\/51\/Facebook_f_logo_%282019%29.svg"},{"@type":"BreadcrumbList","@id":"https:\/\/plyro.eu\/ee\/contact-us\/#breadcrumb","itemListElement":[{"@type":"ListItem","position":1,"name":"Home","item":"https:\/\/plyro.eu\/ee\/"},{"@type":"ListItem","position":2,"name":"Contact Us"}]},{"@type":"WebSite","@id":"https:\/\/plyro.eu\/ee\/#website","url":"https:\/\/plyro.eu\/ee\/","name":"Plyro EE","description":"","publisher":{"@id":"https:\/\/plyro.eu\/ee\/#organization"},"potentialAction":[{"@type":"SearchAction","target":{"@type":"EntryPoint","urlTemplate":"https:\/\/plyro.eu\/ee\/?s={search_term_string}"},"query-input":{"@type":"PropertyValueSpecification","valueRequired":true,"valueName":"search_term_string"}}],"inLanguage":"et"},{"@type":"Organization","@id":"https:\/\/plyro.eu\/ee\/#organization","name":"Plyro EE","url":"https:\/\/plyro.eu\/ee\/","logo":{"@type":"ImageObject","inLanguage":"et","@id":"https:\/\/plyro.eu\/ee\/#\/schema\/logo\/image\/","url":"https:\/\/plyro.eu\/ee\/wp-content\/uploads\/2026\/02\/plyro_black_512_transparent-1.png","contentUrl":"https:\/\/plyro.eu\/ee\/wp-content\/uploads\/2026\/02\/plyro_black_512_transparent-1.png","width":512,"height":512,"caption":"Plyro EE"},"image":{"@id":"https:\/\/plyro.eu\/ee\/#\/schema\/logo\/image\/"},"sameAs":["https:\/\/www.facebook.com\/gamedogEE\/"]}]}},"_links":{"self":[{"href":"https:\/\/plyro.eu\/ee\/wp-json\/wp\/v2\/pages\/65590","targetHints":{"allow":["GET"]}}],"collection":[{"href":"https:\/\/plyro.eu\/ee\/wp-json\/wp\/v2\/pages"}],"about":[{"href":"https:\/\/plyro.eu\/ee\/wp-json\/wp\/v2\/types\/page"}],"author":[{"embeddable":true,"href":"https:\/\/plyro.eu\/ee\/wp-json\/wp\/v2\/users\/1"}],"replies":[{"embeddable":true,"href":"https:\/\/plyro.eu\/ee\/wp-json\/wp\/v2\/comments?post=65590"}],"version-history":[{"count":0,"href":"https:\/\/plyro.eu\/ee\/wp-json\/wp\/v2\/pages\/65590\/revisions"}],"wp:attachment":[{"href":"https:\/\/plyro.eu\/ee\/wp-json\/wp\/v2\/media?parent=65590"}],"curies":[{"name":"wp","href":"https:\/\/api.w.org\/{rel}","templated":true}]}}