{"id":65588,"date":"2025-02-16T14:50:18","date_gmt":"2025-02-16T12:50:18","guid":{"rendered":"https:\/\/plyro.eu\/?page_id=65588"},"modified":"2025-07-13T12:42:26","modified_gmt":"2025-07-13T10:42:26","slug":"about-us","status":"publish","type":"page","link":"https:\/\/plyro.eu\/ee\/about-us\/","title":{"rendered":"About us"},"content":{"rendered":"\r\n<h1 class=\"wp-block-heading\">Meist<\/h1>\r\n\r\n\r\n\r\n<p>Tere tulemast GameDogi, teie usaldusv\u00e4\u00e4rsesse partnerisse f\u00fc\u00fcsiliste m\u00e4ngude alal! Kuigi alustasime 2021. aasta mais digitaalsete aktiveerimisv\u00f5tmete pakkujana, on meil hea meel teatada oma sisenemisest f\u00fc\u00fcsiliste m\u00e4ngude turule. Praegu on meie platvorm t\u00e4ielikult p\u00fchendatud laiale valikule f\u00fc\u00fcsilisi m\u00e4nge, konsoole ja kaupu k\u00f5igile m\u00e4nguhuvilistele ning plaanime tulevikus laieneda ka digitaalsetele toodetele.<\/p>\r\n\r\n\r\n\r\n<p>Alates meie asutamisest kolm aastat tagasi oleme uhkusega m\u00fc\u00fcnud <a href=\"https:\/\/www.eneba.com\/vendor\/gamedog-ou\">digitaalses maailmas<\/a> \u00fcle <strong>50 000<\/strong> toote, luues klientide seas usalduse ja usaldusv\u00e4\u00e4rsuse aluse. N\u00fc\u00fcd toome sama p\u00fchendumuse kvaliteedile ja klientide rahulolule ka f\u00fc\u00fcsilise m\u00e4ngu maailma.<\/p>\r\n\r\n\r\n\r\n<p>GameDogis p\u00fc\u00fcame pakkuda oma klientidele turu parimaid hindu. Meie p\u00fchendumus konkurentsiv\u00f5imelisele hinnakujundusele j\u00e4\u00e4b samaks ja meie kataloog laieneb pidevalt, et lisada uusimaid ja parimaid f\u00fc\u00fcsilisi m\u00e4nge. Olenemata sellest, kas teile meeldivad m\u00e4ruli-, seiklus-, strateegia- v\u00f5i simulatsioonim\u00e4ngud, meil on iga\u00fchele midagi.<\/p>\r\n\r\n\r\n\r\n<p>Lisaks meie mitmekesisele valikule pakume r\u00f5\u00f5muga eksklusiivseid hulgihinnaalandusi v\u00e4hemalt 10 eksemplari tellimuse korral. See v\u00f5imaldab ettev\u00f5tetel, organisatsioonidel ja m\u00e4ngukogukondadel veelgi rohkem s\u00e4\u00e4sta ja oma m\u00e4ngukollektsioone laiendada.<\/p>\r\n\r\n\r\n\r\n<p>Kutsume teid k\u00fclastama meie saiti ja avastama f\u00fc\u00fcsilise m\u00e4ngimise p\u00f5nevust. T\u00e4name teid GameDogi valimise eest, kus m\u00e4ngimine kohtub taskukohasusega ja kvaliteet on meie peamine prioriteet.<\/p>\r\n","protected":false},"excerpt":{"rendered":"<p>Meist Tere tulemast GameDogi, teie usaldusv\u00e4\u00e4rsesse partnerisse f\u00fc\u00fcsiliste m\u00e4ngude alal! Kuigi alustasime 2021. aasta mais digitaalsete aktiveerimisv\u00f5tmete pakkujana, on meil hea meel teatada oma sisenemisest f\u00fc\u00fcsiliste m\u00e4ngude turule. Praegu on meie platvorm t\u00e4ielikult p\u00fchendatud laiale valikule f\u00fc\u00fcsilisi m\u00e4nge, konsoole ja kaupu k\u00f5igile m\u00e4nguhuvilistele ning plaanime tulevikus laieneda ka digitaalsetele toodetele. Alates meie asutamisest kolm aastat [&hellip;]<\/p>\n","protected":false},"author":1,"featured_media":0,"parent":0,"menu_order":0,"comment_status":"closed","ping_status":"closed","template":"","meta":{"_acf_changed":false,"inline_featured_image":false,"footnotes":""},"class_list":["post-65588","page","type-page","status-publish","hentry"],"acf":[],"yoast_head":"<!-- This site is optimized with the Yoast SEO plugin v24.9 - https:\/\/yoast.com\/wordpress\/plugins\/seo\/ -->\n<title>About us - Plyro EE<\/title>\n<meta name=\"robots\" content=\"index, follow, max-snippet:-1, max-image-preview:large, max-video-preview:-1\" \/>\n<link rel=\"canonical\" href=\"https:\/\/plyro.eu\/ee\/about-us\/\" \/>\n<meta property=\"og:locale\" content=\"et_EE\" \/>\n<meta property=\"og:type\" content=\"article\" \/>\n<meta property=\"og:title\" content=\"About us - Plyro EE\" \/>\n<meta property=\"og:description\" content=\"Meist Tere tulemast GameDogi, teie usaldusv\u00e4\u00e4rsesse partnerisse f\u00fc\u00fcsiliste m\u00e4ngude alal! Kuigi alustasime 2021. aasta mais digitaalsete aktiveerimisv\u00f5tmete pakkujana, on meil hea meel teatada oma sisenemisest f\u00fc\u00fcsiliste m\u00e4ngude turule. Praegu on meie platvorm t\u00e4ielikult p\u00fchendatud laiale valikule f\u00fc\u00fcsilisi m\u00e4nge, konsoole ja kaupu k\u00f5igile m\u00e4nguhuvilistele ning plaanime tulevikus laieneda ka digitaalsetele toodetele. Alates meie asutamisest kolm aastat [&hellip;]\" \/>\n<meta property=\"og:url\" content=\"https:\/\/plyro.eu\/ee\/about-us\/\" \/>\n<meta property=\"og:site_name\" content=\"Plyro EE\" \/>\n<meta property=\"article:publisher\" content=\"https:\/\/www.facebook.com\/gamedogEE\/\" \/>\n<meta property=\"article:modified_time\" content=\"2025-07-13T10:42:26+00:00\" \/>\n<meta name=\"twitter:card\" content=\"summary_large_image\" \/>\n<meta name=\"twitter:label1\" content=\"Est. reading time\" \/>\n\t<meta name=\"twitter:data1\" content=\"2 minutit\" \/>\n<script type=\"application\/ld+json\" class=\"yoast-schema-graph\">{\"@context\":\"https:\/\/schema.org\",\"@graph\":[{\"@type\":\"WebPage\",\"@id\":\"https:\/\/plyro.eu\/ee\/about-us\/\",\"url\":\"https:\/\/plyro.eu\/ee\/about-us\/\",\"name\":\"About us - Plyro EE\",\"isPartOf\":{\"@id\":\"https:\/\/plyro.eu\/ee\/#website\"},\"datePublished\":\"2025-02-16T12:50:18+00:00\",\"dateModified\":\"2025-07-13T10:42:26+00:00\",\"breadcrumb\":{\"@id\":\"https:\/\/plyro.eu\/ee\/about-us\/#breadcrumb\"},\"inLanguage\":\"et\",\"potentialAction\":[{\"@type\":\"ReadAction\",\"target\":[\"https:\/\/plyro.eu\/ee\/about-us\/\"]}]},{\"@type\":\"BreadcrumbList\",\"@id\":\"https:\/\/plyro.eu\/ee\/about-us\/#breadcrumb\",\"itemListElement\":[{\"@type\":\"ListItem\",\"position\":1,\"name\":\"Home\",\"item\":\"https:\/\/plyro.eu\/ee\/\"},{\"@type\":\"ListItem\",\"position\":2,\"name\":\"About us\"}]},{\"@type\":\"WebSite\",\"@id\":\"https:\/\/plyro.eu\/ee\/#website\",\"url\":\"https:\/\/plyro.eu\/ee\/\",\"name\":\"Plyro EE\",\"description\":\"\",\"publisher\":{\"@id\":\"https:\/\/plyro.eu\/ee\/#organization\"},\"potentialAction\":[{\"@type\":\"SearchAction\",\"target\":{\"@type\":\"EntryPoint\",\"urlTemplate\":\"https:\/\/plyro.eu\/ee\/?s={search_term_string}\"},\"query-input\":{\"@type\":\"PropertyValueSpecification\",\"valueRequired\":true,\"valueName\":\"search_term_string\"}}],\"inLanguage\":\"et\"},{\"@type\":\"Organization\",\"@id\":\"https:\/\/plyro.eu\/ee\/#organization\",\"name\":\"Plyro EE\",\"url\":\"https:\/\/plyro.eu\/ee\/\",\"logo\":{\"@type\":\"ImageObject\",\"inLanguage\":\"et\",\"@id\":\"https:\/\/plyro.eu\/ee\/#\/schema\/logo\/image\/\",\"url\":\"https:\/\/plyro.eu\/ee\/wp-content\/uploads\/2026\/02\/plyro_black_512_transparent-1.png\",\"contentUrl\":\"https:\/\/plyro.eu\/ee\/wp-content\/uploads\/2026\/02\/plyro_black_512_transparent-1.png\",\"width\":512,\"height\":512,\"caption\":\"Plyro EE\"},\"image\":{\"@id\":\"https:\/\/plyro.eu\/ee\/#\/schema\/logo\/image\/\"},\"sameAs\":[\"https:\/\/www.facebook.com\/gamedogEE\/\"]}]}<\/script>\n<!-- \/ Yoast SEO plugin. -->","yoast_head_json":{"title":"About us - Plyro EE","robots":{"index":"index","follow":"follow","max-snippet":"max-snippet:-1","max-image-preview":"max-image-preview:large","max-video-preview":"max-video-preview:-1"},"canonical":"https:\/\/plyro.eu\/ee\/about-us\/","og_locale":"et_EE","og_type":"article","og_title":"About us - Plyro EE","og_description":"Meist Tere tulemast GameDogi, teie usaldusv\u00e4\u00e4rsesse partnerisse f\u00fc\u00fcsiliste m\u00e4ngude alal! Kuigi alustasime 2021. aasta mais digitaalsete aktiveerimisv\u00f5tmete pakkujana, on meil hea meel teatada oma sisenemisest f\u00fc\u00fcsiliste m\u00e4ngude turule. Praegu on meie platvorm t\u00e4ielikult p\u00fchendatud laiale valikule f\u00fc\u00fcsilisi m\u00e4nge, konsoole ja kaupu k\u00f5igile m\u00e4nguhuvilistele ning plaanime tulevikus laieneda ka digitaalsetele toodetele. Alates meie asutamisest kolm aastat [&hellip;]","og_url":"https:\/\/plyro.eu\/ee\/about-us\/","og_site_name":"Plyro EE","article_publisher":"https:\/\/www.facebook.com\/gamedogEE\/","article_modified_time":"2025-07-13T10:42:26+00:00","twitter_card":"summary_large_image","twitter_misc":{"Est. reading time":"2 minutit"},"schema":{"@context":"https:\/\/schema.org","@graph":[{"@type":"WebPage","@id":"https:\/\/plyro.eu\/ee\/about-us\/","url":"https:\/\/plyro.eu\/ee\/about-us\/","name":"About us - Plyro EE","isPartOf":{"@id":"https:\/\/plyro.eu\/ee\/#website"},"datePublished":"2025-02-16T12:50:18+00:00","dateModified":"2025-07-13T10:42:26+00:00","breadcrumb":{"@id":"https:\/\/plyro.eu\/ee\/about-us\/#breadcrumb"},"inLanguage":"et","potentialAction":[{"@type":"ReadAction","target":["https:\/\/plyro.eu\/ee\/about-us\/"]}]},{"@type":"BreadcrumbList","@id":"https:\/\/plyro.eu\/ee\/about-us\/#breadcrumb","itemListElement":[{"@type":"ListItem","position":1,"name":"Home","item":"https:\/\/plyro.eu\/ee\/"},{"@type":"ListItem","position":2,"name":"About us"}]},{"@type":"WebSite","@id":"https:\/\/plyro.eu\/ee\/#website","url":"https:\/\/plyro.eu\/ee\/","name":"Plyro EE","description":"","publisher":{"@id":"https:\/\/plyro.eu\/ee\/#organization"},"potentialAction":[{"@type":"SearchAction","target":{"@type":"EntryPoint","urlTemplate":"https:\/\/plyro.eu\/ee\/?s={search_term_string}"},"query-input":{"@type":"PropertyValueSpecification","valueRequired":true,"valueName":"search_term_string"}}],"inLanguage":"et"},{"@type":"Organization","@id":"https:\/\/plyro.eu\/ee\/#organization","name":"Plyro EE","url":"https:\/\/plyro.eu\/ee\/","logo":{"@type":"ImageObject","inLanguage":"et","@id":"https:\/\/plyro.eu\/ee\/#\/schema\/logo\/image\/","url":"https:\/\/plyro.eu\/ee\/wp-content\/uploads\/2026\/02\/plyro_black_512_transparent-1.png","contentUrl":"https:\/\/plyro.eu\/ee\/wp-content\/uploads\/2026\/02\/plyro_black_512_transparent-1.png","width":512,"height":512,"caption":"Plyro EE"},"image":{"@id":"https:\/\/plyro.eu\/ee\/#\/schema\/logo\/image\/"},"sameAs":["https:\/\/www.facebook.com\/gamedogEE\/"]}]}},"_links":{"self":[{"href":"https:\/\/plyro.eu\/ee\/wp-json\/wp\/v2\/pages\/65588","targetHints":{"allow":["GET"]}}],"collection":[{"href":"https:\/\/plyro.eu\/ee\/wp-json\/wp\/v2\/pages"}],"about":[{"href":"https:\/\/plyro.eu\/ee\/wp-json\/wp\/v2\/types\/page"}],"author":[{"embeddable":true,"href":"https:\/\/plyro.eu\/ee\/wp-json\/wp\/v2\/users\/1"}],"replies":[{"embeddable":true,"href":"https:\/\/plyro.eu\/ee\/wp-json\/wp\/v2\/comments?post=65588"}],"version-history":[{"count":0,"href":"https:\/\/plyro.eu\/ee\/wp-json\/wp\/v2\/pages\/65588\/revisions"}],"wp:attachment":[{"href":"https:\/\/plyro.eu\/ee\/wp-json\/wp\/v2\/media?parent=65588"}],"curies":[{"name":"wp","href":"https:\/\/api.w.org\/{rel}","templated":true}]}}