{"id":65583,"date":"2025-02-16T14:43:13","date_gmt":"2025-02-16T12:43:13","guid":{"rendered":"https:\/\/plyro.eu\/?page_id=65583"},"modified":"2025-12-29T15:06:45","modified_gmt":"2025-12-29T13:06:45","slug":"terms-and-conditions","status":"publish","type":"page","link":"https:\/\/plyro.eu\/ee\/terms-and-conditions\/","title":{"rendered":"Terms and Conditions"},"content":{"rendered":"\r\n<h1 class=\"wp-block-heading\">Kasutustingimused<\/h1>\r\n\r\n\r\n\r\n<h2 class=\"wp-block-heading\">Viimati uuendatud: 16. veebruar 2025<\/h2>\r\n\r\n\r\n\r\n<p>Veebipoe <a href=\"http:\/\/plyro.eu\">plyro.eu<\/a> (edaspidi &#8220;Veebipood&#8221;) omanik on GameDog O\u00dc (registrikood 14962369), asukohaga Harju maakond, Tallinn, Lasnam\u00e4e linnaosa, V\u00e4ike-Paala 2-309, 11415.<\/p>\r\n\r\n\r\n\r\n<p>&nbsp;<\/p>\r\n<p style=\"font-size: 22px !important;\"><strong>M\u00fc\u00fcgilepingu kehtivus, \u00e4riline ja hinnainfo<\/strong><\/p>\r\n\r\n\r\n\r\n<p>M\u00fc\u00fcgitingimused kehtivad veebipoest kaupade ostmisel.<\/p>\r\n\r\n\r\n\r\n<p>Veebipoes m\u00fc\u00fcdavate kaupade hinnad on n\u00e4idatud koos kaubaga. Hind sisaldab saatmiskulusid. K\u00f5ik veebipoes m\u00fc\u00fcdavate kaupade hinnad on n\u00e4idatud eurodes.<\/p>\r\n\r\n\r\n\r\n<p>Saatmiskulud s\u00f5ltuvad ostja asukohast ja saatmisviisist. Saatmiskulu kuvatakse ostjale tellimuse vormistamisel.<\/p>\r\n\r\n\r\n\r\n<p>Tooteinfo on esitatud veebipoes otse selle k\u00f5rval.<\/p>\r\n\r\n\r\n\r\n<p>&nbsp;<\/p>\r\n<p style=\"font-size: 22px !important;\"><strong>Tellimuse esitamine<\/strong><\/p>\r\n\r\n\r\n\r\n<p>Tellimuse esitamiseks peate lisama soovitud tooted ostukorvi. Tellimuse esitamiseks peate t\u00e4itma kohustuslikud v\u00e4ljad ja valima sobiva tarneviisi. Vahendustasu summa kuvatakse ekraanil. Tasu saab maksta j\u00e4rgmistel turvalistel viisidel:<\/p>\r\n\r\n\r\n\r\n<ul>\r\n<li>American Express \u2013 \u00fcle maailma<\/li>\r\n<li>Apple Pay \u2013 \u00fcle maailma<\/li>\r\n<li>Citadele \u2013 Eesti, Leedu, L\u00e4ti<\/li>\r\n<li>Coop Bank \u2013 Eesti<\/li>\r\n<li>Google Pay \u2013 \u00fcle maailma<\/li>\r\n<li>LHV \u2013 Eesti<\/li>\r\n<li>Luminor \u2013 Eesti, Leedu, L\u00e4ti<\/li>\r\n<li>Mastercard \u2013 \u00fcle maailma<\/li>\r\n<li>N26 \u2013 Eesti, Poola, Saksamaa, Soome<\/li>\r\n<li>Revolut \u2013 \u00fcle maailma<\/li>\r\n<li>SEB \u2013 Eesti, Leedu, L\u00e4ti<\/li>\r\n<li>Swedbank \u2013 Eesti, Leedu, L\u00e4ti<\/li>\r\n<li>Visa \u2013 \u00fcle maailma<\/li>\r\n<li>Maksa hiljem (Montonio Split)<\/li>\r\n<\/ul>\r\n\r\n\r\n\r\n<p>M\u00e4rkus. Panga\u00fclekandega makstes kindlasti kl\u00f5psake pangalehel nuppu \u201eTagasi m\u00fc\u00fcjale\u201c.<\/p>\r\n\r\n\r\n\r\n<p>Maksed tehakse Montonio vahendusel. Maksed tehakse v\u00e4ljaspool veebipoodi turvalises keskkonnas: panga\u00fclekandega maksmise korral &#8211; vastava panga turvalises keskkonnas ja krediitkaardiga maksmise korral &#8211; Montonio turvalises keskkonnas. M\u00fc\u00fcjal puudub juurdep\u00e4\u00e4s ostja pangarekvisiitidele ja krediitkaardi andmetele. Leping j\u00f5ustub hetkest, mil tasumisele kuuluv summa laekub veebipoe kontole.<\/p>\r\n\r\n\r\n\r\n<p>Saidi omanik on isikuandmete haldaja ja edastab maksete tegemiseks vajalikud isikuandmed operaatorile Montonio.<\/p>\r\n\r\n\r\n\r\n<p>Kui tellitud kaupa ei ole v\u00f5imalik tarnet\u00e4htaja m\u00f6\u00f6dumise v\u00f5i muul p\u00f5hjusel tarnida, teavitatakse ostjat sellest esimesel v\u00f5imalusel ning tasutud raha (sh tarnekulud) tagastatakse viivitamata, kuid mitte hiljem kui 14 p\u00e4eva jooksul alates teatamise kuup\u00e4evast.<\/p>\r\n\r\n\r\n\r\n<p>&nbsp;<\/p>\r\n<p style=\"font-size: 22px !important;\"><strong>Kohaletoimetamine<\/strong><\/p>\r\n\r\n\r\n\r\n<p>Tooted tarnitakse aadressile Eesti, Leedu ja L\u00e4ti.<\/p>\r\n\r\n\r\n\r\n<p>Ostja saab kauba k\u00e4tte j\u00e4rgmistel viisidel: Omniva, DPD.<\/p>\r\n\r\n\r\n\r\n<p>Kohaletoimetamise kulud tasub ostja, hinnainfo kuvatakse k\u00e4ttetoimetamisviisi juures.<\/p>\r\n\r\n\r\n\r\n<p>Eesti-sisesed pakid toimetatakse ostja m\u00e4\u00e4ratud sihtkohta tavaliselt 1 t\u00f6\u00f6p\u00e4eva jooksul alates m\u00fc\u00fcgilepingu j\u00f5ustumise kuup\u00e4evast. V\u00e4ljaspool Eestit v\u00f5tab kohaletoimetamine aega 3-5 kalendrip\u00e4eva.<\/p>\r\n\r\n\r\n\r\n<p>Erandjuhtudel on teil \u00f5igus lasta kaup kohale toimetada 45 kalendrip\u00e4eva jooksul.<\/p>\r\n\r\n\r\n\r\n<p>&nbsp;<\/p>\r\n<p style=\"font-size: 22px !important;\"><strong>Taganemis\u00f5igus<\/strong><\/p>\r\n\r\n\r\n\r\n<p>Taganemis\u00f5igus on kirjeldatud siin.<\/p>\r\n\r\n\r\n\r\n<p>&nbsp;<\/p>\r\n<p style=\"font-size: 22px !important;\"><strong>Kaebuse esitamise \u00f5igus<\/strong><\/p>\r\n\r\n\r\n\r\n<p>Veebipood vastutab ostjale m\u00fc\u00fcdud kauba mittevastavuse v\u00f5i puuduse eest, mis oli olemas juba kauba kohaletoimetamise ajal ja mis tulevikus k\u00f5rvaldatakse. Defekt ilmnes maksimaalselt kahe aasta jooksul alates kauba ostjale \u00fcleandmise kuup\u00e4evast. P\u00e4rast seda, \u00fche aasta jooksul alates kauba ostjale \u00fcleandmise kuup\u00e4evast, eeldatakse, etDefekt oli olemas juba kauba kohaletoimetamise ajal. Veebipood on kohustatud selle eelduse \u00fcmber l\u00fckkama.<\/p>\r\n\r\n\r\n\r\n<p>Defekti avastamisel on ostjal \u00f5igus p\u00f6\u00f6rduda veebipoe poole hiljemalt kahe kuu jooksul, saates e-kirja aadressile <a href=\"mailto:info@plyro.eu\">info@plyro.eu<\/a>.<\/p>\r\n\r\n\r\n\r\n<p>Veebipood ei vastuta puuduste eest, mis tekivad p\u00e4rast kauba ostjale \u00fcleandmist.<\/p>\r\n\r\n\r\n\r\n<p>Kui veebipoest ostetud kaubal on defektid, mille eest veebipood vastutab, parandab v\u00f5i asendab veebipood defektse kauba. Kui kauba parandamine v\u00f5i asendamine ei ole v\u00f5imalik, h\u00fcvitab veebipood ostjale k\u00f5ik m\u00fc\u00fcgilepingu alusel tasutud summad.<\/p>\r\n\r\n\r\n\r\n<p>Veebipood vastab tarbija kaebusele kirjalikult v\u00f5i kirjalikku taasesitamist v\u00f5imaldavas vormis 15 p\u00e4eva jooksul.<\/p>\r\n\r\n\r\n\r\n<p style=\"font-size: 22px !important;\"><strong>Otseturundus ja isikuandmete t\u00f6\u00f6tlemine<\/strong><\/p>\r\n\r\n\r\n\r\n<p>Veebipood kasutab ostja esitatud isikuandmeid ainult tellimuse t\u00f6\u00f6tlemiseks ja kauba ostjale saatmiseks. Veebipood edastab isikuandmeid kauba kohaletoimetamiseks transporditeenuseid pakkuvatele ettev\u00f5tetele.<\/p>\r\n\r\n\r\n\r\n<p>Veebipood saadab ostja e-posti aadressile uudiskirju ja pakkumisi ainult juhul, kui ostja on avaldanud soovi neid saada, esitades veebilehel oma e-posti aadressi ja on andnud m\u00e4rku oma soovist saada teateid e-posti teel.<\/p>\r\n\r\n\r\n\r\n<p>Ostja saab igal ajal loobuda uudiskirjade ja pakkumiste saamisest e-posti teel, teavitades meid sellest e-posti teel v\u00f5i j\u00e4rgides pakkumisi sisaldavas e-kirjas olevaid juhiseid.<\/p>\r\n\r\n\r\n\r\n<p>Lisateavet leiate <a href=\"https:\/\/plyro.eu\/ee\/privacy-policy\/\">siit<\/a>.<\/p>\r\n\r\n\r\n\r\n<p>&nbsp;<\/p>\r\n<p style=\"font-size: 22px !important;\"><strong>Vaidluste lahendamine<\/strong><\/p>\r\n\r\n\r\n\r\n<p>Kui ostjal on veebipoe kohta kaebus, tuleks see saata e-posti teel aadressile <a href=\"mailto:info@plyro.eu\">info@plyro.eu<\/a>.<\/p>\r\n\r\n\r\n\r\n<p>Kui ostja ja veebipood ei suutnud vaidlust kokkuleppe teel lahendada, saab ostja p\u00f6\u00f6rduda tarbijavaidluste komisjoni poole. Menetluse tingimustega saate tutvuda ja avalduse esitada siin. Tarbijavaidluste komisjon on p\u00e4dev lahendama ostja ja veebipoe vahelisest lepingust tulenevaid vaidlusi.<\/p>\r\n\r\n\r\n\r\n<p>Komisjoni poolt ostja kaebuse l\u00e4bivaatamine on tasuta.<\/p>\r\n\r\n\r\n\r\n<p>Ostja saab tarbijavaidluste lahendamiseks p\u00f6\u00f6rduda Euroopa Liidu platvormi poole.<\/p>\r\n\r\n\r\n\r\n<p>&nbsp;<\/p>\r\n","protected":false},"excerpt":{"rendered":"<p>Kasutustingimused Viimati uuendatud: 16. veebruar 2025 Veebipoe plyro.eu (edaspidi &#8220;Veebipood&#8221;) omanik on GameDog O\u00dc (registrikood 14962369), asukohaga Harju maakond, Tallinn, Lasnam\u00e4e linnaosa, V\u00e4ike-Paala 2-309, 11415. &nbsp; M\u00fc\u00fcgilepingu kehtivus, \u00e4riline ja hinnainfo M\u00fc\u00fcgitingimused kehtivad veebipoest kaupade ostmisel. Veebipoes m\u00fc\u00fcdavate kaupade hinnad on n\u00e4idatud koos kaubaga. Hind sisaldab saatmiskulusid. K\u00f5ik veebipoes m\u00fc\u00fcdavate kaupade hinnad on n\u00e4idatud eurodes. [&hellip;]<\/p>\n","protected":false},"author":1,"featured_media":0,"parent":0,"menu_order":0,"comment_status":"closed","ping_status":"closed","template":"","meta":{"_acf_changed":false,"inline_featured_image":false,"footnotes":""},"class_list":["post-65583","page","type-page","status-publish","hentry"],"acf":[],"yoast_head":"<!-- This site is optimized with the Yoast SEO plugin v24.9 - https:\/\/yoast.com\/wordpress\/plugins\/seo\/ -->\n<title>Terms and Conditions - Plyro EE<\/title>\n<meta name=\"robots\" content=\"index, follow, max-snippet:-1, max-image-preview:large, max-video-preview:-1\" \/>\n<link rel=\"canonical\" href=\"https:\/\/plyro.eu\/ee\/terms-and-conditions\/\" \/>\n<meta property=\"og:locale\" content=\"et_EE\" \/>\n<meta property=\"og:type\" content=\"article\" \/>\n<meta property=\"og:title\" content=\"Terms and Conditions - Plyro EE\" \/>\n<meta property=\"og:description\" content=\"Kasutustingimused Viimati uuendatud: 16. veebruar 2025 Veebipoe plyro.eu (edaspidi &#8220;Veebipood&#8221;) omanik on GameDog O\u00dc (registrikood 14962369), asukohaga Harju maakond, Tallinn, Lasnam\u00e4e linnaosa, V\u00e4ike-Paala 2-309, 11415. &nbsp; M\u00fc\u00fcgilepingu kehtivus, \u00e4riline ja hinnainfo M\u00fc\u00fcgitingimused kehtivad veebipoest kaupade ostmisel. Veebipoes m\u00fc\u00fcdavate kaupade hinnad on n\u00e4idatud koos kaubaga. Hind sisaldab saatmiskulusid. K\u00f5ik veebipoes m\u00fc\u00fcdavate kaupade hinnad on n\u00e4idatud eurodes. [&hellip;]\" \/>\n<meta property=\"og:url\" content=\"https:\/\/plyro.eu\/ee\/terms-and-conditions\/\" \/>\n<meta property=\"og:site_name\" content=\"Plyro EE\" \/>\n<meta property=\"article:publisher\" content=\"https:\/\/www.facebook.com\/gamedogEE\/\" \/>\n<meta property=\"article:modified_time\" content=\"2025-12-29T13:06:45+00:00\" \/>\n<meta name=\"twitter:card\" content=\"summary_large_image\" \/>\n<meta name=\"twitter:label1\" content=\"Est. reading time\" \/>\n\t<meta name=\"twitter:data1\" content=\"4 minutit\" \/>\n<script type=\"application\/ld+json\" class=\"yoast-schema-graph\">{\"@context\":\"https:\/\/schema.org\",\"@graph\":[{\"@type\":\"WebPage\",\"@id\":\"https:\/\/plyro.eu\/ee\/terms-and-conditions\/\",\"url\":\"https:\/\/plyro.eu\/ee\/terms-and-conditions\/\",\"name\":\"Terms and Conditions - Plyro EE\",\"isPartOf\":{\"@id\":\"https:\/\/plyro.eu\/ee\/#website\"},\"datePublished\":\"2025-02-16T12:43:13+00:00\",\"dateModified\":\"2025-12-29T13:06:45+00:00\",\"breadcrumb\":{\"@id\":\"https:\/\/plyro.eu\/ee\/terms-and-conditions\/#breadcrumb\"},\"inLanguage\":\"et\",\"potentialAction\":[{\"@type\":\"ReadAction\",\"target\":[\"https:\/\/plyro.eu\/ee\/terms-and-conditions\/\"]}]},{\"@type\":\"BreadcrumbList\",\"@id\":\"https:\/\/plyro.eu\/ee\/terms-and-conditions\/#breadcrumb\",\"itemListElement\":[{\"@type\":\"ListItem\",\"position\":1,\"name\":\"Home\",\"item\":\"https:\/\/plyro.eu\/ee\/\"},{\"@type\":\"ListItem\",\"position\":2,\"name\":\"Terms and Conditions\"}]},{\"@type\":\"WebSite\",\"@id\":\"https:\/\/plyro.eu\/ee\/#website\",\"url\":\"https:\/\/plyro.eu\/ee\/\",\"name\":\"Plyro EE\",\"description\":\"\",\"publisher\":{\"@id\":\"https:\/\/plyro.eu\/ee\/#organization\"},\"potentialAction\":[{\"@type\":\"SearchAction\",\"target\":{\"@type\":\"EntryPoint\",\"urlTemplate\":\"https:\/\/plyro.eu\/ee\/?s={search_term_string}\"},\"query-input\":{\"@type\":\"PropertyValueSpecification\",\"valueRequired\":true,\"valueName\":\"search_term_string\"}}],\"inLanguage\":\"et\"},{\"@type\":\"Organization\",\"@id\":\"https:\/\/plyro.eu\/ee\/#organization\",\"name\":\"Plyro EE\",\"url\":\"https:\/\/plyro.eu\/ee\/\",\"logo\":{\"@type\":\"ImageObject\",\"inLanguage\":\"et\",\"@id\":\"https:\/\/plyro.eu\/ee\/#\/schema\/logo\/image\/\",\"url\":\"https:\/\/plyro.eu\/ee\/wp-content\/uploads\/2026\/02\/plyro_black_512_transparent-1.png\",\"contentUrl\":\"https:\/\/plyro.eu\/ee\/wp-content\/uploads\/2026\/02\/plyro_black_512_transparent-1.png\",\"width\":512,\"height\":512,\"caption\":\"Plyro EE\"},\"image\":{\"@id\":\"https:\/\/plyro.eu\/ee\/#\/schema\/logo\/image\/\"},\"sameAs\":[\"https:\/\/www.facebook.com\/gamedogEE\/\"]}]}<\/script>\n<!-- \/ Yoast SEO plugin. -->","yoast_head_json":{"title":"Terms and Conditions - Plyro EE","robots":{"index":"index","follow":"follow","max-snippet":"max-snippet:-1","max-image-preview":"max-image-preview:large","max-video-preview":"max-video-preview:-1"},"canonical":"https:\/\/plyro.eu\/ee\/terms-and-conditions\/","og_locale":"et_EE","og_type":"article","og_title":"Terms and Conditions - Plyro EE","og_description":"Kasutustingimused Viimati uuendatud: 16. veebruar 2025 Veebipoe plyro.eu (edaspidi &#8220;Veebipood&#8221;) omanik on GameDog O\u00dc (registrikood 14962369), asukohaga Harju maakond, Tallinn, Lasnam\u00e4e linnaosa, V\u00e4ike-Paala 2-309, 11415. &nbsp; M\u00fc\u00fcgilepingu kehtivus, \u00e4riline ja hinnainfo M\u00fc\u00fcgitingimused kehtivad veebipoest kaupade ostmisel. Veebipoes m\u00fc\u00fcdavate kaupade hinnad on n\u00e4idatud koos kaubaga. Hind sisaldab saatmiskulusid. K\u00f5ik veebipoes m\u00fc\u00fcdavate kaupade hinnad on n\u00e4idatud eurodes. [&hellip;]","og_url":"https:\/\/plyro.eu\/ee\/terms-and-conditions\/","og_site_name":"Plyro EE","article_publisher":"https:\/\/www.facebook.com\/gamedogEE\/","article_modified_time":"2025-12-29T13:06:45+00:00","twitter_card":"summary_large_image","twitter_misc":{"Est. reading time":"4 minutit"},"schema":{"@context":"https:\/\/schema.org","@graph":[{"@type":"WebPage","@id":"https:\/\/plyro.eu\/ee\/terms-and-conditions\/","url":"https:\/\/plyro.eu\/ee\/terms-and-conditions\/","name":"Terms and Conditions - Plyro EE","isPartOf":{"@id":"https:\/\/plyro.eu\/ee\/#website"},"datePublished":"2025-02-16T12:43:13+00:00","dateModified":"2025-12-29T13:06:45+00:00","breadcrumb":{"@id":"https:\/\/plyro.eu\/ee\/terms-and-conditions\/#breadcrumb"},"inLanguage":"et","potentialAction":[{"@type":"ReadAction","target":["https:\/\/plyro.eu\/ee\/terms-and-conditions\/"]}]},{"@type":"BreadcrumbList","@id":"https:\/\/plyro.eu\/ee\/terms-and-conditions\/#breadcrumb","itemListElement":[{"@type":"ListItem","position":1,"name":"Home","item":"https:\/\/plyro.eu\/ee\/"},{"@type":"ListItem","position":2,"name":"Terms and Conditions"}]},{"@type":"WebSite","@id":"https:\/\/plyro.eu\/ee\/#website","url":"https:\/\/plyro.eu\/ee\/","name":"Plyro EE","description":"","publisher":{"@id":"https:\/\/plyro.eu\/ee\/#organization"},"potentialAction":[{"@type":"SearchAction","target":{"@type":"EntryPoint","urlTemplate":"https:\/\/plyro.eu\/ee\/?s={search_term_string}"},"query-input":{"@type":"PropertyValueSpecification","valueRequired":true,"valueName":"search_term_string"}}],"inLanguage":"et"},{"@type":"Organization","@id":"https:\/\/plyro.eu\/ee\/#organization","name":"Plyro EE","url":"https:\/\/plyro.eu\/ee\/","logo":{"@type":"ImageObject","inLanguage":"et","@id":"https:\/\/plyro.eu\/ee\/#\/schema\/logo\/image\/","url":"https:\/\/plyro.eu\/ee\/wp-content\/uploads\/2026\/02\/plyro_black_512_transparent-1.png","contentUrl":"https:\/\/plyro.eu\/ee\/wp-content\/uploads\/2026\/02\/plyro_black_512_transparent-1.png","width":512,"height":512,"caption":"Plyro EE"},"image":{"@id":"https:\/\/plyro.eu\/ee\/#\/schema\/logo\/image\/"},"sameAs":["https:\/\/www.facebook.com\/gamedogEE\/"]}]}},"_links":{"self":[{"href":"https:\/\/plyro.eu\/ee\/wp-json\/wp\/v2\/pages\/65583","targetHints":{"allow":["GET"]}}],"collection":[{"href":"https:\/\/plyro.eu\/ee\/wp-json\/wp\/v2\/pages"}],"about":[{"href":"https:\/\/plyro.eu\/ee\/wp-json\/wp\/v2\/types\/page"}],"author":[{"embeddable":true,"href":"https:\/\/plyro.eu\/ee\/wp-json\/wp\/v2\/users\/1"}],"replies":[{"embeddable":true,"href":"https:\/\/plyro.eu\/ee\/wp-json\/wp\/v2\/comments?post=65583"}],"version-history":[{"count":0,"href":"https:\/\/plyro.eu\/ee\/wp-json\/wp\/v2\/pages\/65583\/revisions"}],"wp:attachment":[{"href":"https:\/\/plyro.eu\/ee\/wp-json\/wp\/v2\/media?parent=65583"}],"curies":[{"name":"wp","href":"https:\/\/api.w.org\/{rel}","templated":true}]}}