{"id":295373,"date":"2026-03-01T12:47:29","date_gmt":"2026-03-01T10:47:29","guid":{"rendered":"https:\/\/plyro.eu\/ee\/utilization-2\/"},"modified":"2026-03-01T13:00:05","modified_gmt":"2026-03-01T11:00:05","slug":"utilization-2","status":"publish","type":"page","link":"https:\/\/plyro.eu\/ee\/utilization-2\/","title":{"rendered":"Utilization"},"content":{"rendered":"\r\n<h1 class=\"wp-block-heading\">Taaskasutus ja j\u00e4\u00e4tmek\u00e4itlusinfo<\/h1>\r\n\r\n\r\n\r\n<p>Toetame vastutustundlikku j\u00e4\u00e4tmek\u00e4itlust vastavalt ELi keskkonnan\u00f5uetele. Kliendid saavad vanu elektroonikaseadmeid, patareisid ja pakendimaterjale turvaliselt \u00e4ra anda volitatud taaskasutuspartnerite kaudu \u00fcle Eesti.<\/p>\r\n\r\n\r\n\r\n<h2 class=\"wp-block-heading\">\u00a0<\/h2>\r\n<h2>Vana elektri- ja elektroonikaseadmete \u00e4raviimine<\/h2>\r\n\r\n\r\n\r\n<p>Vana elektri- ja elektroonikaseadmed, kasutatud patareid ja akud saab tasuta tagastada ametlikesse kogumispunktidesse, mida korraldab Eesti Elektroonikaromu.<\/p>\r\n\r\n\r\n\r\n<ul class=\"wp-block-list\">\r\n<li>Arvutid ja s\u00fclearvutid<\/li>\r\n<li>Mobiiltelefonid ja lisatarvikud<\/li>\r\n<li>Koduelektroonika<\/li>\r\n<li>V\u00e4ikesed ja suured elektriseadmed<\/li>\r\n<\/ul>\r\n\r\n\r\n\r\n<p>Enne nutiseadmete v\u00f5i arvutite taaskasutusse andmist veenduge, et isiklikud andmed on eemaldatud ja seade on taastatud tehase seadistustele.<\/p>\r\n\r\n\r\n\r\n<p>Rohkem infot ja l\u00e4himad kogumispunktid:<\/p>\r\n<ul>\r\n<li><a href=\"https:\/\/elektroonikaromu.ee\/et\/elektroonikaromude-kogumine\/\" target=\"_blank\" rel=\"noopener\">Elektroonikaj\u00e4\u00e4tmete kogumispunktid<\/a><\/li>\r\n<li><a href=\"https:\/\/elektroonikaromu.ee\/et\/patareide-kogumine\/\" target=\"_blank\" rel=\"noopener\">Patareide kogumispunktid<\/a><br \/><br \/><\/li>\r\n<\/ul>\r\n\r\n<h2 class=\"wp-block-heading\"><img loading=\"lazy\" decoding=\"async\" class=\"alignnone wp-image-413697 \" src=\"https:\/\/plyro.eu\/wp-content\/uploads\/2026\/03\/Elektroonikaromu-logo-300x210.png\" alt=\"\" width=\"125\" height=\"87\" \/> <img loading=\"lazy\" decoding=\"async\" class=\"alignnone wp-image-413702\" src=\"https:\/\/plyro.eu\/wp-content\/uploads\/2026\/03\/recycle-symbol-300x300.png\" alt=\"\" width=\"81\" height=\"81\" \/><\/h2>\r\n<p>&nbsp;<\/p>\r\n<h2>Pakendij\u00e4\u00e4tmete k\u00e4itlemise info<\/h2>\r\n\r\n\r\n\r\n<p>K\u00f5ikide ostetud toodete pakendimaterjalid saab tagastada taaskasutusse meie pakendite kogumise partneri Tootjavastutusorganisatsiooni (TVO) kaudu.<\/p>\r\n\r\n\r\n<p>Palun sorteerige pakendij\u00e4\u00e4tmed kohalike taaskasutusreeglite j\u00e4rgi ja andke need m\u00e4\u00e4ratud kogumiskonteineritesse.<\/p>\r\n<p>Leia l\u00e4him pakendij\u00e4\u00e4tmete kogumiskoht siit: <a href=\"https:\/\/kuhuviia.ee\/\">kuhuviia.ee<\/a><\/p>\r\n<p><img loading=\"lazy\" decoding=\"async\" class=\"alignnone size-medium wp-image-413695\" src=\"https:\/\/plyro.eu\/wp-content\/uploads\/2026\/03\/utilization-300x171.png\" alt=\"\" width=\"300\" height=\"171\" \/><\/p>","protected":false},"excerpt":{"rendered":"<p>Taaskasutus ja j\u00e4\u00e4tmek\u00e4itlusinfo Toetame vastutustundlikku j\u00e4\u00e4tmek\u00e4itlust vastavalt ELi keskkonnan\u00f5uetele. Kliendid saavad vanu elektroonikaseadmeid, patareisid ja pakendimaterjale turvaliselt \u00e4ra anda volitatud taaskasutuspartnerite kaudu \u00fcle Eesti. \u00a0 Vana elektri- ja elektroonikaseadmete \u00e4raviimine Vana elektri- ja elektroonikaseadmed, kasutatud patareid ja akud saab tasuta tagastada ametlikesse kogumispunktidesse, mida korraldab Eesti Elektroonikaromu. Arvutid ja s\u00fclearvutid Mobiiltelefonid ja lisatarvikud Koduelektroonika V\u00e4ikesed [&hellip;]<\/p>\n","protected":false},"author":1,"featured_media":0,"parent":0,"menu_order":0,"comment_status":"closed","ping_status":"closed","template":"","meta":{"_acf_changed":false,"inline_featured_image":false,"footnotes":""},"class_list":["post-295373","page","type-page","status-publish","hentry"],"acf":[],"yoast_head":"<!-- This site is optimized with the Yoast SEO plugin v24.9 - https:\/\/yoast.com\/wordpress\/plugins\/seo\/ -->\n<title>Utilization - Plyro EE<\/title>\n<meta name=\"robots\" content=\"index, follow, max-snippet:-1, max-image-preview:large, max-video-preview:-1\" \/>\n<link rel=\"canonical\" href=\"https:\/\/plyro.eu\/ee\/utilization-2\/\" \/>\n<meta property=\"og:locale\" content=\"et_EE\" \/>\n<meta property=\"og:type\" content=\"article\" \/>\n<meta property=\"og:title\" content=\"Utilization - Plyro EE\" \/>\n<meta property=\"og:description\" content=\"Taaskasutus ja j\u00e4\u00e4tmek\u00e4itlusinfo Toetame vastutustundlikku j\u00e4\u00e4tmek\u00e4itlust vastavalt ELi keskkonnan\u00f5uetele. Kliendid saavad vanu elektroonikaseadmeid, patareisid ja pakendimaterjale turvaliselt \u00e4ra anda volitatud taaskasutuspartnerite kaudu \u00fcle Eesti. \u00a0 Vana elektri- ja elektroonikaseadmete \u00e4raviimine Vana elektri- ja elektroonikaseadmed, kasutatud patareid ja akud saab tasuta tagastada ametlikesse kogumispunktidesse, mida korraldab Eesti Elektroonikaromu. Arvutid ja s\u00fclearvutid Mobiiltelefonid ja lisatarvikud Koduelektroonika V\u00e4ikesed [&hellip;]\" \/>\n<meta property=\"og:url\" content=\"https:\/\/plyro.eu\/ee\/utilization-2\/\" \/>\n<meta property=\"og:site_name\" content=\"Plyro EE\" \/>\n<meta property=\"article:publisher\" content=\"https:\/\/www.facebook.com\/gamedogEE\/\" \/>\n<meta property=\"article:modified_time\" content=\"2026-03-01T11:00:05+00:00\" \/>\n<meta property=\"og:image\" content=\"https:\/\/plyro.eu\/wp-content\/uploads\/2026\/03\/Elektroonikaromu-logo-300x210.png\" \/>\n<meta name=\"twitter:card\" content=\"summary_large_image\" \/>\n<meta name=\"twitter:label1\" content=\"Est. reading time\" \/>\n\t<meta name=\"twitter:data1\" content=\"2 minutit\" \/>\n<script type=\"application\/ld+json\" class=\"yoast-schema-graph\">{\"@context\":\"https:\/\/schema.org\",\"@graph\":[{\"@type\":\"WebPage\",\"@id\":\"https:\/\/plyro.eu\/ee\/utilization-2\/\",\"url\":\"https:\/\/plyro.eu\/ee\/utilization-2\/\",\"name\":\"Utilization - Plyro EE\",\"isPartOf\":{\"@id\":\"https:\/\/plyro.eu\/ee\/#website\"},\"primaryImageOfPage\":{\"@id\":\"https:\/\/plyro.eu\/ee\/utilization-2\/#primaryimage\"},\"image\":{\"@id\":\"https:\/\/plyro.eu\/ee\/utilization-2\/#primaryimage\"},\"thumbnailUrl\":\"https:\/\/plyro.eu\/wp-content\/uploads\/2026\/03\/Elektroonikaromu-logo-300x210.png\",\"datePublished\":\"2026-03-01T10:47:29+00:00\",\"dateModified\":\"2026-03-01T11:00:05+00:00\",\"breadcrumb\":{\"@id\":\"https:\/\/plyro.eu\/ee\/utilization-2\/#breadcrumb\"},\"inLanguage\":\"et\",\"potentialAction\":[{\"@type\":\"ReadAction\",\"target\":[\"https:\/\/plyro.eu\/ee\/utilization-2\/\"]}]},{\"@type\":\"ImageObject\",\"inLanguage\":\"et\",\"@id\":\"https:\/\/plyro.eu\/ee\/utilization-2\/#primaryimage\",\"url\":\"https:\/\/plyro.eu\/wp-content\/uploads\/2026\/03\/Elektroonikaromu-logo-300x210.png\",\"contentUrl\":\"https:\/\/plyro.eu\/wp-content\/uploads\/2026\/03\/Elektroonikaromu-logo-300x210.png\"},{\"@type\":\"BreadcrumbList\",\"@id\":\"https:\/\/plyro.eu\/ee\/utilization-2\/#breadcrumb\",\"itemListElement\":[{\"@type\":\"ListItem\",\"position\":1,\"name\":\"Home\",\"item\":\"https:\/\/plyro.eu\/ee\/\"},{\"@type\":\"ListItem\",\"position\":2,\"name\":\"Utilization\"}]},{\"@type\":\"WebSite\",\"@id\":\"https:\/\/plyro.eu\/ee\/#website\",\"url\":\"https:\/\/plyro.eu\/ee\/\",\"name\":\"Plyro EE\",\"description\":\"\",\"publisher\":{\"@id\":\"https:\/\/plyro.eu\/ee\/#organization\"},\"potentialAction\":[{\"@type\":\"SearchAction\",\"target\":{\"@type\":\"EntryPoint\",\"urlTemplate\":\"https:\/\/plyro.eu\/ee\/?s={search_term_string}\"},\"query-input\":{\"@type\":\"PropertyValueSpecification\",\"valueRequired\":true,\"valueName\":\"search_term_string\"}}],\"inLanguage\":\"et\"},{\"@type\":\"Organization\",\"@id\":\"https:\/\/plyro.eu\/ee\/#organization\",\"name\":\"Plyro EE\",\"url\":\"https:\/\/plyro.eu\/ee\/\",\"logo\":{\"@type\":\"ImageObject\",\"inLanguage\":\"et\",\"@id\":\"https:\/\/plyro.eu\/ee\/#\/schema\/logo\/image\/\",\"url\":\"https:\/\/plyro.eu\/ee\/wp-content\/uploads\/2026\/02\/plyro_black_512_transparent-1.png\",\"contentUrl\":\"https:\/\/plyro.eu\/ee\/wp-content\/uploads\/2026\/02\/plyro_black_512_transparent-1.png\",\"width\":512,\"height\":512,\"caption\":\"Plyro EE\"},\"image\":{\"@id\":\"https:\/\/plyro.eu\/ee\/#\/schema\/logo\/image\/\"},\"sameAs\":[\"https:\/\/www.facebook.com\/gamedogEE\/\"]}]}<\/script>\n<!-- \/ Yoast SEO plugin. -->","yoast_head_json":{"title":"Utilization - Plyro EE","robots":{"index":"index","follow":"follow","max-snippet":"max-snippet:-1","max-image-preview":"max-image-preview:large","max-video-preview":"max-video-preview:-1"},"canonical":"https:\/\/plyro.eu\/ee\/utilization-2\/","og_locale":"et_EE","og_type":"article","og_title":"Utilization - Plyro EE","og_description":"Taaskasutus ja j\u00e4\u00e4tmek\u00e4itlusinfo Toetame vastutustundlikku j\u00e4\u00e4tmek\u00e4itlust vastavalt ELi keskkonnan\u00f5uetele. Kliendid saavad vanu elektroonikaseadmeid, patareisid ja pakendimaterjale turvaliselt \u00e4ra anda volitatud taaskasutuspartnerite kaudu \u00fcle Eesti. \u00a0 Vana elektri- ja elektroonikaseadmete \u00e4raviimine Vana elektri- ja elektroonikaseadmed, kasutatud patareid ja akud saab tasuta tagastada ametlikesse kogumispunktidesse, mida korraldab Eesti Elektroonikaromu. Arvutid ja s\u00fclearvutid Mobiiltelefonid ja lisatarvikud Koduelektroonika V\u00e4ikesed [&hellip;]","og_url":"https:\/\/plyro.eu\/ee\/utilization-2\/","og_site_name":"Plyro EE","article_publisher":"https:\/\/www.facebook.com\/gamedogEE\/","article_modified_time":"2026-03-01T11:00:05+00:00","og_image":[{"url":"https:\/\/plyro.eu\/wp-content\/uploads\/2026\/03\/Elektroonikaromu-logo-300x210.png","type":"","width":"","height":""}],"twitter_card":"summary_large_image","twitter_misc":{"Est. reading time":"2 minutit"},"schema":{"@context":"https:\/\/schema.org","@graph":[{"@type":"WebPage","@id":"https:\/\/plyro.eu\/ee\/utilization-2\/","url":"https:\/\/plyro.eu\/ee\/utilization-2\/","name":"Utilization - Plyro EE","isPartOf":{"@id":"https:\/\/plyro.eu\/ee\/#website"},"primaryImageOfPage":{"@id":"https:\/\/plyro.eu\/ee\/utilization-2\/#primaryimage"},"image":{"@id":"https:\/\/plyro.eu\/ee\/utilization-2\/#primaryimage"},"thumbnailUrl":"https:\/\/plyro.eu\/wp-content\/uploads\/2026\/03\/Elektroonikaromu-logo-300x210.png","datePublished":"2026-03-01T10:47:29+00:00","dateModified":"2026-03-01T11:00:05+00:00","breadcrumb":{"@id":"https:\/\/plyro.eu\/ee\/utilization-2\/#breadcrumb"},"inLanguage":"et","potentialAction":[{"@type":"ReadAction","target":["https:\/\/plyro.eu\/ee\/utilization-2\/"]}]},{"@type":"ImageObject","inLanguage":"et","@id":"https:\/\/plyro.eu\/ee\/utilization-2\/#primaryimage","url":"https:\/\/plyro.eu\/wp-content\/uploads\/2026\/03\/Elektroonikaromu-logo-300x210.png","contentUrl":"https:\/\/plyro.eu\/wp-content\/uploads\/2026\/03\/Elektroonikaromu-logo-300x210.png"},{"@type":"BreadcrumbList","@id":"https:\/\/plyro.eu\/ee\/utilization-2\/#breadcrumb","itemListElement":[{"@type":"ListItem","position":1,"name":"Home","item":"https:\/\/plyro.eu\/ee\/"},{"@type":"ListItem","position":2,"name":"Utilization"}]},{"@type":"WebSite","@id":"https:\/\/plyro.eu\/ee\/#website","url":"https:\/\/plyro.eu\/ee\/","name":"Plyro EE","description":"","publisher":{"@id":"https:\/\/plyro.eu\/ee\/#organization"},"potentialAction":[{"@type":"SearchAction","target":{"@type":"EntryPoint","urlTemplate":"https:\/\/plyro.eu\/ee\/?s={search_term_string}"},"query-input":{"@type":"PropertyValueSpecification","valueRequired":true,"valueName":"search_term_string"}}],"inLanguage":"et"},{"@type":"Organization","@id":"https:\/\/plyro.eu\/ee\/#organization","name":"Plyro EE","url":"https:\/\/plyro.eu\/ee\/","logo":{"@type":"ImageObject","inLanguage":"et","@id":"https:\/\/plyro.eu\/ee\/#\/schema\/logo\/image\/","url":"https:\/\/plyro.eu\/ee\/wp-content\/uploads\/2026\/02\/plyro_black_512_transparent-1.png","contentUrl":"https:\/\/plyro.eu\/ee\/wp-content\/uploads\/2026\/02\/plyro_black_512_transparent-1.png","width":512,"height":512,"caption":"Plyro EE"},"image":{"@id":"https:\/\/plyro.eu\/ee\/#\/schema\/logo\/image\/"},"sameAs":["https:\/\/www.facebook.com\/gamedogEE\/"]}]}},"_links":{"self":[{"href":"https:\/\/plyro.eu\/ee\/wp-json\/wp\/v2\/pages\/295373","targetHints":{"allow":["GET"]}}],"collection":[{"href":"https:\/\/plyro.eu\/ee\/wp-json\/wp\/v2\/pages"}],"about":[{"href":"https:\/\/plyro.eu\/ee\/wp-json\/wp\/v2\/types\/page"}],"author":[{"embeddable":true,"href":"https:\/\/plyro.eu\/ee\/wp-json\/wp\/v2\/users\/1"}],"replies":[{"embeddable":true,"href":"https:\/\/plyro.eu\/ee\/wp-json\/wp\/v2\/comments?post=295373"}],"version-history":[{"count":6,"href":"https:\/\/plyro.eu\/ee\/wp-json\/wp\/v2\/pages\/295373\/revisions"}],"predecessor-version":[{"id":295390,"href":"https:\/\/plyro.eu\/ee\/wp-json\/wp\/v2\/pages\/295373\/revisions\/295390"}],"wp:attachment":[{"href":"https:\/\/plyro.eu\/ee\/wp-json\/wp\/v2\/media?parent=295373"}],"curies":[{"name":"wp","href":"https:\/\/api.w.org\/{rel}","templated":true}]}}