{"id":189,"date":"2025-02-16T14:48:55","date_gmt":"2025-02-16T12:48:55","guid":{"rendered":"https:\/\/plyro.eu\/?page_id=189"},"modified":"2025-12-29T13:42:41","modified_gmt":"2025-12-29T11:42:41","slug":"refund_returns","status":"publish","type":"page","link":"https:\/\/plyro.eu\/ee\/refund_returns\/","title":{"rendered":"Return policy"},"content":{"rendered":"\r\n<h1 class=\"wp-block-heading\">Tagastuspoliitika<\/h1>\r\n\r\n\r\n\r\n<p>P\u00e4rast tellimuse k\u00e4ttesaamist on ostjal \u00f5igus lepingust taganeda 14 p\u00e4eva jooksul.<\/p>\r\n\r\n\r\n\r\n<p>Tarbija n\u00f5ustub tagastus\u00f5iguse kasutamisega j\u00e4rgmistel tingimustel:<\/p>\r\n\r\n\r\n\r\n<ul>\r\n<li>Kaup tuleb tagastada kasutamata ja originaalpakendis.\r\n\r\n<\/li>\r\n<li>Tagastus\u00f5iguse teostamiseks peab tarbija esitama GameDog O\u00dc-le kirjaliku avalduse aadressil <a href=\"mailto:info@plyro.eu\">info@plyro.eu<\/a>, kuid mitte hiljem kui 14 p\u00e4eva jooksul alates kauba k\u00e4ttesaamise kuup\u00e4evast.<\/li>\r\n<li>Tarbija kohustub tasuma kauba tagastamise kulud, v\u00e4lja arvatud juhul, kui tagastatud kaup ei vasta tarbija tellimusele.<\/li>\r\n<li>GameDog O\u00dc tagastab raha 14 p\u00e4eva jooksul alates avalduse k\u00e4ttesaamise kuup\u00e4evast.\r\n\r\n\r\n\r\n<\/li>\r\n<\/ul>\r\n","protected":false},"excerpt":{"rendered":"<p>Tagastuspoliitika P\u00e4rast tellimuse k\u00e4ttesaamist on ostjal \u00f5igus lepingust taganeda 14 p\u00e4eva jooksul. Tarbija n\u00f5ustub tagastus\u00f5iguse kasutamisega j\u00e4rgmistel tingimustel: Kaup tuleb tagastada kasutamata ja originaalpakendis. Tagastus\u00f5iguse teostamiseks peab tarbija esitama GameDog O\u00dc-le kirjaliku avalduse aadressil info@plyro.eu, kuid mitte hiljem kui 14 p\u00e4eva jooksul alates kauba k\u00e4ttesaamise kuup\u00e4evast. Tarbija kohustub tasuma kauba tagastamise kulud, v\u00e4lja arvatud juhul, [&hellip;]<\/p>\n","protected":false},"author":1,"featured_media":0,"parent":0,"menu_order":0,"comment_status":"closed","ping_status":"closed","template":"","meta":{"_acf_changed":false,"inline_featured_image":false,"footnotes":""},"class_list":["post-189","page","type-page","status-publish","hentry"],"acf":[],"yoast_head":"<!-- This site is optimized with the Yoast SEO plugin v24.9 - https:\/\/yoast.com\/wordpress\/plugins\/seo\/ -->\n<title>Return policy - Plyro EE<\/title>\n<meta name=\"robots\" content=\"index, follow, max-snippet:-1, max-image-preview:large, max-video-preview:-1\" \/>\n<link rel=\"canonical\" href=\"https:\/\/plyro.eu\/ee\/refund_returns\/\" \/>\n<meta property=\"og:locale\" content=\"et_EE\" \/>\n<meta property=\"og:type\" content=\"article\" \/>\n<meta property=\"og:title\" content=\"Return policy - Plyro EE\" \/>\n<meta property=\"og:description\" content=\"Tagastuspoliitika P\u00e4rast tellimuse k\u00e4ttesaamist on ostjal \u00f5igus lepingust taganeda 14 p\u00e4eva jooksul. Tarbija n\u00f5ustub tagastus\u00f5iguse kasutamisega j\u00e4rgmistel tingimustel: Kaup tuleb tagastada kasutamata ja originaalpakendis. Tagastus\u00f5iguse teostamiseks peab tarbija esitama GameDog O\u00dc-le kirjaliku avalduse aadressil info@plyro.eu, kuid mitte hiljem kui 14 p\u00e4eva jooksul alates kauba k\u00e4ttesaamise kuup\u00e4evast. Tarbija kohustub tasuma kauba tagastamise kulud, v\u00e4lja arvatud juhul, [&hellip;]\" \/>\n<meta property=\"og:url\" content=\"https:\/\/plyro.eu\/ee\/refund_returns\/\" \/>\n<meta property=\"og:site_name\" content=\"Plyro EE\" \/>\n<meta property=\"article:publisher\" content=\"https:\/\/www.facebook.com\/gamedogEE\/\" \/>\n<meta property=\"article:modified_time\" content=\"2025-12-29T11:42:41+00:00\" \/>\n<meta name=\"twitter:card\" content=\"summary_large_image\" \/>\n<meta name=\"twitter:label1\" content=\"Est. reading time\" \/>\n\t<meta name=\"twitter:data1\" content=\"1 minut\" \/>\n<script type=\"application\/ld+json\" class=\"yoast-schema-graph\">{\"@context\":\"https:\/\/schema.org\",\"@graph\":[{\"@type\":\"WebPage\",\"@id\":\"https:\/\/plyro.eu\/ee\/refund_returns\/\",\"url\":\"https:\/\/plyro.eu\/ee\/refund_returns\/\",\"name\":\"Return policy - Plyro EE\",\"isPartOf\":{\"@id\":\"https:\/\/plyro.eu\/ee\/#website\"},\"datePublished\":\"2025-02-16T12:48:55+00:00\",\"dateModified\":\"2025-12-29T11:42:41+00:00\",\"breadcrumb\":{\"@id\":\"https:\/\/plyro.eu\/ee\/refund_returns\/#breadcrumb\"},\"inLanguage\":\"et\",\"potentialAction\":[{\"@type\":\"ReadAction\",\"target\":[\"https:\/\/plyro.eu\/ee\/refund_returns\/\"]}]},{\"@type\":\"BreadcrumbList\",\"@id\":\"https:\/\/plyro.eu\/ee\/refund_returns\/#breadcrumb\",\"itemListElement\":[{\"@type\":\"ListItem\",\"position\":1,\"name\":\"Home\",\"item\":\"https:\/\/plyro.eu\/ee\/\"},{\"@type\":\"ListItem\",\"position\":2,\"name\":\"Return policy\"}]},{\"@type\":\"WebSite\",\"@id\":\"https:\/\/plyro.eu\/ee\/#website\",\"url\":\"https:\/\/plyro.eu\/ee\/\",\"name\":\"Plyro EE\",\"description\":\"\",\"publisher\":{\"@id\":\"https:\/\/plyro.eu\/ee\/#organization\"},\"potentialAction\":[{\"@type\":\"SearchAction\",\"target\":{\"@type\":\"EntryPoint\",\"urlTemplate\":\"https:\/\/plyro.eu\/ee\/?s={search_term_string}\"},\"query-input\":{\"@type\":\"PropertyValueSpecification\",\"valueRequired\":true,\"valueName\":\"search_term_string\"}}],\"inLanguage\":\"et\"},{\"@type\":\"Organization\",\"@id\":\"https:\/\/plyro.eu\/ee\/#organization\",\"name\":\"Plyro EE\",\"url\":\"https:\/\/plyro.eu\/ee\/\",\"logo\":{\"@type\":\"ImageObject\",\"inLanguage\":\"et\",\"@id\":\"https:\/\/plyro.eu\/ee\/#\/schema\/logo\/image\/\",\"url\":\"https:\/\/plyro.eu\/ee\/wp-content\/uploads\/2026\/02\/plyro_black_512_transparent-1.png\",\"contentUrl\":\"https:\/\/plyro.eu\/ee\/wp-content\/uploads\/2026\/02\/plyro_black_512_transparent-1.png\",\"width\":512,\"height\":512,\"caption\":\"Plyro EE\"},\"image\":{\"@id\":\"https:\/\/plyro.eu\/ee\/#\/schema\/logo\/image\/\"},\"sameAs\":[\"https:\/\/www.facebook.com\/gamedogEE\/\"]}]}<\/script>\n<!-- \/ Yoast SEO plugin. -->","yoast_head_json":{"title":"Return policy - Plyro EE","robots":{"index":"index","follow":"follow","max-snippet":"max-snippet:-1","max-image-preview":"max-image-preview:large","max-video-preview":"max-video-preview:-1"},"canonical":"https:\/\/plyro.eu\/ee\/refund_returns\/","og_locale":"et_EE","og_type":"article","og_title":"Return policy - Plyro EE","og_description":"Tagastuspoliitika P\u00e4rast tellimuse k\u00e4ttesaamist on ostjal \u00f5igus lepingust taganeda 14 p\u00e4eva jooksul. Tarbija n\u00f5ustub tagastus\u00f5iguse kasutamisega j\u00e4rgmistel tingimustel: Kaup tuleb tagastada kasutamata ja originaalpakendis. Tagastus\u00f5iguse teostamiseks peab tarbija esitama GameDog O\u00dc-le kirjaliku avalduse aadressil info@plyro.eu, kuid mitte hiljem kui 14 p\u00e4eva jooksul alates kauba k\u00e4ttesaamise kuup\u00e4evast. Tarbija kohustub tasuma kauba tagastamise kulud, v\u00e4lja arvatud juhul, [&hellip;]","og_url":"https:\/\/plyro.eu\/ee\/refund_returns\/","og_site_name":"Plyro EE","article_publisher":"https:\/\/www.facebook.com\/gamedogEE\/","article_modified_time":"2025-12-29T11:42:41+00:00","twitter_card":"summary_large_image","twitter_misc":{"Est. reading time":"1 minut"},"schema":{"@context":"https:\/\/schema.org","@graph":[{"@type":"WebPage","@id":"https:\/\/plyro.eu\/ee\/refund_returns\/","url":"https:\/\/plyro.eu\/ee\/refund_returns\/","name":"Return policy - Plyro EE","isPartOf":{"@id":"https:\/\/plyro.eu\/ee\/#website"},"datePublished":"2025-02-16T12:48:55+00:00","dateModified":"2025-12-29T11:42:41+00:00","breadcrumb":{"@id":"https:\/\/plyro.eu\/ee\/refund_returns\/#breadcrumb"},"inLanguage":"et","potentialAction":[{"@type":"ReadAction","target":["https:\/\/plyro.eu\/ee\/refund_returns\/"]}]},{"@type":"BreadcrumbList","@id":"https:\/\/plyro.eu\/ee\/refund_returns\/#breadcrumb","itemListElement":[{"@type":"ListItem","position":1,"name":"Home","item":"https:\/\/plyro.eu\/ee\/"},{"@type":"ListItem","position":2,"name":"Return policy"}]},{"@type":"WebSite","@id":"https:\/\/plyro.eu\/ee\/#website","url":"https:\/\/plyro.eu\/ee\/","name":"Plyro EE","description":"","publisher":{"@id":"https:\/\/plyro.eu\/ee\/#organization"},"potentialAction":[{"@type":"SearchAction","target":{"@type":"EntryPoint","urlTemplate":"https:\/\/plyro.eu\/ee\/?s={search_term_string}"},"query-input":{"@type":"PropertyValueSpecification","valueRequired":true,"valueName":"search_term_string"}}],"inLanguage":"et"},{"@type":"Organization","@id":"https:\/\/plyro.eu\/ee\/#organization","name":"Plyro EE","url":"https:\/\/plyro.eu\/ee\/","logo":{"@type":"ImageObject","inLanguage":"et","@id":"https:\/\/plyro.eu\/ee\/#\/schema\/logo\/image\/","url":"https:\/\/plyro.eu\/ee\/wp-content\/uploads\/2026\/02\/plyro_black_512_transparent-1.png","contentUrl":"https:\/\/plyro.eu\/ee\/wp-content\/uploads\/2026\/02\/plyro_black_512_transparent-1.png","width":512,"height":512,"caption":"Plyro EE"},"image":{"@id":"https:\/\/plyro.eu\/ee\/#\/schema\/logo\/image\/"},"sameAs":["https:\/\/www.facebook.com\/gamedogEE\/"]}]}},"_links":{"self":[{"href":"https:\/\/plyro.eu\/ee\/wp-json\/wp\/v2\/pages\/189","targetHints":{"allow":["GET"]}}],"collection":[{"href":"https:\/\/plyro.eu\/ee\/wp-json\/wp\/v2\/pages"}],"about":[{"href":"https:\/\/plyro.eu\/ee\/wp-json\/wp\/v2\/types\/page"}],"author":[{"embeddable":true,"href":"https:\/\/plyro.eu\/ee\/wp-json\/wp\/v2\/users\/1"}],"replies":[{"embeddable":true,"href":"https:\/\/plyro.eu\/ee\/wp-json\/wp\/v2\/comments?post=189"}],"version-history":[{"count":0,"href":"https:\/\/plyro.eu\/ee\/wp-json\/wp\/v2\/pages\/189\/revisions"}],"wp:attachment":[{"href":"https:\/\/plyro.eu\/ee\/wp-json\/wp\/v2\/media?parent=189"}],"curies":[{"name":"wp","href":"https:\/\/api.w.org\/{rel}","templated":true}]}}